{"id":23534,"date":"2025-05-26T10:24:38","date_gmt":"2025-05-26T08:24:38","guid":{"rendered":"https:\/\/www.ferberpainting.com\/products\/hibiscus-fertilizer\/"},"modified":"2026-02-15T19:25:03","modified_gmt":"2026-02-15T18:25:03","slug":"hibiscus-fertilizer","status":"publish","type":"product","link":"https:\/\/www.ferberpainting.com\/pt\/products\/hibiscus-fertilizer\/","title":{"rendered":"Fertilizante para hibiscos"},"content":{"rendered":"<p><strong><img decoding=\"async\" style=\"margin-right: 12px;\" src=\"https:\/\/www.ferberpainting.com\/wp-content\/uploads\/2026\/02\/Check.svg\" alt=\"\" width=\"18\" height=\"15\" \/>Adubo especialmente concebido para uma flora\u00e7\u00e3o abundante e uma folhagem exuberante.<\/strong>\u00a0O hibisco \u00e9 uma planta tropical apreciada pelas suas grandes flores coloridas e folhagem exuberante. Para garantir uma flora\u00e7\u00e3o espetacular e um crescimento vigoroso, este adubo NPK 15-15-15 fornece um abastecimento perfeitamente equilibrado de azoto (N) para promover uma folhagem densa e exuberante, f\u00f3sforo (P) para estimular o enraizamento profundo e uma flora\u00e7\u00e3o abundante, e pot\u00e1ssio (K) para refor\u00e7ar a resist\u00eancia \u00e0s doen\u00e7as e \u00e0s condi\u00e7\u00f5es clim\u00e1ticas adversas. Ao fornecer todos os nutrientes essenciais, o nosso fertilizante assegura um hibisco saud\u00e1vel em plena flora\u00e7\u00e3o, produzindo flores deslumbrantes durante toda a esta\u00e7\u00e3o.<\/p>\n<p><strong><img decoding=\"async\" style=\"margin-right: 12px;\" src=\"https:\/\/www.ferberpainting.com\/wp-content\/uploads\/2026\/02\/Check.svg\" alt=\"\" width=\"18\" height=\"15\" \/>Garantia de devolu\u00e7\u00e3o do dinheiro.<\/strong>\u00a0Estamos confiantes na efic\u00e1cia do nosso fertilizante para hibiscos, e \u00e9 por isso que oferecemos uma garantia de devolu\u00e7\u00e3o do dinheiro. Se, ap\u00f3s a utiliza\u00e7\u00e3o de acordo com as recomenda\u00e7\u00f5es, o seu hibisco n\u00e3o apresentar uma melhoria significativa em termos de crescimento, flora\u00e7\u00e3o ou resist\u00eancia a doen\u00e7as, comprometemo-nos a reembols\u00e1-lo na totalidade. Esta garantia permite-lhe comprar este produto com toda a confian\u00e7a.<\/p>\n<p><strong><img decoding=\"async\" style=\"margin-right: 12px;\" src=\"https:\/\/www.ferberpainting.com\/wp-content\/uploads\/2026\/02\/Check.svg\" alt=\"\" width=\"18\" height=\"15\" \/>Adequado para todas as variedades e todas as condi\u00e7\u00f5es de crescimento.<\/strong>\u00a0Este fertilizante \u00e9 ideal para todas as variedades de hibisco, quer se trate de hibisco de interior, hibisco de jardim, hibisco syriacus (rosa de Sharon) ou hibisco rosa-sinensis. \u00c9 adequado para plantas cultivadas em terreno aberto, em vasos ou estufas, garantindo uma fertiliza\u00e7\u00e3o \u00f3ptima em todas as condi\u00e7\u00f5es de crescimento. Funciona igualmente em todos os tipos de substratos, incluindo solos argilosos, arenosos, ricos em h\u00famus ou espec\u00edficos para plantas ex\u00f3ticas.<\/p>\n<p><strong><img decoding=\"async\" style=\"margin-right: 12px;\" src=\"https:\/\/www.ferberpainting.com\/wp-content\/uploads\/2026\/02\/Check.svg\" alt=\"\" width=\"18\" height=\"15\" \/>Fertiliza\u00e7\u00e3o econ\u00f3mica e duradoura.<\/strong>\u00a0Gra\u00e7as \u00e0 sua f\u00f3rmula l\u00edquida altamente concentrada, um recipiente de 5 litros produz at\u00e9 1000 litros de solu\u00e7\u00e3o fertilizante, garantindo uma fertiliza\u00e7\u00e3o duradoura e econ\u00f3mica. Com uma dosagem precisa de 5 ml por litro de \u00e1gua, garante uma absor\u00e7\u00e3o \u00f3ptima dos nutrientes, reduzindo a perda de nutrientes devido \u00e0 lixivia\u00e7\u00e3o e fornecendo \u00e0 planta uma nutri\u00e7\u00e3o \u00f3ptima durante um per\u00edodo prolongado.<\/p>\n<p><strong><img decoding=\"async\" style=\"margin-right: 12px;\" src=\"https:\/\/www.ferberpainting.com\/wp-content\/uploads\/2026\/02\/Check.svg\" alt=\"\" width=\"18\" height=\"15\" \/>Um fertilizante seguro e amigo do ambiente.<\/strong>\u00a0O nosso adubo \u00e9 seguro para o solo, a fauna e os ecossistemas locais. N\u00e3o cont\u00e9m qu\u00edmicos nocivos suscept\u00edveis de alterar o equil\u00edbrio natural ou prejudicar os insectos polinizadores. Tamb\u00e9m \u00e9 seguro para animais de estima\u00e7\u00e3o e crian\u00e7as, garantindo uma fertiliza\u00e7\u00e3o segura tanto no interior como no exterior.<\/p>\n<p><strong><img decoding=\"async\" style=\"margin-right: 12px;\" src=\"https:\/\/www.ferberpainting.com\/wp-content\/uploads\/2026\/02\/Check.svg\" alt=\"\" width=\"18\" height=\"15\" \/>Aplica\u00e7\u00e3o f\u00e1cil e fertiliza\u00e7\u00e3o sem complica\u00e7\u00f5es.<\/strong>\u00a0Ao contr\u00e1rio dos fertilizantes tradicionais que requerem um espalhamento complexo, este fertilizante dissolve-se diretamente na \u00e1gua e pode ser aplicado por rega ou pulveriza\u00e7\u00e3o foliar, garantindo uma distribui\u00e7\u00e3o uniforme dos nutrientes. O seu m\u00e9todo de aplica\u00e7\u00e3o simples e r\u00e1pido \u00e9 adequado tanto para jardineiros amadores como para cultivadores experientes, proporcionando excelentes resultados sem esfor\u00e7o adicional.<\/p>\n<p><strong><img decoding=\"async\" style=\"margin-right: 12px;\" src=\"https:\/\/www.ferberpainting.com\/wp-content\/uploads\/2026\/02\/Check.svg\" alt=\"\" width=\"18\" height=\"15\" \/>A\u00e7\u00e3o de longa dura\u00e7\u00e3o para uma flora\u00e7\u00e3o cont\u00ednua e uma maior resist\u00eancia.<\/strong>\u00a0Gra\u00e7as ao seu efeito duradouro, este fertilizante nutre o hibisco durante v\u00e1rias semanas, garantindo uma flora\u00e7\u00e3o cont\u00ednua e cores vibrantes e intensas. Melhora igualmente a resist\u00eancia da planta \u00e0s pragas, \u00e0s doen\u00e7as e ao stress ambiental, como a clorose, a seca ou os ventos fortes.<\/p>\n<p><strong><img decoding=\"async\" style=\"margin-right: 12px;\" src=\"https:\/\/www.ferberpainting.com\/wp-content\/uploads\/2026\/02\/Check.svg\" alt=\"\" width=\"18\" height=\"15\" \/>Resultados vis\u00edveis nas primeiras semanas.<\/strong>\u00a0Desde a primeira aplica\u00e7\u00e3o, este fertilizante estimula o crescimento de novos rebentos, intensifica a cor das folhas e promove a forma\u00e7\u00e3o de bot\u00f5es de flores. Em apenas algumas semanas, o seu hibisco apresentar\u00e1 um crescimento mais r\u00e1pido, uma flora\u00e7\u00e3o mais abundante e flores mais coloridas, transformando o seu jardim interior ou exterior num verdadeiro para\u00edso tropical.<\/p>\n<h2><strong>Protocolo de utiliza\u00e7\u00e3o<\/strong><\/h2>\n<ul>\n<li><strong>Dilui\u00e7\u00e3o de fertilizantes <\/strong>: Misturar 5 ml de adubo por 1 litro de \u00e1gua. Agitar a solu\u00e7\u00e3o antes de cada aplica\u00e7\u00e3o para assegurar uma distribui\u00e7\u00e3o homog\u00e9nea dos nutrientes.<\/li>\n<li><strong>M\u00e9todo de aplica\u00e7\u00e3o <\/strong>:\n<ul>\n<li><strong>Por rega <\/strong>: Deite a solu\u00e7\u00e3o dilu\u00edda diretamente na base do hibisco, certificando-se de que humedece bem o solo sem regar demasiado para evitar a lixivia\u00e7\u00e3o dos nutrientes.<\/li>\n<li><strong>Por pulveriza\u00e7\u00e3o foliar (facultativo) <\/strong>: Pulverizar ligeiramente a solu\u00e7\u00e3o sobre as folhas e as flores, de manh\u00e3 cedo ou ao fim do dia, para evitar uma evapora\u00e7\u00e3o r\u00e1pida e favorecer uma absor\u00e7\u00e3o \u00f3ptima.<\/li>\n<\/ul>\n<\/li>\n<li><strong>Frequ\u00eancia de aplica\u00e7\u00e3o :<\/strong>\n<ul>\n<li><strong>Durante os per\u00edodos de crescimento e de flora\u00e7\u00e3o (primavera\/ver\u00e3o) <\/strong>: Aplicar o adubo de duas em duas semanas para garantir uma flora\u00e7\u00e3o abundante e uma folhagem exuberante.<\/li>\n<li><strong>Durante os per\u00edodos de dorm\u00eancia (outono-inverno) <\/strong>: Reduzir a frequ\u00eancia para uma vez por m\u00eas, para manter o vigor da planta sem favorecer um crescimento excessivo.<\/li>\n<\/ul>\n<\/li>\n<li><strong>Rega adicional <\/strong>: Ap\u00f3s a aplica\u00e7\u00e3o do adubo, aguardar 48 horas antes da pr\u00f3xima rega, para otimizar a absor\u00e7\u00e3o dos nutrientes pelas ra\u00edzes.<\/li>\n<li><strong>Precau\u00e7\u00f5es de utiliza\u00e7\u00e3o <\/strong>: N\u00e3o exceder as doses recomendadas para evitar a acumula\u00e7\u00e3o excessiva de sais minerais no substrato, o que poderia atrasar o crescimento do hibisco. Aplicar apenas em solo ligeiramente h\u00famido para garantir uma assimila\u00e7\u00e3o \u00f3ptima dos nutrientes.<\/li>\n<li><strong>Armazenamento e conserva\u00e7\u00e3o <\/strong>: Conservar o adubo num local fresco e temperado, ao abrigo da luz e da humidade. Sempre feche bem o recipiente ap\u00f3s cada uso para preservar a efic\u00e1cia do produto e evitar a evapora\u00e7\u00e3o.<\/li>\n<\/ul>\n<p>&nbsp;<\/p>\n<p>Com este fertilizante para hibiscos, d\u00ea \u00e0s suas plantas uma nutri\u00e7\u00e3o completa perfeitamente adaptada \u00e0s suas necessidades espec\u00edficas, garantindo um crescimento vigoroso, uma flora\u00e7\u00e3o espetacular e uma melhor resist\u00eancia \u00e0s condi\u00e7\u00f5es exteriores. Esta \u00e9 a solu\u00e7\u00e3o ideal para embelezar o seu jardim, p\u00e1tio ou espa\u00e7o interior com plantas de hibisco radiantes e saud\u00e1veis durante todo o ano.<\/p>\n<p>&nbsp;<\/p>\n<p>&nbsp;<\/p>","protected":false},"excerpt":{"rendered":"<p>A fertilizer specially designed for abundant flowering and lush foliage.\u00a0Hibiscus is a tropical plant prized for its large colorful flowers and lush foliage. To ensure spectacular flowering and vigorous growth, this\u00a0NPK 15-15-15 fertilizer provides a perfectly balanced supply of nitrogen (N) to promote dense and lush foliage, phosphorus (P) to stimulate deep rooting and abundant [&hellip;]<\/p>\n","protected":false},"featured_media":26029,"comment_status":"open","ping_status":"closed","template":"","meta":{"_uag_custom_page_level_css":"","site-sidebar-layout":"default","site-content-layout":"","ast-site-content-layout":"default","site-content-style":"default","site-sidebar-style":"default","ast-global-header-display":"","ast-banner-title-visibility":"","ast-main-header-display":"","ast-hfb-above-header-display":"","ast-hfb-below-header-display":"","ast-hfb-mobile-header-display":"","site-post-title":"","ast-breadcrumbs-content":"","ast-featured-img":"","footer-sml-layout":"","ast-disable-related-posts":"","theme-transparent-header-meta":"default","adv-header-id-meta":"","stick-header-meta":"","header-above-stick-meta":"","header-main-stick-meta":"","header-below-stick-meta":"","astra-migrate-meta-layouts":"set","ast-page-background-enabled":"default","ast-page-background-meta":{"desktop":{"background-color":"var(--ast-global-color-4)","background-image":"","background-repeat":"repeat","background-position":"center center","background-size":"auto","background-attachment":"scroll","background-type":"","background-media":"","overlay-type":"","overlay-color":"","overlay-opacity":"","overlay-gradient":""},"tablet":{"background-color":"","background-image":"","background-repeat":"repeat","background-position":"center center","background-size":"auto","background-attachment":"scroll","background-type":"","background-media":"","overlay-type":"","overlay-color":"","overlay-opacity":"","overlay-gradient":""},"mobile":{"background-color":"","background-image":"","background-repeat":"repeat","background-position":"center center","background-size":"auto","background-attachment":"scroll","background-type":"","background-media":"","overlay-type":"","overlay-color":"","overlay-opacity":"","overlay-gradient":""}},"ast-content-background-meta":{"desktop":{"background-color":"var(--ast-global-color-5)","background-image":"","background-repeat":"repeat","background-position":"center center","background-size":"auto","background-attachment":"scroll","background-type":"","background-media":"","overlay-type":"","overlay-color":"","overlay-opacity":"","overlay-gradient":""},"tablet":{"background-color":"var(--ast-global-color-5)","background-image":"","background-repeat":"repeat","background-position":"center center","background-size":"auto","background-attachment":"scroll","background-type":"","background-media":"","overlay-type":"","overlay-color":"","overlay-opacity":"","overlay-gradient":""},"mobile":{"background-color":"var(--ast-global-color-5)","background-image":"","background-repeat":"repeat","background-position":"center center","background-size":"auto","background-attachment":"scroll","background-type":"","background-media":"","overlay-type":"","overlay-color":"","overlay-opacity":"","overlay-gradient":""}}},"product_brand":[],"product_cat":[178],"product_tag":[],"class_list":{"0":"post-23534","1":"product","2":"type-product","3":"status-publish","4":"has-post-thumbnail","6":"product_cat-fertilizers","7":"desktop-align-left","8":"tablet-align-left","9":"mobile-align-left","11":"first","12":"instock","13":"sale","14":"taxable","15":"shipping-taxable","16":"purchasable","17":"product-type-variable","18":"has-default-attributes"},"spectra_custom_meta":{"_visibility":["visible"],"_shopify_product_id":["9067587895541"],"_s2w_shopify_domain":["ferberpainting.myshopify.com"],"_shopify_variant_id":["46507989336309"],"_sku":[""],"_manage_stock":["no"],"total_sales":["17"],"_tax_status":["taxable"],"_tax_class":[""],"_backorders":["no"],"_sold_individually":["no"],"_virtual":["no"],"_downloadable":["no"],"_download_limit":["-1"],"_download_expiry":["-1"],"_stock":[null],"_stock_status":["instock"],"_wc_average_rating":["4.71"],"_wc_review_count":["7"],"_product_attributes":["a:1:{s:6:\"volume\";a:6:{s:4:\"name\";s:6:\"Volume\";s:5:\"value\";s:20:\"5 liters | 25 liters\";s:8:\"position\";i:1;s:10:\"is_visible\";i:0;s:12:\"is_variation\";i:1;s:11:\"is_taxonomy\";i:0;}}"],"_product_version":["10.5.1"],"_thumbnail_id":["26029"],"_product_image_gallery":["26030"],"wpse_downloadable_file_names":[""],"wpse_downloadable_file_urls":[""],"_edit_last":["1"],"_default_attributes":["a:1:{s:6:\"volume\";s:8:\"5 liters\";}"],"_edit_lock":["1772290745:1"],"_price":["29.90","129.90"],"merchant-center-availability":["yes"],"merchant-center-category":["113"],"_wp_page_template":["default"],"site-sidebar-layout":["default"],"ast-site-content-layout":["default"],"site-content-style":["default"],"site-sidebar-style":["default"],"theme-transparent-header-meta":["default"],"_wc_rating_count":["a:2:{i:4;i:2;i:5;i:5;}"],"astra-migrate-meta-layouts":["set"],"_uag_css_file_name":["uag-css-23534.css"],"_elementor_page_assets":["a:0:{}"],"_uag_page_assets":["a:9:{s:3:\"css\";s:7133:\".uag-blocks-common-selector{z-index:var(--z-index-desktop) !important}@media(max-width: 976px){.uag-blocks-common-selector{z-index:var(--z-index-tablet) !important}}@media(max-width: 767px){.uag-blocks-common-selector{z-index:var(--z-index-mobile) !important}}.wp-block-uagb-image{display:flex}.wp-block-uagb-image__figure{position:relative;display:flex;flex-direction:column;max-width:100%;height:auto;margin:0}.wp-block-uagb-image__figure img{height:auto;display:flex;max-width:100%;transition:box-shadow .2s ease}.wp-block-uagb-image__figure>a{display:inline-block}.wp-block-uagb-image__figure figcaption{text-align:center;margin-top:.5em;margin-bottom:1em}.wp-block-uagb-image .components-placeholder.block-editor-media-placeholder .components-placeholder__instructions{align-self:center}.wp-block-uagb-image--align-left{text-align:left}.wp-block-uagb-image--align-right{text-align:right}.wp-block-uagb-image--align-center{text-align:center}.wp-block-uagb-image--align-full .wp-block-uagb-image__figure{margin-left:calc(50% - 50vw);margin-right:calc(50% - 50vw);max-width:100vw;width:100vw;height:auto}.wp-block-uagb-image--align-full .wp-block-uagb-image__figure img{height:auto;width:100% !important}.wp-block-uagb-image--align-wide .wp-block-uagb-image__figure img{height:auto;width:100%}.wp-block-uagb-image--layout-overlay__color-wrapper{position:absolute;left:0;top:0;right:0;bottom:0;opacity:.2;background:rgba(0,0,0,.5);transition:opacity .35s ease-in-out}.wp-block-uagb-image--layout-overlay-link{position:absolute;left:0;right:0;bottom:0;top:0}.wp-block-uagb-image--layout-overlay .wp-block-uagb-image__figure:hover .wp-block-uagb-image--layout-overlay__color-wrapper{opacity:1}.wp-block-uagb-image--layout-overlay__inner{position:absolute;left:15px;right:15px;bottom:15px;top:15px;display:flex;align-items:center;justify-content:center;flex-direction:column;border-color:#fff;transition:.35s ease-in-out}.wp-block-uagb-image--layout-overlay__inner.top-left,.wp-block-uagb-image--layout-overlay__inner.top-center,.wp-block-uagb-image--layout-overlay__inner.top-right{justify-content:flex-start}.wp-block-uagb-image--layout-overlay__inner.bottom-left,.wp-block-uagb-image--layout-overlay__inner.bottom-center,.wp-block-uagb-image--layout-overlay__inner.bottom-right{justify-content:flex-end}.wp-block-uagb-image--layout-overlay__inner.top-left,.wp-block-uagb-image--layout-overlay__inner.center-left,.wp-block-uagb-image--layout-overlay__inner.bottom-left{align-items:flex-start}.wp-block-uagb-image--layout-overlay__inner.top-right,.wp-block-uagb-image--layout-overlay__inner.center-right,.wp-block-uagb-image--layout-overlay__inner.bottom-right{align-items:flex-end}.wp-block-uagb-image--layout-overlay__inner .uagb-image-heading{color:#fff;transition:transform .35s,opacity .35s ease-in-out;transform:translate3d(0, 24px, 0);margin:0;line-height:1em}.wp-block-uagb-image--layout-overlay__inner .uagb-image-separator{width:30%;border-top-width:2px;border-top-color:#fff;border-top-style:solid;margin-bottom:10px;opacity:0;transition:transform .4s,opacity .4s ease-in-out;transform:translate3d(0, 30px, 0)}.wp-block-uagb-image--layout-overlay__inner .uagb-image-caption{opacity:0;overflow:visible;color:#fff;transition:transform .45s,opacity .45s ease-in-out;transform:translate3d(0, 35px, 0)}.wp-block-uagb-image--layout-overlay__inner:hover .uagb-image-heading,.wp-block-uagb-image--layout-overlay__inner:hover .uagb-image-separator,.wp-block-uagb-image--layout-overlay__inner:hover .uagb-image-caption{opacity:1;transform:translate3d(0, 0, 0)}.wp-block-uagb-image--effect-zoomin .wp-block-uagb-image__figure img,.wp-block-uagb-image--effect-zoomin .wp-block-uagb-image__figure .wp-block-uagb-image--layout-overlay__color-wrapper{transform:scale(1);transition:transform .35s ease-in-out}.wp-block-uagb-image--effect-zoomin .wp-block-uagb-image__figure:hover img,.wp-block-uagb-image--effect-zoomin .wp-block-uagb-image__figure:hover .wp-block-uagb-image--layout-overlay__color-wrapper{transform:scale(1.05)}.wp-block-uagb-image--effect-slide .wp-block-uagb-image__figure img,.wp-block-uagb-image--effect-slide .wp-block-uagb-image__figure .wp-block-uagb-image--layout-overlay__color-wrapper{width:calc(100% + 40px) !important;max-width:none !important;transform:translate3d(-40px, 0, 0);transition:transform .35s ease-in-out}.wp-block-uagb-image--effect-slide .wp-block-uagb-image__figure:hover img,.wp-block-uagb-image--effect-slide .wp-block-uagb-image__figure:hover .wp-block-uagb-image--layout-overlay__color-wrapper{transform:translate3d(0, 0, 0)}.wp-block-uagb-image--effect-grayscale img{filter:grayscale(0%);transition:.35s ease-in-out}.wp-block-uagb-image--effect-grayscale:hover img{filter:grayscale(100%)}.wp-block-uagb-image--effect-blur img{filter:blur(0);transition:.35s ease-in-out}.wp-block-uagb-image--effect-blur:hover img{filter:blur(3px)}.uagb-block-e6f939b3.wp-block-uagb-image--layout-default figure img{box-shadow: 0px 0px 0 #00000070;}.uagb-block-e6f939b3.wp-block-uagb-image .wp-block-uagb-image__figure figcaption{font-style: normal;align-self: center;}.uagb-block-e6f939b3.wp-block-uagb-image--layout-overlay figure img{box-shadow: 0px 0px 0 #00000070;}.uagb-block-e6f939b3.wp-block-uagb-image--layout-overlay .wp-block-uagb-image--layout-overlay__color-wrapper{opacity: 0.2;}.uagb-block-e6f939b3.wp-block-uagb-image--layout-overlay .wp-block-uagb-image--layout-overlay__inner{left: 15px;right: 15px;top: 15px;bottom: 15px;}.uagb-block-e6f939b3.wp-block-uagb-image--layout-overlay .wp-block-uagb-image--layout-overlay__inner .uagb-image-heading{font-style: normal;color: #fff;opacity: 1;}.uagb-block-e6f939b3.wp-block-uagb-image--layout-overlay .wp-block-uagb-image--layout-overlay__inner .uagb-image-heading a{color: #fff;}.uagb-block-e6f939b3.wp-block-uagb-image--layout-overlay .wp-block-uagb-image--layout-overlay__inner .uagb-image-caption{opacity: 0;}.uagb-block-e6f939b3.wp-block-uagb-image--layout-overlay .wp-block-uagb-image__figure:hover .wp-block-uagb-image--layout-overlay__color-wrapper{opacity: 1;}.uagb-block-e6f939b3.wp-block-uagb-image .wp-block-uagb-image--layout-overlay__inner .uagb-image-separator{width: 30%;border-top-width: 2px;border-top-color: #fff;opacity: 0;}.uagb-block-e6f939b3.wp-block-uagb-image .wp-block-uagb-image__figure img{width: px;height: auto;}.uagb-block-e6f939b3.wp-block-uagb-image .wp-block-uagb-image__figure:hover .wp-block-uagb-image--layout-overlay__inner .uagb-image-caption{opacity: 1;}.uagb-block-e6f939b3.wp-block-uagb-image .wp-block-uagb-image__figure:hover .wp-block-uagb-image--layout-overlay__inner .uagb-image-separator{opacity: 1;}.uagb-block-e6f939b3.wp-block-uagb-image--layout-default figure:hover img{box-shadow: 0px 0px 0 #00000070;}.uagb-block-e6f939b3.wp-block-uagb-image--layout-overlay figure:hover img{box-shadow: 0px 0px 0 #00000070;}@media only screen and (max-width: 976px) {.uagb-block-e6f939b3.wp-block-uagb-image .wp-block-uagb-image__figure img{width: px;height: auto;}}@media only screen and (max-width: 767px) {.uagb-block-e6f939b3.wp-block-uagb-image .wp-block-uagb-image__figure img{width: px;height: auto;}}\";s:2:\"js\";s:0:\"\";s:18:\"current_block_list\";a:13:{i:0;s:11:\"core\/search\";i:1;s:10:\"core\/group\";i:2;s:12:\"core\/heading\";i:3;s:17:\"core\/latest-posts\";i:4;s:20:\"core\/latest-comments\";i:5;s:13:\"core\/archives\";i:6;s:15:\"core\/categories\";i:7;s:14:\"core\/paragraph\";i:8;s:10:\"uagb\/image\";i:9;s:11:\"core\/spacer\";i:10;s:30:\"woocommerce\/product-categories\";i:11;s:10:\"core\/image\";i:12;s:14:\"core\/shortcode\";}s:8:\"uag_flag\";b:1;s:11:\"uag_version\";s:10:\"1777310021\";s:6:\"gfonts\";a:0:{}s:10:\"gfonts_url\";s:0:\"\";s:12:\"gfonts_files\";a:0:{}s:14:\"uag_faq_layout\";b:0;}"]},"uagb_featured_image_src":{"full":["https:\/\/www.ferberpainting.com\/wp-content\/uploads\/2025\/05\/HibiscusFertilizer5L.png",2560,2560,false],"thumbnail":["https:\/\/www.ferberpainting.com\/wp-content\/uploads\/2025\/05\/HibiscusFertilizer5L-150x150.png",150,150,true],"medium":["https:\/\/www.ferberpainting.com\/wp-content\/uploads\/2025\/05\/HibiscusFertilizer5L-300x300.png",300,300,true],"medium_large":["https:\/\/www.ferberpainting.com\/wp-content\/uploads\/2025\/05\/HibiscusFertilizer5L-768x768.png",768,768,true],"large":["https:\/\/www.ferberpainting.com\/wp-content\/uploads\/2025\/05\/HibiscusFertilizer5L-1024x1024.png",1024,1024,true],"1536x1536":["https:\/\/www.ferberpainting.com\/wp-content\/uploads\/2025\/05\/HibiscusFertilizer5L-1536x1536.png",1536,1536,true],"2048x2048":["https:\/\/www.ferberpainting.com\/wp-content\/uploads\/2025\/05\/HibiscusFertilizer5L-2048x2048.png",2048,2048,true],"trp-custom-language-flag":["https:\/\/www.ferberpainting.com\/wp-content\/uploads\/2025\/05\/HibiscusFertilizer5L-12x12.png",12,12,true],"woocommerce_thumbnail":["https:\/\/www.ferberpainting.com\/wp-content\/uploads\/2025\/05\/HibiscusFertilizer5L-300x300.png",300,300,true],"woocommerce_single":["https:\/\/www.ferberpainting.com\/wp-content\/uploads\/2025\/05\/HibiscusFertilizer5L-600x600.png",600,600,true],"woocommerce_gallery_thumbnail":["https:\/\/www.ferberpainting.com\/wp-content\/uploads\/2025\/05\/HibiscusFertilizer5L-100x100.png",100,100,true]},"uagb_author_info":{"display_name":"admin","author_link":"https:\/\/www.ferberpainting.com\/pt\/author\/"},"uagb_comment_info":7,"uagb_excerpt":"A fertilizer specially designed for abundant flowering and lush foliage.\u00a0Hibiscus is a tropical plant prized for its large colorful flowers and lush foliage. To ensure spectacular flowering and vigorous growth, this\u00a0NPK 15-15-15 fertilizer provides a perfectly balanced supply of nitrogen (N) to promote dense and lush foliage, phosphorus (P) to stimulate deep rooting and abundant&hellip;","_links":{"self":[{"href":"https:\/\/www.ferberpainting.com\/pt\/wp-json\/wp\/v2\/product\/23534","targetHints":{"allow":["GET"]}}],"collection":[{"href":"https:\/\/www.ferberpainting.com\/pt\/wp-json\/wp\/v2\/product"}],"about":[{"href":"https:\/\/www.ferberpainting.com\/pt\/wp-json\/wp\/v2\/types\/product"}],"replies":[{"embeddable":true,"href":"https:\/\/www.ferberpainting.com\/pt\/wp-json\/wp\/v2\/comments?post=23534"}],"version-history":[{"count":4,"href":"https:\/\/www.ferberpainting.com\/pt\/wp-json\/wp\/v2\/product\/23534\/revisions"}],"predecessor-version":[{"id":166358,"href":"https:\/\/www.ferberpainting.com\/pt\/wp-json\/wp\/v2\/product\/23534\/revisions\/166358"}],"wp:featuredmedia":[{"embeddable":true,"href":"https:\/\/www.ferberpainting.com\/pt\/wp-json\/wp\/v2\/media\/26029"}],"wp:attachment":[{"href":"https:\/\/www.ferberpainting.com\/pt\/wp-json\/wp\/v2\/media?parent=23534"}],"wp:term":[{"taxonomy":"product_brand","embeddable":true,"href":"https:\/\/www.ferberpainting.com\/pt\/wp-json\/wp\/v2\/product_brand?post=23534"},{"taxonomy":"product_cat","embeddable":true,"href":"https:\/\/www.ferberpainting.com\/pt\/wp-json\/wp\/v2\/product_cat?post=23534"},{"taxonomy":"product_tag","embeddable":true,"href":"https:\/\/www.ferberpainting.com\/pt\/wp-json\/wp\/v2\/product_tag?post=23534"}],"curies":[{"name":"wp","href":"https:\/\/api.w.org\/{rel}","templated":true}]}}