{"id":23194,"date":"2025-05-26T10:23:15","date_gmt":"2025-05-26T08:23:15","guid":{"rendered":"https:\/\/www.ferberpainting.com\/products\/dappled-willow-fertilizer\/"},"modified":"2026-02-15T13:47:24","modified_gmt":"2026-02-15T12:47:24","slug":"dappled-willow-fertilizer","status":"publish","type":"product","link":"https:\/\/www.ferberpainting.com\/pt\/products\/dappled-willow-fertilizer\/","title":{"rendered":"Fertilizante para salgueiro-japon\u00eas 25 kg"},"content":{"rendered":"<p><img decoding=\"async\" style=\"margin-right: 12px;\" src=\"https:\/\/www.ferberpainting.com\/wp-content\/uploads\/2026\/02\/Check.svg\" alt=\"\" width=\"18\" height=\"15\" \/><strong>Um fertilizante completo para uma folhagem vibrante e um crescimento \u00f3timo.<\/strong>\u00a0Este fertilizante, especialmente concebido para o salgueiro flamingo (Salix integra \u2018Hakuro Nishiki\u2019), fornece \u00e0 sua \u00e1rvore todos os nutrientes essenciais para promover uma folhagem densa e colorida, um crescimento saud\u00e1vel e uma melhor resist\u00eancia ao stress externo. Gra\u00e7as ao seu teor equilibrado de azoto, f\u00f3sforo e pot\u00e1ssio (NPK 10-10-10), estimula o desenvolvimento dos rebentos jovens, refor\u00e7a a estrutura das ra\u00edzes e aumenta a vitalidade geral da planta.<\/p>\n<p><img decoding=\"async\" style=\"margin-right: 12px;\" src=\"https:\/\/www.ferberpainting.com\/wp-content\/uploads\/2026\/02\/Check.svg\" alt=\"\" width=\"18\" height=\"15\" \/><strong>Garantia de devolu\u00e7\u00e3o do dinheiro.<\/strong>\u00a0Estamos confiantes na efic\u00e1cia do nosso fertilizante, e \u00e9 por isso que oferecemos uma garantia de devolu\u00e7\u00e3o do dinheiro. Se, ap\u00f3s a utiliza\u00e7\u00e3o de acordo com as instru\u00e7\u00f5es, n\u00e3o notar qualquer melhoria no crescimento ou vigor do seu salgueiro flamingo, prometemos reembols\u00e1-lo na totalidade.<\/p>\n<p><img decoding=\"async\" style=\"margin-right: 12px;\" src=\"https:\/\/www.ferberpainting.com\/wp-content\/uploads\/2026\/02\/Check.svg\" alt=\"\" width=\"18\" height=\"15\" \/><strong>Adequado para todos os tipos de solo e condi\u00e7\u00f5es de cultivo.<\/strong>\u00a0Quer o salgueiro flamingo seja plantado no solo, em vasos ou em jardineiras, este adubo adapta-se perfeitamente ao seu ambiente de crescimento. Funciona em todos os tipos de solo, incluindo solos argilosos, argilosos e arenosos, e melhora a absor\u00e7\u00e3o de nutrientes para garantir um crescimento equilibrado e uniforme.<\/p>\n<p><img decoding=\"async\" style=\"margin-right: 12px;\" src=\"https:\/\/www.ferberpainting.com\/wp-content\/uploads\/2026\/02\/Check.svg\" alt=\"\" width=\"18\" height=\"15\" \/><strong>Excelente rela\u00e7\u00e3o custo-efic\u00e1cia.<\/strong>\u00a0Gra\u00e7as \u00e0 sua formula\u00e7\u00e3o ultra-concentrada em forma s\u00f3lida, este fertilizante garante uma liberta\u00e7\u00e3o lenta de nutrientes, proporcionando uma alimenta\u00e7\u00e3o duradoura sem lixivia\u00e7\u00e3o. Com apenas um saco de 25 kg, pode alimentar at\u00e9 125 \u00e1rvores, o que o torna uma solu\u00e7\u00e3o econ\u00f3mica e sustent\u00e1vel para manter o seu jardim durante todo o ano.<\/p>\n<p><img decoding=\"async\" style=\"margin-right: 12px;\" src=\"https:\/\/www.ferberpainting.com\/wp-content\/uploads\/2026\/02\/Check.svg\" alt=\"\" width=\"18\" height=\"15\" \/><strong>Um fertilizante seguro para o seu jardim e para o ambiente.<\/strong>\u00a0Formulado sem componentes qu\u00edmicos agressivos, este fertilizante respeita o equil\u00edbrio natural do solo e a biodiversidade local. N\u00e3o queima as ra\u00edzes, n\u00e3o polui as \u00e1guas subterr\u00e2neas e ajuda a manter um solo f\u00e9rtil e vivo. Ideal para uma jardinagem ecol\u00f3gica, \u00e9 adequado tanto para jardineiros amadores como profissionais.<\/p>\n<p><img decoding=\"async\" style=\"margin-right: 12px;\" src=\"https:\/\/www.ferberpainting.com\/wp-content\/uploads\/2026\/02\/Check.svg\" alt=\"\" width=\"18\" height=\"15\" \/><strong>Simples e r\u00e1pido de utilizar.<\/strong>\u00a0Ao contr\u00e1rio dos fertilizantes l\u00edquidos que requerem uma prepara\u00e7\u00e3o e dosagem precisas, este fertilizante s\u00f3lido \u00e9 aplicado diretamente na base do salgueiro flamingo, sem necessidade de dilui\u00e7\u00e3o ou de equipamento especial. Basta polvilhar a dose recomendada \u00e0 volta da planta e trabalhar ligeiramente no solo para que possa come\u00e7ar a libertar lentamente os seus nutrientes.<\/p>\n<p><img decoding=\"async\" style=\"margin-right: 12px;\" src=\"https:\/\/www.ferberpainting.com\/wp-content\/uploads\/2026\/02\/Check.svg\" alt=\"\" width=\"18\" height=\"15\" \/><strong>A\u00e7\u00e3o alargada para um crescimento cont\u00ednuo.<\/strong>\u00a0Gra\u00e7as \u00e0 sua composi\u00e7\u00e3o de liberta\u00e7\u00e3o lenta, este fertilizante fornece uma nutri\u00e7\u00e3o homog\u00e9nea ao salgueiro flamingo durante v\u00e1rias semanas. Ajuda a prevenir as car\u00eancias, a reduzir as necessidades de rega e a assegurar um crescimento harmonioso durante todo o ano.<\/p>\n<p><img decoding=\"async\" style=\"margin-right: 12px;\" src=\"https:\/\/www.ferberpainting.com\/wp-content\/uploads\/2026\/02\/Check.svg\" alt=\"\" width=\"18\" height=\"15\" \/><strong>Resultados vis\u00edveis em apenas algumas semanas.<\/strong>\u00a0Desde as primeiras aplica\u00e7\u00f5es, notar\u00e1 um aprofundamento dos tons rosa e branco da folhagem, uma melhor distribui\u00e7\u00e3o dos novos rebentos e um maior desenvolvimento dos ramos laterais. O seu salgueiro flamingo vai parecer mais vigoroso, mais cheio e mais vibrante.<\/p>\n<h2><strong>Protocolo de utiliza\u00e7\u00e3o<\/strong><\/h2>\n<p><strong>Dose recomendada <\/strong>:<\/p>\n<ul>\n<li>Para salgueiros flamingo jovens (menos de 2 anos): 100 g de adubo espalhados \u00e0 volta do tronco, a reaplicar de dois em dois meses durante a esta\u00e7\u00e3o de crescimento.<\/li>\n<li>Para salgueiros flamingo adultos: 200 g de fertilizante \u00e0 volta da base, tr\u00eas vezes por ano (primavera, ver\u00e3o e outono).<\/li>\n<\/ul>\n<p><strong>M\u00e9todo de aplica\u00e7\u00e3o <\/strong>:<\/p>\n<ul>\n<li>Espalhe o fertilizante uniformemente na base do salgueiro flamingo, evitando o contacto direto com o tronco.<\/li>\n<li>Trabalhar ligeiramente o solo para incorporar o adubo e favorecer a sua absor\u00e7\u00e3o.<\/li>\n<li>Regar abundantemente ap\u00f3s a aplica\u00e7\u00e3o para ativar a difus\u00e3o dos nutrientes.<\/li>\n<\/ul>\n<p><strong>Precau\u00e7\u00f5es de utiliza\u00e7\u00e3o <\/strong>:<\/p>\n<ul>\n<li>N\u00e3o tomar doses excessivas para evitar um crescimento demasiado r\u00e1pido.<\/li>\n<li>Armazenar o adubo num local fresco e seco, ao abrigo da humidade.<\/li>\n<li>N\u00e3o utilizar em plantas sob stress h\u00eddrico ou durante a dorm\u00eancia invernal.<\/li>\n<\/ul>\n<p>Gra\u00e7as a este adubo para salgueiro flamingo, garante \u00e0 sua \u00e1rvore um crescimento r\u00e1pido, uma folhagem exuberante e uma flora\u00e7\u00e3o saud\u00e1vel durante todo o ano. A sua f\u00f3rmula equilibrada, a sua efic\u00e1cia comprovada e a sua facilidade de aplica\u00e7\u00e3o fazem dele um aliado indispens\u00e1vel para todos os jardineiros que se preocupam com a beleza e o bem-estar das suas plantas.<\/p>","protected":false},"excerpt":{"rendered":"<p>A complete fertilizer for vibrant foliage and optimal growth.\u00a0This fertilizer, specially designed for flamingo willow (Salix integra \u2018Hakuro Nishiki\u2019), provides your tree with all the essential nutrients to promote dense, colorful foliage, healthy growth, and better resistance to external stress. Thanks to its balanced content of nitrogen, phosphorus and potassium (NPK 10-10-10), it stimulates young [&hellip;]<\/p>\n","protected":false},"featured_media":25752,"comment_status":"open","ping_status":"closed","template":"","meta":{"_uag_custom_page_level_css":"","site-sidebar-layout":"default","site-content-layout":"","ast-site-content-layout":"default","site-content-style":"default","site-sidebar-style":"default","ast-global-header-display":"","ast-banner-title-visibility":"","ast-main-header-display":"","ast-hfb-above-header-display":"","ast-hfb-below-header-display":"","ast-hfb-mobile-header-display":"","site-post-title":"","ast-breadcrumbs-content":"","ast-featured-img":"","footer-sml-layout":"","ast-disable-related-posts":"","theme-transparent-header-meta":"default","adv-header-id-meta":"","stick-header-meta":"","header-above-stick-meta":"","header-main-stick-meta":"","header-below-stick-meta":"","astra-migrate-meta-layouts":"set","ast-page-background-enabled":"default","ast-page-background-meta":{"desktop":{"background-color":"var(--ast-global-color-4)","background-image":"","background-repeat":"repeat","background-position":"center center","background-size":"auto","background-attachment":"scroll","background-type":"","background-media":"","overlay-type":"","overlay-color":"","overlay-opacity":"","overlay-gradient":""},"tablet":{"background-color":"","background-image":"","background-repeat":"repeat","background-position":"center center","background-size":"auto","background-attachment":"scroll","background-type":"","background-media":"","overlay-type":"","overlay-color":"","overlay-opacity":"","overlay-gradient":""},"mobile":{"background-color":"","background-image":"","background-repeat":"repeat","background-position":"center center","background-size":"auto","background-attachment":"scroll","background-type":"","background-media":"","overlay-type":"","overlay-color":"","overlay-opacity":"","overlay-gradient":""}},"ast-content-background-meta":{"desktop":{"background-color":"var(--ast-global-color-5)","background-image":"","background-repeat":"repeat","background-position":"center center","background-size":"auto","background-attachment":"scroll","background-type":"","background-media":"","overlay-type":"","overlay-color":"","overlay-opacity":"","overlay-gradient":""},"tablet":{"background-color":"var(--ast-global-color-5)","background-image":"","background-repeat":"repeat","background-position":"center center","background-size":"auto","background-attachment":"scroll","background-type":"","background-media":"","overlay-type":"","overlay-color":"","overlay-opacity":"","overlay-gradient":""},"mobile":{"background-color":"var(--ast-global-color-5)","background-image":"","background-repeat":"repeat","background-position":"center center","background-size":"auto","background-attachment":"scroll","background-type":"","background-media":"","overlay-type":"","overlay-color":"","overlay-opacity":"","overlay-gradient":""}}},"product_brand":[],"product_cat":[178],"product_tag":[],"class_list":{"0":"post-23194","1":"product","2":"type-product","3":"status-publish","4":"has-post-thumbnail","6":"product_cat-fertilizers","7":"desktop-align-left","8":"tablet-align-left","9":"mobile-align-left","11":"first","12":"instock","13":"taxable","14":"shipping-taxable","15":"purchasable","16":"product-type-simple"},"spectra_custom_meta":{"_visibility":["visible"],"_shopify_product_id":["9072671654133"],"_s2w_shopify_domain":["ferberpainting.myshopify.com"],"_shopify_variant_id":["46522178830581"],"_sku":["FPDAPPLEDWILLOWFERTILIZER25KG"],"_regular_price":["39.90"],"_price":["39.90"],"_sale_price":[""],"_weight":["18.7"],"_thumbnail_id":["25752"],"_global_unique_id":["5056773817883"],"total_sales":["0"],"_tax_status":["taxable"],"_tax_class":[""],"_manage_stock":["no"],"_backorders":["no"],"_sold_individually":["no"],"_virtual":["no"],"_downloadable":["no"],"_download_limit":["-1"],"_download_expiry":["-1"],"_stock":[null],"_stock_status":["instock"],"_wc_average_rating":["5.00"],"_wc_review_count":["17"],"_product_version":["10.5.1"],"_wc_rating_count":["a:1:{i:5;i:17;}"],"_edit_lock":["1771159504:1"],"merchant-center-availability":["yes"],"merchant-center-category":["113"],"_edit_last":["1"],"_wp_page_template":["default"],"site-sidebar-layout":["default"],"ast-site-content-layout":["default"],"site-content-style":["default"],"site-sidebar-style":["default"],"theme-transparent-header-meta":["default"],"astra-migrate-meta-layouts":["set"],"_uag_css_file_name":["uag-css-23194.css"],"_elementor_page_assets":["a:0:{}"],"_uag_page_assets":["a:9:{s:3:\"css\";s:6873:\".wp-block-uagb-image{display:flex}.wp-block-uagb-image__figure{position:relative;display:flex;flex-direction:column;max-width:100%;height:auto;margin:0}.wp-block-uagb-image__figure img{height:auto;display:flex;max-width:100%;transition:box-shadow .2s ease}.wp-block-uagb-image__figure>a{display:inline-block}.wp-block-uagb-image__figure figcaption{text-align:center;margin-top:.5em;margin-bottom:1em}.wp-block-uagb-image .components-placeholder.block-editor-media-placeholder .components-placeholder__instructions{align-self:center}.wp-block-uagb-image--align-left{text-align:left}.wp-block-uagb-image--align-right{text-align:right}.wp-block-uagb-image--align-center{text-align:center}.wp-block-uagb-image--align-full .wp-block-uagb-image__figure{margin-left:calc(50% - 50vw);margin-right:calc(50% - 50vw);max-width:100vw;width:100vw;height:auto}.wp-block-uagb-image--align-full .wp-block-uagb-image__figure img{height:auto;width:100% !important}.wp-block-uagb-image--align-wide .wp-block-uagb-image__figure img{height:auto;width:100%}.wp-block-uagb-image--layout-overlay__color-wrapper{position:absolute;left:0;top:0;right:0;bottom:0;opacity:.2;background:rgba(0,0,0,.5);transition:opacity .35s ease-in-out}.wp-block-uagb-image--layout-overlay-link{position:absolute;left:0;right:0;bottom:0;top:0}.wp-block-uagb-image--layout-overlay .wp-block-uagb-image__figure:hover .wp-block-uagb-image--layout-overlay__color-wrapper{opacity:1}.wp-block-uagb-image--layout-overlay__inner{position:absolute;left:15px;right:15px;bottom:15px;top:15px;display:flex;align-items:center;justify-content:center;flex-direction:column;border-color:#fff;transition:.35s ease-in-out}.wp-block-uagb-image--layout-overlay__inner.top-left,.wp-block-uagb-image--layout-overlay__inner.top-center,.wp-block-uagb-image--layout-overlay__inner.top-right{justify-content:flex-start}.wp-block-uagb-image--layout-overlay__inner.bottom-left,.wp-block-uagb-image--layout-overlay__inner.bottom-center,.wp-block-uagb-image--layout-overlay__inner.bottom-right{justify-content:flex-end}.wp-block-uagb-image--layout-overlay__inner.top-left,.wp-block-uagb-image--layout-overlay__inner.center-left,.wp-block-uagb-image--layout-overlay__inner.bottom-left{align-items:flex-start}.wp-block-uagb-image--layout-overlay__inner.top-right,.wp-block-uagb-image--layout-overlay__inner.center-right,.wp-block-uagb-image--layout-overlay__inner.bottom-right{align-items:flex-end}.wp-block-uagb-image--layout-overlay__inner .uagb-image-heading{color:#fff;transition:transform .35s,opacity .35s ease-in-out;transform:translate3d(0, 24px, 0);margin:0;line-height:1em}.wp-block-uagb-image--layout-overlay__inner .uagb-image-separator{width:30%;border-top-width:2px;border-top-color:#fff;border-top-style:solid;margin-bottom:10px;opacity:0;transition:transform .4s,opacity .4s ease-in-out;transform:translate3d(0, 30px, 0)}.wp-block-uagb-image--layout-overlay__inner .uagb-image-caption{opacity:0;overflow:visible;color:#fff;transition:transform .45s,opacity .45s ease-in-out;transform:translate3d(0, 35px, 0)}.wp-block-uagb-image--layout-overlay__inner:hover .uagb-image-heading,.wp-block-uagb-image--layout-overlay__inner:hover .uagb-image-separator,.wp-block-uagb-image--layout-overlay__inner:hover .uagb-image-caption{opacity:1;transform:translate3d(0, 0, 0)}.wp-block-uagb-image--effect-zoomin .wp-block-uagb-image__figure img,.wp-block-uagb-image--effect-zoomin .wp-block-uagb-image__figure .wp-block-uagb-image--layout-overlay__color-wrapper{transform:scale(1);transition:transform .35s ease-in-out}.wp-block-uagb-image--effect-zoomin .wp-block-uagb-image__figure:hover img,.wp-block-uagb-image--effect-zoomin .wp-block-uagb-image__figure:hover .wp-block-uagb-image--layout-overlay__color-wrapper{transform:scale(1.05)}.wp-block-uagb-image--effect-slide .wp-block-uagb-image__figure img,.wp-block-uagb-image--effect-slide .wp-block-uagb-image__figure .wp-block-uagb-image--layout-overlay__color-wrapper{width:calc(100% + 40px) !important;max-width:none !important;transform:translate3d(-40px, 0, 0);transition:transform .35s ease-in-out}.wp-block-uagb-image--effect-slide .wp-block-uagb-image__figure:hover img,.wp-block-uagb-image--effect-slide .wp-block-uagb-image__figure:hover .wp-block-uagb-image--layout-overlay__color-wrapper{transform:translate3d(0, 0, 0)}.wp-block-uagb-image--effect-grayscale img{filter:grayscale(0%);transition:.35s ease-in-out}.wp-block-uagb-image--effect-grayscale:hover img{filter:grayscale(100%)}.wp-block-uagb-image--effect-blur img{filter:blur(0);transition:.35s ease-in-out}.wp-block-uagb-image--effect-blur:hover img{filter:blur(3px)}.uagb-block-e6f939b3.wp-block-uagb-image--layout-default figure img{box-shadow: 0px 0px 0 #00000070;}.uagb-block-e6f939b3.wp-block-uagb-image .wp-block-uagb-image__figure figcaption{font-style: normal;align-self: center;}.uagb-block-e6f939b3.wp-block-uagb-image--layout-overlay figure img{box-shadow: 0px 0px 0 #00000070;}.uagb-block-e6f939b3.wp-block-uagb-image--layout-overlay .wp-block-uagb-image--layout-overlay__color-wrapper{opacity: 0.2;}.uagb-block-e6f939b3.wp-block-uagb-image--layout-overlay .wp-block-uagb-image--layout-overlay__inner{left: 15px;right: 15px;top: 15px;bottom: 15px;}.uagb-block-e6f939b3.wp-block-uagb-image--layout-overlay .wp-block-uagb-image--layout-overlay__inner .uagb-image-heading{font-style: normal;color: #fff;opacity: 1;}.uagb-block-e6f939b3.wp-block-uagb-image--layout-overlay .wp-block-uagb-image--layout-overlay__inner .uagb-image-heading a{color: #fff;}.uagb-block-e6f939b3.wp-block-uagb-image--layout-overlay .wp-block-uagb-image--layout-overlay__inner .uagb-image-caption{opacity: 0;}.uagb-block-e6f939b3.wp-block-uagb-image--layout-overlay .wp-block-uagb-image__figure:hover .wp-block-uagb-image--layout-overlay__color-wrapper{opacity: 1;}.uagb-block-e6f939b3.wp-block-uagb-image .wp-block-uagb-image--layout-overlay__inner .uagb-image-separator{width: 30%;border-top-width: 2px;border-top-color: #fff;opacity: 0;}.uagb-block-e6f939b3.wp-block-uagb-image .wp-block-uagb-image__figure img{width: px;height: auto;}.uagb-block-e6f939b3.wp-block-uagb-image .wp-block-uagb-image__figure:hover .wp-block-uagb-image--layout-overlay__inner .uagb-image-caption{opacity: 1;}.uagb-block-e6f939b3.wp-block-uagb-image .wp-block-uagb-image__figure:hover .wp-block-uagb-image--layout-overlay__inner .uagb-image-separator{opacity: 1;}.uagb-block-e6f939b3.wp-block-uagb-image--layout-default figure:hover img{box-shadow: 0px 0px 0 #00000070;}.uagb-block-e6f939b3.wp-block-uagb-image--layout-overlay figure:hover img{box-shadow: 0px 0px 0 #00000070;}@media only screen and (max-width: 976px) {.uagb-block-e6f939b3.wp-block-uagb-image .wp-block-uagb-image__figure img{width: px;height: auto;}}@media only screen and (max-width: 767px) {.uagb-block-e6f939b3.wp-block-uagb-image .wp-block-uagb-image__figure img{width: px;height: auto;}}\";s:2:\"js\";s:0:\"\";s:18:\"current_block_list\";a:13:{i:0;s:11:\"core\/search\";i:1;s:10:\"core\/group\";i:2;s:12:\"core\/heading\";i:3;s:17:\"core\/latest-posts\";i:4;s:20:\"core\/latest-comments\";i:5;s:13:\"core\/archives\";i:6;s:15:\"core\/categories\";i:7;s:14:\"core\/paragraph\";i:8;s:10:\"uagb\/image\";i:9;s:11:\"core\/spacer\";i:10;s:30:\"woocommerce\/product-categories\";i:11;s:10:\"core\/image\";i:12;s:14:\"core\/shortcode\";}s:8:\"uag_flag\";b:1;s:11:\"uag_version\";s:10:\"1777204151\";s:6:\"gfonts\";a:0:{}s:10:\"gfonts_url\";s:0:\"\";s:12:\"gfonts_files\";a:0:{}s:14:\"uag_faq_layout\";b:0;}"]},"uagb_featured_image_src":{"full":["https:\/\/www.ferberpainting.com\/wp-content\/uploads\/2025\/05\/DappledWillowFertilizer.png",2560,2560,false],"thumbnail":["https:\/\/www.ferberpainting.com\/wp-content\/uploads\/2025\/05\/DappledWillowFertilizer-150x150.png",150,150,true],"medium":["https:\/\/www.ferberpainting.com\/wp-content\/uploads\/2025\/05\/DappledWillowFertilizer-300x300.png",300,300,true],"medium_large":["https:\/\/www.ferberpainting.com\/wp-content\/uploads\/2025\/05\/DappledWillowFertilizer-768x768.png",768,768,true],"large":["https:\/\/www.ferberpainting.com\/wp-content\/uploads\/2025\/05\/DappledWillowFertilizer-1024x1024.png",1024,1024,true],"1536x1536":["https:\/\/www.ferberpainting.com\/wp-content\/uploads\/2025\/05\/DappledWillowFertilizer-1536x1536.png",1536,1536,true],"2048x2048":["https:\/\/www.ferberpainting.com\/wp-content\/uploads\/2025\/05\/DappledWillowFertilizer-2048x2048.png",2048,2048,true],"trp-custom-language-flag":["https:\/\/www.ferberpainting.com\/wp-content\/uploads\/2025\/05\/DappledWillowFertilizer-12x12.png",12,12,true],"woocommerce_thumbnail":["https:\/\/www.ferberpainting.com\/wp-content\/uploads\/2025\/05\/DappledWillowFertilizer-300x300.png",300,300,true],"woocommerce_single":["https:\/\/www.ferberpainting.com\/wp-content\/uploads\/2025\/05\/DappledWillowFertilizer-600x600.png",600,600,true],"woocommerce_gallery_thumbnail":["https:\/\/www.ferberpainting.com\/wp-content\/uploads\/2025\/05\/DappledWillowFertilizer-100x100.png",100,100,true]},"uagb_author_info":{"display_name":"admin","author_link":"https:\/\/www.ferberpainting.com\/pt\/author\/"},"uagb_comment_info":17,"uagb_excerpt":"A complete fertilizer for vibrant foliage and optimal growth.\u00a0This fertilizer, specially designed for flamingo willow (Salix integra \u2018Hakuro Nishiki\u2019), provides your tree with all the essential nutrients to promote dense, colorful foliage, healthy growth, and better resistance to external stress. Thanks to its balanced content of nitrogen, phosphorus and potassium (NPK 10-10-10), it stimulates young&hellip;","_links":{"self":[{"href":"https:\/\/www.ferberpainting.com\/pt\/wp-json\/wp\/v2\/product\/23194","targetHints":{"allow":["GET"]}}],"collection":[{"href":"https:\/\/www.ferberpainting.com\/pt\/wp-json\/wp\/v2\/product"}],"about":[{"href":"https:\/\/www.ferberpainting.com\/pt\/wp-json\/wp\/v2\/types\/product"}],"replies":[{"embeddable":true,"href":"https:\/\/www.ferberpainting.com\/pt\/wp-json\/wp\/v2\/comments?post=23194"}],"version-history":[{"count":5,"href":"https:\/\/www.ferberpainting.com\/pt\/wp-json\/wp\/v2\/product\/23194\/revisions"}],"predecessor-version":[{"id":166094,"href":"https:\/\/www.ferberpainting.com\/pt\/wp-json\/wp\/v2\/product\/23194\/revisions\/166094"}],"wp:featuredmedia":[{"embeddable":true,"href":"https:\/\/www.ferberpainting.com\/pt\/wp-json\/wp\/v2\/media\/25752"}],"wp:attachment":[{"href":"https:\/\/www.ferberpainting.com\/pt\/wp-json\/wp\/v2\/media?parent=23194"}],"wp:term":[{"taxonomy":"product_brand","embeddable":true,"href":"https:\/\/www.ferberpainting.com\/pt\/wp-json\/wp\/v2\/product_brand?post=23194"},{"taxonomy":"product_cat","embeddable":true,"href":"https:\/\/www.ferberpainting.com\/pt\/wp-json\/wp\/v2\/product_cat?post=23194"},{"taxonomy":"product_tag","embeddable":true,"href":"https:\/\/www.ferberpainting.com\/pt\/wp-json\/wp\/v2\/product_tag?post=23194"}],"curies":[{"name":"wp","href":"https:\/\/api.w.org\/{rel}","templated":true}]}}