{"id":23191,"date":"2025-05-26T10:23:14","date_gmt":"2025-05-26T08:23:14","guid":{"rendered":"https:\/\/www.ferberpainting.com\/products\/damp-wall-and-rising-damp-treatment\/"},"modified":"2026-02-15T13:46:22","modified_gmt":"2026-02-15T12:46:22","slug":"damp-wall-and-rising-damp-treatment","status":"publish","type":"product","link":"https:\/\/www.ferberpainting.com\/pt\/products\/damp-wall-and-rising-damp-treatment\/","title":{"rendered":"Tratamento de paredes h\u00famidas e humidade por capilaridade"},"content":{"rendered":"<p><img decoding=\"async\" style=\"margin-right: 12px;\" src=\"https:\/\/www.ferberpainting.com\/wp-content\/uploads\/2026\/02\/Check.svg\" alt=\"\" width=\"18\" height=\"15\" \/><strong>Elimina\u00e7\u00e3o da humidade de longa dura\u00e7\u00e3o.<\/strong>\u00a0Este tratamento especialmente concebido para paredes h\u00famidas bloqueia eficazmente a humidade ascendente e impede a infiltra\u00e7\u00e3o de \u00e1gua nas paredes por capilaridade. Gra\u00e7as \u00e0 sua a\u00e7\u00e3o impermeabilizante de alto desempenho, forma uma barreira imperme\u00e1vel que impede permanentemente a humidade ascendente e protege as estruturas dos danos causados pela \u00e1gua.<\/p>\n<p><img decoding=\"async\" style=\"margin-right: 12px;\" src=\"https:\/\/www.ferberpainting.com\/wp-content\/uploads\/2026\/02\/Check.svg\" alt=\"\" width=\"18\" height=\"15\" \/><strong>Garantia de devolu\u00e7\u00e3o do dinheiro.<\/strong>\u00a0Porque temos total confian\u00e7a na efic\u00e1cia do nosso tratamento de hidrata\u00e7\u00e3o, oferecemos uma garantia de reembolso. Se o produto n\u00e3o corresponder \u00e0s suas expectativas ap\u00f3s a aplica\u00e7\u00e3o de acordo com as recomenda\u00e7\u00f5es, pode solicitar o reembolso, assegurando uma compra segura e sem riscos.<\/p>\n<p><img decoding=\"async\" style=\"margin-right: 12px;\" src=\"https:\/\/www.ferberpainting.com\/wp-content\/uploads\/2026\/02\/Check.svg\" alt=\"\" width=\"18\" height=\"15\" \/><strong>Adequado para v\u00e1rios materiais.<\/strong>\u00a0Este tratamento anti-umidade \u00e9 compat\u00edvel com uma vasta gama de superf\u00edcies minerais, tais como bet\u00e3o, tijolo, pedra natural, cimento e blocos de cimento. Pode ser aplicado tanto em paredes interiores como exteriores e \u00e9 ideal para caves, adegas, fachadas ou qualquer outra \u00e1rea afetada pela humidade ascendente.<\/p>\n<p><img decoding=\"async\" style=\"margin-right: 12px;\" src=\"https:\/\/www.ferberpainting.com\/wp-content\/uploads\/2026\/02\/Check.svg\" alt=\"\" width=\"18\" height=\"15\" \/><strong>Cobertura rent\u00e1vel e de elevado desempenho.<\/strong>\u00a0Gra\u00e7as \u00e0 sua concentra\u00e7\u00e3o optimizada, um litro de produto pode tratar aproximadamente 1 m\u00b2 de parede, dependendo da sua porosidade e espessura. Um recipiente de 5L permite uma cobertura extensa com uma excelente rela\u00e7\u00e3o custo-efic\u00e1cia. A sua a\u00e7\u00e3o de longa dura\u00e7\u00e3o elimina a necessidade de tratamentos repetidos, tornando-o uma solu\u00e7\u00e3o econ\u00f3mica a longo prazo.<\/p>\n<p><img decoding=\"async\" style=\"margin-right: 12px;\" src=\"https:\/\/www.ferberpainting.com\/wp-content\/uploads\/2026\/02\/Check.svg\" alt=\"\" width=\"18\" height=\"15\" \/><strong>Seguran\u00e7a e n\u00e3o toxicidade.<\/strong>\u00a0Este tratamento de impermeabiliza\u00e7\u00e3o \u00e9 formulado sem componentes t\u00f3xicos agressivos e n\u00e3o liberta quaisquer fumos perigosos, garantindo uma utiliza\u00e7\u00e3o segura tanto para os aplicadores como para os ocupantes. Est\u00e1 em conformidade com os regulamentos ambientais actuais e n\u00e3o representa qualquer risco para as superf\u00edcies tratadas.<\/p>\n<p><img decoding=\"async\" style=\"margin-right: 12px;\" src=\"https:\/\/www.ferberpainting.com\/wp-content\/uploads\/2026\/02\/Check.svg\" alt=\"\" width=\"18\" height=\"15\" \/><strong>F\u00e1cil aplica\u00e7\u00e3o.<\/strong>\u00a0Concebido para ser utilizado tanto por profissionais como por particulares, este tratamento \u00e9 aplicado por inje\u00e7\u00e3o nas paredes ap\u00f3s uma simples perfura\u00e7\u00e3o a intervalos regulares. N\u00e3o requer compet\u00eancias t\u00e9cnicas avan\u00e7adas e permite uma aplica\u00e7\u00e3o r\u00e1pida com ferramentas comuns, garantindo uma efic\u00e1cia imediata e duradoura.<\/p>\n<p><img decoding=\"async\" style=\"margin-right: 12px;\" src=\"https:\/\/www.ferberpainting.com\/wp-content\/uploads\/2026\/02\/Check.svg\" alt=\"\" width=\"18\" height=\"15\" \/><strong>Durabilidade excecional.<\/strong>\u00a0Ao contr\u00e1rio das solu\u00e7\u00f5es tempor\u00e1rias, como as tintas anti-umidade ou os revestimentos imperme\u00e1veis, este tratamento penetra profundamente na estrutura e mant\u00e9m-se eficaz durante v\u00e1rias d\u00e9cadas. Uma vez aplicado, protege continuamente a parede e impede qualquer aumento de humidade, evitando a deteriora\u00e7\u00e3o de revestimentos e tintas.<\/p>\n<p><img decoding=\"async\" style=\"margin-right: 12px;\" src=\"https:\/\/www.ferberpainting.com\/wp-content\/uploads\/2026\/02\/Check.svg\" alt=\"\" width=\"18\" height=\"15\" \/><strong>A\u00e7\u00e3o r\u00e1pida e resultados vis\u00edveis.<\/strong>\u00a0Este produto actua rapidamente, com efeitos vis\u00edveis dentro de alguns dias a algumas semanas, dependendo do n\u00edvel de humidade da parede. A partir do momento da aplica\u00e7\u00e3o, come\u00e7a a bloquear a \u00e1gua e a secar gradualmente as paredes, levando a uma melhoria significativa do seu estado num curto per\u00edodo de tempo.<\/p>\n<h2><strong>Protocolo de utiliza\u00e7\u00e3o<\/strong><\/h2>\n<ul>\n<li><strong>Prepara\u00e7\u00e3o da parede :<\/strong> Verificar o estado das superf\u00edcies e identificar as zonas afectadas pela humidade ascendente. Se existirem dep\u00f3sitos de sal (efloresc\u00eancia) ou bolor, limpar a superf\u00edcie antes da aplica\u00e7\u00e3o.<\/li>\n<li><strong>Perfura\u00e7\u00e3o de furos de inje\u00e7\u00e3o :<\/strong> Fazer furos com um di\u00e2metro de cerca de 10 a 14 mm, a 15 cm do solo, mantendo um espa\u00e7amento de 10 a 15 cm entre cada furo. Os furos devem ser ligeiramente inclinados para baixo para garantir uma melhor difus\u00e3o do produto.<\/li>\n<li><strong>Injetar o tratamento :<\/strong> Introduzir o produto em cada orif\u00edcio com um injetor ou uma seringa adequada, assegurando que a parede fica profundamente saturada. Deixar penetrar o produto e repetir o processo, se necess\u00e1rio, para garantir uma prote\u00e7\u00e3o \u00f3ptima.<\/li>\n<li><strong>Secagem e evapora\u00e7\u00e3o da humidade :<\/strong> Deixar o produto atuar e monitorizar o processo de redu\u00e7\u00e3o da humidade. A secagem completa da parede pode demorar de algumas semanas a v\u00e1rios meses, dependendo do n\u00edvel de humidade inicial e da espessura das paredes.<\/li>\n<li><strong>Veda\u00e7\u00e3o dos furos :<\/strong> Uma vez estabilizada a parede, selar os buracos com uma argamassa adequada ou gesso de acabamento para restaurar uma superf\u00edcie uniforme e est\u00e9tica.<\/li>\n<li><strong>Toques finais :<\/strong> Uma vez eliminada a humidade, aplicar uma tinta ou um revestimento compat\u00edvel, se necess\u00e1rio, para proteger e melhorar a superf\u00edcie tratada.<\/li>\n<\/ul>","protected":false},"excerpt":{"rendered":"<p>Long-lasting Moisture Elimination.\u00a0This specially designed treatment for damp walls effectively blocks rising damp and prevents water from infiltrating the walls through capillarity. Thanks to its high-performance waterproofing action, it forms an impermeable barrier that permanently stops ascending moisture and protects structures from water-related damage. Money-back Guarantee.\u00a0Because we have complete confidence in the effectiveness of our [&hellip;]<\/p>\n","protected":false},"featured_media":25750,"comment_status":"open","ping_status":"closed","template":"","meta":{"_uag_custom_page_level_css":"","site-sidebar-layout":"default","site-content-layout":"","ast-site-content-layout":"default","site-content-style":"default","site-sidebar-style":"default","ast-global-header-display":"","ast-banner-title-visibility":"","ast-main-header-display":"","ast-hfb-above-header-display":"","ast-hfb-below-header-display":"","ast-hfb-mobile-header-display":"","site-post-title":"","ast-breadcrumbs-content":"","ast-featured-img":"","footer-sml-layout":"","ast-disable-related-posts":"","theme-transparent-header-meta":"default","adv-header-id-meta":"","stick-header-meta":"","header-above-stick-meta":"","header-main-stick-meta":"","header-below-stick-meta":"","astra-migrate-meta-layouts":"set","ast-page-background-enabled":"default","ast-page-background-meta":{"desktop":{"background-color":"var(--ast-global-color-4)","background-image":"","background-repeat":"repeat","background-position":"center center","background-size":"auto","background-attachment":"scroll","background-type":"","background-media":"","overlay-type":"","overlay-color":"","overlay-opacity":"","overlay-gradient":""},"tablet":{"background-color":"","background-image":"","background-repeat":"repeat","background-position":"center center","background-size":"auto","background-attachment":"scroll","background-type":"","background-media":"","overlay-type":"","overlay-color":"","overlay-opacity":"","overlay-gradient":""},"mobile":{"background-color":"","background-image":"","background-repeat":"repeat","background-position":"center center","background-size":"auto","background-attachment":"scroll","background-type":"","background-media":"","overlay-type":"","overlay-color":"","overlay-opacity":"","overlay-gradient":""}},"ast-content-background-meta":{"desktop":{"background-color":"var(--ast-global-color-5)","background-image":"","background-repeat":"repeat","background-position":"center center","background-size":"auto","background-attachment":"scroll","background-type":"","background-media":"","overlay-type":"","overlay-color":"","overlay-opacity":"","overlay-gradient":""},"tablet":{"background-color":"var(--ast-global-color-5)","background-image":"","background-repeat":"repeat","background-position":"center center","background-size":"auto","background-attachment":"scroll","background-type":"","background-media":"","overlay-type":"","overlay-color":"","overlay-opacity":"","overlay-gradient":""},"mobile":{"background-color":"var(--ast-global-color-5)","background-image":"","background-repeat":"repeat","background-position":"center center","background-size":"auto","background-attachment":"scroll","background-type":"","background-media":"","overlay-type":"","overlay-color":"","overlay-opacity":"","overlay-gradient":""}}},"product_brand":[],"product_cat":[176],"product_tag":[],"class_list":{"0":"post-23191","1":"product","2":"type-product","3":"status-publish","4":"has-post-thumbnail","6":"product_cat-concrete-treatment","7":"desktop-align-left","8":"tablet-align-left","9":"mobile-align-left","11":"first","12":"instock","13":"sale","14":"shipping-taxable","15":"purchasable","16":"product-type-variable","17":"has-default-attributes"},"spectra_custom_meta":{"_visibility":["visible"],"_shopify_product_id":["9058928328949"],"_s2w_shopify_domain":["ferberpainting.myshopify.com"],"_shopify_variant_id":["46479679586549"],"_sku":[""],"_manage_stock":["no"],"total_sales":["208"],"_tax_status":["taxable"],"_tax_class":[""],"_backorders":["no"],"_sold_individually":["no"],"_virtual":["no"],"_downloadable":["no"],"_download_limit":["-1"],"_download_expiry":["-1"],"_stock":[null],"_stock_status":["instock"],"_wc_average_rating":["4.67"],"_wc_review_count":["6"],"_product_attributes":["a:1:{s:6:\"volume\";a:6:{s:4:\"name\";s:6:\"Volume\";s:5:\"value\";s:20:\"5 liters | 25 liters\";s:8:\"position\";i:1;s:10:\"is_visible\";i:0;s:12:\"is_variation\";i:1;s:11:\"is_taxonomy\";i:0;}}"],"_product_version":["10.5.1"],"_thumbnail_id":["25750"],"_product_image_gallery":["25751"],"wpse_downloadable_file_names":[""],"wpse_downloadable_file_urls":[""],"_edit_last":["1"],"_default_attributes":["a:1:{s:6:\"volume\";s:8:\"5 liters\";}"],"_edit_lock":["1771159457:1"],"merchant-center-availability":["yes"],"merchant-center-category":["2277"],"_price":["29.90","129.90"],"_wp_page_template":["default"],"site-sidebar-layout":["default"],"ast-site-content-layout":["default"],"site-content-style":["default"],"site-sidebar-style":["default"],"theme-transparent-header-meta":["default"],"_wc_rating_count":["a:2:{i:4;i:2;i:5;i:4;}"],"astra-migrate-meta-layouts":["set"],"_uag_css_file_name":["uag-css-23191.css"],"_elementor_page_assets":["a:0:{}"]},"uagb_featured_image_src":{"full":["https:\/\/www.ferberpainting.com\/wp-content\/uploads\/2025\/05\/DampWallandRisingDampTreatment5L.png",2560,2560,false],"thumbnail":["https:\/\/www.ferberpainting.com\/wp-content\/uploads\/2025\/05\/DampWallandRisingDampTreatment5L-150x150.png",150,150,true],"medium":["https:\/\/www.ferberpainting.com\/wp-content\/uploads\/2025\/05\/DampWallandRisingDampTreatment5L-300x300.png",300,300,true],"medium_large":["https:\/\/www.ferberpainting.com\/wp-content\/uploads\/2025\/05\/DampWallandRisingDampTreatment5L-768x768.png",768,768,true],"large":["https:\/\/www.ferberpainting.com\/wp-content\/uploads\/2025\/05\/DampWallandRisingDampTreatment5L-1024x1024.png",1024,1024,true],"1536x1536":["https:\/\/www.ferberpainting.com\/wp-content\/uploads\/2025\/05\/DampWallandRisingDampTreatment5L-1536x1536.png",1536,1536,true],"2048x2048":["https:\/\/www.ferberpainting.com\/wp-content\/uploads\/2025\/05\/DampWallandRisingDampTreatment5L-2048x2048.png",2048,2048,true],"trp-custom-language-flag":["https:\/\/www.ferberpainting.com\/wp-content\/uploads\/2025\/05\/DampWallandRisingDampTreatment5L-12x12.png",12,12,true],"woocommerce_thumbnail":["https:\/\/www.ferberpainting.com\/wp-content\/uploads\/2025\/05\/DampWallandRisingDampTreatment5L-300x300.png",300,300,true],"woocommerce_single":["https:\/\/www.ferberpainting.com\/wp-content\/uploads\/2025\/05\/DampWallandRisingDampTreatment5L-600x600.png",600,600,true],"woocommerce_gallery_thumbnail":["https:\/\/www.ferberpainting.com\/wp-content\/uploads\/2025\/05\/DampWallandRisingDampTreatment5L-100x100.png",100,100,true]},"uagb_author_info":{"display_name":"admin","author_link":"https:\/\/www.ferberpainting.com\/pt\/author\/"},"uagb_comment_info":6,"uagb_excerpt":"Long-lasting Moisture Elimination.\u00a0This specially designed treatment for damp walls effectively blocks rising damp and prevents water from infiltrating the walls through capillarity. Thanks to its high-performance waterproofing action, it forms an impermeable barrier that permanently stops ascending moisture and protects structures from water-related damage. Money-back Guarantee.\u00a0Because we have complete confidence in the effectiveness of our&hellip;","_links":{"self":[{"href":"https:\/\/www.ferberpainting.com\/pt\/wp-json\/wp\/v2\/product\/23191","targetHints":{"allow":["GET"]}}],"collection":[{"href":"https:\/\/www.ferberpainting.com\/pt\/wp-json\/wp\/v2\/product"}],"about":[{"href":"https:\/\/www.ferberpainting.com\/pt\/wp-json\/wp\/v2\/types\/product"}],"replies":[{"embeddable":true,"href":"https:\/\/www.ferberpainting.com\/pt\/wp-json\/wp\/v2\/comments?post=23191"}],"version-history":[{"count":4,"href":"https:\/\/www.ferberpainting.com\/pt\/wp-json\/wp\/v2\/product\/23191\/revisions"}],"predecessor-version":[{"id":166093,"href":"https:\/\/www.ferberpainting.com\/pt\/wp-json\/wp\/v2\/product\/23191\/revisions\/166093"}],"wp:featuredmedia":[{"embeddable":true,"href":"https:\/\/www.ferberpainting.com\/pt\/wp-json\/wp\/v2\/media\/25750"}],"wp:attachment":[{"href":"https:\/\/www.ferberpainting.com\/pt\/wp-json\/wp\/v2\/media?parent=23191"}],"wp:term":[{"taxonomy":"product_brand","embeddable":true,"href":"https:\/\/www.ferberpainting.com\/pt\/wp-json\/wp\/v2\/product_brand?post=23191"},{"taxonomy":"product_cat","embeddable":true,"href":"https:\/\/www.ferberpainting.com\/pt\/wp-json\/wp\/v2\/product_cat?post=23191"},{"taxonomy":"product_tag","embeddable":true,"href":"https:\/\/www.ferberpainting.com\/pt\/wp-json\/wp\/v2\/product_tag?post=23191"}],"curies":[{"name":"wp","href":"https:\/\/api.w.org\/{rel}","templated":true}]}}