{"id":23140,"date":"2025-07-01T17:37:04","date_gmt":"2025-07-01T15:37:04","guid":{"rendered":"https:\/\/www.ferberpainting.com\/?post_type=product&#038;p=23136"},"modified":"2026-02-15T13:28:47","modified_gmt":"2026-02-15T12:28:47","slug":"clay-water-repellent","status":"publish","type":"product","link":"https:\/\/www.ferberpainting.com\/pt\/products\/clay-water-repellent\/","title":{"rendered":"Impermeabilizante para argila"},"content":{"rendered":"<p><img decoding=\"async\" style=\"margin-right: 12px;\" src=\"https:\/\/www.ferberpainting.com\/wp-content\/uploads\/2026\/02\/Check.svg\" alt=\"\" width=\"18\" height=\"15\" \/><strong>Prote\u00e7\u00e3o \u00f3ptima contra a humidade.<\/strong>\u00a0Este impermeabilizante para barro foi especialmente formulado para criar uma barreira hidrof\u00f3bica eficaz que impede a penetra\u00e7\u00e3o de \u00e1gua e humidade em superf\u00edcies porosas. Protege o barro contra a infiltra\u00e7\u00e3o de \u00e1gua, manchas de l\u00edquidos e danos causados pelo gelo. Quando aplicado em objectos de barro decorativos ou funcionais, garante a sua durabilidade e resist\u00eancia aos elementos exteriores.<\/p>\n<p><img decoding=\"async\" style=\"margin-right: 12px;\" src=\"https:\/\/www.ferberpainting.com\/wp-content\/uploads\/2026\/02\/Check.svg\" alt=\"\" width=\"18\" height=\"15\" \/><strong>Garantia de devolu\u00e7\u00e3o do dinheiro.<\/strong>\u00a0Confiamos plenamente na efic\u00e1cia do nosso impermeabilizante de argila. Se, ap\u00f3s a utiliza\u00e7\u00e3o, n\u00e3o ficar totalmente satisfeito com os resultados, tem direito a um reembolso total. Assim, pode testar o nosso produto sem riscos e desfrutar de uma prote\u00e7\u00e3o duradoura para as suas cria\u00e7\u00f5es em barro.<\/p>\n<p><img decoding=\"async\" style=\"margin-right: 12px;\" src=\"https:\/\/www.ferberpainting.com\/wp-content\/uploads\/2026\/02\/Check.svg\" alt=\"\" width=\"18\" height=\"15\" \/><strong>Versatilidade excecional.<\/strong>\u00a0Este impermeabilizante n\u00e3o se limita ao barro! \u00c9 tamb\u00e9m muito eficaz noutros materiais porosos, como a terracota, o gesso, a pedra natural e algumas cer\u00e2micas n\u00e3o vidradas. \u00c9 ideal para a impermeabiliza\u00e7\u00e3o de objectos feitos \u00e0 m\u00e3o, cer\u00e2mica, telhas de terracota, esculturas e at\u00e9 mesmo paredes ou pavimentos feitos de materiais porosos. A sua versatilidade torna-o indispens\u00e1vel tanto para os profissionais como para os entusiastas da bricolage.<\/p>\n<p><img decoding=\"async\" style=\"margin-right: 12px;\" src=\"https:\/\/www.ferberpainting.com\/wp-content\/uploads\/2026\/02\/Check.svg\" alt=\"\" width=\"18\" height=\"15\" \/><strong>Desempenho rent\u00e1vel.<\/strong>\u00a0Gra\u00e7as \u00e0 sua elevada concentra\u00e7\u00e3o, apenas \u00e9 necess\u00e1ria uma pequena quantidade de produto para impermeabilizar uma grande superf\u00edcie. Um litro de impermeabilizante pode tratar aproximadamente 10 a 15 m\u00b2, dependendo da porosidade do material. Com o seu formato de 5 litros, este produto oferece uma prote\u00e7\u00e3o duradoura para muitos objectos e superf\u00edcies, reduzindo tanto os custos de manuten\u00e7\u00e3o como a frequ\u00eancia de aplica\u00e7\u00e3o.<\/p>\n<p><img decoding=\"async\" style=\"margin-right: 12px;\" src=\"https:\/\/www.ferberpainting.com\/wp-content\/uploads\/2026\/02\/Check.svg\" alt=\"\" width=\"18\" height=\"15\" \/><strong>Utiliza\u00e7\u00e3o segura.<\/strong>\u00a0Ao contr\u00e1rio dos impermeabilizantes tradicionais que cont\u00eam solventes agressivos que podem danificar as superf\u00edcies ou libertar fumos t\u00f3xicos, este produto foi formulado para minimizar os riscos de aplica\u00e7\u00e3o. N\u00e3o altera o aspeto ou a cor da argila, n\u00e3o amarelece com o tempo e respeita as carater\u00edsticas naturais das superf\u00edcies tratadas. Recomenda-se que seja utilizado numa \u00e1rea ventilada e que se evite o contacto com a pele.<\/p>\n<p><img decoding=\"async\" style=\"margin-right: 12px;\" src=\"https:\/\/www.ferberpainting.com\/wp-content\/uploads\/2026\/02\/Check.svg\" alt=\"\" width=\"18\" height=\"15\" \/><strong>Facilidade de utiliza\u00e7\u00e3o.<\/strong>\u00a0Este produto est\u00e1 pronto a utilizar e n\u00e3o requer qualquer dilui\u00e7\u00e3o ou prepara\u00e7\u00e3o complexa. Aplica-se diretamente sobre o barro limpo e seco com um pincel, rolo ou pano macio. Penetra profundamente e seca rapidamente, proporcionando uma prote\u00e7\u00e3o eficaz numa \u00fanica passagem. A sua f\u00e1cil aplica\u00e7\u00e3o torna-o acess\u00edvel a todos, quer se trate de um oleiro, artes\u00e3o, restaurador ou amador.<\/p>\n<p><img decoding=\"async\" style=\"margin-right: 12px;\" src=\"https:\/\/www.ferberpainting.com\/wp-content\/uploads\/2026\/02\/Check.svg\" alt=\"\" width=\"18\" height=\"15\" \/><strong>Durabilidade alargada.<\/strong>\u00a0Uma \u00fanica aplica\u00e7\u00e3o deste impermeabilizante garante uma prote\u00e7\u00e3o duradoura contra a \u00e1gua e a humidade. Refor\u00e7a a integridade dos objectos de barro, reduzindo a sua porosidade e evitando a sua deteriora\u00e7\u00e3o prematura. A sua resist\u00eancia \u00e0s intemp\u00e9ries e \u00e0s mudan\u00e7as de temperatura torna-o uma solu\u00e7\u00e3o essencial para objectos de exterior como vasos de terracota, azulejos e est\u00e1tuas.<\/p>\n<p><img decoding=\"async\" style=\"margin-right: 12px;\" src=\"https:\/\/www.ferberpainting.com\/wp-content\/uploads\/2026\/02\/Check.svg\" alt=\"\" width=\"18\" height=\"15\" \/><strong>A\u00e7\u00e3o r\u00e1pida.<\/strong>\u00a0A sua efic\u00e1cia \u00e9 imediata aquando da aplica\u00e7\u00e3o. Em apenas alguns minutos, penetra profundamente e forma uma barreira invis\u00edvel que impede a \u00e1gua de aderir \u00e0 superf\u00edcie. Seca rapidamente, permitindo uma impermeabiliza\u00e7\u00e3o r\u00e1pida e eficaz dos objectos tratados. Ao contr\u00e1rio de outros impermeabilizantes que necessitam de v\u00e1rias horas para secar, este produto proporciona uma prote\u00e7\u00e3o \u00f3ptima em menos tempo.<\/p>\n<h2><strong>Protocolo de utiliza\u00e7\u00e3o<\/strong><\/h2>\n<ul>\n<li><strong>Prepara\u00e7\u00e3o <\/strong>: Assegurar que o barro ou o material poroso est\u00e1 limpo e completamente seco antes da aplica\u00e7\u00e3o. Remover todo o p\u00f3, sujidade ou gordura com um pano seco ou uma escova macia para garantir uma ader\u00eancia \u00f3ptima.<\/li>\n<li><strong>Aplica\u00e7\u00e3o com pincel ou pano <\/strong>: Aplicar uma camada fina de produto com um pincel ou pano macio, utilizando movimentos circulares para permitir uma penetra\u00e7\u00e3o profunda. Certifique-se de que cobre uniformemente todo o objeto ou superf\u00edcie.<\/li>\n<li><strong>Utiliza\u00e7\u00e3o em grandes superf\u00edcies <\/strong>: Para azulejos, terracota ou esculturas grandes, utilizar um rolo ou um pulverizador de baixa press\u00e3o para uma aplica\u00e7\u00e3o r\u00e1pida e homog\u00e9nea. Assegurar que o produto atinge todas as \u00e1reas, especialmente os bordos e os relevos.<\/li>\n<li><strong>Tempo de secagem <\/strong>: Deixar secar ao ar livre durante 30 minutos a 1 hora, dependendo das condi\u00e7\u00f5es ambientais. Para uma prote\u00e7\u00e3o m\u00e1xima, evitar o contacto com a \u00e1gua durante as primeiras 24 horas ap\u00f3s a aplica\u00e7\u00e3o.<\/li>\n<li><strong>Prote\u00e7\u00e3o refor\u00e7ada <\/strong>: Para superf\u00edcies muito porosas ou expostas \u00e0 humidade, aplicar uma segunda dem\u00e3o ap\u00f3s a primeira ter secado. Esta segunda camada aumenta a impermeabiliza\u00e7\u00e3o e a durabilidade.<\/li>\n<li><strong>Controlo da efic\u00e1cia <\/strong>: Uma vez seco, testar a impermeabiliza\u00e7\u00e3o colocando algumas gotas de \u00e1gua sobre a superf\u00edcie tratada. Se a \u00e1gua se acumular e escorrer, a impermeabiliza\u00e7\u00e3o foi bem sucedida. Caso contr\u00e1rio, aplicar uma segunda dem\u00e3o para refor\u00e7ar a prote\u00e7\u00e3o.<\/li>\n<li><strong>Frequ\u00eancia de utiliza\u00e7\u00e3o <\/strong>: Para uma prote\u00e7\u00e3o a longo prazo, reaplicar uma ou duas vezes por ano, dependendo da exposi\u00e7\u00e3o ao clima e da utiliza\u00e7\u00e3o. As superf\u00edcies exteriores podem exigir uma manuten\u00e7\u00e3o mais frequente devido \u00e0 exposi\u00e7\u00e3o direta \u00e0s condi\u00e7\u00f5es clim\u00e1ticas.<\/li>\n<li><strong>Armazenamento <\/strong>: Guardar o recipiente num local fresco e seco, ao abrigo do calor e da luz solar. Fechar bem ap\u00f3s cada utiliza\u00e7\u00e3o para evitar a evapora\u00e7\u00e3o e manter a efic\u00e1cia a longo prazo.<\/li>\n<\/ul>\n<p>Com o nosso impermeabilizante para barro, d\u00ea \u00e0s suas cria\u00e7\u00f5es uma prote\u00e7\u00e3o duradoura e uma resist\u00eancia superior \u00e0 humidade. Uma solu\u00e7\u00e3o ideal para preservar a beleza e a resist\u00eancia dos seus objectos em barro, terracota ou pedra natural.<\/p>","protected":false},"excerpt":{"rendered":"<p>Optimal Moisture Protection.\u00a0This clay waterproofer is specially formulated to create an effective hydrophobic barrier that prevents water and moisture from penetrating porous surfaces. It protects clay from water infiltration, liquid stains, and frost damage. When applied to decorative or functional clay objects, it ensures their durability and resistance to outdoor elements. Money-back guarantee.\u00a0We have full [&hellip;]<\/p>\n","protected":false},"featured_media":36508,"comment_status":"open","ping_status":"closed","template":"","meta":{"_uag_custom_page_level_css":"","site-sidebar-layout":"default","site-content-layout":"","ast-site-content-layout":"default","site-content-style":"default","site-sidebar-style":"default","ast-global-header-display":"","ast-banner-title-visibility":"","ast-main-header-display":"","ast-hfb-above-header-display":"","ast-hfb-below-header-display":"","ast-hfb-mobile-header-display":"","site-post-title":"","ast-breadcrumbs-content":"","ast-featured-img":"","footer-sml-layout":"","ast-disable-related-posts":"","theme-transparent-header-meta":"default","adv-header-id-meta":"","stick-header-meta":"","header-above-stick-meta":"","header-main-stick-meta":"","header-below-stick-meta":"","astra-migrate-meta-layouts":"set","ast-page-background-enabled":"default","ast-page-background-meta":{"desktop":{"background-color":"var(--ast-global-color-4)","background-image":"","background-repeat":"repeat","background-position":"center center","background-size":"auto","background-attachment":"scroll","background-type":"","background-media":"","overlay-type":"","overlay-color":"","overlay-opacity":"","overlay-gradient":""},"tablet":{"background-color":"","background-image":"","background-repeat":"repeat","background-position":"center center","background-size":"auto","background-attachment":"scroll","background-type":"","background-media":"","overlay-type":"","overlay-color":"","overlay-opacity":"","overlay-gradient":""},"mobile":{"background-color":"","background-image":"","background-repeat":"repeat","background-position":"center center","background-size":"auto","background-attachment":"scroll","background-type":"","background-media":"","overlay-type":"","overlay-color":"","overlay-opacity":"","overlay-gradient":""}},"ast-content-background-meta":{"desktop":{"background-color":"var(--ast-global-color-5)","background-image":"","background-repeat":"repeat","background-position":"center center","background-size":"auto","background-attachment":"scroll","background-type":"","background-media":"","overlay-type":"","overlay-color":"","overlay-opacity":"","overlay-gradient":""},"tablet":{"background-color":"var(--ast-global-color-5)","background-image":"","background-repeat":"repeat","background-position":"center center","background-size":"auto","background-attachment":"scroll","background-type":"","background-media":"","overlay-type":"","overlay-color":"","overlay-opacity":"","overlay-gradient":""},"mobile":{"background-color":"var(--ast-global-color-5)","background-image":"","background-repeat":"repeat","background-position":"center center","background-size":"auto","background-attachment":"scroll","background-type":"","background-media":"","overlay-type":"","overlay-color":"","overlay-opacity":"","overlay-gradient":""}}},"product_brand":[],"product_cat":[191],"product_tag":[],"class_list":{"0":"post-23140","1":"product","2":"type-product","3":"status-publish","4":"has-post-thumbnail","6":"product_cat-water-repellent","7":"desktop-align-left","8":"tablet-align-left","9":"mobile-align-left","11":"first","12":"instock","13":"sale","14":"shipping-taxable","15":"purchasable","16":"product-type-variable","17":"has-default-attributes"},"spectra_custom_meta":{"_visibility":["visible"],"_shopify_product_id":["9106550259957"],"_s2w_shopify_domain":["ferberpainting.myshopify.com"],"_shopify_variant_id":["46626258321653"],"_sku":[""],"_manage_stock":["no"],"total_sales":["8"],"_tax_status":["taxable"],"_tax_class":[""],"_backorders":["no"],"_sold_individually":["no"],"_virtual":["no"],"_downloadable":["no"],"_download_limit":["-1"],"_download_expiry":["-1"],"_stock":[null],"_stock_status":["instock"],"_wc_average_rating":["5.00"],"_wc_review_count":["18"],"_product_attributes":["a:1:{s:6:\"volume\";a:6:{s:4:\"name\";s:6:\"Volume\";s:5:\"value\";s:20:\"5 liters | 25 liters\";s:8:\"position\";i:1;s:10:\"is_visible\";i:0;s:12:\"is_variation\";i:1;s:11:\"is_taxonomy\";i:0;}}"],"_product_version":["10.5.1"],"wpse_downloadable_file_names":[""],"wpse_downloadable_file_urls":[""],"_edit_last":["1"],"_default_attributes":["a:1:{s:6:\"volume\";s:8:\"5 liters\";}"],"_edit_lock":["1771158388:1"],"_price":["29.90","129.90"],"merchant-center-availability":["yes"],"merchant-center-category":["503744"],"_thumbnail_id":["36508"],"_wp_page_template":["default"],"_wp_old_date":["2025-05-26"],"_product_image_gallery":["36509"],"site-sidebar-layout":["default"],"ast-site-content-layout":["default"],"site-content-style":["default"],"site-sidebar-style":["default"],"theme-transparent-header-meta":["default"],"_wc_rating_count":["a:1:{i:5;i:18;}"],"astra-migrate-meta-layouts":["set"],"_uag_css_file_name":["uag-css-23140.css"],"_elementor_page_assets":["a:0:{}"],"_uag_page_assets":["a:9:{s:3:\"css\";s:6873:\".wp-block-uagb-image{display:flex}.wp-block-uagb-image__figure{position:relative;display:flex;flex-direction:column;max-width:100%;height:auto;margin:0}.wp-block-uagb-image__figure img{height:auto;display:flex;max-width:100%;transition:box-shadow .2s ease}.wp-block-uagb-image__figure>a{display:inline-block}.wp-block-uagb-image__figure figcaption{text-align:center;margin-top:.5em;margin-bottom:1em}.wp-block-uagb-image .components-placeholder.block-editor-media-placeholder .components-placeholder__instructions{align-self:center}.wp-block-uagb-image--align-left{text-align:left}.wp-block-uagb-image--align-right{text-align:right}.wp-block-uagb-image--align-center{text-align:center}.wp-block-uagb-image--align-full .wp-block-uagb-image__figure{margin-left:calc(50% - 50vw);margin-right:calc(50% - 50vw);max-width:100vw;width:100vw;height:auto}.wp-block-uagb-image--align-full .wp-block-uagb-image__figure img{height:auto;width:100% !important}.wp-block-uagb-image--align-wide .wp-block-uagb-image__figure img{height:auto;width:100%}.wp-block-uagb-image--layout-overlay__color-wrapper{position:absolute;left:0;top:0;right:0;bottom:0;opacity:.2;background:rgba(0,0,0,.5);transition:opacity .35s ease-in-out}.wp-block-uagb-image--layout-overlay-link{position:absolute;left:0;right:0;bottom:0;top:0}.wp-block-uagb-image--layout-overlay .wp-block-uagb-image__figure:hover .wp-block-uagb-image--layout-overlay__color-wrapper{opacity:1}.wp-block-uagb-image--layout-overlay__inner{position:absolute;left:15px;right:15px;bottom:15px;top:15px;display:flex;align-items:center;justify-content:center;flex-direction:column;border-color:#fff;transition:.35s ease-in-out}.wp-block-uagb-image--layout-overlay__inner.top-left,.wp-block-uagb-image--layout-overlay__inner.top-center,.wp-block-uagb-image--layout-overlay__inner.top-right{justify-content:flex-start}.wp-block-uagb-image--layout-overlay__inner.bottom-left,.wp-block-uagb-image--layout-overlay__inner.bottom-center,.wp-block-uagb-image--layout-overlay__inner.bottom-right{justify-content:flex-end}.wp-block-uagb-image--layout-overlay__inner.top-left,.wp-block-uagb-image--layout-overlay__inner.center-left,.wp-block-uagb-image--layout-overlay__inner.bottom-left{align-items:flex-start}.wp-block-uagb-image--layout-overlay__inner.top-right,.wp-block-uagb-image--layout-overlay__inner.center-right,.wp-block-uagb-image--layout-overlay__inner.bottom-right{align-items:flex-end}.wp-block-uagb-image--layout-overlay__inner .uagb-image-heading{color:#fff;transition:transform .35s,opacity .35s ease-in-out;transform:translate3d(0, 24px, 0);margin:0;line-height:1em}.wp-block-uagb-image--layout-overlay__inner .uagb-image-separator{width:30%;border-top-width:2px;border-top-color:#fff;border-top-style:solid;margin-bottom:10px;opacity:0;transition:transform .4s,opacity .4s ease-in-out;transform:translate3d(0, 30px, 0)}.wp-block-uagb-image--layout-overlay__inner .uagb-image-caption{opacity:0;overflow:visible;color:#fff;transition:transform .45s,opacity .45s ease-in-out;transform:translate3d(0, 35px, 0)}.wp-block-uagb-image--layout-overlay__inner:hover .uagb-image-heading,.wp-block-uagb-image--layout-overlay__inner:hover .uagb-image-separator,.wp-block-uagb-image--layout-overlay__inner:hover .uagb-image-caption{opacity:1;transform:translate3d(0, 0, 0)}.wp-block-uagb-image--effect-zoomin .wp-block-uagb-image__figure img,.wp-block-uagb-image--effect-zoomin .wp-block-uagb-image__figure .wp-block-uagb-image--layout-overlay__color-wrapper{transform:scale(1);transition:transform .35s ease-in-out}.wp-block-uagb-image--effect-zoomin .wp-block-uagb-image__figure:hover img,.wp-block-uagb-image--effect-zoomin .wp-block-uagb-image__figure:hover .wp-block-uagb-image--layout-overlay__color-wrapper{transform:scale(1.05)}.wp-block-uagb-image--effect-slide .wp-block-uagb-image__figure img,.wp-block-uagb-image--effect-slide .wp-block-uagb-image__figure .wp-block-uagb-image--layout-overlay__color-wrapper{width:calc(100% + 40px) !important;max-width:none !important;transform:translate3d(-40px, 0, 0);transition:transform .35s ease-in-out}.wp-block-uagb-image--effect-slide .wp-block-uagb-image__figure:hover img,.wp-block-uagb-image--effect-slide .wp-block-uagb-image__figure:hover .wp-block-uagb-image--layout-overlay__color-wrapper{transform:translate3d(0, 0, 0)}.wp-block-uagb-image--effect-grayscale img{filter:grayscale(0%);transition:.35s ease-in-out}.wp-block-uagb-image--effect-grayscale:hover img{filter:grayscale(100%)}.wp-block-uagb-image--effect-blur img{filter:blur(0);transition:.35s ease-in-out}.wp-block-uagb-image--effect-blur:hover img{filter:blur(3px)}.uagb-block-e6f939b3.wp-block-uagb-image--layout-default figure img{box-shadow: 0px 0px 0 #00000070;}.uagb-block-e6f939b3.wp-block-uagb-image .wp-block-uagb-image__figure figcaption{font-style: normal;align-self: center;}.uagb-block-e6f939b3.wp-block-uagb-image--layout-overlay figure img{box-shadow: 0px 0px 0 #00000070;}.uagb-block-e6f939b3.wp-block-uagb-image--layout-overlay .wp-block-uagb-image--layout-overlay__color-wrapper{opacity: 0.2;}.uagb-block-e6f939b3.wp-block-uagb-image--layout-overlay .wp-block-uagb-image--layout-overlay__inner{left: 15px;right: 15px;top: 15px;bottom: 15px;}.uagb-block-e6f939b3.wp-block-uagb-image--layout-overlay .wp-block-uagb-image--layout-overlay__inner .uagb-image-heading{font-style: normal;color: #fff;opacity: 1;}.uagb-block-e6f939b3.wp-block-uagb-image--layout-overlay .wp-block-uagb-image--layout-overlay__inner .uagb-image-heading a{color: #fff;}.uagb-block-e6f939b3.wp-block-uagb-image--layout-overlay .wp-block-uagb-image--layout-overlay__inner .uagb-image-caption{opacity: 0;}.uagb-block-e6f939b3.wp-block-uagb-image--layout-overlay .wp-block-uagb-image__figure:hover .wp-block-uagb-image--layout-overlay__color-wrapper{opacity: 1;}.uagb-block-e6f939b3.wp-block-uagb-image .wp-block-uagb-image--layout-overlay__inner .uagb-image-separator{width: 30%;border-top-width: 2px;border-top-color: #fff;opacity: 0;}.uagb-block-e6f939b3.wp-block-uagb-image .wp-block-uagb-image__figure img{width: px;height: auto;}.uagb-block-e6f939b3.wp-block-uagb-image .wp-block-uagb-image__figure:hover .wp-block-uagb-image--layout-overlay__inner .uagb-image-caption{opacity: 1;}.uagb-block-e6f939b3.wp-block-uagb-image .wp-block-uagb-image__figure:hover .wp-block-uagb-image--layout-overlay__inner .uagb-image-separator{opacity: 1;}.uagb-block-e6f939b3.wp-block-uagb-image--layout-default figure:hover img{box-shadow: 0px 0px 0 #00000070;}.uagb-block-e6f939b3.wp-block-uagb-image--layout-overlay figure:hover img{box-shadow: 0px 0px 0 #00000070;}@media only screen and (max-width: 976px) {.uagb-block-e6f939b3.wp-block-uagb-image .wp-block-uagb-image__figure img{width: px;height: auto;}}@media only screen and (max-width: 767px) {.uagb-block-e6f939b3.wp-block-uagb-image .wp-block-uagb-image__figure img{width: px;height: auto;}}\";s:2:\"js\";s:0:\"\";s:18:\"current_block_list\";a:13:{i:0;s:11:\"core\/search\";i:1;s:10:\"core\/group\";i:2;s:12:\"core\/heading\";i:3;s:17:\"core\/latest-posts\";i:4;s:20:\"core\/latest-comments\";i:5;s:13:\"core\/archives\";i:6;s:15:\"core\/categories\";i:7;s:14:\"core\/paragraph\";i:8;s:10:\"uagb\/image\";i:9;s:11:\"core\/spacer\";i:10;s:30:\"woocommerce\/product-categories\";i:11;s:10:\"core\/image\";i:12;s:14:\"core\/shortcode\";}s:8:\"uag_flag\";b:1;s:11:\"uag_version\";s:10:\"1777101418\";s:6:\"gfonts\";a:0:{}s:10:\"gfonts_url\";s:0:\"\";s:12:\"gfonts_files\";a:0:{}s:14:\"uag_faq_layout\";b:0;}"]},"uagb_featured_image_src":{"full":["https:\/\/www.ferberpainting.com\/wp-content\/uploads\/2025\/05\/Clay-Water-Repellent-5L.png",2560,2560,false],"thumbnail":["https:\/\/www.ferberpainting.com\/wp-content\/uploads\/2025\/05\/Clay-Water-Repellent-5L-150x150.png",150,150,true],"medium":["https:\/\/www.ferberpainting.com\/wp-content\/uploads\/2025\/05\/Clay-Water-Repellent-5L-300x300.png",300,300,true],"medium_large":["https:\/\/www.ferberpainting.com\/wp-content\/uploads\/2025\/05\/Clay-Water-Repellent-5L-768x768.png",768,768,true],"large":["https:\/\/www.ferberpainting.com\/wp-content\/uploads\/2025\/05\/Clay-Water-Repellent-5L-1024x1024.png",1024,1024,true],"1536x1536":["https:\/\/www.ferberpainting.com\/wp-content\/uploads\/2025\/05\/Clay-Water-Repellent-5L-1536x1536.png",1536,1536,true],"2048x2048":["https:\/\/www.ferberpainting.com\/wp-content\/uploads\/2025\/05\/Clay-Water-Repellent-5L-2048x2048.png",2048,2048,true],"trp-custom-language-flag":["https:\/\/www.ferberpainting.com\/wp-content\/uploads\/2025\/05\/Clay-Water-Repellent-5L-12x12.png",12,12,true],"woocommerce_thumbnail":["https:\/\/www.ferberpainting.com\/wp-content\/uploads\/2025\/05\/Clay-Water-Repellent-5L-300x300.png",300,300,true],"woocommerce_single":["https:\/\/www.ferberpainting.com\/wp-content\/uploads\/2025\/05\/Clay-Water-Repellent-5L-600x600.png",600,600,true],"woocommerce_gallery_thumbnail":["https:\/\/www.ferberpainting.com\/wp-content\/uploads\/2025\/05\/Clay-Water-Repellent-5L-100x100.png",100,100,true]},"uagb_author_info":{"display_name":"admin","author_link":"https:\/\/www.ferberpainting.com\/pt\/author\/"},"uagb_comment_info":18,"uagb_excerpt":"Optimal Moisture Protection.\u00a0This clay waterproofer is specially formulated to create an effective hydrophobic barrier that prevents water and moisture from penetrating porous surfaces. It protects clay from water infiltration, liquid stains, and frost damage. When applied to decorative or functional clay objects, it ensures their durability and resistance to outdoor elements. Money-back guarantee.\u00a0We have full&hellip;","_links":{"self":[{"href":"https:\/\/www.ferberpainting.com\/pt\/wp-json\/wp\/v2\/product\/23140","targetHints":{"allow":["GET"]}}],"collection":[{"href":"https:\/\/www.ferberpainting.com\/pt\/wp-json\/wp\/v2\/product"}],"about":[{"href":"https:\/\/www.ferberpainting.com\/pt\/wp-json\/wp\/v2\/types\/product"}],"replies":[{"embeddable":true,"href":"https:\/\/www.ferberpainting.com\/pt\/wp-json\/wp\/v2\/comments?post=23140"}],"version-history":[{"count":5,"href":"https:\/\/www.ferberpainting.com\/pt\/wp-json\/wp\/v2\/product\/23140\/revisions"}],"predecessor-version":[{"id":166068,"href":"https:\/\/www.ferberpainting.com\/pt\/wp-json\/wp\/v2\/product\/23140\/revisions\/166068"}],"wp:featuredmedia":[{"embeddable":true,"href":"https:\/\/www.ferberpainting.com\/pt\/wp-json\/wp\/v2\/media\/36508"}],"wp:attachment":[{"href":"https:\/\/www.ferberpainting.com\/pt\/wp-json\/wp\/v2\/media?parent=23140"}],"wp:term":[{"taxonomy":"product_brand","embeddable":true,"href":"https:\/\/www.ferberpainting.com\/pt\/wp-json\/wp\/v2\/product_brand?post=23140"},{"taxonomy":"product_cat","embeddable":true,"href":"https:\/\/www.ferberpainting.com\/pt\/wp-json\/wp\/v2\/product_cat?post=23140"},{"taxonomy":"product_tag","embeddable":true,"href":"https:\/\/www.ferberpainting.com\/pt\/wp-json\/wp\/v2\/product_tag?post=23140"}],"curies":[{"name":"wp","href":"https:\/\/api.w.org\/{rel}","templated":true}]}}