{"id":23136,"date":"2025-07-01T17:25:33","date_gmt":"2025-07-01T15:25:33","guid":{"rendered":"https:\/\/www.ferberpainting.com\/?post_type=product&#038;p=23136"},"modified":"2026-02-15T13:27:20","modified_gmt":"2026-02-15T12:27:20","slug":"chimney-and-fireplace-cleaner","status":"publish","type":"product","link":"https:\/\/www.ferberpainting.com\/pt\/products\/chimney-and-fireplace-cleaner\/","title":{"rendered":"Limpador para chamin\u00e9 e inserto"},"content":{"rendered":"<p><img decoding=\"async\" style=\"margin-right: 12px;\" src=\"https:\/\/www.ferberpainting.com\/wp-content\/uploads\/2026\/02\/Check.svg\" alt=\"\" width=\"18\" height=\"15\" \/><strong>Efic\u00e1cia \u00f3ptima.<\/strong>\u00a0Este limpa-vidros para lareiras e fog\u00f5es foi especialmente formulado para remover eficazmente a fuligem, o alcatr\u00e3o e os dep\u00f3sitos de cinzas que se acumulam no vidro e nas paredes interiores da sua lareira. Actua em profundidade para restaurar a transpar\u00eancia do vidro, remover res\u00edduos de tijolos e a\u00e7o e assegurar uma limpeza impec\u00e1vel ap\u00f3s cada utiliza\u00e7\u00e3o.<\/p>\n<p><img decoding=\"async\" style=\"margin-right: 12px;\" src=\"https:\/\/www.ferberpainting.com\/wp-content\/uploads\/2026\/02\/Check.svg\" alt=\"\" width=\"18\" height=\"15\" \/><strong>Garantia de devolu\u00e7\u00e3o do dinheiro.<\/strong>\u00a0Estamos confiantes na efic\u00e1cia do nosso produto de limpeza. Se n\u00e3o ficar totalmente satisfeito ap\u00f3s a utiliza\u00e7\u00e3o, tem direito a um reembolso total. Experimente o nosso produto com total tranquilidade, sem riscos.<\/p>\n<p><img decoding=\"async\" style=\"margin-right: 12px;\" src=\"https:\/\/www.ferberpainting.com\/wp-content\/uploads\/2026\/02\/Check.svg\" alt=\"\" width=\"18\" height=\"15\" \/><strong>Versatilidade excecional.<\/strong>\u00a0Este produto de limpeza n\u00e3o se destina apenas ao vidro da lareira! Tamb\u00e9m \u00e9 eficaz em fog\u00f5es a lenha, lareiras, churrasqueiras, placas de ferro fundido e grelhas met\u00e1licas. Compat\u00edvel com v\u00e1rios materiais como o vidro, o a\u00e7o, o ferro fundido, o tijolo refrat\u00e1rio, o bet\u00e3o e a pedra natural, permite uma limpeza \u00f3ptima sem danificar as superf\u00edcies.<\/p>\n<p><img decoding=\"async\" style=\"margin-right: 12px;\" src=\"https:\/\/www.ferberpainting.com\/wp-content\/uploads\/2026\/02\/Check.svg\" alt=\"\" width=\"18\" height=\"15\" \/><strong>Econ\u00f3mica.<\/strong>\u00a0Gra\u00e7as ao seu recipiente de 5 litros e \u00e0 sua f\u00f3rmula ultra-concentrada, este produto de limpeza oferece um excelente rendimento. Uma pequena quantidade \u00e9 suficiente para limpar grandes superf\u00edcies sujas. Em m\u00e9dia, um litro pode limpar at\u00e9 50 m\u00b2 de superf\u00edcies de vidro ou metal, o que o torna uma solu\u00e7\u00e3o econ\u00f3mica e duradoura.<\/p>\n<p><img decoding=\"async\" style=\"margin-right: 12px;\" src=\"https:\/\/www.ferberpainting.com\/wp-content\/uploads\/2026\/02\/Check.svg\" alt=\"\" width=\"18\" height=\"15\" \/><strong>Utiliza\u00e7\u00e3o segura.<\/strong>\u00a0Ao contr\u00e1rio dos produtos de limpeza comerciais agressivos, este produto \u00e9 formulado sem subst\u00e2ncias corrosivas ou perigosas. N\u00e3o emite fumos t\u00f3xicos, n\u00e3o deixa res\u00edduos qu\u00edmicos e n\u00e3o apresenta riscos para a sa\u00fade quando utilizado de acordo com as instru\u00e7\u00f5es. Pode ser utilizado em interiores sem perigo para os ocupantes da casa.<\/p>\n<p><img decoding=\"async\" style=\"margin-right: 12px;\" src=\"https:\/\/www.ferberpainting.com\/wp-content\/uploads\/2026\/02\/Check.svg\" alt=\"\" width=\"18\" height=\"15\" \/><strong>F\u00e1cil de utilizar.<\/strong>\u00a0Este produto de limpeza est\u00e1 pronto a utilizar e n\u00e3o requer qualquer dilui\u00e7\u00e3o ou prepara\u00e7\u00e3o especial. Basta aplicar diretamente sobre a superf\u00edcie suja, deixar atuar durante alguns instantes e esfregar suavemente para remover a fuligem e o alcatr\u00e3o. N\u00e3o \u00e9 necess\u00e1rio qualquer esfor\u00e7o excessivo, tornando a limpeza muito mais f\u00e1cil.<\/p>\n<p><img decoding=\"async\" style=\"margin-right: 12px;\" src=\"https:\/\/www.ferberpainting.com\/wp-content\/uploads\/2026\/02\/Check.svg\" alt=\"\" width=\"18\" height=\"15\" \/><strong>Prote\u00e7\u00e3o de longa dura\u00e7\u00e3o.<\/strong>\u00a0Ao limpar eficazmente e remover os res\u00edduos de carbono, este produto ajuda a prolongar a vida \u00fatil do equipamento de aquecimento. Evita a acumula\u00e7\u00e3o excessiva de fuligem e alcatr\u00e3o, reduzindo a sujidade prematura do vidro da lareira e das paredes internas.<\/p>\n<p><img decoding=\"async\" style=\"margin-right: 12px;\" src=\"https:\/\/www.ferberpainting.com\/wp-content\/uploads\/2026\/02\/Check.svg\" alt=\"\" width=\"18\" height=\"15\" \/><strong>A\u00e7\u00e3o r\u00e1pida.<\/strong>\u00a0Gra\u00e7as \u00e0 sua f\u00f3rmula altamente reactiva, este produto de limpeza actua instantaneamente sobre os dep\u00f3sitos de fuligem e alcatr\u00e3o. Em apenas alguns segundos, dissolve a sujidade e facilita a sua remo\u00e7\u00e3o sem necessidade de esfregar intensamente. Ideal para uma limpeza r\u00e1pida e eficaz, restaura as superf\u00edcies para um estado impec\u00e1vel num instante.<\/p>\n<h2><strong>Instru\u00e7\u00f5es de utiliza\u00e7\u00e3o<\/strong><\/h2>\n<ul>\n<li><strong>Prepara\u00e7\u00e3o <\/strong>: Assegurar que a superf\u00edcie a limpar est\u00e1 fria ou ligeiramente quente para maximizar a efic\u00e1cia do produto sem evapora\u00e7\u00e3o r\u00e1pida.<\/li>\n<li><strong>Aplica\u00e7\u00e3o <\/strong>: Aplique uma quantidade moderada de produto de limpeza diretamente num pano macio, numa esponja ou numa escova adequada e, em seguida, aplique na superf\u00edcie suja.<\/li>\n<li><strong>Limpeza <\/strong>: Deixar atuar durante 2 a 5 minutos para permitir que o produto dissolva a fuligem e os res\u00edduos de alcatr\u00e3o. Esfregar suavemente com um pano, uma esponja ou uma escova n\u00e3o abrasiva para remover os dep\u00f3sitos.<\/li>\n<li><strong>Enxaguamento <\/strong>: Para superf\u00edcies de vidro e metal, limpar com um pano h\u00famido para remover todos os res\u00edduos do produto. Para superf\u00edcies porosas como tijolo ou pedra, enxaguar com \u00e1gua limpa, se necess\u00e1rio.<\/li>\n<li><strong>Secagem e acabamento <\/strong>: Limpar com um pano limpo e seco para obter um acabamento perfeito e um brilho \u00f3timo.<\/li>\n<li><strong>Frequ\u00eancia de utiliza\u00e7\u00e3o <\/strong>: Utilizar ap\u00f3s cada inc\u00eandio para evitar a acumula\u00e7\u00e3o excessiva de fuligem, ou sempre que o vidro do recuperador ficar opaco para garantir uma vis\u00e3o clara das chamas.<\/li>\n<li><strong>Armazenamento <\/strong>: Fechar bem o recipiente ap\u00f3s cada utiliza\u00e7\u00e3o e guard\u00e1-lo num local fresco e seco, ao abrigo da luz e de temperaturas extremas, para preservar todas as propriedades do produto.<\/li>\n<\/ul>\n<p>Com o nosso limpa-vidros para lareiras e fog\u00f5es, desfrute de superf\u00edcies imaculadas num piscar de olhos e tire o m\u00e1ximo partido da sua lareira - sem o inc\u00f3modo da limpeza.<\/p>","protected":false},"excerpt":{"rendered":"<p>Optimal effectiveness.\u00a0This fireplace and stove glass cleaner has been specially formulated to effectively remove soot, tar, and ash deposits that accumulate on the glass and inner walls of your fireplace. It works deep down to restore glass clarity, remove residues from bricks and steel, and ensure impeccable cleanliness after each use. Money-back guarantee.\u00a0We are confident [&hellip;]<\/p>\n","protected":false},"featured_media":36499,"comment_status":"open","ping_status":"closed","template":"","meta":{"_uag_custom_page_level_css":"","site-sidebar-layout":"default","site-content-layout":"","ast-site-content-layout":"default","site-content-style":"default","site-sidebar-style":"default","ast-global-header-display":"","ast-banner-title-visibility":"","ast-main-header-display":"","ast-hfb-above-header-display":"","ast-hfb-below-header-display":"","ast-hfb-mobile-header-display":"","site-post-title":"","ast-breadcrumbs-content":"","ast-featured-img":"","footer-sml-layout":"","ast-disable-related-posts":"","theme-transparent-header-meta":"default","adv-header-id-meta":"","stick-header-meta":"","header-above-stick-meta":"","header-main-stick-meta":"","header-below-stick-meta":"","astra-migrate-meta-layouts":"set","ast-page-background-enabled":"default","ast-page-background-meta":{"desktop":{"background-color":"var(--ast-global-color-4)","background-image":"","background-repeat":"repeat","background-position":"center center","background-size":"auto","background-attachment":"scroll","background-type":"","background-media":"","overlay-type":"","overlay-color":"","overlay-opacity":"","overlay-gradient":""},"tablet":{"background-color":"","background-image":"","background-repeat":"repeat","background-position":"center center","background-size":"auto","background-attachment":"scroll","background-type":"","background-media":"","overlay-type":"","overlay-color":"","overlay-opacity":"","overlay-gradient":""},"mobile":{"background-color":"","background-image":"","background-repeat":"repeat","background-position":"center center","background-size":"auto","background-attachment":"scroll","background-type":"","background-media":"","overlay-type":"","overlay-color":"","overlay-opacity":"","overlay-gradient":""}},"ast-content-background-meta":{"desktop":{"background-color":"var(--ast-global-color-5)","background-image":"","background-repeat":"repeat","background-position":"center center","background-size":"auto","background-attachment":"scroll","background-type":"","background-media":"","overlay-type":"","overlay-color":"","overlay-opacity":"","overlay-gradient":""},"tablet":{"background-color":"var(--ast-global-color-5)","background-image":"","background-repeat":"repeat","background-position":"center center","background-size":"auto","background-attachment":"scroll","background-type":"","background-media":"","overlay-type":"","overlay-color":"","overlay-opacity":"","overlay-gradient":""},"mobile":{"background-color":"var(--ast-global-color-5)","background-image":"","background-repeat":"repeat","background-position":"center center","background-size":"auto","background-attachment":"scroll","background-type":"","background-media":"","overlay-type":"","overlay-color":"","overlay-opacity":"","overlay-gradient":""}}},"product_brand":[],"product_cat":[175],"product_tag":[],"class_list":{"0":"post-23136","1":"product","2":"type-product","3":"status-publish","4":"has-post-thumbnail","6":"product_cat-cleaning-products","7":"desktop-align-left","8":"tablet-align-left","9":"mobile-align-left","11":"first","12":"instock","13":"sale","14":"taxable","15":"shipping-taxable","16":"purchasable","17":"product-type-variable","18":"has-default-attributes"},"spectra_custom_meta":{"_visibility":["visible"],"_shopify_product_id":["9101783400693"],"_s2w_shopify_domain":["ferberpainting.myshopify.com"],"_shopify_variant_id":["46613421588725"],"_sku":[""],"_manage_stock":["no"],"total_sales":["27"],"_tax_status":["taxable"],"_tax_class":[""],"_backorders":["no"],"_sold_individually":["no"],"_virtual":["no"],"_downloadable":["no"],"_download_limit":["-1"],"_download_expiry":["-1"],"_stock":[null],"_stock_status":["instock"],"_wc_average_rating":["5.00"],"_wc_review_count":["11"],"_product_attributes":["a:1:{s:6:\"volume\";a:6:{s:4:\"name\";s:6:\"Volume\";s:5:\"value\";s:20:\"5 liters | 25 liters\";s:8:\"position\";i:1;s:10:\"is_visible\";i:0;s:12:\"is_variation\";i:1;s:11:\"is_taxonomy\";i:0;}}"],"_product_version":["10.5.1"],"wpse_downloadable_file_names":[""],"wpse_downloadable_file_urls":[""],"_edit_last":["1"],"_default_attributes":["a:1:{s:6:\"volume\";s:8:\"5 liters\";}"],"_edit_lock":["1771158306:1"],"_price":["29.90","129.90"],"merchant-center-availability":["yes"],"merchant-center-category":["1479"],"_thumbnail_id":["36499"],"_wp_page_template":["default"],"_wp_old_date":["2025-05-26"],"_product_image_gallery":["36501"],"site-sidebar-layout":["default"],"ast-site-content-layout":["default"],"site-content-style":["default"],"site-sidebar-style":["default"],"theme-transparent-header-meta":["default"],"_wc_rating_count":["a:1:{i:5;i:11;}"],"astra-migrate-meta-layouts":["set"],"_uag_css_file_name":["uag-css-23136.css"],"_elementor_page_assets":["a:0:{}"],"_uag_page_assets":["a:9:{s:3:\"css\";s:7133:\".uag-blocks-common-selector{z-index:var(--z-index-desktop) !important}@media(max-width: 976px){.uag-blocks-common-selector{z-index:var(--z-index-tablet) !important}}@media(max-width: 767px){.uag-blocks-common-selector{z-index:var(--z-index-mobile) !important}}.wp-block-uagb-image{display:flex}.wp-block-uagb-image__figure{position:relative;display:flex;flex-direction:column;max-width:100%;height:auto;margin:0}.wp-block-uagb-image__figure img{height:auto;display:flex;max-width:100%;transition:box-shadow .2s ease}.wp-block-uagb-image__figure>a{display:inline-block}.wp-block-uagb-image__figure figcaption{text-align:center;margin-top:.5em;margin-bottom:1em}.wp-block-uagb-image .components-placeholder.block-editor-media-placeholder .components-placeholder__instructions{align-self:center}.wp-block-uagb-image--align-left{text-align:left}.wp-block-uagb-image--align-right{text-align:right}.wp-block-uagb-image--align-center{text-align:center}.wp-block-uagb-image--align-full .wp-block-uagb-image__figure{margin-left:calc(50% - 50vw);margin-right:calc(50% - 50vw);max-width:100vw;width:100vw;height:auto}.wp-block-uagb-image--align-full .wp-block-uagb-image__figure img{height:auto;width:100% !important}.wp-block-uagb-image--align-wide .wp-block-uagb-image__figure img{height:auto;width:100%}.wp-block-uagb-image--layout-overlay__color-wrapper{position:absolute;left:0;top:0;right:0;bottom:0;opacity:.2;background:rgba(0,0,0,.5);transition:opacity .35s ease-in-out}.wp-block-uagb-image--layout-overlay-link{position:absolute;left:0;right:0;bottom:0;top:0}.wp-block-uagb-image--layout-overlay .wp-block-uagb-image__figure:hover .wp-block-uagb-image--layout-overlay__color-wrapper{opacity:1}.wp-block-uagb-image--layout-overlay__inner{position:absolute;left:15px;right:15px;bottom:15px;top:15px;display:flex;align-items:center;justify-content:center;flex-direction:column;border-color:#fff;transition:.35s ease-in-out}.wp-block-uagb-image--layout-overlay__inner.top-left,.wp-block-uagb-image--layout-overlay__inner.top-center,.wp-block-uagb-image--layout-overlay__inner.top-right{justify-content:flex-start}.wp-block-uagb-image--layout-overlay__inner.bottom-left,.wp-block-uagb-image--layout-overlay__inner.bottom-center,.wp-block-uagb-image--layout-overlay__inner.bottom-right{justify-content:flex-end}.wp-block-uagb-image--layout-overlay__inner.top-left,.wp-block-uagb-image--layout-overlay__inner.center-left,.wp-block-uagb-image--layout-overlay__inner.bottom-left{align-items:flex-start}.wp-block-uagb-image--layout-overlay__inner.top-right,.wp-block-uagb-image--layout-overlay__inner.center-right,.wp-block-uagb-image--layout-overlay__inner.bottom-right{align-items:flex-end}.wp-block-uagb-image--layout-overlay__inner .uagb-image-heading{color:#fff;transition:transform .35s,opacity .35s ease-in-out;transform:translate3d(0, 24px, 0);margin:0;line-height:1em}.wp-block-uagb-image--layout-overlay__inner .uagb-image-separator{width:30%;border-top-width:2px;border-top-color:#fff;border-top-style:solid;margin-bottom:10px;opacity:0;transition:transform .4s,opacity .4s ease-in-out;transform:translate3d(0, 30px, 0)}.wp-block-uagb-image--layout-overlay__inner .uagb-image-caption{opacity:0;overflow:visible;color:#fff;transition:transform .45s,opacity .45s ease-in-out;transform:translate3d(0, 35px, 0)}.wp-block-uagb-image--layout-overlay__inner:hover .uagb-image-heading,.wp-block-uagb-image--layout-overlay__inner:hover .uagb-image-separator,.wp-block-uagb-image--layout-overlay__inner:hover .uagb-image-caption{opacity:1;transform:translate3d(0, 0, 0)}.wp-block-uagb-image--effect-zoomin .wp-block-uagb-image__figure img,.wp-block-uagb-image--effect-zoomin .wp-block-uagb-image__figure .wp-block-uagb-image--layout-overlay__color-wrapper{transform:scale(1);transition:transform .35s ease-in-out}.wp-block-uagb-image--effect-zoomin .wp-block-uagb-image__figure:hover img,.wp-block-uagb-image--effect-zoomin .wp-block-uagb-image__figure:hover .wp-block-uagb-image--layout-overlay__color-wrapper{transform:scale(1.05)}.wp-block-uagb-image--effect-slide .wp-block-uagb-image__figure img,.wp-block-uagb-image--effect-slide .wp-block-uagb-image__figure .wp-block-uagb-image--layout-overlay__color-wrapper{width:calc(100% + 40px) !important;max-width:none !important;transform:translate3d(-40px, 0, 0);transition:transform .35s ease-in-out}.wp-block-uagb-image--effect-slide .wp-block-uagb-image__figure:hover img,.wp-block-uagb-image--effect-slide .wp-block-uagb-image__figure:hover .wp-block-uagb-image--layout-overlay__color-wrapper{transform:translate3d(0, 0, 0)}.wp-block-uagb-image--effect-grayscale img{filter:grayscale(0%);transition:.35s ease-in-out}.wp-block-uagb-image--effect-grayscale:hover img{filter:grayscale(100%)}.wp-block-uagb-image--effect-blur img{filter:blur(0);transition:.35s ease-in-out}.wp-block-uagb-image--effect-blur:hover img{filter:blur(3px)}.uagb-block-e6f939b3.wp-block-uagb-image--layout-default figure img{box-shadow: 0px 0px 0 #00000070;}.uagb-block-e6f939b3.wp-block-uagb-image .wp-block-uagb-image__figure figcaption{font-style: normal;align-self: center;}.uagb-block-e6f939b3.wp-block-uagb-image--layout-overlay figure img{box-shadow: 0px 0px 0 #00000070;}.uagb-block-e6f939b3.wp-block-uagb-image--layout-overlay .wp-block-uagb-image--layout-overlay__color-wrapper{opacity: 0.2;}.uagb-block-e6f939b3.wp-block-uagb-image--layout-overlay .wp-block-uagb-image--layout-overlay__inner{left: 15px;right: 15px;top: 15px;bottom: 15px;}.uagb-block-e6f939b3.wp-block-uagb-image--layout-overlay .wp-block-uagb-image--layout-overlay__inner .uagb-image-heading{font-style: normal;color: #fff;opacity: 1;}.uagb-block-e6f939b3.wp-block-uagb-image--layout-overlay .wp-block-uagb-image--layout-overlay__inner .uagb-image-heading a{color: #fff;}.uagb-block-e6f939b3.wp-block-uagb-image--layout-overlay .wp-block-uagb-image--layout-overlay__inner .uagb-image-caption{opacity: 0;}.uagb-block-e6f939b3.wp-block-uagb-image--layout-overlay .wp-block-uagb-image__figure:hover .wp-block-uagb-image--layout-overlay__color-wrapper{opacity: 1;}.uagb-block-e6f939b3.wp-block-uagb-image .wp-block-uagb-image--layout-overlay__inner .uagb-image-separator{width: 30%;border-top-width: 2px;border-top-color: #fff;opacity: 0;}.uagb-block-e6f939b3.wp-block-uagb-image .wp-block-uagb-image__figure img{width: px;height: auto;}.uagb-block-e6f939b3.wp-block-uagb-image .wp-block-uagb-image__figure:hover .wp-block-uagb-image--layout-overlay__inner .uagb-image-caption{opacity: 1;}.uagb-block-e6f939b3.wp-block-uagb-image .wp-block-uagb-image__figure:hover .wp-block-uagb-image--layout-overlay__inner .uagb-image-separator{opacity: 1;}.uagb-block-e6f939b3.wp-block-uagb-image--layout-default figure:hover img{box-shadow: 0px 0px 0 #00000070;}.uagb-block-e6f939b3.wp-block-uagb-image--layout-overlay figure:hover img{box-shadow: 0px 0px 0 #00000070;}@media only screen and (max-width: 976px) {.uagb-block-e6f939b3.wp-block-uagb-image .wp-block-uagb-image__figure img{width: px;height: auto;}}@media only screen and (max-width: 767px) {.uagb-block-e6f939b3.wp-block-uagb-image .wp-block-uagb-image__figure img{width: px;height: auto;}}\";s:2:\"js\";s:0:\"\";s:18:\"current_block_list\";a:13:{i:0;s:11:\"core\/search\";i:1;s:10:\"core\/group\";i:2;s:12:\"core\/heading\";i:3;s:17:\"core\/latest-posts\";i:4;s:20:\"core\/latest-comments\";i:5;s:13:\"core\/archives\";i:6;s:15:\"core\/categories\";i:7;s:14:\"core\/paragraph\";i:8;s:10:\"uagb\/image\";i:9;s:11:\"core\/spacer\";i:10;s:30:\"woocommerce\/product-categories\";i:11;s:10:\"core\/image\";i:12;s:14:\"core\/shortcode\";}s:8:\"uag_flag\";b:1;s:11:\"uag_version\";s:10:\"1777235098\";s:6:\"gfonts\";a:0:{}s:10:\"gfonts_url\";s:0:\"\";s:12:\"gfonts_files\";a:0:{}s:14:\"uag_faq_layout\";b:0;}"]},"uagb_featured_image_src":{"full":["https:\/\/www.ferberpainting.com\/wp-content\/uploads\/2025\/05\/Chimney-and-Fireplace-Cleaner-5L-Mockup-.png",2560,2560,false],"thumbnail":["https:\/\/www.ferberpainting.com\/wp-content\/uploads\/2025\/05\/Chimney-and-Fireplace-Cleaner-5L-Mockup--150x150.png",150,150,true],"medium":["https:\/\/www.ferberpainting.com\/wp-content\/uploads\/2025\/05\/Chimney-and-Fireplace-Cleaner-5L-Mockup--300x300.png",300,300,true],"medium_large":["https:\/\/www.ferberpainting.com\/wp-content\/uploads\/2025\/05\/Chimney-and-Fireplace-Cleaner-5L-Mockup--768x768.png",768,768,true],"large":["https:\/\/www.ferberpainting.com\/wp-content\/uploads\/2025\/05\/Chimney-and-Fireplace-Cleaner-5L-Mockup--1024x1024.png",1024,1024,true],"1536x1536":["https:\/\/www.ferberpainting.com\/wp-content\/uploads\/2025\/05\/Chimney-and-Fireplace-Cleaner-5L-Mockup--1536x1536.png",1536,1536,true],"2048x2048":["https:\/\/www.ferberpainting.com\/wp-content\/uploads\/2025\/05\/Chimney-and-Fireplace-Cleaner-5L-Mockup--2048x2048.png",2048,2048,true],"trp-custom-language-flag":["https:\/\/www.ferberpainting.com\/wp-content\/uploads\/2025\/05\/Chimney-and-Fireplace-Cleaner-5L-Mockup--12x12.png",12,12,true],"woocommerce_thumbnail":["https:\/\/www.ferberpainting.com\/wp-content\/uploads\/2025\/05\/Chimney-and-Fireplace-Cleaner-5L-Mockup--300x300.png",300,300,true],"woocommerce_single":["https:\/\/www.ferberpainting.com\/wp-content\/uploads\/2025\/05\/Chimney-and-Fireplace-Cleaner-5L-Mockup--600x600.png",600,600,true],"woocommerce_gallery_thumbnail":["https:\/\/www.ferberpainting.com\/wp-content\/uploads\/2025\/05\/Chimney-and-Fireplace-Cleaner-5L-Mockup--100x100.png",100,100,true]},"uagb_author_info":{"display_name":"admin","author_link":"https:\/\/www.ferberpainting.com\/pt\/author\/"},"uagb_comment_info":11,"uagb_excerpt":"Optimal effectiveness.\u00a0This fireplace and stove glass cleaner has been specially formulated to effectively remove soot, tar, and ash deposits that accumulate on the glass and inner walls of your fireplace. It works deep down to restore glass clarity, remove residues from bricks and steel, and ensure impeccable cleanliness after each use. Money-back guarantee.\u00a0We are confident&hellip;","_links":{"self":[{"href":"https:\/\/www.ferberpainting.com\/pt\/wp-json\/wp\/v2\/product\/23136","targetHints":{"allow":["GET"]}}],"collection":[{"href":"https:\/\/www.ferberpainting.com\/pt\/wp-json\/wp\/v2\/product"}],"about":[{"href":"https:\/\/www.ferberpainting.com\/pt\/wp-json\/wp\/v2\/types\/product"}],"replies":[{"embeddable":true,"href":"https:\/\/www.ferberpainting.com\/pt\/wp-json\/wp\/v2\/comments?post=23136"}],"version-history":[{"count":5,"href":"https:\/\/www.ferberpainting.com\/pt\/wp-json\/wp\/v2\/product\/23136\/revisions"}],"predecessor-version":[{"id":166066,"href":"https:\/\/www.ferberpainting.com\/pt\/wp-json\/wp\/v2\/product\/23136\/revisions\/166066"}],"wp:featuredmedia":[{"embeddable":true,"href":"https:\/\/www.ferberpainting.com\/pt\/wp-json\/wp\/v2\/media\/36499"}],"wp:attachment":[{"href":"https:\/\/www.ferberpainting.com\/pt\/wp-json\/wp\/v2\/media?parent=23136"}],"wp:term":[{"taxonomy":"product_brand","embeddable":true,"href":"https:\/\/www.ferberpainting.com\/pt\/wp-json\/wp\/v2\/product_brand?post=23136"},{"taxonomy":"product_cat","embeddable":true,"href":"https:\/\/www.ferberpainting.com\/pt\/wp-json\/wp\/v2\/product_cat?post=23136"},{"taxonomy":"product_tag","embeddable":true,"href":"https:\/\/www.ferberpainting.com\/pt\/wp-json\/wp\/v2\/product_tag?post=23136"}],"curies":[{"name":"wp","href":"https:\/\/api.w.org\/{rel}","templated":true}]}}