{"id":36652,"date":"2025-07-01T20:50:37","date_gmt":"2025-07-01T18:50:37","guid":{"rendered":"https:\/\/www.ferberpainting.com\/?post_type=product&#038;p=36652"},"modified":"2026-02-16T08:29:03","modified_gmt":"2026-02-16T07:29:03","slug":"roof-tile-cleaner","status":"publish","type":"product","link":"https:\/\/www.ferberpainting.com\/pl\/products\/roof-tile-cleaner\/","title":{"rendered":"\u015arodek do czyszczenia dach\u00f3wek"},"content":{"rendered":"<p><strong><img decoding=\"async\" style=\"margin-right: 12px;\" src=\"https:\/\/www.ferberpainting.com\/wp-content\/uploads\/2026\/02\/Check.svg\" alt=\"\" width=\"18\" height=\"15\" \/>Optymalna wydajno\u015b\u0107.<\/strong> Ten \u015brodek do czyszczenia dach\u00f3wek zosta\u0142 specjalnie opracowany, aby skutecznie eliminowa\u0107 brud, plamy z zanieczyszcze\u0144, mech, porosty i zielone osady, kt\u00f3re z czasem gromadz\u0105 si\u0119 na dachach. Jego silna formu\u0142a wnika g\u0142\u0119boko w materia\u0142, rozpuszczaj\u0105c zanieczyszczenia i przywracaj\u0105c pierwotny wygl\u0105d dach\u00f3wek, zar\u00f3wno starych, jak i nowych. Zapewnia g\u0142\u0119bokie czyszczenie przy jednoczesnym zachowaniu struktury i trwa\u0142o\u015bci materia\u0142\u00f3w.<\/p>\n<p><strong><img decoding=\"async\" style=\"margin-right: 12px;\" src=\"https:\/\/www.ferberpainting.com\/wp-content\/uploads\/2026\/02\/Check.svg\" alt=\"\" width=\"18\" height=\"15\" \/>Satysfakcja gwarantowana lub zwrot pieni\u0119dzy.<\/strong> Jeste\u015bmy przekonani o doskona\u0142o\u015bci naszego \u015brodka czyszcz\u0105cego i jego zdolno\u015bci do zapewnienia widocznych rezultat\u00f3w od pierwszego zastosowania. Je\u015bli po u\u017cyciu nie b\u0119dziesz w pe\u0142ni usatysfakcjonowany, przys\u0142uguje Ci pe\u0142ny zwrot pieni\u0119dzy. Wypr\u00f3buj bez ryzyka i przekonaj si\u0119 o skuteczno\u015bci naszego produktu.<\/p>\n<p><strong><img decoding=\"async\" style=\"margin-right: 12px;\" src=\"https:\/\/www.ferberpainting.com\/wp-content\/uploads\/2026\/02\/Check.svg\" alt=\"\" width=\"18\" height=\"15\" \/>Wyj\u0105tkowa wszechstronno\u015b\u0107.<\/strong> Ten \u015brodek czyszcz\u0105cy nie ogranicza si\u0119 do p\u0142ytek! Jest r\u00f3wnie\u017c skuteczny w przypadku innych pokry\u0107 dachowych i materia\u0142\u00f3w elewacyjnych, takich jak \u0142upek, beton, p\u0142yty w\u0142\u00f3kno-cementowe, kamie\u0144 naturalny, kostka brukowa, a nawet niekt\u00f3re impregnowane powierzchnie drewniane. Jest idealny do dach\u00f3w, \u015bcian zewn\u0119trznych, niskich \u015bcian i innych powierzchni nara\u017conych na dzia\u0142anie czynnik\u00f3w atmosferycznych i zabrudzenia organiczne.<\/p>\n<p><strong><img decoding=\"async\" style=\"margin-right: 12px;\" src=\"https:\/\/www.ferberpainting.com\/wp-content\/uploads\/2026\/02\/Check.svg\" alt=\"\" width=\"18\" height=\"15\" \/>Op\u0142acalna wydajno\u015b\u0107.<\/strong> Dzi\u0119ki 5-litrowemu kanistrowi i wysoce skoncentrowanej formule ten \u015brodek czyszcz\u0105cy zapewnia doskona\u0142e pokrycie. Niewielka ilo\u015b\u0107 wystarcza do oczyszczenia du\u017cej powierzchni, minimalizuj\u0105c nadmierne zu\u017cycie. \u015arednio jeden litr produktu mo\u017ce wyczy\u015bci\u0107 do 50 m\u00b2 dach\u00f3wek, zapewniaj\u0105c ekonomiczne i d\u0142ugotrwa\u0142e rozwi\u0105zanie do konserwacji dach\u00f3w i elewacji.<\/p>\n<p><strong><img decoding=\"async\" style=\"margin-right: 12px;\" src=\"https:\/\/www.ferberpainting.com\/wp-content\/uploads\/2026\/02\/Check.svg\" alt=\"\" width=\"18\" height=\"15\" \/>Bezpieczny w u\u017cyciu.<\/strong> W przeciwie\u0144stwie do agresywnych produkt\u00f3w zawieraj\u0105cych \u017cr\u0105ce \u015brodki chemiczne, ten \u015brodek czyszcz\u0105cy nie zawiera niebezpiecznych rozpuszczalnik\u00f3w i nie stanowi zagro\u017cenia dla obrabianych powierzchni. Nie wydziela szkodliwych opar\u00f3w i nie uszkadza struktury dach\u00f3wek ani po\u0142\u0105cze\u0144 dachowych. Stosowany zgodnie z zaleceniami nie stanowi zagro\u017cenia dla \u015brodowiska, zapewniaj\u0105c bezpieczne u\u017cytkowanie zar\u00f3wno u\u017cytkownikom, jak i ich domom.<\/p>\n<p><strong><img decoding=\"async\" style=\"margin-right: 12px;\" src=\"https:\/\/www.ferberpainting.com\/wp-content\/uploads\/2026\/02\/Check.svg\" alt=\"\" width=\"18\" height=\"15\" \/>\u0141atwo\u015b\u0107 u\u017cytkowania.<\/strong> Produkt jest gotowy do u\u017cycia i nie wymaga rozcie\u0144czania ani skomplikowanego przygotowania. Nak\u0142ada si\u0119 go bezpo\u015brednio na dach lub czyszczon\u0105 powierzchni\u0119, szybko rozpuszcza osady i \u0142atwo sp\u0142ukuje wod\u0105. Mo\u017ce by\u0107 nak\u0142adany za pomoc\u0105 opryskiwacza, wa\u0142ka, p\u0119dzla lub myjki niskoci\u015bnieniowej, dzi\u0119ki czemu jest prosty i dost\u0119pny dla ka\u017cdego.<\/p>\n<p><strong><img decoding=\"async\" style=\"margin-right: 12px;\" src=\"https:\/\/www.ferberpainting.com\/wp-content\/uploads\/2026\/02\/Check.svg\" alt=\"\" width=\"18\" height=\"15\" \/>Zwi\u0119kszona wytrzyma\u0142o\u015b\u0107.<\/strong> Skutecznie usuwaj\u0105c osady organiczne i zanieczyszczenia, \u015brodek ten spowalnia ponowne pojawienie si\u0119 mchu i porost\u00f3w, przed\u0142u\u017caj\u0105c tym samym czysto\u015b\u0107 i estetyk\u0119 dach\u00f3w i elewacji. Regularna konserwacja przy u\u017cyciu tego produktu pomaga zapobiega\u0107 przenikaniu wody i przedwczesnemu niszczeniu materia\u0142\u00f3w, zapewniaj\u0105c w ten spos\u00f3b d\u0142u\u017csz\u0105 \u017cywotno\u015b\u0107 dachu.<\/p>\n<p><strong><img decoding=\"async\" style=\"margin-right: 12px;\" src=\"https:\/\/www.ferberpainting.com\/wp-content\/uploads\/2026\/02\/Check.svg\" alt=\"\" width=\"18\" height=\"15\" \/>Szybkie dzia\u0142anie.<\/strong>\u00a0Dzi\u0119ki wysoce aktywnej formule ten \u015brodek czyszcz\u0105cy dzia\u0142a natychmiast na osadzone plamy i pozosta\u0142o\u015bci. W ci\u0105gu zaledwie kilku minut rozpuszcza brud i u\u0142atwia jego usuwanie bez konieczno\u015bci intensywnego szorowania. Idealny do szybkiego czyszczenia, zapewnia nieskazitelny i jasny dach w mgnieniu oka.<\/p>\n<h2><strong>Protok\u00f3\u0142 u\u017cytkowania<\/strong><\/h2>\n<ul>\n<li><strong>Przygotowanie<\/strong>: Przed na\u0142o\u017ceniem produktu nale\u017cy upewni\u0107 si\u0119, \u017ce dach jest suchy lub lekko wilgotny, a rynny i odp\u0142ywy wody s\u0105 dro\u017cne.<\/li>\n<li><strong>Zastosowanie<\/strong>: Wla\u0107 umiarkowan\u0105 ilo\u015b\u0107 \u015brodka czyszcz\u0105cego do r\u0119cznego spryskiwacza, wa\u0142ka lub szczotki, a nast\u0119pnie r\u00f3wnomiernie rozprowadzi\u0107 na p\u0142ytkach.<\/li>\n<li><strong>Czyszczenie<\/strong>: Pozostawi\u0107 produkt na 10 do 20 minut w celu rozpuszczenia mchu, porost\u00f3w i osadzonego brudu. W przypadku silnie zabrudzonych miejsc delikatnie wyszorowa\u0107 szczotk\u0105 lub u\u017cy\u0107 myjki niskoci\u015bnieniowej.<\/li>\n<li><strong>P\u0142ukanie<\/strong>: Dok\u0142adnie sp\u0142uka\u0107 czyst\u0105 wod\u0105 za pomoc\u0105 w\u0119\u017ca ogrodowego lub myjki niskoci\u015bnieniowej, aby usun\u0105\u0107 wszelkie \u015blady produktu i rozpuszczony brud.<\/li>\n<li><strong>Suszenie i wyka\u0144czanie<\/strong>: Pozostawi\u0107 do naturalnego wyschni\u0119cia. W celu dodatkowej ochrony przed powrotem mchu zaleca si\u0119 zastosowanie impregnatu hydrofobowego po ca\u0142kowitym wyschni\u0119ciu.<\/li>\n<li><strong>Cz\u0119stotliwo\u015b\u0107 u\u017cytkowania<\/strong>: Stosuj raz lub dwa razy w roku, aby zapobiec gromadzeniu si\u0119 brudu i utrzyma\u0107 czysty i dobrze utrzymany dach przez ca\u0142y rok.<\/li>\n<li><strong>Przechowywanie<\/strong>: Po ka\u017cdym u\u017cyciu nale\u017cy szczelnie zamkn\u0105\u0107 pojemnik i przechowywa\u0107 go w ch\u0142odnym, suchym miejscu, z dala od \u015bwiat\u0142a i ekstremalnych temperatur, aby zachowa\u0107 jego d\u0142ugotrwa\u0142\u0105 skuteczno\u015b\u0107.<\/li>\n<\/ul>","protected":false},"excerpt":{"rendered":"<p>Optimal Efficiency. This tile cleaner is specially formulated to effectively eliminate grime, pollution stains, moss, lichens, and green deposits that accumulate on roofs over time. Its powerful formula penetrates deep into the material to dissolve impurities and restore the original appearance of tiles, whether old or new. It ensures deep cleaning while preserving the structure [&hellip;]<\/p>\n","protected":false},"featured_media":36656,"comment_status":"open","ping_status":"closed","template":"","meta":{"_uag_custom_page_level_css":"","site-sidebar-layout":"default","site-content-layout":"","ast-site-content-layout":"default","site-content-style":"default","site-sidebar-style":"default","ast-global-header-display":"","ast-banner-title-visibility":"","ast-main-header-display":"","ast-hfb-above-header-display":"","ast-hfb-below-header-display":"","ast-hfb-mobile-header-display":"","site-post-title":"","ast-breadcrumbs-content":"","ast-featured-img":"","footer-sml-layout":"","ast-disable-related-posts":"","theme-transparent-header-meta":"default","adv-header-id-meta":"","stick-header-meta":"","header-above-stick-meta":"","header-main-stick-meta":"","header-below-stick-meta":"","astra-migrate-meta-layouts":"set","ast-page-background-enabled":"default","ast-page-background-meta":{"desktop":{"background-color":"var(--ast-global-color-4)","background-image":"","background-repeat":"repeat","background-position":"center center","background-size":"auto","background-attachment":"scroll","background-type":"","background-media":"","overlay-type":"","overlay-color":"","overlay-opacity":"","overlay-gradient":""},"tablet":{"background-color":"","background-image":"","background-repeat":"repeat","background-position":"center center","background-size":"auto","background-attachment":"scroll","background-type":"","background-media":"","overlay-type":"","overlay-color":"","overlay-opacity":"","overlay-gradient":""},"mobile":{"background-color":"","background-image":"","background-repeat":"repeat","background-position":"center center","background-size":"auto","background-attachment":"scroll","background-type":"","background-media":"","overlay-type":"","overlay-color":"","overlay-opacity":"","overlay-gradient":""}},"ast-content-background-meta":{"desktop":{"background-color":"var(--ast-global-color-5)","background-image":"","background-repeat":"repeat","background-position":"center center","background-size":"auto","background-attachment":"scroll","background-type":"","background-media":"","overlay-type":"","overlay-color":"","overlay-opacity":"","overlay-gradient":""},"tablet":{"background-color":"var(--ast-global-color-5)","background-image":"","background-repeat":"repeat","background-position":"center center","background-size":"auto","background-attachment":"scroll","background-type":"","background-media":"","overlay-type":"","overlay-color":"","overlay-opacity":"","overlay-gradient":""},"mobile":{"background-color":"var(--ast-global-color-5)","background-image":"","background-repeat":"repeat","background-position":"center center","background-size":"auto","background-attachment":"scroll","background-type":"","background-media":"","overlay-type":"","overlay-color":"","overlay-opacity":"","overlay-gradient":""}}},"product_brand":[],"product_cat":[175,187],"product_tag":[],"class_list":{"0":"post-36652","1":"product","2":"type-product","3":"status-publish","4":"has-post-thumbnail","6":"product_cat-cleaning-products","7":"product_cat-roofing","8":"desktop-align-left","9":"tablet-align-left","10":"mobile-align-left","12":"first","13":"instock","14":"sale","15":"shipping-taxable","16":"purchasable","17":"product-type-variable","18":"has-default-attributes"},"spectra_custom_meta":{"_edit_lock":["1771821800:5317"],"_edit_last":["1"],"total_sales":["198"],"_tax_status":["taxable"],"_tax_class":[""],"_manage_stock":["no"],"_backorders":["no"],"_sold_individually":["no"],"_virtual":["no"],"_downloadable":["no"],"_download_limit":["-1"],"_download_expiry":["-1"],"_stock":[null],"_stock_status":["instock"],"_wc_average_rating":["5.00"],"_wc_review_count":["40"],"_product_attributes":["a:1:{s:6:\"volume\";a:6:{s:4:\"name\";s:6:\"Volume\";s:5:\"value\";s:20:\"5 liters | 25 liters\";s:8:\"position\";i:0;s:10:\"is_visible\";i:1;s:12:\"is_variation\";i:1;s:11:\"is_taxonomy\";i:0;}}"],"_product_version":["10.5.1"],"merchant-center-availability":["yes"],"merchant-center-category":["7504"],"_default_attributes":["a:1:{s:6:\"volume\";s:8:\"5 liters\";}"],"_price":["29.90","129.90"],"_thumbnail_id":["36656"],"_wp_page_template":["default"],"_product_image_gallery":["36657"],"site-sidebar-layout":["default"],"ast-site-content-layout":["default"],"site-content-style":["default"],"site-sidebar-style":["default"],"theme-transparent-header-meta":["default"],"_wc_rating_count":["a:1:{i:5;i:40;}"],"astra-migrate-meta-layouts":["set"],"_uag_css_file_name":["uag-css-36652.css"],"_elementor_page_assets":["a:0:{}"],"_uag_page_assets":["a:9:{s:3:\"css\";s:7133:\".uag-blocks-common-selector{z-index:var(--z-index-desktop) !important}@media(max-width: 976px){.uag-blocks-common-selector{z-index:var(--z-index-tablet) !important}}@media(max-width: 767px){.uag-blocks-common-selector{z-index:var(--z-index-mobile) !important}}.wp-block-uagb-image{display:flex}.wp-block-uagb-image__figure{position:relative;display:flex;flex-direction:column;max-width:100%;height:auto;margin:0}.wp-block-uagb-image__figure img{height:auto;display:flex;max-width:100%;transition:box-shadow .2s ease}.wp-block-uagb-image__figure>a{display:inline-block}.wp-block-uagb-image__figure figcaption{text-align:center;margin-top:.5em;margin-bottom:1em}.wp-block-uagb-image .components-placeholder.block-editor-media-placeholder .components-placeholder__instructions{align-self:center}.wp-block-uagb-image--align-left{text-align:left}.wp-block-uagb-image--align-right{text-align:right}.wp-block-uagb-image--align-center{text-align:center}.wp-block-uagb-image--align-full .wp-block-uagb-image__figure{margin-left:calc(50% - 50vw);margin-right:calc(50% - 50vw);max-width:100vw;width:100vw;height:auto}.wp-block-uagb-image--align-full .wp-block-uagb-image__figure img{height:auto;width:100% !important}.wp-block-uagb-image--align-wide .wp-block-uagb-image__figure img{height:auto;width:100%}.wp-block-uagb-image--layout-overlay__color-wrapper{position:absolute;left:0;top:0;right:0;bottom:0;opacity:.2;background:rgba(0,0,0,.5);transition:opacity .35s ease-in-out}.wp-block-uagb-image--layout-overlay-link{position:absolute;left:0;right:0;bottom:0;top:0}.wp-block-uagb-image--layout-overlay .wp-block-uagb-image__figure:hover .wp-block-uagb-image--layout-overlay__color-wrapper{opacity:1}.wp-block-uagb-image--layout-overlay__inner{position:absolute;left:15px;right:15px;bottom:15px;top:15px;display:flex;align-items:center;justify-content:center;flex-direction:column;border-color:#fff;transition:.35s ease-in-out}.wp-block-uagb-image--layout-overlay__inner.top-left,.wp-block-uagb-image--layout-overlay__inner.top-center,.wp-block-uagb-image--layout-overlay__inner.top-right{justify-content:flex-start}.wp-block-uagb-image--layout-overlay__inner.bottom-left,.wp-block-uagb-image--layout-overlay__inner.bottom-center,.wp-block-uagb-image--layout-overlay__inner.bottom-right{justify-content:flex-end}.wp-block-uagb-image--layout-overlay__inner.top-left,.wp-block-uagb-image--layout-overlay__inner.center-left,.wp-block-uagb-image--layout-overlay__inner.bottom-left{align-items:flex-start}.wp-block-uagb-image--layout-overlay__inner.top-right,.wp-block-uagb-image--layout-overlay__inner.center-right,.wp-block-uagb-image--layout-overlay__inner.bottom-right{align-items:flex-end}.wp-block-uagb-image--layout-overlay__inner .uagb-image-heading{color:#fff;transition:transform .35s,opacity .35s ease-in-out;transform:translate3d(0, 24px, 0);margin:0;line-height:1em}.wp-block-uagb-image--layout-overlay__inner .uagb-image-separator{width:30%;border-top-width:2px;border-top-color:#fff;border-top-style:solid;margin-bottom:10px;opacity:0;transition:transform .4s,opacity .4s ease-in-out;transform:translate3d(0, 30px, 0)}.wp-block-uagb-image--layout-overlay__inner .uagb-image-caption{opacity:0;overflow:visible;color:#fff;transition:transform .45s,opacity .45s ease-in-out;transform:translate3d(0, 35px, 0)}.wp-block-uagb-image--layout-overlay__inner:hover .uagb-image-heading,.wp-block-uagb-image--layout-overlay__inner:hover .uagb-image-separator,.wp-block-uagb-image--layout-overlay__inner:hover .uagb-image-caption{opacity:1;transform:translate3d(0, 0, 0)}.wp-block-uagb-image--effect-zoomin .wp-block-uagb-image__figure img,.wp-block-uagb-image--effect-zoomin .wp-block-uagb-image__figure .wp-block-uagb-image--layout-overlay__color-wrapper{transform:scale(1);transition:transform .35s ease-in-out}.wp-block-uagb-image--effect-zoomin .wp-block-uagb-image__figure:hover img,.wp-block-uagb-image--effect-zoomin .wp-block-uagb-image__figure:hover .wp-block-uagb-image--layout-overlay__color-wrapper{transform:scale(1.05)}.wp-block-uagb-image--effect-slide .wp-block-uagb-image__figure img,.wp-block-uagb-image--effect-slide .wp-block-uagb-image__figure .wp-block-uagb-image--layout-overlay__color-wrapper{width:calc(100% + 40px) !important;max-width:none !important;transform:translate3d(-40px, 0, 0);transition:transform .35s ease-in-out}.wp-block-uagb-image--effect-slide .wp-block-uagb-image__figure:hover img,.wp-block-uagb-image--effect-slide .wp-block-uagb-image__figure:hover .wp-block-uagb-image--layout-overlay__color-wrapper{transform:translate3d(0, 0, 0)}.wp-block-uagb-image--effect-grayscale img{filter:grayscale(0%);transition:.35s ease-in-out}.wp-block-uagb-image--effect-grayscale:hover img{filter:grayscale(100%)}.wp-block-uagb-image--effect-blur img{filter:blur(0);transition:.35s ease-in-out}.wp-block-uagb-image--effect-blur:hover img{filter:blur(3px)}.uagb-block-e6f939b3.wp-block-uagb-image--layout-default figure img{box-shadow: 0px 0px 0 #00000070;}.uagb-block-e6f939b3.wp-block-uagb-image .wp-block-uagb-image__figure figcaption{font-style: normal;align-self: center;}.uagb-block-e6f939b3.wp-block-uagb-image--layout-overlay figure img{box-shadow: 0px 0px 0 #00000070;}.uagb-block-e6f939b3.wp-block-uagb-image--layout-overlay .wp-block-uagb-image--layout-overlay__color-wrapper{opacity: 0.2;}.uagb-block-e6f939b3.wp-block-uagb-image--layout-overlay .wp-block-uagb-image--layout-overlay__inner{left: 15px;right: 15px;top: 15px;bottom: 15px;}.uagb-block-e6f939b3.wp-block-uagb-image--layout-overlay .wp-block-uagb-image--layout-overlay__inner .uagb-image-heading{font-style: normal;color: #fff;opacity: 1;}.uagb-block-e6f939b3.wp-block-uagb-image--layout-overlay .wp-block-uagb-image--layout-overlay__inner .uagb-image-heading a{color: #fff;}.uagb-block-e6f939b3.wp-block-uagb-image--layout-overlay .wp-block-uagb-image--layout-overlay__inner .uagb-image-caption{opacity: 0;}.uagb-block-e6f939b3.wp-block-uagb-image--layout-overlay .wp-block-uagb-image__figure:hover .wp-block-uagb-image--layout-overlay__color-wrapper{opacity: 1;}.uagb-block-e6f939b3.wp-block-uagb-image .wp-block-uagb-image--layout-overlay__inner .uagb-image-separator{width: 30%;border-top-width: 2px;border-top-color: #fff;opacity: 0;}.uagb-block-e6f939b3.wp-block-uagb-image .wp-block-uagb-image__figure img{width: px;height: auto;}.uagb-block-e6f939b3.wp-block-uagb-image .wp-block-uagb-image__figure:hover .wp-block-uagb-image--layout-overlay__inner .uagb-image-caption{opacity: 1;}.uagb-block-e6f939b3.wp-block-uagb-image .wp-block-uagb-image__figure:hover .wp-block-uagb-image--layout-overlay__inner .uagb-image-separator{opacity: 1;}.uagb-block-e6f939b3.wp-block-uagb-image--layout-default figure:hover img{box-shadow: 0px 0px 0 #00000070;}.uagb-block-e6f939b3.wp-block-uagb-image--layout-overlay figure:hover img{box-shadow: 0px 0px 0 #00000070;}@media only screen and (max-width: 976px) {.uagb-block-e6f939b3.wp-block-uagb-image .wp-block-uagb-image__figure img{width: px;height: auto;}}@media only screen and (max-width: 767px) {.uagb-block-e6f939b3.wp-block-uagb-image .wp-block-uagb-image__figure img{width: px;height: auto;}}\";s:2:\"js\";s:0:\"\";s:18:\"current_block_list\";a:13:{i:0;s:11:\"core\/search\";i:1;s:10:\"core\/group\";i:2;s:12:\"core\/heading\";i:3;s:17:\"core\/latest-posts\";i:4;s:20:\"core\/latest-comments\";i:5;s:13:\"core\/archives\";i:6;s:15:\"core\/categories\";i:7;s:14:\"core\/paragraph\";i:8;s:10:\"uagb\/image\";i:9;s:11:\"core\/spacer\";i:10;s:30:\"woocommerce\/product-categories\";i:11;s:10:\"core\/image\";i:12;s:14:\"core\/shortcode\";}s:8:\"uag_flag\";b:1;s:11:\"uag_version\";s:10:\"1776781297\";s:6:\"gfonts\";a:0:{}s:10:\"gfonts_url\";s:0:\"\";s:12:\"gfonts_files\";a:0:{}s:14:\"uag_faq_layout\";b:0;}"]},"uagb_featured_image_src":{"full":["https:\/\/www.ferberpainting.com\/wp-content\/uploads\/2025\/07\/Roof-Tile-Cleaner-5L-Mockup-.png",2560,2560,false],"thumbnail":["https:\/\/www.ferberpainting.com\/wp-content\/uploads\/2025\/07\/Roof-Tile-Cleaner-5L-Mockup--150x150.png",150,150,true],"medium":["https:\/\/www.ferberpainting.com\/wp-content\/uploads\/2025\/07\/Roof-Tile-Cleaner-5L-Mockup--300x300.png",300,300,true],"medium_large":["https:\/\/www.ferberpainting.com\/wp-content\/uploads\/2025\/07\/Roof-Tile-Cleaner-5L-Mockup--768x768.png",768,768,true],"large":["https:\/\/www.ferberpainting.com\/wp-content\/uploads\/2025\/07\/Roof-Tile-Cleaner-5L-Mockup--1024x1024.png",1024,1024,true],"1536x1536":["https:\/\/www.ferberpainting.com\/wp-content\/uploads\/2025\/07\/Roof-Tile-Cleaner-5L-Mockup--1536x1536.png",1536,1536,true],"2048x2048":["https:\/\/www.ferberpainting.com\/wp-content\/uploads\/2025\/07\/Roof-Tile-Cleaner-5L-Mockup--2048x2048.png",2048,2048,true],"trp-custom-language-flag":["https:\/\/www.ferberpainting.com\/wp-content\/uploads\/2025\/07\/Roof-Tile-Cleaner-5L-Mockup--12x12.png",12,12,true],"woocommerce_thumbnail":["https:\/\/www.ferberpainting.com\/wp-content\/uploads\/2025\/07\/Roof-Tile-Cleaner-5L-Mockup--300x300.png",300,300,true],"woocommerce_single":["https:\/\/www.ferberpainting.com\/wp-content\/uploads\/2025\/07\/Roof-Tile-Cleaner-5L-Mockup--600x600.png",600,600,true],"woocommerce_gallery_thumbnail":["https:\/\/www.ferberpainting.com\/wp-content\/uploads\/2025\/07\/Roof-Tile-Cleaner-5L-Mockup--100x100.png",100,100,true]},"uagb_author_info":{"display_name":"admin","author_link":"https:\/\/www.ferberpainting.com\/pl\/author\/"},"uagb_comment_info":40,"uagb_excerpt":"Optimal Efficiency. This tile cleaner is specially formulated to effectively eliminate grime, pollution stains, moss, lichens, and green deposits that accumulate on roofs over time. Its powerful formula penetrates deep into the material to dissolve impurities and restore the original appearance of tiles, whether old or new. It ensures deep cleaning while preserving the structure&hellip;","_links":{"self":[{"href":"https:\/\/www.ferberpainting.com\/pl\/wp-json\/wp\/v2\/product\/36652","targetHints":{"allow":["GET"]}}],"collection":[{"href":"https:\/\/www.ferberpainting.com\/pl\/wp-json\/wp\/v2\/product"}],"about":[{"href":"https:\/\/www.ferberpainting.com\/pl\/wp-json\/wp\/v2\/types\/product"}],"replies":[{"embeddable":true,"href":"https:\/\/www.ferberpainting.com\/pl\/wp-json\/wp\/v2\/comments?post=36652"}],"version-history":[{"count":5,"href":"https:\/\/www.ferberpainting.com\/pl\/wp-json\/wp\/v2\/product\/36652\/revisions"}],"predecessor-version":[{"id":167141,"href":"https:\/\/www.ferberpainting.com\/pl\/wp-json\/wp\/v2\/product\/36652\/revisions\/167141"}],"wp:featuredmedia":[{"embeddable":true,"href":"https:\/\/www.ferberpainting.com\/pl\/wp-json\/wp\/v2\/media\/36656"}],"wp:attachment":[{"href":"https:\/\/www.ferberpainting.com\/pl\/wp-json\/wp\/v2\/media?parent=36652"}],"wp:term":[{"taxonomy":"product_brand","embeddable":true,"href":"https:\/\/www.ferberpainting.com\/pl\/wp-json\/wp\/v2\/product_brand?post=36652"},{"taxonomy":"product_cat","embeddable":true,"href":"https:\/\/www.ferberpainting.com\/pl\/wp-json\/wp\/v2\/product_cat?post=36652"},{"taxonomy":"product_tag","embeddable":true,"href":"https:\/\/www.ferberpainting.com\/pl\/wp-json\/wp\/v2\/product_tag?post=36652"}],"curies":[{"name":"wp","href":"https:\/\/api.w.org\/{rel}","templated":true}]}}