{"id":25669,"date":"2025-05-26T10:33:25","date_gmt":"2025-05-26T08:33:25","guid":{"rendered":"https:\/\/www.ferberpainting.com\/products\/wood-oil-remover\/"},"modified":"2026-02-18T09:57:04","modified_gmt":"2026-02-18T08:57:04","slug":"wood-oil-remover","status":"publish","type":"product","link":"https:\/\/www.ferberpainting.com\/pl\/products\/wood-oil-remover\/","title":{"rendered":"Odt\u0142uszczacz do drewna"},"content":{"rendered":"<p><strong><img decoding=\"async\" style=\"margin-right: 12px;\" src=\"https:\/\/www.ferberpainting.com\/wp-content\/uploads\/2026\/02\/Check.svg\" alt=\"\" width=\"18\" height=\"15\" \/>Skutecznie usuwa plamy i pozosta\u0142o\u015bci oleju z powierzchni drewnianych.<\/strong> Nasz \u015brodek do usuwania oleju z drewna zosta\u0142 specjalnie opracowany, aby wnika\u0107 g\u0142\u0119boko we w\u0142\u00f3kna drewna i usuwa\u0107 osadzone plamy oleju, \u015blady t\u0142uszczu i zanieczyszczenia spowodowane olejami meblowymi, rozpryskami kuchennymi, p\u0142ynami samochodowymi lub produktami do konserwacji. W przeciwie\u0144stwie do powierzchownych \u015brodk\u00f3w czyszcz\u0105cych, kt\u00f3re dzia\u0142aj\u0105 tylko na powierzchni, ta zaawansowana formu\u0142a dzia\u0142a wewn\u0105trz porowatej struktury drewna, podnosz\u0105c i rozpuszczaj\u0105c osady oleju, przywracaj\u0105c naturalny wygl\u0105d materia\u0142u bez uszkadzania jego integralno\u015bci.<\/p>\n<p><strong><img decoding=\"async\" style=\"margin-right: 12px;\" src=\"https:\/\/www.ferberpainting.com\/wp-content\/uploads\/2026\/02\/Check.svg\" alt=\"\" width=\"18\" height=\"15\" \/>Oferujemy gwarancj\u0119 zwrotu pieni\u0119dzy dla pe\u0142nego spokoju ducha.<\/strong> W pe\u0142ni gwarantujemy wydajno\u015b\u0107 naszego zmywacza do oleju drzewnego. Je\u015bli nie b\u0119dziesz w pe\u0142ni zadowolony z rezultat\u00f3w, zwr\u00f3cimy Ci pieni\u0105dze za zakup. Ta gwarancja zwrotu pieni\u0119dzy pozwala na korzystanie z produktu bez obaw, wiedz\u0105c, \u017ce Twoja inwestycja jest bezpieczna, a Twoje zadowolenie jest naszym najwy\u017cszym priorytetem.<\/p>\n<p><strong><img decoding=\"async\" style=\"margin-right: 12px;\" src=\"https:\/\/www.ferberpainting.com\/wp-content\/uploads\/2026\/02\/Check.svg\" alt=\"\" width=\"18\" height=\"15\" \/>Najskuteczniejsze na rynku rozwi\u0105zanie do usuwania plam olejowych z drewna.<\/strong> Nasza formu\u0142a, zawieraj\u0105ca substancje czynne o wysokiej penetracji, zosta\u0142a zaprojektowana tak, aby rozk\u0142ada\u0107 nawet uporczywe plamy na bazie oleju, kt\u00f3re g\u0142\u0119boko wnikn\u0119\u0142y w drewno. Dzia\u0142a skutecznie zar\u00f3wno na \u015bwie\u017cych, jak i starszych plamach, znacznie przewy\u017cszaj\u0105c standardowe domowe odt\u0142uszczacze. Jego silne dzia\u0142anie zapewnia widoczne i d\u0142ugotrwa\u0142e rezultaty, co czyni go najskuteczniejszym rozwi\u0105zaniem dla zanieczyszczonych olejem powierzchni drewnianych.<\/p>\n<p><strong><img decoding=\"async\" style=\"margin-right: 12px;\" src=\"https:\/\/www.ferberpainting.com\/wp-content\/uploads\/2026\/02\/Check.svg\" alt=\"\" width=\"18\" height=\"15\" \/>Najta\u0144szy dost\u0119pny profesjonalny \u015brodek do usuwania oleju.<\/strong> Wysokiej jako\u015bci czyszczenie nie musi by\u0107 drogie. Oferujemy najbardziej konkurencyjne ceny przy zachowaniu profesjonalnej jako\u015bci. Optymalizuj\u0105c procesy produkcji i dystrybucji, zapewniamy najwy\u017cszej jako\u015bci \u015brodek do usuwania oleju drzewnego w najni\u017cszej cenie w por\u00f3wnaniu z podobnymi produktami, zapewniaj\u0105c doskona\u0142\u0105 warto\u015b\u0107 zar\u00f3wno dla w\u0142a\u015bcicieli dom\u00f3w, jak i profesjonalist\u00f3w.<\/p>\n<p><strong><img decoding=\"async\" style=\"margin-right: 12px;\" src=\"https:\/\/www.ferberpainting.com\/wp-content\/uploads\/2026\/02\/Check.svg\" alt=\"\" width=\"18\" height=\"15\" \/>Gwarantowana dostawa w ci\u0105gu 24 godzin dla natychmiastowego dzia\u0142ania.<\/strong> Plamy olejowe powinny by\u0107 usuwane tak szybko, jak to mo\u017cliwe, aby zapobiec ich g\u0142\u0119bszej penetracji. W\u0142a\u015bnie dlatego oferujemy niezawodn\u0105 24-godzinn\u0105 dostaw\u0119, dzi\u0119ki czemu \u015brodek do usuwania oleju z drewna dociera szybko i jest gotowy do natychmiastowego zastosowania. Szybka wysy\u0142ka pomaga odnowi\u0107 drewniane powierzchnie bez zb\u0119dnej zw\u0142oki.<\/p>\n<p><strong><img decoding=\"async\" style=\"margin-right: 12px;\" src=\"https:\/\/www.ferberpainting.com\/wp-content\/uploads\/2026\/02\/Check.svg\" alt=\"\" width=\"18\" height=\"15\" \/>Wydajne pokrycie do 10 m\u00b2 na litr dla precyzyjnego planowania.<\/strong> Jeden litr produktu wystarcza na 10 metr\u00f3w kwadratowych, w zale\u017cno\u015bci od poziomu zanieczyszczenia i porowato\u015bci drewna. Ten wyra\u017any wska\u017anik pokrycia pozwala na dok\u0142adne oszacowanie materia\u0142u i kontrol\u0119 koszt\u00f3w, zapewniaj\u0105c jednocze\u015bnie wystarczaj\u0105c\u0105 aplikacj\u0119 dla optymalnego usuwania plam.<\/p>\n<p><strong><img decoding=\"async\" style=\"margin-right: 12px;\" src=\"https:\/\/www.ferberpainting.com\/wp-content\/uploads\/2026\/02\/Check.svg\" alt=\"\" width=\"18\" height=\"15\" \/>Przywraca naturalny wygl\u0105d drewna bez ostrego \u015bcierania.<\/strong> Zamiast agresywnego szlifowania lub skrobania, \u015brodek do usuwania oleju dzia\u0142a chemicznie, aby wydoby\u0107 t\u0142uszcz i olej z w\u0142\u00f3kien. Zmniejsza to potrzeb\u0119 ci\u0119\u017ckiej interwencji mechanicznej i pomaga zachowa\u0107 oryginaln\u0105 tekstur\u0119 i struktur\u0119 drewna.<\/p>\n<p><strong><img decoding=\"async\" style=\"margin-right: 12px;\" src=\"https:\/\/www.ferberpainting.com\/wp-content\/uploads\/2026\/02\/Check.svg\" alt=\"\" width=\"18\" height=\"15\" \/>Przygotowuje powierzchnie do renowacji lub obr\u00f3bki.<\/strong> Po usuni\u0119ciu oleju powierzchnia drewna staje si\u0119 czysta i podatna na dalsze zabiegi, takie jak bejcowanie, lakierowanie, uszczelnianie lub malowanie. Odpowiednie przygotowanie zapewnia lepsz\u0105 przyczepno\u015b\u0107 i trwalsze rezultaty wyko\u0144czenia.<\/p>\n<p><strong><img decoding=\"async\" style=\"margin-right: 12px;\" src=\"https:\/\/www.ferberpainting.com\/wp-content\/uploads\/2026\/02\/Check.svg\" alt=\"\" width=\"18\" height=\"15\" \/>Nadaje si\u0119 do r\u00f3\u017cnych rodzaj\u00f3w drewna i zastosowa\u0144.<\/strong> Produkt mo\u017ce by\u0107 stosowany na twardym i mi\u0119kkim drewnie, tarasach, pod\u0142ogach, meblach, drzwiach i panelach drewnianych. Dostosowuje si\u0119 do wewn\u0119trznych i zewn\u0119trznych powierzchni drewnianych, gdy jest stosowany zgodnie z instrukcjami.<\/p>\n<p><strong><img decoding=\"async\" style=\"margin-right: 12px;\" src=\"https:\/\/www.ferberpainting.com\/wp-content\/uploads\/2026\/02\/Check.svg\" alt=\"\" width=\"18\" height=\"15\" \/>\u0141atwa aplikacja dla profesjonalist\u00f3w i majsterkowicz\u00f3w.<\/strong> Zaprojektowany z my\u015bl\u0105 o wygodzie, zmywacz do oleju do drewna mo\u017ce by\u0107 nak\u0142adany za pomoc\u0105 p\u0119dzla lub szmatki. Jego \u0142atwa w u\u017cyciu konsystencja pozwala na ukierunkowane dzia\u0142anie na zabrudzone obszary, zapewniaj\u0105c jednocze\u015bnie r\u00f3wnomiern\u0105 penetracj\u0119 i skuteczne czyszczenie.<\/p>\n<h2><strong>Instrukcje<\/strong><\/h2>\n<ul>\n<li>Przed aplikacj\u0105 nale\u017cy upewni\u0107 si\u0119, \u017ce powierzchnia drewna jest sucha i wolna od lu\u017anego py\u0142u i zanieczyszcze\u0144.<\/li>\n<li>Przed u\u017cyciem dok\u0142adnie wstrz\u0105sn\u0105\u0107 lub wymiesza\u0107 produkt.<\/li>\n<li>Na\u0142\u00f3\u017c obficie zmywacz do oleju do drewna na zabrudzone miejsce za pomoc\u0105 p\u0119dzla lub szmatki.<\/li>\n<li>Zalecana dawka wynosi oko\u0142o 100 ml na metr kwadratowy, poniewa\u017c jeden litr wystarcza na 10 m\u00b2. Nieznacznie zwi\u0119kszy\u0107 dawk\u0119 w przypadku silnie nasyconych obszar\u00f3w.<\/li>\n<li>Pozostawi\u0107 produkt do wnikni\u0119cia we w\u0142\u00f3kna drewna na 15 do 30 minut, w zale\u017cno\u015bci od g\u0142\u0119boko\u015bci bejcowania.<\/li>\n<li>W przypadku uporczywych plam, delikatnie wyszoruj powierzchni\u0119 mi\u0119kk\u0105 lub \u015brednio sztywn\u0105 szczotk\u0105 zgodnie z kierunkiem s\u0142oj\u00f3w drewna.<\/li>\n<li>Zetrze\u0107 nadmiar produktu i rozpuszczone pozosta\u0142o\u015bci czyst\u0105, ch\u0142onn\u0105 \u015bciereczk\u0105.<\/li>\n<li>W razie potrzeby lekko sp\u0142uka\u0107 czyst\u0105 wod\u0105 i pozostawi\u0107 powierzchni\u0119 do ca\u0142kowitego wyschni\u0119cia.<\/li>\n<li>W przypadku g\u0142\u0119bokich lub starych plam olejowych nale\u017cy powtarza\u0107 proces a\u017c do uzyskania po\u017c\u0105danego rezultatu.<\/li>\n<li>Po ca\u0142kowitym wyschni\u0119ciu, w razie potrzeby lekko przeszlifowa\u0107, aby przywr\u00f3ci\u0107 g\u0142adk\u0105 powierzchni\u0119 przed na\u0142o\u017ceniem jakiegokolwiek produktu wyko\u0144czeniowego.<\/li>\n<li>Narz\u0119dzia nale\u017cy czy\u015bci\u0107 natychmiast po u\u017cyciu zgodnie z zaleceniami dotycz\u0105cymi produktu.<\/li>\n<li>Przechowywa\u0107 pojemnik szczelnie zamkni\u0119ty w ch\u0142odnym, suchym miejscu, chroni\u0105c przed mrozem i bezpo\u015brednim dzia\u0142aniem promieni s\u0142onecznych.<\/li>\n<li>Przechowywa\u0107 w miejscu niedost\u0119pnym dla dzieci i przestrzega\u0107 standardowych \u015brodk\u00f3w ostro\u017cno\u015bci podczas obchodzenia si\u0119 i stosowania.<\/li>\n<\/ul>","protected":false},"excerpt":{"rendered":"<p>Effectively remove oil stains and residues from wood surfaces. Our wood oil remover is specially formulated to penetrate deep into wooden fibers and extract embedded oil stains, grease marks, and contamination caused by furniture oils, cooking splashes, automotive fluids, or maintenance products. Unlike superficial cleaners that only treat the surface, this advanced formula works within [&hellip;]<\/p>\n","protected":false},"featured_media":27468,"comment_status":"open","ping_status":"closed","template":"","meta":{"_uag_custom_page_level_css":"","site-sidebar-layout":"default","site-content-layout":"","ast-site-content-layout":"default","site-content-style":"default","site-sidebar-style":"default","ast-global-header-display":"","ast-banner-title-visibility":"","ast-main-header-display":"","ast-hfb-above-header-display":"","ast-hfb-below-header-display":"","ast-hfb-mobile-header-display":"","site-post-title":"","ast-breadcrumbs-content":"","ast-featured-img":"","footer-sml-layout":"","ast-disable-related-posts":"","theme-transparent-header-meta":"default","adv-header-id-meta":"","stick-header-meta":"","header-above-stick-meta":"","header-main-stick-meta":"","header-below-stick-meta":"","astra-migrate-meta-layouts":"set","ast-page-background-enabled":"default","ast-page-background-meta":{"desktop":{"background-color":"var(--ast-global-color-4)","background-image":"","background-repeat":"repeat","background-position":"center center","background-size":"auto","background-attachment":"scroll","background-type":"","background-media":"","overlay-type":"","overlay-color":"","overlay-opacity":"","overlay-gradient":""},"tablet":{"background-color":"","background-image":"","background-repeat":"repeat","background-position":"center center","background-size":"auto","background-attachment":"scroll","background-type":"","background-media":"","overlay-type":"","overlay-color":"","overlay-opacity":"","overlay-gradient":""},"mobile":{"background-color":"","background-image":"","background-repeat":"repeat","background-position":"center center","background-size":"auto","background-attachment":"scroll","background-type":"","background-media":"","overlay-type":"","overlay-color":"","overlay-opacity":"","overlay-gradient":""}},"ast-content-background-meta":{"desktop":{"background-color":"var(--ast-global-color-5)","background-image":"","background-repeat":"repeat","background-position":"center center","background-size":"auto","background-attachment":"scroll","background-type":"","background-media":"","overlay-type":"","overlay-color":"","overlay-opacity":"","overlay-gradient":""},"tablet":{"background-color":"var(--ast-global-color-5)","background-image":"","background-repeat":"repeat","background-position":"center center","background-size":"auto","background-attachment":"scroll","background-type":"","background-media":"","overlay-type":"","overlay-color":"","overlay-opacity":"","overlay-gradient":""},"mobile":{"background-color":"var(--ast-global-color-5)","background-image":"","background-repeat":"repeat","background-position":"center center","background-size":"auto","background-attachment":"scroll","background-type":"","background-media":"","overlay-type":"","overlay-color":"","overlay-opacity":"","overlay-gradient":""}}},"product_brand":[],"product_cat":[175,193],"product_tag":[],"class_list":{"0":"post-25669","1":"product","2":"type-product","3":"status-publish","4":"has-post-thumbnail","6":"product_cat-cleaning-products","7":"product_cat-wood-treatment","8":"desktop-align-left","9":"tablet-align-left","10":"mobile-align-left","12":"first","13":"instock","14":"sale","15":"shipping-taxable","16":"purchasable","17":"product-type-variable","18":"has-default-attributes"},"spectra_custom_meta":{"_visibility":["visible"],"_shopify_product_id":["8050147983605"],"_s2w_shopify_domain":["ferberpainting.myshopify.com"],"_shopify_variant_id":["43843146580213"],"_sku":[""],"_manage_stock":["no"],"total_sales":["10"],"_tax_status":["taxable"],"_tax_class":[""],"_backorders":["no"],"_sold_individually":["no"],"_virtual":["no"],"_downloadable":["no"],"_download_limit":["-1"],"_download_expiry":["-1"],"_stock":[null],"_stock_status":["instock"],"_wc_average_rating":["4.98"],"_wc_review_count":["66"],"_product_attributes":["a:1:{s:6:\"volume\";a:6:{s:4:\"name\";s:6:\"Volume\";s:5:\"value\";s:20:\"5 liters | 25 liters\";s:8:\"position\";i:1;s:10:\"is_visible\";i:0;s:12:\"is_variation\";i:1;s:11:\"is_taxonomy\";i:0;}}"],"_product_version":["10.5.2"],"_thumbnail_id":["27468"],"_price":["29.90","129.90"],"_product_image_gallery":["27469"],"_edit_lock":["1771404887:1"],"merchant-center-availability":["yes"],"merchant-center-category":["2277"],"merchant-center-id":["DSHB5L"],"wpse_downloadable_file_names":[""],"wpse_downloadable_file_urls":[""],"_edit_last":["1"],"_default_attributes":["a:1:{s:6:\"volume\";s:8:\"5 liters\";}"],"_wc_rating_count":["a:2:{i:4;i:1;i:5;i:65;}"],"_wp_page_template":["default"],"site-sidebar-layout":["default"],"ast-site-content-layout":["default"],"site-content-style":["default"],"site-sidebar-style":["default"],"theme-transparent-header-meta":["default"],"astra-migrate-meta-layouts":["set"],"_uag_css_file_name":["uag-css-25669.css"],"_elementor_page_assets":["a:0:{}"]},"uagb_featured_image_src":{"full":["https:\/\/www.ferberpainting.com\/wp-content\/uploads\/2025\/05\/Deshuileurbois5L.jpg",2560,2560,false],"thumbnail":["https:\/\/www.ferberpainting.com\/wp-content\/uploads\/2025\/05\/Deshuileurbois5L-150x150.jpg",150,150,true],"medium":["https:\/\/www.ferberpainting.com\/wp-content\/uploads\/2025\/05\/Deshuileurbois5L-300x300.jpg",300,300,true],"medium_large":["https:\/\/www.ferberpainting.com\/wp-content\/uploads\/2025\/05\/Deshuileurbois5L-768x768.jpg",768,768,true],"large":["https:\/\/www.ferberpainting.com\/wp-content\/uploads\/2025\/05\/Deshuileurbois5L-1024x1024.jpg",1024,1024,true],"1536x1536":["https:\/\/www.ferberpainting.com\/wp-content\/uploads\/2025\/05\/Deshuileurbois5L-1536x1536.jpg",1536,1536,true],"2048x2048":["https:\/\/www.ferberpainting.com\/wp-content\/uploads\/2025\/05\/Deshuileurbois5L-2048x2048.jpg",2048,2048,true],"trp-custom-language-flag":["https:\/\/www.ferberpainting.com\/wp-content\/uploads\/2025\/05\/Deshuileurbois5L-12x12.jpg",12,12,true],"woocommerce_thumbnail":["https:\/\/www.ferberpainting.com\/wp-content\/uploads\/2025\/05\/Deshuileurbois5L-300x300.jpg",300,300,true],"woocommerce_single":["https:\/\/www.ferberpainting.com\/wp-content\/uploads\/2025\/05\/Deshuileurbois5L-600x600.jpg",600,600,true],"woocommerce_gallery_thumbnail":["https:\/\/www.ferberpainting.com\/wp-content\/uploads\/2025\/05\/Deshuileurbois5L-100x100.jpg",100,100,true]},"uagb_author_info":{"display_name":"admin","author_link":"https:\/\/www.ferberpainting.com\/pl\/author\/"},"uagb_comment_info":66,"uagb_excerpt":"Effectively remove oil stains and residues from wood surfaces. Our wood oil remover is specially formulated to penetrate deep into wooden fibers and extract embedded oil stains, grease marks, and contamination caused by furniture oils, cooking splashes, automotive fluids, or maintenance products. Unlike superficial cleaners that only treat the surface, this advanced formula works within&hellip;","_links":{"self":[{"href":"https:\/\/www.ferberpainting.com\/pl\/wp-json\/wp\/v2\/product\/25669","targetHints":{"allow":["GET"]}}],"collection":[{"href":"https:\/\/www.ferberpainting.com\/pl\/wp-json\/wp\/v2\/product"}],"about":[{"href":"https:\/\/www.ferberpainting.com\/pl\/wp-json\/wp\/v2\/types\/product"}],"replies":[{"embeddable":true,"href":"https:\/\/www.ferberpainting.com\/pl\/wp-json\/wp\/v2\/comments?post=25669"}],"version-history":[{"count":3,"href":"https:\/\/www.ferberpainting.com\/pl\/wp-json\/wp\/v2\/product\/25669\/revisions"}],"predecessor-version":[{"id":169160,"href":"https:\/\/www.ferberpainting.com\/pl\/wp-json\/wp\/v2\/product\/25669\/revisions\/169160"}],"wp:featuredmedia":[{"embeddable":true,"href":"https:\/\/www.ferberpainting.com\/pl\/wp-json\/wp\/v2\/media\/27468"}],"wp:attachment":[{"href":"https:\/\/www.ferberpainting.com\/pl\/wp-json\/wp\/v2\/media?parent=25669"}],"wp:term":[{"taxonomy":"product_brand","embeddable":true,"href":"https:\/\/www.ferberpainting.com\/pl\/wp-json\/wp\/v2\/product_brand?post=25669"},{"taxonomy":"product_cat","embeddable":true,"href":"https:\/\/www.ferberpainting.com\/pl\/wp-json\/wp\/v2\/product_cat?post=25669"},{"taxonomy":"product_tag","embeddable":true,"href":"https:\/\/www.ferberpainting.com\/pl\/wp-json\/wp\/v2\/product_tag?post=25669"}],"curies":[{"name":"wp","href":"https:\/\/api.w.org\/{rel}","templated":true}]}}