{"id":25639,"date":"2025-05-26T10:32:59","date_gmt":"2025-05-26T08:32:59","guid":{"rendered":"https:\/\/www.ferberpainting.com\/products\/water-lily-fertilizer\/"},"modified":"2026-02-17T20:57:37","modified_gmt":"2026-02-17T19:57:37","slug":"water-lily-fertilizer","status":"publish","type":"product","link":"https:\/\/www.ferberpainting.com\/pl\/products\/water-lily-fertilizer\/","title":{"rendered":"Naw\u00f3z do lilii wodnych 25 kg"},"content":{"rendered":"<p><strong><img decoding=\"async\" style=\"margin-right: 12px;\" src=\"https:\/\/www.ferberpainting.com\/wp-content\/uploads\/2026\/02\/Check.svg\" alt=\"\" width=\"18\" height=\"15\" \/>Naw\u00f3z specjalnie zaprojektowany do obfitego kwitnienia i bujnego ulistnienia.<\/strong>\u00a0Lilia wodna to symboliczna ro\u015blina wodna, ceniona za wspania\u0142e p\u0142ywaj\u0105ce kwiaty i eleganckie li\u015bcie. Aby zapewni\u0107 obfite kwitnienie i optymalny rozw\u00f3j, konieczne jest zapewnienie jej odpowiedniego od\u017cywiania. Ten naw\u00f3z NPK 10-10-10 oferuje zr\u00f3wnowa\u017con\u0105 poda\u017c sk\u0142adnik\u00f3w od\u017cywczych, z azotem (N) stymuluj\u0105cym wzrost li\u015bci, fosforem (P) wspomagaj\u0105cym rozw\u00f3j korzeni i kwiat\u00f3w oraz potasem (K) wzmacniaj\u0105cym odporno\u015b\u0107 ro\u015blin i poprawiaj\u0105cym ich wigor. Dzi\u0119ki temu nawozowi lilie wodne b\u0119d\u0105 produkowa\u0107 wi\u0119cej kwiat\u00f3w, b\u0119d\u0105 mia\u0142y bardziej zielone li\u015bcie i pozostan\u0105 w lepszej kondycji przez ca\u0142y sezon.<\/p>\n<p><strong><img decoding=\"async\" style=\"margin-right: 12px;\" src=\"https:\/\/www.ferberpainting.com\/wp-content\/uploads\/2026\/02\/Check.svg\" alt=\"\" width=\"18\" height=\"15\" \/>Gwarancja zwrotu pieni\u0119dzy.<\/strong>\u00a0Jeste\u015bmy ca\u0142kowicie przekonani o skuteczno\u015bci naszego nawozu do lilii wodnych, dlatego te\u017c oferujemy gwarancj\u0119 zwrotu pieni\u0119dzy. Je\u015bli po prawid\u0142owym stosowaniu zgodnie z naszymi zaleceniami Twoja ro\u015blina nie wyka\u017ce widocznej poprawy kwitnienia, ulistnienia lub witalno\u015bci, zwr\u00f3cimy Ci pe\u0142n\u0105 kwot\u0119. Mo\u017cesz nawozi\u0107 sw\u00f3j staw z ca\u0142kowitym spokojem.<\/p>\n<p><strong><img decoding=\"async\" style=\"margin-right: 12px;\" src=\"https:\/\/www.ferberpainting.com\/wp-content\/uploads\/2026\/02\/Check.svg\" alt=\"\" width=\"18\" height=\"15\" \/>Nadaje si\u0119 do wszystkich odmian i typ\u00f3w staw\u00f3w.<\/strong>\u00a0Naw\u00f3z ten jest odpowiedni dla wszystkich odmian lilii wodnych, zar\u00f3wno odpornych, tropikalnych, jak i miniaturowych. Jest skuteczny w naturalnych stawach, stawach ozdobnych, jeziorach, a nawet du\u017cych pojemnikach, zapewniaj\u0105c optymalne nawo\u017cenie we wszystkich \u015brodowiskach wodnych. Jest r\u00f3wnie\u017c kompatybilny ze wszystkimi rodzajami pod\u0142o\u017cy wodnych, takich jak gleba gliniasta, wodna mieszanka doniczkowa lub piasek, dzi\u0119ki czemu jest \u0142atwy w u\u017cyciu niezale\u017cnie od pod\u0142o\u017ca do sadzenia.<\/p>\n<p><strong><img decoding=\"async\" style=\"margin-right: 12px;\" src=\"https:\/\/www.ferberpainting.com\/wp-content\/uploads\/2026\/02\/Check.svg\" alt=\"\" width=\"18\" height=\"15\" \/>Op\u0142acalna wydajno\u015b\u0107 i d\u0142ugotrwa\u0142e nawo\u017cenie.<\/strong>\u00a0Dzi\u0119ki rozpuszczalnej w wodzie formule naw\u00f3z ten stopniowo uwalnia sk\u0142adniki od\u017cywcze, zapewniaj\u0105c d\u0142ugotrwa\u0142e nawo\u017cenie przez kilka tygodni. Worek 25 kg mo\u017ce zasila\u0107 wiele lilii wodnych przez ca\u0142y sezon, oferuj\u0105c doskona\u0142y stosunek jako\u015bci do ceny. Dzi\u0119ki zalecanej dawce 100 g na ro\u015blin\u0119, naw\u00f3z zapewnia sta\u0142e dostarczanie sk\u0142adnik\u00f3w od\u017cywczych, promuj\u0105c regularne i ci\u0105g\u0142e kwitnienie bez strat.<\/p>\n<p><strong><img decoding=\"async\" style=\"margin-right: 12px;\" src=\"https:\/\/www.ferberpainting.com\/wp-content\/uploads\/2026\/02\/Check.svg\" alt=\"\" width=\"18\" height=\"15\" \/>Naw\u00f3z przeznaczony do ochrony fauny wodnej i ekosystemu stawu. <\/strong>Specjalnie zaprojektowany do stosowania w \u015brodowisku wodnym, naw\u00f3z ten nie zanieczyszcza wody i jest bezpieczny dla ryb, p\u0142az\u00f3w i owad\u00f3w wodnych. Wspomaga wzrost ro\u015blin bez zak\u0142\u00f3cania ekosystemu stawu, zapewniaj\u0105c harmonijne i zr\u00f3wnowa\u017cone \u015brodowisko wodne. Jego sk\u0142ad pomaga r\u00f3wnie\u017c utrzyma\u0107 jako\u015b\u0107 wody, zapobiegaj\u0105c zjawiskom eutrofizacji, kt\u00f3re mog\u0105 prowadzi\u0107 do pojawienia si\u0119 niepo\u017c\u0105danych glon\u00f3w.<\/p>\n<p><strong><img decoding=\"async\" style=\"margin-right: 12px;\" src=\"https:\/\/www.ferberpainting.com\/wp-content\/uploads\/2026\/02\/Check.svg\" alt=\"\" width=\"18\" height=\"15\" \/>\u0141atwa aplikacja i nawo\u017cenie bez wysi\u0142ku.<\/strong>\u00a0W przeciwie\u0144stwie do nawoz\u00f3w p\u0142ynnych, kt\u00f3re wymagaj\u0105 rozpuszczania i cz\u0119stego stosowania, ten naw\u00f3z ma posta\u0107 sta\u0142\u0105 i jest umieszczany bezpo\u015brednio w pod\u0142o\u017cu do sadzenia, zapewniaj\u0105c stopniowe i jednorodne uwalnianie sk\u0142adnik\u00f3w od\u017cywczych. Jest prosty i przyst\u0119pny w u\u017cyciu, zar\u00f3wno dla pocz\u0105tkuj\u0105cych, jak i do\u015bwiadczonych ogrodnik\u00f3w wodnych. Wystarczy umie\u015bci\u0107 go w pobli\u017cu korzeni lilii wodnych, aby uzyska\u0107 skuteczne rezultaty przez kilka tygodni.<\/p>\n<p><strong><img decoding=\"async\" style=\"margin-right: 12px;\" src=\"https:\/\/www.ferberpainting.com\/wp-content\/uploads\/2026\/02\/Check.svg\" alt=\"\" width=\"18\" height=\"15\" \/>D\u0142ugotrwa\u0142e dzia\u0142anie dla ci\u0105g\u0142ego kwitnienia i lepszej odporno\u015bci ro\u015blin.<\/strong>\u00a0Dzi\u0119ki formule stopniowego uwalniania, naw\u00f3z ten zapewnia sta\u0142y dop\u0142yw sk\u0142adnik\u00f3w od\u017cywczych, umo\u017cliwiaj\u0105c liliom wodnym ci\u0105g\u0142e i obfite kwitnienie przez ca\u0142y sezon letni. Wzmacnia odporno\u015b\u0107 ro\u015blin na szkodniki i choroby, zapewniaj\u0105c mocniejsze li\u015bcie i bujny wzrost.<\/p>\n<p><strong><img decoding=\"async\" style=\"margin-right: 12px;\" src=\"https:\/\/www.ferberpainting.com\/wp-content\/uploads\/2026\/02\/Check.svg\" alt=\"\" width=\"18\" height=\"15\" \/>Widoczne rezultaty w ci\u0105gu pierwszych kilku tygodni.<\/strong>\u00a0Ju\u017c po pierwszym zastosowaniu mo\u017cna zauwa\u017cy\u0107 znaczn\u0105 popraw\u0119 w rozwoju li\u015bci i kwiat\u00f3w. Lilie wodne rosn\u0105 szybciej, wytwarzaj\u0105c bardziej obfite li\u015bcie i \u017cywe kwiaty w r\u00f3\u017cnych kolorach, wnosz\u0105c wyj\u0105tkowe pi\u0119kno do stawu.<\/p>\n<h2><strong>Instrukcja obs\u0142ugi<\/strong><\/h2>\n<p><strong>Zalecane dawkowanie <\/strong>: Stosowa\u0107 100 g nawozu na ro\u015blin\u0119 w zale\u017cno\u015bci od wielko\u015bci i wieku lilii wodnej. W przypadku m\u0142odych ro\u015blin nale\u017cy zmniejszy\u0107 dawk\u0119 do 50 g, aby unikn\u0105\u0107 nadmiernego wch\u0142aniania sk\u0142adnik\u00f3w od\u017cywczych.<\/p>\n<p><strong>Metoda aplikacji :<\/strong><\/p>\n<ul>\n<li><strong>Wbudowanie w pod\u0142o\u017ce <\/strong>: Umie\u015b\u0107 naw\u00f3z w postaci granulatu bezpo\u015brednio na dnie pojemnika do sadzenia, lekko zakopuj\u0105c go w glebie, aby zapobiec jego rozproszeniu w wodzie.<\/li>\n<li><strong>Podczas przesadzania <\/strong>: Wymiesza\u0107 naw\u00f3z z gleb\u0105 wodn\u0105 podczas sadzenia k\u0142\u0105czy, aby zapewni\u0107 natychmiastowe i d\u0142ugotrwa\u0142e dostarczanie sk\u0142adnik\u00f3w od\u017cywczych.<\/li>\n<li><strong>Odnowienie aplikacji <\/strong>: Dodawa\u0107 now\u0105 dawk\u0119 co 6 do 8 tygodni w sezonie wegetacyjnym, aby utrzyma\u0107 ci\u0105g\u0142o\u015b\u0107 kwitnienia.<\/li>\n<\/ul>\n<p><strong>Cz\u0119stotliwo\u015b\u0107 stosowania <\/strong>:<\/p>\n<ul>\n<li><strong>W okresie wzrostu i kwitnienia (wiosna-lato) <\/strong>: Stosuj naw\u00f3z co 6 tygodni, aby promowa\u0107 szybki wzrost i obfite kwitnienie.<\/li>\n<li><strong>W okresie spoczynku wegetacyjnego (jesie\u0144-zima) <\/strong>: Zaprzesta\u0107 nawo\u017cenia i pozwoli\u0107 ro\u015blinie wej\u015b\u0107 w naturalny stan spoczynku.<\/li>\n<\/ul>\n<p><strong>\u015arodki ostro\u017cno\u015bci dotycz\u0105ce u\u017cytkowania <\/strong>: Nie przedawkowa\u0107 nawozu, aby unikn\u0105\u0107 nadmiernego gromadzenia si\u0119 sk\u0142adnik\u00f3w od\u017cywczych w wodzie, co mog\u0142oby zaburzy\u0107 r\u00f3wnowag\u0119 ekosystemu stawu. Stosowa\u0107 wy\u0142\u0105cznie w bezpo\u015brednim kontakcie z pod\u0142o\u017cem, a nie na powierzchni wody.<\/p>\n<p><strong>Przechowywanie i konserwacja <\/strong>: Naw\u00f3z nale\u017cy przechowywa\u0107 w suchym miejscu, z dala od wilgoci i ekstremalnych temperatur. Po ka\u017cdym u\u017cyciu nale\u017cy starannie zamkn\u0105\u0107 worek, aby zachowa\u0107 jego skuteczno\u015b\u0107 i unikn\u0105\u0107 przypadkowego rozsypania.<\/p>\n<p>Ten naw\u00f3z do lilii wodnych zapewnia ro\u015blinom wodnym kompletne od\u017cywianie idealnie dostosowane do ich specyficznych potrzeb. Zapewnia spektakularne kwitnienie, \u017cywe li\u015bcie i lepsz\u0105 odporno\u015b\u0107 na warunki \u015brodowiskowe. Jest to idealne rozwi\u0105zanie do upi\u0119kszania stawu bujnymi, zdrowymi liliami wodnymi przez ca\u0142y sezon.<\/p>","protected":false},"excerpt":{"rendered":"<p>A fertilizer specially designed for abundant flowering and lush foliage.\u00a0The water lily is a symbolic aquatic plant, prized for its magnificent floating flowers and elegant foliage. To ensure abundant flowering and optimal development, it is essential to provide it with suitable nutrition. This NPK 10-10-10 fertilizer offers a balanced supply of nutrients, with nitrogen (N) [&hellip;]<\/p>\n","protected":false},"featured_media":27445,"comment_status":"open","ping_status":"closed","template":"","meta":{"_uag_custom_page_level_css":"","site-sidebar-layout":"default","site-content-layout":"","ast-site-content-layout":"default","site-content-style":"default","site-sidebar-style":"default","ast-global-header-display":"","ast-banner-title-visibility":"","ast-main-header-display":"","ast-hfb-above-header-display":"","ast-hfb-below-header-display":"","ast-hfb-mobile-header-display":"","site-post-title":"","ast-breadcrumbs-content":"","ast-featured-img":"","footer-sml-layout":"","ast-disable-related-posts":"","theme-transparent-header-meta":"default","adv-header-id-meta":"","stick-header-meta":"","header-above-stick-meta":"","header-main-stick-meta":"","header-below-stick-meta":"","astra-migrate-meta-layouts":"set","ast-page-background-enabled":"default","ast-page-background-meta":{"desktop":{"background-color":"var(--ast-global-color-4)","background-image":"","background-repeat":"repeat","background-position":"center center","background-size":"auto","background-attachment":"scroll","background-type":"","background-media":"","overlay-type":"","overlay-color":"","overlay-opacity":"","overlay-gradient":""},"tablet":{"background-color":"","background-image":"","background-repeat":"repeat","background-position":"center center","background-size":"auto","background-attachment":"scroll","background-type":"","background-media":"","overlay-type":"","overlay-color":"","overlay-opacity":"","overlay-gradient":""},"mobile":{"background-color":"","background-image":"","background-repeat":"repeat","background-position":"center center","background-size":"auto","background-attachment":"scroll","background-type":"","background-media":"","overlay-type":"","overlay-color":"","overlay-opacity":"","overlay-gradient":""}},"ast-content-background-meta":{"desktop":{"background-color":"var(--ast-global-color-5)","background-image":"","background-repeat":"repeat","background-position":"center center","background-size":"auto","background-attachment":"scroll","background-type":"","background-media":"","overlay-type":"","overlay-color":"","overlay-opacity":"","overlay-gradient":""},"tablet":{"background-color":"var(--ast-global-color-5)","background-image":"","background-repeat":"repeat","background-position":"center center","background-size":"auto","background-attachment":"scroll","background-type":"","background-media":"","overlay-type":"","overlay-color":"","overlay-opacity":"","overlay-gradient":""},"mobile":{"background-color":"var(--ast-global-color-5)","background-image":"","background-repeat":"repeat","background-position":"center center","background-size":"auto","background-attachment":"scroll","background-type":"","background-media":"","overlay-type":"","overlay-color":"","overlay-opacity":"","overlay-gradient":""}}},"product_brand":[],"product_cat":[178],"product_tag":[],"class_list":{"0":"post-25639","1":"product","2":"type-product","3":"status-publish","4":"has-post-thumbnail","6":"product_cat-fertilizers","7":"desktop-align-left","8":"tablet-align-left","9":"mobile-align-left","11":"first","12":"instock","13":"taxable","14":"shipping-taxable","15":"purchasable","16":"product-type-simple"},"spectra_custom_meta":{"_visibility":["visible"],"_shopify_product_id":["9067983438069"],"_s2w_shopify_domain":["ferberpainting.myshopify.com"],"_shopify_variant_id":["46509725942005"],"_sku":["FPWATERLILYFERTILIZER25KG"],"_regular_price":["39.90"],"_price":["39.90"],"_sale_price":[""],"_weight":["18.5"],"_thumbnail_id":["27445"],"_global_unique_id":["5056773817555"],"total_sales":["7"],"_tax_status":["taxable"],"_tax_class":[""],"_manage_stock":["no"],"_backorders":["no"],"_sold_individually":["no"],"_virtual":["no"],"_downloadable":["no"],"_download_limit":["-1"],"_download_expiry":["-1"],"_stock":[null],"_stock_status":["instock"],"_wc_average_rating":["5.00"],"_wc_review_count":["33"],"_product_version":["10.5.2"],"_edit_lock":["1771358121:1"],"_wc_rating_count":["a:1:{i:5;i:33;}"],"merchant-center-category":["113"],"merchant-center-availability":["yes"],"_edit_last":["1"],"_wp_page_template":["default"],"site-sidebar-layout":["default"],"ast-site-content-layout":["default"],"site-content-style":["default"],"site-sidebar-style":["default"],"theme-transparent-header-meta":["default"],"astra-migrate-meta-layouts":["set"],"_uag_css_file_name":["uag-css-25639.css"],"_elementor_page_assets":["a:0:{}"]},"uagb_featured_image_src":{"full":["https:\/\/www.ferberpainting.com\/wp-content\/uploads\/2025\/05\/WaterLilyFertilizer25kg2.png",2560,2560,false],"thumbnail":["https:\/\/www.ferberpainting.com\/wp-content\/uploads\/2025\/05\/WaterLilyFertilizer25kg2-150x150.png",150,150,true],"medium":["https:\/\/www.ferberpainting.com\/wp-content\/uploads\/2025\/05\/WaterLilyFertilizer25kg2-300x300.png",300,300,true],"medium_large":["https:\/\/www.ferberpainting.com\/wp-content\/uploads\/2025\/05\/WaterLilyFertilizer25kg2-768x768.png",768,768,true],"large":["https:\/\/www.ferberpainting.com\/wp-content\/uploads\/2025\/05\/WaterLilyFertilizer25kg2-1024x1024.png",1024,1024,true],"1536x1536":["https:\/\/www.ferberpainting.com\/wp-content\/uploads\/2025\/05\/WaterLilyFertilizer25kg2-1536x1536.png",1536,1536,true],"2048x2048":["https:\/\/www.ferberpainting.com\/wp-content\/uploads\/2025\/05\/WaterLilyFertilizer25kg2-2048x2048.png",2048,2048,true],"trp-custom-language-flag":["https:\/\/www.ferberpainting.com\/wp-content\/uploads\/2025\/05\/WaterLilyFertilizer25kg2-12x12.png",12,12,true],"woocommerce_thumbnail":["https:\/\/www.ferberpainting.com\/wp-content\/uploads\/2025\/05\/WaterLilyFertilizer25kg2-300x300.png",300,300,true],"woocommerce_single":["https:\/\/www.ferberpainting.com\/wp-content\/uploads\/2025\/05\/WaterLilyFertilizer25kg2-600x600.png",600,600,true],"woocommerce_gallery_thumbnail":["https:\/\/www.ferberpainting.com\/wp-content\/uploads\/2025\/05\/WaterLilyFertilizer25kg2-100x100.png",100,100,true]},"uagb_author_info":{"display_name":"admin","author_link":"https:\/\/www.ferberpainting.com\/pl\/author\/"},"uagb_comment_info":33,"uagb_excerpt":"A fertilizer specially designed for abundant flowering and lush foliage.\u00a0The water lily is a symbolic aquatic plant, prized for its magnificent floating flowers and elegant foliage. To ensure abundant flowering and optimal development, it is essential to provide it with suitable nutrition. This NPK 10-10-10 fertilizer offers a balanced supply of nutrients, with nitrogen (N)&hellip;","_links":{"self":[{"href":"https:\/\/www.ferberpainting.com\/pl\/wp-json\/wp\/v2\/product\/25639","targetHints":{"allow":["GET"]}}],"collection":[{"href":"https:\/\/www.ferberpainting.com\/pl\/wp-json\/wp\/v2\/product"}],"about":[{"href":"https:\/\/www.ferberpainting.com\/pl\/wp-json\/wp\/v2\/types\/product"}],"replies":[{"embeddable":true,"href":"https:\/\/www.ferberpainting.com\/pl\/wp-json\/wp\/v2\/comments?post=25639"}],"version-history":[{"count":5,"href":"https:\/\/www.ferberpainting.com\/pl\/wp-json\/wp\/v2\/product\/25639\/revisions"}],"predecessor-version":[{"id":168844,"href":"https:\/\/www.ferberpainting.com\/pl\/wp-json\/wp\/v2\/product\/25639\/revisions\/168844"}],"wp:featuredmedia":[{"embeddable":true,"href":"https:\/\/www.ferberpainting.com\/pl\/wp-json\/wp\/v2\/media\/27445"}],"wp:attachment":[{"href":"https:\/\/www.ferberpainting.com\/pl\/wp-json\/wp\/v2\/media?parent=25639"}],"wp:term":[{"taxonomy":"product_brand","embeddable":true,"href":"https:\/\/www.ferberpainting.com\/pl\/wp-json\/wp\/v2\/product_brand?post=25639"},{"taxonomy":"product_cat","embeddable":true,"href":"https:\/\/www.ferberpainting.com\/pl\/wp-json\/wp\/v2\/product_cat?post=25639"},{"taxonomy":"product_tag","embeddable":true,"href":"https:\/\/www.ferberpainting.com\/pl\/wp-json\/wp\/v2\/product_tag?post=25639"}],"curies":[{"name":"wp","href":"https:\/\/api.w.org\/{rel}","templated":true}]}}