{"id":25636,"date":"2025-06-30T18:48:32","date_gmt":"2025-06-30T16:48:32","guid":{"rendered":"https:\/\/www.ferberpainting.com\/?post_type=product&#038;p=25627"},"modified":"2026-02-17T20:53:03","modified_gmt":"2026-02-17T19:53:03","slug":"washing-machine-cleaner","status":"publish","type":"product","link":"https:\/\/www.ferberpainting.com\/pl\/products\/washing-machine-cleaner\/","title":{"rendered":"\u015arodek do czyszczenia pralek"},"content":{"rendered":"<p><strong><img decoding=\"async\" style=\"margin-right: 12px;\" src=\"https:\/\/www.ferberpainting.com\/wp-content\/uploads\/2026\/02\/Check.svg\" alt=\"\" width=\"18\" height=\"15\" \/>Optymalna wydajno\u015b\u0107.<\/strong>\u00a0Ten \u015brodek do czyszczenia pralek zosta\u0142 specjalnie opracowany, aby wyeliminowa\u0107 pozosta\u0142o\u015bci detergent\u00f3w, kamie\u0144, ple\u015b\u0144, nieprzyjemne zapachy i inne osady, kt\u00f3re gromadz\u0105 si\u0119 z czasem. Jego silna formu\u0142a dog\u0142\u0119bnie czy\u015bci i dezynfekuje ka\u017cd\u0105 cz\u0119\u015b\u0107 pralki, w tym b\u0119ben, uszczelki, szuflad\u0119 na detergent, przewody spustowe i element grzejny. Zapewnia nieskaziteln\u0105 czysto\u015b\u0107 i optymaln\u0105 higien\u0119, dostarczaj\u0105c \u015bwie\u017ce, czyste pranie, jednocze\u015bnie przed\u0142u\u017caj\u0105c \u017cywotno\u015b\u0107 urz\u0105dzenia.<\/p>\n<p><strong><img decoding=\"async\" style=\"margin-right: 12px;\" src=\"https:\/\/www.ferberpainting.com\/wp-content\/uploads\/2026\/02\/Check.svg\" alt=\"\" width=\"18\" height=\"15\" \/>Satysfakcja gwarantowana lub zwrot pieni\u0119dzy.<\/strong>\u00a0Jeste\u015bmy w pe\u0142ni przekonani o skuteczno\u015bci naszego \u015brodka czyszcz\u0105cego. Je\u015bli po jego u\u017cyciu nie b\u0119dziesz w pe\u0142ni usatysfakcjonowany, przys\u0142uguje Ci pe\u0142ny zwrot pieni\u0119dzy. Wypr\u00f3buj nasz produkt bez ryzyka i ciesz si\u0119 idealnie czyst\u0105 pralk\u0105 bez obaw.<\/p>\n<p><strong><img decoding=\"async\" style=\"margin-right: 12px;\" src=\"https:\/\/www.ferberpainting.com\/wp-content\/uploads\/2026\/02\/Check.svg\" alt=\"\" width=\"18\" height=\"15\" \/>Wyj\u0105tkowa wszechstronno\u015b\u0107.<\/strong>\u00a0Ten \u015brodek czyszcz\u0105cy nie ogranicza si\u0119 do maszyn domowych! Jest r\u00f3wnie\u017c idealny do profesjonalnych pralek u\u017cywanych w pralniach, hotelach i plac\u00f3wkach opieku\u0144czych. Dzia\u0142a zar\u00f3wno w modelach \u0142adowanych od przodu, jak i od g\u00f3ry, i jest skuteczny na wszystkich wewn\u0119trznych powierzchniach i komponentach, w tym na stali nierdzewnej, plastiku, gumie i aluminium. Zapewnia optymaln\u0105 konserwacj\u0119 wszystkich typ\u00f3w maszyn.<\/p>\n<p><strong><img decoding=\"async\" style=\"margin-right: 12px;\" src=\"https:\/\/www.ferberpainting.com\/wp-content\/uploads\/2026\/02\/Check.svg\" alt=\"\" width=\"18\" height=\"15\" \/>Op\u0142acalno\u015b\u0107.<\/strong>\u00a0Dzi\u0119ki 5-litrowemu formatowi i wysokowydajnej formule ten \u015brodek czyszcz\u0105cy zapewnia doskona\u0142\u0105 warto\u015b\u0107. Niewielka ilo\u015b\u0107 wystarcza na pe\u0142ny, skuteczny cykl. \u015arednio jeden litr produktu pozwala na 10 cykli konserwacji, co czyni go bardzo ekonomicznym rozwi\u0105zaniem do regularnego lub intensywnego czyszczenia.<\/p>\n<p><strong><img decoding=\"async\" style=\"margin-right: 12px;\" src=\"https:\/\/www.ferberpainting.com\/wp-content\/uploads\/2026\/02\/Check.svg\" alt=\"\" width=\"18\" height=\"15\" \/>Bezpieczny w u\u017cyciu.<\/strong>\u00a0W przeciwie\u0144stwie do agresywnych produkt\u00f3w zawieraj\u0105cych kwas solny lub ostre \u015brodki, ten \u015brodek czyszcz\u0105cy jest wykonany z nietoksycznych sk\u0142adnik\u00f3w, kt\u00f3re s\u0105 bezpieczne dla materia\u0142\u00f3w i zdrowia. Nie pozostawia szkodliwych pozosta\u0142o\u015bci ani dra\u017cni\u0105cych opar\u00f3w i jest bezpieczny dla \u015brodowiska domowego. Nie stanowi zagro\u017cenia dla gumowych uszczelek ani plastikowych element\u00f3w, pomagaj\u0105c zachowa\u0107 integralno\u015b\u0107 urz\u0105dzenia.<\/p>\n<p><strong><img decoding=\"async\" style=\"margin-right: 12px;\" src=\"https:\/\/www.ferberpainting.com\/wp-content\/uploads\/2026\/02\/Check.svg\" alt=\"\" width=\"18\" height=\"15\" \/>\u0141atwo\u015b\u0107 u\u017cytkowania.<\/strong>\u00a0Produkt jest gotowy do u\u017cycia i nie wymaga rozcie\u0144czania ani skomplikowanych czynno\u015bci. Wystarczy wla\u0107 go do pralki i uruchomi\u0107 cykl czyszczenia. Jego szybkie dzia\u0142anie i intuicyjna aplikacja sprawiaj\u0105, \u017ce jest dost\u0119pny dla ka\u017cdego i skuteczny bez wysi\u0142ku.<\/p>\n<p><strong><img decoding=\"async\" style=\"margin-right: 12px;\" src=\"https:\/\/www.ferberpainting.com\/wp-content\/uploads\/2026\/02\/Check.svg\" alt=\"\" width=\"18\" height=\"15\" \/>D\u0142ugotrwa\u0142a ochrona.<\/strong>\u00a0Eliminuj\u0105c kamie\u0144, pozosta\u0142o\u015bci detergent\u00f3w i ple\u015b\u0144, ten \u015brodek czyszcz\u0105cy wyd\u0142u\u017ca \u017cywotno\u015b\u0107 pralki i optymalizuje jej wydajno\u015b\u0107. Zapobiega gromadzeniu si\u0119 kamienia w rurach, zmniejsza zu\u017cycie uszczelek i poprawia cyrkulacj\u0119 wody, utrzymuj\u0105c pralk\u0119 w doskona\u0142ym stanie. Regularne stosowanie pomaga unikn\u0105\u0107 awarii i spadku wydajno\u015bci.<\/p>\n<p><strong><img decoding=\"async\" style=\"margin-right: 12px;\" src=\"https:\/\/www.ferberpainting.com\/wp-content\/uploads\/2026\/02\/Check.svg\" alt=\"\" width=\"18\" height=\"15\" \/>Szybkie dzia\u0142anie.<\/strong>\u00a0Dzi\u0119ki wysoce reaktywnej formule ten \u015brodek czyszcz\u0105cy dzia\u0142a natychmiast na osadzone pozosta\u0142o\u015bci i brud. W ci\u0105gu zaledwie kilku minut rozpuszcza zanieczyszczenia, u\u0142atwiaj\u0105c ich usuni\u0119cie podczas pierwszego p\u0142ukania. Zapewnia szybkie i skuteczne rezultaty bez konieczno\u015bci demonta\u017cu.<\/p>\n<h2><strong>Protok\u00f3\u0142 u\u017cytkowania<\/strong><\/h2>\n<ul>\n<li><strong>Przygotowanie <\/strong>: Przed u\u017cyciem nale\u017cy upewni\u0107 si\u0119, \u017ce urz\u0105dzenie jest puste i wolne od ubra\u0144.<\/li>\n<li><strong>Zastosowanie produktu <\/strong>: Wla\u0107 oko\u0142o 250 ml \u015brodka czyszcz\u0105cego bezpo\u015brednio do szuflady na detergent lub b\u0119bna.<\/li>\n<li><strong>Rozpocz\u0119cie cyklu <\/strong>: Wybierz program prania w wysokiej temperaturze (minimum 60\u00b0C), aby zmaksymalizowa\u0107 skuteczno\u015b\u0107 i uzyska\u0107 g\u0142\u0119bokie czyszczenie.<\/li>\n<li><strong>Czyszczenie uszczelek i szuflad <\/strong>: Gdy cykl jest uruchomiony, namocz szmatk\u0119 w \u015brodku czyszcz\u0105cym i wytrzyj ni\u0105 uszczelki, szuflad\u0119 na detergent i widoczne cz\u0119\u015bci pralki, aby usun\u0105\u0107 resztki brudu.<\/li>\n<li><strong>Automatyczne p\u0142ukanie <\/strong>: Produkt jest ca\u0142kowicie usuwany podczas cyklu; nie jest wymagane r\u0119czne p\u0142ukanie.<\/li>\n<li><strong>Suszenie i wyka\u0144czanie <\/strong>: Po zako\u0144czeniu cyklu pozostawi\u0107 drzwiczki lekko uchylone, aby umo\u017cliwi\u0107 ca\u0142kowite wysuszenie i zapobiec powstawaniu ple\u015bni w b\u0119bnie i uszczelkach.<\/li>\n<li><strong>Cz\u0119stotliwo\u015b\u0107 u\u017cytkowania <\/strong>: Stosowa\u0107 raz w miesi\u0105cu w celu rutynowej konserwacji i zapobiegania osadzaniu si\u0119 kamienia i detergent\u00f3w. W przypadku intensywnie u\u017cywanych urz\u0105dze\u0144 zaleca si\u0119 czyszczenie co dwa tygodnie.<\/li>\n<li><strong>Przechowywanie <\/strong>: Po ka\u017cdym u\u017cyciu nale\u017cy szczelnie zamkn\u0105\u0107 pojemnik i przechowywa\u0107 go w ch\u0142odnym, suchym miejscu, z dala od \u015bwiat\u0142a i ekstremalnych temperatur, aby zachowa\u0107 skuteczno\u015b\u0107 produktu.<\/li>\n<\/ul>\n<p>Dzi\u0119ki naszemu \u015brodkowi do czyszczenia pralek mo\u017cesz cieszy\u0107 si\u0119 g\u0142\u0119bokim czyszczeniem i optymaln\u0105 higien\u0105 przy jednoczesnym zachowaniu maksymalnej wydajno\u015bci urz\u0105dzenia. Wydajne i \u0142atwe w u\u017cyciu rozwi\u0105zanie zapewniaj\u0105ce doskona\u0142\u0105 konserwacj\u0119 za ka\u017cdym razem.<\/p>","protected":false},"excerpt":{"rendered":"<p>Optimal Efficiency.\u00a0This washing machine cleaner is specially formulated to eliminate detergent residues, limescale, mold, bad odors, and other build-ups that accumulate over time. Its powerful formula deeply cleans and sanitizes every part of the machine, including the drum, seals, detergent drawer, drain lines, and heating element. It ensures spotless cleanliness and optimal hygiene, delivering fresh, [&hellip;]<\/p>\n","protected":false},"featured_media":35822,"comment_status":"open","ping_status":"closed","template":"","meta":{"_uag_custom_page_level_css":"","site-sidebar-layout":"default","site-content-layout":"","ast-site-content-layout":"default","site-content-style":"default","site-sidebar-style":"default","ast-global-header-display":"","ast-banner-title-visibility":"","ast-main-header-display":"","ast-hfb-above-header-display":"","ast-hfb-below-header-display":"","ast-hfb-mobile-header-display":"","site-post-title":"","ast-breadcrumbs-content":"","ast-featured-img":"","footer-sml-layout":"","ast-disable-related-posts":"","theme-transparent-header-meta":"default","adv-header-id-meta":"","stick-header-meta":"","header-above-stick-meta":"","header-main-stick-meta":"","header-below-stick-meta":"","astra-migrate-meta-layouts":"set","ast-page-background-enabled":"default","ast-page-background-meta":{"desktop":{"background-color":"var(--ast-global-color-4)","background-image":"","background-repeat":"repeat","background-position":"center center","background-size":"auto","background-attachment":"scroll","background-type":"","background-media":"","overlay-type":"","overlay-color":"","overlay-opacity":"","overlay-gradient":""},"tablet":{"background-color":"","background-image":"","background-repeat":"repeat","background-position":"center center","background-size":"auto","background-attachment":"scroll","background-type":"","background-media":"","overlay-type":"","overlay-color":"","overlay-opacity":"","overlay-gradient":""},"mobile":{"background-color":"","background-image":"","background-repeat":"repeat","background-position":"center center","background-size":"auto","background-attachment":"scroll","background-type":"","background-media":"","overlay-type":"","overlay-color":"","overlay-opacity":"","overlay-gradient":""}},"ast-content-background-meta":{"desktop":{"background-color":"var(--ast-global-color-5)","background-image":"","background-repeat":"repeat","background-position":"center center","background-size":"auto","background-attachment":"scroll","background-type":"","background-media":"","overlay-type":"","overlay-color":"","overlay-opacity":"","overlay-gradient":""},"tablet":{"background-color":"var(--ast-global-color-5)","background-image":"","background-repeat":"repeat","background-position":"center center","background-size":"auto","background-attachment":"scroll","background-type":"","background-media":"","overlay-type":"","overlay-color":"","overlay-opacity":"","overlay-gradient":""},"mobile":{"background-color":"var(--ast-global-color-5)","background-image":"","background-repeat":"repeat","background-position":"center center","background-size":"auto","background-attachment":"scroll","background-type":"","background-media":"","overlay-type":"","overlay-color":"","overlay-opacity":"","overlay-gradient":""}}},"product_brand":[],"product_cat":[175],"product_tag":[],"class_list":{"0":"post-25636","1":"product","2":"type-product","3":"status-publish","4":"has-post-thumbnail","6":"product_cat-cleaning-products","7":"desktop-align-left","8":"tablet-align-left","9":"mobile-align-left","11":"first","12":"instock","13":"sale","14":"taxable","15":"shipping-taxable","16":"purchasable","17":"product-type-variable","18":"has-default-attributes"},"spectra_custom_meta":{"_visibility":["visible"],"_shopify_product_id":["9104761258229"],"_s2w_shopify_domain":["ferberpainting.myshopify.com"],"_shopify_variant_id":["46620940566773"],"_sku":[""],"_manage_stock":["no"],"total_sales":["41"],"_tax_status":["taxable"],"_tax_class":[""],"_backorders":["no"],"_sold_individually":["no"],"_virtual":["no"],"_downloadable":["no"],"_download_limit":["-1"],"_download_expiry":["-1"],"_stock":[null],"_stock_status":["instock"],"_wc_average_rating":["5.00"],"_wc_review_count":["10"],"_product_attributes":["a:1:{s:6:\"volume\";a:6:{s:4:\"name\";s:6:\"Volume\";s:5:\"value\";s:20:\"5 liters | 25 liters\";s:8:\"position\";i:1;s:10:\"is_visible\";i:0;s:12:\"is_variation\";i:1;s:11:\"is_taxonomy\";i:0;}}"],"_product_version":["10.5.2"],"wpse_downloadable_file_names":[""],"wpse_downloadable_file_urls":[""],"_edit_last":["1"],"_default_attributes":["a:1:{s:6:\"volume\";s:8:\"5 liters\";}"],"_edit_lock":["1771357996:1"],"_price":["29.90","129.90"],"merchant-center-availability":["yes"],"merchant-center-category":["7462"],"_thumbnail_id":["35822"],"_wp_page_template":["default"],"_wp_old_date":["2025-05-26"],"_product_image_gallery":["35823"],"site-sidebar-layout":["default"],"ast-site-content-layout":["default"],"site-content-style":["default"],"site-sidebar-style":["default"],"theme-transparent-header-meta":["default"],"_wc_rating_count":["a:1:{i:5;i:10;}"],"astra-migrate-meta-layouts":["set"],"_uag_css_file_name":["uag-css-25636.css"],"_elementor_page_assets":["a:0:{}"],"_uag_page_assets":["a:9:{s:3:\"css\";s:7133:\".uag-blocks-common-selector{z-index:var(--z-index-desktop) !important}@media(max-width: 976px){.uag-blocks-common-selector{z-index:var(--z-index-tablet) !important}}@media(max-width: 767px){.uag-blocks-common-selector{z-index:var(--z-index-mobile) !important}}.wp-block-uagb-image{display:flex}.wp-block-uagb-image__figure{position:relative;display:flex;flex-direction:column;max-width:100%;height:auto;margin:0}.wp-block-uagb-image__figure img{height:auto;display:flex;max-width:100%;transition:box-shadow .2s ease}.wp-block-uagb-image__figure>a{display:inline-block}.wp-block-uagb-image__figure figcaption{text-align:center;margin-top:.5em;margin-bottom:1em}.wp-block-uagb-image .components-placeholder.block-editor-media-placeholder .components-placeholder__instructions{align-self:center}.wp-block-uagb-image--align-left{text-align:left}.wp-block-uagb-image--align-right{text-align:right}.wp-block-uagb-image--align-center{text-align:center}.wp-block-uagb-image--align-full .wp-block-uagb-image__figure{margin-left:calc(50% - 50vw);margin-right:calc(50% - 50vw);max-width:100vw;width:100vw;height:auto}.wp-block-uagb-image--align-full .wp-block-uagb-image__figure img{height:auto;width:100% !important}.wp-block-uagb-image--align-wide .wp-block-uagb-image__figure img{height:auto;width:100%}.wp-block-uagb-image--layout-overlay__color-wrapper{position:absolute;left:0;top:0;right:0;bottom:0;opacity:.2;background:rgba(0,0,0,.5);transition:opacity .35s ease-in-out}.wp-block-uagb-image--layout-overlay-link{position:absolute;left:0;right:0;bottom:0;top:0}.wp-block-uagb-image--layout-overlay .wp-block-uagb-image__figure:hover .wp-block-uagb-image--layout-overlay__color-wrapper{opacity:1}.wp-block-uagb-image--layout-overlay__inner{position:absolute;left:15px;right:15px;bottom:15px;top:15px;display:flex;align-items:center;justify-content:center;flex-direction:column;border-color:#fff;transition:.35s ease-in-out}.wp-block-uagb-image--layout-overlay__inner.top-left,.wp-block-uagb-image--layout-overlay__inner.top-center,.wp-block-uagb-image--layout-overlay__inner.top-right{justify-content:flex-start}.wp-block-uagb-image--layout-overlay__inner.bottom-left,.wp-block-uagb-image--layout-overlay__inner.bottom-center,.wp-block-uagb-image--layout-overlay__inner.bottom-right{justify-content:flex-end}.wp-block-uagb-image--layout-overlay__inner.top-left,.wp-block-uagb-image--layout-overlay__inner.center-left,.wp-block-uagb-image--layout-overlay__inner.bottom-left{align-items:flex-start}.wp-block-uagb-image--layout-overlay__inner.top-right,.wp-block-uagb-image--layout-overlay__inner.center-right,.wp-block-uagb-image--layout-overlay__inner.bottom-right{align-items:flex-end}.wp-block-uagb-image--layout-overlay__inner .uagb-image-heading{color:#fff;transition:transform .35s,opacity .35s ease-in-out;transform:translate3d(0, 24px, 0);margin:0;line-height:1em}.wp-block-uagb-image--layout-overlay__inner .uagb-image-separator{width:30%;border-top-width:2px;border-top-color:#fff;border-top-style:solid;margin-bottom:10px;opacity:0;transition:transform .4s,opacity .4s ease-in-out;transform:translate3d(0, 30px, 0)}.wp-block-uagb-image--layout-overlay__inner .uagb-image-caption{opacity:0;overflow:visible;color:#fff;transition:transform .45s,opacity .45s ease-in-out;transform:translate3d(0, 35px, 0)}.wp-block-uagb-image--layout-overlay__inner:hover .uagb-image-heading,.wp-block-uagb-image--layout-overlay__inner:hover .uagb-image-separator,.wp-block-uagb-image--layout-overlay__inner:hover .uagb-image-caption{opacity:1;transform:translate3d(0, 0, 0)}.wp-block-uagb-image--effect-zoomin .wp-block-uagb-image__figure img,.wp-block-uagb-image--effect-zoomin .wp-block-uagb-image__figure .wp-block-uagb-image--layout-overlay__color-wrapper{transform:scale(1);transition:transform .35s ease-in-out}.wp-block-uagb-image--effect-zoomin .wp-block-uagb-image__figure:hover img,.wp-block-uagb-image--effect-zoomin .wp-block-uagb-image__figure:hover .wp-block-uagb-image--layout-overlay__color-wrapper{transform:scale(1.05)}.wp-block-uagb-image--effect-slide .wp-block-uagb-image__figure img,.wp-block-uagb-image--effect-slide .wp-block-uagb-image__figure .wp-block-uagb-image--layout-overlay__color-wrapper{width:calc(100% + 40px) !important;max-width:none !important;transform:translate3d(-40px, 0, 0);transition:transform .35s ease-in-out}.wp-block-uagb-image--effect-slide .wp-block-uagb-image__figure:hover img,.wp-block-uagb-image--effect-slide .wp-block-uagb-image__figure:hover .wp-block-uagb-image--layout-overlay__color-wrapper{transform:translate3d(0, 0, 0)}.wp-block-uagb-image--effect-grayscale img{filter:grayscale(0%);transition:.35s ease-in-out}.wp-block-uagb-image--effect-grayscale:hover img{filter:grayscale(100%)}.wp-block-uagb-image--effect-blur img{filter:blur(0);transition:.35s ease-in-out}.wp-block-uagb-image--effect-blur:hover img{filter:blur(3px)}.uagb-block-e6f939b3.wp-block-uagb-image--layout-default figure img{box-shadow: 0px 0px 0 #00000070;}.uagb-block-e6f939b3.wp-block-uagb-image .wp-block-uagb-image__figure figcaption{font-style: normal;align-self: center;}.uagb-block-e6f939b3.wp-block-uagb-image--layout-overlay figure img{box-shadow: 0px 0px 0 #00000070;}.uagb-block-e6f939b3.wp-block-uagb-image--layout-overlay .wp-block-uagb-image--layout-overlay__color-wrapper{opacity: 0.2;}.uagb-block-e6f939b3.wp-block-uagb-image--layout-overlay .wp-block-uagb-image--layout-overlay__inner{left: 15px;right: 15px;top: 15px;bottom: 15px;}.uagb-block-e6f939b3.wp-block-uagb-image--layout-overlay .wp-block-uagb-image--layout-overlay__inner .uagb-image-heading{font-style: normal;color: #fff;opacity: 1;}.uagb-block-e6f939b3.wp-block-uagb-image--layout-overlay .wp-block-uagb-image--layout-overlay__inner .uagb-image-heading a{color: #fff;}.uagb-block-e6f939b3.wp-block-uagb-image--layout-overlay .wp-block-uagb-image--layout-overlay__inner .uagb-image-caption{opacity: 0;}.uagb-block-e6f939b3.wp-block-uagb-image--layout-overlay .wp-block-uagb-image__figure:hover .wp-block-uagb-image--layout-overlay__color-wrapper{opacity: 1;}.uagb-block-e6f939b3.wp-block-uagb-image .wp-block-uagb-image--layout-overlay__inner .uagb-image-separator{width: 30%;border-top-width: 2px;border-top-color: #fff;opacity: 0;}.uagb-block-e6f939b3.wp-block-uagb-image .wp-block-uagb-image__figure img{width: px;height: auto;}.uagb-block-e6f939b3.wp-block-uagb-image .wp-block-uagb-image__figure:hover .wp-block-uagb-image--layout-overlay__inner .uagb-image-caption{opacity: 1;}.uagb-block-e6f939b3.wp-block-uagb-image .wp-block-uagb-image__figure:hover .wp-block-uagb-image--layout-overlay__inner .uagb-image-separator{opacity: 1;}.uagb-block-e6f939b3.wp-block-uagb-image--layout-default figure:hover img{box-shadow: 0px 0px 0 #00000070;}.uagb-block-e6f939b3.wp-block-uagb-image--layout-overlay figure:hover img{box-shadow: 0px 0px 0 #00000070;}@media only screen and (max-width: 976px) {.uagb-block-e6f939b3.wp-block-uagb-image .wp-block-uagb-image__figure img{width: px;height: auto;}}@media only screen and (max-width: 767px) {.uagb-block-e6f939b3.wp-block-uagb-image .wp-block-uagb-image__figure img{width: px;height: auto;}}\";s:2:\"js\";s:0:\"\";s:18:\"current_block_list\";a:13:{i:0;s:11:\"core\/search\";i:1;s:10:\"core\/group\";i:2;s:12:\"core\/heading\";i:3;s:17:\"core\/latest-posts\";i:4;s:20:\"core\/latest-comments\";i:5;s:13:\"core\/archives\";i:6;s:15:\"core\/categories\";i:7;s:14:\"core\/paragraph\";i:8;s:10:\"uagb\/image\";i:9;s:11:\"core\/spacer\";i:10;s:30:\"woocommerce\/product-categories\";i:11;s:10:\"core\/image\";i:12;s:14:\"core\/shortcode\";}s:8:\"uag_flag\";b:1;s:11:\"uag_version\";s:10:\"1777235107\";s:6:\"gfonts\";a:0:{}s:10:\"gfonts_url\";s:0:\"\";s:12:\"gfonts_files\";a:0:{}s:14:\"uag_faq_layout\";b:0;}"]},"uagb_featured_image_src":{"full":["https:\/\/www.ferberpainting.com\/wp-content\/uploads\/2025\/05\/Washing-Machine-Cleaner-5L-.png",2560,2560,false],"thumbnail":["https:\/\/www.ferberpainting.com\/wp-content\/uploads\/2025\/05\/Washing-Machine-Cleaner-5L--150x150.png",150,150,true],"medium":["https:\/\/www.ferberpainting.com\/wp-content\/uploads\/2025\/05\/Washing-Machine-Cleaner-5L--300x300.png",300,300,true],"medium_large":["https:\/\/www.ferberpainting.com\/wp-content\/uploads\/2025\/05\/Washing-Machine-Cleaner-5L--768x768.png",768,768,true],"large":["https:\/\/www.ferberpainting.com\/wp-content\/uploads\/2025\/05\/Washing-Machine-Cleaner-5L--1024x1024.png",1024,1024,true],"1536x1536":["https:\/\/www.ferberpainting.com\/wp-content\/uploads\/2025\/05\/Washing-Machine-Cleaner-5L--1536x1536.png",1536,1536,true],"2048x2048":["https:\/\/www.ferberpainting.com\/wp-content\/uploads\/2025\/05\/Washing-Machine-Cleaner-5L--2048x2048.png",2048,2048,true],"trp-custom-language-flag":["https:\/\/www.ferberpainting.com\/wp-content\/uploads\/2025\/05\/Washing-Machine-Cleaner-5L--12x12.png",12,12,true],"woocommerce_thumbnail":["https:\/\/www.ferberpainting.com\/wp-content\/uploads\/2025\/05\/Washing-Machine-Cleaner-5L--300x300.png",300,300,true],"woocommerce_single":["https:\/\/www.ferberpainting.com\/wp-content\/uploads\/2025\/05\/Washing-Machine-Cleaner-5L--600x600.png",600,600,true],"woocommerce_gallery_thumbnail":["https:\/\/www.ferberpainting.com\/wp-content\/uploads\/2025\/05\/Washing-Machine-Cleaner-5L--100x100.png",100,100,true]},"uagb_author_info":{"display_name":"admin","author_link":"https:\/\/www.ferberpainting.com\/pl\/author\/"},"uagb_comment_info":10,"uagb_excerpt":"Optimal Efficiency.\u00a0This washing machine cleaner is specially formulated to eliminate detergent residues, limescale, mold, bad odors, and other build-ups that accumulate over time. Its powerful formula deeply cleans and sanitizes every part of the machine, including the drum, seals, detergent drawer, drain lines, and heating element. It ensures spotless cleanliness and optimal hygiene, delivering fresh,&hellip;","_links":{"self":[{"href":"https:\/\/www.ferberpainting.com\/pl\/wp-json\/wp\/v2\/product\/25636","targetHints":{"allow":["GET"]}}],"collection":[{"href":"https:\/\/www.ferberpainting.com\/pl\/wp-json\/wp\/v2\/product"}],"about":[{"href":"https:\/\/www.ferberpainting.com\/pl\/wp-json\/wp\/v2\/types\/product"}],"replies":[{"embeddable":true,"href":"https:\/\/www.ferberpainting.com\/pl\/wp-json\/wp\/v2\/comments?post=25636"}],"version-history":[{"count":4,"href":"https:\/\/www.ferberpainting.com\/pl\/wp-json\/wp\/v2\/product\/25636\/revisions"}],"predecessor-version":[{"id":168838,"href":"https:\/\/www.ferberpainting.com\/pl\/wp-json\/wp\/v2\/product\/25636\/revisions\/168838"}],"wp:featuredmedia":[{"embeddable":true,"href":"https:\/\/www.ferberpainting.com\/pl\/wp-json\/wp\/v2\/media\/35822"}],"wp:attachment":[{"href":"https:\/\/www.ferberpainting.com\/pl\/wp-json\/wp\/v2\/media?parent=25636"}],"wp:term":[{"taxonomy":"product_brand","embeddable":true,"href":"https:\/\/www.ferberpainting.com\/pl\/wp-json\/wp\/v2\/product_brand?post=25636"},{"taxonomy":"product_cat","embeddable":true,"href":"https:\/\/www.ferberpainting.com\/pl\/wp-json\/wp\/v2\/product_cat?post=25636"},{"taxonomy":"product_tag","embeddable":true,"href":"https:\/\/www.ferberpainting.com\/pl\/wp-json\/wp\/v2\/product_tag?post=25636"}],"curies":[{"name":"wp","href":"https:\/\/api.w.org\/{rel}","templated":true}]}}