{"id":25630,"date":"2025-05-26T10:32:57","date_gmt":"2025-05-26T08:32:57","guid":{"rendered":"https:\/\/www.ferberpainting.com\/products\/wall-filler-for-interior-and-exterior\/"},"modified":"2026-02-24T15:07:08","modified_gmt":"2026-02-24T14:07:08","slug":"wall-filler-for-interior-and-exterior","status":"publish","type":"product","link":"https:\/\/www.ferberpainting.com\/pl\/products\/wall-filler-for-interior-and-exterior\/","title":{"rendered":"Wype\u0142niacz do \u015bcian wewn\u0119trznych i zewn\u0119trznych"},"content":{"rendered":"<p><strong><img decoding=\"async\" style=\"margin-right: 12px;\" src=\"https:\/\/www.ferberpainting.com\/wp-content\/uploads\/2026\/02\/Check.svg\" alt=\"\" width=\"18\" height=\"15\" \/>G\u0142\u0119boka naprawa i wyg\u0142adzenie powierzchni.<\/strong>\u00a0Ten wype\u0142niacz zosta\u0142 specjalnie zaprojektowany do skutecznego wype\u0142niania dziur, p\u0119kni\u0119\u0107 i nier\u00f3wno\u015bci na wszystkich rodzajach powierzchni, zar\u00f3wno wewn\u0105trz, jak i na zewn\u0105trz. Jego g\u0142adka konsystencja i \u0142atwa aplikacja pozwalaj\u0105 uzyska\u0107 idealnie jednorodne wyko\u0144czenie, u\u0142atwiaj\u0105c malowanie lub nak\u0142adanie pow\u0142oki po wyschni\u0119ciu.<\/p>\n<p><strong><img decoding=\"async\" style=\"margin-right: 12px;\" src=\"https:\/\/www.ferberpainting.com\/wp-content\/uploads\/2026\/02\/Check.svg\" alt=\"\" width=\"18\" height=\"15\" \/>Gwarancja zwrotu pieni\u0119dzy.<\/strong>\u00a0Jeste\u015bmy ca\u0142kowicie pewni skuteczno\u015bci naszego wype\u0142niacza, dlatego oferujemy gwarancj\u0119 zwrotu pieni\u0119dzy. Je\u015bli produkt nie spe\u0142ni Twoich oczekiwa\u0144 po zastosowaniu zgodnie z zaleceniami, masz mo\u017cliwo\u015b\u0107 za\u017c\u0105dania zwrotu pieni\u0119dzy bez \u017cadnych warunk\u00f3w, zapewniaj\u0105c bezpieczny i wolny od ryzyka zakup.<\/p>\n<p><strong><img decoding=\"async\" style=\"margin-right: 12px;\" src=\"https:\/\/www.ferberpainting.com\/wp-content\/uploads\/2026\/02\/Check.svg\" alt=\"\" width=\"18\" height=\"15\" \/>Kompatybilny z wieloma materia\u0142ami.<\/strong>\u00a0Ten wype\u0142niacz nadaje si\u0119 do powierzchni takich jak beton, tynk, cement, ceg\u0142a, drewno, kamie\u0144 i p\u0142yty gipsowo-kartonowe. Jest stosowany do \u015bcian, sufit\u00f3w, a nawet fasad zewn\u0119trznych, dzi\u0119ki czemu jest skutecznym rozwi\u0105zaniem naprawczym zar\u00f3wno dla porowatych, jak i g\u0142adkich powierzchni.<\/p>\n<p><strong><img decoding=\"async\" style=\"margin-right: 12px;\" src=\"https:\/\/www.ferberpainting.com\/wp-content\/uploads\/2026\/02\/Check.svg\" alt=\"\" width=\"18\" height=\"15\" \/>Ekonomiczna wydajno\u015b\u0107 i zoptymalizowany zasi\u0119g.<\/strong>\u00a0Dzi\u0119ki wysokiemu st\u0119\u017ceniu i doskona\u0142ej sile krycia, 1 kg wype\u0142niacza mo\u017ce wype\u0142ni\u0107 oko\u0142o 1 do 2 m\u00b2 w zale\u017cno\u015bci od zastosowanej grubo\u015bci. Zapewnia wysok\u0105 wydajno\u015b\u0107 wype\u0142niania, minimalizuj\u0105c ilo\u015b\u0107 potrzebn\u0105 do trwa\u0142ych napraw i zmniejszaj\u0105c og\u00f3lne koszty projektu.<\/p>\n<p><strong><img decoding=\"async\" style=\"margin-right: 12px;\" src=\"https:\/\/www.ferberpainting.com\/wp-content\/uploads\/2026\/02\/Check.svg\" alt=\"\" width=\"18\" height=\"15\" \/>Produkt bezpieczny i przyjazny dla \u015brodowiska.<\/strong>\u00a0Wype\u0142niacz nie zawiera rozpuszczalnik\u00f3w ani toksycznych sk\u0142adnik\u00f3w, dzi\u0119ki czemu nie wydziela szkodliwych opar\u00f3w, zapewniaj\u0105c bezpieczn\u0105 aplikacj\u0119 zar\u00f3wno w pomieszczeniach, jak i na zewn\u0105trz. Nie stanowi zagro\u017cenia dla zdrowia ani \u015brodowiska, dzi\u0119ki czemu nadaje si\u0119 do stosowania we wszystkich obszarach domu, w tym w sypialniach i ograniczonych przestrzeniach.<\/p>\n<p><strong><img decoding=\"async\" style=\"margin-right: 12px;\" src=\"https:\/\/www.ferberpainting.com\/wp-content\/uploads\/2026\/02\/Check.svg\" alt=\"\" width=\"18\" height=\"15\" \/>\u0141atwo\u015b\u0107 aplikacji i szybkie wdro\u017cenie.<\/strong>\u00a0Gotowy do u\u017cycia wype\u0142niacz mo\u017cna nak\u0142ada\u0107 bezpo\u015brednio no\u017cem do szpachlowania lub szpachelk\u0105, co pozwala na \u0142atwe i r\u00f3wnomierne rozprowadzenie. Doskonale przylega do powierzchni bez konieczno\u015bci stosowania podk\u0142adu i \u0142atwo si\u0119 rozprowadza, zapewniaj\u0105c idealnie g\u0142adkie wyko\u0144czenie w zaledwie jednym przej\u015bciu.<\/p>\n<p><strong><img decoding=\"async\" style=\"margin-right: 12px;\" src=\"https:\/\/www.ferberpainting.com\/wp-content\/uploads\/2026\/02\/Check.svg\" alt=\"\" width=\"18\" height=\"15\" \/>Trwa\u0142o\u015b\u0107 i odporno\u015b\u0107 na warunki atmosferyczne.<\/strong>\u00a0Po wyschni\u0119ciu wype\u0142niacz ten zapewnia optymaln\u0105 odporno\u015b\u0107 na zmiany pogody, wilgo\u0107 i wstrz\u0105sy, zapewniaj\u0105c d\u0142ugotrwa\u0142\u0105 przyczepno\u015b\u0107 zar\u00f3wno wewn\u0105trz, jak i na elewacjach zewn\u0119trznych. Nie p\u0119ka i zachowuje przyczepno\u015b\u0107 nawet w trudnych warunkach pogodowych.<\/p>\n<p><strong><img decoding=\"async\" style=\"margin-right: 12px;\" src=\"https:\/\/www.ferberpainting.com\/wp-content\/uploads\/2026\/02\/Check.svg\" alt=\"\" width=\"18\" height=\"15\" \/>Szybkie schni\u0119cie dla przyspieszonego wyko\u0144czenia.<\/strong>\u00a0Dzi\u0119ki specjalnej formule, wype\u0142niacz ten wysycha w dotyku w ci\u0105gu zaledwie 1 do 2 godzin i mo\u017ce by\u0107 szlifowany lub pokrywany po 12 do 24 godzinach, w zale\u017cno\u015bci od zastosowanej grubo\u015bci i warunk\u00f3w temperaturowych. To szybkie schni\u0119cie znacznie skraca czas przestoju projektu i skraca czas renowacji.<\/p>\n<h2><strong>Protok\u00f3\u0142 u\u017cytkowania<\/strong><\/h2>\n<ul>\n<li><strong>Przygotowanie powierzchni <\/strong>: Upewni\u0107 si\u0119, \u017ce naprawiana powierzchnia jest czysta, sucha i wolna od kurzu, t\u0142uszczu lub kruchych pozosta\u0142o\u015bci. W przypadku bardzo porowatych powierzchni, lekkie odkurzenie lub wcze\u015bniejsze nawil\u017cenie mo\u017ce poprawi\u0107 przyczepno\u015b\u0107.<\/li>\n<li><strong>Zalecane dawkowanie <\/strong>: Na\u0142o\u017cy\u0107 1 kg wype\u0142niacza na oko\u0142o 1 do 2 m\u00b2, w zale\u017cno\u015bci od g\u0142\u0119boko\u015bci otwor\u00f3w lub p\u0119kni\u0119\u0107 do wype\u0142nienia. W przypadku g\u0142\u0119bszych napraw nale\u017cy nak\u0142ada\u0107 kilka kolejnych warstw z po\u015brednim czasem schni\u0119cia.<\/li>\n<li><strong>Zastosowanie wype\u0142niacza <\/strong>: Na\u0142o\u017cy\u0107 wype\u0142niacz bezpo\u015brednio na obszar poddawany obr\u00f3bce za pomoc\u0105 no\u017ca do wype\u0142niania lub szpatu\u0142ki, stopniowo wyg\u0142adzaj\u0105c, aby zapewni\u0107 jednorodne wyko\u0144czenie. Nale\u017cy pami\u0119ta\u0107 o prawid\u0142owym wype\u0142nieniu ubytk\u00f3w bez nadmiaru, aby unikn\u0105\u0107 poprawek po wyschni\u0119ciu.<\/li>\n<li><strong>Czas schni\u0119cia <\/strong>: Pozostawi\u0107 do wyschni\u0119cia na powierzchni na 1 do 2 godzin w przypadku cienkich aplikacji. W przypadku grubych warstw nale\u017cy odczeka\u0107 od 12 do 24 godzin przed przyst\u0105pieniem do prac wyko\u0144czeniowych.<\/li>\n<li><strong>Szlifowanie i wyka\u0144czanie <\/strong>: Po ca\u0142kowitym wyschni\u0119ciu wype\u0142niacza nale\u017cy wyg\u0142adzi\u0107 powierzchni\u0119 drobnoziarnistym papierem \u015bciernym, aby usun\u0105\u0107 wszelkie niedoskona\u0142o\u015bci i uzyska\u0107 idealnie g\u0142adkie wyko\u0144czenie przed malowaniem lub nak\u0142adaniem ok\u0142adziny \u015bciennej.<\/li>\n<li><strong>Konserwacja i trwa\u0142o\u015b\u0107 <\/strong>: Ten wype\u0142niacz nie wymaga specjalnej konserwacji po wyschni\u0119ciu. W przypadku zastosowa\u0144 zewn\u0119trznych mo\u017cna zastosowa\u0107 farb\u0119 lub pow\u0142ok\u0119 ochronn\u0105, aby zmaksymalizowa\u0107 jego odporno\u015b\u0107 na warunki atmosferyczne i przed\u0142u\u017cy\u0107 jego \u017cywotno\u015b\u0107.<\/li>\n<li><strong>Czyszczenie narz\u0119dzi <\/strong>: Po u\u017cyciu nale\u017cy natychmiast wyczy\u015bci\u0107 no\u017ce do nape\u0142niania i szpatu\u0142ki czyst\u0105 wod\u0105, zanim wype\u0142niacz wyschnie, zapewniaj\u0105c ich trwa\u0142o\u015b\u0107 i mo\u017cliwo\u015b\u0107 ponownego u\u017cycia.<\/li>\n<\/ul>","protected":false},"excerpt":{"rendered":"<p>Deep surface repair and smoothing.\u00a0This filler is specially designed to effectively fill holes, cracks, and irregularities on all types of surfaces, both indoors and outdoors. Its smooth texture and easy application allow for a perfectly homogeneous finish, making it easier to paint or apply a coating after drying. Money-back guarantee.\u00a0We have total confidence in the [&hellip;]<\/p>\n","protected":false},"featured_media":27441,"comment_status":"open","ping_status":"closed","template":"","meta":{"_uag_custom_page_level_css":"","site-sidebar-layout":"default","site-content-layout":"","ast-site-content-layout":"default","site-content-style":"default","site-sidebar-style":"default","ast-global-header-display":"","ast-banner-title-visibility":"","ast-main-header-display":"","ast-hfb-above-header-display":"","ast-hfb-below-header-display":"","ast-hfb-mobile-header-display":"","site-post-title":"","ast-breadcrumbs-content":"","ast-featured-img":"","footer-sml-layout":"","ast-disable-related-posts":"","theme-transparent-header-meta":"default","adv-header-id-meta":"","stick-header-meta":"","header-above-stick-meta":"","header-main-stick-meta":"","header-below-stick-meta":"","astra-migrate-meta-layouts":"set","ast-page-background-enabled":"default","ast-page-background-meta":{"desktop":{"background-color":"var(--ast-global-color-4)","background-image":"","background-repeat":"repeat","background-position":"center center","background-size":"auto","background-attachment":"scroll","background-type":"","background-media":"","overlay-type":"","overlay-color":"","overlay-opacity":"","overlay-gradient":""},"tablet":{"background-color":"","background-image":"","background-repeat":"repeat","background-position":"center center","background-size":"auto","background-attachment":"scroll","background-type":"","background-media":"","overlay-type":"","overlay-color":"","overlay-opacity":"","overlay-gradient":""},"mobile":{"background-color":"","background-image":"","background-repeat":"repeat","background-position":"center center","background-size":"auto","background-attachment":"scroll","background-type":"","background-media":"","overlay-type":"","overlay-color":"","overlay-opacity":"","overlay-gradient":""}},"ast-content-background-meta":{"desktop":{"background-color":"var(--ast-global-color-5)","background-image":"","background-repeat":"repeat","background-position":"center center","background-size":"auto","background-attachment":"scroll","background-type":"","background-media":"","overlay-type":"","overlay-color":"","overlay-opacity":"","overlay-gradient":""},"tablet":{"background-color":"var(--ast-global-color-5)","background-image":"","background-repeat":"repeat","background-position":"center center","background-size":"auto","background-attachment":"scroll","background-type":"","background-media":"","overlay-type":"","overlay-color":"","overlay-opacity":"","overlay-gradient":""},"mobile":{"background-color":"var(--ast-global-color-5)","background-image":"","background-repeat":"repeat","background-position":"center center","background-size":"auto","background-attachment":"scroll","background-type":"","background-media":"","overlay-type":"","overlay-color":"","overlay-opacity":"","overlay-gradient":""}}},"product_brand":[],"product_cat":[176],"product_tag":[],"class_list":{"0":"post-25630","1":"product","2":"type-product","3":"status-publish","4":"has-post-thumbnail","6":"product_cat-concrete-treatment","7":"desktop-align-left","8":"tablet-align-left","9":"mobile-align-left","11":"first","12":"instock","13":"sale","14":"shipping-taxable","15":"purchasable","16":"product-type-variable","17":"has-default-attributes"},"spectra_custom_meta":{"_visibility":["visible"],"_shopify_product_id":["9061001462005"],"_s2w_shopify_domain":["ferberpainting.myshopify.com"],"_shopify_variant_id":["46484255113461"],"_sku":["FPWALLFILLER"],"_manage_stock":["no"],"total_sales":["5"],"_tax_status":["taxable"],"_tax_class":[""],"_backorders":["no"],"_sold_individually":["no"],"_virtual":["no"],"_downloadable":["no"],"_download_limit":["-1"],"_download_expiry":["-1"],"_stock":[null],"_stock_status":["instock"],"_wc_average_rating":["4.67"],"_wc_review_count":["6"],"_product_attributes":["a:1:{s:6:\"volume\";a:6:{s:4:\"name\";s:6:\"Volume\";s:5:\"value\";s:20:\"5 liters | 25 liters\";s:8:\"position\";i:1;s:10:\"is_visible\";i:0;s:12:\"is_variation\";i:1;s:11:\"is_taxonomy\";i:0;}}"],"_product_version":["10.5.2"],"_thumbnail_id":["27441"],"_product_image_gallery":["27442"],"wpse_downloadable_file_names":[""],"wpse_downloadable_file_urls":[""],"_edit_last":["1"],"_default_attributes":["a:1:{s:6:\"volume\";s:8:\"5 liters\";}"],"_edit_lock":["1771941906:1"],"merchant-center-availability":["yes"],"merchant-center-category":["505802"],"_wp_page_template":["default"],"site-sidebar-layout":["default"],"ast-site-content-layout":["default"],"site-content-style":["default"],"site-sidebar-style":["default"],"theme-transparent-header-meta":["default"],"_wc_rating_count":["a:2:{i:4;i:2;i:5;i:4;}"],"merchant-center-id":["FPWALLFILLERFORINTERIORANDEXTERIOR5L"],"_price":["29.90","129.90"],"astra-migrate-meta-layouts":["set"],"_uag_css_file_name":["uag-css-25630.css"],"_elementor_page_assets":["a:0:{}"],"_uag_page_assets":["a:9:{s:3:\"css\";s:7133:\".uag-blocks-common-selector{z-index:var(--z-index-desktop) !important}@media(max-width: 976px){.uag-blocks-common-selector{z-index:var(--z-index-tablet) !important}}@media(max-width: 767px){.uag-blocks-common-selector{z-index:var(--z-index-mobile) !important}}.wp-block-uagb-image{display:flex}.wp-block-uagb-image__figure{position:relative;display:flex;flex-direction:column;max-width:100%;height:auto;margin:0}.wp-block-uagb-image__figure img{height:auto;display:flex;max-width:100%;transition:box-shadow .2s ease}.wp-block-uagb-image__figure>a{display:inline-block}.wp-block-uagb-image__figure figcaption{text-align:center;margin-top:.5em;margin-bottom:1em}.wp-block-uagb-image .components-placeholder.block-editor-media-placeholder .components-placeholder__instructions{align-self:center}.wp-block-uagb-image--align-left{text-align:left}.wp-block-uagb-image--align-right{text-align:right}.wp-block-uagb-image--align-center{text-align:center}.wp-block-uagb-image--align-full .wp-block-uagb-image__figure{margin-left:calc(50% - 50vw);margin-right:calc(50% - 50vw);max-width:100vw;width:100vw;height:auto}.wp-block-uagb-image--align-full .wp-block-uagb-image__figure img{height:auto;width:100% !important}.wp-block-uagb-image--align-wide .wp-block-uagb-image__figure img{height:auto;width:100%}.wp-block-uagb-image--layout-overlay__color-wrapper{position:absolute;left:0;top:0;right:0;bottom:0;opacity:.2;background:rgba(0,0,0,.5);transition:opacity .35s ease-in-out}.wp-block-uagb-image--layout-overlay-link{position:absolute;left:0;right:0;bottom:0;top:0}.wp-block-uagb-image--layout-overlay .wp-block-uagb-image__figure:hover .wp-block-uagb-image--layout-overlay__color-wrapper{opacity:1}.wp-block-uagb-image--layout-overlay__inner{position:absolute;left:15px;right:15px;bottom:15px;top:15px;display:flex;align-items:center;justify-content:center;flex-direction:column;border-color:#fff;transition:.35s ease-in-out}.wp-block-uagb-image--layout-overlay__inner.top-left,.wp-block-uagb-image--layout-overlay__inner.top-center,.wp-block-uagb-image--layout-overlay__inner.top-right{justify-content:flex-start}.wp-block-uagb-image--layout-overlay__inner.bottom-left,.wp-block-uagb-image--layout-overlay__inner.bottom-center,.wp-block-uagb-image--layout-overlay__inner.bottom-right{justify-content:flex-end}.wp-block-uagb-image--layout-overlay__inner.top-left,.wp-block-uagb-image--layout-overlay__inner.center-left,.wp-block-uagb-image--layout-overlay__inner.bottom-left{align-items:flex-start}.wp-block-uagb-image--layout-overlay__inner.top-right,.wp-block-uagb-image--layout-overlay__inner.center-right,.wp-block-uagb-image--layout-overlay__inner.bottom-right{align-items:flex-end}.wp-block-uagb-image--layout-overlay__inner .uagb-image-heading{color:#fff;transition:transform .35s,opacity .35s ease-in-out;transform:translate3d(0, 24px, 0);margin:0;line-height:1em}.wp-block-uagb-image--layout-overlay__inner .uagb-image-separator{width:30%;border-top-width:2px;border-top-color:#fff;border-top-style:solid;margin-bottom:10px;opacity:0;transition:transform .4s,opacity .4s ease-in-out;transform:translate3d(0, 30px, 0)}.wp-block-uagb-image--layout-overlay__inner .uagb-image-caption{opacity:0;overflow:visible;color:#fff;transition:transform .45s,opacity .45s ease-in-out;transform:translate3d(0, 35px, 0)}.wp-block-uagb-image--layout-overlay__inner:hover .uagb-image-heading,.wp-block-uagb-image--layout-overlay__inner:hover .uagb-image-separator,.wp-block-uagb-image--layout-overlay__inner:hover .uagb-image-caption{opacity:1;transform:translate3d(0, 0, 0)}.wp-block-uagb-image--effect-zoomin .wp-block-uagb-image__figure img,.wp-block-uagb-image--effect-zoomin .wp-block-uagb-image__figure .wp-block-uagb-image--layout-overlay__color-wrapper{transform:scale(1);transition:transform .35s ease-in-out}.wp-block-uagb-image--effect-zoomin .wp-block-uagb-image__figure:hover img,.wp-block-uagb-image--effect-zoomin .wp-block-uagb-image__figure:hover .wp-block-uagb-image--layout-overlay__color-wrapper{transform:scale(1.05)}.wp-block-uagb-image--effect-slide .wp-block-uagb-image__figure img,.wp-block-uagb-image--effect-slide .wp-block-uagb-image__figure .wp-block-uagb-image--layout-overlay__color-wrapper{width:calc(100% + 40px) !important;max-width:none !important;transform:translate3d(-40px, 0, 0);transition:transform .35s ease-in-out}.wp-block-uagb-image--effect-slide .wp-block-uagb-image__figure:hover img,.wp-block-uagb-image--effect-slide .wp-block-uagb-image__figure:hover .wp-block-uagb-image--layout-overlay__color-wrapper{transform:translate3d(0, 0, 0)}.wp-block-uagb-image--effect-grayscale img{filter:grayscale(0%);transition:.35s ease-in-out}.wp-block-uagb-image--effect-grayscale:hover img{filter:grayscale(100%)}.wp-block-uagb-image--effect-blur img{filter:blur(0);transition:.35s ease-in-out}.wp-block-uagb-image--effect-blur:hover img{filter:blur(3px)}.uagb-block-e6f939b3.wp-block-uagb-image--layout-default figure img{box-shadow: 0px 0px 0 #00000070;}.uagb-block-e6f939b3.wp-block-uagb-image .wp-block-uagb-image__figure figcaption{font-style: normal;align-self: center;}.uagb-block-e6f939b3.wp-block-uagb-image--layout-overlay figure img{box-shadow: 0px 0px 0 #00000070;}.uagb-block-e6f939b3.wp-block-uagb-image--layout-overlay .wp-block-uagb-image--layout-overlay__color-wrapper{opacity: 0.2;}.uagb-block-e6f939b3.wp-block-uagb-image--layout-overlay .wp-block-uagb-image--layout-overlay__inner{left: 15px;right: 15px;top: 15px;bottom: 15px;}.uagb-block-e6f939b3.wp-block-uagb-image--layout-overlay .wp-block-uagb-image--layout-overlay__inner .uagb-image-heading{font-style: normal;color: #fff;opacity: 1;}.uagb-block-e6f939b3.wp-block-uagb-image--layout-overlay .wp-block-uagb-image--layout-overlay__inner .uagb-image-heading a{color: #fff;}.uagb-block-e6f939b3.wp-block-uagb-image--layout-overlay .wp-block-uagb-image--layout-overlay__inner .uagb-image-caption{opacity: 0;}.uagb-block-e6f939b3.wp-block-uagb-image--layout-overlay .wp-block-uagb-image__figure:hover .wp-block-uagb-image--layout-overlay__color-wrapper{opacity: 1;}.uagb-block-e6f939b3.wp-block-uagb-image .wp-block-uagb-image--layout-overlay__inner .uagb-image-separator{width: 30%;border-top-width: 2px;border-top-color: #fff;opacity: 0;}.uagb-block-e6f939b3.wp-block-uagb-image .wp-block-uagb-image__figure img{width: px;height: auto;}.uagb-block-e6f939b3.wp-block-uagb-image .wp-block-uagb-image__figure:hover .wp-block-uagb-image--layout-overlay__inner .uagb-image-caption{opacity: 1;}.uagb-block-e6f939b3.wp-block-uagb-image .wp-block-uagb-image__figure:hover .wp-block-uagb-image--layout-overlay__inner .uagb-image-separator{opacity: 1;}.uagb-block-e6f939b3.wp-block-uagb-image--layout-default figure:hover img{box-shadow: 0px 0px 0 #00000070;}.uagb-block-e6f939b3.wp-block-uagb-image--layout-overlay figure:hover img{box-shadow: 0px 0px 0 #00000070;}@media only screen and (max-width: 976px) {.uagb-block-e6f939b3.wp-block-uagb-image .wp-block-uagb-image__figure img{width: px;height: auto;}}@media only screen and (max-width: 767px) {.uagb-block-e6f939b3.wp-block-uagb-image .wp-block-uagb-image__figure img{width: px;height: auto;}}\";s:2:\"js\";s:0:\"\";s:18:\"current_block_list\";a:13:{i:0;s:11:\"core\/search\";i:1;s:10:\"core\/group\";i:2;s:12:\"core\/heading\";i:3;s:17:\"core\/latest-posts\";i:4;s:20:\"core\/latest-comments\";i:5;s:13:\"core\/archives\";i:6;s:15:\"core\/categories\";i:7;s:14:\"core\/paragraph\";i:8;s:10:\"uagb\/image\";i:9;s:11:\"core\/spacer\";i:10;s:30:\"woocommerce\/product-categories\";i:11;s:10:\"core\/image\";i:12;s:14:\"core\/shortcode\";}s:8:\"uag_flag\";b:1;s:11:\"uag_version\";s:10:\"1777102749\";s:6:\"gfonts\";a:0:{}s:10:\"gfonts_url\";s:0:\"\";s:12:\"gfonts_files\";a:0:{}s:14:\"uag_faq_layout\";b:0;}"]},"uagb_featured_image_src":{"full":["https:\/\/www.ferberpainting.com\/wp-content\/uploads\/2025\/05\/WallFillerforInteriorandExterior5L.png",2560,2560,false],"thumbnail":["https:\/\/www.ferberpainting.com\/wp-content\/uploads\/2025\/05\/WallFillerforInteriorandExterior5L-150x150.png",150,150,true],"medium":["https:\/\/www.ferberpainting.com\/wp-content\/uploads\/2025\/05\/WallFillerforInteriorandExterior5L-300x300.png",300,300,true],"medium_large":["https:\/\/www.ferberpainting.com\/wp-content\/uploads\/2025\/05\/WallFillerforInteriorandExterior5L-768x768.png",768,768,true],"large":["https:\/\/www.ferberpainting.com\/wp-content\/uploads\/2025\/05\/WallFillerforInteriorandExterior5L-1024x1024.png",1024,1024,true],"1536x1536":["https:\/\/www.ferberpainting.com\/wp-content\/uploads\/2025\/05\/WallFillerforInteriorandExterior5L-1536x1536.png",1536,1536,true],"2048x2048":["https:\/\/www.ferberpainting.com\/wp-content\/uploads\/2025\/05\/WallFillerforInteriorandExterior5L-2048x2048.png",2048,2048,true],"trp-custom-language-flag":["https:\/\/www.ferberpainting.com\/wp-content\/uploads\/2025\/05\/WallFillerforInteriorandExterior5L-12x12.png",12,12,true],"woocommerce_thumbnail":["https:\/\/www.ferberpainting.com\/wp-content\/uploads\/2025\/05\/WallFillerforInteriorandExterior5L-300x300.png",300,300,true],"woocommerce_single":["https:\/\/www.ferberpainting.com\/wp-content\/uploads\/2025\/05\/WallFillerforInteriorandExterior5L-600x600.png",600,600,true],"woocommerce_gallery_thumbnail":["https:\/\/www.ferberpainting.com\/wp-content\/uploads\/2025\/05\/WallFillerforInteriorandExterior5L-100x100.png",100,100,true]},"uagb_author_info":{"display_name":"admin","author_link":"https:\/\/www.ferberpainting.com\/pl\/author\/"},"uagb_comment_info":6,"uagb_excerpt":"Deep surface repair and smoothing.\u00a0This filler is specially designed to effectively fill holes, cracks, and irregularities on all types of surfaces, both indoors and outdoors. Its smooth texture and easy application allow for a perfectly homogeneous finish, making it easier to paint or apply a coating after drying. Money-back guarantee.\u00a0We have total confidence in the&hellip;","_links":{"self":[{"href":"https:\/\/www.ferberpainting.com\/pl\/wp-json\/wp\/v2\/product\/25630","targetHints":{"allow":["GET"]}}],"collection":[{"href":"https:\/\/www.ferberpainting.com\/pl\/wp-json\/wp\/v2\/product"}],"about":[{"href":"https:\/\/www.ferberpainting.com\/pl\/wp-json\/wp\/v2\/types\/product"}],"replies":[{"embeddable":true,"href":"https:\/\/www.ferberpainting.com\/pl\/wp-json\/wp\/v2\/comments?post=25630"}],"version-history":[{"count":4,"href":"https:\/\/www.ferberpainting.com\/pl\/wp-json\/wp\/v2\/product\/25630\/revisions"}],"predecessor-version":[{"id":168605,"href":"https:\/\/www.ferberpainting.com\/pl\/wp-json\/wp\/v2\/product\/25630\/revisions\/168605"}],"wp:featuredmedia":[{"embeddable":true,"href":"https:\/\/www.ferberpainting.com\/pl\/wp-json\/wp\/v2\/media\/27441"}],"wp:attachment":[{"href":"https:\/\/www.ferberpainting.com\/pl\/wp-json\/wp\/v2\/media?parent=25630"}],"wp:term":[{"taxonomy":"product_brand","embeddable":true,"href":"https:\/\/www.ferberpainting.com\/pl\/wp-json\/wp\/v2\/product_brand?post=25630"},{"taxonomy":"product_cat","embeddable":true,"href":"https:\/\/www.ferberpainting.com\/pl\/wp-json\/wp\/v2\/product_cat?post=25630"},{"taxonomy":"product_tag","embeddable":true,"href":"https:\/\/www.ferberpainting.com\/pl\/wp-json\/wp\/v2\/product_tag?post=25630"}],"curies":[{"name":"wp","href":"https:\/\/api.w.org\/{rel}","templated":true}]}}