{"id":25621,"date":"2025-05-26T10:32:50","date_gmt":"2025-05-26T08:32:50","guid":{"rendered":"https:\/\/www.ferberpainting.com\/products\/verbena-fertilizer\/"},"modified":"2026-02-16T14:16:24","modified_gmt":"2026-02-16T13:16:24","slug":"verbena-fertilizer","status":"publish","type":"product","link":"https:\/\/www.ferberpainting.com\/pl\/products\/verbena-fertilizer\/","title":{"rendered":"Naw\u00f3z do werbeny"},"content":{"rendered":"<p><strong><img decoding=\"async\" style=\"margin-right: 12px;\" src=\"https:\/\/www.ferberpainting.com\/wp-content\/uploads\/2026\/02\/Check.svg\" alt=\"\" width=\"18\" height=\"15\" \/>Idealny naw\u00f3z dla kwitn\u0105cej i bujnej werbeny.<\/strong>\u00a0Werbena, zar\u00f3wno aromatyczna, jak i ozdobna, wymaga zr\u00f3wnowa\u017conego zaopatrzenia w sk\u0142adniki od\u017cywcze, aby zapewni\u0107 zdrowy wzrost, g\u0119ste li\u015bcie i d\u0142ugotrwa\u0142e kwitnienie. Ten naw\u00f3z, opracowany w stosunku NPK 15-15-15, zapewnia niezb\u0119dne sk\u0142adniki od\u017cywcze wszystkim odmianom werbeny, promuj\u0105c rozw\u00f3j korzeni, odporno\u015b\u0107 na choroby i obfite kwitnienie.<\/p>\n<p><strong><img decoding=\"async\" style=\"margin-right: 12px;\" src=\"https:\/\/www.ferberpainting.com\/wp-content\/uploads\/2026\/02\/Check.svg\" alt=\"\" width=\"18\" height=\"15\" \/>Gwarancja zwrotu pieni\u0119dzy.<\/strong>\u00a0Jeste\u015bmy przekonani o skuteczno\u015bci naszego nawozu w stymulowaniu wzrostu i kwitnienia werbeny. Je\u015bli jednak po prawid\u0142owym zastosowaniu zgodnie z zaleceniami nie zaobserwujesz znacz\u0105cej poprawy, masz prawo do pe\u0142nego zwrotu pieni\u0119dzy.<\/p>\n<p><strong><img decoding=\"async\" style=\"margin-right: 12px;\" src=\"https:\/\/www.ferberpainting.com\/wp-content\/uploads\/2026\/02\/Check.svg\" alt=\"\" width=\"18\" height=\"15\" \/>Kompatybilny ze wszystkimi rodzajami pod\u0142o\u017cy.<\/strong>\u00a0Ten naw\u00f3z zosta\u0142 zaprojektowany tak, aby dostosowa\u0107 si\u0119 do wszystkich warunk\u00f3w uprawy, zar\u00f3wno w otwartym terenie, doniczkach, donicach, jak i szklarniach. Doskonale sprawdza si\u0119 na glebach bogatych w pr\u00f3chnic\u0119, pod\u0142o\u017cach piaszczystych, glebach lekkich i dobrze przepuszczalnych mieszankach. Jest r\u00f3wnie\u017c skuteczny na glebach wzbogaconych kompostem, ziemi\u0105 doniczkow\u0105 lub \u015bci\u00f3\u0142k\u0105.<\/p>\n<p><strong><img decoding=\"async\" style=\"margin-right: 12px;\" src=\"https:\/\/www.ferberpainting.com\/wp-content\/uploads\/2026\/02\/Check.svg\" alt=\"\" width=\"18\" height=\"15\" \/>Zoptymalizowana i ekonomiczna wydajno\u015b\u0107.<\/strong>\u00a0Dzi\u0119ki skoncentrowanej formule naw\u00f3z ten zapewnia doskona\u0142e plony przy jednoczesnym zmniejszeniu ilo\u015bci odpad\u00f3w. 5 ml produktu rozcie\u0144czonego w 1 litrze wody pozwala na przygotowanie do 1000 litr\u00f3w roztworu nawozowego, gwarantuj\u0105c ekonomiczne i d\u0142ugotrwa\u0142e u\u017cytkowanie. Doskonale nadaje si\u0119 zar\u00f3wno do ma\u0142ych, jak i du\u017cych upraw.<\/p>\n<p><strong><img decoding=\"async\" style=\"margin-right: 12px;\" src=\"https:\/\/www.ferberpainting.com\/wp-content\/uploads\/2026\/02\/Check.svg\" alt=\"\" width=\"18\" height=\"15\" \/>Naw\u00f3z bezpieczny dla \u015brodowiska.<\/strong>\u00a0Jego bezpieczna formu\u0142a respektuj\u0105ca ekosystemy pozwala na stosowanie bez ryzyka dla gleby, mikroorganizm\u00f3w i bior\u00f3\u017cnorodno\u015bci. Jest wolny od szkodliwych pozosta\u0142o\u015bci chemicznych i dodatk\u00f3w, co czyni go produktem odpowiednim dla ekologicznego i zr\u00f3wnowa\u017conego rolnictwa.<\/p>\n<p><strong><img decoding=\"async\" style=\"margin-right: 12px;\" src=\"https:\/\/www.ferberpainting.com\/wp-content\/uploads\/2026\/02\/Check.svg\" alt=\"\" width=\"18\" height=\"15\" \/>\u0141atwa aplikacja i szybkie wch\u0142anianie.<\/strong>\u00a0Naw\u00f3z ten \u0142atwo rozpuszcza si\u0119 w wodzie, zapewniaj\u0105c szybkie wch\u0142anianie przez korzenie i li\u015bcie. Mo\u017ce by\u0107 stosowany przez podlewanie lub opryskiwanie dolistne, umo\u017cliwiaj\u0105c w ten spos\u00f3b jednorodn\u0105 dyfuzj\u0119 sk\u0142adnik\u00f3w od\u017cywczych i natychmiastowe pobieranie przez ro\u015bliny.<\/p>\n<p><strong><img decoding=\"async\" style=\"margin-right: 12px;\" src=\"https:\/\/www.ferberpainting.com\/wp-content\/uploads\/2026\/02\/Check.svg\" alt=\"\" width=\"18\" height=\"15\" \/>Sta\u0142a i zr\u00f3wnowa\u017cona poda\u017c sk\u0142adnik\u00f3w od\u017cywczych.<\/strong>\u00a0W przeciwie\u0144stwie do nawoz\u00f3w sta\u0142ych, kt\u00f3re uwalniaj\u0105 swoje sk\u0142adniki powoli i nier\u00f3wnomiernie, ten p\u0142ynny naw\u00f3z zapewnia ci\u0105g\u0142e nawo\u017cenie, wspieraj\u0105c sta\u0142y wzrost i przed\u0142u\u017cone kwitnienie. Promuje zdrowy rozw\u00f3j li\u015bci i zwi\u0119ksza produkcj\u0119 pachn\u0105cych kwiat\u00f3w, jednocze\u015bnie zachowuj\u0105c wigor ro\u015bliny.<\/p>\n<p><strong><img decoding=\"async\" style=\"margin-right: 12px;\" src=\"https:\/\/www.ferberpainting.com\/wp-content\/uploads\/2026\/02\/Check.svg\" alt=\"\" width=\"18\" height=\"15\" \/>Szybko widoczne rezultaty.<\/strong>\u00a0W ci\u0105gu zaledwie kilku tygodni zauwa\u017cysz zwi\u0119kszon\u0105 g\u0119sto\u015b\u0107 li\u015bci, wi\u0119ksz\u0105 odporno\u015b\u0107 na choroby i d\u0142u\u017cszy okres kwitnienia. Naw\u00f3z ten wspomaga wzrost mocnych \u0142odyg, g\u0142\u0119bszych korzeni i bardziej \u017cywych kolor\u00f3w li\u015bci i kwiat\u00f3w.<\/p>\n<p><strong><img decoding=\"async\" style=\"margin-right: 12px;\" src=\"https:\/\/www.ferberpainting.com\/wp-content\/uploads\/2026\/02\/Check.svg\" alt=\"\" width=\"18\" height=\"15\" \/>Naw\u00f3z dostosowany do specyficznych potrzeb werbeny.<\/strong>\u00a0Dzi\u0119ki doskona\u0142ej r\u00f3wnowadze azotu, fosforu i potasu naw\u00f3z ten zapewnia kompletne i zoptymalizowane od\u017cywianie. Stymuluje wzrost wegetatywny, zwalcza niedob\u00f3r azotu i pomaga wzmocni\u0107 naturaln\u0105 odporno\u015b\u0107 na stres klimatyczny i choroby, zapewniaj\u0105c zdrowe i trwa\u0142e ro\u015bliny.<\/p>\n<h2><strong>Protok\u00f3\u0142 u\u017cytkowania<\/strong><\/h2>\n<ul>\n<li><strong>Okres sk\u0142adania wniosk\u00f3w <\/strong>: Stosowa\u0107 naw\u00f3z od wczesnej wiosny, kontynuuj\u0105c do ko\u0144ca okresu kwitnienia, aby utrzyma\u0107 sta\u0142y wzrost. Zmniejsz cz\u0119stotliwo\u015b\u0107 stosowania w fazie spoczynku ro\u015bliny.<\/li>\n<li><strong>Przygotowanie rozwi\u0105zania <\/strong>: Rozcie\u0144czy\u0107 5 ml nawozu w 1 litrze wody, aby uzyska\u0107 zr\u00f3wnowa\u017cony roztw\u00f3r gotowy do u\u017cycia.<\/li>\n<li><strong>Aplikacja na gleb\u0119 <\/strong>: Podlewa\u0107 bezpo\u015brednio u podstawy ro\u015bliny, uwa\u017caj\u0105c, aby nie nasyci\u0107 gleby, aby unikn\u0105\u0107 ryzyka gnicia korzeni.<\/li>\n<li><strong>Opryskiwanie dolistne <\/strong>: Zastosuj roztw\u00f3r w postaci lekkiej mgie\u0142ki na li\u015bciach i \u0142odygach, promuj\u0105c szybkie wch\u0142anianie sk\u0142adnik\u00f3w od\u017cywczych i og\u00f3lny lepszy wzrost.<\/li>\n<li><strong>Cz\u0119stotliwo\u015b\u0107 stosowania <\/strong>: Nawozi\u0107 co 10-15 dni w okresie aktywnego wzrostu i raz w miesi\u0105cu w okresie zimowym, dostosowuj\u0105c ilo\u015b\u0107 nawozu do kondycji ro\u015bliny.<\/li>\n<li><strong>\u015arodki ostro\u017cno\u015bci dotycz\u0105ce u\u017cytkowania <\/strong>: Unika\u0107 nadmiaru nawozu, poniewa\u017c przedawkowanie mo\u017ce spowodowa\u0107 nadmierne zag\u0119szczenie li\u015bci kosztem kwitnienia.<\/li>\n<\/ul>\n<p>Dzi\u0119ki temu kompletnemu i zbilansowanemu nawozowi werbena skorzysta z optymalnej dawki sk\u0142adnik\u00f3w od\u017cywczych, zapewniaj\u0105c energiczny wzrost, d\u0142ugotrwa\u0142e kwitnienie i zdrowe li\u015bcie.<\/p>","protected":false},"excerpt":{"rendered":"<p>An ideal fertilizer for flourishing and vigorous verbena.\u00a0Verbena, whether aromatic or ornamental, requires a balanced nutrient supply to ensure healthy growth, dense foliage, and prolonged flowering. This fertilizer, formulated with an NPK ratio of 15-15-15, provides essential nutrients to all varieties of verbena, promoting root development, disease resistance, and abundant flower production. Money-back guarantee.\u00a0We are [&hellip;]<\/p>\n","protected":false},"featured_media":27439,"comment_status":"open","ping_status":"closed","template":"","meta":{"_uag_custom_page_level_css":"","site-sidebar-layout":"default","site-content-layout":"","ast-site-content-layout":"default","site-content-style":"default","site-sidebar-style":"default","ast-global-header-display":"","ast-banner-title-visibility":"","ast-main-header-display":"","ast-hfb-above-header-display":"","ast-hfb-below-header-display":"","ast-hfb-mobile-header-display":"","site-post-title":"","ast-breadcrumbs-content":"","ast-featured-img":"","footer-sml-layout":"","ast-disable-related-posts":"","theme-transparent-header-meta":"default","adv-header-id-meta":"","stick-header-meta":"","header-above-stick-meta":"","header-main-stick-meta":"","header-below-stick-meta":"","astra-migrate-meta-layouts":"set","ast-page-background-enabled":"default","ast-page-background-meta":{"desktop":{"background-color":"var(--ast-global-color-4)","background-image":"","background-repeat":"repeat","background-position":"center center","background-size":"auto","background-attachment":"scroll","background-type":"","background-media":"","overlay-type":"","overlay-color":"","overlay-opacity":"","overlay-gradient":""},"tablet":{"background-color":"","background-image":"","background-repeat":"repeat","background-position":"center center","background-size":"auto","background-attachment":"scroll","background-type":"","background-media":"","overlay-type":"","overlay-color":"","overlay-opacity":"","overlay-gradient":""},"mobile":{"background-color":"","background-image":"","background-repeat":"repeat","background-position":"center center","background-size":"auto","background-attachment":"scroll","background-type":"","background-media":"","overlay-type":"","overlay-color":"","overlay-opacity":"","overlay-gradient":""}},"ast-content-background-meta":{"desktop":{"background-color":"var(--ast-global-color-5)","background-image":"","background-repeat":"repeat","background-position":"center center","background-size":"auto","background-attachment":"scroll","background-type":"","background-media":"","overlay-type":"","overlay-color":"","overlay-opacity":"","overlay-gradient":""},"tablet":{"background-color":"var(--ast-global-color-5)","background-image":"","background-repeat":"repeat","background-position":"center center","background-size":"auto","background-attachment":"scroll","background-type":"","background-media":"","overlay-type":"","overlay-color":"","overlay-opacity":"","overlay-gradient":""},"mobile":{"background-color":"var(--ast-global-color-5)","background-image":"","background-repeat":"repeat","background-position":"center center","background-size":"auto","background-attachment":"scroll","background-type":"","background-media":"","overlay-type":"","overlay-color":"","overlay-opacity":"","overlay-gradient":""}}},"product_brand":[],"product_cat":[178],"product_tag":[],"class_list":{"0":"post-25621","1":"product","2":"type-product","3":"status-publish","4":"has-post-thumbnail","6":"product_cat-fertilizers","7":"desktop-align-left","8":"tablet-align-left","9":"mobile-align-left","11":"first","12":"instock","13":"sale","14":"taxable","15":"shipping-taxable","16":"purchasable","17":"product-type-variable","18":"has-default-attributes"},"spectra_custom_meta":{"_visibility":["visible"],"_shopify_product_id":["9073303748853"],"_s2w_shopify_domain":["ferberpainting.myshopify.com"],"_shopify_variant_id":["46524587606261"],"_sku":[""],"_manage_stock":["no"],"total_sales":["0"],"_tax_status":["taxable"],"_tax_class":[""],"_backorders":["no"],"_sold_individually":["no"],"_virtual":["no"],"_downloadable":["no"],"_download_limit":["-1"],"_download_expiry":["-1"],"_stock":[null],"_stock_status":["instock"],"_wc_average_rating":["4.63"],"_wc_review_count":["8"],"_product_attributes":["a:1:{s:6:\"volume\";a:6:{s:4:\"name\";s:6:\"Volume\";s:5:\"value\";s:20:\"5 liters | 25 liters\";s:8:\"position\";i:1;s:10:\"is_visible\";i:0;s:12:\"is_variation\";i:1;s:11:\"is_taxonomy\";i:0;}}"],"_product_version":["10.5.1"],"_thumbnail_id":["27439"],"_product_image_gallery":["27440"],"wpse_downloadable_file_names":[""],"wpse_downloadable_file_urls":[""],"_edit_last":["1"],"_default_attributes":["a:1:{s:6:\"volume\";s:8:\"5 liters\";}"],"_edit_lock":["1771247645:1"],"_price":["29.90","129.90"],"merchant-center-availability":["yes"],"merchant-center-category":["113"],"_wp_page_template":["default"],"site-sidebar-layout":["default"],"ast-site-content-layout":["default"],"site-content-style":["default"],"site-sidebar-style":["default"],"theme-transparent-header-meta":["default"],"_wc_rating_count":["a:2:{i:4;i:3;i:5;i:5;}"],"astra-migrate-meta-layouts":["set"],"_uag_css_file_name":["uag-css-25621.css"],"_elementor_page_assets":["a:0:{}"]},"uagb_featured_image_src":{"full":["https:\/\/www.ferberpainting.com\/wp-content\/uploads\/2025\/05\/VerbenaFertilizer5L.png",2560,2560,false],"thumbnail":["https:\/\/www.ferberpainting.com\/wp-content\/uploads\/2025\/05\/VerbenaFertilizer5L-150x150.png",150,150,true],"medium":["https:\/\/www.ferberpainting.com\/wp-content\/uploads\/2025\/05\/VerbenaFertilizer5L-300x300.png",300,300,true],"medium_large":["https:\/\/www.ferberpainting.com\/wp-content\/uploads\/2025\/05\/VerbenaFertilizer5L-768x768.png",768,768,true],"large":["https:\/\/www.ferberpainting.com\/wp-content\/uploads\/2025\/05\/VerbenaFertilizer5L-1024x1024.png",1024,1024,true],"1536x1536":["https:\/\/www.ferberpainting.com\/wp-content\/uploads\/2025\/05\/VerbenaFertilizer5L-1536x1536.png",1536,1536,true],"2048x2048":["https:\/\/www.ferberpainting.com\/wp-content\/uploads\/2025\/05\/VerbenaFertilizer5L-2048x2048.png",2048,2048,true],"trp-custom-language-flag":["https:\/\/www.ferberpainting.com\/wp-content\/uploads\/2025\/05\/VerbenaFertilizer5L-12x12.png",12,12,true],"woocommerce_thumbnail":["https:\/\/www.ferberpainting.com\/wp-content\/uploads\/2025\/05\/VerbenaFertilizer5L-300x300.png",300,300,true],"woocommerce_single":["https:\/\/www.ferberpainting.com\/wp-content\/uploads\/2025\/05\/VerbenaFertilizer5L-600x600.png",600,600,true],"woocommerce_gallery_thumbnail":["https:\/\/www.ferberpainting.com\/wp-content\/uploads\/2025\/05\/VerbenaFertilizer5L-100x100.png",100,100,true]},"uagb_author_info":{"display_name":"admin","author_link":"https:\/\/www.ferberpainting.com\/pl\/author\/"},"uagb_comment_info":8,"uagb_excerpt":"An ideal fertilizer for flourishing and vigorous verbena.\u00a0Verbena, whether aromatic or ornamental, requires a balanced nutrient supply to ensure healthy growth, dense foliage, and prolonged flowering. This fertilizer, formulated with an NPK ratio of 15-15-15, provides essential nutrients to all varieties of verbena, promoting root development, disease resistance, and abundant flower production. Money-back guarantee.\u00a0We are&hellip;","_links":{"self":[{"href":"https:\/\/www.ferberpainting.com\/pl\/wp-json\/wp\/v2\/product\/25621","targetHints":{"allow":["GET"]}}],"collection":[{"href":"https:\/\/www.ferberpainting.com\/pl\/wp-json\/wp\/v2\/product"}],"about":[{"href":"https:\/\/www.ferberpainting.com\/pl\/wp-json\/wp\/v2\/types\/product"}],"replies":[{"embeddable":true,"href":"https:\/\/www.ferberpainting.com\/pl\/wp-json\/wp\/v2\/comments?post=25621"}],"version-history":[{"count":4,"href":"https:\/\/www.ferberpainting.com\/pl\/wp-json\/wp\/v2\/product\/25621\/revisions"}],"predecessor-version":[{"id":167523,"href":"https:\/\/www.ferberpainting.com\/pl\/wp-json\/wp\/v2\/product\/25621\/revisions\/167523"}],"wp:featuredmedia":[{"embeddable":true,"href":"https:\/\/www.ferberpainting.com\/pl\/wp-json\/wp\/v2\/media\/27439"}],"wp:attachment":[{"href":"https:\/\/www.ferberpainting.com\/pl\/wp-json\/wp\/v2\/media?parent=25621"}],"wp:term":[{"taxonomy":"product_brand","embeddable":true,"href":"https:\/\/www.ferberpainting.com\/pl\/wp-json\/wp\/v2\/product_brand?post=25621"},{"taxonomy":"product_cat","embeddable":true,"href":"https:\/\/www.ferberpainting.com\/pl\/wp-json\/wp\/v2\/product_cat?post=25621"},{"taxonomy":"product_tag","embeddable":true,"href":"https:\/\/www.ferberpainting.com\/pl\/wp-json\/wp\/v2\/product_tag?post=25621"}],"curies":[{"name":"wp","href":"https:\/\/api.w.org\/{rel}","templated":true}]}}