{"id":25604,"date":"2025-05-26T10:32:43","date_gmt":"2025-05-26T08:32:43","guid":{"rendered":"https:\/\/www.ferberpainting.com\/products\/truffle-tree-fertilizer\/"},"modified":"2026-02-16T13:50:18","modified_gmt":"2026-02-16T12:50:18","slug":"truffle-tree-fertilizer","status":"publish","type":"product","link":"https:\/\/www.ferberpainting.com\/pl\/products\/truffle-tree-fertilizer\/","title":{"rendered":"Naw\u00f3z do drzew truflowych 25 kg"},"content":{"rendered":"<p><strong><img decoding=\"async\" style=\"margin-right: 12px;\" src=\"https:\/\/www.ferberpainting.com\/wp-content\/uploads\/2026\/02\/Check.svg\" alt=\"\" width=\"18\" height=\"15\" \/>Naw\u00f3z specjalnie zaprojektowany do promowania mikoryzacji trufli.<\/strong>\u00a0Ten granulowany naw\u00f3z zosta\u0142 specjalnie opracowany, aby zaspokoi\u0107 potrzeby drzew truflowych, dostarczaj\u0105c niezb\u0119dnych sk\u0142adnik\u00f3w od\u017cywczych potrzebnych do ich rozwoju. Promuje zr\u00f3wnowa\u017cone i progresywne od\u017cywianie, kt\u00f3re stymuluje wzrost korzeni i implantacj\u0119 grzybni trufli. Dzi\u0119ki zr\u00f3wnowa\u017conemu sk\u0142adowi azotu, fosforu i potasu (NPK 10-10-10), naw\u00f3z ten wspiera symbioz\u0119 mi\u0119dzy drzewem a trufl\u0105, jednocze\u015bnie wzmacniaj\u0105c wigor drzewa truflowego i jego odporno\u015b\u0107 na stres \u015brodowiskowy.<\/p>\n<p><strong><img decoding=\"async\" style=\"margin-right: 12px;\" src=\"https:\/\/www.ferberpainting.com\/wp-content\/uploads\/2026\/02\/Check.svg\" alt=\"\" width=\"18\" height=\"15\" \/>Gwarancja zwrotu pieni\u0119dzy.<\/strong>\u00a0Jeste\u015bmy przekonani o skuteczno\u015bci naszego nawozu do trufli i dlatego oferujemy pe\u0142ny zwrot pieni\u0119dzy, je\u015bli nie b\u0119dziesz w pe\u0142ni zadowolony z wynik\u00f3w. Je\u015bli po u\u017cyciu nie zauwa\u017cysz \u017cadnej poprawy we wzro\u015bcie drzew lub w tworzeniu mikoryzy, zobowi\u0105zujemy si\u0119 do zwrotu pieni\u0119dzy bez \u017cadnych warunk\u00f3w.<\/p>\n<p><strong><img decoding=\"async\" style=\"margin-right: 12px;\" src=\"https:\/\/www.ferberpainting.com\/wp-content\/uploads\/2026\/02\/Check.svg\" alt=\"\" width=\"18\" height=\"15\" \/>Wszechstronny naw\u00f3z odpowiedni dla r\u00f3\u017cnych gleb i gatunk\u00f3w trufli.<\/strong>\u00a0Naw\u00f3z ten jest kompatybilny ze wszystkimi gatunkami d\u0119b\u00f3w truflowych, w tym d\u0119bem dojrzewaj\u0105cym, d\u0119bem zielonym i d\u0119bem bia\u0142ym, a tak\u017ce z leszczyn\u0105 do uprawy trufli. Jest r\u00f3wnie\u017c dostosowany do gleb wapiennych, gliniasto-wapiennych i gliniastych, dzi\u0119ki czemu sprzyja lepszej asymilacji sk\u0142adnik\u00f3w od\u017cywczych i optymalnej mikoryzacji.<\/p>\n<p><strong><img decoding=\"async\" style=\"margin-right: 12px;\" src=\"https:\/\/www.ferberpainting.com\/wp-content\/uploads\/2026\/02\/Check.svg\" alt=\"\" width=\"18\" height=\"15\" \/>Wyj\u0105tkowa wydajno\u015b\u0107 ekonomiczna dla d\u0142ugotrwa\u0142ego nawo\u017cenia.<\/strong>\u00a0Dzi\u0119ki wysokiej koncentracji sk\u0142adnik\u00f3w od\u017cywczych naw\u00f3z ten zapewnia skuteczne nawo\u017cenie przy niewielkiej ilo\u015bci produktu na drzewo. Worek 25 kg umo\u017cliwia nawo\u017cenie du\u017cej powierzchni plantacji. Wydajno\u015b\u0107 200 gram\u00f3w na drzewo sprawia, \u017ce jest to op\u0142acalny i wydajny wyb\u00f3r dla wszystkich hodowc\u00f3w trufli.<\/p>\n<p><strong><img decoding=\"async\" style=\"margin-right: 12px;\" src=\"https:\/\/www.ferberpainting.com\/wp-content\/uploads\/2026\/02\/Check.svg\" alt=\"\" width=\"18\" height=\"15\" \/>Przyjazny dla \u015brodowiska naw\u00f3z, kt\u00f3ry jest bezpieczny dla fauny i flory.<\/strong>\u00a0Naw\u00f3z ten, opracowany bez u\u017cycia toksycznych produkt\u00f3w, nie zmienia bior\u00f3\u017cnorodno\u015bci gleby, nie uwalnia szkodliwych pozosta\u0142o\u015bci chemicznych i pomaga zachowa\u0107 mikroorganizmy korzystne dla produkcji trufli. Jest nieszkodliwy dla zwierz\u0105t, owad\u00f3w i organizm\u00f3w obecnych w glebie, zapewniaj\u0105c harmonijny rozw\u00f3j drzewa truflowego i sieci mikoryzowej.<\/p>\n<p><strong><img decoding=\"async\" style=\"margin-right: 12px;\" src=\"https:\/\/www.ferberpainting.com\/wp-content\/uploads\/2026\/02\/Check.svg\" alt=\"\" width=\"18\" height=\"15\" \/>Prosta i szybka aplikacja bez ryzyka przedawkowania.<\/strong>\u00a0Naw\u00f3z ten jest stosowany w postaci sta\u0142ej, co u\u0142atwia jego aplikacj\u0119 bez konieczno\u015bci wcze\u015bniejszego rozcie\u0144czania. Wystarczy rozsypa\u0107 zalecan\u0105 ilo\u015b\u0107 wok\u00f3\u0142 drzewa i lekko wmiesza\u0107 j\u0105 w gleb\u0119, aby zapewni\u0107 stopniowe uwalnianie sk\u0142adnik\u00f3w od\u017cywczych.<\/p>\n<p><strong><img decoding=\"async\" style=\"margin-right: 12px;\" src=\"https:\/\/www.ferberpainting.com\/wp-content\/uploads\/2026\/02\/Check.svg\" alt=\"\" width=\"18\" height=\"15\" \/>D\u0142ugotrwa\u0142y efekt dla trwa\u0142ego wzrostu drzew truflowych.<\/strong>\u00a0Dzi\u0119ki powolnemu uwalnianiu, naw\u00f3z ten zapewnia sta\u0142e uwalnianie sk\u0142adnik\u00f3w od\u017cywczych przez ca\u0142y sezon. Promuje rozw\u00f3j korzeni, stymuluje aktywno\u015b\u0107 mikoryzow\u0105 i poprawia og\u00f3lny stan zdrowia drzewa truflowego, zwi\u0119kszaj\u0105c w ten spos\u00f3b szanse na obfit\u0105 i zr\u00f3wnowa\u017con\u0105 produkcj\u0119 trufli.<\/p>\n<p><strong><img decoding=\"async\" style=\"margin-right: 12px;\" src=\"https:\/\/www.ferberpainting.com\/wp-content\/uploads\/2026\/02\/Check.svg\" alt=\"\" width=\"18\" height=\"15\" \/>Widoczne wyniki z pierwszego sezonu.<\/strong>\u00a0Od pierwszych tygodni po zastosowaniu mo\u017cna zaobserwowa\u0107 bardziej dynamiczny wzrost drzewa, lepsz\u0105 g\u0119sto\u015b\u0107 korzeni i og\u00f3ln\u0105 popraw\u0119 stanu zdrowia drzewa truflowego. Naw\u00f3z ten stymuluje tworzenie korzeni i korzeni wt\u00f3rnych, co sprzyja mikoryzacji i produkcji trufli.<\/p>\n<h2><strong>Protok\u00f3\u0142 u\u017cytkowania<\/strong><\/h2>\n<p><strong>Zalecane dawkowanie <\/strong>:<\/p>\n<ul>\n<li>200 gram\u00f3w nawozu na drzewo, do stosowania raz lub dwa razy w roku, najlepiej wiosn\u0105 i jesieni\u0105.<\/li>\n<li>W przypadku m\u0142odych plantacji zredukowana dawka 100 gram\u00f3w na drzewo jest wystarczaj\u0105ca do promowania szybkiego wzrostu i r\u00f3wnomiernego wzrostu.<\/li>\n<\/ul>\n<p><strong>Metoda aplikacji <\/strong>:<\/p>\n<ul>\n<li>Rozsyp naw\u00f3z wok\u00f3\u0142 podstawy drzewa, uwa\u017caj\u0105c, aby nie umie\u015bci\u0107 go bezpo\u015brednio na pniu.<\/li>\n<li>Lekko wymieszaj naw\u00f3z z gleb\u0105 za pomoc\u0105 grabi lub pazur\u00f3w, aby zapewni\u0107 lepsz\u0105 asymilacj\u0119 sk\u0142adnik\u00f3w od\u017cywczych.<\/li>\n<li>Podla\u0107 po zastosowaniu, aby u\u0142atwi\u0107 uwalnianie sk\u0142adnik\u00f3w mineralnych i aktywowa\u0107 aktywno\u015b\u0107 mikrobiologiczn\u0105 gleby.<\/li>\n<\/ul>\n<p><strong>Cz\u0119stotliwo\u015b\u0107 u\u017cytkowania <\/strong>:<\/p>\n<ul>\n<li><strong>Wiosn\u0105 (marzec-kwiecie\u0144) <\/strong>: Promuje rozw\u00f3j korzeni i stymuluje rozw\u00f3j grzybni trufli.<\/li>\n<li><strong>Jesieni\u0105 (wrzesie\u0144-pa\u017adziernik) <\/strong>: Przygotowanie drzew truflowych do zimnej pory roku i wsparcie ich od\u017cywiania na nast\u0119pny rok.<\/li>\n<\/ul>\n<p><strong>\u015arodki ostro\u017cno\u015bci dotycz\u0105ce u\u017cytkowania <\/strong>:<\/p>\n<ul>\n<li>Unikaj przedawkowania, poniewa\u017c zbyt du\u017ce nawo\u017cenie mo\u017ce zaburzy\u0107 r\u00f3wnowag\u0119 gleby i spowolni\u0107 tworzenie si\u0119 trufli.<\/li>\n<li>Nie stosowa\u0107 latem w okresach wysokich temperatur, poniewa\u017c wch\u0142anianie sk\u0142adnik\u00f3w od\u017cywczych jest ni\u017csze, a parowanie wzrasta.<\/li>\n<li>Przechowywa\u0107 w suchym, wentylowanym miejscu, z dala od wilgoci, aby zachowa\u0107 jako\u015b\u0107 i skuteczno\u015b\u0107 produktu.<\/li>\n<\/ul>\n<p>Ten naw\u00f3z do trufli jest idealnym rozwi\u0105zaniem dla wszystkich entuzjast\u00f3w uprawy trufli, kt\u00f3rzy chc\u0105 zmaksymalizowa\u0107 wzrost drzew i zoptymalizowa\u0107 produkcj\u0119 trufli.<br \/>\n\u0141atwy w u\u017cyciu, op\u0142acalny i przyjazny dla \u015brodowiska, oferuje kompletne i zr\u00f3wnowa\u017cone nawo\u017cenie dla bogatej i produktywnej gleby.<\/p>","protected":false},"excerpt":{"rendered":"<p>A fertilizer specially designed to promote truffle mycorrhization.\u00a0This granular fertilizer has been specially formulated to meet the needs of truffle trees, by providing the essential nutrients needed for their development. It promotes a balanced and progressive nutrition, which stimulates root growth and the implantation of the truffle mycelium. Thanks to its balanced formulation in nitrogen, [&hellip;]<\/p>\n","protected":false},"featured_media":27436,"comment_status":"open","ping_status":"closed","template":"","meta":{"_uag_custom_page_level_css":"","site-sidebar-layout":"default","site-content-layout":"","ast-site-content-layout":"default","site-content-style":"default","site-sidebar-style":"default","ast-global-header-display":"","ast-banner-title-visibility":"","ast-main-header-display":"","ast-hfb-above-header-display":"","ast-hfb-below-header-display":"","ast-hfb-mobile-header-display":"","site-post-title":"","ast-breadcrumbs-content":"","ast-featured-img":"","footer-sml-layout":"","ast-disable-related-posts":"","theme-transparent-header-meta":"default","adv-header-id-meta":"","stick-header-meta":"","header-above-stick-meta":"","header-main-stick-meta":"","header-below-stick-meta":"","astra-migrate-meta-layouts":"set","ast-page-background-enabled":"default","ast-page-background-meta":{"desktop":{"background-color":"var(--ast-global-color-4)","background-image":"","background-repeat":"repeat","background-position":"center center","background-size":"auto","background-attachment":"scroll","background-type":"","background-media":"","overlay-type":"","overlay-color":"","overlay-opacity":"","overlay-gradient":""},"tablet":{"background-color":"","background-image":"","background-repeat":"repeat","background-position":"center center","background-size":"auto","background-attachment":"scroll","background-type":"","background-media":"","overlay-type":"","overlay-color":"","overlay-opacity":"","overlay-gradient":""},"mobile":{"background-color":"","background-image":"","background-repeat":"repeat","background-position":"center center","background-size":"auto","background-attachment":"scroll","background-type":"","background-media":"","overlay-type":"","overlay-color":"","overlay-opacity":"","overlay-gradient":""}},"ast-content-background-meta":{"desktop":{"background-color":"var(--ast-global-color-5)","background-image":"","background-repeat":"repeat","background-position":"center center","background-size":"auto","background-attachment":"scroll","background-type":"","background-media":"","overlay-type":"","overlay-color":"","overlay-opacity":"","overlay-gradient":""},"tablet":{"background-color":"var(--ast-global-color-5)","background-image":"","background-repeat":"repeat","background-position":"center center","background-size":"auto","background-attachment":"scroll","background-type":"","background-media":"","overlay-type":"","overlay-color":"","overlay-opacity":"","overlay-gradient":""},"mobile":{"background-color":"var(--ast-global-color-5)","background-image":"","background-repeat":"repeat","background-position":"center center","background-size":"auto","background-attachment":"scroll","background-type":"","background-media":"","overlay-type":"","overlay-color":"","overlay-opacity":"","overlay-gradient":""}}},"product_brand":[],"product_cat":[178],"product_tag":[],"class_list":{"0":"post-25604","1":"product","2":"type-product","3":"status-publish","4":"has-post-thumbnail","6":"product_cat-fertilizers","7":"desktop-align-left","8":"tablet-align-left","9":"mobile-align-left","11":"first","12":"instock","13":"taxable","14":"shipping-taxable","15":"purchasable","16":"product-type-simple"},"spectra_custom_meta":{"_visibility":["visible"],"_shopify_product_id":["9073230774517"],"_s2w_shopify_domain":["ferberpainting.myshopify.com"],"_shopify_variant_id":["46524447981813"],"_sku":["FPTRUFFLETREEFERTILIZER25KG"],"_regular_price":["39.90"],"_price":["39.90"],"_sale_price":[""],"_weight":["18.7"],"_thumbnail_id":["27436"],"_global_unique_id":["5056773817920"],"total_sales":["14"],"_tax_status":["taxable"],"_tax_class":[""],"_manage_stock":["no"],"_backorders":["no"],"_sold_individually":["no"],"_virtual":["no"],"_downloadable":["no"],"_download_limit":["-1"],"_download_expiry":["-1"],"_stock":[null],"_stock_status":["instock"],"_wc_average_rating":["5.00"],"_wc_review_count":["33"],"_product_version":["10.5.1"],"_wc_rating_count":["a:1:{i:5;i:33;}"],"_edit_lock":["1771246083:1"],"merchant-center-availability":["yes"],"merchant-center-category":["113"],"_edit_last":["1"],"_wp_page_template":["default"],"site-sidebar-layout":["default"],"ast-site-content-layout":["default"],"site-content-style":["default"],"site-sidebar-style":["default"],"theme-transparent-header-meta":["default"],"astra-migrate-meta-layouts":["set"],"_uag_css_file_name":["uag-css-25604.css"],"_elementor_page_assets":["a:0:{}"]},"uagb_featured_image_src":{"full":["https:\/\/www.ferberpainting.com\/wp-content\/uploads\/2025\/05\/TruffleTreeFertilizer.png",2560,2560,false],"thumbnail":["https:\/\/www.ferberpainting.com\/wp-content\/uploads\/2025\/05\/TruffleTreeFertilizer-150x150.png",150,150,true],"medium":["https:\/\/www.ferberpainting.com\/wp-content\/uploads\/2025\/05\/TruffleTreeFertilizer-300x300.png",300,300,true],"medium_large":["https:\/\/www.ferberpainting.com\/wp-content\/uploads\/2025\/05\/TruffleTreeFertilizer-768x768.png",768,768,true],"large":["https:\/\/www.ferberpainting.com\/wp-content\/uploads\/2025\/05\/TruffleTreeFertilizer-1024x1024.png",1024,1024,true],"1536x1536":["https:\/\/www.ferberpainting.com\/wp-content\/uploads\/2025\/05\/TruffleTreeFertilizer-1536x1536.png",1536,1536,true],"2048x2048":["https:\/\/www.ferberpainting.com\/wp-content\/uploads\/2025\/05\/TruffleTreeFertilizer-2048x2048.png",2048,2048,true],"trp-custom-language-flag":["https:\/\/www.ferberpainting.com\/wp-content\/uploads\/2025\/05\/TruffleTreeFertilizer-12x12.png",12,12,true],"woocommerce_thumbnail":["https:\/\/www.ferberpainting.com\/wp-content\/uploads\/2025\/05\/TruffleTreeFertilizer-300x300.png",300,300,true],"woocommerce_single":["https:\/\/www.ferberpainting.com\/wp-content\/uploads\/2025\/05\/TruffleTreeFertilizer-600x600.png",600,600,true],"woocommerce_gallery_thumbnail":["https:\/\/www.ferberpainting.com\/wp-content\/uploads\/2025\/05\/TruffleTreeFertilizer-100x100.png",100,100,true]},"uagb_author_info":{"display_name":"admin","author_link":"https:\/\/www.ferberpainting.com\/pl\/author\/"},"uagb_comment_info":33,"uagb_excerpt":"A fertilizer specially designed to promote truffle mycorrhization.\u00a0This granular fertilizer has been specially formulated to meet the needs of truffle trees, by providing the essential nutrients needed for their development. It promotes a balanced and progressive nutrition, which stimulates root growth and the implantation of the truffle mycelium. Thanks to its balanced formulation in nitrogen,&hellip;","_links":{"self":[{"href":"https:\/\/www.ferberpainting.com\/pl\/wp-json\/wp\/v2\/product\/25604","targetHints":{"allow":["GET"]}}],"collection":[{"href":"https:\/\/www.ferberpainting.com\/pl\/wp-json\/wp\/v2\/product"}],"about":[{"href":"https:\/\/www.ferberpainting.com\/pl\/wp-json\/wp\/v2\/types\/product"}],"replies":[{"embeddable":true,"href":"https:\/\/www.ferberpainting.com\/pl\/wp-json\/wp\/v2\/comments?post=25604"}],"version-history":[{"count":5,"href":"https:\/\/www.ferberpainting.com\/pl\/wp-json\/wp\/v2\/product\/25604\/revisions"}],"predecessor-version":[{"id":167495,"href":"https:\/\/www.ferberpainting.com\/pl\/wp-json\/wp\/v2\/product\/25604\/revisions\/167495"}],"wp:featuredmedia":[{"embeddable":true,"href":"https:\/\/www.ferberpainting.com\/pl\/wp-json\/wp\/v2\/media\/27436"}],"wp:attachment":[{"href":"https:\/\/www.ferberpainting.com\/pl\/wp-json\/wp\/v2\/media?parent=25604"}],"wp:term":[{"taxonomy":"product_brand","embeddable":true,"href":"https:\/\/www.ferberpainting.com\/pl\/wp-json\/wp\/v2\/product_brand?post=25604"},{"taxonomy":"product_cat","embeddable":true,"href":"https:\/\/www.ferberpainting.com\/pl\/wp-json\/wp\/v2\/product_cat?post=25604"},{"taxonomy":"product_tag","embeddable":true,"href":"https:\/\/www.ferberpainting.com\/pl\/wp-json\/wp\/v2\/product_tag?post=25604"}],"curies":[{"name":"wp","href":"https:\/\/api.w.org\/{rel}","templated":true}]}}