{"id":25596,"date":"2025-06-30T19:41:23","date_gmt":"2025-06-30T17:41:23","guid":{"rendered":"https:\/\/www.ferberpainting.com\/?post_type=product&#038;p=25593"},"modified":"2026-02-16T13:22:02","modified_gmt":"2026-02-16T12:22:02","slug":"travertine-water-repellent","status":"publish","type":"product","link":"https:\/\/www.ferberpainting.com\/pl\/products\/travertine-water-repellent\/","title":{"rendered":"Impregnat hydrofobowy do trawertynu"},"content":{"rendered":"<p><strong><img decoding=\"async\" style=\"margin-right: 12px;\" src=\"https:\/\/www.ferberpainting.com\/wp-content\/uploads\/2026\/02\/Check.svg\" alt=\"\" width=\"18\" height=\"15\" \/>D\u0142ugotrwa\u0142a ochrona.<\/strong>\u00a0Impregnat do trawertynu to idealne rozwi\u0105zanie pozwalaj\u0105ce zachowa\u0107 pi\u0119kno trawertynowych powierzchni. Produkt ten zosta\u0142 specjalnie opracowany, aby stworzy\u0107 niewidzialn\u0105 barier\u0119, kt\u00f3ra skutecznie chroni przed wilgoci\u0105, plamami i brudem. Zapobiega wnikaniu wody, t\u0142uszczu i innych substancji w kamie\u0144, zachowuj\u0105c jego naturalny wygl\u0105d i tekstur\u0119.<\/p>\n<p><strong><img decoding=\"async\" style=\"margin-right: 12px;\" src=\"https:\/\/www.ferberpainting.com\/wp-content\/uploads\/2026\/02\/Check.svg\" alt=\"\" width=\"18\" height=\"15\" \/>Gwarancja zwrotu pieni\u0119dzy.<\/strong> Jeste\u015bmy przekonani o skuteczno\u015bci naszego produktu i oferujemy gwarancj\u0119 satysfakcji lub zwrotu pieni\u0119dzy. Je\u015bli nie b\u0119dziesz zadowolony z rezultat\u00f3w, mo\u017cesz poprosi\u0107 o pe\u0142ny zwrot pieni\u0119dzy. Twoje zadowolenie jest naszym priorytetem, dlatego pozwalamy Ci wypr\u00f3bowa\u0107 nasz produkt z ca\u0142kowitym spokojem.<\/p>\n<p><strong><img decoding=\"async\" style=\"margin-right: 12px;\" src=\"https:\/\/www.ferberpainting.com\/wp-content\/uploads\/2026\/02\/Check.svg\" alt=\"\" width=\"18\" height=\"15\" \/>Wszechstronno\u015b\u0107.<\/strong>\u00a0Impregnat do trawertynu nie ogranicza si\u0119 do powierzchni trawertynowych. Nadaje si\u0119 r\u00f3wnie\u017c do wielu innych materia\u0142\u00f3w, takich jak beton, cement, zaprawa i inne porowate kamienie. Niezale\u017cnie od tego, czy chodzi o \u015bciany zewn\u0119trzne, pod\u0142ogi czy wewn\u0119trzne elementy architektoniczne, produkt ten zapewnia uniwersaln\u0105 ochron\u0119.<\/p>\n<p><strong><img decoding=\"async\" style=\"margin-right: 12px;\" src=\"https:\/\/www.ferberpainting.com\/wp-content\/uploads\/2026\/02\/Check.svg\" alt=\"\" width=\"18\" height=\"15\" \/>Ekonomiczny.<\/strong>\u00a0Ten produkt jest zoptymalizowany tak, aby oferowa\u0107 doskona\u0142y stosunek jako\u015bci do ceny. Jeden litr impregnatu pokrywa oko\u0142o 5 do 8 m\u00b2 w zale\u017cno\u015bci od porowato\u015bci kamienia. Tak wi\u0119c, przy u\u017cyciu 5-litrowego pojemnika mo\u017cna zabezpieczy\u0107 do 40 m\u00b2. Jest to ekonomiczne rozwi\u0105zanie do ochrony powierzchni przy jednoczesnej minimalizacji koszt\u00f3w na metr kwadratowy.<\/p>\n<p><strong><img decoding=\"async\" style=\"margin-right: 12px;\" src=\"https:\/\/www.ferberpainting.com\/wp-content\/uploads\/2026\/02\/Check.svg\" alt=\"\" width=\"18\" height=\"15\" \/>Nietoksyczny.<\/strong>\u00a0Ten produkt zosta\u0142 zaprojektowany tak, aby by\u0142 bezpieczny w u\u017cyciu, spe\u0142niaj\u0105c jednocze\u015bnie surowe normy bezpiecze\u0144stwa. Nie stanowi zagro\u017cenia dla zdrowia, gdy jest stosowany zgodnie z zaleceniami. W przeciwie\u0144stwie do innych \u015brodk\u00f3w ochronnych, nie zawiera ostrych chemikali\u00f3w i mo\u017ce by\u0107 stosowany bez obaw, o ile przestrzegane s\u0105 podstawowe \u015brodki ostro\u017cno\u015bci (r\u0119kawice, wentylacja).<\/p>\n<p><strong><img decoding=\"async\" style=\"margin-right: 12px;\" src=\"https:\/\/www.ferberpainting.com\/wp-content\/uploads\/2026\/02\/Check.svg\" alt=\"\" width=\"18\" height=\"15\" \/>\u0141atwa aplikacja.<\/strong>\u00a0Impregnat do trawertynu jest niezwykle \u0142atwy w u\u017cyciu. Gotowy do u\u017cycia, nie wymaga rozcie\u0144czania ani wcze\u015bniejszego przygotowania. Mo\u017cna go nak\u0142ada\u0107 bezpo\u015brednio na powierzchnie za pomoc\u0105 p\u0119dzla, wa\u0142ka lub natrysku, w zale\u017cno\u015bci od preferencji. Ta \u0142atwo\u015b\u0107 u\u017cycia oszcz\u0119dza czas i nie wymaga specjalnych umiej\u0119tno\u015bci.<\/p>\n<p><strong><img decoding=\"async\" style=\"margin-right: 12px;\" src=\"https:\/\/www.ferberpainting.com\/wp-content\/uploads\/2026\/02\/Check.svg\" alt=\"\" width=\"18\" height=\"15\" \/>Trwa\u0142o\u015b\u0107.<\/strong>\u00a0Zabieg ten zapewnia d\u0142ugotrwa\u0142\u0105 ochron\u0119 i zwi\u0119kszon\u0105 odporno\u015b\u0107 na warunki zewn\u0119trzne. Impregnat do trawertynu zosta\u0142 zaprojektowany z my\u015bl\u0105 o trwa\u0142o\u015bci, nawet w trudnych warunkach pogodowych, i utrzyma powierzchnie w doskona\u0142ym stanie przez wiele lat. Korzystasz z niezawodnej, trwa\u0142ej ochrony bez konieczno\u015bci cz\u0119stych ponownych aplikacji.<\/p>\n<p><strong><img decoding=\"async\" style=\"margin-right: 12px;\" src=\"https:\/\/www.ferberpainting.com\/wp-content\/uploads\/2026\/02\/Check.svg\" alt=\"\" width=\"18\" height=\"15\" \/>Szybkie dzia\u0142anie.<\/strong>\u00a0Impregnat do trawertynu dzia\u0142a szybko i nie wymaga d\u0142ugiego czasu schni\u0119cia. W ci\u0105gu zaledwie kilku godzin powierzchnie s\u0105 chronione i gotowe do normalnego u\u017cytkowania. Jest to produkt, kt\u00f3ry \u0142\u0105czy w sobie wydajno\u015b\u0107 i szybko\u015b\u0107, pomagaj\u0105c szybko czerpa\u0107 korzy\u015bci z prac ochronnych.<\/p>\n<h2><strong>Protok\u00f3\u0142 u\u017cytkowania<\/strong><\/h2>\n<ul>\n<li><strong>Przygotowanie powierzchni <\/strong>: Przed na\u0142o\u017ceniem impregnatu nale\u017cy upewni\u0107 si\u0119, \u017ce powierzchnia jest czysta, sucha i wolna od kurzu, brudu lub innych zanieczyszcze\u0144. W razie potrzeby wyczy\u015b\u0107 powierzchni\u0119 \u0142agodnym detergentem i pozostaw do ca\u0142kowitego wyschni\u0119cia.<\/li>\n<li><strong>Zastosowanie <\/strong>: Produkt jest gotowy do u\u017cycia i nie wymaga rozcie\u0144czania. U\u017cy\u0107 p\u0119dzla, wa\u0142ka lub opryskiwacza do r\u00f3wnomiernego na\u0142o\u017cenia impregnatu na powierzchni\u0119. Zaleca si\u0119 prac\u0119 w sekcjach, nak\u0142adaj\u0105c jednolit\u0105 warstw\u0119 na ca\u0142\u0105 powierzchni\u0119.<\/li>\n<li><strong>Kwota do zastosowania <\/strong>: W zale\u017cno\u015bci od porowato\u015bci trawertynu zaleca si\u0119 na\u0142o\u017cenie oko\u0142o 150-200 ml produktu na m\u00b2 w celu uzyskania optymalnego pokrycia. Bardziej porowate materia\u0142y mog\u0105 wymaga\u0107 nieco wi\u0119cej produktu. Na\u0142o\u017cy\u0107 pierwsz\u0105 warstw\u0119, pozostawi\u0107 do wyschni\u0119cia na 15 do 30 minut, a nast\u0119pnie w razie potrzeby na\u0142o\u017cy\u0107 drug\u0105 warstw\u0119.<\/li>\n<li><strong>Czas schni\u0119cia <\/strong>: Czas schni\u0119cia zale\u017cy od warunk\u00f3w otoczenia, ale og\u00f3lnie produkt wysycha w dotyku w ci\u0105gu 1 do 2 godzin. Powierzchnie mog\u0105 by\u0107 ponownie u\u017cyte po 4 do 6 godzinach do pe\u0142nego wyschni\u0119cia, ale mo\u017ce si\u0119 to r\u00f3\u017cni\u0107 w zale\u017cno\u015bci od wilgotno\u015bci i temperatury.<\/li>\n<li><strong>Czyszczenie narz\u0119dzi <\/strong>: Po u\u017cyciu wyczy\u015b\u0107 narz\u0119dzia benzyn\u0105 lakow\u0105 lub innym odpowiednim rozpuszczalnikiem. Wa\u017cne jest, aby wyczy\u015bci\u0107 narz\u0119dzia natychmiast po aplikacji, aby zapobiec stwardnieniu produktu na nich.<\/li>\n<li><strong>Przechowywanie <\/strong>: Produkt nale\u017cy przechowywa\u0107 w oryginalnie zamkni\u0119tym opakowaniu w ch\u0142odnym i suchym miejscu. Zaleca si\u0119, aby nie przechowywa\u0107 produktu w temperaturze poni\u017cej 5\u00b0C lub powy\u017cej 35\u00b0C.<\/li>\n<\/ul>","protected":false},"excerpt":{"rendered":"<p>Long-lasting protection.\u00a0The travertine waterproofer is the ideal solution to preserve the beauty of your travertine surfaces. This product is specifically formulated to create an invisible barrier that effectively protects against moisture, stains and dirt. It prevents water splashes, grease and other substances from penetrating the stone, while maintaining its natural appearance and texture. Money-back guarantee. [&hellip;]<\/p>\n","protected":false},"featured_media":35862,"comment_status":"open","ping_status":"closed","template":"","meta":{"_uag_custom_page_level_css":"","site-sidebar-layout":"default","site-content-layout":"","ast-site-content-layout":"default","site-content-style":"default","site-sidebar-style":"default","ast-global-header-display":"","ast-banner-title-visibility":"","ast-main-header-display":"","ast-hfb-above-header-display":"","ast-hfb-below-header-display":"","ast-hfb-mobile-header-display":"","site-post-title":"","ast-breadcrumbs-content":"","ast-featured-img":"","footer-sml-layout":"","ast-disable-related-posts":"","theme-transparent-header-meta":"default","adv-header-id-meta":"","stick-header-meta":"","header-above-stick-meta":"","header-main-stick-meta":"","header-below-stick-meta":"","astra-migrate-meta-layouts":"set","ast-page-background-enabled":"default","ast-page-background-meta":{"desktop":{"background-color":"var(--ast-global-color-4)","background-image":"","background-repeat":"repeat","background-position":"center center","background-size":"auto","background-attachment":"scroll","background-type":"","background-media":"","overlay-type":"","overlay-color":"","overlay-opacity":"","overlay-gradient":""},"tablet":{"background-color":"","background-image":"","background-repeat":"repeat","background-position":"center center","background-size":"auto","background-attachment":"scroll","background-type":"","background-media":"","overlay-type":"","overlay-color":"","overlay-opacity":"","overlay-gradient":""},"mobile":{"background-color":"","background-image":"","background-repeat":"repeat","background-position":"center center","background-size":"auto","background-attachment":"scroll","background-type":"","background-media":"","overlay-type":"","overlay-color":"","overlay-opacity":"","overlay-gradient":""}},"ast-content-background-meta":{"desktop":{"background-color":"var(--ast-global-color-5)","background-image":"","background-repeat":"repeat","background-position":"center center","background-size":"auto","background-attachment":"scroll","background-type":"","background-media":"","overlay-type":"","overlay-color":"","overlay-opacity":"","overlay-gradient":""},"tablet":{"background-color":"var(--ast-global-color-5)","background-image":"","background-repeat":"repeat","background-position":"center center","background-size":"auto","background-attachment":"scroll","background-type":"","background-media":"","overlay-type":"","overlay-color":"","overlay-opacity":"","overlay-gradient":""},"mobile":{"background-color":"var(--ast-global-color-5)","background-image":"","background-repeat":"repeat","background-position":"center center","background-size":"auto","background-attachment":"scroll","background-type":"","background-media":"","overlay-type":"","overlay-color":"","overlay-opacity":"","overlay-gradient":""}}},"product_brand":[],"product_cat":[191],"product_tag":[],"class_list":{"0":"post-25596","1":"product","2":"type-product","3":"status-publish","4":"has-post-thumbnail","6":"product_cat-water-repellent","7":"desktop-align-left","8":"tablet-align-left","9":"mobile-align-left","11":"first","12":"instock","13":"sale","14":"shipping-taxable","15":"purchasable","16":"product-type-variable","17":"has-default-attributes"},"spectra_custom_meta":{"_visibility":["visible"],"_shopify_product_id":["9106661376245"],"_s2w_shopify_domain":["ferberpainting.myshopify.com"],"_shopify_variant_id":["46626425503989"],"_sku":[""],"_manage_stock":["no"],"total_sales":["260"],"_tax_status":["taxable"],"_tax_class":[""],"_backorders":["no"],"_sold_individually":["no"],"_virtual":["no"],"_downloadable":["no"],"_download_limit":["-1"],"_download_expiry":["-1"],"_stock":[null],"_stock_status":["instock"],"_wc_average_rating":["5.00"],"_wc_review_count":["30"],"_product_attributes":["a:1:{s:6:\"volume\";a:6:{s:4:\"name\";s:6:\"Volume\";s:5:\"value\";s:20:\"5 liters | 25 liters\";s:8:\"position\";i:1;s:10:\"is_visible\";i:0;s:12:\"is_variation\";i:1;s:11:\"is_taxonomy\";i:0;}}"],"_product_version":["10.5.1"],"wpse_downloadable_file_names":[""],"wpse_downloadable_file_urls":[""],"_edit_last":["1"],"_default_attributes":["a:1:{s:6:\"volume\";s:8:\"5 liters\";}"],"_edit_lock":["1771244383:1"],"merchant-center-availability":["yes"],"merchant-center-category":["503738"],"_thumbnail_id":["35862"],"_wp_page_template":["default"],"_wp_old_date":["2025-05-26"],"_product_image_gallery":["35863"],"site-sidebar-layout":["default"],"ast-site-content-layout":["default"],"site-content-style":["default"],"site-sidebar-style":["default"],"theme-transparent-header-meta":["default"],"_price":["29.90","129.90"],"_wc_rating_count":["a:1:{i:5;i:30;}"],"astra-migrate-meta-layouts":["set"],"_uag_css_file_name":["uag-css-25596.css"],"_elementor_page_assets":["a:0:{}"],"_uag_page_assets":["a:9:{s:3:\"css\";s:6873:\".wp-block-uagb-image{display:flex}.wp-block-uagb-image__figure{position:relative;display:flex;flex-direction:column;max-width:100%;height:auto;margin:0}.wp-block-uagb-image__figure img{height:auto;display:flex;max-width:100%;transition:box-shadow .2s ease}.wp-block-uagb-image__figure>a{display:inline-block}.wp-block-uagb-image__figure figcaption{text-align:center;margin-top:.5em;margin-bottom:1em}.wp-block-uagb-image .components-placeholder.block-editor-media-placeholder .components-placeholder__instructions{align-self:center}.wp-block-uagb-image--align-left{text-align:left}.wp-block-uagb-image--align-right{text-align:right}.wp-block-uagb-image--align-center{text-align:center}.wp-block-uagb-image--align-full .wp-block-uagb-image__figure{margin-left:calc(50% - 50vw);margin-right:calc(50% - 50vw);max-width:100vw;width:100vw;height:auto}.wp-block-uagb-image--align-full .wp-block-uagb-image__figure img{height:auto;width:100% !important}.wp-block-uagb-image--align-wide .wp-block-uagb-image__figure img{height:auto;width:100%}.wp-block-uagb-image--layout-overlay__color-wrapper{position:absolute;left:0;top:0;right:0;bottom:0;opacity:.2;background:rgba(0,0,0,.5);transition:opacity .35s ease-in-out}.wp-block-uagb-image--layout-overlay-link{position:absolute;left:0;right:0;bottom:0;top:0}.wp-block-uagb-image--layout-overlay .wp-block-uagb-image__figure:hover .wp-block-uagb-image--layout-overlay__color-wrapper{opacity:1}.wp-block-uagb-image--layout-overlay__inner{position:absolute;left:15px;right:15px;bottom:15px;top:15px;display:flex;align-items:center;justify-content:center;flex-direction:column;border-color:#fff;transition:.35s ease-in-out}.wp-block-uagb-image--layout-overlay__inner.top-left,.wp-block-uagb-image--layout-overlay__inner.top-center,.wp-block-uagb-image--layout-overlay__inner.top-right{justify-content:flex-start}.wp-block-uagb-image--layout-overlay__inner.bottom-left,.wp-block-uagb-image--layout-overlay__inner.bottom-center,.wp-block-uagb-image--layout-overlay__inner.bottom-right{justify-content:flex-end}.wp-block-uagb-image--layout-overlay__inner.top-left,.wp-block-uagb-image--layout-overlay__inner.center-left,.wp-block-uagb-image--layout-overlay__inner.bottom-left{align-items:flex-start}.wp-block-uagb-image--layout-overlay__inner.top-right,.wp-block-uagb-image--layout-overlay__inner.center-right,.wp-block-uagb-image--layout-overlay__inner.bottom-right{align-items:flex-end}.wp-block-uagb-image--layout-overlay__inner .uagb-image-heading{color:#fff;transition:transform .35s,opacity .35s ease-in-out;transform:translate3d(0, 24px, 0);margin:0;line-height:1em}.wp-block-uagb-image--layout-overlay__inner .uagb-image-separator{width:30%;border-top-width:2px;border-top-color:#fff;border-top-style:solid;margin-bottom:10px;opacity:0;transition:transform .4s,opacity .4s ease-in-out;transform:translate3d(0, 30px, 0)}.wp-block-uagb-image--layout-overlay__inner .uagb-image-caption{opacity:0;overflow:visible;color:#fff;transition:transform .45s,opacity .45s ease-in-out;transform:translate3d(0, 35px, 0)}.wp-block-uagb-image--layout-overlay__inner:hover .uagb-image-heading,.wp-block-uagb-image--layout-overlay__inner:hover .uagb-image-separator,.wp-block-uagb-image--layout-overlay__inner:hover .uagb-image-caption{opacity:1;transform:translate3d(0, 0, 0)}.wp-block-uagb-image--effect-zoomin .wp-block-uagb-image__figure img,.wp-block-uagb-image--effect-zoomin .wp-block-uagb-image__figure .wp-block-uagb-image--layout-overlay__color-wrapper{transform:scale(1);transition:transform .35s ease-in-out}.wp-block-uagb-image--effect-zoomin .wp-block-uagb-image__figure:hover img,.wp-block-uagb-image--effect-zoomin .wp-block-uagb-image__figure:hover .wp-block-uagb-image--layout-overlay__color-wrapper{transform:scale(1.05)}.wp-block-uagb-image--effect-slide .wp-block-uagb-image__figure img,.wp-block-uagb-image--effect-slide .wp-block-uagb-image__figure .wp-block-uagb-image--layout-overlay__color-wrapper{width:calc(100% + 40px) !important;max-width:none !important;transform:translate3d(-40px, 0, 0);transition:transform .35s ease-in-out}.wp-block-uagb-image--effect-slide .wp-block-uagb-image__figure:hover img,.wp-block-uagb-image--effect-slide .wp-block-uagb-image__figure:hover .wp-block-uagb-image--layout-overlay__color-wrapper{transform:translate3d(0, 0, 0)}.wp-block-uagb-image--effect-grayscale img{filter:grayscale(0%);transition:.35s ease-in-out}.wp-block-uagb-image--effect-grayscale:hover img{filter:grayscale(100%)}.wp-block-uagb-image--effect-blur img{filter:blur(0);transition:.35s ease-in-out}.wp-block-uagb-image--effect-blur:hover img{filter:blur(3px)}.uagb-block-e6f939b3.wp-block-uagb-image--layout-default figure img{box-shadow: 0px 0px 0 #00000070;}.uagb-block-e6f939b3.wp-block-uagb-image .wp-block-uagb-image__figure figcaption{font-style: normal;align-self: center;}.uagb-block-e6f939b3.wp-block-uagb-image--layout-overlay figure img{box-shadow: 0px 0px 0 #00000070;}.uagb-block-e6f939b3.wp-block-uagb-image--layout-overlay .wp-block-uagb-image--layout-overlay__color-wrapper{opacity: 0.2;}.uagb-block-e6f939b3.wp-block-uagb-image--layout-overlay .wp-block-uagb-image--layout-overlay__inner{left: 15px;right: 15px;top: 15px;bottom: 15px;}.uagb-block-e6f939b3.wp-block-uagb-image--layout-overlay .wp-block-uagb-image--layout-overlay__inner .uagb-image-heading{font-style: normal;color: #fff;opacity: 1;}.uagb-block-e6f939b3.wp-block-uagb-image--layout-overlay .wp-block-uagb-image--layout-overlay__inner .uagb-image-heading a{color: #fff;}.uagb-block-e6f939b3.wp-block-uagb-image--layout-overlay .wp-block-uagb-image--layout-overlay__inner .uagb-image-caption{opacity: 0;}.uagb-block-e6f939b3.wp-block-uagb-image--layout-overlay .wp-block-uagb-image__figure:hover .wp-block-uagb-image--layout-overlay__color-wrapper{opacity: 1;}.uagb-block-e6f939b3.wp-block-uagb-image .wp-block-uagb-image--layout-overlay__inner .uagb-image-separator{width: 30%;border-top-width: 2px;border-top-color: #fff;opacity: 0;}.uagb-block-e6f939b3.wp-block-uagb-image .wp-block-uagb-image__figure img{width: px;height: auto;}.uagb-block-e6f939b3.wp-block-uagb-image .wp-block-uagb-image__figure:hover .wp-block-uagb-image--layout-overlay__inner .uagb-image-caption{opacity: 1;}.uagb-block-e6f939b3.wp-block-uagb-image .wp-block-uagb-image__figure:hover .wp-block-uagb-image--layout-overlay__inner .uagb-image-separator{opacity: 1;}.uagb-block-e6f939b3.wp-block-uagb-image--layout-default figure:hover img{box-shadow: 0px 0px 0 #00000070;}.uagb-block-e6f939b3.wp-block-uagb-image--layout-overlay figure:hover img{box-shadow: 0px 0px 0 #00000070;}@media only screen and (max-width: 976px) {.uagb-block-e6f939b3.wp-block-uagb-image .wp-block-uagb-image__figure img{width: px;height: auto;}}@media only screen and (max-width: 767px) {.uagb-block-e6f939b3.wp-block-uagb-image .wp-block-uagb-image__figure img{width: px;height: auto;}}\";s:2:\"js\";s:0:\"\";s:18:\"current_block_list\";a:13:{i:0;s:11:\"core\/search\";i:1;s:10:\"core\/group\";i:2;s:12:\"core\/heading\";i:3;s:17:\"core\/latest-posts\";i:4;s:20:\"core\/latest-comments\";i:5;s:13:\"core\/archives\";i:6;s:15:\"core\/categories\";i:7;s:14:\"core\/paragraph\";i:8;s:10:\"uagb\/image\";i:9;s:11:\"core\/spacer\";i:10;s:30:\"woocommerce\/product-categories\";i:11;s:10:\"core\/image\";i:12;s:14:\"core\/shortcode\";}s:8:\"uag_flag\";b:1;s:11:\"uag_version\";s:10:\"1777093182\";s:6:\"gfonts\";a:0:{}s:10:\"gfonts_url\";s:0:\"\";s:12:\"gfonts_files\";a:0:{}s:14:\"uag_faq_layout\";b:0;}"]},"uagb_featured_image_src":{"full":["https:\/\/www.ferberpainting.com\/wp-content\/uploads\/2025\/05\/Travertine-Water-Repellent-5L.png",2560,2560,false],"thumbnail":["https:\/\/www.ferberpainting.com\/wp-content\/uploads\/2025\/05\/Travertine-Water-Repellent-5L-150x150.png",150,150,true],"medium":["https:\/\/www.ferberpainting.com\/wp-content\/uploads\/2025\/05\/Travertine-Water-Repellent-5L-300x300.png",300,300,true],"medium_large":["https:\/\/www.ferberpainting.com\/wp-content\/uploads\/2025\/05\/Travertine-Water-Repellent-5L-768x768.png",768,768,true],"large":["https:\/\/www.ferberpainting.com\/wp-content\/uploads\/2025\/05\/Travertine-Water-Repellent-5L-1024x1024.png",1024,1024,true],"1536x1536":["https:\/\/www.ferberpainting.com\/wp-content\/uploads\/2025\/05\/Travertine-Water-Repellent-5L-1536x1536.png",1536,1536,true],"2048x2048":["https:\/\/www.ferberpainting.com\/wp-content\/uploads\/2025\/05\/Travertine-Water-Repellent-5L-2048x2048.png",2048,2048,true],"trp-custom-language-flag":["https:\/\/www.ferberpainting.com\/wp-content\/uploads\/2025\/05\/Travertine-Water-Repellent-5L-12x12.png",12,12,true],"woocommerce_thumbnail":["https:\/\/www.ferberpainting.com\/wp-content\/uploads\/2025\/05\/Travertine-Water-Repellent-5L-300x300.png",300,300,true],"woocommerce_single":["https:\/\/www.ferberpainting.com\/wp-content\/uploads\/2025\/05\/Travertine-Water-Repellent-5L-600x600.png",600,600,true],"woocommerce_gallery_thumbnail":["https:\/\/www.ferberpainting.com\/wp-content\/uploads\/2025\/05\/Travertine-Water-Repellent-5L-100x100.png",100,100,true]},"uagb_author_info":{"display_name":"admin","author_link":"https:\/\/www.ferberpainting.com\/pl\/author\/"},"uagb_comment_info":30,"uagb_excerpt":"Long-lasting protection.\u00a0The travertine waterproofer is the ideal solution to preserve the beauty of your travertine surfaces. This product is specifically formulated to create an invisible barrier that effectively protects against moisture, stains and dirt. It prevents water splashes, grease and other substances from penetrating the stone, while maintaining its natural appearance and texture. Money-back guarantee.&hellip;","_links":{"self":[{"href":"https:\/\/www.ferberpainting.com\/pl\/wp-json\/wp\/v2\/product\/25596","targetHints":{"allow":["GET"]}}],"collection":[{"href":"https:\/\/www.ferberpainting.com\/pl\/wp-json\/wp\/v2\/product"}],"about":[{"href":"https:\/\/www.ferberpainting.com\/pl\/wp-json\/wp\/v2\/types\/product"}],"replies":[{"embeddable":true,"href":"https:\/\/www.ferberpainting.com\/pl\/wp-json\/wp\/v2\/comments?post=25596"}],"version-history":[{"count":3,"href":"https:\/\/www.ferberpainting.com\/pl\/wp-json\/wp\/v2\/product\/25596\/revisions"}],"predecessor-version":[{"id":167460,"href":"https:\/\/www.ferberpainting.com\/pl\/wp-json\/wp\/v2\/product\/25596\/revisions\/167460"}],"wp:featuredmedia":[{"embeddable":true,"href":"https:\/\/www.ferberpainting.com\/pl\/wp-json\/wp\/v2\/media\/35862"}],"wp:attachment":[{"href":"https:\/\/www.ferberpainting.com\/pl\/wp-json\/wp\/v2\/media?parent=25596"}],"wp:term":[{"taxonomy":"product_brand","embeddable":true,"href":"https:\/\/www.ferberpainting.com\/pl\/wp-json\/wp\/v2\/product_brand?post=25596"},{"taxonomy":"product_cat","embeddable":true,"href":"https:\/\/www.ferberpainting.com\/pl\/wp-json\/wp\/v2\/product_cat?post=25596"},{"taxonomy":"product_tag","embeddable":true,"href":"https:\/\/www.ferberpainting.com\/pl\/wp-json\/wp\/v2\/product_tag?post=25596"}],"curies":[{"name":"wp","href":"https:\/\/api.w.org\/{rel}","templated":true}]}}