{"id":25588,"date":"2025-05-26T10:32:31","date_gmt":"2025-05-26T08:32:31","guid":{"rendered":"https:\/\/www.ferberpainting.com\/products\/toilet-unblocker\/"},"modified":"2026-02-16T13:00:44","modified_gmt":"2026-02-16T12:00:44","slug":"toilet-unblocker","status":"publish","type":"product","link":"https:\/\/www.ferberpainting.com\/pl\/products\/toilet-unblocker\/","title":{"rendered":"Udra\u017cniacz do wc"},"content":{"rendered":"<p><strong><img decoding=\"async\" style=\"margin-right: 12px;\" src=\"https:\/\/www.ferberpainting.com\/wp-content\/uploads\/2026\/02\/Check.svg\" alt=\"\" width=\"18\" height=\"15\" \/>Szybkie i skuteczne usuwanie zator\u00f3w.<\/strong>\u00a0Ten odblokowywacz do toalet zosta\u0142 specjalnie zaprojektowany do rozpuszczania uporczywych zator\u00f3w, kt\u00f3re uniemo\u017cliwiaj\u0105 normalny odp\u0142yw wody. Wnika g\u0142\u0119boko w materi\u0119 organiczn\u0105, pozosta\u0142o\u015bci papieru toaletowego, t\u0142uszcz i inne elementy, kt\u00f3re mog\u0105 blokowa\u0107 rury WC. Dzi\u0119ki silnej formule przywraca p\u0142ynny przep\u0142yw bez konieczno\u015bci agresywnej interwencji mechanicznej.<\/p>\n<p><strong><img decoding=\"async\" style=\"margin-right: 12px;\" src=\"https:\/\/www.ferberpainting.com\/wp-content\/uploads\/2026\/02\/Check.svg\" alt=\"\" width=\"18\" height=\"15\" \/>Gwarancja zwrotu pieni\u0119dzy. <\/strong>Mamy pe\u0142ne zaufanie do skuteczno\u015bci naszego odblokowywacza toalet. Dlatego oferujemy gwarancj\u0119 zwrotu pieni\u0119dzy. Je\u015bli produkt nie rozwi\u0105\u017ce problemu po prawid\u0142owym u\u017cyciu zgodnie z instrukcjami, masz mo\u017cliwo\u015b\u0107 za\u017c\u0105dania zwrotu pieni\u0119dzy bezwarunkowo, zapewniaj\u0105c bezpieczny i wolny od ryzyka zakup.<\/p>\n<p><strong><img decoding=\"async\" style=\"margin-right: 12px;\" src=\"https:\/\/www.ferberpainting.com\/wp-content\/uploads\/2026\/02\/Check.svg\" alt=\"\" width=\"18\" height=\"15\" \/>Kompatybilny z r\u00f3\u017cnymi rodzajami rur i system\u00f3w sanitarnych.<\/strong>\u00a0Ten odblokowywacz nadaje si\u0119 do standardowych toalet, toalet na\u015bciennych, toalet z maceratorami i szamb. Dzia\u0142a bez uszkadzania rur i mo\u017ce by\u0107 stosowany do rur PVC, \u017celiwnych, miedzianych, ze stali nierdzewnej i ceramicznych, zapewniaj\u0105c optymaln\u0105 kompatybilno\u015b\u0107 ze wszystkimi nowoczesnymi i tradycyjnymi systemami sanitarnymi.<\/p>\n<p><strong><img decoding=\"async\" style=\"margin-right: 12px;\" src=\"https:\/\/www.ferberpainting.com\/wp-content\/uploads\/2026\/02\/Check.svg\" alt=\"\" width=\"18\" height=\"15\" \/>Ekonomiczna wydajno\u015b\u0107 i zoptymalizowane dozowanie.<\/strong>\u00a0Dzi\u0119ki skoncentrowanej formule 1 litr odblokowywacza mo\u017ce usun\u0105\u0107 do 4 zator\u00f3w, oferuj\u0105c wydajne i ekonomiczne rozwi\u0105zanie zapewniaj\u0105ce funkcjonalno\u015b\u0107 toalet. Jego ukierunkowane dzia\u0142anie pozwala na u\u017cycie odpowiedniej ilo\u015bci na interwencj\u0119, zmniejszaj\u0105c ilo\u015b\u0107 odpad\u00f3w i optymalizuj\u0105c wydajno\u015b\u0107 produktu.<\/p>\n<p><strong><img decoding=\"async\" style=\"margin-right: 12px;\" src=\"https:\/\/www.ferberpainting.com\/wp-content\/uploads\/2026\/02\/Check.svg\" alt=\"\" width=\"18\" height=\"15\" \/>Bezpieczny produkt, kt\u00f3ry chroni instalacje.<\/strong>\u00a0W przeciwie\u0144stwie do silnie \u017cr\u0105cych \u015brodk\u00f3w odblokowuj\u0105cych, kt\u00f3re mog\u0105 uszkodzi\u0107 rury, produkt ten dzia\u0142a bez os\u0142abiania materia\u0142\u00f3w lub naruszania po\u0142\u0105cze\u0144 uszczelniaj\u0105cych. Jego kontrolowane u\u017cycie eliminuje zatory bez powodowania d\u0142ugotrwa\u0142ych uszkodze\u0144, zapewniaj\u0105c konserwacj\u0119 instalacji sanitarnych.<\/p>\n<p><strong><img decoding=\"async\" style=\"margin-right: 12px;\" src=\"https:\/\/www.ferberpainting.com\/wp-content\/uploads\/2026\/02\/Check.svg\" alt=\"\" width=\"18\" height=\"15\" \/>\u0141atwo\u015b\u0107 obs\u0142ugi i wydajno\u015b\u0107 bez wysi\u0142ku.<\/strong>\u00a0Ten odblokowywacz jest gotowy do u\u017cycia i nie wymaga skomplikowanej obs\u0142ugi. Wystarczy wla\u0107 go bezpo\u015brednio do muszli klozetowej i pozostawi\u0107 na kilka minut przed sp\u0142ukaniem. Jego ultraszybkie dzia\u0142anie skutecznie usuwa zatory w ci\u0105gu 15 do 30 minut, unikaj\u0105c konieczno\u015bci stosowania bardziej wymagaj\u0105cych metod mechanicznych, takich jak t\u0142oki lub w\u0119\u017ce odp\u0142ywowe.<\/p>\n<p><strong><img decoding=\"async\" style=\"margin-right: 12px;\" src=\"https:\/\/www.ferberpainting.com\/wp-content\/uploads\/2026\/02\/Check.svg\" alt=\"\" width=\"18\" height=\"15\" \/>Trwa\u0142o\u015b\u0107 i zapobieganie zatorom w przysz\u0142o\u015bci.<\/strong>\u00a0Opr\u00f3cz usuwania bie\u017c\u0105cych zator\u00f3w, ten odblokowywacz zapobiega powstawaniu nowych zator\u00f3w poprzez stopniowe rozpuszczanie nagromadzonych pozosta\u0142o\u015bci i osad\u00f3w w rurach. Regularne stosowanie pomaga ograniczy\u0107 ryzyko zator\u00f3w i zapewnia optymalne dzia\u0142anie toalety w d\u0142u\u017cszej perspektywie.<\/p>\n<p><strong><img decoding=\"async\" style=\"margin-right: 12px;\" src=\"https:\/\/www.ferberpainting.com\/wp-content\/uploads\/2026\/02\/Check.svg\" alt=\"\" width=\"18\" height=\"15\" \/>Natychmiastowe dzia\u0142anie dla szybkiego komfortu.<\/strong>\u00a0Natychmiast po zastosowaniu odblokowywacz zaczyna rozpuszcza\u0107 blokuj\u0105ce materia\u0142y i przywraca przep\u0142yw wody. Po prostym sp\u0142ukaniu toalety odzyskuj\u0105 normalne funkcjonowanie, umo\u017cliwiaj\u0105c nieprzerwane i bezproblemowe u\u017cytkowanie.<\/p>\n<h2><strong>Protok\u00f3\u0142 u\u017cytkowania<\/strong><\/h2>\n<ul>\n<li><strong>Przygotowanie toalety <\/strong>: Przed zastosowaniem produktu nale\u017cy upewni\u0107 si\u0119, \u017ce w muszli klozetowej nie ma zbyt du\u017co wody, aby umo\u017cliwi\u0107 lepsz\u0105 dyfuzj\u0119 \u015brodka odblokowuj\u0105cego. W razie potrzeby usu\u0144 nadmiar wody za pomoc\u0105 pojemnika, aby unikn\u0105\u0107 przelania.<\/li>\n<li><strong>Zalecane dawkowanie <\/strong>: Wla\u0107 250 ml produktu bezpo\u015brednio do muszli klozetowej w celu usuni\u0119cia zatoru. 1 litr mo\u017ce usun\u0105\u0107 do 4 zator\u00f3w. W przypadku powa\u017cnego zatoru mo\u017ce by\u0107 konieczna druga aplikacja po pierwszej pr\u00f3bie.<\/li>\n<li><strong>Aplikacja Unblocker <\/strong>: Powoli wlej produkt do miski i pozw\u00f3l mu dzia\u0142a\u0107 przez 15 do 30 minut, w zale\u017cno\u015bci od stopnia zablokowania. W przypadku powa\u017cnych zator\u00f3w nale\u017cy pozostawi\u0107 produkt na 1 godzin\u0119, aby zmaksymalizowa\u0107 jego skuteczno\u015b\u0107.<\/li>\n<li><strong>P\u0142ukanie i kontrola przep\u0142ywu <\/strong>: Po up\u0142ywie czasu oczekiwania sp\u0142ucz toalet\u0119 i dok\u0142adnie op\u0142ucz muszl\u0119. Sprawd\u017a, czy przep\u0142yw wr\u00f3ci\u0142 do normy. Je\u015bli problem nie ust\u0105pi, powt\u00f3rz operacj\u0119 z dodatkow\u0105 dawk\u0105.<\/li>\n<li><strong>Konserwacja zapobiegawcza <\/strong>: Aby zapobiec zatorom w przysz\u0142o\u015bci, zaleca si\u0119 stosowanie niewielkiej ilo\u015bci produktu raz w miesi\u0105cu w celu rozpuszczenia nagromadzonych osad\u00f3w i zapewnienia optymalnego przep\u0142ywu \u015bciek\u00f3w.<\/li>\n<li><strong>\u015arodki ostro\u017cno\u015bci dotycz\u0105ce u\u017cytkowania <\/strong>: Nie miesza\u0107 z innymi chemikaliami, zw\u0142aszcza \u015brodkami odblokowuj\u0105cymi zawieraj\u0105cymi sod\u0119 kaustyczn\u0105 lub kwas siarkowy. Unika\u0107 kontaktu ze sk\u00f3r\u0105 i oczami. W razie przypadkowego kontaktu natychmiast przemy\u0107 czyst\u0105 wod\u0105 i w razie potrzeby zasi\u0119gn\u0105\u0107 porady lekarza.<\/li>\n<li><strong>Przechowywanie i konserwacja <\/strong>: Produkt nale\u017cy przechowywa\u0107 w suchym i umiarkowanym miejscu, z dala od \u015bwiat\u0142a i poza zasi\u0119giem dzieci. Zawsze szczelnie zamykaj butelk\u0119 po u\u017cyciu, aby zapobiec parowaniu lub degradacji produktu.<\/li>\n<\/ul>\n<p>Ten odblokowywacz do toalet skutecznie i szybko eliminuje zatory, jednocze\u015bnie chroni\u0105c rury i zapewniaj\u0105c optymaln\u0105 konserwacj\u0119 instalacji sanitarnych.<\/p>","protected":false},"excerpt":{"rendered":"<p>Fast and effective blockage removal.\u00a0This toilet unblocker is specially designed to dissolve stubborn clogs that prevent normal water drainage. It penetrates deep into organic matter, toilet paper residues, grease, and other elements that can obstruct the WC pipes. Thanks to its powerful formula, it restores a smooth flow without requiring aggressive mechanical intervention. Money-back guarantee. [&hellip;]<\/p>\n","protected":false},"featured_media":27428,"comment_status":"open","ping_status":"closed","template":"","meta":{"_uag_custom_page_level_css":"","site-sidebar-layout":"default","site-content-layout":"","ast-site-content-layout":"default","site-content-style":"default","site-sidebar-style":"default","ast-global-header-display":"","ast-banner-title-visibility":"","ast-main-header-display":"","ast-hfb-above-header-display":"","ast-hfb-below-header-display":"","ast-hfb-mobile-header-display":"","site-post-title":"","ast-breadcrumbs-content":"","ast-featured-img":"","footer-sml-layout":"","ast-disable-related-posts":"","theme-transparent-header-meta":"default","adv-header-id-meta":"","stick-header-meta":"","header-above-stick-meta":"","header-main-stick-meta":"","header-below-stick-meta":"","astra-migrate-meta-layouts":"set","ast-page-background-enabled":"default","ast-page-background-meta":{"desktop":{"background-color":"var(--ast-global-color-4)","background-image":"","background-repeat":"repeat","background-position":"center center","background-size":"auto","background-attachment":"scroll","background-type":"","background-media":"","overlay-type":"","overlay-color":"","overlay-opacity":"","overlay-gradient":""},"tablet":{"background-color":"","background-image":"","background-repeat":"repeat","background-position":"center center","background-size":"auto","background-attachment":"scroll","background-type":"","background-media":"","overlay-type":"","overlay-color":"","overlay-opacity":"","overlay-gradient":""},"mobile":{"background-color":"","background-image":"","background-repeat":"repeat","background-position":"center center","background-size":"auto","background-attachment":"scroll","background-type":"","background-media":"","overlay-type":"","overlay-color":"","overlay-opacity":"","overlay-gradient":""}},"ast-content-background-meta":{"desktop":{"background-color":"var(--ast-global-color-5)","background-image":"","background-repeat":"repeat","background-position":"center center","background-size":"auto","background-attachment":"scroll","background-type":"","background-media":"","overlay-type":"","overlay-color":"","overlay-opacity":"","overlay-gradient":""},"tablet":{"background-color":"var(--ast-global-color-5)","background-image":"","background-repeat":"repeat","background-position":"center center","background-size":"auto","background-attachment":"scroll","background-type":"","background-media":"","overlay-type":"","overlay-color":"","overlay-opacity":"","overlay-gradient":""},"mobile":{"background-color":"var(--ast-global-color-5)","background-image":"","background-repeat":"repeat","background-position":"center center","background-size":"auto","background-attachment":"scroll","background-type":"","background-media":"","overlay-type":"","overlay-color":"","overlay-opacity":"","overlay-gradient":""}}},"product_brand":[],"product_cat":[175],"product_tag":[],"class_list":{"0":"post-25588","1":"product","2":"type-product","3":"status-publish","4":"has-post-thumbnail","6":"product_cat-cleaning-products","7":"desktop-align-left","8":"tablet-align-left","9":"mobile-align-left","11":"first","12":"instock","13":"sale","14":"taxable","15":"shipping-taxable","16":"purchasable","17":"product-type-variable","18":"has-default-attributes"},"spectra_custom_meta":{"_visibility":["visible"],"_shopify_product_id":["9062206963957"],"_s2w_shopify_domain":["ferberpainting.myshopify.com"],"_shopify_variant_id":["46488026775797"],"_sku":[""],"_manage_stock":["no"],"total_sales":["147"],"_tax_status":["taxable"],"_tax_class":[""],"_backorders":["no"],"_sold_individually":["no"],"_virtual":["no"],"_downloadable":["no"],"_download_limit":["-1"],"_download_expiry":["-1"],"_stock":[null],"_stock_status":["instock"],"_wc_average_rating":["4.83"],"_wc_review_count":["6"],"_product_attributes":["a:1:{s:6:\"volume\";a:6:{s:4:\"name\";s:6:\"Volume\";s:5:\"value\";s:20:\"5 liters | 25 liters\";s:8:\"position\";i:1;s:10:\"is_visible\";i:0;s:12:\"is_variation\";i:1;s:11:\"is_taxonomy\";i:0;}}"],"_product_version":["10.5.1"],"_thumbnail_id":["27428"],"_product_image_gallery":["27429"],"wpse_downloadable_file_names":[""],"wpse_downloadable_file_urls":[""],"_edit_last":["1"],"_default_attributes":["a:1:{s:6:\"volume\";s:8:\"5 liters\";}"],"_edit_lock":["1771244180:1"],"merchant-center-availability":["yes"],"merchant-center-category":["1749"],"_price":["29.90","129.90"],"_wp_page_template":["default"],"site-sidebar-layout":["default"],"ast-site-content-layout":["default"],"site-content-style":["default"],"site-sidebar-style":["default"],"theme-transparent-header-meta":["default"],"_wc_rating_count":["a:2:{i:4;i:1;i:5;i:5;}"],"astra-migrate-meta-layouts":["set"],"_uag_css_file_name":["uag-css-25588.css"],"_elementor_page_assets":["a:0:{}"],"_uag_page_assets":["a:9:{s:3:\"css\";s:7133:\".uag-blocks-common-selector{z-index:var(--z-index-desktop) !important}@media(max-width: 976px){.uag-blocks-common-selector{z-index:var(--z-index-tablet) !important}}@media(max-width: 767px){.uag-blocks-common-selector{z-index:var(--z-index-mobile) !important}}.wp-block-uagb-image{display:flex}.wp-block-uagb-image__figure{position:relative;display:flex;flex-direction:column;max-width:100%;height:auto;margin:0}.wp-block-uagb-image__figure img{height:auto;display:flex;max-width:100%;transition:box-shadow .2s ease}.wp-block-uagb-image__figure>a{display:inline-block}.wp-block-uagb-image__figure figcaption{text-align:center;margin-top:.5em;margin-bottom:1em}.wp-block-uagb-image .components-placeholder.block-editor-media-placeholder .components-placeholder__instructions{align-self:center}.wp-block-uagb-image--align-left{text-align:left}.wp-block-uagb-image--align-right{text-align:right}.wp-block-uagb-image--align-center{text-align:center}.wp-block-uagb-image--align-full .wp-block-uagb-image__figure{margin-left:calc(50% - 50vw);margin-right:calc(50% - 50vw);max-width:100vw;width:100vw;height:auto}.wp-block-uagb-image--align-full .wp-block-uagb-image__figure img{height:auto;width:100% !important}.wp-block-uagb-image--align-wide .wp-block-uagb-image__figure img{height:auto;width:100%}.wp-block-uagb-image--layout-overlay__color-wrapper{position:absolute;left:0;top:0;right:0;bottom:0;opacity:.2;background:rgba(0,0,0,.5);transition:opacity .35s ease-in-out}.wp-block-uagb-image--layout-overlay-link{position:absolute;left:0;right:0;bottom:0;top:0}.wp-block-uagb-image--layout-overlay .wp-block-uagb-image__figure:hover .wp-block-uagb-image--layout-overlay__color-wrapper{opacity:1}.wp-block-uagb-image--layout-overlay__inner{position:absolute;left:15px;right:15px;bottom:15px;top:15px;display:flex;align-items:center;justify-content:center;flex-direction:column;border-color:#fff;transition:.35s ease-in-out}.wp-block-uagb-image--layout-overlay__inner.top-left,.wp-block-uagb-image--layout-overlay__inner.top-center,.wp-block-uagb-image--layout-overlay__inner.top-right{justify-content:flex-start}.wp-block-uagb-image--layout-overlay__inner.bottom-left,.wp-block-uagb-image--layout-overlay__inner.bottom-center,.wp-block-uagb-image--layout-overlay__inner.bottom-right{justify-content:flex-end}.wp-block-uagb-image--layout-overlay__inner.top-left,.wp-block-uagb-image--layout-overlay__inner.center-left,.wp-block-uagb-image--layout-overlay__inner.bottom-left{align-items:flex-start}.wp-block-uagb-image--layout-overlay__inner.top-right,.wp-block-uagb-image--layout-overlay__inner.center-right,.wp-block-uagb-image--layout-overlay__inner.bottom-right{align-items:flex-end}.wp-block-uagb-image--layout-overlay__inner .uagb-image-heading{color:#fff;transition:transform .35s,opacity .35s ease-in-out;transform:translate3d(0, 24px, 0);margin:0;line-height:1em}.wp-block-uagb-image--layout-overlay__inner .uagb-image-separator{width:30%;border-top-width:2px;border-top-color:#fff;border-top-style:solid;margin-bottom:10px;opacity:0;transition:transform .4s,opacity .4s ease-in-out;transform:translate3d(0, 30px, 0)}.wp-block-uagb-image--layout-overlay__inner .uagb-image-caption{opacity:0;overflow:visible;color:#fff;transition:transform .45s,opacity .45s ease-in-out;transform:translate3d(0, 35px, 0)}.wp-block-uagb-image--layout-overlay__inner:hover .uagb-image-heading,.wp-block-uagb-image--layout-overlay__inner:hover .uagb-image-separator,.wp-block-uagb-image--layout-overlay__inner:hover .uagb-image-caption{opacity:1;transform:translate3d(0, 0, 0)}.wp-block-uagb-image--effect-zoomin .wp-block-uagb-image__figure img,.wp-block-uagb-image--effect-zoomin .wp-block-uagb-image__figure .wp-block-uagb-image--layout-overlay__color-wrapper{transform:scale(1);transition:transform .35s ease-in-out}.wp-block-uagb-image--effect-zoomin .wp-block-uagb-image__figure:hover img,.wp-block-uagb-image--effect-zoomin .wp-block-uagb-image__figure:hover .wp-block-uagb-image--layout-overlay__color-wrapper{transform:scale(1.05)}.wp-block-uagb-image--effect-slide .wp-block-uagb-image__figure img,.wp-block-uagb-image--effect-slide .wp-block-uagb-image__figure .wp-block-uagb-image--layout-overlay__color-wrapper{width:calc(100% + 40px) !important;max-width:none !important;transform:translate3d(-40px, 0, 0);transition:transform .35s ease-in-out}.wp-block-uagb-image--effect-slide .wp-block-uagb-image__figure:hover img,.wp-block-uagb-image--effect-slide .wp-block-uagb-image__figure:hover .wp-block-uagb-image--layout-overlay__color-wrapper{transform:translate3d(0, 0, 0)}.wp-block-uagb-image--effect-grayscale img{filter:grayscale(0%);transition:.35s ease-in-out}.wp-block-uagb-image--effect-grayscale:hover img{filter:grayscale(100%)}.wp-block-uagb-image--effect-blur img{filter:blur(0);transition:.35s ease-in-out}.wp-block-uagb-image--effect-blur:hover img{filter:blur(3px)}.uagb-block-e6f939b3.wp-block-uagb-image--layout-default figure img{box-shadow: 0px 0px 0 #00000070;}.uagb-block-e6f939b3.wp-block-uagb-image .wp-block-uagb-image__figure figcaption{font-style: normal;align-self: center;}.uagb-block-e6f939b3.wp-block-uagb-image--layout-overlay figure img{box-shadow: 0px 0px 0 #00000070;}.uagb-block-e6f939b3.wp-block-uagb-image--layout-overlay .wp-block-uagb-image--layout-overlay__color-wrapper{opacity: 0.2;}.uagb-block-e6f939b3.wp-block-uagb-image--layout-overlay .wp-block-uagb-image--layout-overlay__inner{left: 15px;right: 15px;top: 15px;bottom: 15px;}.uagb-block-e6f939b3.wp-block-uagb-image--layout-overlay .wp-block-uagb-image--layout-overlay__inner .uagb-image-heading{font-style: normal;color: #fff;opacity: 1;}.uagb-block-e6f939b3.wp-block-uagb-image--layout-overlay .wp-block-uagb-image--layout-overlay__inner .uagb-image-heading a{color: #fff;}.uagb-block-e6f939b3.wp-block-uagb-image--layout-overlay .wp-block-uagb-image--layout-overlay__inner .uagb-image-caption{opacity: 0;}.uagb-block-e6f939b3.wp-block-uagb-image--layout-overlay .wp-block-uagb-image__figure:hover .wp-block-uagb-image--layout-overlay__color-wrapper{opacity: 1;}.uagb-block-e6f939b3.wp-block-uagb-image .wp-block-uagb-image--layout-overlay__inner .uagb-image-separator{width: 30%;border-top-width: 2px;border-top-color: #fff;opacity: 0;}.uagb-block-e6f939b3.wp-block-uagb-image .wp-block-uagb-image__figure img{width: px;height: auto;}.uagb-block-e6f939b3.wp-block-uagb-image .wp-block-uagb-image__figure:hover .wp-block-uagb-image--layout-overlay__inner .uagb-image-caption{opacity: 1;}.uagb-block-e6f939b3.wp-block-uagb-image .wp-block-uagb-image__figure:hover .wp-block-uagb-image--layout-overlay__inner .uagb-image-separator{opacity: 1;}.uagb-block-e6f939b3.wp-block-uagb-image--layout-default figure:hover img{box-shadow: 0px 0px 0 #00000070;}.uagb-block-e6f939b3.wp-block-uagb-image--layout-overlay figure:hover img{box-shadow: 0px 0px 0 #00000070;}@media only screen and (max-width: 976px) {.uagb-block-e6f939b3.wp-block-uagb-image .wp-block-uagb-image__figure img{width: px;height: auto;}}@media only screen and (max-width: 767px) {.uagb-block-e6f939b3.wp-block-uagb-image .wp-block-uagb-image__figure img{width: px;height: auto;}}\";s:2:\"js\";s:0:\"\";s:18:\"current_block_list\";a:13:{i:0;s:11:\"core\/search\";i:1;s:10:\"core\/group\";i:2;s:12:\"core\/heading\";i:3;s:17:\"core\/latest-posts\";i:4;s:20:\"core\/latest-comments\";i:5;s:13:\"core\/archives\";i:6;s:15:\"core\/categories\";i:7;s:14:\"core\/paragraph\";i:8;s:10:\"uagb\/image\";i:9;s:11:\"core\/spacer\";i:10;s:30:\"woocommerce\/product-categories\";i:11;s:10:\"core\/image\";i:12;s:14:\"core\/shortcode\";}s:8:\"uag_flag\";b:1;s:11:\"uag_version\";s:10:\"1777638162\";s:6:\"gfonts\";a:0:{}s:10:\"gfonts_url\";s:0:\"\";s:12:\"gfonts_files\";a:0:{}s:14:\"uag_faq_layout\";b:0;}"]},"uagb_featured_image_src":{"full":["https:\/\/www.ferberpainting.com\/wp-content\/uploads\/2025\/05\/ToiletUnblocker5L.png",2560,2560,false],"thumbnail":["https:\/\/www.ferberpainting.com\/wp-content\/uploads\/2025\/05\/ToiletUnblocker5L-150x150.png",150,150,true],"medium":["https:\/\/www.ferberpainting.com\/wp-content\/uploads\/2025\/05\/ToiletUnblocker5L-300x300.png",300,300,true],"medium_large":["https:\/\/www.ferberpainting.com\/wp-content\/uploads\/2025\/05\/ToiletUnblocker5L-768x768.png",768,768,true],"large":["https:\/\/www.ferberpainting.com\/wp-content\/uploads\/2025\/05\/ToiletUnblocker5L-1024x1024.png",1024,1024,true],"1536x1536":["https:\/\/www.ferberpainting.com\/wp-content\/uploads\/2025\/05\/ToiletUnblocker5L-1536x1536.png",1536,1536,true],"2048x2048":["https:\/\/www.ferberpainting.com\/wp-content\/uploads\/2025\/05\/ToiletUnblocker5L-2048x2048.png",2048,2048,true],"trp-custom-language-flag":["https:\/\/www.ferberpainting.com\/wp-content\/uploads\/2025\/05\/ToiletUnblocker5L-12x12.png",12,12,true],"woocommerce_thumbnail":["https:\/\/www.ferberpainting.com\/wp-content\/uploads\/2025\/05\/ToiletUnblocker5L-300x300.png",300,300,true],"woocommerce_single":["https:\/\/www.ferberpainting.com\/wp-content\/uploads\/2025\/05\/ToiletUnblocker5L-600x600.png",600,600,true],"woocommerce_gallery_thumbnail":["https:\/\/www.ferberpainting.com\/wp-content\/uploads\/2025\/05\/ToiletUnblocker5L-100x100.png",100,100,true]},"uagb_author_info":{"display_name":"admin","author_link":"https:\/\/www.ferberpainting.com\/pl\/author\/"},"uagb_comment_info":6,"uagb_excerpt":"Fast and effective blockage removal.\u00a0This toilet unblocker is specially designed to dissolve stubborn clogs that prevent normal water drainage. It penetrates deep into organic matter, toilet paper residues, grease, and other elements that can obstruct the WC pipes. Thanks to its powerful formula, it restores a smooth flow without requiring aggressive mechanical intervention. Money-back guarantee.&hellip;","_links":{"self":[{"href":"https:\/\/www.ferberpainting.com\/pl\/wp-json\/wp\/v2\/product\/25588","targetHints":{"allow":["GET"]}}],"collection":[{"href":"https:\/\/www.ferberpainting.com\/pl\/wp-json\/wp\/v2\/product"}],"about":[{"href":"https:\/\/www.ferberpainting.com\/pl\/wp-json\/wp\/v2\/types\/product"}],"replies":[{"embeddable":true,"href":"https:\/\/www.ferberpainting.com\/pl\/wp-json\/wp\/v2\/comments?post=25588"}],"version-history":[{"count":3,"href":"https:\/\/www.ferberpainting.com\/pl\/wp-json\/wp\/v2\/product\/25588\/revisions"}],"predecessor-version":[{"id":167440,"href":"https:\/\/www.ferberpainting.com\/pl\/wp-json\/wp\/v2\/product\/25588\/revisions\/167440"}],"wp:featuredmedia":[{"embeddable":true,"href":"https:\/\/www.ferberpainting.com\/pl\/wp-json\/wp\/v2\/media\/27428"}],"wp:attachment":[{"href":"https:\/\/www.ferberpainting.com\/pl\/wp-json\/wp\/v2\/media?parent=25588"}],"wp:term":[{"taxonomy":"product_brand","embeddable":true,"href":"https:\/\/www.ferberpainting.com\/pl\/wp-json\/wp\/v2\/product_brand?post=25588"},{"taxonomy":"product_cat","embeddable":true,"href":"https:\/\/www.ferberpainting.com\/pl\/wp-json\/wp\/v2\/product_cat?post=25588"},{"taxonomy":"product_tag","embeddable":true,"href":"https:\/\/www.ferberpainting.com\/pl\/wp-json\/wp\/v2\/product_tag?post=25588"}],"curies":[{"name":"wp","href":"https:\/\/api.w.org\/{rel}","templated":true}]}}