{"id":25364,"date":"2025-06-30T20:40:48","date_gmt":"2025-06-30T18:40:48","guid":{"rendered":"https:\/\/www.ferberpainting.com\/?post_type=product&#038;p=25358"},"modified":"2026-02-16T12:37:36","modified_gmt":"2026-02-16T11:37:36","slug":"tile-cleaner-1","status":"publish","type":"product","link":"https:\/\/www.ferberpainting.com\/pl\/products\/tile-cleaner-1\/","title":{"rendered":"\u015arodek do czyszczenia p\u0142ytek"},"content":{"rendered":"<p><strong><img decoding=\"async\" style=\"margin-right: 12px;\" src=\"https:\/\/www.ferberpainting.com\/wp-content\/uploads\/2026\/02\/Check.svg\" alt=\"\" width=\"18\" height=\"15\" \/>Optymalna skuteczno\u015b\u0107.<\/strong>\u00a0Ten \u015brodek do czyszczenia p\u0142ytek zosta\u0142 zaprojektowany w celu skutecznego usuwania brudu, plam, osad\u00f3w wapiennych i t\u0142ustych pozosta\u0142o\u015bci, kt\u00f3re gromadz\u0105 si\u0119 z czasem. Jego silna formu\u0142a dzia\u0142a g\u0142\u0119boko, aby przywr\u00f3ci\u0107 po\u0142ysk i czysto\u015b\u0107 p\u0142ytek, jednocze\u015bnie zachowuj\u0105c charakter powierzchni. Zapewnia nieskazitelne czyszczenie bez smug i t\u0142ustego filmu, pozostawiaj\u0105c l\u015bni\u0105c\u0105 pod\u0142og\u0119 i nienagann\u0105 higien\u0119.<\/p>\n<p><strong><img decoding=\"async\" style=\"margin-right: 12px;\" src=\"https:\/\/www.ferberpainting.com\/wp-content\/uploads\/2026\/02\/Check.svg\" alt=\"\" width=\"18\" height=\"15\" \/>Gwarancja zwrotu pieni\u0119dzy.<\/strong>\u00a0Jeste\u015bmy w pe\u0142ni przekonani o skuteczno\u015bci naszego \u015brodka czyszcz\u0105cego. Je\u015bli nie b\u0119dziesz w pe\u0142ni zadowolony z rezultat\u00f3w, przys\u0142uguje Ci pe\u0142ny zwrot pieni\u0119dzy. Wypr\u00f3buj nasz produkt bez ryzyka i ciesz si\u0119 zawsze czystymi i l\u015bni\u0105cymi p\u0142ytkami.<\/p>\n<p><strong><img decoding=\"async\" style=\"margin-right: 12px;\" src=\"https:\/\/www.ferberpainting.com\/wp-content\/uploads\/2026\/02\/Check.svg\" alt=\"\" width=\"18\" height=\"15\" \/>Wyj\u0105tkowa wszechstronno\u015b\u0107.<\/strong>\u00a0Ten \u015brodek czyszcz\u0105cy nie ogranicza si\u0119 do standardowych p\u0142ytek! Jest r\u00f3wnie\u017c skuteczny na innych powierzchniach, takich jak fajans, ceramika, kamie\u0144 naturalny, gres porcelanowy, marmur, a nawet niekt\u00f3re woskowane pod\u0142ogi betonowe lub cementowe. Mo\u017ce by\u0107 stosowany zar\u00f3wno na pod\u0142ogach wewn\u0119trznych, jak i zewn\u0119trznych, backsplashes, blatach kuchennych, prysznicach i \u015bcianach wy\u0142o\u017conych kafelkami, zapewniaj\u0105c skuteczne czyszczenie szerokiej gamy materia\u0142\u00f3w.<\/p>\n<p><strong><img decoding=\"async\" style=\"margin-right: 12px;\" src=\"https:\/\/www.ferberpainting.com\/wp-content\/uploads\/2026\/02\/Check.svg\" alt=\"\" width=\"18\" height=\"15\" \/>Efektywno\u015b\u0107 ekonomiczna.<\/strong>\u00a0Dzi\u0119ki 5-litrowemu pojemnikowi i ultrawydajnej formule ten \u015brodek czyszcz\u0105cy oferuje doskona\u0142\u0105 wydajno\u015b\u0107. Niewielka ilo\u015b\u0107 wystarcza do wyczyszczenia du\u017cej powierzchni bez marnotrawstwa. \u015arednio jeden litr produktu mo\u017ce wyczy\u015bci\u0107 do 100 m\u00b2 p\u0142ytek, co czyni go ekonomicznym i zr\u00f3wnowa\u017conym rozwi\u0105zaniem do regularnej konserwacji pod\u0142\u00f3g i powierzchni wy\u0142o\u017conych kafelkami.<\/p>\n<p><strong><img decoding=\"async\" style=\"margin-right: 12px;\" src=\"https:\/\/www.ferberpainting.com\/wp-content\/uploads\/2026\/02\/Check.svg\" alt=\"\" width=\"18\" height=\"15\" \/>Bezpieczny w u\u017cyciu.<\/strong>\u00a0W przeciwie\u0144stwie do produkt\u00f3w zawieraj\u0105cych \u015brodki \u017cr\u0105ce lub agresywne rozpuszczalniki, ten \u015brodek czyszcz\u0105cy jest wykonany z nietoksycznych sk\u0142adnik\u00f3w, kt\u00f3re s\u0105 bezpieczne dla zdrowia i \u015brodowiska. Nie wydziela toksycznych opar\u00f3w, nie podra\u017cnia sk\u00f3ry i nie pozostawia \u015bliskich pozosta\u0142o\u015bci po u\u017cyciu. Jest bezpieczny dla gospodarstw domowych z dzie\u0107mi lub zwierz\u0119tami domowymi, zapewniaj\u0105c doskona\u0142\u0105 higien\u0119 bez ryzyka.<\/p>\n<p><strong><img decoding=\"async\" style=\"margin-right: 12px;\" src=\"https:\/\/www.ferberpainting.com\/wp-content\/uploads\/2026\/02\/Check.svg\" alt=\"\" width=\"18\" height=\"15\" \/>\u0141atwo\u015b\u0107 u\u017cytkowania.<\/strong>\u00a0Produkt jest gotowy do u\u017cycia i nie wymaga rozcie\u0144czania ani skomplikowanego przygotowania. Mo\u017cna go nak\u0142ada\u0107 bezpo\u015brednio na p\u0142ytki za pomoc\u0105 mopa, g\u0105bki lub miot\u0142y z mikrofibry. Jego szybko dzia\u0142aj\u0105ca formu\u0142a usuwa brud bez intensywnego szorowania, dzi\u0119ki czemu codzienne czyszczenie jest \u0142atwiejsze i szybsze.<\/p>\n<p><strong><img decoding=\"async\" style=\"margin-right: 12px;\" src=\"https:\/\/www.ferberpainting.com\/wp-content\/uploads\/2026\/02\/Check.svg\" alt=\"\" width=\"18\" height=\"15\" \/>D\u0142ugotrwa\u0142a wytrzyma\u0142o\u015b\u0107.<\/strong>\u00a0Skutecznie usuwaj\u0105c zanieczyszczenia i zachowuj\u0105c jako\u015b\u0107 p\u0142ytek, ten \u015brodek czyszcz\u0105cy pomaga przed\u0142u\u017cy\u0107 \u017cywotno\u015b\u0107 czyszczonych powierzchni. Zapobiega gromadzeniu si\u0119 pozosta\u0142o\u015bci, kt\u00f3re mog\u0105 matowi\u0107 p\u0142ytki i utrudnia\u0107 ich naturalny po\u0142ysk. Regularne stosowanie zapobiega powstawaniu plam i zapewnia d\u0142ugotrwa\u0142\u0105 czysto\u015b\u0107 i estetyk\u0119 powierzchni.<\/p>\n<p><strong><img decoding=\"async\" style=\"margin-right: 12px;\" src=\"https:\/\/www.ferberpainting.com\/wp-content\/uploads\/2026\/02\/Check.svg\" alt=\"\" width=\"18\" height=\"15\" \/>Szybkie dzia\u0142anie.<\/strong>\u00a0Dzi\u0119ki wysoce reaktywnej formule ten \u015brodek czyszcz\u0105cy dzia\u0142a natychmiastowo na brud i t\u0142uste plamy. W ci\u0105gu zaledwie kilku minut rozpuszcza zanieczyszczenia i u\u0142atwia ich usuwanie bez d\u0142ugiego czasu oczekiwania. Szybko wysycha bez pozosta\u0142o\u015bci, umo\u017cliwiaj\u0105c natychmiastowe ponowne u\u017cycie pod\u0142ogi po czyszczeniu.<\/p>\n<h2><strong>Instrukcje u\u017cytkowania<\/strong><\/h2>\n<ul>\n<li><strong>Przygotowanie <\/strong>: Przed zastosowaniem \u015brodka czyszcz\u0105cego nale\u017cy upewni\u0107 si\u0119, \u017ce powierzchnia jest wolna od kurzu i sta\u0142ych pozosta\u0142o\u015bci, zamiataj\u0105c j\u0105 lub odkurzaj\u0105c.<\/li>\n<li><strong>Aplikacja r\u0119czna <\/strong>: Nala\u0107 niewielk\u0105 ilo\u015b\u0107 \u015brodka czyszcz\u0105cego na czystego mopa, g\u0105bk\u0119 lub miot\u0142\u0119 z mikrofibry, a nast\u0119pnie rozprowadzi\u0107 r\u00f3wnomiernie na powierzchni p\u0142ytek, wykonuj\u0105c okr\u0119\u017cne ruchy.<\/li>\n<li><strong>U\u017cywanie z suszark\u0105 do szorowania <\/strong>: Nape\u0142ni\u0107 zbiornik czystym \u015brodkiem czyszcz\u0105cym i kontynuowa\u0107 czyszczenie zgodnie z instrukcjami urz\u0105dzenia.<\/li>\n<li><strong>Czyszczenie i wyka\u0144czanie <\/strong>: Pozostawi\u0107 na kilka minut w celu rozpuszczenia brudu, a nast\u0119pnie w razie potrzeby przetrze\u0107 wilgotnym mopem. Standardowe czyszczenie nie wymaga sp\u0142ukiwania.<\/li>\n<li><strong>Suszenie <\/strong>: Pozostawi\u0107 do naturalnego wyschni\u0119cia. Dzi\u0119ki szybkoschn\u0105cej formule powierzchnia p\u0142ytek b\u0119dzie gotowa do u\u017cycia w ci\u0105gu kilku minut.<\/li>\n<li><strong>Cz\u0119stotliwo\u015b\u0107 u\u017cytkowania <\/strong>: Stosowa\u0107 dwa razy w tygodniu w celu regularnej konserwacji lub cz\u0119\u015bciej w miejscach o du\u017cym nat\u0119\u017ceniu ruchu, takich jak kuchnie, \u0142azienki lub wej\u015bcia.<\/li>\n<li><strong>Przechowywanie <\/strong>: Po ka\u017cdym u\u017cyciu szczelnie zamkn\u0105\u0107 pojemnik i przechowywa\u0107 w ch\u0142odnym, suchym miejscu, z dala od \u015bwiat\u0142a i ekstremalnych temperatur, aby utrzyma\u0107 skuteczno\u015b\u0107 produktu przez d\u0142ugi czas.<\/li>\n<\/ul>\n<p>Nasz \u015brodek do czyszczenia p\u0142ytek zapewnia szybk\u0105, skuteczn\u0105 i bezpieczn\u0105 piel\u0119gnacj\u0119 pod\u0142\u00f3g i powierzchni, jednocze\u015bnie przed\u0142u\u017caj\u0105c ich po\u0142ysk i trwa\u0142o\u015b\u0107.<\/p>","protected":false},"excerpt":{"rendered":"<p>Optimal Effectiveness.\u00a0This tile cleaner is designed to effectively eliminate dirt, stains, limescale deposits, and greasy residues that build up over time. Its powerful formula acts deep down to restore the shine and cleanliness of your tiles, while preserving the nature of the surface. It ensures spotless cleaning with no streaks or grease film, leaving a [&hellip;]<\/p>\n","protected":false},"featured_media":35913,"comment_status":"open","ping_status":"closed","template":"","meta":{"_uag_custom_page_level_css":"","site-sidebar-layout":"default","site-content-layout":"","ast-site-content-layout":"default","site-content-style":"default","site-sidebar-style":"default","ast-global-header-display":"","ast-banner-title-visibility":"","ast-main-header-display":"","ast-hfb-above-header-display":"","ast-hfb-below-header-display":"","ast-hfb-mobile-header-display":"","site-post-title":"","ast-breadcrumbs-content":"","ast-featured-img":"","footer-sml-layout":"","ast-disable-related-posts":"","theme-transparent-header-meta":"default","adv-header-id-meta":"","stick-header-meta":"","header-above-stick-meta":"","header-main-stick-meta":"","header-below-stick-meta":"","astra-migrate-meta-layouts":"set","ast-page-background-enabled":"default","ast-page-background-meta":{"desktop":{"background-color":"var(--ast-global-color-4)","background-image":"","background-repeat":"repeat","background-position":"center center","background-size":"auto","background-attachment":"scroll","background-type":"","background-media":"","overlay-type":"","overlay-color":"","overlay-opacity":"","overlay-gradient":""},"tablet":{"background-color":"","background-image":"","background-repeat":"repeat","background-position":"center center","background-size":"auto","background-attachment":"scroll","background-type":"","background-media":"","overlay-type":"","overlay-color":"","overlay-opacity":"","overlay-gradient":""},"mobile":{"background-color":"","background-image":"","background-repeat":"repeat","background-position":"center center","background-size":"auto","background-attachment":"scroll","background-type":"","background-media":"","overlay-type":"","overlay-color":"","overlay-opacity":"","overlay-gradient":""}},"ast-content-background-meta":{"desktop":{"background-color":"var(--ast-global-color-5)","background-image":"","background-repeat":"repeat","background-position":"center center","background-size":"auto","background-attachment":"scroll","background-type":"","background-media":"","overlay-type":"","overlay-color":"","overlay-opacity":"","overlay-gradient":""},"tablet":{"background-color":"var(--ast-global-color-5)","background-image":"","background-repeat":"repeat","background-position":"center center","background-size":"auto","background-attachment":"scroll","background-type":"","background-media":"","overlay-type":"","overlay-color":"","overlay-opacity":"","overlay-gradient":""},"mobile":{"background-color":"var(--ast-global-color-5)","background-image":"","background-repeat":"repeat","background-position":"center center","background-size":"auto","background-attachment":"scroll","background-type":"","background-media":"","overlay-type":"","overlay-color":"","overlay-opacity":"","overlay-gradient":""}}},"product_brand":[],"product_cat":[175],"product_tag":[],"class_list":{"0":"post-25364","1":"product","2":"type-product","3":"status-publish","4":"has-post-thumbnail","6":"product_cat-cleaning-products","7":"desktop-align-left","8":"tablet-align-left","9":"mobile-align-left","11":"first","12":"instock","13":"sale","14":"taxable","15":"shipping-taxable","16":"purchasable","17":"product-type-variable","18":"has-default-attributes"},"spectra_custom_meta":{"_visibility":["visible"],"_shopify_product_id":["9102340391157"],"_s2w_shopify_domain":["ferberpainting.myshopify.com"],"_shopify_variant_id":["46616011178229"],"_sku":[""],"_manage_stock":["no"],"total_sales":["9"],"_tax_status":["taxable"],"_tax_class":[""],"_backorders":["no"],"_sold_individually":["no"],"_virtual":["no"],"_downloadable":["no"],"_download_limit":["-1"],"_download_expiry":["-1"],"_stock":[null],"_stock_status":["instock"],"_wc_average_rating":["5.00"],"_wc_review_count":["15"],"_product_attributes":["a:1:{s:6:\"volume\";a:6:{s:4:\"name\";s:6:\"Volume\";s:5:\"value\";s:20:\"5 liters | 25 liters\";s:8:\"position\";i:1;s:10:\"is_visible\";i:0;s:12:\"is_variation\";i:1;s:11:\"is_taxonomy\";i:0;}}"],"_product_version":["10.5.1"],"wpse_downloadable_file_names":[""],"wpse_downloadable_file_urls":[""],"_edit_last":["1"],"_default_attributes":["a:1:{s:6:\"volume\";s:8:\"5 liters\";}"],"_edit_lock":["1771241729:1"],"_price":["29.90","129.90"],"merchant-center-availability":["yes"],"merchant-center-category":["4977"],"_thumbnail_id":["35913"],"_wp_page_template":["default"],"_wp_old_date":["2025-05-26"],"_product_image_gallery":["35914"],"site-sidebar-layout":["default"],"ast-site-content-layout":["default"],"site-content-style":["default"],"site-sidebar-style":["default"],"theme-transparent-header-meta":["default"],"_wc_rating_count":["a:1:{i:5;i:15;}"],"astra-migrate-meta-layouts":["set"],"_uag_css_file_name":["uag-css-25364.css"],"_elementor_page_assets":["a:0:{}"],"_uag_page_assets":["a:9:{s:3:\"css\";s:7133:\".uag-blocks-common-selector{z-index:var(--z-index-desktop) !important}@media(max-width: 976px){.uag-blocks-common-selector{z-index:var(--z-index-tablet) !important}}@media(max-width: 767px){.uag-blocks-common-selector{z-index:var(--z-index-mobile) !important}}.wp-block-uagb-image{display:flex}.wp-block-uagb-image__figure{position:relative;display:flex;flex-direction:column;max-width:100%;height:auto;margin:0}.wp-block-uagb-image__figure img{height:auto;display:flex;max-width:100%;transition:box-shadow .2s ease}.wp-block-uagb-image__figure>a{display:inline-block}.wp-block-uagb-image__figure figcaption{text-align:center;margin-top:.5em;margin-bottom:1em}.wp-block-uagb-image .components-placeholder.block-editor-media-placeholder .components-placeholder__instructions{align-self:center}.wp-block-uagb-image--align-left{text-align:left}.wp-block-uagb-image--align-right{text-align:right}.wp-block-uagb-image--align-center{text-align:center}.wp-block-uagb-image--align-full .wp-block-uagb-image__figure{margin-left:calc(50% - 50vw);margin-right:calc(50% - 50vw);max-width:100vw;width:100vw;height:auto}.wp-block-uagb-image--align-full .wp-block-uagb-image__figure img{height:auto;width:100% !important}.wp-block-uagb-image--align-wide .wp-block-uagb-image__figure img{height:auto;width:100%}.wp-block-uagb-image--layout-overlay__color-wrapper{position:absolute;left:0;top:0;right:0;bottom:0;opacity:.2;background:rgba(0,0,0,.5);transition:opacity .35s ease-in-out}.wp-block-uagb-image--layout-overlay-link{position:absolute;left:0;right:0;bottom:0;top:0}.wp-block-uagb-image--layout-overlay .wp-block-uagb-image__figure:hover .wp-block-uagb-image--layout-overlay__color-wrapper{opacity:1}.wp-block-uagb-image--layout-overlay__inner{position:absolute;left:15px;right:15px;bottom:15px;top:15px;display:flex;align-items:center;justify-content:center;flex-direction:column;border-color:#fff;transition:.35s ease-in-out}.wp-block-uagb-image--layout-overlay__inner.top-left,.wp-block-uagb-image--layout-overlay__inner.top-center,.wp-block-uagb-image--layout-overlay__inner.top-right{justify-content:flex-start}.wp-block-uagb-image--layout-overlay__inner.bottom-left,.wp-block-uagb-image--layout-overlay__inner.bottom-center,.wp-block-uagb-image--layout-overlay__inner.bottom-right{justify-content:flex-end}.wp-block-uagb-image--layout-overlay__inner.top-left,.wp-block-uagb-image--layout-overlay__inner.center-left,.wp-block-uagb-image--layout-overlay__inner.bottom-left{align-items:flex-start}.wp-block-uagb-image--layout-overlay__inner.top-right,.wp-block-uagb-image--layout-overlay__inner.center-right,.wp-block-uagb-image--layout-overlay__inner.bottom-right{align-items:flex-end}.wp-block-uagb-image--layout-overlay__inner .uagb-image-heading{color:#fff;transition:transform .35s,opacity .35s ease-in-out;transform:translate3d(0, 24px, 0);margin:0;line-height:1em}.wp-block-uagb-image--layout-overlay__inner .uagb-image-separator{width:30%;border-top-width:2px;border-top-color:#fff;border-top-style:solid;margin-bottom:10px;opacity:0;transition:transform .4s,opacity .4s ease-in-out;transform:translate3d(0, 30px, 0)}.wp-block-uagb-image--layout-overlay__inner .uagb-image-caption{opacity:0;overflow:visible;color:#fff;transition:transform .45s,opacity .45s ease-in-out;transform:translate3d(0, 35px, 0)}.wp-block-uagb-image--layout-overlay__inner:hover .uagb-image-heading,.wp-block-uagb-image--layout-overlay__inner:hover .uagb-image-separator,.wp-block-uagb-image--layout-overlay__inner:hover .uagb-image-caption{opacity:1;transform:translate3d(0, 0, 0)}.wp-block-uagb-image--effect-zoomin .wp-block-uagb-image__figure img,.wp-block-uagb-image--effect-zoomin .wp-block-uagb-image__figure .wp-block-uagb-image--layout-overlay__color-wrapper{transform:scale(1);transition:transform .35s ease-in-out}.wp-block-uagb-image--effect-zoomin .wp-block-uagb-image__figure:hover img,.wp-block-uagb-image--effect-zoomin .wp-block-uagb-image__figure:hover .wp-block-uagb-image--layout-overlay__color-wrapper{transform:scale(1.05)}.wp-block-uagb-image--effect-slide .wp-block-uagb-image__figure img,.wp-block-uagb-image--effect-slide .wp-block-uagb-image__figure .wp-block-uagb-image--layout-overlay__color-wrapper{width:calc(100% + 40px) !important;max-width:none !important;transform:translate3d(-40px, 0, 0);transition:transform .35s ease-in-out}.wp-block-uagb-image--effect-slide .wp-block-uagb-image__figure:hover img,.wp-block-uagb-image--effect-slide .wp-block-uagb-image__figure:hover .wp-block-uagb-image--layout-overlay__color-wrapper{transform:translate3d(0, 0, 0)}.wp-block-uagb-image--effect-grayscale img{filter:grayscale(0%);transition:.35s ease-in-out}.wp-block-uagb-image--effect-grayscale:hover img{filter:grayscale(100%)}.wp-block-uagb-image--effect-blur img{filter:blur(0);transition:.35s ease-in-out}.wp-block-uagb-image--effect-blur:hover img{filter:blur(3px)}.uagb-block-e6f939b3.wp-block-uagb-image--layout-default figure img{box-shadow: 0px 0px 0 #00000070;}.uagb-block-e6f939b3.wp-block-uagb-image .wp-block-uagb-image__figure figcaption{font-style: normal;align-self: center;}.uagb-block-e6f939b3.wp-block-uagb-image--layout-overlay figure img{box-shadow: 0px 0px 0 #00000070;}.uagb-block-e6f939b3.wp-block-uagb-image--layout-overlay .wp-block-uagb-image--layout-overlay__color-wrapper{opacity: 0.2;}.uagb-block-e6f939b3.wp-block-uagb-image--layout-overlay .wp-block-uagb-image--layout-overlay__inner{left: 15px;right: 15px;top: 15px;bottom: 15px;}.uagb-block-e6f939b3.wp-block-uagb-image--layout-overlay .wp-block-uagb-image--layout-overlay__inner .uagb-image-heading{font-style: normal;color: #fff;opacity: 1;}.uagb-block-e6f939b3.wp-block-uagb-image--layout-overlay .wp-block-uagb-image--layout-overlay__inner .uagb-image-heading a{color: #fff;}.uagb-block-e6f939b3.wp-block-uagb-image--layout-overlay .wp-block-uagb-image--layout-overlay__inner .uagb-image-caption{opacity: 0;}.uagb-block-e6f939b3.wp-block-uagb-image--layout-overlay .wp-block-uagb-image__figure:hover .wp-block-uagb-image--layout-overlay__color-wrapper{opacity: 1;}.uagb-block-e6f939b3.wp-block-uagb-image .wp-block-uagb-image--layout-overlay__inner .uagb-image-separator{width: 30%;border-top-width: 2px;border-top-color: #fff;opacity: 0;}.uagb-block-e6f939b3.wp-block-uagb-image .wp-block-uagb-image__figure img{width: px;height: auto;}.uagb-block-e6f939b3.wp-block-uagb-image .wp-block-uagb-image__figure:hover .wp-block-uagb-image--layout-overlay__inner .uagb-image-caption{opacity: 1;}.uagb-block-e6f939b3.wp-block-uagb-image .wp-block-uagb-image__figure:hover .wp-block-uagb-image--layout-overlay__inner .uagb-image-separator{opacity: 1;}.uagb-block-e6f939b3.wp-block-uagb-image--layout-default figure:hover img{box-shadow: 0px 0px 0 #00000070;}.uagb-block-e6f939b3.wp-block-uagb-image--layout-overlay figure:hover img{box-shadow: 0px 0px 0 #00000070;}@media only screen and (max-width: 976px) {.uagb-block-e6f939b3.wp-block-uagb-image .wp-block-uagb-image__figure img{width: px;height: auto;}}@media only screen and (max-width: 767px) {.uagb-block-e6f939b3.wp-block-uagb-image .wp-block-uagb-image__figure img{width: px;height: auto;}}\";s:2:\"js\";s:0:\"\";s:18:\"current_block_list\";a:13:{i:0;s:11:\"core\/search\";i:1;s:10:\"core\/group\";i:2;s:12:\"core\/heading\";i:3;s:17:\"core\/latest-posts\";i:4;s:20:\"core\/latest-comments\";i:5;s:13:\"core\/archives\";i:6;s:15:\"core\/categories\";i:7;s:14:\"core\/paragraph\";i:8;s:10:\"uagb\/image\";i:9;s:11:\"core\/spacer\";i:10;s:30:\"woocommerce\/product-categories\";i:11;s:10:\"core\/image\";i:12;s:14:\"core\/shortcode\";}s:8:\"uag_flag\";b:1;s:11:\"uag_version\";s:10:\"1777197331\";s:6:\"gfonts\";a:0:{}s:10:\"gfonts_url\";s:0:\"\";s:12:\"gfonts_files\";a:0:{}s:14:\"uag_faq_layout\";b:0;}"]},"uagb_featured_image_src":{"full":["https:\/\/www.ferberpainting.com\/wp-content\/uploads\/2025\/05\/Tile-Cleaner-5L.png",2560,2560,false],"thumbnail":["https:\/\/www.ferberpainting.com\/wp-content\/uploads\/2025\/05\/Tile-Cleaner-5L-150x150.png",150,150,true],"medium":["https:\/\/www.ferberpainting.com\/wp-content\/uploads\/2025\/05\/Tile-Cleaner-5L-300x300.png",300,300,true],"medium_large":["https:\/\/www.ferberpainting.com\/wp-content\/uploads\/2025\/05\/Tile-Cleaner-5L-768x768.png",768,768,true],"large":["https:\/\/www.ferberpainting.com\/wp-content\/uploads\/2025\/05\/Tile-Cleaner-5L-1024x1024.png",1024,1024,true],"1536x1536":["https:\/\/www.ferberpainting.com\/wp-content\/uploads\/2025\/05\/Tile-Cleaner-5L-1536x1536.png",1536,1536,true],"2048x2048":["https:\/\/www.ferberpainting.com\/wp-content\/uploads\/2025\/05\/Tile-Cleaner-5L-2048x2048.png",2048,2048,true],"trp-custom-language-flag":["https:\/\/www.ferberpainting.com\/wp-content\/uploads\/2025\/05\/Tile-Cleaner-5L-12x12.png",12,12,true],"woocommerce_thumbnail":["https:\/\/www.ferberpainting.com\/wp-content\/uploads\/2025\/05\/Tile-Cleaner-5L-300x300.png",300,300,true],"woocommerce_single":["https:\/\/www.ferberpainting.com\/wp-content\/uploads\/2025\/05\/Tile-Cleaner-5L-600x600.png",600,600,true],"woocommerce_gallery_thumbnail":["https:\/\/www.ferberpainting.com\/wp-content\/uploads\/2025\/05\/Tile-Cleaner-5L-100x100.png",100,100,true]},"uagb_author_info":{"display_name":"admin","author_link":"https:\/\/www.ferberpainting.com\/pl\/author\/"},"uagb_comment_info":15,"uagb_excerpt":"Optimal Effectiveness.\u00a0This tile cleaner is designed to effectively eliminate dirt, stains, limescale deposits, and greasy residues that build up over time. Its powerful formula acts deep down to restore the shine and cleanliness of your tiles, while preserving the nature of the surface. It ensures spotless cleaning with no streaks or grease film, leaving a&hellip;","_links":{"self":[{"href":"https:\/\/www.ferberpainting.com\/pl\/wp-json\/wp\/v2\/product\/25364","targetHints":{"allow":["GET"]}}],"collection":[{"href":"https:\/\/www.ferberpainting.com\/pl\/wp-json\/wp\/v2\/product"}],"about":[{"href":"https:\/\/www.ferberpainting.com\/pl\/wp-json\/wp\/v2\/types\/product"}],"replies":[{"embeddable":true,"href":"https:\/\/www.ferberpainting.com\/pl\/wp-json\/wp\/v2\/comments?post=25364"}],"version-history":[{"count":4,"href":"https:\/\/www.ferberpainting.com\/pl\/wp-json\/wp\/v2\/product\/25364\/revisions"}],"predecessor-version":[{"id":167383,"href":"https:\/\/www.ferberpainting.com\/pl\/wp-json\/wp\/v2\/product\/25364\/revisions\/167383"}],"wp:featuredmedia":[{"embeddable":true,"href":"https:\/\/www.ferberpainting.com\/pl\/wp-json\/wp\/v2\/media\/35913"}],"wp:attachment":[{"href":"https:\/\/www.ferberpainting.com\/pl\/wp-json\/wp\/v2\/media?parent=25364"}],"wp:term":[{"taxonomy":"product_brand","embeddable":true,"href":"https:\/\/www.ferberpainting.com\/pl\/wp-json\/wp\/v2\/product_brand?post=25364"},{"taxonomy":"product_cat","embeddable":true,"href":"https:\/\/www.ferberpainting.com\/pl\/wp-json\/wp\/v2\/product_cat?post=25364"},{"taxonomy":"product_tag","embeddable":true,"href":"https:\/\/www.ferberpainting.com\/pl\/wp-json\/wp\/v2\/product_tag?post=25364"}],"curies":[{"name":"wp","href":"https:\/\/api.w.org\/{rel}","templated":true}]}}