{"id":25339,"date":"2025-06-30T21:21:10","date_gmt":"2025-06-30T19:21:10","guid":{"rendered":"https:\/\/www.ferberpainting.com\/?post_type=product&#038;p=25336"},"modified":"2026-02-16T12:15:27","modified_gmt":"2026-02-16T11:15:27","slug":"suede-and-nubuck-water-repellent","status":"publish","type":"product","link":"https:\/\/www.ferberpainting.com\/pl\/products\/suede-and-nubuck-water-repellent\/","title":{"rendered":"Impregnat do zamszu i nubuku"},"content":{"rendered":"<p><strong><img decoding=\"async\" style=\"margin-right: 12px;\" src=\"https:\/\/www.ferberpainting.com\/wp-content\/uploads\/2026\/02\/Check.svg\" alt=\"\" width=\"18\" height=\"15\" \/>Skuteczna ochrona przed wod\u0105 i plamami.<\/strong>\u00a0Ten impregnat do zamszu zosta\u0142 specjalnie opracowany, aby stworzy\u0107 niewidzialn\u0105 barier\u0119 przed wilgoci\u0105 i brudem. Zapobiega powstawaniu plam z wody, b\u0142ota lub t\u0142uszczu, zachowuj\u0105c delikatn\u0105 tekstur\u0119 i elegancki wygl\u0105d zamszu. Jest to idealne rozwi\u0105zanie, aby utrzyma\u0107 zamszowe buty, kurtki, torby i inne przedmioty w idealnym stanie, jednocze\u015bnie chroni\u0105c je przed codziennym zu\u017cyciem.<\/p>\n<p><strong><img decoding=\"async\" style=\"margin-right: 12px;\" src=\"https:\/\/www.ferberpainting.com\/wp-content\/uploads\/2026\/02\/Check.svg\" alt=\"\" width=\"18\" height=\"15\" \/>Gwarancja zwrotu pieni\u0119dzy.<\/strong>\u00a0Wierzymy w skuteczno\u015b\u0107 naszego impregnatu do zamszu. Je\u015bli po u\u017cyciu nie b\u0119dziesz w pe\u0142ni usatysfakcjonowany, przys\u0142uguje Ci pe\u0142ny zwrot pieni\u0119dzy. Gwarantujemy optymaln\u0105 ochron\u0119 przed \u017cywio\u0142ami przy jednoczesnym poszanowaniu jako\u015bci materia\u0142u. Mo\u017cesz dokona\u0107 zakupu bez obaw i wypr\u00f3bowa\u0107 nasz produkt bez ryzyka.<\/p>\n<p><strong><img decoding=\"async\" style=\"margin-right: 12px;\" src=\"https:\/\/www.ferberpainting.com\/wp-content\/uploads\/2026\/02\/Check.svg\" alt=\"\" width=\"18\" height=\"15\" \/>Delikatny dla delikatnych materia\u0142\u00f3w.<\/strong>\u00a0Ten produkt jest przeznaczony nie tylko do zamszu, ale tak\u017ce do innych podobnych materia\u0142\u00f3w, takich jak nubuk, filc i niekt\u00f3re tkaniny syntetyczne. Nadaje si\u0119 do but\u00f3w, toreb, p\u0142aszczy, r\u0119kawiczek i innych przedmiot\u00f3w wymagaj\u0105cych ochrony przed wilgoci\u0105. Mo\u017ce by\u0107 r\u00f3wnie\u017c stosowany na tkaninach takich jak aksamit, zapewniaj\u0105c podobn\u0105 ochron\u0119 bez wp\u0142ywu na tekstur\u0119 lub wygl\u0105d materia\u0142u.<\/p>\n<p><strong><img decoding=\"async\" style=\"margin-right: 12px;\" src=\"https:\/\/www.ferberpainting.com\/wp-content\/uploads\/2026\/02\/Check.svg\" alt=\"\" width=\"18\" height=\"15\" \/>Ekonomiczna wydajno\u015b\u0107.<\/strong>\u00a0Dzi\u0119ki skoncentrowanej formule ten impregnat do zamszu jest niezwykle ekonomiczny. \u015arednio jeden litr produktu wystarcza na oko\u0142o 15 do 20 par zamszowych but\u00f3w lub odzie\u017cy standardowej wielko\u015bci, w zale\u017cno\u015bci od porowato\u015bci materia\u0142u. Kanister o pojemno\u015bci 5 litr\u00f3w pozwala na impregnacj\u0119 du\u017cej ilo\u015bci przedmiot\u00f3w, co czyni go ekonomicznym rozwi\u0105zaniem zapewniaj\u0105cym d\u0142ugotrwa\u0142\u0105 ochron\u0119.<\/p>\n<p><strong><img decoding=\"async\" style=\"margin-right: 12px;\" src=\"https:\/\/www.ferberpainting.com\/wp-content\/uploads\/2026\/02\/Check.svg\" alt=\"\" width=\"18\" height=\"15\" \/>Bezpieczny i przyjazny dla tkanin.<\/strong>\u00a0Ten impregnat do zamszu zosta\u0142 opracowany w celu zapewnienia wysokiej jako\u015bci ochrony bez uszkadzania zamszu lub podobnych materia\u0142\u00f3w. Jest nietoksyczny, wolny od agresywnych chemikali\u00f3w i nie wydziela szkodliwych opar\u00f3w. Produkt jest mi\u0119kki i bezpieczny, nawet dla przedmiot\u00f3w maj\u0105cych bezpo\u015bredni kontakt ze sk\u00f3r\u0105. Nie zmienia koloru ani tekstury i pozostawia naturalne, przyjemne uczucie.<\/p>\n<p><strong><img decoding=\"async\" style=\"margin-right: 12px;\" src=\"https:\/\/www.ferberpainting.com\/wp-content\/uploads\/2026\/02\/Check.svg\" alt=\"\" width=\"18\" height=\"15\" \/>\u0141atwo\u015b\u0107 u\u017cytkowania.<\/strong>\u00a0Produkt jest gotowy do u\u017cycia, nie wymaga przygotowania ani rozcie\u0144czania. Aplikacja jest szybka i prosta. Za pomoc\u0105 butelki z rozpylaczem lub czystej szmatki na\u0142\u00f3\u017c cienk\u0105, r\u00f3wnomiern\u0105 warstw\u0119 na zamszowy przedmiot bez namaczania go, a nast\u0119pnie pozostaw do wyschni\u0119cia. Produkt szybko wnika i nie pozostawia widocznych \u015blad\u00f3w po wyschni\u0119ciu.<\/p>\n<p><strong><img decoding=\"async\" style=\"margin-right: 12px;\" src=\"https:\/\/www.ferberpainting.com\/wp-content\/uploads\/2026\/02\/Check.svg\" alt=\"\" width=\"18\" height=\"15\" \/>Trwa\u0142o\u015b\u0107 i d\u0142ugowieczno\u015b\u0107.<\/strong>\u00a0Po na\u0142o\u017ceniu impregnat do zamszu tworzy trwa\u0142\u0105, niewidoczn\u0105 os\u0142on\u0119, kt\u00f3ra pozostaje skuteczna przez wiele miesi\u0119cy, nawet w wymagaj\u0105cych warunkach. Chroni przedmioty przed deszczem, wilgoci\u0105 i plamami, zapewniaj\u0105c d\u0142ugotrwa\u0142\u0105 wydajno\u015b\u0107. Pomaga chroni\u0107 cenne elementy, zmniejszaj\u0105c zu\u017cycie spowodowane wilgoci\u0105 i brudem.<\/p>\n<p><strong><img decoding=\"async\" style=\"margin-right: 12px;\" src=\"https:\/\/www.ferberpainting.com\/wp-content\/uploads\/2026\/02\/Check.svg\" alt=\"\" width=\"18\" height=\"15\" \/>Szybka akcja.<\/strong>\u00a0Impregnat do zamszu dzia\u0142a szybko. Po na\u0142o\u017ceniu wysycha w ci\u0105gu godziny, a przedmioty mo\u017cna ponownie u\u017cywa\u0107 niemal natychmiast. Nie ma potrzeby czekania godzinami, jak w przypadku niekt\u00f3rych innych produkt\u00f3w, dzi\u0119ki czemu jest idealny dla podr\u00f3\u017cnik\u00f3w lub ka\u017cdego, kto potrzebuje szybkiej ochrony. Wystarczy na\u0142o\u017cy\u0107 i pozostawi\u0107 do wyschni\u0119cia, aby uzyska\u0107 natychmiastowy efekt.<\/p>\n<h2><strong>Protok\u00f3\u0142 u\u017cytkowania<\/strong><\/h2>\n<ul>\n<li><strong>Przygotowanie przedmiotu <\/strong>: Przed aplikacj\u0105 upewnij si\u0119, \u017ce zamsz (buty, torby, kurtki itp.) jest czysty i suchy. W razie potrzeby delikatnie wyszczotkowa\u0107 powierzchni\u0119, aby usun\u0105\u0107 kurz lub brud. Nie nak\u0142ada\u0107 na brudne lub mokre przedmioty, poniewa\u017c mo\u017ce to zmniejszy\u0107 skuteczno\u015b\u0107.<\/li>\n<li><strong>Zastosowanie produktu <\/strong>: Za pomoc\u0105 rozpylacza lub mi\u0119kkiej, czystej szmatki na\u0142\u00f3\u017c cienk\u0105, r\u00f3wnomiern\u0105 warstw\u0119 impregnatu na zamszow\u0105 powierzchni\u0119. Je\u015bli u\u017cywasz rozpylacza, trzymaj go w odleg\u0142o\u015bci 15-20 cm od powierzchni, aby unikn\u0105\u0107 nadmiaru.<\/li>\n<li><strong>R\u00f3wnomierne pokrycie <\/strong>: W celu zapewnienia optymalnej ochrony nale\u017cy upewni\u0107 si\u0119, \u017ce produkt zosta\u0142 r\u00f3wnomiernie rozprowadzony i wnikn\u0105\u0142 we w\u0142\u00f3kna zamszu. Nie przesycaj materia\u0142u, aby unikn\u0105\u0107 widocznych osad\u00f3w.<\/li>\n<li><strong>Czas schni\u0119cia <\/strong>: Pozostawi\u0107 przedmiot do wyschni\u0119cia na oko\u0142o 1 godzin\u0119 w dobrze wentylowanym miejscu w temperaturze pokojowej. Unika\u0107 \u017ar\u00f3de\u0142 ciep\u0142a (np. suszarki do w\u0142os\u00f3w lub grzejnika), kt\u00f3re mog\u0142yby uszkodzi\u0107 materia\u0142.<\/li>\n<li><strong>Ponowne zastosowanie (w razie potrzeby) <\/strong>: Dla lepszej ochrony, na\u0142\u00f3\u017c drug\u0105 warstw\u0119 po ca\u0142kowitym wyschni\u0119ciu pierwszej. Jest to szczeg\u00f3lnie zalecane w przypadku przedmiot\u00f3w nara\u017conych na ekstremalne warunki, takich jak buty turystyczne lub torebki u\u017cywane w deszczu.<\/li>\n<li><strong>Konserwacja <\/strong>: Nak\u0142ada\u0107 ponownie co 3 do 6 miesi\u0119cy w zale\u017cno\u015bci od u\u017cytkowania i ekspozycji. Zaleca si\u0119 wykonywanie poprawek w celu utrzymania maksymalnej ochrony w czasie.<\/li>\n<li><strong>Przechowywanie <\/strong>: Przechowywa\u0107 w oryginalnym opakowaniu, szczelnie zamkni\u0119te, w ch\u0142odnym, suchym miejscu, z dala od \u017ar\u00f3de\u0142 ciep\u0142a i bezpo\u015bredniego \u015bwiat\u0142a s\u0142onecznego, aby zachowa\u0107 jego w\u0142a\u015bciwo\u015bci.<\/li>\n<\/ul>\n<p>Nasz impregnat do zamszu pomaga przed\u0142u\u017cy\u0107 \u017cywotno\u015b\u0107 zamszowych przedmiot\u00f3w, utrzymuj\u0105c je w idealnym stanie. To proste, szybkie i skuteczne rozwi\u0105zanie, kt\u00f3re chroni eleganckie rzeczy przed wilgoci\u0105 i plamami.<\/p>","protected":false},"excerpt":{"rendered":"<p>Effective Protection Against Water and Stains.\u00a0This suede waterproofer is specially formulated to create an invisible barrier against moisture and dirt. It prevents water, mud, or grease stains while preserving the delicate texture and elegant appearance of suede. It is the ideal solution to keep your suede shoes, jackets, bags, and other items in perfect condition [&hellip;]<\/p>\n","protected":false},"featured_media":35957,"comment_status":"open","ping_status":"closed","template":"","meta":{"_uag_custom_page_level_css":"","site-sidebar-layout":"default","site-content-layout":"","ast-site-content-layout":"default","site-content-style":"default","site-sidebar-style":"default","ast-global-header-display":"","ast-banner-title-visibility":"","ast-main-header-display":"","ast-hfb-above-header-display":"","ast-hfb-below-header-display":"","ast-hfb-mobile-header-display":"","site-post-title":"","ast-breadcrumbs-content":"","ast-featured-img":"","footer-sml-layout":"","ast-disable-related-posts":"","theme-transparent-header-meta":"default","adv-header-id-meta":"","stick-header-meta":"","header-above-stick-meta":"","header-main-stick-meta":"","header-below-stick-meta":"","astra-migrate-meta-layouts":"set","ast-page-background-enabled":"default","ast-page-background-meta":{"desktop":{"background-color":"var(--ast-global-color-4)","background-image":"","background-repeat":"repeat","background-position":"center center","background-size":"auto","background-attachment":"scroll","background-type":"","background-media":"","overlay-type":"","overlay-color":"","overlay-opacity":"","overlay-gradient":""},"tablet":{"background-color":"","background-image":"","background-repeat":"repeat","background-position":"center center","background-size":"auto","background-attachment":"scroll","background-type":"","background-media":"","overlay-type":"","overlay-color":"","overlay-opacity":"","overlay-gradient":""},"mobile":{"background-color":"","background-image":"","background-repeat":"repeat","background-position":"center center","background-size":"auto","background-attachment":"scroll","background-type":"","background-media":"","overlay-type":"","overlay-color":"","overlay-opacity":"","overlay-gradient":""}},"ast-content-background-meta":{"desktop":{"background-color":"var(--ast-global-color-5)","background-image":"","background-repeat":"repeat","background-position":"center center","background-size":"auto","background-attachment":"scroll","background-type":"","background-media":"","overlay-type":"","overlay-color":"","overlay-opacity":"","overlay-gradient":""},"tablet":{"background-color":"var(--ast-global-color-5)","background-image":"","background-repeat":"repeat","background-position":"center center","background-size":"auto","background-attachment":"scroll","background-type":"","background-media":"","overlay-type":"","overlay-color":"","overlay-opacity":"","overlay-gradient":""},"mobile":{"background-color":"var(--ast-global-color-5)","background-image":"","background-repeat":"repeat","background-position":"center center","background-size":"auto","background-attachment":"scroll","background-type":"","background-media":"","overlay-type":"","overlay-color":"","overlay-opacity":"","overlay-gradient":""}}},"product_brand":[],"product_cat":[191],"product_tag":[],"class_list":{"0":"post-25339","1":"product","2":"type-product","3":"status-publish","4":"has-post-thumbnail","6":"product_cat-water-repellent","7":"desktop-align-left","8":"tablet-align-left","9":"mobile-align-left","11":"first","12":"instock","13":"sale","14":"taxable","15":"shipping-taxable","16":"purchasable","17":"product-type-variable","18":"has-default-attributes"},"spectra_custom_meta":{"_visibility":["visible"],"_shopify_product_id":["9106554913013"],"_s2w_shopify_domain":["ferberpainting.myshopify.com"],"_shopify_variant_id":["46626262876405"],"_sku":[""],"_manage_stock":["no"],"total_sales":["29"],"_tax_status":["taxable"],"_tax_class":[""],"_backorders":["no"],"_sold_individually":["no"],"_virtual":["no"],"_downloadable":["no"],"_download_limit":["-1"],"_download_expiry":["-1"],"_stock":[null],"_stock_status":["instock"],"_wc_average_rating":["5.00"],"_wc_review_count":["36"],"_product_attributes":["a:1:{s:6:\"volume\";a:6:{s:4:\"name\";s:6:\"Volume\";s:5:\"value\";s:20:\"5 liters | 25 liters\";s:8:\"position\";i:1;s:10:\"is_visible\";i:0;s:12:\"is_variation\";i:1;s:11:\"is_taxonomy\";i:0;}}"],"_product_version":["10.5.1"],"wpse_downloadable_file_names":[""],"wpse_downloadable_file_urls":[""],"_edit_last":["1"],"_default_attributes":["a:1:{s:6:\"volume\";s:8:\"5 liters\";}"],"_edit_lock":["1771240388:1"],"merchant-center-availability":["yes"],"merchant-center-category":["503738"],"_thumbnail_id":["35957"],"_wp_page_template":["default"],"_wp_old_date":["2025-05-26"],"_product_image_gallery":["35956"],"site-sidebar-layout":["default"],"ast-site-content-layout":["default"],"site-content-style":["default"],"site-sidebar-style":["default"],"theme-transparent-header-meta":["default"],"_price":["29.90","129.90"],"_wc_rating_count":["a:1:{i:5;i:36;}"],"astra-migrate-meta-layouts":["set"],"_uag_css_file_name":["uag-css-25339.css"],"_elementor_page_assets":["a:0:{}"],"_uag_page_assets":["a:9:{s:3:\"css\";s:6873:\".wp-block-uagb-image{display:flex}.wp-block-uagb-image__figure{position:relative;display:flex;flex-direction:column;max-width:100%;height:auto;margin:0}.wp-block-uagb-image__figure img{height:auto;display:flex;max-width:100%;transition:box-shadow .2s ease}.wp-block-uagb-image__figure>a{display:inline-block}.wp-block-uagb-image__figure figcaption{text-align:center;margin-top:.5em;margin-bottom:1em}.wp-block-uagb-image .components-placeholder.block-editor-media-placeholder .components-placeholder__instructions{align-self:center}.wp-block-uagb-image--align-left{text-align:left}.wp-block-uagb-image--align-right{text-align:right}.wp-block-uagb-image--align-center{text-align:center}.wp-block-uagb-image--align-full .wp-block-uagb-image__figure{margin-left:calc(50% - 50vw);margin-right:calc(50% - 50vw);max-width:100vw;width:100vw;height:auto}.wp-block-uagb-image--align-full .wp-block-uagb-image__figure img{height:auto;width:100% !important}.wp-block-uagb-image--align-wide .wp-block-uagb-image__figure img{height:auto;width:100%}.wp-block-uagb-image--layout-overlay__color-wrapper{position:absolute;left:0;top:0;right:0;bottom:0;opacity:.2;background:rgba(0,0,0,.5);transition:opacity .35s ease-in-out}.wp-block-uagb-image--layout-overlay-link{position:absolute;left:0;right:0;bottom:0;top:0}.wp-block-uagb-image--layout-overlay .wp-block-uagb-image__figure:hover .wp-block-uagb-image--layout-overlay__color-wrapper{opacity:1}.wp-block-uagb-image--layout-overlay__inner{position:absolute;left:15px;right:15px;bottom:15px;top:15px;display:flex;align-items:center;justify-content:center;flex-direction:column;border-color:#fff;transition:.35s ease-in-out}.wp-block-uagb-image--layout-overlay__inner.top-left,.wp-block-uagb-image--layout-overlay__inner.top-center,.wp-block-uagb-image--layout-overlay__inner.top-right{justify-content:flex-start}.wp-block-uagb-image--layout-overlay__inner.bottom-left,.wp-block-uagb-image--layout-overlay__inner.bottom-center,.wp-block-uagb-image--layout-overlay__inner.bottom-right{justify-content:flex-end}.wp-block-uagb-image--layout-overlay__inner.top-left,.wp-block-uagb-image--layout-overlay__inner.center-left,.wp-block-uagb-image--layout-overlay__inner.bottom-left{align-items:flex-start}.wp-block-uagb-image--layout-overlay__inner.top-right,.wp-block-uagb-image--layout-overlay__inner.center-right,.wp-block-uagb-image--layout-overlay__inner.bottom-right{align-items:flex-end}.wp-block-uagb-image--layout-overlay__inner .uagb-image-heading{color:#fff;transition:transform .35s,opacity .35s ease-in-out;transform:translate3d(0, 24px, 0);margin:0;line-height:1em}.wp-block-uagb-image--layout-overlay__inner .uagb-image-separator{width:30%;border-top-width:2px;border-top-color:#fff;border-top-style:solid;margin-bottom:10px;opacity:0;transition:transform .4s,opacity .4s ease-in-out;transform:translate3d(0, 30px, 0)}.wp-block-uagb-image--layout-overlay__inner .uagb-image-caption{opacity:0;overflow:visible;color:#fff;transition:transform .45s,opacity .45s ease-in-out;transform:translate3d(0, 35px, 0)}.wp-block-uagb-image--layout-overlay__inner:hover .uagb-image-heading,.wp-block-uagb-image--layout-overlay__inner:hover .uagb-image-separator,.wp-block-uagb-image--layout-overlay__inner:hover .uagb-image-caption{opacity:1;transform:translate3d(0, 0, 0)}.wp-block-uagb-image--effect-zoomin .wp-block-uagb-image__figure img,.wp-block-uagb-image--effect-zoomin .wp-block-uagb-image__figure .wp-block-uagb-image--layout-overlay__color-wrapper{transform:scale(1);transition:transform .35s ease-in-out}.wp-block-uagb-image--effect-zoomin .wp-block-uagb-image__figure:hover img,.wp-block-uagb-image--effect-zoomin .wp-block-uagb-image__figure:hover .wp-block-uagb-image--layout-overlay__color-wrapper{transform:scale(1.05)}.wp-block-uagb-image--effect-slide .wp-block-uagb-image__figure img,.wp-block-uagb-image--effect-slide .wp-block-uagb-image__figure .wp-block-uagb-image--layout-overlay__color-wrapper{width:calc(100% + 40px) !important;max-width:none !important;transform:translate3d(-40px, 0, 0);transition:transform .35s ease-in-out}.wp-block-uagb-image--effect-slide .wp-block-uagb-image__figure:hover img,.wp-block-uagb-image--effect-slide .wp-block-uagb-image__figure:hover .wp-block-uagb-image--layout-overlay__color-wrapper{transform:translate3d(0, 0, 0)}.wp-block-uagb-image--effect-grayscale img{filter:grayscale(0%);transition:.35s ease-in-out}.wp-block-uagb-image--effect-grayscale:hover img{filter:grayscale(100%)}.wp-block-uagb-image--effect-blur img{filter:blur(0);transition:.35s ease-in-out}.wp-block-uagb-image--effect-blur:hover img{filter:blur(3px)}.uagb-block-e6f939b3.wp-block-uagb-image--layout-default figure img{box-shadow: 0px 0px 0 #00000070;}.uagb-block-e6f939b3.wp-block-uagb-image .wp-block-uagb-image__figure figcaption{font-style: normal;align-self: center;}.uagb-block-e6f939b3.wp-block-uagb-image--layout-overlay figure img{box-shadow: 0px 0px 0 #00000070;}.uagb-block-e6f939b3.wp-block-uagb-image--layout-overlay .wp-block-uagb-image--layout-overlay__color-wrapper{opacity: 0.2;}.uagb-block-e6f939b3.wp-block-uagb-image--layout-overlay .wp-block-uagb-image--layout-overlay__inner{left: 15px;right: 15px;top: 15px;bottom: 15px;}.uagb-block-e6f939b3.wp-block-uagb-image--layout-overlay .wp-block-uagb-image--layout-overlay__inner .uagb-image-heading{font-style: normal;color: #fff;opacity: 1;}.uagb-block-e6f939b3.wp-block-uagb-image--layout-overlay .wp-block-uagb-image--layout-overlay__inner .uagb-image-heading a{color: #fff;}.uagb-block-e6f939b3.wp-block-uagb-image--layout-overlay .wp-block-uagb-image--layout-overlay__inner .uagb-image-caption{opacity: 0;}.uagb-block-e6f939b3.wp-block-uagb-image--layout-overlay .wp-block-uagb-image__figure:hover .wp-block-uagb-image--layout-overlay__color-wrapper{opacity: 1;}.uagb-block-e6f939b3.wp-block-uagb-image .wp-block-uagb-image--layout-overlay__inner .uagb-image-separator{width: 30%;border-top-width: 2px;border-top-color: #fff;opacity: 0;}.uagb-block-e6f939b3.wp-block-uagb-image .wp-block-uagb-image__figure img{width: px;height: auto;}.uagb-block-e6f939b3.wp-block-uagb-image .wp-block-uagb-image__figure:hover .wp-block-uagb-image--layout-overlay__inner .uagb-image-caption{opacity: 1;}.uagb-block-e6f939b3.wp-block-uagb-image .wp-block-uagb-image__figure:hover .wp-block-uagb-image--layout-overlay__inner .uagb-image-separator{opacity: 1;}.uagb-block-e6f939b3.wp-block-uagb-image--layout-default figure:hover img{box-shadow: 0px 0px 0 #00000070;}.uagb-block-e6f939b3.wp-block-uagb-image--layout-overlay figure:hover img{box-shadow: 0px 0px 0 #00000070;}@media only screen and (max-width: 976px) {.uagb-block-e6f939b3.wp-block-uagb-image .wp-block-uagb-image__figure img{width: px;height: auto;}}@media only screen and (max-width: 767px) {.uagb-block-e6f939b3.wp-block-uagb-image .wp-block-uagb-image__figure img{width: px;height: auto;}}\";s:2:\"js\";s:0:\"\";s:18:\"current_block_list\";a:13:{i:0;s:11:\"core\/search\";i:1;s:10:\"core\/group\";i:2;s:12:\"core\/heading\";i:3;s:17:\"core\/latest-posts\";i:4;s:20:\"core\/latest-comments\";i:5;s:13:\"core\/archives\";i:6;s:15:\"core\/categories\";i:7;s:14:\"core\/paragraph\";i:8;s:10:\"uagb\/image\";i:9;s:11:\"core\/spacer\";i:10;s:30:\"woocommerce\/product-categories\";i:11;s:10:\"core\/image\";i:12;s:14:\"core\/shortcode\";}s:8:\"uag_flag\";b:1;s:11:\"uag_version\";s:10:\"1777266148\";s:6:\"gfonts\";a:0:{}s:10:\"gfonts_url\";s:0:\"\";s:12:\"gfonts_files\";a:0:{}s:14:\"uag_faq_layout\";b:0;}"]},"uagb_featured_image_src":{"full":["https:\/\/www.ferberpainting.com\/wp-content\/uploads\/2025\/05\/Suede-and-Nubuck-Water-Repellent-5L.png",2560,2560,false],"thumbnail":["https:\/\/www.ferberpainting.com\/wp-content\/uploads\/2025\/05\/Suede-and-Nubuck-Water-Repellent-5L-150x150.png",150,150,true],"medium":["https:\/\/www.ferberpainting.com\/wp-content\/uploads\/2025\/05\/Suede-and-Nubuck-Water-Repellent-5L-300x300.png",300,300,true],"medium_large":["https:\/\/www.ferberpainting.com\/wp-content\/uploads\/2025\/05\/Suede-and-Nubuck-Water-Repellent-5L-768x768.png",768,768,true],"large":["https:\/\/www.ferberpainting.com\/wp-content\/uploads\/2025\/05\/Suede-and-Nubuck-Water-Repellent-5L-1024x1024.png",1024,1024,true],"1536x1536":["https:\/\/www.ferberpainting.com\/wp-content\/uploads\/2025\/05\/Suede-and-Nubuck-Water-Repellent-5L-1536x1536.png",1536,1536,true],"2048x2048":["https:\/\/www.ferberpainting.com\/wp-content\/uploads\/2025\/05\/Suede-and-Nubuck-Water-Repellent-5L-2048x2048.png",2048,2048,true],"trp-custom-language-flag":["https:\/\/www.ferberpainting.com\/wp-content\/uploads\/2025\/05\/Suede-and-Nubuck-Water-Repellent-5L-12x12.png",12,12,true],"woocommerce_thumbnail":["https:\/\/www.ferberpainting.com\/wp-content\/uploads\/2025\/05\/Suede-and-Nubuck-Water-Repellent-5L-300x300.png",300,300,true],"woocommerce_single":["https:\/\/www.ferberpainting.com\/wp-content\/uploads\/2025\/05\/Suede-and-Nubuck-Water-Repellent-5L-600x600.png",600,600,true],"woocommerce_gallery_thumbnail":["https:\/\/www.ferberpainting.com\/wp-content\/uploads\/2025\/05\/Suede-and-Nubuck-Water-Repellent-5L-100x100.png",100,100,true]},"uagb_author_info":{"display_name":"admin","author_link":"https:\/\/www.ferberpainting.com\/pl\/author\/"},"uagb_comment_info":36,"uagb_excerpt":"Effective Protection Against Water and Stains.\u00a0This suede waterproofer is specially formulated to create an invisible barrier against moisture and dirt. It prevents water, mud, or grease stains while preserving the delicate texture and elegant appearance of suede. It is the ideal solution to keep your suede shoes, jackets, bags, and other items in perfect condition&hellip;","_links":{"self":[{"href":"https:\/\/www.ferberpainting.com\/pl\/wp-json\/wp\/v2\/product\/25339","targetHints":{"allow":["GET"]}}],"collection":[{"href":"https:\/\/www.ferberpainting.com\/pl\/wp-json\/wp\/v2\/product"}],"about":[{"href":"https:\/\/www.ferberpainting.com\/pl\/wp-json\/wp\/v2\/types\/product"}],"replies":[{"embeddable":true,"href":"https:\/\/www.ferberpainting.com\/pl\/wp-json\/wp\/v2\/comments?post=25339"}],"version-history":[{"count":4,"href":"https:\/\/www.ferberpainting.com\/pl\/wp-json\/wp\/v2\/product\/25339\/revisions"}],"predecessor-version":[{"id":167361,"href":"https:\/\/www.ferberpainting.com\/pl\/wp-json\/wp\/v2\/product\/25339\/revisions\/167361"}],"wp:featuredmedia":[{"embeddable":true,"href":"https:\/\/www.ferberpainting.com\/pl\/wp-json\/wp\/v2\/media\/35957"}],"wp:attachment":[{"href":"https:\/\/www.ferberpainting.com\/pl\/wp-json\/wp\/v2\/media?parent=25339"}],"wp:term":[{"taxonomy":"product_brand","embeddable":true,"href":"https:\/\/www.ferberpainting.com\/pl\/wp-json\/wp\/v2\/product_brand?post=25339"},{"taxonomy":"product_cat","embeddable":true,"href":"https:\/\/www.ferberpainting.com\/pl\/wp-json\/wp\/v2\/product_cat?post=25339"},{"taxonomy":"product_tag","embeddable":true,"href":"https:\/\/www.ferberpainting.com\/pl\/wp-json\/wp\/v2\/product_tag?post=25339"}],"curies":[{"name":"wp","href":"https:\/\/api.w.org\/{rel}","templated":true}]}}