{"id":25332,"date":"2025-05-26T10:30:54","date_gmt":"2025-05-26T08:30:54","guid":{"rendered":"https:\/\/www.ferberpainting.com\/products\/succulent-fertilizer\/"},"modified":"2026-02-16T12:11:29","modified_gmt":"2026-02-16T11:11:29","slug":"succulent-fertilizer","status":"publish","type":"product","link":"https:\/\/www.ferberpainting.com\/pl\/products\/succulent-fertilizer\/","title":{"rendered":"Naw\u00f3z do sukulent\u00f3w"},"content":{"rendered":"<p><strong><img decoding=\"async\" style=\"margin-right: 12px;\" src=\"https:\/\/www.ferberpainting.com\/wp-content\/uploads\/2026\/02\/Check.svg\" alt=\"\" width=\"18\" height=\"15\" \/>Naw\u00f3z opracowany specjalnie dla kaktus\u00f3w i sukulent\u00f3w.<\/strong>\u00a0Soczyste ro\u015bliny, takie jak kaktusy, agawy, aloesy i echeverie, maj\u0105 specyficzne potrzeby \u017cywieniowe, kt\u00f3re r\u00f3\u017cni\u0105 si\u0119 od potrzeb ro\u015blin zielonych rosn\u0105cych w pomieszczeniach lub na zewn\u0105trz. Nasz naw\u00f3z NPK 15-15-15 zosta\u0142 zaprojektowany, aby zapewni\u0107 optymaln\u0105 r\u00f3wnowag\u0119 azotu, fosforu i potasu, promuj\u0105c silny wzrost, bujne li\u015bcie i obfite kwitnienie. Dzi\u0119ki p\u0142ynnej formule jest \u0142atwo przyswajalny i szybko przenika do pod\u0142o\u017ca, zapewniaj\u0105c widoczne rezultaty w kr\u00f3tkim czasie.<\/p>\n<p><strong><img decoding=\"async\" style=\"margin-right: 12px;\" src=\"https:\/\/www.ferberpainting.com\/wp-content\/uploads\/2026\/02\/Check.svg\" alt=\"\" width=\"18\" height=\"15\" \/>Gwarancja zwrotu pieni\u0119dzy.<\/strong>\u00a0G\u0142\u0119boko wierzymy w skuteczno\u015b\u0107 naszych nawoz\u00f3w, dlatego oferujemy polityk\u0119 gwarancji zwrotu pieni\u0119dzy. Je\u015bli po zastosowaniu zgodnie z zaleceniami kaktusy i sukulenty nie wykazuj\u0105 poprawy wzrostu lub witalno\u015bci, zobowi\u0105zujemy si\u0119 do pe\u0142nego zwrotu koszt\u00f3w.<\/p>\n<p><strong><img decoding=\"async\" style=\"margin-right: 12px;\" src=\"https:\/\/www.ferberpainting.com\/wp-content\/uploads\/2026\/02\/Check.svg\" alt=\"\" width=\"18\" height=\"15\" \/>Kompatybilny ze wszystkimi rodzajami kaktus\u00f3w i sukulent\u00f3w.<\/strong>\u00a0Naw\u00f3z ten zosta\u0142 zaprojektowany dla wszystkich odmian kaktus\u00f3w i sukulent\u00f3w, w tym kaktus\u00f3w, euforbii, gruboszy, rozchodnik\u00f3w, aloes\u00f3w, agaw i litops\u00f3w. Niezale\u017cnie od tego, czy uprawiasz swoje ro\u015bliny w pomieszczeniach, czy na zewn\u0105trz, w doniczkach lub w otwartym terenie, naw\u00f3z ten zapewni im wszystkie niezb\u0119dne sk\u0142adniki od\u017cywcze do ich rozwoju i kwitnienia.<\/p>\n<p><strong><img decoding=\"async\" style=\"margin-right: 12px;\" src=\"https:\/\/www.ferberpainting.com\/wp-content\/uploads\/2026\/02\/Check.svg\" alt=\"\" width=\"18\" height=\"15\" \/>Doskona\u0142a wydajno\u015b\u0107 ekonomiczna.<\/strong>\u00a0Dzi\u0119ki wysokiemu st\u0119\u017ceniu naw\u00f3z ten rozcie\u0144cza si\u0119 w ilo\u015bci 5 ml na litr wody, co pozwala na jego d\u0142ugotrwa\u0142e stosowanie. 5-litrowy pojemnik umo\u017cliwia przygotowanie do 1000 litr\u00f3w roztworu nawozowego, zapewniaj\u0105c doskona\u0142y stosunek jako\u015bci do ceny poprzez zmniejszenie cz\u0119stotliwo\u015bci zakupu.<\/p>\n<p><strong><img decoding=\"async\" style=\"margin-right: 12px;\" src=\"https:\/\/www.ferberpainting.com\/wp-content\/uploads\/2026\/02\/Check.svg\" alt=\"\" width=\"18\" height=\"15\" \/>Bezpieczny dla ro\u015blin i \u015brodowiska.<\/strong>\u00a0Naw\u00f3z ten nie zawiera agresywnych substancji chemicznych, kt\u00f3re mog\u0142yby uszkodzi\u0107 korzenie lub delikatne li\u015bcie sukulent\u00f3w. Jego formu\u0142a respektuje r\u00f3wnowag\u0119 pod\u0142o\u017ca, unikaj\u0105c szkodliwych nagromadze\u0144 soli i minera\u0142\u00f3w oraz zapewniaj\u0105c zdrowy, naturalny wzrost bez niepo\u017c\u0105danych skutk\u00f3w ubocznych.<\/p>\n<p><strong><img decoding=\"async\" style=\"margin-right: 12px;\" src=\"https:\/\/www.ferberpainting.com\/wp-content\/uploads\/2026\/02\/Check.svg\" alt=\"\" width=\"18\" height=\"15\" \/>\u0141atwy w u\u017cyciu i szybki w aplikacji.<\/strong>\u00a0W przeciwie\u0144stwie do nawoz\u00f3w sta\u0142ych, kt\u00f3re musz\u0105 by\u0107 zakopywane lub precyzyjnie odmierzane, nasz p\u0142ynny naw\u00f3z po prostu miesza si\u0119 z wod\u0105 i jest stosowany bezpo\u015brednio na pod\u0142o\u017ce podczas podlewania. Nie ma potrzeby stosowania specjalnych narz\u0119dzi ani skomplikowanych technik: proste rozcie\u0144czenie wystarczy, aby skutecznie karmi\u0107 kaktusy i sukulenty.<\/p>\n<p><strong><img decoding=\"async\" style=\"margin-right: 12px;\" src=\"https:\/\/www.ferberpainting.com\/wp-content\/uploads\/2026\/02\/Check.svg\" alt=\"\" width=\"18\" height=\"15\" \/>D\u0142ugotrwa\u0142y naw\u00f3z, kt\u00f3ry wspiera wzrost przez d\u0142ugi czas.<\/strong>\u00a0Zapewniaj\u0105c idealn\u0105 r\u00f3wnowag\u0119 sk\u0142adnik\u00f3w od\u017cywczych, naw\u00f3z ten wzmacnia korzenie, li\u015bcie i struktur\u0119 kom\u00f3rkow\u0105 sukulent\u00f3w, pozwalaj\u0105c im lepiej oprze\u0107 si\u0119 suszy, chorobom i niedoborom. Dzi\u0119ki stopniowemu uwalnianiu gwarantuje ci\u0105g\u0142e nawo\u017cenie bez ryzyka przenawo\u017cenia.<\/p>\n<p><strong><img decoding=\"async\" style=\"margin-right: 12px;\" src=\"https:\/\/www.ferberpainting.com\/wp-content\/uploads\/2026\/02\/Check.svg\" alt=\"\" width=\"18\" height=\"15\" \/>Szybko widoczne rezultaty.<\/strong>\u00a0Ju\u017c od pierwszych aplikacji zauwa\u017cysz szybszy wzrost, grubsze li\u015bcie, a w przypadku gatunk\u00f3w kwitn\u0105cych popraw\u0119 kwitnienia z bardziej \u017cywymi i \u017cywymi kolorami. Naw\u00f3z ten pomaga r\u00f3wnie\u017c ro\u015blinom rozwija\u0107 rezerwy wody, czyni\u0105c je bardziej odpornymi na trudne warunki.<\/p>\n<h2><strong>Protok\u00f3\u0142 u\u017cytkowania <\/strong><\/h2>\n<p><strong>Zalecane rozcie\u0144czenie :<\/strong><\/p>\n<ul>\n<li><strong>Do regularnej konserwacji <\/strong>: Rozcie\u0144czy\u0107 5 ml nawozu na litr wody i bezpo\u015brednio podla\u0107 pod\u0142o\u017ce.<\/li>\n<li><strong>Dla ro\u015blin w okresie intensywnego wzrostu (wiosna\/lato)<\/strong> : U\u017cyj nieco silniejszego rozcie\u0144czenia 7 ml na litr wody, aby wzmocni\u0107 dostarczanie sk\u0142adnik\u00f3w od\u017cywczych.<\/li>\n<li><strong>Dla ro\u015blin w okresie spoczynku (jesie\u0144\/zima)<\/strong> : Zmniejszy\u0107 st\u0119\u017cenie do 2 ml na litr wody, rozstawiaj\u0105c aplikacje.<\/li>\n<\/ul>\n<p><strong>Cz\u0119stotliwo\u015b\u0107 stosowania <\/strong>:<\/p>\n<ul>\n<li><strong>Ro\u015bliny w fazie aktywnego wzrostu <\/strong>: Stosowa\u0107 co dwa tygodnie.<\/li>\n<li><strong>Ro\u015bliny w stanie spoczynku wegetatywnego <\/strong>: Stosowa\u0107 raz w miesi\u0105cu, aby utrzyma\u0107 dobry poziom sk\u0142adnik\u00f3w od\u017cywczych.<\/li>\n<\/ul>\n<p><strong>Metoda aplikacji <\/strong>:<\/p>\n<ul>\n<li><strong>Podlewanie u podstawy <\/strong>: Wla\u0107 roztw\u00f3r bezpo\u015brednio na pod\u0142o\u017ce, unikaj\u0105c zwil\u017cania li\u015bci, aby zapobiec ryzyku gnicia.<\/li>\n<li><strong>Oprysk dolistny (opcjonalnie) <\/strong>: W przypadku sukulent\u00f3w, kt\u00f3re poch\u0142aniaj\u0105 wilgo\u0107 przez li\u015bcie, lekki spray mo\u017cna stosowa\u0107 co 4 do 6 tygodni.<\/li>\n<li><strong>Dla ro\u015blin doniczkowych <\/strong>: Podlewa\u0107 do momentu, a\u017c woda zacznie wyp\u0142ywa\u0107 z otwor\u00f3w, zapewniaj\u0105c dobre rozprowadzenie sk\u0142adnik\u00f3w od\u017cywczych.<\/li>\n<li><strong>Dla ro\u015blin zewn\u0119trznych <\/strong>: Zastosuj wok\u00f3\u0142 podstawy, upewniaj\u0105c si\u0119, \u017ce naw\u00f3z nie stagnuje w glebie, aby unikn\u0105\u0107 przedawkowania.<\/li>\n<\/ul>\n<p><strong>\u015arodki ostro\u017cno\u015bci dotycz\u0105ce u\u017cytkowania <\/strong>:<\/p>\n<ul>\n<li><strong>Nie przedawkowa\u0107 <\/strong>: Sukulenty s\u0105 ro\u015blinami wolno rosn\u0105cymi; nadmiar nawozu mo\u017ce nadwyr\u0119\u017cy\u0107 korzenie i spali\u0107 li\u015bcie.<\/li>\n<li><strong>Unika\u0107 stosowania w bezpo\u015brednim \u015bwietle s\u0142onecznym <\/strong>: Zaleca si\u0119 stosowanie nawozu wcze\u015bnie rano lub p\u00f3\u017ano w ci\u0105gu dnia w celu lepszego wch\u0142aniania.<\/li>\n<li><strong>Nie nale\u017cy nawozi\u0107 chorych lub os\u0142abionych ro\u015blin. <\/strong>: Przed dostarczeniem dodatkowych sk\u0142adnik\u00f3w od\u017cywczych nale\u017cy poczeka\u0107, a\u017c dojdzie do siebie.<\/li>\n<\/ul>\n<p><strong>Przechowywanie i konserwacja <\/strong>:<\/p>\n<ul>\n<li>Przechowywa\u0107 w suchym miejscu, z dala od \u015bwiat\u0142a.<\/li>\n<li>Po ka\u017cdym u\u017cyciu nale\u017cy szczelnie zamkn\u0105\u0107 butelk\u0119, aby zapobiec parowaniu lub zanieczyszczeniu.<\/li>\n<\/ul>\n<p>Dzi\u0119ki temu nawozowi do sukulent\u00f3w i ro\u015blin t\u0142ustych zapewniasz swoim ro\u015blinom wszystkie zasoby potrzebne do harmonijnego wzrostu, zapewniaj\u0105c zr\u00f3wnowa\u017cony wzrost i zwi\u0119kszon\u0105 odporno\u015b\u0107 na ekstremalne warunki. Niezale\u017cnie od tego, czy jeste\u015b entuzjast\u0105 sukulent\u00f3w, czy kolekcjonerem kaktus\u00f3w, ten naw\u00f3z jest idealnym sprzymierze\u0144cem dla silnych, kwitn\u0105cych i zdrowych ro\u015blin.<\/p>","protected":false},"excerpt":{"rendered":"<p>A fertilizer specially formulated for cacti and succulents.\u00a0Succulent plants, such as cacti, agaves, aloes, and echeverias, have specific nutritional needs that differ from those of indoor or outdoor green plants. Our NPK 15-15-15 fertilizer has been designed to provide an optimal balance of nitrogen, phosphorus, and potassium, promoting robust growth, lush foliage, and abundant flowering. [&hellip;]<\/p>\n","protected":false},"featured_media":27195,"comment_status":"open","ping_status":"closed","template":"","meta":{"_uag_custom_page_level_css":"","site-sidebar-layout":"default","site-content-layout":"","ast-site-content-layout":"default","site-content-style":"default","site-sidebar-style":"default","ast-global-header-display":"","ast-banner-title-visibility":"","ast-main-header-display":"","ast-hfb-above-header-display":"","ast-hfb-below-header-display":"","ast-hfb-mobile-header-display":"","site-post-title":"","ast-breadcrumbs-content":"","ast-featured-img":"","footer-sml-layout":"","ast-disable-related-posts":"","theme-transparent-header-meta":"default","adv-header-id-meta":"","stick-header-meta":"","header-above-stick-meta":"","header-main-stick-meta":"","header-below-stick-meta":"","astra-migrate-meta-layouts":"set","ast-page-background-enabled":"default","ast-page-background-meta":{"desktop":{"background-color":"var(--ast-global-color-4)","background-image":"","background-repeat":"repeat","background-position":"center center","background-size":"auto","background-attachment":"scroll","background-type":"","background-media":"","overlay-type":"","overlay-color":"","overlay-opacity":"","overlay-gradient":""},"tablet":{"background-color":"","background-image":"","background-repeat":"repeat","background-position":"center center","background-size":"auto","background-attachment":"scroll","background-type":"","background-media":"","overlay-type":"","overlay-color":"","overlay-opacity":"","overlay-gradient":""},"mobile":{"background-color":"","background-image":"","background-repeat":"repeat","background-position":"center center","background-size":"auto","background-attachment":"scroll","background-type":"","background-media":"","overlay-type":"","overlay-color":"","overlay-opacity":"","overlay-gradient":""}},"ast-content-background-meta":{"desktop":{"background-color":"var(--ast-global-color-5)","background-image":"","background-repeat":"repeat","background-position":"center center","background-size":"auto","background-attachment":"scroll","background-type":"","background-media":"","overlay-type":"","overlay-color":"","overlay-opacity":"","overlay-gradient":""},"tablet":{"background-color":"var(--ast-global-color-5)","background-image":"","background-repeat":"repeat","background-position":"center center","background-size":"auto","background-attachment":"scroll","background-type":"","background-media":"","overlay-type":"","overlay-color":"","overlay-opacity":"","overlay-gradient":""},"mobile":{"background-color":"var(--ast-global-color-5)","background-image":"","background-repeat":"repeat","background-position":"center center","background-size":"auto","background-attachment":"scroll","background-type":"","background-media":"","overlay-type":"","overlay-color":"","overlay-opacity":"","overlay-gradient":""}}},"product_brand":[],"product_cat":[178],"product_tag":[],"class_list":{"0":"post-25332","1":"product","2":"type-product","3":"status-publish","4":"has-post-thumbnail","6":"product_cat-fertilizers","7":"desktop-align-left","8":"tablet-align-left","9":"mobile-align-left","11":"first","12":"instock","13":"sale","14":"taxable","15":"shipping-taxable","16":"purchasable","17":"product-type-variable","18":"has-default-attributes"},"spectra_custom_meta":{"_visibility":["visible"],"_shopify_product_id":["9071223570677"],"_s2w_shopify_domain":["ferberpainting.myshopify.com"],"_shopify_variant_id":["46516075790581"],"_sku":[""],"_manage_stock":["no"],"total_sales":["7"],"_tax_status":["taxable"],"_tax_class":[""],"_backorders":["no"],"_sold_individually":["no"],"_virtual":["no"],"_downloadable":["no"],"_download_limit":["-1"],"_download_expiry":["-1"],"_stock":[null],"_stock_status":["instock"],"_wc_average_rating":["4.63"],"_wc_review_count":["8"],"_product_attributes":["a:1:{s:6:\"volume\";a:6:{s:4:\"name\";s:6:\"Volume\";s:5:\"value\";s:20:\"5 liters | 25 liters\";s:8:\"position\";i:1;s:10:\"is_visible\";i:0;s:12:\"is_variation\";i:1;s:11:\"is_taxonomy\";i:0;}}"],"_product_version":["10.5.1"],"_thumbnail_id":["27195"],"_product_image_gallery":["27196"],"wpse_downloadable_file_names":[""],"wpse_downloadable_file_urls":[""],"_edit_last":["1"],"_default_attributes":["a:1:{s:6:\"volume\";s:8:\"5 liters\";}"],"_edit_lock":["1771240150:1"],"_price":["29.90","129.90"],"merchant-center-availability":["yes"],"merchant-center-category":["113"],"_wp_page_template":["default"],"site-sidebar-layout":["default"],"ast-site-content-layout":["default"],"site-content-style":["default"],"site-sidebar-style":["default"],"theme-transparent-header-meta":["default"],"_wc_rating_count":["a:2:{i:4;i:3;i:5;i:5;}"],"astra-migrate-meta-layouts":["set"],"_uag_css_file_name":["uag-css-25332.css"],"_elementor_page_assets":["a:0:{}"],"_uag_page_assets":["a:9:{s:3:\"css\";s:6873:\".wp-block-uagb-image{display:flex}.wp-block-uagb-image__figure{position:relative;display:flex;flex-direction:column;max-width:100%;height:auto;margin:0}.wp-block-uagb-image__figure img{height:auto;display:flex;max-width:100%;transition:box-shadow .2s ease}.wp-block-uagb-image__figure>a{display:inline-block}.wp-block-uagb-image__figure figcaption{text-align:center;margin-top:.5em;margin-bottom:1em}.wp-block-uagb-image .components-placeholder.block-editor-media-placeholder .components-placeholder__instructions{align-self:center}.wp-block-uagb-image--align-left{text-align:left}.wp-block-uagb-image--align-right{text-align:right}.wp-block-uagb-image--align-center{text-align:center}.wp-block-uagb-image--align-full .wp-block-uagb-image__figure{margin-left:calc(50% - 50vw);margin-right:calc(50% - 50vw);max-width:100vw;width:100vw;height:auto}.wp-block-uagb-image--align-full .wp-block-uagb-image__figure img{height:auto;width:100% !important}.wp-block-uagb-image--align-wide .wp-block-uagb-image__figure img{height:auto;width:100%}.wp-block-uagb-image--layout-overlay__color-wrapper{position:absolute;left:0;top:0;right:0;bottom:0;opacity:.2;background:rgba(0,0,0,.5);transition:opacity .35s ease-in-out}.wp-block-uagb-image--layout-overlay-link{position:absolute;left:0;right:0;bottom:0;top:0}.wp-block-uagb-image--layout-overlay .wp-block-uagb-image__figure:hover .wp-block-uagb-image--layout-overlay__color-wrapper{opacity:1}.wp-block-uagb-image--layout-overlay__inner{position:absolute;left:15px;right:15px;bottom:15px;top:15px;display:flex;align-items:center;justify-content:center;flex-direction:column;border-color:#fff;transition:.35s ease-in-out}.wp-block-uagb-image--layout-overlay__inner.top-left,.wp-block-uagb-image--layout-overlay__inner.top-center,.wp-block-uagb-image--layout-overlay__inner.top-right{justify-content:flex-start}.wp-block-uagb-image--layout-overlay__inner.bottom-left,.wp-block-uagb-image--layout-overlay__inner.bottom-center,.wp-block-uagb-image--layout-overlay__inner.bottom-right{justify-content:flex-end}.wp-block-uagb-image--layout-overlay__inner.top-left,.wp-block-uagb-image--layout-overlay__inner.center-left,.wp-block-uagb-image--layout-overlay__inner.bottom-left{align-items:flex-start}.wp-block-uagb-image--layout-overlay__inner.top-right,.wp-block-uagb-image--layout-overlay__inner.center-right,.wp-block-uagb-image--layout-overlay__inner.bottom-right{align-items:flex-end}.wp-block-uagb-image--layout-overlay__inner .uagb-image-heading{color:#fff;transition:transform .35s,opacity .35s ease-in-out;transform:translate3d(0, 24px, 0);margin:0;line-height:1em}.wp-block-uagb-image--layout-overlay__inner .uagb-image-separator{width:30%;border-top-width:2px;border-top-color:#fff;border-top-style:solid;margin-bottom:10px;opacity:0;transition:transform .4s,opacity .4s ease-in-out;transform:translate3d(0, 30px, 0)}.wp-block-uagb-image--layout-overlay__inner .uagb-image-caption{opacity:0;overflow:visible;color:#fff;transition:transform .45s,opacity .45s ease-in-out;transform:translate3d(0, 35px, 0)}.wp-block-uagb-image--layout-overlay__inner:hover .uagb-image-heading,.wp-block-uagb-image--layout-overlay__inner:hover .uagb-image-separator,.wp-block-uagb-image--layout-overlay__inner:hover .uagb-image-caption{opacity:1;transform:translate3d(0, 0, 0)}.wp-block-uagb-image--effect-zoomin .wp-block-uagb-image__figure img,.wp-block-uagb-image--effect-zoomin .wp-block-uagb-image__figure .wp-block-uagb-image--layout-overlay__color-wrapper{transform:scale(1);transition:transform .35s ease-in-out}.wp-block-uagb-image--effect-zoomin .wp-block-uagb-image__figure:hover img,.wp-block-uagb-image--effect-zoomin .wp-block-uagb-image__figure:hover .wp-block-uagb-image--layout-overlay__color-wrapper{transform:scale(1.05)}.wp-block-uagb-image--effect-slide .wp-block-uagb-image__figure img,.wp-block-uagb-image--effect-slide .wp-block-uagb-image__figure .wp-block-uagb-image--layout-overlay__color-wrapper{width:calc(100% + 40px) !important;max-width:none !important;transform:translate3d(-40px, 0, 0);transition:transform .35s ease-in-out}.wp-block-uagb-image--effect-slide .wp-block-uagb-image__figure:hover img,.wp-block-uagb-image--effect-slide .wp-block-uagb-image__figure:hover .wp-block-uagb-image--layout-overlay__color-wrapper{transform:translate3d(0, 0, 0)}.wp-block-uagb-image--effect-grayscale img{filter:grayscale(0%);transition:.35s ease-in-out}.wp-block-uagb-image--effect-grayscale:hover img{filter:grayscale(100%)}.wp-block-uagb-image--effect-blur img{filter:blur(0);transition:.35s ease-in-out}.wp-block-uagb-image--effect-blur:hover img{filter:blur(3px)}.uagb-block-e6f939b3.wp-block-uagb-image--layout-default figure img{box-shadow: 0px 0px 0 #00000070;}.uagb-block-e6f939b3.wp-block-uagb-image .wp-block-uagb-image__figure figcaption{font-style: normal;align-self: center;}.uagb-block-e6f939b3.wp-block-uagb-image--layout-overlay figure img{box-shadow: 0px 0px 0 #00000070;}.uagb-block-e6f939b3.wp-block-uagb-image--layout-overlay .wp-block-uagb-image--layout-overlay__color-wrapper{opacity: 0.2;}.uagb-block-e6f939b3.wp-block-uagb-image--layout-overlay .wp-block-uagb-image--layout-overlay__inner{left: 15px;right: 15px;top: 15px;bottom: 15px;}.uagb-block-e6f939b3.wp-block-uagb-image--layout-overlay .wp-block-uagb-image--layout-overlay__inner .uagb-image-heading{font-style: normal;color: #fff;opacity: 1;}.uagb-block-e6f939b3.wp-block-uagb-image--layout-overlay .wp-block-uagb-image--layout-overlay__inner .uagb-image-heading a{color: #fff;}.uagb-block-e6f939b3.wp-block-uagb-image--layout-overlay .wp-block-uagb-image--layout-overlay__inner .uagb-image-caption{opacity: 0;}.uagb-block-e6f939b3.wp-block-uagb-image--layout-overlay .wp-block-uagb-image__figure:hover .wp-block-uagb-image--layout-overlay__color-wrapper{opacity: 1;}.uagb-block-e6f939b3.wp-block-uagb-image .wp-block-uagb-image--layout-overlay__inner .uagb-image-separator{width: 30%;border-top-width: 2px;border-top-color: #fff;opacity: 0;}.uagb-block-e6f939b3.wp-block-uagb-image .wp-block-uagb-image__figure img{width: px;height: auto;}.uagb-block-e6f939b3.wp-block-uagb-image .wp-block-uagb-image__figure:hover .wp-block-uagb-image--layout-overlay__inner .uagb-image-caption{opacity: 1;}.uagb-block-e6f939b3.wp-block-uagb-image .wp-block-uagb-image__figure:hover .wp-block-uagb-image--layout-overlay__inner .uagb-image-separator{opacity: 1;}.uagb-block-e6f939b3.wp-block-uagb-image--layout-default figure:hover img{box-shadow: 0px 0px 0 #00000070;}.uagb-block-e6f939b3.wp-block-uagb-image--layout-overlay figure:hover img{box-shadow: 0px 0px 0 #00000070;}@media only screen and (max-width: 976px) {.uagb-block-e6f939b3.wp-block-uagb-image .wp-block-uagb-image__figure img{width: px;height: auto;}}@media only screen and (max-width: 767px) {.uagb-block-e6f939b3.wp-block-uagb-image .wp-block-uagb-image__figure img{width: px;height: auto;}}\";s:2:\"js\";s:0:\"\";s:18:\"current_block_list\";a:13:{i:0;s:11:\"core\/search\";i:1;s:10:\"core\/group\";i:2;s:12:\"core\/heading\";i:3;s:17:\"core\/latest-posts\";i:4;s:20:\"core\/latest-comments\";i:5;s:13:\"core\/archives\";i:6;s:15:\"core\/categories\";i:7;s:14:\"core\/paragraph\";i:8;s:10:\"uagb\/image\";i:9;s:11:\"core\/spacer\";i:10;s:30:\"woocommerce\/product-categories\";i:11;s:10:\"core\/image\";i:12;s:14:\"core\/shortcode\";}s:8:\"uag_flag\";b:1;s:11:\"uag_version\";s:10:\"1777349285\";s:6:\"gfonts\";a:0:{}s:10:\"gfonts_url\";s:0:\"\";s:12:\"gfonts_files\";a:0:{}s:14:\"uag_faq_layout\";b:0;}"]},"uagb_featured_image_src":{"full":["https:\/\/www.ferberpainting.com\/wp-content\/uploads\/2025\/05\/SucculentFertilizer5L.png",2560,2560,false],"thumbnail":["https:\/\/www.ferberpainting.com\/wp-content\/uploads\/2025\/05\/SucculentFertilizer5L-150x150.png",150,150,true],"medium":["https:\/\/www.ferberpainting.com\/wp-content\/uploads\/2025\/05\/SucculentFertilizer5L-300x300.png",300,300,true],"medium_large":["https:\/\/www.ferberpainting.com\/wp-content\/uploads\/2025\/05\/SucculentFertilizer5L-768x768.png",768,768,true],"large":["https:\/\/www.ferberpainting.com\/wp-content\/uploads\/2025\/05\/SucculentFertilizer5L-1024x1024.png",1024,1024,true],"1536x1536":["https:\/\/www.ferberpainting.com\/wp-content\/uploads\/2025\/05\/SucculentFertilizer5L-1536x1536.png",1536,1536,true],"2048x2048":["https:\/\/www.ferberpainting.com\/wp-content\/uploads\/2025\/05\/SucculentFertilizer5L-2048x2048.png",2048,2048,true],"trp-custom-language-flag":["https:\/\/www.ferberpainting.com\/wp-content\/uploads\/2025\/05\/SucculentFertilizer5L-12x12.png",12,12,true],"woocommerce_thumbnail":["https:\/\/www.ferberpainting.com\/wp-content\/uploads\/2025\/05\/SucculentFertilizer5L-300x300.png",300,300,true],"woocommerce_single":["https:\/\/www.ferberpainting.com\/wp-content\/uploads\/2025\/05\/SucculentFertilizer5L-600x600.png",600,600,true],"woocommerce_gallery_thumbnail":["https:\/\/www.ferberpainting.com\/wp-content\/uploads\/2025\/05\/SucculentFertilizer5L-100x100.png",100,100,true]},"uagb_author_info":{"display_name":"admin","author_link":"https:\/\/www.ferberpainting.com\/pl\/author\/"},"uagb_comment_info":8,"uagb_excerpt":"A fertilizer specially formulated for cacti and succulents.\u00a0Succulent plants, such as cacti, agaves, aloes, and echeverias, have specific nutritional needs that differ from those of indoor or outdoor green plants. Our NPK 15-15-15 fertilizer has been designed to provide an optimal balance of nitrogen, phosphorus, and potassium, promoting robust growth, lush foliage, and abundant flowering.&hellip;","_links":{"self":[{"href":"https:\/\/www.ferberpainting.com\/pl\/wp-json\/wp\/v2\/product\/25332","targetHints":{"allow":["GET"]}}],"collection":[{"href":"https:\/\/www.ferberpainting.com\/pl\/wp-json\/wp\/v2\/product"}],"about":[{"href":"https:\/\/www.ferberpainting.com\/pl\/wp-json\/wp\/v2\/types\/product"}],"replies":[{"embeddable":true,"href":"https:\/\/www.ferberpainting.com\/pl\/wp-json\/wp\/v2\/comments?post=25332"}],"version-history":[{"count":4,"href":"https:\/\/www.ferberpainting.com\/pl\/wp-json\/wp\/v2\/product\/25332\/revisions"}],"predecessor-version":[{"id":167355,"href":"https:\/\/www.ferberpainting.com\/pl\/wp-json\/wp\/v2\/product\/25332\/revisions\/167355"}],"wp:featuredmedia":[{"embeddable":true,"href":"https:\/\/www.ferberpainting.com\/pl\/wp-json\/wp\/v2\/media\/27195"}],"wp:attachment":[{"href":"https:\/\/www.ferberpainting.com\/pl\/wp-json\/wp\/v2\/media?parent=25332"}],"wp:term":[{"taxonomy":"product_brand","embeddable":true,"href":"https:\/\/www.ferberpainting.com\/pl\/wp-json\/wp\/v2\/product_brand?post=25332"},{"taxonomy":"product_cat","embeddable":true,"href":"https:\/\/www.ferberpainting.com\/pl\/wp-json\/wp\/v2\/product_cat?post=25332"},{"taxonomy":"product_tag","embeddable":true,"href":"https:\/\/www.ferberpainting.com\/pl\/wp-json\/wp\/v2\/product_tag?post=25332"}],"curies":[{"name":"wp","href":"https:\/\/api.w.org\/{rel}","templated":true}]}}