{"id":25314,"date":"2025-06-30T20:52:26","date_gmt":"2025-06-30T18:52:26","guid":{"rendered":"https:\/\/www.ferberpainting.com\/?post_type=product&#038;p=25314"},"modified":"2026-02-16T10:51:53","modified_gmt":"2026-02-16T09:51:53","slug":"sofa-water-repellent","status":"publish","type":"product","link":"https:\/\/www.ferberpainting.com\/pl\/products\/sofa-water-repellent\/","title":{"rendered":"Impregnat do kanapy"},"content":{"rendered":"<p><strong><img decoding=\"async\" style=\"margin-right: 12px;\" src=\"https:\/\/www.ferberpainting.com\/wp-content\/uploads\/2026\/02\/Check.svg\" alt=\"\" width=\"18\" height=\"15\" \/>Skuteczna ochrona przed wilgoci\u0105 i plamami.<\/strong>\u00a0Ten impregnat do sof zosta\u0142 specjalnie zaprojektowany, aby zapewni\u0107 d\u0142ugotrwa\u0142\u0105 ochron\u0119 przed wilgoci\u0105, plamami i rozlanymi p\u0142ynami na meblach z tkaniny lub sk\u00f3ry. Tworzy niewidzialn\u0105 barier\u0119, kt\u00f3ra odpycha p\u0142yny i zapobiega osadzaniu si\u0119 brudu, pomagaj\u0105c zachowa\u0107 wygl\u0105d i tekstur\u0119 sofy na d\u0142u\u017cej. Niezale\u017cnie od tego, czy s\u0105 to napoje, jedzenie, czy nawet rozpryski b\u0142ota, produkt ten blokuje przenikanie cieczy i u\u0142atwia czyszczenie.<\/p>\n<p><strong><img decoding=\"async\" style=\"margin-right: 12px;\" src=\"https:\/\/www.ferberpainting.com\/wp-content\/uploads\/2026\/02\/Check.svg\" alt=\"\" width=\"18\" height=\"15\" \/>Gwarancja zwrotu pieni\u0119dzy.<\/strong>\u00a0Jeste\u015bmy przekonani o skuteczno\u015bci naszego impregnatu do sof, dlatego oferujemy gwarancj\u0119 satysfakcji. Je\u015bli produkt nie spe\u0142ni Twoich oczekiwa\u0144 po u\u017cyciu, mo\u017cesz za\u017c\u0105da\u0107 pe\u0142nego zwrotu pieni\u0119dzy. Dzi\u0119ki tej gwarancji mo\u017cesz dokona\u0107 zakupu bez obaw, wiedz\u0105c, \u017ce nie masz nic do stracenia. Je\u015bli nie zaobserwujesz optymalnej ochrony, zwr\u00f3cimy Ci pieni\u0105dze bez \u017cadnych k\u0142opot\u00f3w.<\/p>\n<p><strong><img decoding=\"async\" style=\"margin-right: 12px;\" src=\"https:\/\/www.ferberpainting.com\/wp-content\/uploads\/2026\/02\/Check.svg\" alt=\"\" width=\"18\" height=\"15\" \/>Nadaje si\u0119 do r\u00f3\u017cnych materia\u0142\u00f3w.<\/strong>\u00a0Ten impregnat jest idealny do szerokiej gamy materia\u0142\u00f3w. Jest skuteczny na tkaninach takich jak bawe\u0142na, len, aksamit, a tak\u017ce na powierzchniach sk\u00f3rzanych i z mikrofibry. Mo\u017cna go bezpiecznie stosowa\u0107 na sofach, fotelach, poduszkach i innych meblach tekstylnych lub sk\u00f3rzanych. Nie zmienia wygl\u0105du ani tekstury i zachowuje mi\u0119kki i przyjemny dotyk, oferuj\u0105c niewidoczn\u0105 i trwa\u0142\u0105 ochron\u0119.<\/p>\n<p><strong><img decoding=\"async\" style=\"margin-right: 12px;\" src=\"https:\/\/www.ferberpainting.com\/wp-content\/uploads\/2026\/02\/Check.svg\" alt=\"\" width=\"18\" height=\"15\" \/>Op\u0142acalno\u015b\u0107.<\/strong>\u00a0Dzi\u0119ki skoncentrowanej formule ten impregnat oferuje doskona\u0142y stosunek jako\u015bci do pokrycia. \u015arednio jeden litr mo\u017ce pokry\u0107 oko\u0142o 25 do 30 m\u00b2, w zale\u017cno\u015bci od grubo\u015bci tkaniny i liczby na\u0142o\u017conych warstw. Jego skuteczno\u015b\u0107 oznacza, \u017ce pojedynczy zabieg zapewnia d\u0142ugotrwa\u0142\u0105 ochron\u0119, wi\u0119c nie trzeba cz\u0119sto ponawia\u0107 aplikacji, co czyni go ekonomicznym rozwi\u0105zaniem do d\u0142ugotrwa\u0142ej ochrony mebli.<\/p>\n<p><strong><img decoding=\"async\" style=\"margin-right: 12px;\" src=\"https:\/\/www.ferberpainting.com\/wp-content\/uploads\/2026\/02\/Check.svg\" alt=\"\" width=\"18\" height=\"15\" \/>Bezpieczny i przyjazny dla materia\u0142\u00f3w.<\/strong>\u00a0Ten impregnat do sof jest wykonany z bezpiecznych sk\u0142adnik\u00f3w, kt\u00f3re s\u0105 delikatne dla tkanin. Nie zawiera agresywnych chemikali\u00f3w, dzi\u0119ki czemu jest bezpieczny do u\u017cytku domowego. Nie zmienia koloru ani tekstury tkaniny lub sk\u00f3ry. Na\u0142o\u017cenie go na sof\u0119 zapewnia skuteczn\u0105 ochron\u0119 bez uszkadzania mebli i nara\u017cania rodziny na kontakt z toksycznymi substancjami.<\/p>\n<p><strong><img decoding=\"async\" style=\"margin-right: 12px;\" src=\"https:\/\/www.ferberpainting.com\/wp-content\/uploads\/2026\/02\/Check.svg\" alt=\"\" width=\"18\" height=\"15\" \/>\u0141atwo\u015b\u0107 u\u017cytkowania.<\/strong>\u00a0Aplikacja impregnatu do sof jest bardzo prosta. Jest gotowy do u\u017cycia i nie wymaga rozcie\u0144czania. Wystarczy rozpyli\u0107 cienk\u0105, r\u00f3wnomiern\u0105 warstw\u0119 na powierzchni sofy i pozostawi\u0107 do wyschni\u0119cia. Nie ma potrzeby skomplikowanego przygotowania, mieszania lub czekania. Ten produkt zosta\u0142 zaprojektowany, aby zaoszcz\u0119dzi\u0107 czas, oferuj\u0105c jednocze\u015bnie wysokiej jako\u015bci ochron\u0119. Do r\u00f3wnomiernego rozprowadzenia produktu mo\u017cna u\u017cy\u0107 spryskiwacza lub mi\u0119kkiej \u015bciereczki.<\/p>\n<p><strong><img decoding=\"async\" style=\"margin-right: 12px;\" src=\"https:\/\/www.ferberpainting.com\/wp-content\/uploads\/2026\/02\/Check.svg\" alt=\"\" width=\"18\" height=\"15\" \/>Trwa\u0142a ochrona.<\/strong>\u00a0Po na\u0142o\u017ceniu impregnat tworzy trwa\u0142\u0105 barier\u0119, kt\u00f3ra pozostaje skuteczna nawet po kilku czyszczeniach. Nie ma potrzeby cz\u0119stego ponawiania aplikacji. Chroni sofy przez kilka miesi\u0119cy, opieraj\u0105c si\u0119 rozpryskom cieczy i codziennym plamom. B\u0119dziesz m\u00f3g\u0142 cieszy\u0107 si\u0119 swoimi meblami, nie martwi\u0105c si\u0119 o zu\u017cycie spowodowane wilgoci\u0105 lub codziennymi zabrudzeniami. Produkt ten pomaga utrzyma\u0107 sofy w doskona\u0142ym stanie przez d\u0142ugi czas.<\/p>\n<p><strong><img decoding=\"async\" style=\"margin-right: 12px;\" src=\"https:\/\/www.ferberpainting.com\/wp-content\/uploads\/2026\/02\/Check.svg\" alt=\"\" width=\"18\" height=\"15\" \/>Szybkie dzia\u0142anie.<\/strong>\u00a0Ten impregnat do sof wysycha w ci\u0105gu oko\u0142o 1 godziny w temperaturze pokojowej, w zale\u017cno\u015bci od tkaniny. Pozwala to szybko cieszy\u0107 si\u0119 ochron\u0105 bez konieczno\u015bci wielogodzinnego oczekiwania. W przeciwie\u0144stwie do innych impregnat\u00f3w, kt\u00f3re wymagaj\u0105 d\u0142ugiego czasu schni\u0119cia, ten produkt pozwala wznowi\u0107 normalne u\u017cytkowanie sofy natychmiast po aplikacji, wiedz\u0105c, \u017ce meble s\u0105 teraz chronione.<\/p>\n<h2><strong>Protok\u00f3\u0142 u\u017cytkowania<\/strong><\/h2>\n<ul>\n<li><strong>Przygotowanie powierzchni <\/strong>: Przed na\u0142o\u017ceniem impregnatu nale\u017cy upewni\u0107 si\u0119, \u017ce sofa lub meble s\u0105 czyste i suche. W razie potrzeby odkurzy\u0107, aby usun\u0105\u0107 kurz i lekkie zabrudzenia. Je\u015bli tkanina jest szczeg\u00f3lnie zabrudzona, zaleca si\u0119 jej wypranie lub wytarcie przed na\u0142o\u017ceniem produktu. Nie nak\u0142ada\u0107 impregnatu na zabrudzon\u0105 lub wilgotn\u0105 powierzchni\u0119.<\/li>\n<li><strong>Zastosowanie produktu <\/strong>: Przed u\u017cyciem dobrze wstrz\u0105sn\u0105\u0107 butelk\u0105. Rozpyl cienk\u0105, r\u00f3wnomiern\u0105 warstw\u0119 impregnatu do sof na ca\u0142ej powierzchni przedmiotu, upewniaj\u0105c si\u0119, \u017ce wszystkie obszary s\u0105 pokryte. W przypadku du\u017cych powierzchni mo\u017cna u\u017cy\u0107 spryskiwacza, a w przypadku mniejszych lub trudno dost\u0119pnych obszar\u00f3w mo\u017cna u\u017cy\u0107 mi\u0119kkiej szmatki. Upewnij si\u0119, \u017ce nie przesycasz tkaniny, ale nak\u0142adasz lekk\u0105 i skuteczn\u0105 warstw\u0119.<\/li>\n<li><strong>R\u00f3wnomierne pokrycie <\/strong>: W przypadku u\u017cycia szmatki delikatnie wetrze\u0107 produkt w powierzchni\u0119, aby zapewni\u0107 r\u00f3wnomierne rozprowadzenie. Nie pocieraj zbyt mocno, aby nie zdeformowa\u0107 w\u0142\u00f3kien tkaniny lub sk\u00f3ry. Celem jest stworzenie cienkiej, ale skutecznej warstwy ochronnej.<\/li>\n<li><strong>Czas schni\u0119cia <\/strong>: Pozostawi\u0107 sof\u0119 lub meble do wyschni\u0119cia na oko\u0142o 1 godzin\u0119 w temperaturze pokojowej. Wa\u017cne jest, aby nie u\u017cywa\u0107 mebli podczas suszenia, aby unikn\u0105\u0107 zmiany produktu lub pozostawienia widocznych \u015blad\u00f3w. Nie umieszczaj mebli w pobli\u017cu bezpo\u015bredniego \u017ar\u00f3d\u0142a ciep\u0142a.<\/li>\n<li><strong>Ponowne zastosowanie <\/strong>: W zale\u017cno\u015bci od u\u017cytkowania sofy mo\u017ce by\u0107 zalecana druga aplikacja w celu wzmocnienia ochrony. Mo\u017ce to by\u0107 szczeg\u00f3lnie przydatne, je\u015bli sofa jest cz\u0119sto nara\u017cona na zachlapania lub plamy. Zawsze pozw\u00f3l pierwszej warstwie ca\u0142kowicie wyschn\u0105\u0107 przed na\u0142o\u017ceniem drugiej.<\/li>\n<li><strong>Piel\u0119gnacja po aplikacji <\/strong>: Po aplikacji mo\u017cna czy\u015bci\u0107 sof\u0119 jak zwykle bez usuwania zabezpieczenia. Aby jednak zachowa\u0107 skuteczno\u015b\u0107, nale\u017cy unika\u0107 zbyt mocnego szorowania powierzchni. Impregnat mo\u017cna nak\u0142ada\u0107 ponownie co 6 miesi\u0119cy lub cz\u0119\u015bciej w razie potrzeby.<\/li>\n<\/ul>\n<p>Nasz impregnat do sof oferuje proste, szybkie i skuteczne rozwi\u0105zanie do ochrony mebli przed czynnikami zewn\u0119trznymi, zapewniaj\u0105c d\u0142ugotrwa\u0142e pi\u0119kno i trwa\u0142o\u015b\u0107. Dzi\u0119ki innowacyjnej formule i \u0142atwej aplikacji, staje si\u0119 idealnym rozwi\u0105zaniem do konserwacji sof i innych przedmiot\u00f3w wykonanych z tkaniny lub sk\u00f3ry.<\/p>","protected":false},"excerpt":{"rendered":"<p>Effective Protection Against Moisture and Stains.\u00a0This sofa waterproofer is specially designed to provide long-lasting protection against humidity, stains, and spills on your fabric or leather furniture. It forms an invisible barrier that repels liquids and prevents dirt from settling, helping to preserve the appearance and texture of your sofa for longer. Whether it&#8217;s beverage, food, [&hellip;]<\/p>\n","protected":false},"featured_media":35924,"comment_status":"open","ping_status":"closed","template":"","meta":{"_uag_custom_page_level_css":"","site-sidebar-layout":"default","site-content-layout":"","ast-site-content-layout":"default","site-content-style":"default","site-sidebar-style":"default","ast-global-header-display":"","ast-banner-title-visibility":"","ast-main-header-display":"","ast-hfb-above-header-display":"","ast-hfb-below-header-display":"","ast-hfb-mobile-header-display":"","site-post-title":"","ast-breadcrumbs-content":"","ast-featured-img":"","footer-sml-layout":"","ast-disable-related-posts":"","theme-transparent-header-meta":"default","adv-header-id-meta":"","stick-header-meta":"","header-above-stick-meta":"","header-main-stick-meta":"","header-below-stick-meta":"","astra-migrate-meta-layouts":"set","ast-page-background-enabled":"default","ast-page-background-meta":{"desktop":{"background-color":"var(--ast-global-color-4)","background-image":"","background-repeat":"repeat","background-position":"center center","background-size":"auto","background-attachment":"scroll","background-type":"","background-media":"","overlay-type":"","overlay-color":"","overlay-opacity":"","overlay-gradient":""},"tablet":{"background-color":"","background-image":"","background-repeat":"repeat","background-position":"center center","background-size":"auto","background-attachment":"scroll","background-type":"","background-media":"","overlay-type":"","overlay-color":"","overlay-opacity":"","overlay-gradient":""},"mobile":{"background-color":"","background-image":"","background-repeat":"repeat","background-position":"center center","background-size":"auto","background-attachment":"scroll","background-type":"","background-media":"","overlay-type":"","overlay-color":"","overlay-opacity":"","overlay-gradient":""}},"ast-content-background-meta":{"desktop":{"background-color":"var(--ast-global-color-5)","background-image":"","background-repeat":"repeat","background-position":"center center","background-size":"auto","background-attachment":"scroll","background-type":"","background-media":"","overlay-type":"","overlay-color":"","overlay-opacity":"","overlay-gradient":""},"tablet":{"background-color":"var(--ast-global-color-5)","background-image":"","background-repeat":"repeat","background-position":"center center","background-size":"auto","background-attachment":"scroll","background-type":"","background-media":"","overlay-type":"","overlay-color":"","overlay-opacity":"","overlay-gradient":""},"mobile":{"background-color":"var(--ast-global-color-5)","background-image":"","background-repeat":"repeat","background-position":"center center","background-size":"auto","background-attachment":"scroll","background-type":"","background-media":"","overlay-type":"","overlay-color":"","overlay-opacity":"","overlay-gradient":""}}},"product_brand":[],"product_cat":[191],"product_tag":[],"class_list":{"0":"post-25314","1":"product","2":"type-product","3":"status-publish","4":"has-post-thumbnail","6":"product_cat-water-repellent","7":"desktop-align-left","8":"tablet-align-left","9":"mobile-align-left","11":"first","12":"instock","13":"sale","14":"shipping-taxable","15":"purchasable","16":"product-type-variable","17":"has-default-attributes"},"spectra_custom_meta":{"_visibility":["visible"],"_shopify_product_id":["9106565857525"],"_s2w_shopify_domain":["ferberpainting.myshopify.com"],"_shopify_variant_id":["46626275492085"],"_sku":[""],"_manage_stock":["no"],"total_sales":["326"],"_tax_status":["taxable"],"_tax_class":[""],"_backorders":["no"],"_sold_individually":["no"],"_virtual":["no"],"_downloadable":["no"],"_download_limit":["-1"],"_download_expiry":["-1"],"_stock":[null],"_stock_status":["instock"],"_wc_average_rating":["5.00"],"_wc_review_count":["11"],"_product_attributes":["a:1:{s:6:\"volume\";a:6:{s:4:\"name\";s:6:\"Volume\";s:5:\"value\";s:20:\"5 liters | 25 liters\";s:8:\"position\";i:1;s:10:\"is_visible\";i:0;s:12:\"is_variation\";i:1;s:11:\"is_taxonomy\";i:0;}}"],"_product_version":["10.5.1"],"wpse_downloadable_file_names":[""],"wpse_downloadable_file_urls":[""],"_edit_last":["1"],"_default_attributes":["a:1:{s:6:\"volume\";s:8:\"5 liters\";}"],"_edit_lock":["1771235377:1"],"merchant-center-availability":["yes"],"merchant-center-category":["8043"],"_thumbnail_id":["35924"],"_wp_page_template":["default"],"_wp_old_date":["2025-05-26"],"_product_image_gallery":["35925"],"site-sidebar-layout":["default"],"ast-site-content-layout":["default"],"site-content-style":["default"],"site-sidebar-style":["default"],"theme-transparent-header-meta":["default"],"_wc_rating_count":["a:1:{i:5;i:11;}"],"_price":["29.90","129.90"],"astra-migrate-meta-layouts":["set"],"_uag_css_file_name":["uag-css-25314.css"],"_elementor_page_assets":["a:0:{}"],"_uag_page_assets":["a:9:{s:3:\"css\";s:6873:\".wp-block-uagb-image{display:flex}.wp-block-uagb-image__figure{position:relative;display:flex;flex-direction:column;max-width:100%;height:auto;margin:0}.wp-block-uagb-image__figure img{height:auto;display:flex;max-width:100%;transition:box-shadow .2s ease}.wp-block-uagb-image__figure>a{display:inline-block}.wp-block-uagb-image__figure figcaption{text-align:center;margin-top:.5em;margin-bottom:1em}.wp-block-uagb-image .components-placeholder.block-editor-media-placeholder .components-placeholder__instructions{align-self:center}.wp-block-uagb-image--align-left{text-align:left}.wp-block-uagb-image--align-right{text-align:right}.wp-block-uagb-image--align-center{text-align:center}.wp-block-uagb-image--align-full .wp-block-uagb-image__figure{margin-left:calc(50% - 50vw);margin-right:calc(50% - 50vw);max-width:100vw;width:100vw;height:auto}.wp-block-uagb-image--align-full .wp-block-uagb-image__figure img{height:auto;width:100% !important}.wp-block-uagb-image--align-wide .wp-block-uagb-image__figure img{height:auto;width:100%}.wp-block-uagb-image--layout-overlay__color-wrapper{position:absolute;left:0;top:0;right:0;bottom:0;opacity:.2;background:rgba(0,0,0,.5);transition:opacity .35s ease-in-out}.wp-block-uagb-image--layout-overlay-link{position:absolute;left:0;right:0;bottom:0;top:0}.wp-block-uagb-image--layout-overlay .wp-block-uagb-image__figure:hover .wp-block-uagb-image--layout-overlay__color-wrapper{opacity:1}.wp-block-uagb-image--layout-overlay__inner{position:absolute;left:15px;right:15px;bottom:15px;top:15px;display:flex;align-items:center;justify-content:center;flex-direction:column;border-color:#fff;transition:.35s ease-in-out}.wp-block-uagb-image--layout-overlay__inner.top-left,.wp-block-uagb-image--layout-overlay__inner.top-center,.wp-block-uagb-image--layout-overlay__inner.top-right{justify-content:flex-start}.wp-block-uagb-image--layout-overlay__inner.bottom-left,.wp-block-uagb-image--layout-overlay__inner.bottom-center,.wp-block-uagb-image--layout-overlay__inner.bottom-right{justify-content:flex-end}.wp-block-uagb-image--layout-overlay__inner.top-left,.wp-block-uagb-image--layout-overlay__inner.center-left,.wp-block-uagb-image--layout-overlay__inner.bottom-left{align-items:flex-start}.wp-block-uagb-image--layout-overlay__inner.top-right,.wp-block-uagb-image--layout-overlay__inner.center-right,.wp-block-uagb-image--layout-overlay__inner.bottom-right{align-items:flex-end}.wp-block-uagb-image--layout-overlay__inner .uagb-image-heading{color:#fff;transition:transform .35s,opacity .35s ease-in-out;transform:translate3d(0, 24px, 0);margin:0;line-height:1em}.wp-block-uagb-image--layout-overlay__inner .uagb-image-separator{width:30%;border-top-width:2px;border-top-color:#fff;border-top-style:solid;margin-bottom:10px;opacity:0;transition:transform .4s,opacity .4s ease-in-out;transform:translate3d(0, 30px, 0)}.wp-block-uagb-image--layout-overlay__inner .uagb-image-caption{opacity:0;overflow:visible;color:#fff;transition:transform .45s,opacity .45s ease-in-out;transform:translate3d(0, 35px, 0)}.wp-block-uagb-image--layout-overlay__inner:hover .uagb-image-heading,.wp-block-uagb-image--layout-overlay__inner:hover .uagb-image-separator,.wp-block-uagb-image--layout-overlay__inner:hover .uagb-image-caption{opacity:1;transform:translate3d(0, 0, 0)}.wp-block-uagb-image--effect-zoomin .wp-block-uagb-image__figure img,.wp-block-uagb-image--effect-zoomin .wp-block-uagb-image__figure .wp-block-uagb-image--layout-overlay__color-wrapper{transform:scale(1);transition:transform .35s ease-in-out}.wp-block-uagb-image--effect-zoomin .wp-block-uagb-image__figure:hover img,.wp-block-uagb-image--effect-zoomin .wp-block-uagb-image__figure:hover .wp-block-uagb-image--layout-overlay__color-wrapper{transform:scale(1.05)}.wp-block-uagb-image--effect-slide .wp-block-uagb-image__figure img,.wp-block-uagb-image--effect-slide .wp-block-uagb-image__figure .wp-block-uagb-image--layout-overlay__color-wrapper{width:calc(100% + 40px) !important;max-width:none !important;transform:translate3d(-40px, 0, 0);transition:transform .35s ease-in-out}.wp-block-uagb-image--effect-slide .wp-block-uagb-image__figure:hover img,.wp-block-uagb-image--effect-slide .wp-block-uagb-image__figure:hover .wp-block-uagb-image--layout-overlay__color-wrapper{transform:translate3d(0, 0, 0)}.wp-block-uagb-image--effect-grayscale img{filter:grayscale(0%);transition:.35s ease-in-out}.wp-block-uagb-image--effect-grayscale:hover img{filter:grayscale(100%)}.wp-block-uagb-image--effect-blur img{filter:blur(0);transition:.35s ease-in-out}.wp-block-uagb-image--effect-blur:hover img{filter:blur(3px)}.uagb-block-e6f939b3.wp-block-uagb-image--layout-default figure img{box-shadow: 0px 0px 0 #00000070;}.uagb-block-e6f939b3.wp-block-uagb-image .wp-block-uagb-image__figure figcaption{font-style: normal;align-self: center;}.uagb-block-e6f939b3.wp-block-uagb-image--layout-overlay figure img{box-shadow: 0px 0px 0 #00000070;}.uagb-block-e6f939b3.wp-block-uagb-image--layout-overlay .wp-block-uagb-image--layout-overlay__color-wrapper{opacity: 0.2;}.uagb-block-e6f939b3.wp-block-uagb-image--layout-overlay .wp-block-uagb-image--layout-overlay__inner{left: 15px;right: 15px;top: 15px;bottom: 15px;}.uagb-block-e6f939b3.wp-block-uagb-image--layout-overlay .wp-block-uagb-image--layout-overlay__inner .uagb-image-heading{font-style: normal;color: #fff;opacity: 1;}.uagb-block-e6f939b3.wp-block-uagb-image--layout-overlay .wp-block-uagb-image--layout-overlay__inner .uagb-image-heading a{color: #fff;}.uagb-block-e6f939b3.wp-block-uagb-image--layout-overlay .wp-block-uagb-image--layout-overlay__inner .uagb-image-caption{opacity: 0;}.uagb-block-e6f939b3.wp-block-uagb-image--layout-overlay .wp-block-uagb-image__figure:hover .wp-block-uagb-image--layout-overlay__color-wrapper{opacity: 1;}.uagb-block-e6f939b3.wp-block-uagb-image .wp-block-uagb-image--layout-overlay__inner .uagb-image-separator{width: 30%;border-top-width: 2px;border-top-color: #fff;opacity: 0;}.uagb-block-e6f939b3.wp-block-uagb-image .wp-block-uagb-image__figure img{width: px;height: auto;}.uagb-block-e6f939b3.wp-block-uagb-image .wp-block-uagb-image__figure:hover .wp-block-uagb-image--layout-overlay__inner .uagb-image-caption{opacity: 1;}.uagb-block-e6f939b3.wp-block-uagb-image .wp-block-uagb-image__figure:hover .wp-block-uagb-image--layout-overlay__inner .uagb-image-separator{opacity: 1;}.uagb-block-e6f939b3.wp-block-uagb-image--layout-default figure:hover img{box-shadow: 0px 0px 0 #00000070;}.uagb-block-e6f939b3.wp-block-uagb-image--layout-overlay figure:hover img{box-shadow: 0px 0px 0 #00000070;}@media only screen and (max-width: 976px) {.uagb-block-e6f939b3.wp-block-uagb-image .wp-block-uagb-image__figure img{width: px;height: auto;}}@media only screen and (max-width: 767px) {.uagb-block-e6f939b3.wp-block-uagb-image .wp-block-uagb-image__figure img{width: px;height: auto;}}\";s:2:\"js\";s:0:\"\";s:18:\"current_block_list\";a:13:{i:0;s:11:\"core\/search\";i:1;s:10:\"core\/group\";i:2;s:12:\"core\/heading\";i:3;s:17:\"core\/latest-posts\";i:4;s:20:\"core\/latest-comments\";i:5;s:13:\"core\/archives\";i:6;s:15:\"core\/categories\";i:7;s:14:\"core\/paragraph\";i:8;s:10:\"uagb\/image\";i:9;s:11:\"core\/spacer\";i:10;s:30:\"woocommerce\/product-categories\";i:11;s:10:\"core\/image\";i:12;s:14:\"core\/shortcode\";}s:8:\"uag_flag\";b:1;s:11:\"uag_version\";s:10:\"1777101280\";s:6:\"gfonts\";a:0:{}s:10:\"gfonts_url\";s:0:\"\";s:12:\"gfonts_files\";a:0:{}s:14:\"uag_faq_layout\";b:0;}"]},"uagb_featured_image_src":{"full":["https:\/\/www.ferberpainting.com\/wp-content\/uploads\/2025\/05\/Sofa-Water-Repellent-5L.png",2560,2560,false],"thumbnail":["https:\/\/www.ferberpainting.com\/wp-content\/uploads\/2025\/05\/Sofa-Water-Repellent-5L-150x150.png",150,150,true],"medium":["https:\/\/www.ferberpainting.com\/wp-content\/uploads\/2025\/05\/Sofa-Water-Repellent-5L-300x300.png",300,300,true],"medium_large":["https:\/\/www.ferberpainting.com\/wp-content\/uploads\/2025\/05\/Sofa-Water-Repellent-5L-768x768.png",768,768,true],"large":["https:\/\/www.ferberpainting.com\/wp-content\/uploads\/2025\/05\/Sofa-Water-Repellent-5L-1024x1024.png",1024,1024,true],"1536x1536":["https:\/\/www.ferberpainting.com\/wp-content\/uploads\/2025\/05\/Sofa-Water-Repellent-5L-1536x1536.png",1536,1536,true],"2048x2048":["https:\/\/www.ferberpainting.com\/wp-content\/uploads\/2025\/05\/Sofa-Water-Repellent-5L-2048x2048.png",2048,2048,true],"trp-custom-language-flag":["https:\/\/www.ferberpainting.com\/wp-content\/uploads\/2025\/05\/Sofa-Water-Repellent-5L-12x12.png",12,12,true],"woocommerce_thumbnail":["https:\/\/www.ferberpainting.com\/wp-content\/uploads\/2025\/05\/Sofa-Water-Repellent-5L-300x300.png",300,300,true],"woocommerce_single":["https:\/\/www.ferberpainting.com\/wp-content\/uploads\/2025\/05\/Sofa-Water-Repellent-5L-600x600.png",600,600,true],"woocommerce_gallery_thumbnail":["https:\/\/www.ferberpainting.com\/wp-content\/uploads\/2025\/05\/Sofa-Water-Repellent-5L-100x100.png",100,100,true]},"uagb_author_info":{"display_name":"admin","author_link":"https:\/\/www.ferberpainting.com\/pl\/author\/"},"uagb_comment_info":11,"uagb_excerpt":"Effective Protection Against Moisture and Stains.\u00a0This sofa waterproofer is specially designed to provide long-lasting protection against humidity, stains, and spills on your fabric or leather furniture. It forms an invisible barrier that repels liquids and prevents dirt from settling, helping to preserve the appearance and texture of your sofa for longer. Whether it&#8217;s beverage, food,&hellip;","_links":{"self":[{"href":"https:\/\/www.ferberpainting.com\/pl\/wp-json\/wp\/v2\/product\/25314","targetHints":{"allow":["GET"]}}],"collection":[{"href":"https:\/\/www.ferberpainting.com\/pl\/wp-json\/wp\/v2\/product"}],"about":[{"href":"https:\/\/www.ferberpainting.com\/pl\/wp-json\/wp\/v2\/types\/product"}],"replies":[{"embeddable":true,"href":"https:\/\/www.ferberpainting.com\/pl\/wp-json\/wp\/v2\/comments?post=25314"}],"version-history":[{"count":3,"href":"https:\/\/www.ferberpainting.com\/pl\/wp-json\/wp\/v2\/product\/25314\/revisions"}],"predecessor-version":[{"id":167300,"href":"https:\/\/www.ferberpainting.com\/pl\/wp-json\/wp\/v2\/product\/25314\/revisions\/167300"}],"wp:featuredmedia":[{"embeddable":true,"href":"https:\/\/www.ferberpainting.com\/pl\/wp-json\/wp\/v2\/media\/35924"}],"wp:attachment":[{"href":"https:\/\/www.ferberpainting.com\/pl\/wp-json\/wp\/v2\/media?parent=25314"}],"wp:term":[{"taxonomy":"product_brand","embeddable":true,"href":"https:\/\/www.ferberpainting.com\/pl\/wp-json\/wp\/v2\/product_brand?post=25314"},{"taxonomy":"product_cat","embeddable":true,"href":"https:\/\/www.ferberpainting.com\/pl\/wp-json\/wp\/v2\/product_cat?post=25314"},{"taxonomy":"product_tag","embeddable":true,"href":"https:\/\/www.ferberpainting.com\/pl\/wp-json\/wp\/v2\/product_tag?post=25314"}],"curies":[{"name":"wp","href":"https:\/\/api.w.org\/{rel}","templated":true}]}}