{"id":25293,"date":"2025-05-26T10:30:29","date_gmt":"2025-05-26T08:30:29","guid":{"rendered":"https:\/\/www.ferberpainting.com\/products\/shower-and-bathroom-unblocker\/"},"modified":"2026-02-16T10:41:15","modified_gmt":"2026-02-16T09:41:15","slug":"shower-and-bathroom-unblocker","status":"publish","type":"product","link":"https:\/\/www.ferberpainting.com\/pl\/products\/shower-and-bathroom-unblocker\/","title":{"rendered":"Odp\u0142ywowy \u015brodek udra\u017cniaj\u0105cy do prysznica i wanny"},"content":{"rendered":"<p><strong><img decoding=\"async\" style=\"margin-right: 12px;\" src=\"https:\/\/www.ferberpainting.com\/wp-content\/uploads\/2026\/02\/Check.svg\" alt=\"\" width=\"18\" height=\"15\" \/>Szybkie i skuteczne usuwanie zator\u00f3w.<\/strong>\u00a0Ten odblokowywacz do prysznica i wanny zosta\u0142 specjalnie opracowany, aby rozpuszcza\u0107 zatory spowodowane przez w\u0142osy, resztki myd\u0142a, t\u0142uszcz z cia\u0142a i inne zanieczyszczenia, kt\u00f3re gromadz\u0105 si\u0119 w rurach. Dzia\u0142a g\u0142\u0119boko, aby przywr\u00f3ci\u0107 p\u0142ynny przep\u0142yw wody i zapobiec stagnacji wody, kt\u00f3ra powoduje nieprzyjemne zapachy i sprawia, \u017ce korzystanie z prysznica lub wanny jest niewygodne.<\/p>\n<p><strong><img decoding=\"async\" style=\"margin-right: 12px;\" src=\"https:\/\/www.ferberpainting.com\/wp-content\/uploads\/2026\/02\/Check.svg\" alt=\"\" width=\"18\" height=\"15\" \/>Gwarancja zwrotu pieni\u0119dzy.<\/strong>\u00a0Mamy pe\u0142ne zaufanie do skuteczno\u015bci naszego odblokowywacza prysznic\u00f3w i wanien. Dlatego oferujemy gwarancj\u0119 zwrotu pieni\u0119dzy. Je\u015bli produkt nie rozwi\u0105\u017ce problemu po prawid\u0142owym u\u017cyciu zgodnie z zaleceniami, masz mo\u017cliwo\u015b\u0107 za\u017c\u0105dania zwrotu pieni\u0119dzy bez \u017cadnych warunk\u00f3w, zapewniaj\u0105c bezpieczny i wolny od ryzyka zakup.<\/p>\n<p><strong><img decoding=\"async\" style=\"margin-right: 12px;\" src=\"https:\/\/www.ferberpainting.com\/wp-content\/uploads\/2026\/02\/Check.svg\" alt=\"\" width=\"18\" height=\"15\" \/>Kompatybilny z r\u00f3\u017cnymi typami i materia\u0142ami rur.<\/strong>\u00a0Ten odblokowywacz nadaje si\u0119 do rur z PVC, \u017celiwa, miedzi, stali nierdzewnej i betonu, dzi\u0119ki czemu mo\u017cna go stosowa\u0107 w wi\u0119kszo\u015bci nowoczesnych i starszych system\u00f3w hydraulicznych. Jest r\u00f3wnie\u017c bezpieczny dla szamba, gdy jest u\u017cywany zgodnie z zaleceniami, zapewniaj\u0105c skuteczne odprowadzanie \u015bciek\u00f3w bez zak\u0142\u00f3cania r\u00f3wnowagi biologicznej systemu kanalizacyjnego.<\/p>\n<p><strong><img decoding=\"async\" style=\"margin-right: 12px;\" src=\"https:\/\/www.ferberpainting.com\/wp-content\/uploads\/2026\/02\/Check.svg\" alt=\"\" width=\"18\" height=\"15\" \/>Ekonomiczne i zoptymalizowane dawkowanie.<\/strong>\u00a0Dzi\u0119ki skoncentrowanej formule, 1 litr produktu mo\u017ce usun\u0105\u0107 do 4 zator\u00f3w, zapewniaj\u0105c ekonomiczne rozwi\u0105zanie do d\u0142ugoterminowej konserwacji rur. Zmniejszaj\u0105c potrzeb\u0119 cz\u0119stych i kosztownych interwencji, ten odblokowywacz jest idealn\u0105 alternatyw\u0105 dla skomplikowanych interwencji mechanicznych.<\/p>\n<p><strong><img decoding=\"async\" style=\"margin-right: 12px;\" src=\"https:\/\/www.ferberpainting.com\/wp-content\/uploads\/2026\/02\/Check.svg\" alt=\"\" width=\"18\" height=\"15\" \/>Bezpieczny i niekorozyjny produkt do rur.<\/strong>\u00a0W przeciwie\u0144stwie do odblokowywaczy zawieraj\u0105cych sod\u0119 lub kwas siarkowy, kt\u00f3re mog\u0105 uszkodzi\u0107 rury, ten odblokowywacz nie zmienia powierzchni ani nie powoduje przedwczesnego zu\u017cycia. Jest ca\u0142kowicie bezpieczny dla instalacji hydraulicznych, gwarantuj\u0105c jednocze\u015bnie maksymaln\u0105 skuteczno\u015b\u0107 w walce z uporczywymi zatorami.<\/p>\n<p><strong><img decoding=\"async\" style=\"margin-right: 12px;\" src=\"https:\/\/www.ferberpainting.com\/wp-content\/uploads\/2026\/02\/Check.svg\" alt=\"\" width=\"18\" height=\"15\" \/>\u0141atwy w u\u017cyciu i szybko dzia\u0142aj\u0105cy.<\/strong>\u00a0Ten odblokowywacz jest gotowy do u\u017cycia i nie wymaga wcze\u015bniejszej obs\u0142ugi. Wystarczy wla\u0107 go bezpo\u015brednio do zatkanego odp\u0142ywu i pozostawi\u0107 na kilka minut, a nast\u0119pnie dok\u0142adnie sp\u0142uka\u0107. Jego ultraszybkie dzia\u0142anie pozwala na skuteczne odblokowanie w zaledwie 15 do 30 minut, unikaj\u0105c d\u0142ugich i niewygodnych napraw.<\/p>\n<p><strong><img decoding=\"async\" style=\"margin-right: 12px;\" src=\"https:\/\/www.ferberpainting.com\/wp-content\/uploads\/2026\/02\/Check.svg\" alt=\"\" width=\"18\" height=\"15\" \/>D\u0142ugotrwa\u0142y efekt i zapobieganie przysz\u0142ym zatorom.<\/strong>\u00a0Opr\u00f3cz skutecznego udra\u017cniania rur, produkt ten zapobiega gromadzeniu si\u0119 osad\u00f3w poprzez stopniowe rozpuszczanie nagromadzonych pozosta\u0142o\u015bci. Regularne stosowanie pomaga ograniczy\u0107 pojawianie si\u0119 nowych zator\u00f3w i zapewnia optymalny odp\u0142yw wody, zapobiegaj\u0105c d\u0142ugotrwa\u0142ym niedogodno\u015bciom.<\/p>\n<p><strong><img decoding=\"async\" style=\"margin-right: 12px;\" src=\"https:\/\/www.ferberpainting.com\/wp-content\/uploads\/2026\/02\/Check.svg\" alt=\"\" width=\"18\" height=\"15\" \/>Natychmiastowe dzia\u0142anie w celu przywr\u00f3cenia komfortu.<\/strong>\u00a0Po zastosowaniu \u015brodek ten zaczyna rozpuszcza\u0107 osady odpowiedzialne za zatory. Po prostym sp\u0142ukaniu woda zn\u00f3w p\u0142ynie swobodnie, zapewniaj\u0105c prysznic lub k\u0105piel bez zastoj\u00f3w i nieprzyjemnych zapach\u00f3w.<\/p>\n<h2><strong>Protok\u00f3\u0142 u\u017cytkowania<\/strong><\/h2>\n<ul>\n<li><strong>Przygotowanie rur <\/strong>: Przed zastosowaniem nale\u017cy upewni\u0107 si\u0119, \u017ce stoj\u0105ca woda jest jak najbardziej zminimalizowana, aby zmaksymalizowa\u0107 skuteczno\u015b\u0107 produktu. W razie potrzeby r\u0119cznie usu\u0144 widoczne k\u0119pki w\u0142os\u00f3w, aby wzmocni\u0107 dzia\u0142anie odblokowywacza.<\/li>\n<li><strong>Zalecane dawkowanie <\/strong>: Wla\u0107 250 ml produktu bezpo\u015brednio do zatkanego odp\u0142ywu, aby usun\u0105\u0107 jeden zator. 1 litr mo\u017ce usun\u0105\u0107 do 4 zator\u00f3w. W przypadku powa\u017cniejszych zator\u00f3w mo\u017ce by\u0107 konieczna druga aplikacja po pierwszym zabiegu.<\/li>\n<li><strong>Aplikacja Unblocker <\/strong>: Produkt nale\u017cy wlewa\u0107 powoli do odp\u0142ywu, unikaj\u0105c natychmiastowego przep\u0142ywu wody.<\/li>\n<li><strong>Czas dzia\u0142ania <\/strong>: Pozostawi\u0107 na 15 do 30 minut, w zale\u017cno\u015bci od stopnia zatkania. W przypadku szczeg\u00f3lnie uporczywych zator\u00f3w, pozostawi\u0107 na 1 godzin\u0119 przed sp\u0142ukaniem.<\/li>\n<li><strong>P\u0142ukanie i kontrola przep\u0142ywu <\/strong>: Po up\u0142ywie czasu oczekiwania dok\u0142adnie sp\u0142uka\u0107 gor\u0105c\u0105 wod\u0105, aby usun\u0105\u0107 rozpuszczone pozosta\u0142o\u015bci i zapewni\u0107 optymalny przep\u0142yw wody. W razie potrzeby powt\u00f3rzy\u0107 proces w przypadku uporczywych zator\u00f3w.<\/li>\n<li><strong>Konserwacja zapobiegawcza <\/strong>: Aby zapobiec tworzeniu si\u0119 nowych zator\u00f3w, nale\u017cy stosowa\u0107 niewielk\u0105 ilo\u015b\u0107 produktu raz w miesi\u0105cu, aby stopniowo rozpuszcza\u0107 osady i utrzyma\u0107 prawid\u0142owe dzia\u0142anie rur.<\/li>\n<li><strong>\u015arodki ostro\u017cno\u015bci dotycz\u0105ce u\u017cytkowania <\/strong>: Nie miesza\u0107 z innymi produktami chemicznymi, zw\u0142aszcza odblokowuj\u0105cymi zawieraj\u0105cymi sod\u0119 lub kwas siarkowy. Unika\u0107 kontaktu ze sk\u00f3r\u0105 i oczami. W razie przypadkowego kontaktu natychmiast przemy\u0107 czyst\u0105 wod\u0105 i w razie potrzeby skonsultowa\u0107 si\u0119 z lekarzem.<\/li>\n<li><strong>Przechowywanie i konserwacja <\/strong>: Produkt nale\u017cy przechowywa\u0107 w suchym, ch\u0142odnym miejscu, z dala od \u015bwiat\u0142a i poza zasi\u0119giem dzieci. Po u\u017cyciu nale\u017cy szczelnie zamkn\u0105\u0107 butelk\u0119, aby zapobiec odparowaniu lub zmianie st\u0119\u017cenia roztworu.<\/li>\n<\/ul>\n<p>Ten odblokowywacz do prysznica i wanny pozwala szybko i skutecznie wyeliminowa\u0107 zatory, zapewniaj\u0105c jednocze\u015bnie optymaln\u0105 konserwacj\u0119 instalacji hydraulicznej. Ciesz si\u0119 trwa\u0142ym komfortem, utrzymuj\u0105c p\u0142ynny przep\u0142yw wody i zapobiegaj\u0105c zatykaniu.<\/p>","protected":false},"excerpt":{"rendered":"<p>Fast and Effective Removal of Clogs.\u00a0This shower and bathtub unblocker is specially formulated to dissolve clogs caused by hair, soap residue, body grease, and other impurities that accumulate in pipes. It works deep down to restore smooth water flow and prevent stagnant water, which causes bad odors and makes using your shower or bathtub uncomfortable. [&hellip;]<\/p>\n","protected":false},"featured_media":27171,"comment_status":"open","ping_status":"closed","template":"","meta":{"_uag_custom_page_level_css":"","site-sidebar-layout":"default","site-content-layout":"","ast-site-content-layout":"default","site-content-style":"default","site-sidebar-style":"default","ast-global-header-display":"","ast-banner-title-visibility":"","ast-main-header-display":"","ast-hfb-above-header-display":"","ast-hfb-below-header-display":"","ast-hfb-mobile-header-display":"","site-post-title":"","ast-breadcrumbs-content":"","ast-featured-img":"","footer-sml-layout":"","ast-disable-related-posts":"","theme-transparent-header-meta":"default","adv-header-id-meta":"","stick-header-meta":"","header-above-stick-meta":"","header-main-stick-meta":"","header-below-stick-meta":"","astra-migrate-meta-layouts":"set","ast-page-background-enabled":"default","ast-page-background-meta":{"desktop":{"background-color":"var(--ast-global-color-4)","background-image":"","background-repeat":"repeat","background-position":"center center","background-size":"auto","background-attachment":"scroll","background-type":"","background-media":"","overlay-type":"","overlay-color":"","overlay-opacity":"","overlay-gradient":""},"tablet":{"background-color":"","background-image":"","background-repeat":"repeat","background-position":"center center","background-size":"auto","background-attachment":"scroll","background-type":"","background-media":"","overlay-type":"","overlay-color":"","overlay-opacity":"","overlay-gradient":""},"mobile":{"background-color":"","background-image":"","background-repeat":"repeat","background-position":"center center","background-size":"auto","background-attachment":"scroll","background-type":"","background-media":"","overlay-type":"","overlay-color":"","overlay-opacity":"","overlay-gradient":""}},"ast-content-background-meta":{"desktop":{"background-color":"var(--ast-global-color-5)","background-image":"","background-repeat":"repeat","background-position":"center center","background-size":"auto","background-attachment":"scroll","background-type":"","background-media":"","overlay-type":"","overlay-color":"","overlay-opacity":"","overlay-gradient":""},"tablet":{"background-color":"var(--ast-global-color-5)","background-image":"","background-repeat":"repeat","background-position":"center center","background-size":"auto","background-attachment":"scroll","background-type":"","background-media":"","overlay-type":"","overlay-color":"","overlay-opacity":"","overlay-gradient":""},"mobile":{"background-color":"var(--ast-global-color-5)","background-image":"","background-repeat":"repeat","background-position":"center center","background-size":"auto","background-attachment":"scroll","background-type":"","background-media":"","overlay-type":"","overlay-color":"","overlay-opacity":"","overlay-gradient":""}}},"product_brand":[],"product_cat":[175],"product_tag":[],"class_list":{"0":"post-25293","1":"product","2":"type-product","3":"status-publish","4":"has-post-thumbnail","6":"product_cat-cleaning-products","7":"desktop-align-left","8":"tablet-align-left","9":"mobile-align-left","11":"first","12":"instock","13":"sale","14":"taxable","15":"shipping-taxable","16":"purchasable","17":"product-type-variable","18":"has-default-attributes"},"spectra_custom_meta":{"_visibility":["visible"],"_shopify_product_id":["9062225674485"],"_s2w_shopify_domain":["ferberpainting.myshopify.com"],"_shopify_variant_id":["46488080285941"],"_sku":[""],"_manage_stock":["no"],"total_sales":["6"],"_tax_status":["taxable"],"_tax_class":[""],"_backorders":["no"],"_sold_individually":["no"],"_virtual":["no"],"_downloadable":["no"],"_download_limit":["-1"],"_download_expiry":["-1"],"_stock":[null],"_stock_status":["instock"],"_wc_average_rating":["4.57"],"_wc_review_count":["7"],"_product_attributes":["a:1:{s:6:\"volume\";a:6:{s:4:\"name\";s:6:\"Volume\";s:5:\"value\";s:20:\"5 liters | 25 liters\";s:8:\"position\";i:1;s:10:\"is_visible\";i:0;s:12:\"is_variation\";i:1;s:11:\"is_taxonomy\";i:0;}}"],"_product_version":["10.5.1"],"_thumbnail_id":["27171"],"_product_image_gallery":["27172"],"wpse_downloadable_file_names":[""],"wpse_downloadable_file_urls":[""],"_edit_last":["1"],"_default_attributes":["a:1:{s:6:\"volume\";s:8:\"5 liters\";}"],"_edit_lock":["1771234739:1"],"merchant-center-availability":["yes"],"merchant-center-category":["1749"],"_price":["29.90","129.90"],"_wp_page_template":["default"],"site-sidebar-layout":["default"],"ast-site-content-layout":["default"],"site-content-style":["default"],"site-sidebar-style":["default"],"theme-transparent-header-meta":["default"],"_wc_rating_count":["a:2:{i:4;i:3;i:5;i:4;}"],"astra-migrate-meta-layouts":["set"],"_uag_css_file_name":["uag-css-25293.css"],"_elementor_page_assets":["a:0:{}"],"_uag_page_assets":["a:9:{s:3:\"css\";s:7133:\".uag-blocks-common-selector{z-index:var(--z-index-desktop) !important}@media(max-width: 976px){.uag-blocks-common-selector{z-index:var(--z-index-tablet) !important}}@media(max-width: 767px){.uag-blocks-common-selector{z-index:var(--z-index-mobile) !important}}.wp-block-uagb-image{display:flex}.wp-block-uagb-image__figure{position:relative;display:flex;flex-direction:column;max-width:100%;height:auto;margin:0}.wp-block-uagb-image__figure img{height:auto;display:flex;max-width:100%;transition:box-shadow .2s ease}.wp-block-uagb-image__figure>a{display:inline-block}.wp-block-uagb-image__figure figcaption{text-align:center;margin-top:.5em;margin-bottom:1em}.wp-block-uagb-image .components-placeholder.block-editor-media-placeholder .components-placeholder__instructions{align-self:center}.wp-block-uagb-image--align-left{text-align:left}.wp-block-uagb-image--align-right{text-align:right}.wp-block-uagb-image--align-center{text-align:center}.wp-block-uagb-image--align-full .wp-block-uagb-image__figure{margin-left:calc(50% - 50vw);margin-right:calc(50% - 50vw);max-width:100vw;width:100vw;height:auto}.wp-block-uagb-image--align-full .wp-block-uagb-image__figure img{height:auto;width:100% !important}.wp-block-uagb-image--align-wide .wp-block-uagb-image__figure img{height:auto;width:100%}.wp-block-uagb-image--layout-overlay__color-wrapper{position:absolute;left:0;top:0;right:0;bottom:0;opacity:.2;background:rgba(0,0,0,.5);transition:opacity .35s ease-in-out}.wp-block-uagb-image--layout-overlay-link{position:absolute;left:0;right:0;bottom:0;top:0}.wp-block-uagb-image--layout-overlay .wp-block-uagb-image__figure:hover .wp-block-uagb-image--layout-overlay__color-wrapper{opacity:1}.wp-block-uagb-image--layout-overlay__inner{position:absolute;left:15px;right:15px;bottom:15px;top:15px;display:flex;align-items:center;justify-content:center;flex-direction:column;border-color:#fff;transition:.35s ease-in-out}.wp-block-uagb-image--layout-overlay__inner.top-left,.wp-block-uagb-image--layout-overlay__inner.top-center,.wp-block-uagb-image--layout-overlay__inner.top-right{justify-content:flex-start}.wp-block-uagb-image--layout-overlay__inner.bottom-left,.wp-block-uagb-image--layout-overlay__inner.bottom-center,.wp-block-uagb-image--layout-overlay__inner.bottom-right{justify-content:flex-end}.wp-block-uagb-image--layout-overlay__inner.top-left,.wp-block-uagb-image--layout-overlay__inner.center-left,.wp-block-uagb-image--layout-overlay__inner.bottom-left{align-items:flex-start}.wp-block-uagb-image--layout-overlay__inner.top-right,.wp-block-uagb-image--layout-overlay__inner.center-right,.wp-block-uagb-image--layout-overlay__inner.bottom-right{align-items:flex-end}.wp-block-uagb-image--layout-overlay__inner .uagb-image-heading{color:#fff;transition:transform .35s,opacity .35s ease-in-out;transform:translate3d(0, 24px, 0);margin:0;line-height:1em}.wp-block-uagb-image--layout-overlay__inner .uagb-image-separator{width:30%;border-top-width:2px;border-top-color:#fff;border-top-style:solid;margin-bottom:10px;opacity:0;transition:transform .4s,opacity .4s ease-in-out;transform:translate3d(0, 30px, 0)}.wp-block-uagb-image--layout-overlay__inner .uagb-image-caption{opacity:0;overflow:visible;color:#fff;transition:transform .45s,opacity .45s ease-in-out;transform:translate3d(0, 35px, 0)}.wp-block-uagb-image--layout-overlay__inner:hover .uagb-image-heading,.wp-block-uagb-image--layout-overlay__inner:hover .uagb-image-separator,.wp-block-uagb-image--layout-overlay__inner:hover .uagb-image-caption{opacity:1;transform:translate3d(0, 0, 0)}.wp-block-uagb-image--effect-zoomin .wp-block-uagb-image__figure img,.wp-block-uagb-image--effect-zoomin .wp-block-uagb-image__figure .wp-block-uagb-image--layout-overlay__color-wrapper{transform:scale(1);transition:transform .35s ease-in-out}.wp-block-uagb-image--effect-zoomin .wp-block-uagb-image__figure:hover img,.wp-block-uagb-image--effect-zoomin .wp-block-uagb-image__figure:hover .wp-block-uagb-image--layout-overlay__color-wrapper{transform:scale(1.05)}.wp-block-uagb-image--effect-slide .wp-block-uagb-image__figure img,.wp-block-uagb-image--effect-slide .wp-block-uagb-image__figure .wp-block-uagb-image--layout-overlay__color-wrapper{width:calc(100% + 40px) !important;max-width:none !important;transform:translate3d(-40px, 0, 0);transition:transform .35s ease-in-out}.wp-block-uagb-image--effect-slide .wp-block-uagb-image__figure:hover img,.wp-block-uagb-image--effect-slide .wp-block-uagb-image__figure:hover .wp-block-uagb-image--layout-overlay__color-wrapper{transform:translate3d(0, 0, 0)}.wp-block-uagb-image--effect-grayscale img{filter:grayscale(0%);transition:.35s ease-in-out}.wp-block-uagb-image--effect-grayscale:hover img{filter:grayscale(100%)}.wp-block-uagb-image--effect-blur img{filter:blur(0);transition:.35s ease-in-out}.wp-block-uagb-image--effect-blur:hover img{filter:blur(3px)}.uagb-block-e6f939b3.wp-block-uagb-image--layout-default figure img{box-shadow: 0px 0px 0 #00000070;}.uagb-block-e6f939b3.wp-block-uagb-image .wp-block-uagb-image__figure figcaption{font-style: normal;align-self: center;}.uagb-block-e6f939b3.wp-block-uagb-image--layout-overlay figure img{box-shadow: 0px 0px 0 #00000070;}.uagb-block-e6f939b3.wp-block-uagb-image--layout-overlay .wp-block-uagb-image--layout-overlay__color-wrapper{opacity: 0.2;}.uagb-block-e6f939b3.wp-block-uagb-image--layout-overlay .wp-block-uagb-image--layout-overlay__inner{left: 15px;right: 15px;top: 15px;bottom: 15px;}.uagb-block-e6f939b3.wp-block-uagb-image--layout-overlay .wp-block-uagb-image--layout-overlay__inner .uagb-image-heading{font-style: normal;color: #fff;opacity: 1;}.uagb-block-e6f939b3.wp-block-uagb-image--layout-overlay .wp-block-uagb-image--layout-overlay__inner .uagb-image-heading a{color: #fff;}.uagb-block-e6f939b3.wp-block-uagb-image--layout-overlay .wp-block-uagb-image--layout-overlay__inner .uagb-image-caption{opacity: 0;}.uagb-block-e6f939b3.wp-block-uagb-image--layout-overlay .wp-block-uagb-image__figure:hover .wp-block-uagb-image--layout-overlay__color-wrapper{opacity: 1;}.uagb-block-e6f939b3.wp-block-uagb-image .wp-block-uagb-image--layout-overlay__inner .uagb-image-separator{width: 30%;border-top-width: 2px;border-top-color: #fff;opacity: 0;}.uagb-block-e6f939b3.wp-block-uagb-image .wp-block-uagb-image__figure img{width: px;height: auto;}.uagb-block-e6f939b3.wp-block-uagb-image .wp-block-uagb-image__figure:hover .wp-block-uagb-image--layout-overlay__inner .uagb-image-caption{opacity: 1;}.uagb-block-e6f939b3.wp-block-uagb-image .wp-block-uagb-image__figure:hover .wp-block-uagb-image--layout-overlay__inner .uagb-image-separator{opacity: 1;}.uagb-block-e6f939b3.wp-block-uagb-image--layout-default figure:hover img{box-shadow: 0px 0px 0 #00000070;}.uagb-block-e6f939b3.wp-block-uagb-image--layout-overlay figure:hover img{box-shadow: 0px 0px 0 #00000070;}@media only screen and (max-width: 976px) {.uagb-block-e6f939b3.wp-block-uagb-image .wp-block-uagb-image__figure img{width: px;height: auto;}}@media only screen and (max-width: 767px) {.uagb-block-e6f939b3.wp-block-uagb-image .wp-block-uagb-image__figure img{width: px;height: auto;}}\";s:2:\"js\";s:0:\"\";s:18:\"current_block_list\";a:13:{i:0;s:11:\"core\/search\";i:1;s:10:\"core\/group\";i:2;s:12:\"core\/heading\";i:3;s:17:\"core\/latest-posts\";i:4;s:20:\"core\/latest-comments\";i:5;s:13:\"core\/archives\";i:6;s:15:\"core\/categories\";i:7;s:14:\"core\/paragraph\";i:8;s:10:\"uagb\/image\";i:9;s:11:\"core\/spacer\";i:10;s:30:\"woocommerce\/product-categories\";i:11;s:10:\"core\/image\";i:12;s:14:\"core\/shortcode\";}s:8:\"uag_flag\";b:1;s:11:\"uag_version\";s:10:\"1777236015\";s:6:\"gfonts\";a:0:{}s:10:\"gfonts_url\";s:0:\"\";s:12:\"gfonts_files\";a:0:{}s:14:\"uag_faq_layout\";b:0;}"]},"uagb_featured_image_src":{"full":["https:\/\/www.ferberpainting.com\/wp-content\/uploads\/2025\/05\/ShowerandBathroomUnblocker5L.png",2560,2560,false],"thumbnail":["https:\/\/www.ferberpainting.com\/wp-content\/uploads\/2025\/05\/ShowerandBathroomUnblocker5L-150x150.png",150,150,true],"medium":["https:\/\/www.ferberpainting.com\/wp-content\/uploads\/2025\/05\/ShowerandBathroomUnblocker5L-300x300.png",300,300,true],"medium_large":["https:\/\/www.ferberpainting.com\/wp-content\/uploads\/2025\/05\/ShowerandBathroomUnblocker5L-768x768.png",768,768,true],"large":["https:\/\/www.ferberpainting.com\/wp-content\/uploads\/2025\/05\/ShowerandBathroomUnblocker5L-1024x1024.png",1024,1024,true],"1536x1536":["https:\/\/www.ferberpainting.com\/wp-content\/uploads\/2025\/05\/ShowerandBathroomUnblocker5L-1536x1536.png",1536,1536,true],"2048x2048":["https:\/\/www.ferberpainting.com\/wp-content\/uploads\/2025\/05\/ShowerandBathroomUnblocker5L-2048x2048.png",2048,2048,true],"trp-custom-language-flag":["https:\/\/www.ferberpainting.com\/wp-content\/uploads\/2025\/05\/ShowerandBathroomUnblocker5L-12x12.png",12,12,true],"woocommerce_thumbnail":["https:\/\/www.ferberpainting.com\/wp-content\/uploads\/2025\/05\/ShowerandBathroomUnblocker5L-300x300.png",300,300,true],"woocommerce_single":["https:\/\/www.ferberpainting.com\/wp-content\/uploads\/2025\/05\/ShowerandBathroomUnblocker5L-600x600.png",600,600,true],"woocommerce_gallery_thumbnail":["https:\/\/www.ferberpainting.com\/wp-content\/uploads\/2025\/05\/ShowerandBathroomUnblocker5L-100x100.png",100,100,true]},"uagb_author_info":{"display_name":"admin","author_link":"https:\/\/www.ferberpainting.com\/pl\/author\/"},"uagb_comment_info":7,"uagb_excerpt":"Fast and Effective Removal of Clogs.\u00a0This shower and bathtub unblocker is specially formulated to dissolve clogs caused by hair, soap residue, body grease, and other impurities that accumulate in pipes. It works deep down to restore smooth water flow and prevent stagnant water, which causes bad odors and makes using your shower or bathtub uncomfortable.&hellip;","_links":{"self":[{"href":"https:\/\/www.ferberpainting.com\/pl\/wp-json\/wp\/v2\/product\/25293","targetHints":{"allow":["GET"]}}],"collection":[{"href":"https:\/\/www.ferberpainting.com\/pl\/wp-json\/wp\/v2\/product"}],"about":[{"href":"https:\/\/www.ferberpainting.com\/pl\/wp-json\/wp\/v2\/types\/product"}],"replies":[{"embeddable":true,"href":"https:\/\/www.ferberpainting.com\/pl\/wp-json\/wp\/v2\/comments?post=25293"}],"version-history":[{"count":4,"href":"https:\/\/www.ferberpainting.com\/pl\/wp-json\/wp\/v2\/product\/25293\/revisions"}],"predecessor-version":[{"id":167279,"href":"https:\/\/www.ferberpainting.com\/pl\/wp-json\/wp\/v2\/product\/25293\/revisions\/167279"}],"wp:featuredmedia":[{"embeddable":true,"href":"https:\/\/www.ferberpainting.com\/pl\/wp-json\/wp\/v2\/media\/27171"}],"wp:attachment":[{"href":"https:\/\/www.ferberpainting.com\/pl\/wp-json\/wp\/v2\/media?parent=25293"}],"wp:term":[{"taxonomy":"product_brand","embeddable":true,"href":"https:\/\/www.ferberpainting.com\/pl\/wp-json\/wp\/v2\/product_brand?post=25293"},{"taxonomy":"product_cat","embeddable":true,"href":"https:\/\/www.ferberpainting.com\/pl\/wp-json\/wp\/v2\/product_cat?post=25293"},{"taxonomy":"product_tag","embeddable":true,"href":"https:\/\/www.ferberpainting.com\/pl\/wp-json\/wp\/v2\/product_tag?post=25293"}],"curies":[{"name":"wp","href":"https:\/\/api.w.org\/{rel}","templated":true}]}}