{"id":25284,"date":"2025-05-26T10:30:27","date_gmt":"2025-05-26T08:30:27","guid":{"rendered":"https:\/\/www.ferberpainting.com\/products\/septic-tank-unblocker\/"},"modified":"2026-02-16T10:30:50","modified_gmt":"2026-02-16T09:30:50","slug":"septic-tank-unblocker","status":"publish","type":"product","link":"https:\/\/www.ferberpainting.com\/pl\/products\/septic-tank-unblocker\/","title":{"rendered":"\u015arodek do udra\u017cniania szamba"},"content":{"rendered":"<p><strong><img decoding=\"async\" style=\"margin-right: 12px;\" src=\"https:\/\/www.ferberpainting.com\/wp-content\/uploads\/2026\/02\/Check.svg\" alt=\"\" width=\"18\" height=\"15\" \/>Szybkie i skuteczne usuwanie zator\u00f3w i blokad.<\/strong>\u00a0Ten \u015brodek do odblokowywania szamba zosta\u0142 specjalnie opracowany, aby skutecznie rozpuszcza\u0107 zatory, kt\u00f3re spowalniaj\u0105 lub blokuj\u0105 przep\u0142yw \u015bciek\u00f3w. G\u0142\u0119boko penetruje osady organiczne, t\u0142uszcz, papier toaletowy i inne nagromadzone pozosta\u0142o\u015bci, zapewniaj\u0105c optymalne funkcjonowanie zbiornika. Jego silne dzia\u0142anie szybko przywraca cyrkulacj\u0119 cieczy i zapobiega niedogodno\u015bciom zwi\u0105zanym z zatorami, takimi jak nieprzyjemne zapachy i stagnacja wody.<\/p>\n<p><strong><img decoding=\"async\" style=\"margin-right: 12px;\" src=\"https:\/\/www.ferberpainting.com\/wp-content\/uploads\/2026\/02\/Check.svg\" alt=\"\" width=\"18\" height=\"15\" \/>Gwarancja zwrotu pieni\u0119dzy.<\/strong>\u00a0Mamy pe\u0142ne zaufanie do skuteczno\u015bci naszego odblokowywacza szamba, dlatego oferujemy gwarancj\u0119 zwrotu pieni\u0119dzy. Je\u015bli po prawid\u0142owym zastosowaniu zgodnie z zaleceniami problem nie ust\u0105pi, masz mo\u017cliwo\u015b\u0107 za\u017c\u0105dania zwrotu pieni\u0119dzy bez \u017cadnych warunk\u00f3w, zapewniaj\u0105c bezpieczny i pozbawiony ryzyka zakup.<\/p>\n<p><strong><img decoding=\"async\" style=\"margin-right: 12px;\" src=\"https:\/\/www.ferberpainting.com\/wp-content\/uploads\/2026\/02\/Check.svg\" alt=\"\" width=\"18\" height=\"15\" \/>Kompatybilny z r\u00f3\u017cnymi typami zbiornik\u00f3w i materia\u0142\u00f3w.<\/strong>\u00a0Ten odblokowywacz nadaje si\u0119 do szamb wykonanych z betonu, plastiku, cementu i materia\u0142\u00f3w kompozytowych, a tak\u017ce system\u00f3w sanitarnych z \u0142apaczami t\u0142uszczu i rurami wykonanymi z PVC, \u017celiwa, miedzi i stali nierdzewnej. Jest skuteczny zar\u00f3wno w instalacjach indywidualnych, jak i zbiorczych lub p\u00f3\u0142zbiorczych sieciach sanitarnych.<\/p>\n<p><strong><img decoding=\"async\" style=\"margin-right: 12px;\" src=\"https:\/\/www.ferberpainting.com\/wp-content\/uploads\/2026\/02\/Check.svg\" alt=\"\" width=\"18\" height=\"15\" \/>Ekonomiczna wydajno\u015b\u0107 i zoptymalizowane dawkowanie.<\/strong>\u00a0Dzi\u0119ki skoncentrowanej formule 1 litr produktu mo\u017ce usun\u0105\u0107 do 4 zator\u00f3w, zapewniaj\u0105c ekonomiczne i skuteczne rozwi\u0105zanie do odblokowywania i konserwacji systemu septycznego. Jego ukierunkowane dzia\u0142anie zmniejsza ilo\u015b\u0107 produktu potrzebn\u0105 do jednego zastosowania, optymalizuj\u0105c wydajno\u015b\u0107 i minimalizuj\u0105c koszty konserwacji.<\/p>\n<p><strong><img decoding=\"async\" style=\"margin-right: 12px;\" src=\"https:\/\/www.ferberpainting.com\/wp-content\/uploads\/2026\/02\/Check.svg\" alt=\"\" width=\"18\" height=\"15\" \/>Bezpieczny i przyjazny dla \u015brodowiska produkt.<\/strong>\u00a0W przeciwie\u0144stwie do \u017cr\u0105cych \u015brodk\u00f3w odblokowuj\u0105cych, kt\u00f3re mog\u0105 uszkodzi\u0107 rury i zak\u0142\u00f3ci\u0107 r\u00f3wnowag\u0119 szamba, produkt ten dzia\u0142a bez uszkadzania powierzchni lub szkodzenia ekosystemowi bakteryjnemu obecnemu w zbiorniku. Zapewnia delikatn\u0105 higien\u0119, utrzymuj\u0105c naturalny rozk\u0142ad materii organicznej, promuj\u0105c w ten spos\u00f3b optymaln\u0105 i d\u0142ugotrwa\u0142\u0105 konserwacj\u0119 systemu odwadniaj\u0105cego.<\/p>\n<p><strong><img decoding=\"async\" style=\"margin-right: 12px;\" src=\"https:\/\/www.ferberpainting.com\/wp-content\/uploads\/2026\/02\/Check.svg\" alt=\"\" width=\"18\" height=\"15\" \/>\u0141atwa aplikacja i natychmiastowa skuteczno\u015b\u0107.<\/strong>\u00a0Ten \u015brodek odblokowuj\u0105cy jest gotowy do u\u017cycia i nie wymaga skomplikowanego przygotowania. Wystarczy wla\u0107 go bezpo\u015brednio do toalety lub szamba i pozostawi\u0107 na kilka godzin przed sp\u0142ukaniem. Jego ultraszybkie dzia\u0142anie rozpuszcza zatory w zaledwie 15 do 30 minut, zmniejszaj\u0105c niedogodno\u015bci spowodowane zatorami i u\u0142atwiaj\u0105c prawid\u0142owe funkcjonowanie systemu.<\/p>\n<p><strong><img decoding=\"async\" style=\"margin-right: 12px;\" src=\"https:\/\/www.ferberpainting.com\/wp-content\/uploads\/2026\/02\/Check.svg\" alt=\"\" width=\"18\" height=\"15\" \/>D\u0142ugotrwa\u0142a wytrzyma\u0142o\u015b\u0107 i zapobieganie przysz\u0142ym zatorom.<\/strong>\u00a0Opr\u00f3cz skutecznego odblokowywania zbiornika, produkt ten zapobiega powstawaniu nowych zator\u00f3w poprzez stopniowe rozpuszczanie nagromadzonych osad\u00f3w. Regularne stosowanie pomaga zminimalizowa\u0107 ryzyko zatkania i zapewnia d\u0142ugoterminow\u0105 optymaln\u0105 wydajno\u015b\u0107 rur i szamba, unikaj\u0105c potrzeby cz\u0119stych interwencji pompowania.<\/p>\n<p><strong><img decoding=\"async\" style=\"margin-right: 12px;\" src=\"https:\/\/www.ferberpainting.com\/wp-content\/uploads\/2026\/02\/Check.svg\" alt=\"\" width=\"18\" height=\"15\" \/>Szybkie dzia\u0142anie dla natychmiastowego komfortu.<\/strong>\u00a0Po zastosowaniu odblokowywacz zaczyna rozk\u0142ada\u0107 blokuj\u0105ce materia\u0142y i skrapla\u0107 stoj\u0105c\u0105 wod\u0119. Po prostym sp\u0142ukaniu przep\u0142yw zostaje przywr\u00f3cony, a zbiornik powraca do normalnego dzia\u0142ania, zapewniaj\u0105c p\u0142ynne i bezproblemowe u\u017cytkowanie.<\/p>\n<h2><strong>Protok\u00f3\u0142 u\u017cytkowania<\/strong><\/h2>\n<ul>\n<li><strong>Przygotowanie do instalacji<\/strong> : Przed zastosowaniem upewni\u0107 si\u0119, \u017ce stoj\u0105ca woda nie osi\u0105gn\u0119\u0142a krytycznego poziomu. W razie potrzeby r\u0119cznie oczy\u015b\u0107 szambo, aby zwi\u0119kszy\u0107 skuteczno\u015b\u0107 produktu.<\/li>\n<li><strong>Zalecane dawkowanie :<\/strong> Wla\u0107 250 ml produktu bezpo\u015brednio do szamba lub toalety w celu usuni\u0119cia zatoru. 1 litr mo\u017ce usun\u0105\u0107 do 4 zator\u00f3w. W przypadku powa\u017cnych zator\u00f3w mo\u017cna wykona\u0107 drug\u0105 aplikacj\u0119 po kilku godzinach.<\/li>\n<li><strong>Aplikacja Unblocker :<\/strong> Powoli wla\u0107 produkt do szamba lub pod\u0142\u0105czonych rur, unikaj\u0105c mieszania go z innymi produktami chemicznymi.<\/li>\n<li><strong>Czas dzia\u0142ania :<\/strong> Pozostawi\u0107 na 15 do 30 minut w przypadku standardowego zatoru. W przypadku powa\u017cnych zator\u00f3w, pozostawi\u0107 na 1 godzin\u0119 przed sp\u0142ukaniem.<\/li>\n<li><strong>P\u0142ukanie i weryfikacja przep\u0142ywu :<\/strong> Po okresie spoczynku nale\u017cy obficie przep\u0142uka\u0107 wod\u0105 w celu usuni\u0119cia rozpuszczonych pozosta\u0142o\u015bci i sprawdzi\u0107, czy przep\u0142yw powr\u00f3ci\u0142 do normy.<\/li>\n<li><strong>Konserwacja zapobiegawcza :<\/strong> Aby zapobiec tworzeniu si\u0119 nowych zator\u00f3w, zaleca si\u0119 stosowanie niewielkiej ilo\u015bci produktu raz w miesi\u0105cu w celu stopniowego rozpuszczania osad\u00f3w i utrzymania prawid\u0142owego funkcjonowania szamba.<\/li>\n<li><strong>\u015arodki ostro\u017cno\u015bci dotycz\u0105ce u\u017cytkowania :<\/strong> Nie miesza\u0107 z innymi agresywnymi chemikaliami (takimi jak wybielacze lub silne kwasy). Unika\u0107 kontaktu ze sk\u00f3r\u0105 i oczami. W razie przypadkowego kontaktu natychmiast przemy\u0107 czyst\u0105 wod\u0105 i w razie potrzeby skonsultowa\u0107 si\u0119 z lekarzem.<\/li>\n<li><strong>Przechowywanie i konserwacja :<\/strong> Produkt nale\u017cy przechowywa\u0107 w suchym i umiarkowanym miejscu, z dala od \u015bwiat\u0142a i poza zasi\u0119giem dzieci. Zawsze szczelnie zamykaj butelk\u0119 po u\u017cyciu, aby zapobiec parowaniu lub zmianie roztworu.<\/li>\n<\/ul>\n<p>Dzi\u0119ki temu odblokowywaczowi szamba mo\u017cesz skutecznie konserwowa\u0107 swoj\u0105 instalacj\u0119, zapewniaj\u0105c jednocze\u015bnie p\u0142ynny drena\u017c, szybkie dzia\u0142anie i d\u0142ugoterminowe zapobieganie zatorom i blokadom. Zapewnij swojemu systemowi sanitarnemu wydajne i ekonomiczne rozwi\u0105zanie, zachowuj\u0105c jego naturaln\u0105 r\u00f3wnowag\u0119 i d\u0142ugowieczno\u015b\u0107.<\/p>","protected":false},"excerpt":{"rendered":"<p>Rapid and Effective Removal of Clogs and Blockages.\u00a0This septic tank unblocker is specially formulated to efficiently dissolve clogs that slow down or block the flow of wastewater. It deeply penetrates organic deposits, grease, toilet paper, and other accumulated residues, ensuring optimal function of the tank. Its powerful action quickly restores liquid circulation and prevents inconveniences [&hellip;]<\/p>\n","protected":false},"featured_media":27166,"comment_status":"open","ping_status":"closed","template":"","meta":{"_uag_custom_page_level_css":"","site-sidebar-layout":"default","site-content-layout":"","ast-site-content-layout":"default","site-content-style":"default","site-sidebar-style":"default","ast-global-header-display":"","ast-banner-title-visibility":"","ast-main-header-display":"","ast-hfb-above-header-display":"","ast-hfb-below-header-display":"","ast-hfb-mobile-header-display":"","site-post-title":"","ast-breadcrumbs-content":"","ast-featured-img":"","footer-sml-layout":"","ast-disable-related-posts":"","theme-transparent-header-meta":"default","adv-header-id-meta":"","stick-header-meta":"","header-above-stick-meta":"","header-main-stick-meta":"","header-below-stick-meta":"","astra-migrate-meta-layouts":"set","ast-page-background-enabled":"default","ast-page-background-meta":{"desktop":{"background-color":"var(--ast-global-color-4)","background-image":"","background-repeat":"repeat","background-position":"center center","background-size":"auto","background-attachment":"scroll","background-type":"","background-media":"","overlay-type":"","overlay-color":"","overlay-opacity":"","overlay-gradient":""},"tablet":{"background-color":"","background-image":"","background-repeat":"repeat","background-position":"center center","background-size":"auto","background-attachment":"scroll","background-type":"","background-media":"","overlay-type":"","overlay-color":"","overlay-opacity":"","overlay-gradient":""},"mobile":{"background-color":"","background-image":"","background-repeat":"repeat","background-position":"center center","background-size":"auto","background-attachment":"scroll","background-type":"","background-media":"","overlay-type":"","overlay-color":"","overlay-opacity":"","overlay-gradient":""}},"ast-content-background-meta":{"desktop":{"background-color":"var(--ast-global-color-5)","background-image":"","background-repeat":"repeat","background-position":"center center","background-size":"auto","background-attachment":"scroll","background-type":"","background-media":"","overlay-type":"","overlay-color":"","overlay-opacity":"","overlay-gradient":""},"tablet":{"background-color":"var(--ast-global-color-5)","background-image":"","background-repeat":"repeat","background-position":"center center","background-size":"auto","background-attachment":"scroll","background-type":"","background-media":"","overlay-type":"","overlay-color":"","overlay-opacity":"","overlay-gradient":""},"mobile":{"background-color":"var(--ast-global-color-5)","background-image":"","background-repeat":"repeat","background-position":"center center","background-size":"auto","background-attachment":"scroll","background-type":"","background-media":"","overlay-type":"","overlay-color":"","overlay-opacity":"","overlay-gradient":""}}},"product_brand":[],"product_cat":[175],"product_tag":[],"class_list":{"0":"post-25284","1":"product","2":"type-product","3":"status-publish","4":"has-post-thumbnail","6":"product_cat-cleaning-products","7":"desktop-align-left","8":"tablet-align-left","9":"mobile-align-left","11":"first","12":"instock","13":"sale","14":"taxable","15":"shipping-taxable","16":"purchasable","17":"product-type-variable","18":"has-default-attributes"},"spectra_custom_meta":{"_visibility":["visible"],"_shopify_product_id":["9062234652917"],"_s2w_shopify_domain":["ferberpainting.myshopify.com"],"_shopify_variant_id":["46488098504949"],"_sku":[""],"_manage_stock":["no"],"total_sales":["305"],"_tax_status":["taxable"],"_tax_class":[""],"_backorders":["no"],"_sold_individually":["no"],"_virtual":["no"],"_downloadable":["no"],"_download_limit":["-1"],"_download_expiry":["-1"],"_stock":[null],"_stock_status":["instock"],"_wc_average_rating":["4.67"],"_wc_review_count":["6"],"_product_attributes":["a:1:{s:6:\"volume\";a:6:{s:4:\"name\";s:6:\"Volume\";s:5:\"value\";s:20:\"5 liters | 25 liters\";s:8:\"position\";i:1;s:10:\"is_visible\";i:0;s:12:\"is_variation\";i:1;s:11:\"is_taxonomy\";i:0;}}"],"_product_version":["10.5.1"],"_thumbnail_id":["27166"],"_product_image_gallery":["27167"],"wpse_downloadable_file_names":[""],"wpse_downloadable_file_urls":[""],"_edit_last":["1"],"_default_attributes":["a:1:{s:6:\"volume\";s:8:\"5 liters\";}"],"_edit_lock":["1771234112:1"],"_price":["29.90","129.90"],"merchant-center-availability":["yes"],"merchant-center-category":["1749"],"_wp_page_template":["default"],"site-sidebar-layout":["default"],"ast-site-content-layout":["default"],"site-content-style":["default"],"site-sidebar-style":["default"],"theme-transparent-header-meta":["default"],"_wc_rating_count":["a:2:{i:4;i:2;i:5;i:4;}"],"astra-migrate-meta-layouts":["set"],"_uag_css_file_name":["uag-css-25284.css"],"_elementor_page_assets":["a:0:{}"],"_uag_page_assets":["a:9:{s:3:\"css\";s:6873:\".wp-block-uagb-image{display:flex}.wp-block-uagb-image__figure{position:relative;display:flex;flex-direction:column;max-width:100%;height:auto;margin:0}.wp-block-uagb-image__figure img{height:auto;display:flex;max-width:100%;transition:box-shadow .2s ease}.wp-block-uagb-image__figure>a{display:inline-block}.wp-block-uagb-image__figure figcaption{text-align:center;margin-top:.5em;margin-bottom:1em}.wp-block-uagb-image .components-placeholder.block-editor-media-placeholder .components-placeholder__instructions{align-self:center}.wp-block-uagb-image--align-left{text-align:left}.wp-block-uagb-image--align-right{text-align:right}.wp-block-uagb-image--align-center{text-align:center}.wp-block-uagb-image--align-full .wp-block-uagb-image__figure{margin-left:calc(50% - 50vw);margin-right:calc(50% - 50vw);max-width:100vw;width:100vw;height:auto}.wp-block-uagb-image--align-full .wp-block-uagb-image__figure img{height:auto;width:100% !important}.wp-block-uagb-image--align-wide .wp-block-uagb-image__figure img{height:auto;width:100%}.wp-block-uagb-image--layout-overlay__color-wrapper{position:absolute;left:0;top:0;right:0;bottom:0;opacity:.2;background:rgba(0,0,0,.5);transition:opacity .35s ease-in-out}.wp-block-uagb-image--layout-overlay-link{position:absolute;left:0;right:0;bottom:0;top:0}.wp-block-uagb-image--layout-overlay .wp-block-uagb-image__figure:hover .wp-block-uagb-image--layout-overlay__color-wrapper{opacity:1}.wp-block-uagb-image--layout-overlay__inner{position:absolute;left:15px;right:15px;bottom:15px;top:15px;display:flex;align-items:center;justify-content:center;flex-direction:column;border-color:#fff;transition:.35s ease-in-out}.wp-block-uagb-image--layout-overlay__inner.top-left,.wp-block-uagb-image--layout-overlay__inner.top-center,.wp-block-uagb-image--layout-overlay__inner.top-right{justify-content:flex-start}.wp-block-uagb-image--layout-overlay__inner.bottom-left,.wp-block-uagb-image--layout-overlay__inner.bottom-center,.wp-block-uagb-image--layout-overlay__inner.bottom-right{justify-content:flex-end}.wp-block-uagb-image--layout-overlay__inner.top-left,.wp-block-uagb-image--layout-overlay__inner.center-left,.wp-block-uagb-image--layout-overlay__inner.bottom-left{align-items:flex-start}.wp-block-uagb-image--layout-overlay__inner.top-right,.wp-block-uagb-image--layout-overlay__inner.center-right,.wp-block-uagb-image--layout-overlay__inner.bottom-right{align-items:flex-end}.wp-block-uagb-image--layout-overlay__inner .uagb-image-heading{color:#fff;transition:transform .35s,opacity .35s ease-in-out;transform:translate3d(0, 24px, 0);margin:0;line-height:1em}.wp-block-uagb-image--layout-overlay__inner .uagb-image-separator{width:30%;border-top-width:2px;border-top-color:#fff;border-top-style:solid;margin-bottom:10px;opacity:0;transition:transform .4s,opacity .4s ease-in-out;transform:translate3d(0, 30px, 0)}.wp-block-uagb-image--layout-overlay__inner .uagb-image-caption{opacity:0;overflow:visible;color:#fff;transition:transform .45s,opacity .45s ease-in-out;transform:translate3d(0, 35px, 0)}.wp-block-uagb-image--layout-overlay__inner:hover .uagb-image-heading,.wp-block-uagb-image--layout-overlay__inner:hover .uagb-image-separator,.wp-block-uagb-image--layout-overlay__inner:hover .uagb-image-caption{opacity:1;transform:translate3d(0, 0, 0)}.wp-block-uagb-image--effect-zoomin .wp-block-uagb-image__figure img,.wp-block-uagb-image--effect-zoomin .wp-block-uagb-image__figure .wp-block-uagb-image--layout-overlay__color-wrapper{transform:scale(1);transition:transform .35s ease-in-out}.wp-block-uagb-image--effect-zoomin .wp-block-uagb-image__figure:hover img,.wp-block-uagb-image--effect-zoomin .wp-block-uagb-image__figure:hover .wp-block-uagb-image--layout-overlay__color-wrapper{transform:scale(1.05)}.wp-block-uagb-image--effect-slide .wp-block-uagb-image__figure img,.wp-block-uagb-image--effect-slide .wp-block-uagb-image__figure .wp-block-uagb-image--layout-overlay__color-wrapper{width:calc(100% + 40px) !important;max-width:none !important;transform:translate3d(-40px, 0, 0);transition:transform .35s ease-in-out}.wp-block-uagb-image--effect-slide .wp-block-uagb-image__figure:hover img,.wp-block-uagb-image--effect-slide .wp-block-uagb-image__figure:hover .wp-block-uagb-image--layout-overlay__color-wrapper{transform:translate3d(0, 0, 0)}.wp-block-uagb-image--effect-grayscale img{filter:grayscale(0%);transition:.35s ease-in-out}.wp-block-uagb-image--effect-grayscale:hover img{filter:grayscale(100%)}.wp-block-uagb-image--effect-blur img{filter:blur(0);transition:.35s ease-in-out}.wp-block-uagb-image--effect-blur:hover img{filter:blur(3px)}.uagb-block-e6f939b3.wp-block-uagb-image--layout-default figure img{box-shadow: 0px 0px 0 #00000070;}.uagb-block-e6f939b3.wp-block-uagb-image .wp-block-uagb-image__figure figcaption{font-style: normal;align-self: center;}.uagb-block-e6f939b3.wp-block-uagb-image--layout-overlay figure img{box-shadow: 0px 0px 0 #00000070;}.uagb-block-e6f939b3.wp-block-uagb-image--layout-overlay .wp-block-uagb-image--layout-overlay__color-wrapper{opacity: 0.2;}.uagb-block-e6f939b3.wp-block-uagb-image--layout-overlay .wp-block-uagb-image--layout-overlay__inner{left: 15px;right: 15px;top: 15px;bottom: 15px;}.uagb-block-e6f939b3.wp-block-uagb-image--layout-overlay .wp-block-uagb-image--layout-overlay__inner .uagb-image-heading{font-style: normal;color: #fff;opacity: 1;}.uagb-block-e6f939b3.wp-block-uagb-image--layout-overlay .wp-block-uagb-image--layout-overlay__inner .uagb-image-heading a{color: #fff;}.uagb-block-e6f939b3.wp-block-uagb-image--layout-overlay .wp-block-uagb-image--layout-overlay__inner .uagb-image-caption{opacity: 0;}.uagb-block-e6f939b3.wp-block-uagb-image--layout-overlay .wp-block-uagb-image__figure:hover .wp-block-uagb-image--layout-overlay__color-wrapper{opacity: 1;}.uagb-block-e6f939b3.wp-block-uagb-image .wp-block-uagb-image--layout-overlay__inner .uagb-image-separator{width: 30%;border-top-width: 2px;border-top-color: #fff;opacity: 0;}.uagb-block-e6f939b3.wp-block-uagb-image .wp-block-uagb-image__figure img{width: px;height: auto;}.uagb-block-e6f939b3.wp-block-uagb-image .wp-block-uagb-image__figure:hover .wp-block-uagb-image--layout-overlay__inner .uagb-image-caption{opacity: 1;}.uagb-block-e6f939b3.wp-block-uagb-image .wp-block-uagb-image__figure:hover .wp-block-uagb-image--layout-overlay__inner .uagb-image-separator{opacity: 1;}.uagb-block-e6f939b3.wp-block-uagb-image--layout-default figure:hover img{box-shadow: 0px 0px 0 #00000070;}.uagb-block-e6f939b3.wp-block-uagb-image--layout-overlay figure:hover img{box-shadow: 0px 0px 0 #00000070;}@media only screen and (max-width: 976px) {.uagb-block-e6f939b3.wp-block-uagb-image .wp-block-uagb-image__figure img{width: px;height: auto;}}@media only screen and (max-width: 767px) {.uagb-block-e6f939b3.wp-block-uagb-image .wp-block-uagb-image__figure img{width: px;height: auto;}}\";s:2:\"js\";s:0:\"\";s:18:\"current_block_list\";a:13:{i:0;s:11:\"core\/search\";i:1;s:10:\"core\/group\";i:2;s:12:\"core\/heading\";i:3;s:17:\"core\/latest-posts\";i:4;s:20:\"core\/latest-comments\";i:5;s:13:\"core\/archives\";i:6;s:15:\"core\/categories\";i:7;s:14:\"core\/paragraph\";i:8;s:10:\"uagb\/image\";i:9;s:11:\"core\/spacer\";i:10;s:30:\"woocommerce\/product-categories\";i:11;s:10:\"core\/image\";i:12;s:14:\"core\/shortcode\";}s:8:\"uag_flag\";b:1;s:11:\"uag_version\";s:10:\"1777235999\";s:6:\"gfonts\";a:0:{}s:10:\"gfonts_url\";s:0:\"\";s:12:\"gfonts_files\";a:0:{}s:14:\"uag_faq_layout\";b:0;}"]},"uagb_featured_image_src":{"full":["https:\/\/www.ferberpainting.com\/wp-content\/uploads\/2025\/05\/SepticTankUnblocker5L.png",2560,2560,false],"thumbnail":["https:\/\/www.ferberpainting.com\/wp-content\/uploads\/2025\/05\/SepticTankUnblocker5L-150x150.png",150,150,true],"medium":["https:\/\/www.ferberpainting.com\/wp-content\/uploads\/2025\/05\/SepticTankUnblocker5L-300x300.png",300,300,true],"medium_large":["https:\/\/www.ferberpainting.com\/wp-content\/uploads\/2025\/05\/SepticTankUnblocker5L-768x768.png",768,768,true],"large":["https:\/\/www.ferberpainting.com\/wp-content\/uploads\/2025\/05\/SepticTankUnblocker5L-1024x1024.png",1024,1024,true],"1536x1536":["https:\/\/www.ferberpainting.com\/wp-content\/uploads\/2025\/05\/SepticTankUnblocker5L-1536x1536.png",1536,1536,true],"2048x2048":["https:\/\/www.ferberpainting.com\/wp-content\/uploads\/2025\/05\/SepticTankUnblocker5L-2048x2048.png",2048,2048,true],"trp-custom-language-flag":["https:\/\/www.ferberpainting.com\/wp-content\/uploads\/2025\/05\/SepticTankUnblocker5L-12x12.png",12,12,true],"woocommerce_thumbnail":["https:\/\/www.ferberpainting.com\/wp-content\/uploads\/2025\/05\/SepticTankUnblocker5L-300x300.png",300,300,true],"woocommerce_single":["https:\/\/www.ferberpainting.com\/wp-content\/uploads\/2025\/05\/SepticTankUnblocker5L-600x600.png",600,600,true],"woocommerce_gallery_thumbnail":["https:\/\/www.ferberpainting.com\/wp-content\/uploads\/2025\/05\/SepticTankUnblocker5L-100x100.png",100,100,true]},"uagb_author_info":{"display_name":"admin","author_link":"https:\/\/www.ferberpainting.com\/pl\/author\/"},"uagb_comment_info":6,"uagb_excerpt":"Rapid and Effective Removal of Clogs and Blockages.\u00a0This septic tank unblocker is specially formulated to efficiently dissolve clogs that slow down or block the flow of wastewater. It deeply penetrates organic deposits, grease, toilet paper, and other accumulated residues, ensuring optimal function of the tank. Its powerful action quickly restores liquid circulation and prevents inconveniences&hellip;","_links":{"self":[{"href":"https:\/\/www.ferberpainting.com\/pl\/wp-json\/wp\/v2\/product\/25284","targetHints":{"allow":["GET"]}}],"collection":[{"href":"https:\/\/www.ferberpainting.com\/pl\/wp-json\/wp\/v2\/product"}],"about":[{"href":"https:\/\/www.ferberpainting.com\/pl\/wp-json\/wp\/v2\/types\/product"}],"replies":[{"embeddable":true,"href":"https:\/\/www.ferberpainting.com\/pl\/wp-json\/wp\/v2\/comments?post=25284"}],"version-history":[{"count":4,"href":"https:\/\/www.ferberpainting.com\/pl\/wp-json\/wp\/v2\/product\/25284\/revisions"}],"predecessor-version":[{"id":167266,"href":"https:\/\/www.ferberpainting.com\/pl\/wp-json\/wp\/v2\/product\/25284\/revisions\/167266"}],"wp:featuredmedia":[{"embeddable":true,"href":"https:\/\/www.ferberpainting.com\/pl\/wp-json\/wp\/v2\/media\/27166"}],"wp:attachment":[{"href":"https:\/\/www.ferberpainting.com\/pl\/wp-json\/wp\/v2\/media?parent=25284"}],"wp:term":[{"taxonomy":"product_brand","embeddable":true,"href":"https:\/\/www.ferberpainting.com\/pl\/wp-json\/wp\/v2\/product_brand?post=25284"},{"taxonomy":"product_cat","embeddable":true,"href":"https:\/\/www.ferberpainting.com\/pl\/wp-json\/wp\/v2\/product_cat?post=25284"},{"taxonomy":"product_tag","embeddable":true,"href":"https:\/\/www.ferberpainting.com\/pl\/wp-json\/wp\/v2\/product_tag?post=25284"}],"curies":[{"name":"wp","href":"https:\/\/api.w.org\/{rel}","templated":true}]}}