{"id":25283,"date":"2025-05-26T10:30:26","date_gmt":"2025-05-26T08:30:26","guid":{"rendered":"https:\/\/www.ferberpainting.com\/products\/septic-tank-treatment\/"},"modified":"2026-02-16T10:28:42","modified_gmt":"2026-02-16T09:28:42","slug":"septic-tank-treatment","status":"publish","type":"product","link":"https:\/\/www.ferberpainting.com\/pl\/products\/septic-tank-treatment\/","title":{"rendered":"Preparat do szamba"},"content":{"rendered":"<p><strong><img decoding=\"async\" style=\"margin-right: 12px;\" src=\"https:\/\/www.ferberpainting.com\/wp-content\/uploads\/2026\/02\/Check.svg\" alt=\"\" width=\"18\" height=\"15\" \/>Skuteczna i d\u0142ugotrwa\u0142a konserwacja szamba.<\/strong>\u00a0Ten preparat do szamba zosta\u0142 specjalnie zaprojektowany, aby zoptymalizowa\u0107 prawid\u0142owe funkcjonowanie poszczeg\u00f3lnych system\u00f3w sanitarnych. Zapobiega nadmiernemu gromadzeniu si\u0119 osadu, zmniejsza ryzyko zator\u00f3w i minimalizuje nieprzyjemne zapachy, jednocze\u015bnie promuj\u0105c r\u00f3wnowag\u0119 biologiczn\u0105 niezb\u0119dn\u0105 do skutecznego oczyszczania \u015bciek\u00f3w. Dzi\u0119ki silnemu sk\u0142adowi zapewnia ci\u0105g\u0142e dzia\u0142anie, kt\u00f3re pomaga przed\u0142u\u017cy\u0107 \u017cywotno\u015b\u0107 szamba i zmniejsza cz\u0119stotliwo\u015b\u0107 wypompowywania.<\/p>\n<p><strong><img decoding=\"async\" style=\"margin-right: 12px;\" src=\"https:\/\/www.ferberpainting.com\/wp-content\/uploads\/2026\/02\/Check.svg\" alt=\"\" width=\"18\" height=\"15\" \/>Satysfakcja gwarantowana lub zwrot pieni\u0119dzy.<\/strong>\u00a0Mamy pe\u0142ne zaufanie do skuteczno\u015bci naszego oczyszczania szamba. Dlatego oferujemy gwarancj\u0119 satysfakcji lub zwrot pieni\u0119dzy. Je\u015bli produkt nie spe\u0142ni Twoich oczekiwa\u0144 po prawid\u0142owym u\u017cyciu zgodnie z zaleceniami, masz mo\u017cliwo\u015b\u0107 za\u017c\u0105dania zwrotu pieni\u0119dzy bez \u017cadnych warunk\u00f3w, zapewniaj\u0105c bezpieczny i wolny od ryzyka zakup.<\/p>\n<p><strong><img decoding=\"async\" style=\"margin-right: 12px;\" src=\"https:\/\/www.ferberpainting.com\/wp-content\/uploads\/2026\/02\/Check.svg\" alt=\"\" width=\"18\" height=\"15\" \/>Nadaje si\u0119 do wszystkich typ\u00f3w zbiornik\u00f3w i materia\u0142\u00f3w.<\/strong>\u00a0\u015arodek ten jest kompatybilny ze szambami wykonanymi z betonu, plastiku, cementu i materia\u0142\u00f3w kompozytowych, a tak\u017ce z tradycyjnymi i ekologicznymi systemami sanitarnymi. Dzia\u0142a skutecznie w ca\u0142kowicie wodnych szambach i separatorach t\u0142uszczu, dostosowuj\u0105c si\u0119 do wszystkich niekolektywnych konfiguracji sanitarnych, zar\u00f3wno w przypadku prywatnego domu, pensjonatu, jak i profesjonalnej instalacji.<\/p>\n<p><strong><img decoding=\"async\" style=\"margin-right: 12px;\" src=\"https:\/\/www.ferberpainting.com\/wp-content\/uploads\/2026\/02\/Check.svg\" alt=\"\" width=\"18\" height=\"15\" \/>Ekonomiczne i zoptymalizowane dozowanie.<\/strong>\u00a0Dzi\u0119ki skoncentrowanej formule, jedna butelka zapewnia skuteczn\u0105 piel\u0119gnacj\u0119 przez 1 rok, co pozwala unikn\u0105\u0107 cz\u0119stych zakup\u00f3w i zapewnia op\u0142acalne rozwi\u0105zanie w zakresie konserwacji szamba. Jego stopniowe dzia\u0142anie pozwala na ci\u0105g\u0142y rozk\u0142ad materii organicznej i zmniejsza potrzeb\u0119 kosztownych i niewygodnych wypompowa\u0144.<\/p>\n<p><strong><img decoding=\"async\" style=\"margin-right: 12px;\" src=\"https:\/\/www.ferberpainting.com\/wp-content\/uploads\/2026\/02\/Check.svg\" alt=\"\" width=\"18\" height=\"15\" \/>Produkt bezpieczny i przyjazny dla \u015brodowiska.<\/strong>\u00a0Ten \u015brodek do szamba zosta\u0142 opracowany bez u\u017cycia agresywnych chemikali\u00f3w i jest bezpieczny dla \u015brodowiska. Utrzymuje naturaln\u0105 r\u00f3wnowag\u0119 zbiornika, dzia\u0142aj\u0105c biologicznie w celu ograniczenia gromadzenia si\u0119 szlamu i zapobiegania zatykaniu si\u0119 rur. Nie stanowi zagro\u017cenia dla otaczaj\u0105cej flory i fauny, przyczyniaj\u0105c si\u0119 do bardziej ekologicznej i zr\u00f3wnowa\u017conej sanitacji.<\/p>\n<p><strong><img decoding=\"async\" style=\"margin-right: 12px;\" src=\"https:\/\/www.ferberpainting.com\/wp-content\/uploads\/2026\/02\/Check.svg\" alt=\"\" width=\"18\" height=\"15\" \/>\u0141atwa w u\u017cyciu i bezwysi\u0142kowa aplikacja.<\/strong>\u00a0Produkt jest gotowy do u\u017cycia i nie wymaga skomplikowanej obs\u0142ugi ani specjalnego sprz\u0119tu. Wystarczy wla\u0107 go bezpo\u015brednio do toalety lub najbli\u017cszego odp\u0142ywu wody, aby zapewni\u0107 r\u00f3wnomiern\u0105 dystrybucj\u0119 w ca\u0142ym zbiorniku. Jego proste u\u017cycie pozwala ka\u017cdemu na skuteczn\u0105 konserwacj\u0119 systemu bez konieczno\u015bci posiadania specjalistycznej wiedzy.<\/p>\n<p><strong><img decoding=\"async\" style=\"margin-right: 12px;\" src=\"https:\/\/www.ferberpainting.com\/wp-content\/uploads\/2026\/02\/Check.svg\" alt=\"\" width=\"18\" height=\"15\" \/>Trwa\u0142o\u015b\u0107 i zapobieganie awariom.<\/strong>\u00a0Utrzymuj\u0105c zdrow\u0105 r\u00f3wnowag\u0119 biologiczn\u0105 w zbiorniku, zabieg ten wyd\u0142u\u017ca jego \u017cywotno\u015b\u0107, zapobiega zatykaniu si\u0119 i ogranicza kosztowne interwencje. Zapobiega tworzeniu si\u0119 osad\u00f3w sta\u0142ych, zmniejszaj\u0105c tym samym ryzyko zator\u00f3w i niedro\u017cno\u015bci rur, zapewniaj\u0105c optymalne warunki sanitarne przez ca\u0142y rok.<\/p>\n<p><strong><img decoding=\"async\" style=\"margin-right: 12px;\" src=\"https:\/\/www.ferberpainting.com\/wp-content\/uploads\/2026\/02\/Check.svg\" alt=\"\" width=\"18\" height=\"15\" \/>Szybkie dzia\u0142anie i widoczne rezultaty w ci\u0105gu kilku dni.<\/strong>\u00a0Po zastosowaniu preparat ten natychmiast dzia\u0142a na odpady organiczne i zaczyna przywraca\u0107 r\u00f3wnowag\u0119 w zbiorniku. W ci\u0105gu zaledwie kilku dni nieprzyjemne zapachy zostaj\u0105 zredukowane, skraplanie osadu ulega poprawie, a prawid\u0142owy przep\u0142yw \u015bciek\u00f3w zostaje przywr\u00f3cony, zapewniaj\u0105c optymaln\u0105 wydajno\u015b\u0107 systemu.<\/p>\n<h2>Protok\u00f3\u0142 u\u017cytkowania<\/h2>\n<ul>\n<li><strong>Zalecane dawkowanie <\/strong>: Jedna butelka oczyszcza szambo przez 1 rok. Zaleca si\u0119 wlewanie regularnej dawki co miesi\u0105c, aby utrzyma\u0107 skuteczno\u015b\u0107 leczenia.<\/li>\n<li><strong>Zastosowanie produktu <\/strong>: Wla\u0107 zalecan\u0105 ilo\u015b\u0107 bezpo\u015brednio do toalety lub zlewu, a nast\u0119pnie sp\u0142uka\u0107 lub uruchomi\u0107 wod\u0119, aby zapewni\u0107 prawid\u0142ow\u0105 dyfuzj\u0119 do systemu sanitarnego.<\/li>\n<li><strong>Cz\u0119stotliwo\u015b\u0107 konserwacji <\/strong>: Produkt nale\u017cy stosowa\u0107 raz w miesi\u0105cu, aby zapewni\u0107 ci\u0105g\u0142\u0105 konserwacj\u0119 i zapobiec gromadzeniu si\u0119 osadu. Regularna konserwacja pomaga zoptymalizowa\u0107 wydajno\u015b\u0107 zbiornika i zmniejsza potrzeb\u0119 interwencji konserwacyjnych.<\/li>\n<li><strong>Oczekiwane efekty <\/strong>: Po kilku dniach up\u0142ynnianie materii organicznej poprawia si\u0119, nieprzyjemne zapachy zmniejszaj\u0105 si\u0119, a og\u00f3lna wydajno\u015b\u0107 szamba jest zoptymalizowana.<\/li>\n<li><strong>\u015arodki ostro\u017cno\u015bci dotycz\u0105ce u\u017cytkowania <\/strong>: Nie u\u017cywaj tego produktu jednocze\u015bnie z silnymi chemicznymi \u015brodkami czyszcz\u0105cymi (takimi jak wybielacze lub kwasy), aby unikn\u0105\u0107 zmniejszenia jego skuteczno\u015bci.<\/li>\n<li><strong>Przechowywanie i konserwacja <\/strong>: Produkt nale\u017cy przechowywa\u0107 w suchym i umiarkowanym miejscu, z dala od \u015bwiat\u0142a s\u0142onecznego i mrozu, aby zapewni\u0107 jego stabilno\u015b\u0107 i skuteczno\u015b\u0107.<\/li>\n<\/ul>\n<p>Dzi\u0119ki temu oczyszczaniu szamba konserwacja systemu nie wymaga wysi\u0142ku, zapewniaj\u0105c optymaln\u0105 wydajno\u015b\u0107 przy jednoczesnej ochronie \u015brodowiska i zmniejszeniu koszt\u00f3w konserwacji i wypompowywania.<\/p>","protected":false},"excerpt":{"rendered":"<p>Effective and long-lasting septic tank maintenance.\u00a0This septic tank treatment is specially designed to optimize the proper functioning of individual sanitation systems. It prevents excessive sludge accumulation, reduces the risk of blockages, and minimizes bad odors while promoting the biological balance necessary for effective wastewater treatment. Thanks to its powerful formulation, it ensures continuous action that [&hellip;]<\/p>\n","protected":false},"featured_media":27165,"comment_status":"open","ping_status":"closed","template":"","meta":{"_uag_custom_page_level_css":"","site-sidebar-layout":"default","site-content-layout":"","ast-site-content-layout":"default","site-content-style":"default","site-sidebar-style":"default","ast-global-header-display":"","ast-banner-title-visibility":"","ast-main-header-display":"","ast-hfb-above-header-display":"","ast-hfb-below-header-display":"","ast-hfb-mobile-header-display":"","site-post-title":"","ast-breadcrumbs-content":"","ast-featured-img":"","footer-sml-layout":"","ast-disable-related-posts":"","theme-transparent-header-meta":"default","adv-header-id-meta":"","stick-header-meta":"","header-above-stick-meta":"","header-main-stick-meta":"","header-below-stick-meta":"","astra-migrate-meta-layouts":"set","ast-page-background-enabled":"default","ast-page-background-meta":{"desktop":{"background-color":"var(--ast-global-color-4)","background-image":"","background-repeat":"repeat","background-position":"center center","background-size":"auto","background-attachment":"scroll","background-type":"","background-media":"","overlay-type":"","overlay-color":"","overlay-opacity":"","overlay-gradient":""},"tablet":{"background-color":"","background-image":"","background-repeat":"repeat","background-position":"center center","background-size":"auto","background-attachment":"scroll","background-type":"","background-media":"","overlay-type":"","overlay-color":"","overlay-opacity":"","overlay-gradient":""},"mobile":{"background-color":"","background-image":"","background-repeat":"repeat","background-position":"center center","background-size":"auto","background-attachment":"scroll","background-type":"","background-media":"","overlay-type":"","overlay-color":"","overlay-opacity":"","overlay-gradient":""}},"ast-content-background-meta":{"desktop":{"background-color":"var(--ast-global-color-5)","background-image":"","background-repeat":"repeat","background-position":"center center","background-size":"auto","background-attachment":"scroll","background-type":"","background-media":"","overlay-type":"","overlay-color":"","overlay-opacity":"","overlay-gradient":""},"tablet":{"background-color":"var(--ast-global-color-5)","background-image":"","background-repeat":"repeat","background-position":"center center","background-size":"auto","background-attachment":"scroll","background-type":"","background-media":"","overlay-type":"","overlay-color":"","overlay-opacity":"","overlay-gradient":""},"mobile":{"background-color":"var(--ast-global-color-5)","background-image":"","background-repeat":"repeat","background-position":"center center","background-size":"auto","background-attachment":"scroll","background-type":"","background-media":"","overlay-type":"","overlay-color":"","overlay-opacity":"","overlay-gradient":""}}},"product_brand":[],"product_cat":[175],"product_tag":[],"class_list":{"0":"post-25283","1":"product","2":"type-product","3":"status-publish","4":"has-post-thumbnail","6":"product_cat-cleaning-products","7":"desktop-align-left","8":"tablet-align-left","9":"mobile-align-left","11":"first","12":"instock","13":"taxable","14":"shipping-taxable","15":"purchasable","16":"product-type-simple"},"spectra_custom_meta":{"_visibility":["visible"],"_shopify_product_id":["9061152882933"],"_s2w_shopify_domain":["ferberpainting.myshopify.com"],"_shopify_variant_id":["46484680802549"],"_sku":["FPSEPTICTANKTREATMENT250ML"],"_regular_price":["29.90"],"_price":["29.90"],"_sale_price":[""],"_weight":["0.45"],"_thumbnail_id":["27165"],"_global_unique_id":["5056773818408"],"total_sales":["14"],"_tax_status":["taxable"],"_tax_class":[""],"_manage_stock":["no"],"_backorders":["no"],"_sold_individually":["no"],"_virtual":["no"],"_downloadable":["no"],"_download_limit":["-1"],"_download_expiry":["-1"],"_stock":[null],"_stock_status":["instock"],"_wc_average_rating":["4.71"],"_wc_review_count":["7"],"_product_version":["10.5.1"],"_edit_lock":["1776895678:9328"],"merchant-center-availability":["yes"],"merchant-center-category":["7470"],"_edit_last":["1"],"_wp_page_template":["default"],"site-sidebar-layout":["default"],"ast-site-content-layout":["default"],"site-content-style":["default"],"site-sidebar-style":["default"],"theme-transparent-header-meta":["default"],"_wc_rating_count":["a:2:{i:4;i:2;i:5;i:5;}"],"astra-migrate-meta-layouts":["set"],"_uag_css_file_name":["uag-css-25283.css"],"_uag_page_assets":["a:9:{s:3:\"css\";s:7133:\".uag-blocks-common-selector{z-index:var(--z-index-desktop) !important}@media(max-width: 976px){.uag-blocks-common-selector{z-index:var(--z-index-tablet) !important}}@media(max-width: 767px){.uag-blocks-common-selector{z-index:var(--z-index-mobile) !important}}.wp-block-uagb-image{display:flex}.wp-block-uagb-image__figure{position:relative;display:flex;flex-direction:column;max-width:100%;height:auto;margin:0}.wp-block-uagb-image__figure img{height:auto;display:flex;max-width:100%;transition:box-shadow .2s ease}.wp-block-uagb-image__figure>a{display:inline-block}.wp-block-uagb-image__figure figcaption{text-align:center;margin-top:.5em;margin-bottom:1em}.wp-block-uagb-image .components-placeholder.block-editor-media-placeholder .components-placeholder__instructions{align-self:center}.wp-block-uagb-image--align-left{text-align:left}.wp-block-uagb-image--align-right{text-align:right}.wp-block-uagb-image--align-center{text-align:center}.wp-block-uagb-image--align-full .wp-block-uagb-image__figure{margin-left:calc(50% - 50vw);margin-right:calc(50% - 50vw);max-width:100vw;width:100vw;height:auto}.wp-block-uagb-image--align-full .wp-block-uagb-image__figure img{height:auto;width:100% !important}.wp-block-uagb-image--align-wide .wp-block-uagb-image__figure img{height:auto;width:100%}.wp-block-uagb-image--layout-overlay__color-wrapper{position:absolute;left:0;top:0;right:0;bottom:0;opacity:.2;background:rgba(0,0,0,.5);transition:opacity .35s ease-in-out}.wp-block-uagb-image--layout-overlay-link{position:absolute;left:0;right:0;bottom:0;top:0}.wp-block-uagb-image--layout-overlay .wp-block-uagb-image__figure:hover .wp-block-uagb-image--layout-overlay__color-wrapper{opacity:1}.wp-block-uagb-image--layout-overlay__inner{position:absolute;left:15px;right:15px;bottom:15px;top:15px;display:flex;align-items:center;justify-content:center;flex-direction:column;border-color:#fff;transition:.35s ease-in-out}.wp-block-uagb-image--layout-overlay__inner.top-left,.wp-block-uagb-image--layout-overlay__inner.top-center,.wp-block-uagb-image--layout-overlay__inner.top-right{justify-content:flex-start}.wp-block-uagb-image--layout-overlay__inner.bottom-left,.wp-block-uagb-image--layout-overlay__inner.bottom-center,.wp-block-uagb-image--layout-overlay__inner.bottom-right{justify-content:flex-end}.wp-block-uagb-image--layout-overlay__inner.top-left,.wp-block-uagb-image--layout-overlay__inner.center-left,.wp-block-uagb-image--layout-overlay__inner.bottom-left{align-items:flex-start}.wp-block-uagb-image--layout-overlay__inner.top-right,.wp-block-uagb-image--layout-overlay__inner.center-right,.wp-block-uagb-image--layout-overlay__inner.bottom-right{align-items:flex-end}.wp-block-uagb-image--layout-overlay__inner .uagb-image-heading{color:#fff;transition:transform .35s,opacity .35s ease-in-out;transform:translate3d(0, 24px, 0);margin:0;line-height:1em}.wp-block-uagb-image--layout-overlay__inner .uagb-image-separator{width:30%;border-top-width:2px;border-top-color:#fff;border-top-style:solid;margin-bottom:10px;opacity:0;transition:transform .4s,opacity .4s ease-in-out;transform:translate3d(0, 30px, 0)}.wp-block-uagb-image--layout-overlay__inner .uagb-image-caption{opacity:0;overflow:visible;color:#fff;transition:transform .45s,opacity .45s ease-in-out;transform:translate3d(0, 35px, 0)}.wp-block-uagb-image--layout-overlay__inner:hover .uagb-image-heading,.wp-block-uagb-image--layout-overlay__inner:hover .uagb-image-separator,.wp-block-uagb-image--layout-overlay__inner:hover .uagb-image-caption{opacity:1;transform:translate3d(0, 0, 0)}.wp-block-uagb-image--effect-zoomin .wp-block-uagb-image__figure img,.wp-block-uagb-image--effect-zoomin .wp-block-uagb-image__figure .wp-block-uagb-image--layout-overlay__color-wrapper{transform:scale(1);transition:transform .35s ease-in-out}.wp-block-uagb-image--effect-zoomin .wp-block-uagb-image__figure:hover img,.wp-block-uagb-image--effect-zoomin .wp-block-uagb-image__figure:hover .wp-block-uagb-image--layout-overlay__color-wrapper{transform:scale(1.05)}.wp-block-uagb-image--effect-slide .wp-block-uagb-image__figure img,.wp-block-uagb-image--effect-slide .wp-block-uagb-image__figure .wp-block-uagb-image--layout-overlay__color-wrapper{width:calc(100% + 40px) !important;max-width:none !important;transform:translate3d(-40px, 0, 0);transition:transform .35s ease-in-out}.wp-block-uagb-image--effect-slide .wp-block-uagb-image__figure:hover img,.wp-block-uagb-image--effect-slide .wp-block-uagb-image__figure:hover .wp-block-uagb-image--layout-overlay__color-wrapper{transform:translate3d(0, 0, 0)}.wp-block-uagb-image--effect-grayscale img{filter:grayscale(0%);transition:.35s ease-in-out}.wp-block-uagb-image--effect-grayscale:hover img{filter:grayscale(100%)}.wp-block-uagb-image--effect-blur img{filter:blur(0);transition:.35s ease-in-out}.wp-block-uagb-image--effect-blur:hover img{filter:blur(3px)}.uagb-block-e6f939b3.wp-block-uagb-image--layout-default figure img{box-shadow: 0px 0px 0 #00000070;}.uagb-block-e6f939b3.wp-block-uagb-image .wp-block-uagb-image__figure figcaption{font-style: normal;align-self: center;}.uagb-block-e6f939b3.wp-block-uagb-image--layout-overlay figure img{box-shadow: 0px 0px 0 #00000070;}.uagb-block-e6f939b3.wp-block-uagb-image--layout-overlay .wp-block-uagb-image--layout-overlay__color-wrapper{opacity: 0.2;}.uagb-block-e6f939b3.wp-block-uagb-image--layout-overlay .wp-block-uagb-image--layout-overlay__inner{left: 15px;right: 15px;top: 15px;bottom: 15px;}.uagb-block-e6f939b3.wp-block-uagb-image--layout-overlay .wp-block-uagb-image--layout-overlay__inner .uagb-image-heading{font-style: normal;color: #fff;opacity: 1;}.uagb-block-e6f939b3.wp-block-uagb-image--layout-overlay .wp-block-uagb-image--layout-overlay__inner .uagb-image-heading a{color: #fff;}.uagb-block-e6f939b3.wp-block-uagb-image--layout-overlay .wp-block-uagb-image--layout-overlay__inner .uagb-image-caption{opacity: 0;}.uagb-block-e6f939b3.wp-block-uagb-image--layout-overlay .wp-block-uagb-image__figure:hover .wp-block-uagb-image--layout-overlay__color-wrapper{opacity: 1;}.uagb-block-e6f939b3.wp-block-uagb-image .wp-block-uagb-image--layout-overlay__inner .uagb-image-separator{width: 30%;border-top-width: 2px;border-top-color: #fff;opacity: 0;}.uagb-block-e6f939b3.wp-block-uagb-image .wp-block-uagb-image__figure img{width: px;height: auto;}.uagb-block-e6f939b3.wp-block-uagb-image .wp-block-uagb-image__figure:hover .wp-block-uagb-image--layout-overlay__inner .uagb-image-caption{opacity: 1;}.uagb-block-e6f939b3.wp-block-uagb-image .wp-block-uagb-image__figure:hover .wp-block-uagb-image--layout-overlay__inner .uagb-image-separator{opacity: 1;}.uagb-block-e6f939b3.wp-block-uagb-image--layout-default figure:hover img{box-shadow: 0px 0px 0 #00000070;}.uagb-block-e6f939b3.wp-block-uagb-image--layout-overlay figure:hover img{box-shadow: 0px 0px 0 #00000070;}@media only screen and (max-width: 976px) {.uagb-block-e6f939b3.wp-block-uagb-image .wp-block-uagb-image__figure img{width: px;height: auto;}}@media only screen and (max-width: 767px) {.uagb-block-e6f939b3.wp-block-uagb-image .wp-block-uagb-image__figure img{width: px;height: auto;}}\";s:2:\"js\";s:0:\"\";s:18:\"current_block_list\";a:13:{i:0;s:11:\"core\/search\";i:1;s:10:\"core\/group\";i:2;s:12:\"core\/heading\";i:3;s:17:\"core\/latest-posts\";i:4;s:20:\"core\/latest-comments\";i:5;s:13:\"core\/archives\";i:6;s:15:\"core\/categories\";i:7;s:14:\"core\/paragraph\";i:8;s:10:\"uagb\/image\";i:9;s:11:\"core\/spacer\";i:10;s:30:\"woocommerce\/product-categories\";i:11;s:10:\"core\/image\";i:12;s:14:\"core\/shortcode\";}s:8:\"uag_flag\";b:1;s:11:\"uag_version\";s:10:\"1777243031\";s:6:\"gfonts\";a:0:{}s:10:\"gfonts_url\";s:0:\"\";s:12:\"gfonts_files\";a:0:{}s:14:\"uag_faq_layout\";b:0;}"],"_elementor_page_assets":["a:0:{}"]},"uagb_featured_image_src":{"full":["https:\/\/www.ferberpainting.com\/wp-content\/uploads\/2025\/05\/SepticTankTreatment.png",2560,2560,false],"thumbnail":["https:\/\/www.ferberpainting.com\/wp-content\/uploads\/2025\/05\/SepticTankTreatment-150x150.png",150,150,true],"medium":["https:\/\/www.ferberpainting.com\/wp-content\/uploads\/2025\/05\/SepticTankTreatment-300x300.png",300,300,true],"medium_large":["https:\/\/www.ferberpainting.com\/wp-content\/uploads\/2025\/05\/SepticTankTreatment-768x768.png",768,768,true],"large":["https:\/\/www.ferberpainting.com\/wp-content\/uploads\/2025\/05\/SepticTankTreatment-1024x1024.png",1024,1024,true],"1536x1536":["https:\/\/www.ferberpainting.com\/wp-content\/uploads\/2025\/05\/SepticTankTreatment-1536x1536.png",1536,1536,true],"2048x2048":["https:\/\/www.ferberpainting.com\/wp-content\/uploads\/2025\/05\/SepticTankTreatment-2048x2048.png",2048,2048,true],"trp-custom-language-flag":["https:\/\/www.ferberpainting.com\/wp-content\/uploads\/2025\/05\/SepticTankTreatment-12x12.png",12,12,true],"woocommerce_thumbnail":["https:\/\/www.ferberpainting.com\/wp-content\/uploads\/2025\/05\/SepticTankTreatment-300x300.png",300,300,true],"woocommerce_single":["https:\/\/www.ferberpainting.com\/wp-content\/uploads\/2025\/05\/SepticTankTreatment-600x600.png",600,600,true],"woocommerce_gallery_thumbnail":["https:\/\/www.ferberpainting.com\/wp-content\/uploads\/2025\/05\/SepticTankTreatment-100x100.png",100,100,true]},"uagb_author_info":{"display_name":"admin","author_link":"https:\/\/www.ferberpainting.com\/pl\/author\/"},"uagb_comment_info":7,"uagb_excerpt":"Effective and long-lasting septic tank maintenance.\u00a0This septic tank treatment is specially designed to optimize the proper functioning of individual sanitation systems. It prevents excessive sludge accumulation, reduces the risk of blockages, and minimizes bad odors while promoting the biological balance necessary for effective wastewater treatment. Thanks to its powerful formulation, it ensures continuous action that&hellip;","_links":{"self":[{"href":"https:\/\/www.ferberpainting.com\/pl\/wp-json\/wp\/v2\/product\/25283","targetHints":{"allow":["GET"]}}],"collection":[{"href":"https:\/\/www.ferberpainting.com\/pl\/wp-json\/wp\/v2\/product"}],"about":[{"href":"https:\/\/www.ferberpainting.com\/pl\/wp-json\/wp\/v2\/types\/product"}],"replies":[{"embeddable":true,"href":"https:\/\/www.ferberpainting.com\/pl\/wp-json\/wp\/v2\/comments?post=25283"}],"version-history":[{"count":3,"href":"https:\/\/www.ferberpainting.com\/pl\/wp-json\/wp\/v2\/product\/25283\/revisions"}],"predecessor-version":[{"id":167263,"href":"https:\/\/www.ferberpainting.com\/pl\/wp-json\/wp\/v2\/product\/25283\/revisions\/167263"}],"wp:featuredmedia":[{"embeddable":true,"href":"https:\/\/www.ferberpainting.com\/pl\/wp-json\/wp\/v2\/media\/27165"}],"wp:attachment":[{"href":"https:\/\/www.ferberpainting.com\/pl\/wp-json\/wp\/v2\/media?parent=25283"}],"wp:term":[{"taxonomy":"product_brand","embeddable":true,"href":"https:\/\/www.ferberpainting.com\/pl\/wp-json\/wp\/v2\/product_brand?post=25283"},{"taxonomy":"product_cat","embeddable":true,"href":"https:\/\/www.ferberpainting.com\/pl\/wp-json\/wp\/v2\/product_cat?post=25283"},{"taxonomy":"product_tag","embeddable":true,"href":"https:\/\/www.ferberpainting.com\/pl\/wp-json\/wp\/v2\/product_tag?post=25283"}],"curies":[{"name":"wp","href":"https:\/\/api.w.org\/{rel}","templated":true}]}}