{"id":25282,"date":"2025-05-26T10:30:20","date_gmt":"2025-05-26T08:30:20","guid":{"rendered":"https:\/\/www.ferberpainting.com\/products\/septic-tank-activator\/"},"modified":"2026-02-16T10:26:40","modified_gmt":"2026-02-16T09:26:40","slug":"septic-tank-activator","status":"publish","type":"product","link":"https:\/\/www.ferberpainting.com\/pl\/products\/septic-tank-activator\/","title":{"rendered":"Aktywator szamba"},"content":{"rendered":"<p><strong><img decoding=\"async\" style=\"margin-right: 12px;\" src=\"https:\/\/www.ferberpainting.com\/wp-content\/uploads\/2026\/02\/Check.svg\" alt=\"\" width=\"18\" height=\"15\" \/>Silna aktywacja biologiczna dla optymalnej wydajno\u015bci szamba.<\/strong> Nasz aktywator do szamba zosta\u0142 specjalnie opracowany w celu przywr\u00f3cenia i utrzymania naturalnej r\u00f3wnowagi biologicznej w systemie septycznym. Zawiera starannie wyselekcjonowane aktywne bakterie i enzymy, kt\u00f3re skutecznie rozk\u0142adaj\u0105 odpady organiczne, zapewniaj\u0105c p\u0142ynne i niezawodne dzia\u0142anie przez ca\u0142y rok.<\/p>\n<p><strong><img decoding=\"async\" style=\"margin-right: 12px;\" src=\"https:\/\/www.ferberpainting.com\/wp-content\/uploads\/2026\/02\/Check.svg\" alt=\"\" width=\"18\" height=\"15\" \/>Najskuteczniejszy \u015brodek do szamba na rynku.<\/strong> Dzi\u0119ki wysokiemu st\u0119\u017ceniu aktywnych mikroorganizm\u00f3w nasza formu\u0142a przyspiesza rozk\u0142ad cia\u0142 sta\u0142ych, zmniejsza gromadzenie si\u0119 szlamu i poprawia og\u00f3ln\u0105 wydajno\u015b\u0107 zbiornika. Wspomaga naturalny proces trawienia i pomaga zapobiega\u0107 zatorom i przeci\u0105\u017ceniu systemu.<\/p>\n<p><strong><img decoding=\"async\" style=\"margin-right: 12px;\" src=\"https:\/\/www.ferberpainting.com\/wp-content\/uploads\/2026\/02\/Check.svg\" alt=\"\" width=\"18\" height=\"15\" \/>Bezkonkurencyjna cena.<\/strong> Utrzymanie szamba nie powinno by\u0107 kosztowne. Oferujemy profesjonaln\u0105 skuteczno\u015b\u0107 biologiczn\u0105 w najbardziej konkurencyjnej cenie, zapewniaj\u0105c maksymaln\u0105 wydajno\u015b\u0107 w najlepszej cenie.<\/p>\n<p><strong><img decoding=\"async\" style=\"margin-right: 12px;\" src=\"https:\/\/www.ferberpainting.com\/wp-content\/uploads\/2026\/02\/Check.svg\" alt=\"\" width=\"18\" height=\"15\" \/>Gwarancja zwrotu pieni\u0119dzy dla pe\u0142nego zaufania.<\/strong> Jeste\u015bmy przekonani o skuteczno\u015bci naszego aktywatora szamba. Je\u015bli nie b\u0119dziesz w pe\u0142ni zadowolony z rezultat\u00f3w, oferujemy gwarancj\u0119 zwrotu pieni\u0119dzy. Wystarczy skontaktowa\u0107 si\u0119 z nami, a my bez wahania zwr\u00f3cimy pieni\u0105dze za zakup.<\/p>\n<p><strong><img decoding=\"async\" style=\"margin-right: 12px;\" src=\"https:\/\/www.ferberpainting.com\/wp-content\/uploads\/2026\/02\/Check.svg\" alt=\"\" width=\"18\" height=\"15\" \/>Szybka dostawa w ci\u0105gu 24 godzin w celu natychmiastowej konserwacji.<\/strong> Zawsze zapewniamy 24-godzinn\u0105 dostaw\u0119, umo\u017cliwiaj\u0105c bezzw\u0142oczn\u0105 konserwacj\u0119 lub napraw\u0119 systemu septycznego.<\/p>\n<p><strong><img decoding=\"async\" style=\"margin-right: 12px;\" src=\"https:\/\/www.ferberpainting.com\/wp-content\/uploads\/2026\/02\/Check.svg\" alt=\"\" width=\"18\" height=\"15\" \/>Jedna butelka na rok dla prostej konserwacji.<\/strong> Nasza skoncentrowana formu\u0142a jest przeznaczona do corocznego stosowania. Wystarczy jedna butelka rocznie, aby utrzyma\u0107 r\u00f3wnowag\u0119 biologiczn\u0105 standardowego domowego szamba w normalnych warunkach u\u017cytkowania.<\/p>\n<p><strong><img decoding=\"async\" style=\"margin-right: 12px;\" src=\"https:\/\/www.ferberpainting.com\/wp-content\/uploads\/2026\/02\/Check.svg\" alt=\"\" width=\"18\" height=\"15\" \/>Redukuje nieprzyjemne zapachy.<\/strong> Zwi\u0119kszaj\u0105c rozk\u0142ad odpad\u00f3w organicznych, aktywator znacznie ogranicza powstawanie cuchn\u0105cych gaz\u00f3w, zapewniaj\u0105c czyste i dyskretne dzia\u0142anie systemu.<\/p>\n<p><strong><img decoding=\"async\" style=\"margin-right: 12px;\" src=\"https:\/\/www.ferberpainting.com\/wp-content\/uploads\/2026\/02\/Check.svg\" alt=\"\" width=\"18\" height=\"15\" \/>Zapobiega gromadzeniu si\u0119 szlamu i zatykaniu.<\/strong> Regularne stosowanie pomaga ograniczy\u0107 nadmierne gromadzenie si\u0119 osadu, zmniejszaj\u0105c ryzyko zator\u00f3w w rurach, odp\u0142ywach i systemach kanalizacyjnych.<\/p>\n<p><strong><img decoding=\"async\" style=\"margin-right: 12px;\" src=\"https:\/\/www.ferberpainting.com\/wp-content\/uploads\/2026\/02\/Check.svg\" alt=\"\" width=\"18\" height=\"15\" \/>Przyjazne dla \u015brodowiska rozwi\u0105zanie biologiczne.<\/strong> Produkt oparty jest na naturalnych kulturach bakteryjnych i enzymach, bez ostrych chemikali\u00f3w, kt\u00f3re mog\u0142yby zak\u0142\u00f3ci\u0107 ekosystem lub uszkodzi\u0107 system septyczny.<\/p>\n<p><strong><img decoding=\"async\" style=\"margin-right: 12px;\" src=\"https:\/\/www.ferberpainting.com\/wp-content\/uploads\/2026\/02\/Check.svg\" alt=\"\" width=\"18\" height=\"15\" \/>Nadaje si\u0119 do wszystkich standardowych system\u00f3w septycznych.<\/strong> Kompatybilny z wi\u0119kszo\u015bci\u0105 domowych szamb, separator\u00f3w t\u0142uszczu i system\u00f3w oczyszczania \u015bciek\u00f3w, je\u015bli jest u\u017cywany zgodnie z instrukcjami.<\/p>\n<h2><strong>Instrukcje<\/strong><\/h2>\n<ul>\n<li>W przypadku standardowego zbiornika septycznego obs\u0142uguj\u0105cego przeci\u0119tne gospodarstwo domowe nale\u017cy zu\u017cywa\u0107 jedn\u0105 pe\u0142n\u0105 butelk\u0119 rocznie.<\/li>\n<li>Przed u\u017cyciem dok\u0142adnie wstrz\u0105sn\u0105\u0107 butelk\u0105, aby zapewni\u0107 r\u00f3wnomierne rozprowadzenie aktywnych bakterii i enzym\u00f3w.<\/li>\n<li>Produkt powinien by\u0107 stosowany, gdy zbiornik znajduje si\u0119 na normalnym poziomie roboczym, a nie bezpo\u015brednio po pompowaniu.<\/li>\n<li>Aby uzyska\u0107 najlepsze rezultaty, nale\u017cy wla\u0107 ca\u0142\u0105 zawarto\u015b\u0107 butelki bezpo\u015brednio do toalety pod\u0142\u0105czonej do szamba.<\/li>\n<li>Przep\u0142uka\u0107 raz, aby upewni\u0107 si\u0119, \u017ce produkt dosta\u0142 si\u0119 do systemu.<\/li>\n<li>Zastosuj aktywator najlepiej wieczorem, aby umo\u017cliwi\u0107 mikroorganizmom niezak\u0142\u00f3con\u0105 prac\u0119 przez noc.<\/li>\n<li>Unikaj stosowania du\u017cych ilo\u015bci wybielaczy, \u015brodk\u00f3w dezynfekuj\u0105cych lub silnych chemicznych \u015brodk\u00f3w czyszcz\u0105cych przez kilka dni po aplikacji, poniewa\u017c mog\u0105 one zmniejszy\u0107 skuteczno\u015b\u0107 bakterii.<\/li>\n<li>W przypadku system\u00f3w, kt\u00f3re zosta\u0142y niedawno przepompowane lub wykazuj\u0105 zmniejszon\u0105 wydajno\u015b\u0107, aktywator mo\u017cna zastosowa\u0107 natychmiast po przepompowaniu, aby przywr\u00f3ci\u0107 r\u00f3wnowag\u0119 biologiczn\u0105.<\/li>\n<li>Nie nale\u017cy przekracza\u0107 zalecanej rocznej dawki, chyba \u017ce system jest przewymiarowany lub wyj\u0105tkowo intensywnie u\u017cytkowany.<\/li>\n<li>W gospodarstwach domowych o ponadprzeci\u0119tnym ob\u0142o\u017ceniu nale\u017cy rozwa\u017cy\u0107 podzielenie butelki na dwie po\u0142owy dawki w odst\u0119pie sze\u015bciu miesi\u0119cy.<\/li>\n<li>Regularnie monitoruj system pod k\u0105tem prawid\u0142owego odprowadzania wody i braku nieprzyjemnych zapach\u00f3w.<\/li>\n<li>Unikaj wyrzucania materia\u0142\u00f3w nieulegaj\u0105cych biodegradacji, chusteczek, produkt\u00f3w sanitarnych, olej\u00f3w lub nadmiernej ilo\u015bci chemikali\u00f3w do systemu septycznego.<\/li>\n<li>Przechowywa\u0107 butelk\u0119 szczelnie zamkni\u0119t\u0105 w ch\u0142odnym, suchym miejscu, z dala od bezpo\u015bredniego \u015bwiat\u0142a s\u0142onecznego i ekstremalnych temperatur.<\/li>\n<li>Przechowywa\u0107 w miejscu niedost\u0119pnym dla dzieci i unika\u0107 kontaktu z oczami lub sk\u00f3r\u0105 podczas obchodzenia si\u0119 z produktem.<\/li>\n<li>Nie po\u0142yka\u0107 i umy\u0107 r\u0119ce po u\u017cyciu.<\/li>\n<li>Aby zapewni\u0107 optymaln\u0105 d\u0142ugoterminow\u0105 konserwacj\u0119, nale\u017cy u\u017cywa\u0107 aktywatora szamba konsekwentnie co roku.<\/li>\n<\/ul>\n<p>Stosuj\u0105c jedn\u0105 butelk\u0119 rocznie i przestrzegaj\u0105c odpowiednich praktyk dotycz\u0105cych systemu septycznego, nasz aktywator szamba pomo\u017ce utrzyma\u0107 wydajn\u0105 aktywno\u015b\u0107 biologiczn\u0105, zmniejszy\u0107 nieprzyjemne zapachy, zapobiec gromadzeniu si\u0119 szlamu i przed\u0142u\u017cy\u0107 \u017cywotno\u015b\u0107 instalacji septycznej.<\/p>","protected":false},"excerpt":{"rendered":"<p>Powerful biological activation for optimal septic tank performance. Our septic tank activator is specially formulated to restore and maintain the natural biological balance inside your septic system. It contains carefully selected active bacteria and enzymes that break down organic waste efficiently, ensuring smooth and reliable operation throughout the year. The most effective septic tank treatment [&hellip;]<\/p>\n","protected":false},"featured_media":27163,"comment_status":"open","ping_status":"closed","template":"","meta":{"_uag_custom_page_level_css":"","site-sidebar-layout":"default","site-content-layout":"","ast-site-content-layout":"default","site-content-style":"default","site-sidebar-style":"default","ast-global-header-display":"","ast-banner-title-visibility":"","ast-main-header-display":"","ast-hfb-above-header-display":"","ast-hfb-below-header-display":"","ast-hfb-mobile-header-display":"","site-post-title":"","ast-breadcrumbs-content":"","ast-featured-img":"","footer-sml-layout":"","ast-disable-related-posts":"","theme-transparent-header-meta":"default","adv-header-id-meta":"","stick-header-meta":"","header-above-stick-meta":"","header-main-stick-meta":"","header-below-stick-meta":"","astra-migrate-meta-layouts":"set","ast-page-background-enabled":"default","ast-page-background-meta":{"desktop":{"background-color":"var(--ast-global-color-4)","background-image":"","background-repeat":"repeat","background-position":"center center","background-size":"auto","background-attachment":"scroll","background-type":"","background-media":"","overlay-type":"","overlay-color":"","overlay-opacity":"","overlay-gradient":""},"tablet":{"background-color":"","background-image":"","background-repeat":"repeat","background-position":"center center","background-size":"auto","background-attachment":"scroll","background-type":"","background-media":"","overlay-type":"","overlay-color":"","overlay-opacity":"","overlay-gradient":""},"mobile":{"background-color":"","background-image":"","background-repeat":"repeat","background-position":"center center","background-size":"auto","background-attachment":"scroll","background-type":"","background-media":"","overlay-type":"","overlay-color":"","overlay-opacity":"","overlay-gradient":""}},"ast-content-background-meta":{"desktop":{"background-color":"var(--ast-global-color-5)","background-image":"","background-repeat":"repeat","background-position":"center center","background-size":"auto","background-attachment":"scroll","background-type":"","background-media":"","overlay-type":"","overlay-color":"","overlay-opacity":"","overlay-gradient":""},"tablet":{"background-color":"var(--ast-global-color-5)","background-image":"","background-repeat":"repeat","background-position":"center center","background-size":"auto","background-attachment":"scroll","background-type":"","background-media":"","overlay-type":"","overlay-color":"","overlay-opacity":"","overlay-gradient":""},"mobile":{"background-color":"var(--ast-global-color-5)","background-image":"","background-repeat":"repeat","background-position":"center center","background-size":"auto","background-attachment":"scroll","background-type":"","background-media":"","overlay-type":"","overlay-color":"","overlay-opacity":"","overlay-gradient":""}}},"product_brand":[],"product_cat":[175],"product_tag":[],"class_list":{"0":"post-25282","1":"product","2":"type-product","3":"status-publish","4":"has-post-thumbnail","6":"product_cat-cleaning-products","7":"desktop-align-left","8":"tablet-align-left","9":"mobile-align-left","11":"first","12":"instock","13":"taxable","14":"shipping-taxable","15":"purchasable","16":"product-type-simple"},"spectra_custom_meta":{"_visibility":["visible"],"_shopify_product_id":["8050147328245"],"_s2w_shopify_domain":["ferberpainting.myshopify.com"],"_shopify_variant_id":["43843142975733"],"_sku":["FPSEPTICTANKACTIVATOR"],"_regular_price":["29.90"],"_price":["29.90"],"_sale_price":[""],"_weight":["1.3"],"_thumbnail_id":["27163"],"_global_unique_id":["5056773807464"],"total_sales":["29"],"_tax_status":["taxable"],"_tax_class":[""],"_manage_stock":["no"],"_backorders":["no"],"_sold_individually":["no"],"_virtual":["no"],"_downloadable":["no"],"_download_limit":["-1"],"_download_expiry":["-1"],"_stock":[null],"_stock_status":["instock"],"_wc_average_rating":["4.97"],"_wc_review_count":["68"],"_product_version":["10.5.1"],"_edit_lock":["1771233864:1"],"merchant-center-availability":["yes"],"merchant-center-category":["7470"],"merchant-center-id":["ADFS"],"_edit_last":["1"],"_wp_page_template":["default"],"site-sidebar-layout":["default"],"ast-site-content-layout":["default"],"site-content-style":["default"],"site-sidebar-style":["default"],"theme-transparent-header-meta":["default"],"_wc_rating_count":["a:2:{i:4;i:2;i:5;i:66;}"],"astra-migrate-meta-layouts":["set"],"_uag_css_file_name":["uag-css-25282.css"],"_elementor_page_assets":["a:0:{}"],"_uag_page_assets":["a:9:{s:3:\"css\";s:7133:\".uag-blocks-common-selector{z-index:var(--z-index-desktop) !important}@media(max-width: 976px){.uag-blocks-common-selector{z-index:var(--z-index-tablet) !important}}@media(max-width: 767px){.uag-blocks-common-selector{z-index:var(--z-index-mobile) !important}}.wp-block-uagb-image{display:flex}.wp-block-uagb-image__figure{position:relative;display:flex;flex-direction:column;max-width:100%;height:auto;margin:0}.wp-block-uagb-image__figure img{height:auto;display:flex;max-width:100%;transition:box-shadow .2s ease}.wp-block-uagb-image__figure>a{display:inline-block}.wp-block-uagb-image__figure figcaption{text-align:center;margin-top:.5em;margin-bottom:1em}.wp-block-uagb-image .components-placeholder.block-editor-media-placeholder .components-placeholder__instructions{align-self:center}.wp-block-uagb-image--align-left{text-align:left}.wp-block-uagb-image--align-right{text-align:right}.wp-block-uagb-image--align-center{text-align:center}.wp-block-uagb-image--align-full .wp-block-uagb-image__figure{margin-left:calc(50% - 50vw);margin-right:calc(50% - 50vw);max-width:100vw;width:100vw;height:auto}.wp-block-uagb-image--align-full .wp-block-uagb-image__figure img{height:auto;width:100% !important}.wp-block-uagb-image--align-wide .wp-block-uagb-image__figure img{height:auto;width:100%}.wp-block-uagb-image--layout-overlay__color-wrapper{position:absolute;left:0;top:0;right:0;bottom:0;opacity:.2;background:rgba(0,0,0,.5);transition:opacity .35s ease-in-out}.wp-block-uagb-image--layout-overlay-link{position:absolute;left:0;right:0;bottom:0;top:0}.wp-block-uagb-image--layout-overlay .wp-block-uagb-image__figure:hover .wp-block-uagb-image--layout-overlay__color-wrapper{opacity:1}.wp-block-uagb-image--layout-overlay__inner{position:absolute;left:15px;right:15px;bottom:15px;top:15px;display:flex;align-items:center;justify-content:center;flex-direction:column;border-color:#fff;transition:.35s ease-in-out}.wp-block-uagb-image--layout-overlay__inner.top-left,.wp-block-uagb-image--layout-overlay__inner.top-center,.wp-block-uagb-image--layout-overlay__inner.top-right{justify-content:flex-start}.wp-block-uagb-image--layout-overlay__inner.bottom-left,.wp-block-uagb-image--layout-overlay__inner.bottom-center,.wp-block-uagb-image--layout-overlay__inner.bottom-right{justify-content:flex-end}.wp-block-uagb-image--layout-overlay__inner.top-left,.wp-block-uagb-image--layout-overlay__inner.center-left,.wp-block-uagb-image--layout-overlay__inner.bottom-left{align-items:flex-start}.wp-block-uagb-image--layout-overlay__inner.top-right,.wp-block-uagb-image--layout-overlay__inner.center-right,.wp-block-uagb-image--layout-overlay__inner.bottom-right{align-items:flex-end}.wp-block-uagb-image--layout-overlay__inner .uagb-image-heading{color:#fff;transition:transform .35s,opacity .35s ease-in-out;transform:translate3d(0, 24px, 0);margin:0;line-height:1em}.wp-block-uagb-image--layout-overlay__inner .uagb-image-separator{width:30%;border-top-width:2px;border-top-color:#fff;border-top-style:solid;margin-bottom:10px;opacity:0;transition:transform .4s,opacity .4s ease-in-out;transform:translate3d(0, 30px, 0)}.wp-block-uagb-image--layout-overlay__inner .uagb-image-caption{opacity:0;overflow:visible;color:#fff;transition:transform .45s,opacity .45s ease-in-out;transform:translate3d(0, 35px, 0)}.wp-block-uagb-image--layout-overlay__inner:hover .uagb-image-heading,.wp-block-uagb-image--layout-overlay__inner:hover .uagb-image-separator,.wp-block-uagb-image--layout-overlay__inner:hover .uagb-image-caption{opacity:1;transform:translate3d(0, 0, 0)}.wp-block-uagb-image--effect-zoomin .wp-block-uagb-image__figure img,.wp-block-uagb-image--effect-zoomin .wp-block-uagb-image__figure .wp-block-uagb-image--layout-overlay__color-wrapper{transform:scale(1);transition:transform .35s ease-in-out}.wp-block-uagb-image--effect-zoomin .wp-block-uagb-image__figure:hover img,.wp-block-uagb-image--effect-zoomin .wp-block-uagb-image__figure:hover .wp-block-uagb-image--layout-overlay__color-wrapper{transform:scale(1.05)}.wp-block-uagb-image--effect-slide .wp-block-uagb-image__figure img,.wp-block-uagb-image--effect-slide .wp-block-uagb-image__figure .wp-block-uagb-image--layout-overlay__color-wrapper{width:calc(100% + 40px) !important;max-width:none !important;transform:translate3d(-40px, 0, 0);transition:transform .35s ease-in-out}.wp-block-uagb-image--effect-slide .wp-block-uagb-image__figure:hover img,.wp-block-uagb-image--effect-slide .wp-block-uagb-image__figure:hover .wp-block-uagb-image--layout-overlay__color-wrapper{transform:translate3d(0, 0, 0)}.wp-block-uagb-image--effect-grayscale img{filter:grayscale(0%);transition:.35s ease-in-out}.wp-block-uagb-image--effect-grayscale:hover img{filter:grayscale(100%)}.wp-block-uagb-image--effect-blur img{filter:blur(0);transition:.35s ease-in-out}.wp-block-uagb-image--effect-blur:hover img{filter:blur(3px)}.uagb-block-e6f939b3.wp-block-uagb-image--layout-default figure img{box-shadow: 0px 0px 0 #00000070;}.uagb-block-e6f939b3.wp-block-uagb-image .wp-block-uagb-image__figure figcaption{font-style: normal;align-self: center;}.uagb-block-e6f939b3.wp-block-uagb-image--layout-overlay figure img{box-shadow: 0px 0px 0 #00000070;}.uagb-block-e6f939b3.wp-block-uagb-image--layout-overlay .wp-block-uagb-image--layout-overlay__color-wrapper{opacity: 0.2;}.uagb-block-e6f939b3.wp-block-uagb-image--layout-overlay .wp-block-uagb-image--layout-overlay__inner{left: 15px;right: 15px;top: 15px;bottom: 15px;}.uagb-block-e6f939b3.wp-block-uagb-image--layout-overlay .wp-block-uagb-image--layout-overlay__inner .uagb-image-heading{font-style: normal;color: #fff;opacity: 1;}.uagb-block-e6f939b3.wp-block-uagb-image--layout-overlay .wp-block-uagb-image--layout-overlay__inner .uagb-image-heading a{color: #fff;}.uagb-block-e6f939b3.wp-block-uagb-image--layout-overlay .wp-block-uagb-image--layout-overlay__inner .uagb-image-caption{opacity: 0;}.uagb-block-e6f939b3.wp-block-uagb-image--layout-overlay .wp-block-uagb-image__figure:hover .wp-block-uagb-image--layout-overlay__color-wrapper{opacity: 1;}.uagb-block-e6f939b3.wp-block-uagb-image .wp-block-uagb-image--layout-overlay__inner .uagb-image-separator{width: 30%;border-top-width: 2px;border-top-color: #fff;opacity: 0;}.uagb-block-e6f939b3.wp-block-uagb-image .wp-block-uagb-image__figure img{width: px;height: auto;}.uagb-block-e6f939b3.wp-block-uagb-image .wp-block-uagb-image__figure:hover .wp-block-uagb-image--layout-overlay__inner .uagb-image-caption{opacity: 1;}.uagb-block-e6f939b3.wp-block-uagb-image .wp-block-uagb-image__figure:hover .wp-block-uagb-image--layout-overlay__inner .uagb-image-separator{opacity: 1;}.uagb-block-e6f939b3.wp-block-uagb-image--layout-default figure:hover img{box-shadow: 0px 0px 0 #00000070;}.uagb-block-e6f939b3.wp-block-uagb-image--layout-overlay figure:hover img{box-shadow: 0px 0px 0 #00000070;}@media only screen and (max-width: 976px) {.uagb-block-e6f939b3.wp-block-uagb-image .wp-block-uagb-image__figure img{width: px;height: auto;}}@media only screen and (max-width: 767px) {.uagb-block-e6f939b3.wp-block-uagb-image .wp-block-uagb-image__figure img{width: px;height: auto;}}\";s:2:\"js\";s:0:\"\";s:18:\"current_block_list\";a:13:{i:0;s:11:\"core\/search\";i:1;s:10:\"core\/group\";i:2;s:12:\"core\/heading\";i:3;s:17:\"core\/latest-posts\";i:4;s:20:\"core\/latest-comments\";i:5;s:13:\"core\/archives\";i:6;s:15:\"core\/categories\";i:7;s:14:\"core\/paragraph\";i:8;s:10:\"uagb\/image\";i:9;s:11:\"core\/spacer\";i:10;s:30:\"woocommerce\/product-categories\";i:11;s:10:\"core\/image\";i:12;s:14:\"core\/shortcode\";}s:8:\"uag_flag\";b:1;s:11:\"uag_version\";s:10:\"1777377240\";s:6:\"gfonts\";a:0:{}s:10:\"gfonts_url\";s:0:\"\";s:12:\"gfonts_files\";a:0:{}s:14:\"uag_faq_layout\";b:0;}"]},"uagb_featured_image_src":{"full":["https:\/\/www.ferberpainting.com\/wp-content\/uploads\/2025\/05\/septicTankactivator.jpg",1920,2560,false],"thumbnail":["https:\/\/www.ferberpainting.com\/wp-content\/uploads\/2025\/05\/septicTankactivator-150x150.jpg",150,150,true],"medium":["https:\/\/www.ferberpainting.com\/wp-content\/uploads\/2025\/05\/septicTankactivator-225x300.jpg",225,300,true],"medium_large":["https:\/\/www.ferberpainting.com\/wp-content\/uploads\/2025\/05\/septicTankactivator-768x1024.jpg",768,1024,true],"large":["https:\/\/www.ferberpainting.com\/wp-content\/uploads\/2025\/05\/septicTankactivator-768x1024.jpg",768,1024,true],"1536x1536":["https:\/\/www.ferberpainting.com\/wp-content\/uploads\/2025\/05\/septicTankactivator-1152x1536.jpg",1152,1536,true],"2048x2048":["https:\/\/www.ferberpainting.com\/wp-content\/uploads\/2025\/05\/septicTankactivator-1536x2048.jpg",1536,2048,true],"trp-custom-language-flag":["https:\/\/www.ferberpainting.com\/wp-content\/uploads\/2025\/05\/septicTankactivator-9x12.jpg",9,12,true],"woocommerce_thumbnail":["https:\/\/www.ferberpainting.com\/wp-content\/uploads\/2025\/05\/septicTankactivator-300x300.jpg",300,300,true],"woocommerce_single":["https:\/\/www.ferberpainting.com\/wp-content\/uploads\/2025\/05\/septicTankactivator-600x800.jpg",600,800,true],"woocommerce_gallery_thumbnail":["https:\/\/www.ferberpainting.com\/wp-content\/uploads\/2025\/05\/septicTankactivator-100x100.jpg",100,100,true]},"uagb_author_info":{"display_name":"admin","author_link":"https:\/\/www.ferberpainting.com\/pl\/author\/"},"uagb_comment_info":68,"uagb_excerpt":"Powerful biological activation for optimal septic tank performance. Our septic tank activator is specially formulated to restore and maintain the natural biological balance inside your septic system. It contains carefully selected active bacteria and enzymes that break down organic waste efficiently, ensuring smooth and reliable operation throughout the year. The most effective septic tank treatment&hellip;","_links":{"self":[{"href":"https:\/\/www.ferberpainting.com\/pl\/wp-json\/wp\/v2\/product\/25282","targetHints":{"allow":["GET"]}}],"collection":[{"href":"https:\/\/www.ferberpainting.com\/pl\/wp-json\/wp\/v2\/product"}],"about":[{"href":"https:\/\/www.ferberpainting.com\/pl\/wp-json\/wp\/v2\/types\/product"}],"replies":[{"embeddable":true,"href":"https:\/\/www.ferberpainting.com\/pl\/wp-json\/wp\/v2\/comments?post=25282"}],"version-history":[{"count":3,"href":"https:\/\/www.ferberpainting.com\/pl\/wp-json\/wp\/v2\/product\/25282\/revisions"}],"predecessor-version":[{"id":167259,"href":"https:\/\/www.ferberpainting.com\/pl\/wp-json\/wp\/v2\/product\/25282\/revisions\/167259"}],"wp:featuredmedia":[{"embeddable":true,"href":"https:\/\/www.ferberpainting.com\/pl\/wp-json\/wp\/v2\/media\/27163"}],"wp:attachment":[{"href":"https:\/\/www.ferberpainting.com\/pl\/wp-json\/wp\/v2\/media?parent=25282"}],"wp:term":[{"taxonomy":"product_brand","embeddable":true,"href":"https:\/\/www.ferberpainting.com\/pl\/wp-json\/wp\/v2\/product_brand?post=25282"},{"taxonomy":"product_cat","embeddable":true,"href":"https:\/\/www.ferberpainting.com\/pl\/wp-json\/wp\/v2\/product_cat?post=25282"},{"taxonomy":"product_tag","embeddable":true,"href":"https:\/\/www.ferberpainting.com\/pl\/wp-json\/wp\/v2\/product_tag?post=25282"}],"curies":[{"name":"wp","href":"https:\/\/api.w.org\/{rel}","templated":true}]}}