{"id":25272,"date":"2025-05-26T10:30:17","date_gmt":"2025-05-26T08:30:17","guid":{"rendered":"https:\/\/www.ferberpainting.com\/products\/rooting-fertilizer\/"},"modified":"2026-02-16T09:02:15","modified_gmt":"2026-02-16T08:02:15","slug":"rooting-fertilizer","status":"publish","type":"product","link":"https:\/\/www.ferberpainting.com\/pl\/products\/rooting-fertilizer\/","title":{"rendered":"Naw\u00f3z ukorzeniaj\u0105cy"},"content":{"rendered":"<p><strong><img decoding=\"async\" style=\"margin-right: 12px;\" src=\"https:\/\/www.ferberpainting.com\/wp-content\/uploads\/2026\/02\/Check.svg\" alt=\"\" width=\"18\" height=\"15\" \/>Naw\u00f3z specjalnie zaprojektowany do stymulowania ukorzeniania i wzrostu sadzonek. <\/strong>Ten naw\u00f3z do ci\u0119cia zosta\u0142 opracowany w celu zapewnienia m\u0142odym ro\u015blinom niezb\u0119dnych sk\u0142adnik\u00f3w od\u017cywczych dla zr\u00f3wnowa\u017conego i harmonijnego rozwoju. Dzi\u0119ki zr\u00f3wnowa\u017conemu sk\u0142adowi NPK 15-15-15 zapewnia optymaln\u0105 poda\u017c azotu (N) w celu promowania wzrostu nowych li\u015bci, fosforu (P) w celu wspierania rozwoju korzeni oraz potasu (K) w celu poprawy odporno\u015bci na choroby i stres \u015brodowiskowy. Gwarantuje przyspieszone ukorzenianie, energiczny wzrost i optymaln\u0105 regeneracj\u0119 sadzonek.<\/p>\n<p><strong><img decoding=\"async\" style=\"margin-right: 12px;\" src=\"https:\/\/www.ferberpainting.com\/wp-content\/uploads\/2026\/02\/Check.svg\" alt=\"\" width=\"18\" height=\"15\" \/>Gwarancja zwrotu pieni\u0119dzy.<\/strong>\u00a0Jeste\u015bmy przekonani o skuteczno\u015bci naszego nawozu do sadzonek, dlatego oferujemy gwarancj\u0119 zwrotu pieni\u0119dzy. Je\u015bli po zastosowaniu zgodnie z zaleceniami sadzonki nie wyka\u017c\u0105 widocznej poprawy wzrostu lub ukorzenienia, zobowi\u0105zujemy si\u0119 do pe\u0142nego zwrotu koszt\u00f3w, zapewniaj\u0105c spok\u00f3j ducha.<\/p>\n<p><strong><img decoding=\"async\" style=\"margin-right: 12px;\" src=\"https:\/\/www.ferberpainting.com\/wp-content\/uploads\/2026\/02\/Check.svg\" alt=\"\" width=\"18\" height=\"15\" \/>Nadaje si\u0119 do wszystkich ro\u015blin i r\u00f3\u017cnych rodzaj\u00f3w sadzonek.<\/strong>\u00a0Naw\u00f3z ten nadaje si\u0119 do sadzonek ro\u015blin ozdobnych, owocowych, warzywnych i wieloletnich, zar\u00f3wno drzewiastych, p\u00f3\u0142drzewiastych, jak i zielnych. Dzia\u0142a na szerokiej gamie pod\u0142o\u017cy, w szczeg\u00f3lno\u015bci na torfie, perlicie, piasku i mieszankach glebowych, zapewniaj\u0105c odpowiednie nawo\u017cenie dostosowane do ka\u017cdego rodzaju uprawy. Jest r\u00f3wnie\u017c idealny do sadzonek w doniczkach, na otwartym terenie lub w szklarniach, oferuj\u0105c du\u017c\u0105 wszechstronno\u015b\u0107.<\/p>\n<p><strong><img decoding=\"async\" style=\"margin-right: 12px;\" src=\"https:\/\/www.ferberpainting.com\/wp-content\/uploads\/2026\/02\/Check.svg\" alt=\"\" width=\"18\" height=\"15\" \/>Op\u0142acalna wydajno\u015b\u0107 i d\u0142ugotrwa\u0142e nawo\u017cenie.<\/strong>\u00a0Dzi\u0119ki skoncentrowanej formule p\u0142ynnej, 5-litrowa puszka przygotowuje do 1000 litr\u00f3w roztworu nawozowego, zapewniaj\u0105c d\u0142ugotrwa\u0142e i ekonomiczne nawo\u017cenie. Dawka 5 ml na litr wody umo\u017cliwia szybk\u0105 asymilacj\u0119 sk\u0142adnik\u00f3w od\u017cywczych i optymalne wykorzystanie przy jednoczesnym zmniejszeniu ilo\u015bci odpad\u00f3w.<\/p>\n<p><strong><img decoding=\"async\" style=\"margin-right: 12px;\" src=\"https:\/\/www.ferberpainting.com\/wp-content\/uploads\/2026\/02\/Check.svg\" alt=\"\" width=\"18\" height=\"15\" \/>Bezpieczny naw\u00f3z bez ryzyka dla m\u0142odych ro\u015blin. <\/strong>Wykonany bez u\u017cycia agresywnych chemikali\u00f3w, naw\u00f3z ten szanuje delikatno\u015b\u0107 m\u0142odych korzeni i nie zawiera toksycznych dodatk\u00f3w dla \u015brodowiska. Jest r\u00f3wnie\u017c bezpieczny dla zwierz\u0105t domowych i dzikich zwierz\u0105t ogrodowych, zapewniaj\u0105c delikatne, stopniowe nawo\u017cenie, unikaj\u0105c stresu dla sadzonek i u\u0142atwiaj\u0105c ich rozw\u00f3j.<\/p>\n<p><strong><img decoding=\"async\" style=\"margin-right: 12px;\" src=\"https:\/\/www.ferberpainting.com\/wp-content\/uploads\/2026\/02\/Check.svg\" alt=\"\" width=\"18\" height=\"15\" \/>\u0141atwa aplikacja dla \u0142atwego ukorzeniania.<\/strong>\u00a0Ten p\u0142ynny naw\u00f3z rozcie\u0144cza si\u0119 bezpo\u015brednio w wodzie do podlewania, zapewniaj\u0105c r\u00f3wnomierne i skuteczne nawo\u017cenie. Mo\u017ce by\u0107 stosowany przez bezpo\u015brednie podlewanie pod\u0142o\u017ca lub moczenie sadzonek przed sadzeniem, zapewniaj\u0105c optymalne wch\u0142anianie niezb\u0119dnych sk\u0142adnik\u00f3w od\u017cywczych do rozwoju.<\/p>\n<p><strong><img decoding=\"async\" style=\"margin-right: 12px;\" src=\"https:\/\/www.ferberpainting.com\/wp-content\/uploads\/2026\/02\/Check.svg\" alt=\"\" width=\"18\" height=\"15\" \/>Trwa\u0142e dzia\u0142anie na rzecz szybkiego i silnego wzrostu.<\/strong>\u00a0Dzi\u0119ki powolnemu uwalnianiu sk\u0142adnik\u00f3w od\u017cywczych, naw\u00f3z ten stale od\u017cywia sadzonki, stymuluj\u0105c wzrost korzeni i wczesnych p\u0119d\u00f3w. Pomaga r\u00f3wnie\u017c zwi\u0119kszy\u0107 odporno\u015b\u0107 na choroby i stres \u015brodowiskowy, zapewniaj\u0105c optymalny sukces ci\u0119cia i energiczny wzrost od pierwszych etap\u00f3w rozwoju.<\/p>\n<p><strong><img decoding=\"async\" style=\"margin-right: 12px;\" src=\"https:\/\/www.ferberpainting.com\/wp-content\/uploads\/2026\/02\/Check.svg\" alt=\"\" width=\"18\" height=\"15\" \/>Widoczne rezultaty ju\u017c od pierwszych tygodni.<\/strong>\u00a0Ju\u017c od pierwszych aplikacji naw\u00f3z ten przyspiesza tworzenie pierwszych korzeni, poprawia wytrzyma\u0142o\u015b\u0107 \u0142odyg i stymuluje rozw\u00f3j nowych li\u015bci. Pierwsze oznaki sukcesu s\u0105 szybko widoczne.<\/p>\n<h2>Protok\u00f3\u0142 u\u017cytkowania<\/h2>\n<p><strong>Rozcie\u0144czanie nawozu :<\/strong> Wymiesza\u0107 5 ml nawozu na 1 litr wody. Dobrze wstrz\u0105sn\u0105\u0107 roztworem przed ka\u017cdym zastosowaniem, aby zapewni\u0107 r\u00f3wnomierne rozprowadzenie sk\u0142adnik\u00f3w od\u017cywczych.<\/p>\n<p><strong>Metoda aplikacji :<\/strong><\/p>\n<ul>\n<li><strong>Poprzez namaczanie sadzonek:<\/strong> Przed sadzeniem zanurz podstaw\u0119 sadzonki w rozcie\u0144czonym roztworze na 15 do 30 minut, aby stymulowa\u0107 zapocz\u0105tkowanie korzeni.<\/li>\n<li><strong>Podlewanie po posadzeniu:<\/strong> Wlej rozcie\u0144czony roztw\u00f3r bezpo\u015brednio na pod\u0142o\u017ce wok\u00f3\u0142 sadzonek, upewniaj\u0105c si\u0119, \u017ce jest r\u00f3wnomiernie nawil\u017cone bez nadmiernego podlewania, aby unikn\u0105\u0107 gnicia korzeni.<\/li>\n<\/ul>\n<p><strong>Cz\u0119stotliwo\u015b\u0107 u\u017cytkowania :<\/strong>\u00a0Naw\u00f3z nale\u017cy stosowa\u0107 co dwa tygodnie w okresach aktywnego wzrostu (wiosna-lato) i raz w miesi\u0105cu w okresach spoczynku (jesie\u0144-zima), aby utrzyma\u0107 dobry rozw\u00f3j korzeni i wegetatywny.<\/p>\n<p><strong>Uzupe\u0142niaj\u0105ce nawadnianie :<\/strong>\u00a0Po zastosowaniu nawozu nale\u017cy odczeka\u0107 48 godzin przed ponownym podlaniem, aby zoptymalizowa\u0107 wch\u0142anianie sk\u0142adnik\u00f3w od\u017cywczych przez m\u0142ode korzenie.<\/p>\n<p><strong>\u015arodki ostro\u017cno\u015bci dotycz\u0105ce u\u017cytkowania :<\/strong> Nie przedawkowa\u0107 nawozu, aby unikn\u0105\u0107 stresu m\u0142odych ro\u015blin i gromadzenia si\u0119 soli mineralnych w pod\u0142o\u017cu. Stosowa\u0107 tylko na lekko wilgotn\u0105 gleb\u0119, aby zapewni\u0107 optymalne wch\u0142anianie.<\/p>\n<p><strong>Przechowywanie i konserwacja :<\/strong> Naw\u00f3z nale\u017cy przechowywa\u0107 w suchym, ch\u0142odnym miejscu, z dala od \u015bwiat\u0142a i wilgoci. Po ka\u017cdym u\u017cyciu nale\u017cy ponownie zamkn\u0105\u0107 puszk\u0119, aby zachowa\u0107 skuteczno\u015b\u0107 produktu i unikn\u0105\u0107 parowania.<\/p>\n<p>Ten naw\u00f3z do sadzonek zapewnia m\u0142odym ro\u015blinom kompletne i doskonale dostosowane do ich specyficznych potrzeb od\u017cywianie, promuj\u0105c szybkie ukorzenianie, energiczny wzrost i optymalny sukces ci\u0119cia. Jest to idealne rozwi\u0105zanie, aby sadzonki pozosta\u0142y zdrowe, zapewniaj\u0105c szybk\u0105 regeneracj\u0119 i harmonijny rozw\u00f3j przez ca\u0142y okres ich wzrostu.<\/p>","protected":false},"excerpt":{"rendered":"<p>A fertilizer specially designed to stimulate rooting and cutting growth. This cutting fertilizer is formulated to provide young plants with the essential nutrients for balanced and harmonious development. Thanks to its balanced NPK 15-15-15 composition, it ensures an optimal supply of nitrogen (N) to promote new leaf growth, phosphorus (P) to support root development, and [&hellip;]<\/p>\n","protected":false},"featured_media":27155,"comment_status":"open","ping_status":"closed","template":"","meta":{"_uag_custom_page_level_css":"","site-sidebar-layout":"default","site-content-layout":"","ast-site-content-layout":"default","site-content-style":"default","site-sidebar-style":"default","ast-global-header-display":"","ast-banner-title-visibility":"","ast-main-header-display":"","ast-hfb-above-header-display":"","ast-hfb-below-header-display":"","ast-hfb-mobile-header-display":"","site-post-title":"","ast-breadcrumbs-content":"","ast-featured-img":"","footer-sml-layout":"","ast-disable-related-posts":"","theme-transparent-header-meta":"default","adv-header-id-meta":"","stick-header-meta":"","header-above-stick-meta":"","header-main-stick-meta":"","header-below-stick-meta":"","astra-migrate-meta-layouts":"set","ast-page-background-enabled":"default","ast-page-background-meta":{"desktop":{"background-color":"var(--ast-global-color-4)","background-image":"","background-repeat":"repeat","background-position":"center center","background-size":"auto","background-attachment":"scroll","background-type":"","background-media":"","overlay-type":"","overlay-color":"","overlay-opacity":"","overlay-gradient":""},"tablet":{"background-color":"","background-image":"","background-repeat":"repeat","background-position":"center center","background-size":"auto","background-attachment":"scroll","background-type":"","background-media":"","overlay-type":"","overlay-color":"","overlay-opacity":"","overlay-gradient":""},"mobile":{"background-color":"","background-image":"","background-repeat":"repeat","background-position":"center center","background-size":"auto","background-attachment":"scroll","background-type":"","background-media":"","overlay-type":"","overlay-color":"","overlay-opacity":"","overlay-gradient":""}},"ast-content-background-meta":{"desktop":{"background-color":"var(--ast-global-color-5)","background-image":"","background-repeat":"repeat","background-position":"center center","background-size":"auto","background-attachment":"scroll","background-type":"","background-media":"","overlay-type":"","overlay-color":"","overlay-opacity":"","overlay-gradient":""},"tablet":{"background-color":"var(--ast-global-color-5)","background-image":"","background-repeat":"repeat","background-position":"center center","background-size":"auto","background-attachment":"scroll","background-type":"","background-media":"","overlay-type":"","overlay-color":"","overlay-opacity":"","overlay-gradient":""},"mobile":{"background-color":"var(--ast-global-color-5)","background-image":"","background-repeat":"repeat","background-position":"center center","background-size":"auto","background-attachment":"scroll","background-type":"","background-media":"","overlay-type":"","overlay-color":"","overlay-opacity":"","overlay-gradient":""}}},"product_brand":[],"product_cat":[178],"product_tag":[],"class_list":{"0":"post-25272","1":"product","2":"type-product","3":"status-publish","4":"has-post-thumbnail","6":"product_cat-fertilizers","7":"desktop-align-left","8":"tablet-align-left","9":"mobile-align-left","11":"first","12":"instock","13":"sale","14":"taxable","15":"shipping-taxable","16":"purchasable","17":"product-type-variable","18":"has-default-attributes"},"spectra_custom_meta":{"_visibility":["visible"],"_shopify_product_id":["9066141352181"],"_s2w_shopify_domain":["ferberpainting.myshopify.com"],"_shopify_variant_id":["46502074712309"],"_sku":[""],"_manage_stock":["no"],"total_sales":["14"],"_tax_status":["taxable"],"_tax_class":[""],"_backorders":["no"],"_sold_individually":["no"],"_virtual":["no"],"_downloadable":["no"],"_download_limit":["-1"],"_download_expiry":["-1"],"_stock":[null],"_stock_status":["instock"],"_wc_average_rating":["5.00"],"_wc_review_count":["6"],"_product_attributes":["a:1:{s:6:\"volume\";a:6:{s:4:\"name\";s:6:\"Volume\";s:5:\"value\";s:20:\"5 liters | 25 liters\";s:8:\"position\";i:1;s:10:\"is_visible\";i:0;s:12:\"is_variation\";i:1;s:11:\"is_taxonomy\";i:0;}}"],"_product_version":["10.5.1"],"_thumbnail_id":["27155"],"_product_image_gallery":["27157"],"wpse_downloadable_file_names":[""],"wpse_downloadable_file_urls":[""],"_edit_last":["1"],"_default_attributes":["a:1:{s:6:\"volume\";s:8:\"5 liters\";}"],"_wc_rating_count":["a:1:{i:5;i:6;}"],"_edit_lock":["1771228911:1"],"_price":["29.90","129.90"],"merchant-center-availability":["yes"],"merchant-center-category":["113"],"_wp_page_template":["default"],"site-sidebar-layout":["default"],"ast-site-content-layout":["default"],"site-content-style":["default"],"site-sidebar-style":["default"],"theme-transparent-header-meta":["default"],"astra-migrate-meta-layouts":["set"],"_uag_css_file_name":["uag-css-25272.css"],"_elementor_page_assets":["a:0:{}"],"_uag_page_assets":["a:9:{s:3:\"css\";s:7133:\".uag-blocks-common-selector{z-index:var(--z-index-desktop) !important}@media(max-width: 976px){.uag-blocks-common-selector{z-index:var(--z-index-tablet) !important}}@media(max-width: 767px){.uag-blocks-common-selector{z-index:var(--z-index-mobile) !important}}.wp-block-uagb-image{display:flex}.wp-block-uagb-image__figure{position:relative;display:flex;flex-direction:column;max-width:100%;height:auto;margin:0}.wp-block-uagb-image__figure img{height:auto;display:flex;max-width:100%;transition:box-shadow .2s ease}.wp-block-uagb-image__figure>a{display:inline-block}.wp-block-uagb-image__figure figcaption{text-align:center;margin-top:.5em;margin-bottom:1em}.wp-block-uagb-image .components-placeholder.block-editor-media-placeholder .components-placeholder__instructions{align-self:center}.wp-block-uagb-image--align-left{text-align:left}.wp-block-uagb-image--align-right{text-align:right}.wp-block-uagb-image--align-center{text-align:center}.wp-block-uagb-image--align-full .wp-block-uagb-image__figure{margin-left:calc(50% - 50vw);margin-right:calc(50% - 50vw);max-width:100vw;width:100vw;height:auto}.wp-block-uagb-image--align-full .wp-block-uagb-image__figure img{height:auto;width:100% !important}.wp-block-uagb-image--align-wide .wp-block-uagb-image__figure img{height:auto;width:100%}.wp-block-uagb-image--layout-overlay__color-wrapper{position:absolute;left:0;top:0;right:0;bottom:0;opacity:.2;background:rgba(0,0,0,.5);transition:opacity .35s ease-in-out}.wp-block-uagb-image--layout-overlay-link{position:absolute;left:0;right:0;bottom:0;top:0}.wp-block-uagb-image--layout-overlay .wp-block-uagb-image__figure:hover .wp-block-uagb-image--layout-overlay__color-wrapper{opacity:1}.wp-block-uagb-image--layout-overlay__inner{position:absolute;left:15px;right:15px;bottom:15px;top:15px;display:flex;align-items:center;justify-content:center;flex-direction:column;border-color:#fff;transition:.35s ease-in-out}.wp-block-uagb-image--layout-overlay__inner.top-left,.wp-block-uagb-image--layout-overlay__inner.top-center,.wp-block-uagb-image--layout-overlay__inner.top-right{justify-content:flex-start}.wp-block-uagb-image--layout-overlay__inner.bottom-left,.wp-block-uagb-image--layout-overlay__inner.bottom-center,.wp-block-uagb-image--layout-overlay__inner.bottom-right{justify-content:flex-end}.wp-block-uagb-image--layout-overlay__inner.top-left,.wp-block-uagb-image--layout-overlay__inner.center-left,.wp-block-uagb-image--layout-overlay__inner.bottom-left{align-items:flex-start}.wp-block-uagb-image--layout-overlay__inner.top-right,.wp-block-uagb-image--layout-overlay__inner.center-right,.wp-block-uagb-image--layout-overlay__inner.bottom-right{align-items:flex-end}.wp-block-uagb-image--layout-overlay__inner .uagb-image-heading{color:#fff;transition:transform .35s,opacity .35s ease-in-out;transform:translate3d(0, 24px, 0);margin:0;line-height:1em}.wp-block-uagb-image--layout-overlay__inner .uagb-image-separator{width:30%;border-top-width:2px;border-top-color:#fff;border-top-style:solid;margin-bottom:10px;opacity:0;transition:transform .4s,opacity .4s ease-in-out;transform:translate3d(0, 30px, 0)}.wp-block-uagb-image--layout-overlay__inner .uagb-image-caption{opacity:0;overflow:visible;color:#fff;transition:transform .45s,opacity .45s ease-in-out;transform:translate3d(0, 35px, 0)}.wp-block-uagb-image--layout-overlay__inner:hover .uagb-image-heading,.wp-block-uagb-image--layout-overlay__inner:hover .uagb-image-separator,.wp-block-uagb-image--layout-overlay__inner:hover .uagb-image-caption{opacity:1;transform:translate3d(0, 0, 0)}.wp-block-uagb-image--effect-zoomin .wp-block-uagb-image__figure img,.wp-block-uagb-image--effect-zoomin .wp-block-uagb-image__figure .wp-block-uagb-image--layout-overlay__color-wrapper{transform:scale(1);transition:transform .35s ease-in-out}.wp-block-uagb-image--effect-zoomin .wp-block-uagb-image__figure:hover img,.wp-block-uagb-image--effect-zoomin .wp-block-uagb-image__figure:hover .wp-block-uagb-image--layout-overlay__color-wrapper{transform:scale(1.05)}.wp-block-uagb-image--effect-slide .wp-block-uagb-image__figure img,.wp-block-uagb-image--effect-slide .wp-block-uagb-image__figure .wp-block-uagb-image--layout-overlay__color-wrapper{width:calc(100% + 40px) !important;max-width:none !important;transform:translate3d(-40px, 0, 0);transition:transform .35s ease-in-out}.wp-block-uagb-image--effect-slide .wp-block-uagb-image__figure:hover img,.wp-block-uagb-image--effect-slide .wp-block-uagb-image__figure:hover .wp-block-uagb-image--layout-overlay__color-wrapper{transform:translate3d(0, 0, 0)}.wp-block-uagb-image--effect-grayscale img{filter:grayscale(0%);transition:.35s ease-in-out}.wp-block-uagb-image--effect-grayscale:hover img{filter:grayscale(100%)}.wp-block-uagb-image--effect-blur img{filter:blur(0);transition:.35s ease-in-out}.wp-block-uagb-image--effect-blur:hover img{filter:blur(3px)}.uagb-block-e6f939b3.wp-block-uagb-image--layout-default figure img{box-shadow: 0px 0px 0 #00000070;}.uagb-block-e6f939b3.wp-block-uagb-image .wp-block-uagb-image__figure figcaption{font-style: normal;align-self: center;}.uagb-block-e6f939b3.wp-block-uagb-image--layout-overlay figure img{box-shadow: 0px 0px 0 #00000070;}.uagb-block-e6f939b3.wp-block-uagb-image--layout-overlay .wp-block-uagb-image--layout-overlay__color-wrapper{opacity: 0.2;}.uagb-block-e6f939b3.wp-block-uagb-image--layout-overlay .wp-block-uagb-image--layout-overlay__inner{left: 15px;right: 15px;top: 15px;bottom: 15px;}.uagb-block-e6f939b3.wp-block-uagb-image--layout-overlay .wp-block-uagb-image--layout-overlay__inner .uagb-image-heading{font-style: normal;color: #fff;opacity: 1;}.uagb-block-e6f939b3.wp-block-uagb-image--layout-overlay .wp-block-uagb-image--layout-overlay__inner .uagb-image-heading a{color: #fff;}.uagb-block-e6f939b3.wp-block-uagb-image--layout-overlay .wp-block-uagb-image--layout-overlay__inner .uagb-image-caption{opacity: 0;}.uagb-block-e6f939b3.wp-block-uagb-image--layout-overlay .wp-block-uagb-image__figure:hover .wp-block-uagb-image--layout-overlay__color-wrapper{opacity: 1;}.uagb-block-e6f939b3.wp-block-uagb-image .wp-block-uagb-image--layout-overlay__inner .uagb-image-separator{width: 30%;border-top-width: 2px;border-top-color: #fff;opacity: 0;}.uagb-block-e6f939b3.wp-block-uagb-image .wp-block-uagb-image__figure img{width: px;height: auto;}.uagb-block-e6f939b3.wp-block-uagb-image .wp-block-uagb-image__figure:hover .wp-block-uagb-image--layout-overlay__inner .uagb-image-caption{opacity: 1;}.uagb-block-e6f939b3.wp-block-uagb-image .wp-block-uagb-image__figure:hover .wp-block-uagb-image--layout-overlay__inner .uagb-image-separator{opacity: 1;}.uagb-block-e6f939b3.wp-block-uagb-image--layout-default figure:hover img{box-shadow: 0px 0px 0 #00000070;}.uagb-block-e6f939b3.wp-block-uagb-image--layout-overlay figure:hover img{box-shadow: 0px 0px 0 #00000070;}@media only screen and (max-width: 976px) {.uagb-block-e6f939b3.wp-block-uagb-image .wp-block-uagb-image__figure img{width: px;height: auto;}}@media only screen and (max-width: 767px) {.uagb-block-e6f939b3.wp-block-uagb-image .wp-block-uagb-image__figure img{width: px;height: auto;}}\";s:2:\"js\";s:0:\"\";s:18:\"current_block_list\";a:13:{i:0;s:11:\"core\/search\";i:1;s:10:\"core\/group\";i:2;s:12:\"core\/heading\";i:3;s:17:\"core\/latest-posts\";i:4;s:20:\"core\/latest-comments\";i:5;s:13:\"core\/archives\";i:6;s:15:\"core\/categories\";i:7;s:14:\"core\/paragraph\";i:8;s:10:\"uagb\/image\";i:9;s:11:\"core\/spacer\";i:10;s:30:\"woocommerce\/product-categories\";i:11;s:10:\"core\/image\";i:12;s:14:\"core\/shortcode\";}s:8:\"uag_flag\";b:1;s:11:\"uag_version\";s:10:\"1777320162\";s:6:\"gfonts\";a:0:{}s:10:\"gfonts_url\";s:0:\"\";s:12:\"gfonts_files\";a:0:{}s:14:\"uag_faq_layout\";b:0;}"]},"uagb_featured_image_src":{"full":["https:\/\/www.ferberpainting.com\/wp-content\/uploads\/2025\/05\/RootingFertilizer5L.png",2560,2560,false],"thumbnail":["https:\/\/www.ferberpainting.com\/wp-content\/uploads\/2025\/05\/RootingFertilizer5L-150x150.png",150,150,true],"medium":["https:\/\/www.ferberpainting.com\/wp-content\/uploads\/2025\/05\/RootingFertilizer5L-300x300.png",300,300,true],"medium_large":["https:\/\/www.ferberpainting.com\/wp-content\/uploads\/2025\/05\/RootingFertilizer5L-768x768.png",768,768,true],"large":["https:\/\/www.ferberpainting.com\/wp-content\/uploads\/2025\/05\/RootingFertilizer5L-1024x1024.png",1024,1024,true],"1536x1536":["https:\/\/www.ferberpainting.com\/wp-content\/uploads\/2025\/05\/RootingFertilizer5L-1536x1536.png",1536,1536,true],"2048x2048":["https:\/\/www.ferberpainting.com\/wp-content\/uploads\/2025\/05\/RootingFertilizer5L-2048x2048.png",2048,2048,true],"trp-custom-language-flag":["https:\/\/www.ferberpainting.com\/wp-content\/uploads\/2025\/05\/RootingFertilizer5L-12x12.png",12,12,true],"woocommerce_thumbnail":["https:\/\/www.ferberpainting.com\/wp-content\/uploads\/2025\/05\/RootingFertilizer5L-300x300.png",300,300,true],"woocommerce_single":["https:\/\/www.ferberpainting.com\/wp-content\/uploads\/2025\/05\/RootingFertilizer5L-600x600.png",600,600,true],"woocommerce_gallery_thumbnail":["https:\/\/www.ferberpainting.com\/wp-content\/uploads\/2025\/05\/RootingFertilizer5L-100x100.png",100,100,true]},"uagb_author_info":{"display_name":"admin","author_link":"https:\/\/www.ferberpainting.com\/pl\/author\/"},"uagb_comment_info":6,"uagb_excerpt":"A fertilizer specially designed to stimulate rooting and cutting growth. This cutting fertilizer is formulated to provide young plants with the essential nutrients for balanced and harmonious development. Thanks to its balanced NPK 15-15-15 composition, it ensures an optimal supply of nitrogen (N) to promote new leaf growth, phosphorus (P) to support root development, and&hellip;","_links":{"self":[{"href":"https:\/\/www.ferberpainting.com\/pl\/wp-json\/wp\/v2\/product\/25272","targetHints":{"allow":["GET"]}}],"collection":[{"href":"https:\/\/www.ferberpainting.com\/pl\/wp-json\/wp\/v2\/product"}],"about":[{"href":"https:\/\/www.ferberpainting.com\/pl\/wp-json\/wp\/v2\/types\/product"}],"replies":[{"embeddable":true,"href":"https:\/\/www.ferberpainting.com\/pl\/wp-json\/wp\/v2\/comments?post=25272"}],"version-history":[{"count":4,"href":"https:\/\/www.ferberpainting.com\/pl\/wp-json\/wp\/v2\/product\/25272\/revisions"}],"predecessor-version":[{"id":167171,"href":"https:\/\/www.ferberpainting.com\/pl\/wp-json\/wp\/v2\/product\/25272\/revisions\/167171"}],"wp:featuredmedia":[{"embeddable":true,"href":"https:\/\/www.ferberpainting.com\/pl\/wp-json\/wp\/v2\/media\/27155"}],"wp:attachment":[{"href":"https:\/\/www.ferberpainting.com\/pl\/wp-json\/wp\/v2\/media?parent=25272"}],"wp:term":[{"taxonomy":"product_brand","embeddable":true,"href":"https:\/\/www.ferberpainting.com\/pl\/wp-json\/wp\/v2\/product_brand?post=25272"},{"taxonomy":"product_cat","embeddable":true,"href":"https:\/\/www.ferberpainting.com\/pl\/wp-json\/wp\/v2\/product_cat?post=25272"},{"taxonomy":"product_tag","embeddable":true,"href":"https:\/\/www.ferberpainting.com\/pl\/wp-json\/wp\/v2\/product_tag?post=25272"}],"curies":[{"name":"wp","href":"https:\/\/api.w.org\/{rel}","templated":true}]}}