{"id":25171,"date":"2025-05-26T10:29:24","date_gmt":"2025-05-26T08:29:24","guid":{"rendered":"https:\/\/www.ferberpainting.com\/products\/roof-paint-flint-grey\/"},"modified":"2026-02-16T08:23:13","modified_gmt":"2026-02-16T07:23:13","slug":"roof-paint-flint-grey","status":"publish","type":"product","link":"https:\/\/www.ferberpainting.com\/pl\/products\/roof-paint-flint-grey\/","title":{"rendered":"Farba dachowa \u2013 krzemiennoszary"},"content":{"rendered":"<p><strong><img decoding=\"async\" style=\"margin-right: 12px;\" src=\"https:\/\/www.ferberpainting.com\/wp-content\/uploads\/2026\/02\/Check.svg\" alt=\"\" width=\"18\" height=\"15\" \/>Profesjonalne odnowienie dachu z d\u0142ugotrwa\u0142\u0105 ochron\u0105 koloru.<\/strong> Nasza farba dachowa zosta\u0142a specjalnie opracowana w celu odnawiania, ochrony i wzmacniania powierzchni dachowych za pomoc\u0105 trwa\u0142ej i odpornej na warunki atmosferyczne pow\u0142oki. O\u017cywia wyblak\u0142e dach\u00f3wki i wyd\u0142u\u017ca \u017cywotno\u015b\u0107 dachu, nadaj\u0105c mu jednocze\u015bnie czysty, od\u015bwie\u017cony wygl\u0105d.<\/p>\n<p><strong><img decoding=\"async\" style=\"margin-right: 12px;\" src=\"https:\/\/www.ferberpainting.com\/wp-content\/uploads\/2026\/02\/Check.svg\" alt=\"\" width=\"18\" height=\"15\" \/>Najskuteczniejsza farba dachowa na rynku.<\/strong> Dzi\u0119ki zaawansowanej formule o wysokiej przyczepno\u015bci nasza farba dachowa silnie wi\u0105\u017ce si\u0119 z r\u00f3\u017cnymi materia\u0142ami dachowymi, zapewniaj\u0105c doskona\u0142e pokrycie, odporno\u015b\u0107 na promieniowanie UV i d\u0142ugoterminow\u0105 trwa\u0142o\u015b\u0107 w trudnych warunkach pogodowych.<\/p>\n<p><strong><img decoding=\"async\" style=\"margin-right: 12px;\" src=\"https:\/\/www.ferberpainting.com\/wp-content\/uploads\/2026\/02\/Check.svg\" alt=\"\" width=\"18\" height=\"15\" \/>Bezkonkurencyjna cena.<\/strong> Oferujemy profesjonaln\u0105 farb\u0119 dachow\u0105 w najbardziej konkurencyjnej cenie. Korzystasz z najwy\u017cszej jako\u015bci i rozszerzonej ochrony dachu bez ponoszenia nadmiernych koszt\u00f3w renowacji.<\/p>\n<p><strong><img decoding=\"async\" style=\"margin-right: 12px;\" src=\"https:\/\/www.ferberpainting.com\/wp-content\/uploads\/2026\/02\/Check.svg\" alt=\"\" width=\"18\" height=\"15\" \/>Gwarancja zwrotu pieni\u0119dzy dla ca\u0142kowitego spokoju ducha.<\/strong> Gwarantujemy jako\u015b\u0107 i wydajno\u015b\u0107 naszych farb dachowych. Je\u015bli nie b\u0119dziesz w pe\u0142ni zadowolony z rezultat\u00f3w, oferujemy gwarancj\u0119 zwrotu pieni\u0119dzy. Wystarczy skontaktowa\u0107 si\u0119 z nami, a my zwr\u00f3cimy pieni\u0105dze za zakup.<\/p>\n<p><strong><img decoding=\"async\" style=\"margin-right: 12px;\" src=\"https:\/\/www.ferberpainting.com\/wp-content\/uploads\/2026\/02\/Check.svg\" alt=\"\" width=\"18\" height=\"15\" \/>Szybka, 24-godzinna dostawa dla wydajnej renowacji.<\/strong> Zawsze zapewniamy dostaw\u0119 w ci\u0105gu 24 godzin, dzi\u0119ki czemu mo\u017cna bezzw\u0142ocznie rozpocz\u0105\u0107 projekt modernizacji dachu. Niezawodna wysy\u0142ka pozwala dotrzyma\u0107 harmonogramu prac.<\/p>\n<p><strong><img decoding=\"async\" style=\"margin-right: 12px;\" src=\"https:\/\/www.ferberpainting.com\/wp-content\/uploads\/2026\/02\/Check.svg\" alt=\"\" width=\"18\" height=\"15\" \/>Doskona\u0142e pokrycie 10 m\u00b2 na litr.<\/strong> Jeden litr farby dachowej pokrywa oko\u0142o 10 metr\u00f3w kwadratowych, w zale\u017cno\u015bci od porowato\u015bci i tekstury powierzchni. To zoptymalizowane pokrycie zapewnia wydajne u\u017cytkowanie i dok\u0142adne obliczenia dla danego projektu.<\/p>\n<p><strong><img decoding=\"async\" style=\"margin-right: 12px;\" src=\"https:\/\/www.ferberpainting.com\/wp-content\/uploads\/2026\/02\/Check.svg\" alt=\"\" width=\"18\" height=\"15\" \/>Dost\u0119pne w szerokiej gamie kolor\u00f3w.<\/strong> Nasza farba dachowa jest dost\u0119pna w szerokiej gamie kolor\u00f3w bezpo\u015brednio w naszym sklepie internetowym. Niezale\u017cnie od tego, czy preferujesz klasyczne czerwone dach\u00f3wki, szary \u0142upek, nowoczesny antracyt, ziele\u0144 czy niestandardowe odcienie dekoracyjne, mo\u017cesz wybra\u0107 idealny odcie\u0144 pasuj\u0105cy do Twojego domu.<\/p>\n<p><strong><img decoding=\"async\" style=\"margin-right: 12px;\" src=\"https:\/\/www.ferberpainting.com\/wp-content\/uploads\/2026\/02\/Check.svg\" alt=\"\" width=\"18\" height=\"15\" \/>Wysoka odporno\u015b\u0107 na promienie UV i warunki atmosferyczne.<\/strong> Farba tworzy barier\u0119 ochronn\u0105 przed \u015bwiat\u0142em s\u0142onecznym, deszczem, mrozem i wahaniami temperatury, zachowuj\u0105c intensywno\u015b\u0107 koloru i zapobiegaj\u0105c przedwczesnemu starzeniu.<\/p>\n<p><strong><img decoding=\"async\" style=\"margin-right: 12px;\" src=\"https:\/\/www.ferberpainting.com\/wp-content\/uploads\/2026\/02\/Check.svg\" alt=\"\" width=\"18\" height=\"15\" \/>Wodoodporne i ochronne wyko\u0144czenie.<\/strong> Po wyschni\u0119ciu pow\u0142oka zmniejsza wch\u0142anianie wody i pomaga zapobiega\u0107 tworzeniu si\u0119 mchu i glon\u00f3w, przyczyniaj\u0105c si\u0119 do poprawy trwa\u0142o\u015bci dachu.<\/p>\n<p><strong><img decoding=\"async\" style=\"margin-right: 12px;\" src=\"https:\/\/www.ferberpainting.com\/wp-content\/uploads\/2026\/02\/Check.svg\" alt=\"\" width=\"18\" height=\"15\" \/>Nadaje si\u0119 do wielu materia\u0142\u00f3w dachowych.<\/strong> Nasza farba dachowa skutecznie przylega do dach\u00f3wek betonowych, ceramicznych, p\u0142yt w\u0142\u00f3kno-cementowych i kompatybilnych pod\u0142o\u017cy dachowych.<\/p>\n<p><strong>Instrukcje<\/strong><\/p>\n<ul>\n<li>Przed aplikacj\u0105 nale\u017cy dok\u0142adnie sprawdzi\u0107 dach. Napraw uszkodzone lub p\u0119kni\u0119te dach\u00f3wki i zapewnij stabilno\u015b\u0107 konstrukcji.<\/li>\n<li>Dok\u0142adnie oczy\u015b\u0107 powierzchni\u0119 dachu, aby usun\u0105\u0107 mech, glony, brud, kurz i lu\u017ane cz\u0105stki. W celu optymalnego przygotowania mo\u017cna wcze\u015bniej u\u017cy\u0107 \u015brodka do czyszczenia dach\u00f3w.<\/li>\n<li>Przed malowaniem nale\u017cy pozostawi\u0107 powierzchni\u0119 do ca\u0142kowitego wyschni\u0119cia.<\/li>\n<li>Dok\u0142adnie wymieszaj farb\u0119 przed u\u017cyciem, aby zapewni\u0107 jednolity kolor i tekstur\u0119.<\/li>\n<li>Stosowa\u0107 w odpowiednich warunkach pogodowych, najlepiej w temperaturze od 10\u00b0C do 30\u00b0C. Unika\u0107 deszczu, silnego wiatru lub intensywnego bezpo\u015bredniego \u015bwiat\u0142a s\u0142onecznego podczas aplikacji.<\/li>\n<li>U\u017cywaj wa\u0142ka, p\u0119dzla lub bezpowietrznego systemu natryskowego w zale\u017cno\u015bci od wielko\u015bci dachu i dost\u0119pno\u015bci.<\/li>\n<li>Nale\u017cy przestrzega\u0107 zalecanego wska\u017anika pokrycia 10 m\u00b2 na litr. Odpowiada to oko\u0142o 100 ml na metr kwadratowy.<\/li>\n<li>Farb\u0119 nale\u017cy nak\u0142ada\u0107 r\u00f3wnomiern\u0105 warstw\u0105. Unikaj nadmiernej grubo\u015bci, aby zapewni\u0107 prawid\u0142owe schni\u0119cie i przyczepno\u015b\u0107.<\/li>\n<li>Aby uzyska\u0107 optymaln\u0105 trwa\u0142o\u015b\u0107 i intensywno\u015b\u0107 koloru, nale\u017cy na\u0142o\u017cy\u0107 dwie warstwy. Pozostaw pierwsz\u0105 warstw\u0119 do ca\u0142kowitego wyschni\u0119cia przed na\u0142o\u017ceniem drugiej.<\/li>\n<li>Czas schni\u0119cia mo\u017ce si\u0119 r\u00f3\u017cni\u0107 w zale\u017cno\u015bci od temperatury i wilgotno\u015bci. Przed wystawieniem na ulewny deszcz nale\u017cy upewni\u0107 si\u0119, \u017ce powierzchnia jest ca\u0142kowicie sucha.<\/li>\n<li>Unika\u0107 chodzenia po \u015bwie\u017co pomalowanych powierzchniach a\u017c do ca\u0142kowitego wyschni\u0119cia.<\/li>\n<li>Narz\u0119dzia nale\u017cy czy\u015bci\u0107 natychmiast po u\u017cyciu zgodnie z zaleceniami dotycz\u0105cymi produktu.<\/li>\n<li>Przechowywa\u0107 pojemnik szczelnie zamkni\u0119ty w ch\u0142odnym, suchym miejscu, z dala od bezpo\u015bredniego \u015bwiat\u0142a s\u0142onecznego i ekstremalnych temperatur.<\/li>\n<li>Wybierz preferowany kolor bezpo\u015brednio w naszym sklepie internetowym przed sfinalizowaniem zakupu.<\/li>\n<\/ul>\n<p>Przestrzegaj\u0105c zalecanego pokrycia 10 m\u00b2 na litr i nak\u0142adaj\u0105c farb\u0119 r\u00f3wnomiernie na odpowiednio przygotowan\u0105 powierzchni\u0119, nasza farba dachowa zapewni trwa\u0142\u0105 ochron\u0119, lepsz\u0105 estetyk\u0119 i d\u0142ugotrwa\u0142\u0105 wydajno\u015b\u0107 systemu dachowego.<\/p>","protected":false},"excerpt":{"rendered":"<p>Professional roof renewal with long-lasting color protection. Our roof paint is specially formulated to restore, protect, and enhance roofing surfaces with a durable and weather-resistant coating. It revitalizes faded tiles and extends the lifespan of your roof while giving it a clean, refreshed appearance. The most effective roof paint on the market. Thanks to its [&hellip;]<\/p>\n","protected":false},"featured_media":27046,"comment_status":"open","ping_status":"closed","template":"","meta":{"_uag_custom_page_level_css":"","site-sidebar-layout":"default","site-content-layout":"","ast-site-content-layout":"default","site-content-style":"default","site-sidebar-style":"default","ast-global-header-display":"","ast-banner-title-visibility":"","ast-main-header-display":"","ast-hfb-above-header-display":"","ast-hfb-below-header-display":"","ast-hfb-mobile-header-display":"","site-post-title":"","ast-breadcrumbs-content":"","ast-featured-img":"","footer-sml-layout":"","ast-disable-related-posts":"","theme-transparent-header-meta":"default","adv-header-id-meta":"","stick-header-meta":"","header-above-stick-meta":"","header-main-stick-meta":"","header-below-stick-meta":"","astra-migrate-meta-layouts":"set","ast-page-background-enabled":"default","ast-page-background-meta":{"desktop":{"background-color":"var(--ast-global-color-4)","background-image":"","background-repeat":"repeat","background-position":"center center","background-size":"auto","background-attachment":"scroll","background-type":"","background-media":"","overlay-type":"","overlay-color":"","overlay-opacity":"","overlay-gradient":""},"tablet":{"background-color":"","background-image":"","background-repeat":"repeat","background-position":"center center","background-size":"auto","background-attachment":"scroll","background-type":"","background-media":"","overlay-type":"","overlay-color":"","overlay-opacity":"","overlay-gradient":""},"mobile":{"background-color":"","background-image":"","background-repeat":"repeat","background-position":"center center","background-size":"auto","background-attachment":"scroll","background-type":"","background-media":"","overlay-type":"","overlay-color":"","overlay-opacity":"","overlay-gradient":""}},"ast-content-background-meta":{"desktop":{"background-color":"var(--ast-global-color-5)","background-image":"","background-repeat":"repeat","background-position":"center center","background-size":"auto","background-attachment":"scroll","background-type":"","background-media":"","overlay-type":"","overlay-color":"","overlay-opacity":"","overlay-gradient":""},"tablet":{"background-color":"var(--ast-global-color-5)","background-image":"","background-repeat":"repeat","background-position":"center center","background-size":"auto","background-attachment":"scroll","background-type":"","background-media":"","overlay-type":"","overlay-color":"","overlay-opacity":"","overlay-gradient":""},"mobile":{"background-color":"var(--ast-global-color-5)","background-image":"","background-repeat":"repeat","background-position":"center center","background-size":"auto","background-attachment":"scroll","background-type":"","background-media":"","overlay-type":"","overlay-color":"","overlay-opacity":"","overlay-gradient":""}}},"product_brand":[],"product_cat":[186],"product_tag":[],"class_list":{"0":"post-25171","1":"product","2":"type-product","3":"status-publish","4":"has-post-thumbnail","6":"product_cat-roof-paint","7":"desktop-align-left","8":"tablet-align-left","9":"mobile-align-left","11":"first","12":"instock","13":"sale","14":"shipping-taxable","15":"purchasable","16":"product-type-variable","17":"has-default-attributes"},"spectra_custom_meta":{"_visibility":["visible"],"_shopify_product_id":["8317823582453"],"_s2w_shopify_domain":["ferberpainting.myshopify.com"],"_shopify_variant_id":["44772828119285"],"_sku":[""],"_manage_stock":["no"],"total_sales":["2"],"_tax_status":["taxable"],"_tax_class":[""],"_backorders":["no"],"_sold_individually":["no"],"_virtual":["no"],"_downloadable":["no"],"_download_limit":["-1"],"_download_expiry":["-1"],"_stock":[null],"_stock_status":["instock"],"_wc_average_rating":["5.00"],"_wc_review_count":["13"],"_product_attributes":["a:1:{s:6:\"volume\";a:6:{s:4:\"name\";s:6:\"Volume\";s:5:\"value\";s:30:\"1 liter | 5 liters | 20 liters\";s:8:\"position\";i:1;s:10:\"is_visible\";i:0;s:12:\"is_variation\";i:1;s:11:\"is_taxonomy\";i:0;}}"],"_product_version":["10.5.1"],"_thumbnail_id":["27046"],"_price":["19.90","79.90","299.90"],"_product_image_gallery":["27047,27048"],"merchant-center-availability":["yes"],"merchant-center-category":["1361"],"merchant-center-id":["PTGS1L"],"wpse_downloadable_file_names":[""],"wpse_downloadable_file_urls":[""],"_edit_last":["1"],"_default_attributes":["a:1:{s:6:\"volume\";s:7:\"1 liter\";}"],"_wc_rating_count":["a:1:{i:5;i:13;}"],"_edit_lock":["1771226540:1"],"_wp_page_template":["default"],"site-sidebar-layout":["default"],"ast-site-content-layout":["default"],"site-content-style":["default"],"site-sidebar-style":["default"],"theme-transparent-header-meta":["default"],"astra-migrate-meta-layouts":["set"],"_uag_css_file_name":["uag-css-25171.css"],"_elementor_page_assets":["a:0:{}"]},"uagb_featured_image_src":{"full":["https:\/\/www.ferberpainting.com\/wp-content\/uploads\/2025\/05\/1L_4e593f98-be77-4e60-b25c-491391d99729.png",2560,2276,false],"thumbnail":["https:\/\/www.ferberpainting.com\/wp-content\/uploads\/2025\/05\/1L_4e593f98-be77-4e60-b25c-491391d99729-150x150.png",150,150,true],"medium":["https:\/\/www.ferberpainting.com\/wp-content\/uploads\/2025\/05\/1L_4e593f98-be77-4e60-b25c-491391d99729-300x267.png",300,267,true],"medium_large":["https:\/\/www.ferberpainting.com\/wp-content\/uploads\/2025\/05\/1L_4e593f98-be77-4e60-b25c-491391d99729-768x683.png",768,683,true],"large":["https:\/\/www.ferberpainting.com\/wp-content\/uploads\/2025\/05\/1L_4e593f98-be77-4e60-b25c-491391d99729-1024x910.png",1024,910,true],"1536x1536":["https:\/\/www.ferberpainting.com\/wp-content\/uploads\/2025\/05\/1L_4e593f98-be77-4e60-b25c-491391d99729-1536x1366.png",1536,1366,true],"2048x2048":["https:\/\/www.ferberpainting.com\/wp-content\/uploads\/2025\/05\/1L_4e593f98-be77-4e60-b25c-491391d99729-2048x1821.png",2048,1821,true],"trp-custom-language-flag":["https:\/\/www.ferberpainting.com\/wp-content\/uploads\/2025\/05\/1L_4e593f98-be77-4e60-b25c-491391d99729-13x12.png",13,12,true],"woocommerce_thumbnail":["https:\/\/www.ferberpainting.com\/wp-content\/uploads\/2025\/05\/1L_4e593f98-be77-4e60-b25c-491391d99729-300x300.png",300,300,true],"woocommerce_single":["https:\/\/www.ferberpainting.com\/wp-content\/uploads\/2025\/05\/1L_4e593f98-be77-4e60-b25c-491391d99729-600x533.png",600,533,true],"woocommerce_gallery_thumbnail":["https:\/\/www.ferberpainting.com\/wp-content\/uploads\/2025\/05\/1L_4e593f98-be77-4e60-b25c-491391d99729-100x100.png",100,100,true]},"uagb_author_info":{"display_name":"admin","author_link":"https:\/\/www.ferberpainting.com\/pl\/author\/"},"uagb_comment_info":13,"uagb_excerpt":"Professional roof renewal with long-lasting color protection. Our roof paint is specially formulated to restore, protect, and enhance roofing surfaces with a durable and weather-resistant coating. It revitalizes faded tiles and extends the lifespan of your roof while giving it a clean, refreshed appearance. The most effective roof paint on the market. Thanks to its&hellip;","_links":{"self":[{"href":"https:\/\/www.ferberpainting.com\/pl\/wp-json\/wp\/v2\/product\/25171","targetHints":{"allow":["GET"]}}],"collection":[{"href":"https:\/\/www.ferberpainting.com\/pl\/wp-json\/wp\/v2\/product"}],"about":[{"href":"https:\/\/www.ferberpainting.com\/pl\/wp-json\/wp\/v2\/types\/product"}],"replies":[{"embeddable":true,"href":"https:\/\/www.ferberpainting.com\/pl\/wp-json\/wp\/v2\/comments?post=25171"}],"version-history":[{"count":2,"href":"https:\/\/www.ferberpainting.com\/pl\/wp-json\/wp\/v2\/product\/25171\/revisions"}],"predecessor-version":[{"id":167113,"href":"https:\/\/www.ferberpainting.com\/pl\/wp-json\/wp\/v2\/product\/25171\/revisions\/167113"}],"wp:featuredmedia":[{"embeddable":true,"href":"https:\/\/www.ferberpainting.com\/pl\/wp-json\/wp\/v2\/media\/27046"}],"wp:attachment":[{"href":"https:\/\/www.ferberpainting.com\/pl\/wp-json\/wp\/v2\/media?parent=25171"}],"wp:term":[{"taxonomy":"product_brand","embeddable":true,"href":"https:\/\/www.ferberpainting.com\/pl\/wp-json\/wp\/v2\/product_brand?post=25171"},{"taxonomy":"product_cat","embeddable":true,"href":"https:\/\/www.ferberpainting.com\/pl\/wp-json\/wp\/v2\/product_cat?post=25171"},{"taxonomy":"product_tag","embeddable":true,"href":"https:\/\/www.ferberpainting.com\/pl\/wp-json\/wp\/v2\/product_tag?post=25171"}],"curies":[{"name":"wp","href":"https:\/\/api.w.org\/{rel}","templated":true}]}}