{"id":25057,"date":"2025-05-26T10:29:03","date_gmt":"2025-05-26T08:29:03","guid":{"rendered":"https:\/\/www.ferberpainting.com\/products\/roof-defoamer\/"},"modified":"2026-02-16T08:18:54","modified_gmt":"2026-02-16T07:18:54","slug":"roof-defoamer","status":"publish","type":"product","link":"https:\/\/www.ferberpainting.com\/pl\/products\/roof-defoamer\/","title":{"rendered":"Odpieniacz do dach\u00f3w"},"content":{"rendered":"<p><strong><img decoding=\"async\" style=\"margin-right: 12px;\" src=\"https:\/\/www.ferberpainting.com\/wp-content\/uploads\/2026\/02\/Check.svg\" alt=\"\" width=\"18\" height=\"15\" \/>Silne dzia\u0142anie antypienne do g\u0142\u0119bokiego czyszczenia dach\u00f3w.<\/strong> Nasz \u015brodek odpieniaj\u0105cy do dach\u00f3w zosta\u0142 specjalnie opracowany w celu wyeliminowania tworzenia si\u0119 piany podczas czyszczenia dach\u00f3w, zapewniaj\u0105c p\u0142ynn\u0105, kontrolowan\u0105 i wydajn\u0105 obr\u00f3bk\u0119 powierzchni dachowych. Zwi\u0119ksza wydajno\u015b\u0107 czyszczenia poprzez neutralizacj\u0119 nadmiernej piany spowodowanej przez detergenty, pozosta\u0142o\u015bci organiczne lub poprzednie \u015brodki czyszcz\u0105ce.<\/p>\n<p><strong><img decoding=\"async\" style=\"margin-right: 12px;\" src=\"https:\/\/www.ferberpainting.com\/wp-content\/uploads\/2026\/02\/Check.svg\" alt=\"\" width=\"18\" height=\"15\" \/>Najskuteczniejszy odpieniacz dachowy na rynku.<\/strong> Zaprojektowany z wykorzystaniem zaawansowanej technologii kontroli piany, produkt ten szybko rozbija pian\u0119 na powierzchni, umo\u017cliwiaj\u0105c roztworom czyszcz\u0105cym bezpo\u015brednie dzia\u0142anie na mech, glony i brud bez przeszk\u00f3d. Poprawia penetracj\u0119 i maksymalizuje og\u00f3ln\u0105 skuteczno\u015b\u0107 czyszczenia.<\/p>\n<p><strong><img decoding=\"async\" style=\"margin-right: 12px;\" src=\"https:\/\/www.ferberpainting.com\/wp-content\/uploads\/2026\/02\/Check.svg\" alt=\"\" width=\"18\" height=\"15\" \/>Bezkonkurencyjna cena.<\/strong> Oferujemy profesjonaln\u0105 skuteczno\u015b\u0107 odt\u0142uszczania dach\u00f3w w najbardziej konkurencyjnej cenie. Niezale\u017cnie od tego, czy chodzi o wykonawc\u00f3w, czy w\u0142a\u015bcicieli dom\u00f3w, otrzymujesz najwy\u017csz\u0105 wydajno\u015b\u0107 bez nadmiernych koszt\u00f3w.<\/p>\n<p><strong><img decoding=\"async\" style=\"margin-right: 12px;\" src=\"https:\/\/www.ferberpainting.com\/wp-content\/uploads\/2026\/02\/Check.svg\" alt=\"\" width=\"18\" height=\"15\" \/>Gwarancja zwrotu pieni\u0119dzy dla ca\u0142kowitej pewno\u015bci.<\/strong> Gwarantujemy skuteczno\u015b\u0107 naszego \u015brodka do odt\u0142uszczania dach\u00f3w. Je\u015bli nie b\u0119dziesz w pe\u0142ni zadowolony z rezultat\u00f3w, oferujemy gwarancj\u0119 zwrotu pieni\u0119dzy. Wystarczy skontaktowa\u0107 si\u0119 z nami, a my zwr\u00f3cimy koszty zakupu.<\/p>\n<p><strong><img decoding=\"async\" style=\"margin-right: 12px;\" src=\"https:\/\/www.ferberpainting.com\/wp-content\/uploads\/2026\/02\/Check.svg\" alt=\"\" width=\"18\" height=\"15\" \/>Szybka dostawa w ci\u0105gu 24 godzin zapewnia nieprzerwan\u0105 konserwacj\u0119.<\/strong> Zawsze zapewniamy 24-godzinn\u0105 dostaw\u0119, aby\u015b m\u00f3g\u0142 bezzw\u0142ocznie uko\u0144czy\u0107 projekty czyszczenia lub obr\u00f3bki dach\u00f3w.<\/p>\n<p><strong><img decoding=\"async\" style=\"margin-right: 12px;\" src=\"https:\/\/www.ferberpainting.com\/wp-content\/uploads\/2026\/02\/Check.svg\" alt=\"\" width=\"18\" height=\"15\" \/>Doskona\u0142e pokrycie do 10 m\u00b2 na litr.<\/strong> Jeden litr \u015brodka odpieniaj\u0105cego do dach\u00f3w pozwala pokry\u0107 do 10 metr\u00f3w kwadratowych powierzchni, w zale\u017cno\u015bci od poziomu tworzenia si\u0119 piany i intensywno\u015bci czyszczenia. To zoptymalizowane pokrycie zapewnia skuteczn\u0105 aplikacj\u0119 i kontrol\u0119 koszt\u00f3w.<\/p>\n<p><strong><img decoding=\"async\" style=\"margin-right: 12px;\" src=\"https:\/\/www.ferberpainting.com\/wp-content\/uploads\/2026\/02\/Check.svg\" alt=\"\" width=\"18\" height=\"15\" \/>Poprawia wydajno\u015b\u0107 czyszczenia dachu.<\/strong> Eliminuj\u0105c pian\u0119, kt\u00f3ra blokuje widoczno\u015b\u0107 i ogranicza kontakt z produktem, odpieniacz pozwala \u015brodkom czyszcz\u0105cym pozosta\u0107 w bezpo\u015brednim kontakcie z mchem i zanieczyszczeniami, poprawiaj\u0105c og\u00f3lne wyniki.<\/p>\n<p><strong><img decoding=\"async\" style=\"margin-right: 12px;\" src=\"https:\/\/www.ferberpainting.com\/wp-content\/uploads\/2026\/02\/Check.svg\" alt=\"\" width=\"18\" height=\"15\" \/>Kompatybilny z wi\u0119kszo\u015bci\u0105 rozwi\u0105za\u0144 do czyszczenia dach\u00f3w.<\/strong> Nasz \u015brodek przeciwpieni\u0105cy skutecznie wsp\u00f3\u0142dzia\u0142a z powszechnie stosowanymi \u015brodkami do czyszczenia dach\u00f3w, zwi\u0119kszaj\u0105c ich skuteczno\u015b\u0107 bez zak\u0142\u00f3cania dzia\u0142ania ich aktywnych sk\u0142adnik\u00f3w.<\/p>\n<p><strong><img decoding=\"async\" style=\"margin-right: 12px;\" src=\"https:\/\/www.ferberpainting.com\/wp-content\/uploads\/2026\/02\/Check.svg\" alt=\"\" width=\"18\" height=\"15\" \/>Nadaje si\u0119 do r\u00f3\u017cnych pokry\u0107 dachowych.<\/strong> Mo\u017ce by\u0107 stosowany na dach\u00f3wkach ceramicznych, betonowych, \u0142upkowych, w\u0142\u00f3kno-cementowych i innych kompatybilnych powierzchniach dachowych podczas czyszczenia.<\/p>\n<p><strong><img decoding=\"async\" style=\"margin-right: 12px;\" src=\"https:\/\/www.ferberpainting.com\/wp-content\/uploads\/2026\/02\/Check.svg\" alt=\"\" width=\"18\" height=\"15\" \/>\u0141atwa i kontrolowana aplikacja.<\/strong> P\u0142ynny format umo\u017cliwia precyzyjne dozowanie i r\u00f3wnomiern\u0105 dystrybucj\u0119, dzi\u0119ki czemu jest odpowiedni zar\u00f3wno dla profesjonalnych wykonawc\u00f3w, jak i do\u015bwiadczonych u\u017cytkownik\u00f3w DIY.<\/p>\n<h2><strong>Instrukcje<\/strong><\/h2>\n<ul>\n<li>Sprawdzi\u0107 dach i zidentyfikowa\u0107 obszary, w kt\u00f3rych podczas czyszczenia nadmiernie gromadzi si\u0119 piana.<\/li>\n<li>Nale\u017cy zapewni\u0107 bezpieczne warunki pracy i nosi\u0107 odpowiedni sprz\u0119t ochronny, w tym r\u0119kawice, okulary ochronne i obuwie antypo\u015blizgowe.<\/li>\n<li>Przed u\u017cyciem dok\u0142adnie wstrz\u0105sn\u0105\u0107 pojemnikiem, aby zapewni\u0107 r\u00f3wnomierne rozprowadzenie sk\u0142adnik\u00f3w aktywnych.<\/li>\n<li>Nanie\u015b\u0107 \u015brodek odpieniaj\u0105cy bezpo\u015brednio na obszary dotkni\u0119te pian\u0105 za pomoc\u0105 opryskiwacza, konewki lub p\u0119dzla.<\/li>\n<li>Przestrzega\u0107 zalecanego stopnia pokrycia: 1 litr czy\u015bci do 10 m\u00b2. Odpowiada to oko\u0142o 100 ml na metr kwadratowy. W przypadku du\u017cego nagromadzenia piany mo\u017ce by\u0107 konieczne nieco wi\u0119ksze zu\u017cycie.<\/li>\n<li>Rozprowad\u017a produkt r\u00f3wnomiernie na powierzchni, na kt\u00f3rej znajduje si\u0119 piana, zapewniaj\u0105c pe\u0142ny kontakt.<\/li>\n<li>Pozw\u00f3l odpieniaczowi natychmiast zadzia\u0142a\u0107. Piana powinna zacz\u0105\u0107 szybko opada\u0107, poprawiaj\u0105c widoczno\u015b\u0107 i umo\u017cliwiaj\u0105c skuteczne dzia\u0142anie \u015brodk\u00f3w czyszcz\u0105cych.<\/li>\n<li>Kontynuowa\u0107 proces czyszczenia dachu po znikni\u0119ciu piany.<\/li>\n<li>Je\u015bli piana utrzymuje si\u0119 w niekt\u00f3rych obszarach, nale\u017cy zastosowa\u0107 dodatkowy zabieg miejscowy, nie przekraczaj\u0105c zalecanego ca\u0142kowitego pokrycia.<\/li>\n<li>Unikaj aplikacji podczas ulewnego deszczu lub silnego wiatru, aby zapewni\u0107 prawid\u0142owe dzia\u0142anie.<\/li>\n<li>Nie stosowa\u0107 na suche powierzchnie, je\u015bli nie wyst\u0119puje piana, poniewa\u017c produkt zosta\u0142 zaprojektowany specjalnie do neutralizacji piany.<\/li>\n<li>Po zako\u0144czeniu procesu czyszczenia nale\u017cy pozostawi\u0107 dach do naturalnego wyschni\u0119cia.<\/li>\n<li>Po u\u017cyciu dok\u0142adnie wyczy\u015b\u0107 narz\u0119dzia do aplikacji.<\/li>\n<li>Przechowywa\u0107 pojemnik szczelnie zamkni\u0119ty w ch\u0142odnym, suchym miejscu, z dala od bezpo\u015bredniego \u015bwiat\u0142a s\u0142onecznego i ekstremalnych temperatur.<\/li>\n<li>Przechowywa\u0107 w miejscu niedost\u0119pnym dla dzieci i unika\u0107 bezpo\u015bredniego kontaktu ze sk\u00f3r\u0105 i oczami.<\/li>\n<\/ul>\n<p>Przestrzegaj\u0105c zalecanego pokrycia do 10 m\u00b2 na litr i stosuj\u0105c produkt tylko tam, gdzie tworzenie si\u0119 piany przeszkadza w czyszczeniu, nasz odpieniacz do dach\u00f3w zapewnia lepsz\u0105 skuteczno\u015b\u0107 czyszczenia, lepsz\u0105 wydajno\u015b\u0107 produktu oraz bezpieczniejsze i bardziej kontrolowane operacje konserwacji dachu.<\/p>","protected":false},"excerpt":{"rendered":"<p>Powerful anti-foam action for deep roof cleaning. Our roof defoamer is specially formulated to eliminate foam buildup during roof cleaning operations, ensuring smooth, controlled, and efficient treatment of roofing surfaces. It enhances cleaning performance by neutralizing excessive foam caused by detergents, organic residues, or previous cleaning agents. The most effective roof defoamer on the market. [&hellip;]<\/p>\n","protected":false},"featured_media":26916,"comment_status":"open","ping_status":"closed","template":"","meta":{"_uag_custom_page_level_css":"","site-sidebar-layout":"default","site-content-layout":"","ast-site-content-layout":"default","site-content-style":"default","site-sidebar-style":"default","ast-global-header-display":"","ast-banner-title-visibility":"","ast-main-header-display":"","ast-hfb-above-header-display":"","ast-hfb-below-header-display":"","ast-hfb-mobile-header-display":"","site-post-title":"","ast-breadcrumbs-content":"","ast-featured-img":"","footer-sml-layout":"","ast-disable-related-posts":"","theme-transparent-header-meta":"default","adv-header-id-meta":"","stick-header-meta":"","header-above-stick-meta":"","header-main-stick-meta":"","header-below-stick-meta":"","astra-migrate-meta-layouts":"set","ast-page-background-enabled":"default","ast-page-background-meta":{"desktop":{"background-color":"var(--ast-global-color-4)","background-image":"","background-repeat":"repeat","background-position":"center center","background-size":"auto","background-attachment":"scroll","background-type":"","background-media":"","overlay-type":"","overlay-color":"","overlay-opacity":"","overlay-gradient":""},"tablet":{"background-color":"","background-image":"","background-repeat":"repeat","background-position":"center center","background-size":"auto","background-attachment":"scroll","background-type":"","background-media":"","overlay-type":"","overlay-color":"","overlay-opacity":"","overlay-gradient":""},"mobile":{"background-color":"","background-image":"","background-repeat":"repeat","background-position":"center center","background-size":"auto","background-attachment":"scroll","background-type":"","background-media":"","overlay-type":"","overlay-color":"","overlay-opacity":"","overlay-gradient":""}},"ast-content-background-meta":{"desktop":{"background-color":"var(--ast-global-color-5)","background-image":"","background-repeat":"repeat","background-position":"center center","background-size":"auto","background-attachment":"scroll","background-type":"","background-media":"","overlay-type":"","overlay-color":"","overlay-opacity":"","overlay-gradient":""},"tablet":{"background-color":"var(--ast-global-color-5)","background-image":"","background-repeat":"repeat","background-position":"center center","background-size":"auto","background-attachment":"scroll","background-type":"","background-media":"","overlay-type":"","overlay-color":"","overlay-opacity":"","overlay-gradient":""},"mobile":{"background-color":"var(--ast-global-color-5)","background-image":"","background-repeat":"repeat","background-position":"center center","background-size":"auto","background-attachment":"scroll","background-type":"","background-media":"","overlay-type":"","overlay-color":"","overlay-opacity":"","overlay-gradient":""}}},"product_brand":[],"product_cat":[175,187],"product_tag":[],"class_list":{"0":"post-25057","1":"product","2":"type-product","3":"status-publish","4":"has-post-thumbnail","6":"product_cat-cleaning-products","7":"product_cat-roofing","8":"desktop-align-left","9":"tablet-align-left","10":"mobile-align-left","12":"first","13":"instock","14":"sale","15":"shipping-taxable","16":"purchasable","17":"product-type-variable","18":"has-default-attributes"},"spectra_custom_meta":{"_visibility":["visible"],"_shopify_product_id":["8051366068469"],"_s2w_shopify_domain":["ferberpainting.myshopify.com"],"_shopify_variant_id":["43849071231221"],"_manage_stock":["no"],"total_sales":["23"],"_tax_status":["taxable"],"_tax_class":[""],"_backorders":["no"],"_sold_individually":["no"],"_virtual":["no"],"_downloadable":["no"],"_download_limit":["-1"],"_download_expiry":["-1"],"_stock":[null],"_stock_status":["instock"],"_wc_average_rating":["4.97"],"_wc_review_count":["70"],"_product_attributes":["a:1:{s:6:\"volume\";a:6:{s:4:\"name\";s:6:\"Volume\";s:5:\"value\";s:20:\"5 liters | 25 liters\";s:8:\"position\";i:1;s:10:\"is_visible\";i:0;s:12:\"is_variation\";i:1;s:11:\"is_taxonomy\";i:0;}}"],"_product_version":["10.5.1"],"_thumbnail_id":["26916"],"_product_image_gallery":["26917"],"_edit_lock":["1771226196:1"],"_default_attributes":["a:1:{s:6:\"volume\";s:8:\"5 liters\";}"],"merchant-center-availability":["yes"],"merchant-center-category":["123"],"merchant-center-id":["AMT5L"],"_edit_last":["1"],"_wp_page_template":["default"],"site-sidebar-layout":["default"],"ast-site-content-layout":["default"],"site-content-style":["default"],"site-sidebar-style":["default"],"theme-transparent-header-meta":["default"],"_price":["29.90","129.90"],"_wc_rating_count":["a:2:{i:4;i:2;i:5;i:68;}"],"astra-migrate-meta-layouts":["set"],"_uag_css_file_name":["uag-css-25057.css"],"_elementor_page_assets":["a:0:{}"],"_uag_page_assets":["a:9:{s:3:\"css\";s:7133:\".uag-blocks-common-selector{z-index:var(--z-index-desktop) !important}@media(max-width: 976px){.uag-blocks-common-selector{z-index:var(--z-index-tablet) !important}}@media(max-width: 767px){.uag-blocks-common-selector{z-index:var(--z-index-mobile) !important}}.wp-block-uagb-image{display:flex}.wp-block-uagb-image__figure{position:relative;display:flex;flex-direction:column;max-width:100%;height:auto;margin:0}.wp-block-uagb-image__figure img{height:auto;display:flex;max-width:100%;transition:box-shadow .2s ease}.wp-block-uagb-image__figure>a{display:inline-block}.wp-block-uagb-image__figure figcaption{text-align:center;margin-top:.5em;margin-bottom:1em}.wp-block-uagb-image .components-placeholder.block-editor-media-placeholder .components-placeholder__instructions{align-self:center}.wp-block-uagb-image--align-left{text-align:left}.wp-block-uagb-image--align-right{text-align:right}.wp-block-uagb-image--align-center{text-align:center}.wp-block-uagb-image--align-full .wp-block-uagb-image__figure{margin-left:calc(50% - 50vw);margin-right:calc(50% - 50vw);max-width:100vw;width:100vw;height:auto}.wp-block-uagb-image--align-full .wp-block-uagb-image__figure img{height:auto;width:100% !important}.wp-block-uagb-image--align-wide .wp-block-uagb-image__figure img{height:auto;width:100%}.wp-block-uagb-image--layout-overlay__color-wrapper{position:absolute;left:0;top:0;right:0;bottom:0;opacity:.2;background:rgba(0,0,0,.5);transition:opacity .35s ease-in-out}.wp-block-uagb-image--layout-overlay-link{position:absolute;left:0;right:0;bottom:0;top:0}.wp-block-uagb-image--layout-overlay .wp-block-uagb-image__figure:hover .wp-block-uagb-image--layout-overlay__color-wrapper{opacity:1}.wp-block-uagb-image--layout-overlay__inner{position:absolute;left:15px;right:15px;bottom:15px;top:15px;display:flex;align-items:center;justify-content:center;flex-direction:column;border-color:#fff;transition:.35s ease-in-out}.wp-block-uagb-image--layout-overlay__inner.top-left,.wp-block-uagb-image--layout-overlay__inner.top-center,.wp-block-uagb-image--layout-overlay__inner.top-right{justify-content:flex-start}.wp-block-uagb-image--layout-overlay__inner.bottom-left,.wp-block-uagb-image--layout-overlay__inner.bottom-center,.wp-block-uagb-image--layout-overlay__inner.bottom-right{justify-content:flex-end}.wp-block-uagb-image--layout-overlay__inner.top-left,.wp-block-uagb-image--layout-overlay__inner.center-left,.wp-block-uagb-image--layout-overlay__inner.bottom-left{align-items:flex-start}.wp-block-uagb-image--layout-overlay__inner.top-right,.wp-block-uagb-image--layout-overlay__inner.center-right,.wp-block-uagb-image--layout-overlay__inner.bottom-right{align-items:flex-end}.wp-block-uagb-image--layout-overlay__inner .uagb-image-heading{color:#fff;transition:transform .35s,opacity .35s ease-in-out;transform:translate3d(0, 24px, 0);margin:0;line-height:1em}.wp-block-uagb-image--layout-overlay__inner .uagb-image-separator{width:30%;border-top-width:2px;border-top-color:#fff;border-top-style:solid;margin-bottom:10px;opacity:0;transition:transform .4s,opacity .4s ease-in-out;transform:translate3d(0, 30px, 0)}.wp-block-uagb-image--layout-overlay__inner .uagb-image-caption{opacity:0;overflow:visible;color:#fff;transition:transform .45s,opacity .45s ease-in-out;transform:translate3d(0, 35px, 0)}.wp-block-uagb-image--layout-overlay__inner:hover .uagb-image-heading,.wp-block-uagb-image--layout-overlay__inner:hover .uagb-image-separator,.wp-block-uagb-image--layout-overlay__inner:hover .uagb-image-caption{opacity:1;transform:translate3d(0, 0, 0)}.wp-block-uagb-image--effect-zoomin .wp-block-uagb-image__figure img,.wp-block-uagb-image--effect-zoomin .wp-block-uagb-image__figure .wp-block-uagb-image--layout-overlay__color-wrapper{transform:scale(1);transition:transform .35s ease-in-out}.wp-block-uagb-image--effect-zoomin .wp-block-uagb-image__figure:hover img,.wp-block-uagb-image--effect-zoomin .wp-block-uagb-image__figure:hover .wp-block-uagb-image--layout-overlay__color-wrapper{transform:scale(1.05)}.wp-block-uagb-image--effect-slide .wp-block-uagb-image__figure img,.wp-block-uagb-image--effect-slide .wp-block-uagb-image__figure .wp-block-uagb-image--layout-overlay__color-wrapper{width:calc(100% + 40px) !important;max-width:none !important;transform:translate3d(-40px, 0, 0);transition:transform .35s ease-in-out}.wp-block-uagb-image--effect-slide .wp-block-uagb-image__figure:hover img,.wp-block-uagb-image--effect-slide .wp-block-uagb-image__figure:hover .wp-block-uagb-image--layout-overlay__color-wrapper{transform:translate3d(0, 0, 0)}.wp-block-uagb-image--effect-grayscale img{filter:grayscale(0%);transition:.35s ease-in-out}.wp-block-uagb-image--effect-grayscale:hover img{filter:grayscale(100%)}.wp-block-uagb-image--effect-blur img{filter:blur(0);transition:.35s ease-in-out}.wp-block-uagb-image--effect-blur:hover img{filter:blur(3px)}.uagb-block-e6f939b3.wp-block-uagb-image--layout-default figure img{box-shadow: 0px 0px 0 #00000070;}.uagb-block-e6f939b3.wp-block-uagb-image .wp-block-uagb-image__figure figcaption{font-style: normal;align-self: center;}.uagb-block-e6f939b3.wp-block-uagb-image--layout-overlay figure img{box-shadow: 0px 0px 0 #00000070;}.uagb-block-e6f939b3.wp-block-uagb-image--layout-overlay .wp-block-uagb-image--layout-overlay__color-wrapper{opacity: 0.2;}.uagb-block-e6f939b3.wp-block-uagb-image--layout-overlay .wp-block-uagb-image--layout-overlay__inner{left: 15px;right: 15px;top: 15px;bottom: 15px;}.uagb-block-e6f939b3.wp-block-uagb-image--layout-overlay .wp-block-uagb-image--layout-overlay__inner .uagb-image-heading{font-style: normal;color: #fff;opacity: 1;}.uagb-block-e6f939b3.wp-block-uagb-image--layout-overlay .wp-block-uagb-image--layout-overlay__inner .uagb-image-heading a{color: #fff;}.uagb-block-e6f939b3.wp-block-uagb-image--layout-overlay .wp-block-uagb-image--layout-overlay__inner .uagb-image-caption{opacity: 0;}.uagb-block-e6f939b3.wp-block-uagb-image--layout-overlay .wp-block-uagb-image__figure:hover .wp-block-uagb-image--layout-overlay__color-wrapper{opacity: 1;}.uagb-block-e6f939b3.wp-block-uagb-image .wp-block-uagb-image--layout-overlay__inner .uagb-image-separator{width: 30%;border-top-width: 2px;border-top-color: #fff;opacity: 0;}.uagb-block-e6f939b3.wp-block-uagb-image .wp-block-uagb-image__figure img{width: px;height: auto;}.uagb-block-e6f939b3.wp-block-uagb-image .wp-block-uagb-image__figure:hover .wp-block-uagb-image--layout-overlay__inner .uagb-image-caption{opacity: 1;}.uagb-block-e6f939b3.wp-block-uagb-image .wp-block-uagb-image__figure:hover .wp-block-uagb-image--layout-overlay__inner .uagb-image-separator{opacity: 1;}.uagb-block-e6f939b3.wp-block-uagb-image--layout-default figure:hover img{box-shadow: 0px 0px 0 #00000070;}.uagb-block-e6f939b3.wp-block-uagb-image--layout-overlay figure:hover img{box-shadow: 0px 0px 0 #00000070;}@media only screen and (max-width: 976px) {.uagb-block-e6f939b3.wp-block-uagb-image .wp-block-uagb-image__figure img{width: px;height: auto;}}@media only screen and (max-width: 767px) {.uagb-block-e6f939b3.wp-block-uagb-image .wp-block-uagb-image__figure img{width: px;height: auto;}}\";s:2:\"js\";s:0:\"\";s:18:\"current_block_list\";a:13:{i:0;s:11:\"core\/search\";i:1;s:10:\"core\/group\";i:2;s:12:\"core\/heading\";i:3;s:17:\"core\/latest-posts\";i:4;s:20:\"core\/latest-comments\";i:5;s:13:\"core\/archives\";i:6;s:15:\"core\/categories\";i:7;s:14:\"core\/paragraph\";i:8;s:10:\"uagb\/image\";i:9;s:11:\"core\/spacer\";i:10;s:30:\"woocommerce\/product-categories\";i:11;s:10:\"core\/image\";i:12;s:14:\"core\/shortcode\";}s:8:\"uag_flag\";b:1;s:11:\"uag_version\";s:10:\"1777037318\";s:6:\"gfonts\";a:0:{}s:10:\"gfonts_url\";s:0:\"\";s:12:\"gfonts_files\";a:0:{}s:14:\"uag_faq_layout\";b:0;}"]},"uagb_featured_image_src":{"full":["https:\/\/www.ferberpainting.com\/wp-content\/uploads\/2025\/05\/Roof_Defoamer_5L.jpg",2560,2560,false],"thumbnail":["https:\/\/www.ferberpainting.com\/wp-content\/uploads\/2025\/05\/Roof_Defoamer_5L-150x150.jpg",150,150,true],"medium":["https:\/\/www.ferberpainting.com\/wp-content\/uploads\/2025\/05\/Roof_Defoamer_5L-300x300.jpg",300,300,true],"medium_large":["https:\/\/www.ferberpainting.com\/wp-content\/uploads\/2025\/05\/Roof_Defoamer_5L-768x768.jpg",768,768,true],"large":["https:\/\/www.ferberpainting.com\/wp-content\/uploads\/2025\/05\/Roof_Defoamer_5L-1024x1024.jpg",1024,1024,true],"1536x1536":["https:\/\/www.ferberpainting.com\/wp-content\/uploads\/2025\/05\/Roof_Defoamer_5L-1536x1536.jpg",1536,1536,true],"2048x2048":["https:\/\/www.ferberpainting.com\/wp-content\/uploads\/2025\/05\/Roof_Defoamer_5L-2048x2048.jpg",2048,2048,true],"trp-custom-language-flag":["https:\/\/www.ferberpainting.com\/wp-content\/uploads\/2025\/05\/Roof_Defoamer_5L-12x12.jpg",12,12,true],"woocommerce_thumbnail":["https:\/\/www.ferberpainting.com\/wp-content\/uploads\/2025\/05\/Roof_Defoamer_5L-300x300.jpg",300,300,true],"woocommerce_single":["https:\/\/www.ferberpainting.com\/wp-content\/uploads\/2025\/05\/Roof_Defoamer_5L-600x600.jpg",600,600,true],"woocommerce_gallery_thumbnail":["https:\/\/www.ferberpainting.com\/wp-content\/uploads\/2025\/05\/Roof_Defoamer_5L-100x100.jpg",100,100,true]},"uagb_author_info":{"display_name":"admin","author_link":"https:\/\/www.ferberpainting.com\/pl\/author\/"},"uagb_comment_info":70,"uagb_excerpt":"Powerful anti-foam action for deep roof cleaning. Our roof defoamer is specially formulated to eliminate foam buildup during roof cleaning operations, ensuring smooth, controlled, and efficient treatment of roofing surfaces. It enhances cleaning performance by neutralizing excessive foam caused by detergents, organic residues, or previous cleaning agents. The most effective roof defoamer on the market.&hellip;","_links":{"self":[{"href":"https:\/\/www.ferberpainting.com\/pl\/wp-json\/wp\/v2\/product\/25057","targetHints":{"allow":["GET"]}}],"collection":[{"href":"https:\/\/www.ferberpainting.com\/pl\/wp-json\/wp\/v2\/product"}],"about":[{"href":"https:\/\/www.ferberpainting.com\/pl\/wp-json\/wp\/v2\/types\/product"}],"replies":[{"embeddable":true,"href":"https:\/\/www.ferberpainting.com\/pl\/wp-json\/wp\/v2\/comments?post=25057"}],"version-history":[{"count":3,"href":"https:\/\/www.ferberpainting.com\/pl\/wp-json\/wp\/v2\/product\/25057\/revisions"}],"predecessor-version":[{"id":167101,"href":"https:\/\/www.ferberpainting.com\/pl\/wp-json\/wp\/v2\/product\/25057\/revisions\/167101"}],"wp:featuredmedia":[{"embeddable":true,"href":"https:\/\/www.ferberpainting.com\/pl\/wp-json\/wp\/v2\/media\/26916"}],"wp:attachment":[{"href":"https:\/\/www.ferberpainting.com\/pl\/wp-json\/wp\/v2\/media?parent=25057"}],"wp:term":[{"taxonomy":"product_brand","embeddable":true,"href":"https:\/\/www.ferberpainting.com\/pl\/wp-json\/wp\/v2\/product_brand?post=25057"},{"taxonomy":"product_cat","embeddable":true,"href":"https:\/\/www.ferberpainting.com\/pl\/wp-json\/wp\/v2\/product_cat?post=25057"},{"taxonomy":"product_tag","embeddable":true,"href":"https:\/\/www.ferberpainting.com\/pl\/wp-json\/wp\/v2\/product_tag?post=25057"}],"curies":[{"name":"wp","href":"https:\/\/api.w.org\/{rel}","templated":true}]}}