{"id":25026,"date":"2025-05-26T10:28:44","date_gmt":"2025-05-26T08:28:44","guid":{"rendered":"https:\/\/www.ferberpainting.com\/products\/rhubarb-fertilizer\/"},"modified":"2026-02-16T08:00:40","modified_gmt":"2026-02-16T07:00:40","slug":"rhubarb-fertilizer","status":"publish","type":"product","link":"https:\/\/www.ferberpainting.com\/pl\/products\/rhubarb-fertilizer\/","title":{"rendered":"Naw\u00f3z do rabarbaru"},"content":{"rendered":"<p><strong><img decoding=\"async\" style=\"margin-right: 12px;\" src=\"https:\/\/www.ferberpainting.com\/wp-content\/uploads\/2026\/02\/Check.svg\" alt=\"\" width=\"18\" height=\"15\" \/>Naw\u00f3z przeznaczony do silnego i wydajnego rabarbaru.<\/strong>\u00a0Ten naw\u00f3z zosta\u0142 specjalnie zaprojektowany, aby promowa\u0107 szybki wzrost i wytrzyma\u0142o\u015b\u0107 ro\u015blin rabarbaru. Dzi\u0119ki zr\u00f3wnowa\u017conej formule azotu (N), fosforu (P) i potasu (K) (NPK 15-15-15) stymuluje rozw\u00f3j korzeni, poprawia g\u0119sto\u015b\u0107 li\u015bci i sprzyja tworzeniu grubych i soczystych \u0142odyg. Nawo\u017c\u0105c rabarbar tym nawozem, uzyskasz bardziej obfite zbiory i \u0142odygi najwy\u017cszej jako\u015bci.<\/p>\n<p><strong><img decoding=\"async\" style=\"margin-right: 12px;\" src=\"https:\/\/www.ferberpainting.com\/wp-content\/uploads\/2026\/02\/Check.svg\" alt=\"\" width=\"18\" height=\"15\" \/>Gwarancja zwrotu pieni\u0119dzy.<\/strong>\u00a0Jeste\u015bmy ca\u0142kowicie przekonani o skuteczno\u015bci naszego produktu. Dlatego oferujemy gwarancj\u0119 zwrotu pieni\u0119dzy. Je\u015bli po prawid\u0142owym stosowaniu nie zauwa\u017cysz poprawy we wzro\u015bcie i plonowaniu rabarbaru, zwr\u00f3cimy Ci pieni\u0105dze bez zadawania pyta\u0144.<\/p>\n<p><strong><img decoding=\"async\" style=\"margin-right: 12px;\" src=\"https:\/\/www.ferberpainting.com\/wp-content\/uploads\/2026\/02\/Check.svg\" alt=\"\" width=\"18\" height=\"15\" \/>Nadaje si\u0119 do wszystkich rodzaj\u00f3w gleby i warunk\u00f3w uprawy.<\/strong>\u00a0Naw\u00f3z ten jest odpowiedni dla wszystkich odmian rabarbaru, zar\u00f3wno uprawianych w gruncie, na podwy\u017cszonych grz\u0105dkach, jak i w doniczkach. Jest skuteczny na wszystkich rodzajach gleb, zar\u00f3wno gliniastych, piaszczystych, gliniastych, jak i wapiennych. Jego dzia\u0142anie reguluje pH gleby i poprawia wch\u0142anianie niezb\u0119dnych sk\u0142adnik\u00f3w od\u017cywczych.<\/p>\n<p><strong><img decoding=\"async\" style=\"margin-right: 12px;\" src=\"https:\/\/www.ferberpainting.com\/wp-content\/uploads\/2026\/02\/Check.svg\" alt=\"\" width=\"18\" height=\"15\" \/>Op\u0142acalny plon i wydajne nawo\u017cenie.<\/strong>\u00a0Dzi\u0119ki skoncentrowanej formule naw\u00f3z ten \u0142atwo si\u0119 rozcie\u0144cza i umo\u017cliwia optymaln\u0105 aplikacj\u0119. Z 5-litrowej butelki mo\u017cna wyprodukowa\u0107 do 1000 litr\u00f3w rozcie\u0144czonego nawozu, oferuj\u0105c szerokie pokrycie dla wielu cykli upraw. Pozwala na r\u00f3wnomierne nawo\u017cenie, bez nadmiaru lub niedoboru, zapewniaj\u0105c ci\u0105g\u0142y i kontrolowany wzrost.<\/p>\n<p><strong><img decoding=\"async\" style=\"margin-right: 12px;\" src=\"https:\/\/www.ferberpainting.com\/wp-content\/uploads\/2026\/02\/Check.svg\" alt=\"\" width=\"18\" height=\"15\" \/>Bezpieczny dla ro\u015blin i przyjazny dla \u015brodowiska.<\/strong>\u00a0Nasz naw\u00f3z zosta\u0142 opracowany bez u\u017cycia szkodliwych substancji chemicznych, aby chroni\u0107 jako\u015b\u0107 gleby i otaczaj\u0105cy ekosystem. Nie spala korzeni, zapewniaj\u0105c stopniowe i skuteczne wch\u0142anianie sk\u0142adnik\u00f3w od\u017cywczych przez ro\u015blin\u0119. Nie zanieczyszcza w\u00f3d gruntowych, promuj\u0105c rolnictwo bardziej przyjazne dla \u015brodowiska.<\/p>\n<p><strong><img decoding=\"async\" style=\"margin-right: 12px;\" src=\"https:\/\/www.ferberpainting.com\/wp-content\/uploads\/2026\/02\/Check.svg\" alt=\"\" width=\"18\" height=\"15\" \/>Prosta i szybka aplikacja dla maksymalnej wydajno\u015bci.<\/strong>\u00a0Naw\u00f3z ten jest \u0142atwy w u\u017cyciu nawet dla ogrodnik\u00f3w amator\u00f3w. Szybko si\u0119 rozcie\u0144cza i jest stosowany bezpo\u015brednio u podstawy ro\u015blin. Nie jest wymagany \u017caden specjalny sprz\u0119t; wystarczy zwyk\u0142a konewka lub opryskiwacz. Mo\u017ce by\u0107 r\u00f3wnie\u017c mieszany z wod\u0105 do nawadniania w celu szybkiego i r\u00f3wnomiernego wch\u0142aniania przez ro\u015blin\u0119.<\/p>\n<p><strong><img decoding=\"async\" style=\"margin-right: 12px;\" src=\"https:\/\/www.ferberpainting.com\/wp-content\/uploads\/2026\/02\/Check.svg\" alt=\"\" width=\"18\" height=\"15\" \/>D\u0142ugotrwa\u0142e dzia\u0142anie zapewnia obfite zbiory i mocne ro\u015bliny.<\/strong>\u00a0Dzi\u0119ki formule spowolnionego uwalniania naw\u00f3z ten od\u017cywia ro\u015bliny przez d\u0142ugi czas, zapewniaj\u0105c sta\u0142y wzrost i zwi\u0119kszon\u0105 odporno\u015b\u0107 na choroby. Pomaga rabarbarowi rozwin\u0105\u0107 silny system korzeniowy, co sprzyja dobrej regeneracji \u0142odyg po ka\u017cdym zbiorze.<\/p>\n<p><strong><img decoding=\"async\" style=\"margin-right: 12px;\" src=\"https:\/\/www.ferberpainting.com\/wp-content\/uploads\/2026\/02\/Check.svg\" alt=\"\" width=\"18\" height=\"15\" \/>Widoczne rezultaty w ci\u0105gu pierwszych tygodni.<\/strong>\u00a0Po kilku tygodniach stosowania zauwa\u017cysz szybszy wzrost li\u015bci, grubsze \u0142odygi i lepszy odrost po zbiorach. Dostarczaj\u0105c wszystkich niezb\u0119dnych sk\u0142adnik\u00f3w od\u017cywczych, naw\u00f3z ten pozwala osi\u0105gn\u0105\u0107 cz\u0119stsze i bardziej obfite zbiory.<\/p>\n<h2><strong>Protok\u00f3\u0142 u\u017cytkowania<\/strong><\/h2>\n<p><strong>Zalecane dawkowanie :<\/strong><\/p>\n<ul>\n<li><strong>Przed wznowieniem wegetacji (wiosna) <\/strong>Rozcie\u0144czy\u0107 5 ml nawozu na litr wody i podlewa\u0107 bezpo\u015brednio u podstawy ro\u015blin.<\/li>\n<li><strong>Podczas aktywnego wzrostu <\/strong>Stosowa\u0107 raz na 2 tygodnie, u\u017cywaj\u0105c tej samej dawki (5 ml na litr wody).<\/li>\n<li><strong>Po zbiorach<\/strong>Ko\u0144cowa aplikacja nawozu pomo\u017ce ro\u015blinom dobrze zregenerowa\u0107 si\u0119 na nast\u0119pny sezon.<\/li>\n<\/ul>\n<p><strong>Cz\u0119stotliwo\u015b\u0107 aplikacji <\/strong>:<\/p>\n<ul>\n<li><strong>Wiosn\u0105 i latem <\/strong>Stosowa\u0107 co dwa tygodnie, aby wspom\u00f3c wzrost.<\/li>\n<li><strong>Po ka\u017cdym zbiorze <\/strong>Dodatkowa aplikacja stymuluje produkcj\u0119 nowych \u0142odyg.<\/li>\n<li><strong>Jesieni\u0105 <\/strong>: przerwa\u0107 stosowanie, aby ro\u015blina wesz\u0142a w stan spoczynku przed zim\u0105.<\/li>\n<\/ul>\n<p><strong>Metoda aplikacji <\/strong>:<\/p>\n<ul>\n<li>Po zbiorach:  Rozcie\u0144czy\u0107 naw\u00f3z w wodzie zgodnie z zalecan\u0105 dawk\u0105.<\/li>\n<li>Podlewaj bezpo\u015brednio u podstawy ro\u015blin, aby zapewni\u0107 lepsze wch\u0142anianie.<\/li>\n<li>Nie stosowa\u0107 na li\u015bcie, aby unikn\u0105\u0107 ryzyka poparzenia.<\/li>\n<li>Preferuj stosowanie rano lub p\u00f3\u017ano w ci\u0105gu dnia, aby unikn\u0105\u0107 szybkiego odparowania sk\u0142adnik\u00f3w od\u017cywczych.<\/li>\n<\/ul>\n<p><strong>\u015arodki ostro\u017cno\u015bci dotycz\u0105ce u\u017cytkowania <\/strong>:<\/p>\n<ul>\n<li>Nie przedawkowa\u0107: zbyt du\u017ca ilo\u015b\u0107 nawozu mo\u017ce spowodowa\u0107 nadmierny wzrost li\u015bci kosztem \u0142odyg.<\/li>\n<li>Nie stosowa\u0107 podczas mroz\u00f3w lub ekstremalnych upa\u0142\u00f3w, poniewa\u017c mo\u017ce to zmniejszy\u0107 skuteczno\u015b\u0107 produktu.<\/li>\n<li>Przechowywa\u0107 pojemnik z dala od wilgoci i ciep\u0142a, aby zachowa\u0107 wszystkie jego w\u0142a\u015bciwo\u015bci.<\/li>\n<\/ul>\n<p>Stosowanie tego nawozu do rabarbaru zapewnia zdrowy i bujny wzrost, obfite zbiory i smaczne, dobrze rozwini\u0119te \u0142odygi. Jego zr\u00f3wnowa\u017cony sk\u0142ad i prosta aplikacja sprawiaj\u0105, \u017ce jest niezb\u0119dnym sprzymierze\u0144cem wszystkich ogrodnik\u00f3w, zar\u00f3wno amator\u00f3w, jak i profesjonalist\u00f3w.<\/p>","protected":false},"excerpt":{"rendered":"<p>A fertilizer designed for vigorous and productive rhubarb.\u00a0This fertilizer is specially designed to promote rapid growth and robustness of rhubarb plants. Thanks to its balanced formulation in nitrogen (N), phosphorus (P), and potassium (K) (NPK 15-15-15), it stimulates root development, improves leaf density, and encourages the formation of thick and juicy stalks. By feeding your [&hellip;]<\/p>\n","protected":false},"featured_media":26887,"comment_status":"open","ping_status":"closed","template":"","meta":{"_uag_custom_page_level_css":"","site-sidebar-layout":"default","site-content-layout":"","ast-site-content-layout":"default","site-content-style":"default","site-sidebar-style":"default","ast-global-header-display":"","ast-banner-title-visibility":"","ast-main-header-display":"","ast-hfb-above-header-display":"","ast-hfb-below-header-display":"","ast-hfb-mobile-header-display":"","site-post-title":"","ast-breadcrumbs-content":"","ast-featured-img":"","footer-sml-layout":"","ast-disable-related-posts":"","theme-transparent-header-meta":"default","adv-header-id-meta":"","stick-header-meta":"","header-above-stick-meta":"","header-main-stick-meta":"","header-below-stick-meta":"","astra-migrate-meta-layouts":"set","ast-page-background-enabled":"default","ast-page-background-meta":{"desktop":{"background-color":"var(--ast-global-color-4)","background-image":"","background-repeat":"repeat","background-position":"center center","background-size":"auto","background-attachment":"scroll","background-type":"","background-media":"","overlay-type":"","overlay-color":"","overlay-opacity":"","overlay-gradient":""},"tablet":{"background-color":"","background-image":"","background-repeat":"repeat","background-position":"center center","background-size":"auto","background-attachment":"scroll","background-type":"","background-media":"","overlay-type":"","overlay-color":"","overlay-opacity":"","overlay-gradient":""},"mobile":{"background-color":"","background-image":"","background-repeat":"repeat","background-position":"center center","background-size":"auto","background-attachment":"scroll","background-type":"","background-media":"","overlay-type":"","overlay-color":"","overlay-opacity":"","overlay-gradient":""}},"ast-content-background-meta":{"desktop":{"background-color":"var(--ast-global-color-5)","background-image":"","background-repeat":"repeat","background-position":"center center","background-size":"auto","background-attachment":"scroll","background-type":"","background-media":"","overlay-type":"","overlay-color":"","overlay-opacity":"","overlay-gradient":""},"tablet":{"background-color":"var(--ast-global-color-5)","background-image":"","background-repeat":"repeat","background-position":"center center","background-size":"auto","background-attachment":"scroll","background-type":"","background-media":"","overlay-type":"","overlay-color":"","overlay-opacity":"","overlay-gradient":""},"mobile":{"background-color":"var(--ast-global-color-5)","background-image":"","background-repeat":"repeat","background-position":"center center","background-size":"auto","background-attachment":"scroll","background-type":"","background-media":"","overlay-type":"","overlay-color":"","overlay-opacity":"","overlay-gradient":""}}},"product_brand":[],"product_cat":[178],"product_tag":[],"class_list":{"0":"post-25026","1":"product","2":"type-product","3":"status-publish","4":"has-post-thumbnail","6":"product_cat-fertilizers","7":"desktop-align-left","8":"tablet-align-left","9":"mobile-align-left","11":"first","12":"instock","13":"sale","14":"taxable","15":"shipping-taxable","16":"purchasable","17":"product-type-variable","18":"has-default-attributes"},"spectra_custom_meta":{"_visibility":["visible"],"_shopify_product_id":["9072666116341"],"_s2w_shopify_domain":["ferberpainting.myshopify.com"],"_shopify_variant_id":["46522168377589"],"_sku":[""],"_manage_stock":["no"],"total_sales":["5"],"_tax_status":["taxable"],"_tax_class":[""],"_backorders":["no"],"_sold_individually":["no"],"_virtual":["no"],"_downloadable":["no"],"_download_limit":["-1"],"_download_expiry":["-1"],"_stock":[null],"_stock_status":["instock"],"_wc_average_rating":["4.63"],"_wc_review_count":["8"],"_product_attributes":["a:1:{s:6:\"volume\";a:6:{s:4:\"name\";s:6:\"Volume\";s:5:\"value\";s:20:\"5 liters | 25 liters\";s:8:\"position\";i:1;s:10:\"is_visible\";i:0;s:12:\"is_variation\";i:1;s:11:\"is_taxonomy\";i:0;}}"],"_product_version":["10.5.1"],"_thumbnail_id":["26887"],"_product_image_gallery":["26888"],"wpse_downloadable_file_names":[""],"wpse_downloadable_file_urls":[""],"_edit_last":["1"],"_default_attributes":["a:1:{s:6:\"volume\";s:8:\"5 liters\";}"],"_edit_lock":["1771225388:1"],"_price":["29.90","129.90"],"merchant-center-availability":["yes"],"merchant-center-category":["113"],"_wp_page_template":["default"],"site-sidebar-layout":["default"],"ast-site-content-layout":["default"],"site-content-style":["default"],"site-sidebar-style":["default"],"theme-transparent-header-meta":["default"],"_wc_rating_count":["a:2:{i:4;i:3;i:5;i:5;}"],"astra-migrate-meta-layouts":["set"],"_uag_css_file_name":["uag-css-25026.css"],"_elementor_page_assets":["a:0:{}"],"_uag_page_assets":["a:9:{s:3:\"css\";s:6873:\".wp-block-uagb-image{display:flex}.wp-block-uagb-image__figure{position:relative;display:flex;flex-direction:column;max-width:100%;height:auto;margin:0}.wp-block-uagb-image__figure img{height:auto;display:flex;max-width:100%;transition:box-shadow .2s ease}.wp-block-uagb-image__figure>a{display:inline-block}.wp-block-uagb-image__figure figcaption{text-align:center;margin-top:.5em;margin-bottom:1em}.wp-block-uagb-image .components-placeholder.block-editor-media-placeholder .components-placeholder__instructions{align-self:center}.wp-block-uagb-image--align-left{text-align:left}.wp-block-uagb-image--align-right{text-align:right}.wp-block-uagb-image--align-center{text-align:center}.wp-block-uagb-image--align-full .wp-block-uagb-image__figure{margin-left:calc(50% - 50vw);margin-right:calc(50% - 50vw);max-width:100vw;width:100vw;height:auto}.wp-block-uagb-image--align-full .wp-block-uagb-image__figure img{height:auto;width:100% !important}.wp-block-uagb-image--align-wide .wp-block-uagb-image__figure img{height:auto;width:100%}.wp-block-uagb-image--layout-overlay__color-wrapper{position:absolute;left:0;top:0;right:0;bottom:0;opacity:.2;background:rgba(0,0,0,.5);transition:opacity .35s ease-in-out}.wp-block-uagb-image--layout-overlay-link{position:absolute;left:0;right:0;bottom:0;top:0}.wp-block-uagb-image--layout-overlay .wp-block-uagb-image__figure:hover .wp-block-uagb-image--layout-overlay__color-wrapper{opacity:1}.wp-block-uagb-image--layout-overlay__inner{position:absolute;left:15px;right:15px;bottom:15px;top:15px;display:flex;align-items:center;justify-content:center;flex-direction:column;border-color:#fff;transition:.35s ease-in-out}.wp-block-uagb-image--layout-overlay__inner.top-left,.wp-block-uagb-image--layout-overlay__inner.top-center,.wp-block-uagb-image--layout-overlay__inner.top-right{justify-content:flex-start}.wp-block-uagb-image--layout-overlay__inner.bottom-left,.wp-block-uagb-image--layout-overlay__inner.bottom-center,.wp-block-uagb-image--layout-overlay__inner.bottom-right{justify-content:flex-end}.wp-block-uagb-image--layout-overlay__inner.top-left,.wp-block-uagb-image--layout-overlay__inner.center-left,.wp-block-uagb-image--layout-overlay__inner.bottom-left{align-items:flex-start}.wp-block-uagb-image--layout-overlay__inner.top-right,.wp-block-uagb-image--layout-overlay__inner.center-right,.wp-block-uagb-image--layout-overlay__inner.bottom-right{align-items:flex-end}.wp-block-uagb-image--layout-overlay__inner .uagb-image-heading{color:#fff;transition:transform .35s,opacity .35s ease-in-out;transform:translate3d(0, 24px, 0);margin:0;line-height:1em}.wp-block-uagb-image--layout-overlay__inner .uagb-image-separator{width:30%;border-top-width:2px;border-top-color:#fff;border-top-style:solid;margin-bottom:10px;opacity:0;transition:transform .4s,opacity .4s ease-in-out;transform:translate3d(0, 30px, 0)}.wp-block-uagb-image--layout-overlay__inner .uagb-image-caption{opacity:0;overflow:visible;color:#fff;transition:transform .45s,opacity .45s ease-in-out;transform:translate3d(0, 35px, 0)}.wp-block-uagb-image--layout-overlay__inner:hover .uagb-image-heading,.wp-block-uagb-image--layout-overlay__inner:hover .uagb-image-separator,.wp-block-uagb-image--layout-overlay__inner:hover .uagb-image-caption{opacity:1;transform:translate3d(0, 0, 0)}.wp-block-uagb-image--effect-zoomin .wp-block-uagb-image__figure img,.wp-block-uagb-image--effect-zoomin .wp-block-uagb-image__figure .wp-block-uagb-image--layout-overlay__color-wrapper{transform:scale(1);transition:transform .35s ease-in-out}.wp-block-uagb-image--effect-zoomin .wp-block-uagb-image__figure:hover img,.wp-block-uagb-image--effect-zoomin .wp-block-uagb-image__figure:hover .wp-block-uagb-image--layout-overlay__color-wrapper{transform:scale(1.05)}.wp-block-uagb-image--effect-slide .wp-block-uagb-image__figure img,.wp-block-uagb-image--effect-slide .wp-block-uagb-image__figure .wp-block-uagb-image--layout-overlay__color-wrapper{width:calc(100% + 40px) !important;max-width:none !important;transform:translate3d(-40px, 0, 0);transition:transform .35s ease-in-out}.wp-block-uagb-image--effect-slide .wp-block-uagb-image__figure:hover img,.wp-block-uagb-image--effect-slide .wp-block-uagb-image__figure:hover .wp-block-uagb-image--layout-overlay__color-wrapper{transform:translate3d(0, 0, 0)}.wp-block-uagb-image--effect-grayscale img{filter:grayscale(0%);transition:.35s ease-in-out}.wp-block-uagb-image--effect-grayscale:hover img{filter:grayscale(100%)}.wp-block-uagb-image--effect-blur img{filter:blur(0);transition:.35s ease-in-out}.wp-block-uagb-image--effect-blur:hover img{filter:blur(3px)}.uagb-block-e6f939b3.wp-block-uagb-image--layout-default figure img{box-shadow: 0px 0px 0 #00000070;}.uagb-block-e6f939b3.wp-block-uagb-image .wp-block-uagb-image__figure figcaption{font-style: normal;align-self: center;}.uagb-block-e6f939b3.wp-block-uagb-image--layout-overlay figure img{box-shadow: 0px 0px 0 #00000070;}.uagb-block-e6f939b3.wp-block-uagb-image--layout-overlay .wp-block-uagb-image--layout-overlay__color-wrapper{opacity: 0.2;}.uagb-block-e6f939b3.wp-block-uagb-image--layout-overlay .wp-block-uagb-image--layout-overlay__inner{left: 15px;right: 15px;top: 15px;bottom: 15px;}.uagb-block-e6f939b3.wp-block-uagb-image--layout-overlay .wp-block-uagb-image--layout-overlay__inner .uagb-image-heading{font-style: normal;color: #fff;opacity: 1;}.uagb-block-e6f939b3.wp-block-uagb-image--layout-overlay .wp-block-uagb-image--layout-overlay__inner .uagb-image-heading a{color: #fff;}.uagb-block-e6f939b3.wp-block-uagb-image--layout-overlay .wp-block-uagb-image--layout-overlay__inner .uagb-image-caption{opacity: 0;}.uagb-block-e6f939b3.wp-block-uagb-image--layout-overlay .wp-block-uagb-image__figure:hover .wp-block-uagb-image--layout-overlay__color-wrapper{opacity: 1;}.uagb-block-e6f939b3.wp-block-uagb-image .wp-block-uagb-image--layout-overlay__inner .uagb-image-separator{width: 30%;border-top-width: 2px;border-top-color: #fff;opacity: 0;}.uagb-block-e6f939b3.wp-block-uagb-image .wp-block-uagb-image__figure img{width: px;height: auto;}.uagb-block-e6f939b3.wp-block-uagb-image .wp-block-uagb-image__figure:hover .wp-block-uagb-image--layout-overlay__inner .uagb-image-caption{opacity: 1;}.uagb-block-e6f939b3.wp-block-uagb-image .wp-block-uagb-image__figure:hover .wp-block-uagb-image--layout-overlay__inner .uagb-image-separator{opacity: 1;}.uagb-block-e6f939b3.wp-block-uagb-image--layout-default figure:hover img{box-shadow: 0px 0px 0 #00000070;}.uagb-block-e6f939b3.wp-block-uagb-image--layout-overlay figure:hover img{box-shadow: 0px 0px 0 #00000070;}@media only screen and (max-width: 976px) {.uagb-block-e6f939b3.wp-block-uagb-image .wp-block-uagb-image__figure img{width: px;height: auto;}}@media only screen and (max-width: 767px) {.uagb-block-e6f939b3.wp-block-uagb-image .wp-block-uagb-image__figure img{width: px;height: auto;}}\";s:2:\"js\";s:0:\"\";s:18:\"current_block_list\";a:13:{i:0;s:11:\"core\/search\";i:1;s:10:\"core\/group\";i:2;s:12:\"core\/heading\";i:3;s:17:\"core\/latest-posts\";i:4;s:20:\"core\/latest-comments\";i:5;s:13:\"core\/archives\";i:6;s:15:\"core\/categories\";i:7;s:14:\"core\/paragraph\";i:8;s:10:\"uagb\/image\";i:9;s:11:\"core\/spacer\";i:10;s:30:\"woocommerce\/product-categories\";i:11;s:10:\"core\/image\";i:12;s:14:\"core\/shortcode\";}s:8:\"uag_flag\";b:1;s:11:\"uag_version\";s:10:\"1777343853\";s:6:\"gfonts\";a:0:{}s:10:\"gfonts_url\";s:0:\"\";s:12:\"gfonts_files\";a:0:{}s:14:\"uag_faq_layout\";b:0;}"]},"uagb_featured_image_src":{"full":["https:\/\/www.ferberpainting.com\/wp-content\/uploads\/2025\/05\/RhubarbFertilizer5L.png",2560,2560,false],"thumbnail":["https:\/\/www.ferberpainting.com\/wp-content\/uploads\/2025\/05\/RhubarbFertilizer5L-150x150.png",150,150,true],"medium":["https:\/\/www.ferberpainting.com\/wp-content\/uploads\/2025\/05\/RhubarbFertilizer5L-300x300.png",300,300,true],"medium_large":["https:\/\/www.ferberpainting.com\/wp-content\/uploads\/2025\/05\/RhubarbFertilizer5L-768x768.png",768,768,true],"large":["https:\/\/www.ferberpainting.com\/wp-content\/uploads\/2025\/05\/RhubarbFertilizer5L-1024x1024.png",1024,1024,true],"1536x1536":["https:\/\/www.ferberpainting.com\/wp-content\/uploads\/2025\/05\/RhubarbFertilizer5L-1536x1536.png",1536,1536,true],"2048x2048":["https:\/\/www.ferberpainting.com\/wp-content\/uploads\/2025\/05\/RhubarbFertilizer5L-2048x2048.png",2048,2048,true],"trp-custom-language-flag":["https:\/\/www.ferberpainting.com\/wp-content\/uploads\/2025\/05\/RhubarbFertilizer5L-12x12.png",12,12,true],"woocommerce_thumbnail":["https:\/\/www.ferberpainting.com\/wp-content\/uploads\/2025\/05\/RhubarbFertilizer5L-300x300.png",300,300,true],"woocommerce_single":["https:\/\/www.ferberpainting.com\/wp-content\/uploads\/2025\/05\/RhubarbFertilizer5L-600x600.png",600,600,true],"woocommerce_gallery_thumbnail":["https:\/\/www.ferberpainting.com\/wp-content\/uploads\/2025\/05\/RhubarbFertilizer5L-100x100.png",100,100,true]},"uagb_author_info":{"display_name":"admin","author_link":"https:\/\/www.ferberpainting.com\/pl\/author\/"},"uagb_comment_info":8,"uagb_excerpt":"A fertilizer designed for vigorous and productive rhubarb.\u00a0This fertilizer is specially designed to promote rapid growth and robustness of rhubarb plants. Thanks to its balanced formulation in nitrogen (N), phosphorus (P), and potassium (K) (NPK 15-15-15), it stimulates root development, improves leaf density, and encourages the formation of thick and juicy stalks. By feeding your&hellip;","_links":{"self":[{"href":"https:\/\/www.ferberpainting.com\/pl\/wp-json\/wp\/v2\/product\/25026","targetHints":{"allow":["GET"]}}],"collection":[{"href":"https:\/\/www.ferberpainting.com\/pl\/wp-json\/wp\/v2\/product"}],"about":[{"href":"https:\/\/www.ferberpainting.com\/pl\/wp-json\/wp\/v2\/types\/product"}],"replies":[{"embeddable":true,"href":"https:\/\/www.ferberpainting.com\/pl\/wp-json\/wp\/v2\/comments?post=25026"}],"version-history":[{"count":4,"href":"https:\/\/www.ferberpainting.com\/pl\/wp-json\/wp\/v2\/product\/25026\/revisions"}],"predecessor-version":[{"id":167079,"href":"https:\/\/www.ferberpainting.com\/pl\/wp-json\/wp\/v2\/product\/25026\/revisions\/167079"}],"wp:featuredmedia":[{"embeddable":true,"href":"https:\/\/www.ferberpainting.com\/pl\/wp-json\/wp\/v2\/media\/26887"}],"wp:attachment":[{"href":"https:\/\/www.ferberpainting.com\/pl\/wp-json\/wp\/v2\/media?parent=25026"}],"wp:term":[{"taxonomy":"product_brand","embeddable":true,"href":"https:\/\/www.ferberpainting.com\/pl\/wp-json\/wp\/v2\/product_brand?post=25026"},{"taxonomy":"product_cat","embeddable":true,"href":"https:\/\/www.ferberpainting.com\/pl\/wp-json\/wp\/v2\/product_cat?post=25026"},{"taxonomy":"product_tag","embeddable":true,"href":"https:\/\/www.ferberpainting.com\/pl\/wp-json\/wp\/v2\/product_tag?post=25026"}],"curies":[{"name":"wp","href":"https:\/\/api.w.org\/{rel}","templated":true}]}}