{"id":24793,"date":"2025-05-26T10:27:16","date_gmt":"2025-05-26T08:27:16","guid":{"rendered":"https:\/\/www.ferberpainting.com\/products\/pool-waterproof-sealant\/"},"modified":"2026-02-24T18:06:34","modified_gmt":"2026-02-24T17:06:34","slug":"pool-waterproof-sealant","status":"publish","type":"product","link":"https:\/\/www.ferberpainting.com\/pl\/products\/pool-waterproof-sealant\/","title":{"rendered":"Pow\u0142oka uszczelniaj\u0105ca do basenu"},"content":{"rendered":"<p><strong><img decoding=\"async\" style=\"margin-right: 12px;\" src=\"https:\/\/www.ferberpainting.com\/wp-content\/uploads\/2026\/02\/Check.svg\" alt=\"\" width=\"18\" height=\"15\" \/>Profesjonalna wodoodporna ochrona basen\u00f3w.<\/strong> Nasz wodoodporny uszczelniacz basenowy zosta\u0142 specjalnie opracowany, aby stworzy\u0107 wysoce odporn\u0105, wodoszczeln\u0105 barier\u0119 na betonowych i murowanych konstrukcjach basenowych. Zapewnia d\u0142ugotrwa\u0142\u0105 ochron\u0119 przed przenikaniem wody, uszkodzeniami strukturalnymi i zniszczeniem spowodowanym ci\u0105g\u0142ym zanurzeniem.<\/p>\n<p><strong><img decoding=\"async\" style=\"margin-right: 12px;\" src=\"https:\/\/www.ferberpainting.com\/wp-content\/uploads\/2026\/02\/Check.svg\" alt=\"\" width=\"18\" height=\"15\" \/>Najskuteczniejsze rozwi\u0105zanie do uszczelniania basen\u00f3w na rynku.<\/strong> Dzi\u0119ki zaawansowanej technologii uszczelniania, produkt ten wnika g\u0142\u0119boko w pod\u0142o\u017ce i tworzy trwa\u0142\u0105 wodoodporn\u0105 membran\u0119, kt\u00f3ra jest w stanie wytrzyma\u0107 ci\u015bnienie hydrostatyczne, chemikalia basenowe i wahania temperatury.<\/p>\n<p><strong><img decoding=\"async\" style=\"margin-right: 12px;\" src=\"https:\/\/www.ferberpainting.com\/wp-content\/uploads\/2026\/02\/Check.svg\" alt=\"\" width=\"18\" height=\"15\" \/>Bezkonkurencyjna cena.<\/strong> Hydroizolacja basenu mo\u017ce by\u0107 kosztowna, zw\u0142aszcza gdy wymagane s\u0105 naprawy strukturalne. Oferujemy profesjonalny uszczelniacz wodoodporny w najbardziej konkurencyjnej cenie, zapewniaj\u0105c maksymaln\u0105 wydajno\u015b\u0107 w najlepszej cenie.<\/p>\n<p><strong><img decoding=\"async\" style=\"margin-right: 12px;\" src=\"https:\/\/www.ferberpainting.com\/wp-content\/uploads\/2026\/02\/Check.svg\" alt=\"\" width=\"18\" height=\"15\" \/>Gwarancja zwrotu pieni\u0119dzy dla pe\u0142nego spokoju ducha.<\/strong> Jeste\u015bmy przekonani o niezawodno\u015bci i skuteczno\u015bci naszych wodoodpornych uszczelniaczy basenowych. Je\u015bli nie b\u0119dziesz w pe\u0142ni zadowolony, oferujemy gwarancj\u0119 zwrotu pieni\u0119dzy. Wystarczy skontaktowa\u0107 si\u0119 z nami, a my zwr\u00f3cimy pieni\u0105dze za zakup.<\/p>\n<p><strong><img decoding=\"async\" style=\"margin-right: 12px;\" src=\"https:\/\/www.ferberpainting.com\/wp-content\/uploads\/2026\/02\/Check.svg\" alt=\"\" width=\"18\" height=\"15\" \/>Szybka dostawa w ci\u0105gu 24 godzin w przypadku pilnych projekt\u00f3w renowacyjnych.<\/strong> Zawsze zapewniamy dostaw\u0119 w ci\u0105gu 24 godzin, dzi\u0119ki czemu mo\u017cna rozpocz\u0105\u0107 lub kontynuowa\u0107 prace hydroizolacyjne bez op\u00f3\u017anie\u0144. Niezawodna wysy\u0142ka pomaga dotrzyma\u0107 termin\u00f3w.<\/p>\n<p><strong><img decoding=\"async\" style=\"margin-right: 12px;\" src=\"https:\/\/www.ferberpainting.com\/wp-content\/uploads\/2026\/02\/Check.svg\" alt=\"\" width=\"18\" height=\"15\" \/>Wysoka wydajno\u015b\u0107 pokrycia przy 10 kg na m\u00b2.<\/strong> Zalecane zu\u017cycie wynosi 10 kilogram\u00f3w na metr kwadratowy, co zapewnia wystarczaj\u0105c\u0105 grubo\u015b\u0107, aby stworzy\u0107 mocn\u0105 i ci\u0105g\u0142\u0105 wodoodporn\u0105 warstw\u0119 zdoln\u0105 do wytrzymania d\u0142ugotrwa\u0142ego ci\u015bnienia wody.<\/p>\n<p><strong><img decoding=\"async\" style=\"margin-right: 12px;\" src=\"https:\/\/www.ferberpainting.com\/wp-content\/uploads\/2026\/02\/Check.svg\" alt=\"\" width=\"18\" height=\"15\" \/>Doskona\u0142a odporno\u015b\u0107 na chlor, s\u00f3l i promieniowanie UV.<\/strong> Po utwardzeniu uszczelniacz jest odporny na typowe chemikalia basenowe, systemy s\u0142onej wody i ekspozycj\u0119 na \u015bwiat\u0142o s\u0142oneczne, zachowuj\u0105c swoj\u0105 integralno\u015b\u0107 strukturaln\u0105 i wydajno\u015b\u0107 przez d\u0142ugi czas.<\/p>\n<p><strong><img decoding=\"async\" style=\"margin-right: 12px;\" src=\"https:\/\/www.ferberpainting.com\/wp-content\/uploads\/2026\/02\/Check.svg\" alt=\"\" width=\"18\" height=\"15\" \/>Silna przyczepno\u015b\u0107 do betonu i muru.<\/strong> Produkt bezpiecznie wi\u0105\u017ce si\u0119 z pod\u0142o\u017cami cementowymi, zapewniaj\u0105c stabiln\u0105 podstaw\u0119 dla kolejnych wyko\u0144cze\u0144, takich jak p\u0142ytki, mikrocement lub inne pow\u0142oki dekoracyjne.<\/p>\n<p><strong><img decoding=\"async\" style=\"margin-right: 12px;\" src=\"https:\/\/www.ferberpainting.com\/wp-content\/uploads\/2026\/02\/Check.svg\" alt=\"\" width=\"18\" height=\"15\" \/>D\u0142ugotrwa\u0142a wytrzyma\u0142o\u015b\u0107 przy sta\u0142ym zanurzeniu.<\/strong> Zaprojektowana specjalnie do \u015brodowisk basenowych, wodoodporna membrana pozostaje stabilna pod ci\u0105g\u0142ym wp\u0142ywem wody i ci\u015bnienia.<\/p>\n<p><strong><img decoding=\"async\" style=\"margin-right: 12px;\" src=\"https:\/\/www.ferberpainting.com\/wp-content\/uploads\/2026\/02\/Check.svg\" alt=\"\" width=\"18\" height=\"15\" \/>Nadaje si\u0119 do nowych konstrukcji i renowacji.<\/strong> Niezale\u017cnie od tego, czy budujesz nowy basen, czy naprawiasz istniej\u0105c\u0105 konstrukcj\u0119, nasz wodoodporny uszczelniacz zapewnia niezawodn\u0105 ochron\u0119 i wyd\u0142u\u017ca \u017cywotno\u015b\u0107 instalacji.<\/p>\n<h2><strong>Instrukcje<\/strong><\/h2>\n<ul>\n<li>Upewni\u0107 si\u0119, \u017ce pod\u0142o\u017ce jest strukturalnie zdrowe, czyste i wolne od kurzu, t\u0142uszczu, mleczka cementowego lub lu\u017anych cz\u0105stek. Beton musi by\u0107 w pe\u0142ni utwardzony przed aplikacj\u0105.<\/li>\n<li>Przed na\u0142o\u017ceniem uszczelniacza wodoodpornego nale\u017cy naprawi\u0107 p\u0119kni\u0119cia, dziury lub wady konstrukcyjne. Przed rozpocz\u0119ciem nale\u017cy zaj\u0105\u0107 si\u0119 wszelkimi aktywnymi infiltracjami wody.<\/li>\n<li>Lekko zwil\u017cy\u0107 pod\u0142o\u017ce przed aplikacj\u0105, ale nie pozostawia\u0107 stoj\u0105cej wody na powierzchni.<\/li>\n<li>Wymiesza\u0107 produkt zgodnie z instrukcjami producenta, a\u017c do uzyskania jednorodnej konsystencji. W celu uzyskania optymalnych rezultat\u00f3w nale\u017cy u\u017cy\u0107 mieszad\u0142a mechanicznego.<\/li>\n<li>Na\u0142o\u017cy\u0107 uszczelniacz za pomoc\u0105 kielni lub odpowiedniego narz\u0119dzia do aplikacji, aby uzyska\u0107 jednolit\u0105 grubo\u015b\u0107.<\/li>\n<li>Nale\u017cy przestrzega\u0107 zalecanej dawki 10 kg na m\u00b2, aby zapewni\u0107 odpowiedni\u0105 grubo\u015b\u0107 membrany i pe\u0142n\u0105 wydajno\u015b\u0107 hydroizolacji. Ta dawka jest niezb\u0119dna do osi\u0105gni\u0119cia wymaganej odporno\u015bci na ci\u015bnienie hydrostatyczne.<\/li>\n<li>Rozprowad\u017a materia\u0142 r\u00f3wnomiernie na ca\u0142ej powierzchni, zapewniaj\u0105c ca\u0142kowite pokrycie bez przerw i cienkich obszar\u00f3w.<\/li>\n<li>W razie potrzeby nak\u0142ada\u0107 w kilku przej\u015bciach, aby osi\u0105gn\u0105\u0107 wymagany ca\u0142kowity poziom zu\u017cycia wynosz\u0105cy 10 kg na m\u00b2.<\/li>\n<li>Pozostawi\u0107 pierwsz\u0105 warstw\u0119 do cz\u0119\u015bciowego utwardzenia przed na\u0142o\u017ceniem kolejnych warstw, je\u015bli jest to wymagane.<\/li>\n<li>Podczas utwardzania nale\u017cy chroni\u0107 zabezpieczon\u0105 powierzchni\u0119 przed bezpo\u015brednim dzia\u0142aniem promieni s\u0142onecznych, deszczem lub ujemnymi temperaturami.<\/li>\n<li>Przed na\u0142o\u017ceniem jakiejkolwiek warstwy wyko\u0144czeniowej, takiej jak p\u0142ytki lub pow\u0142oki, nale\u017cy odczeka\u0107 pe\u0142ny czas utwardzania zgodnie z warunkami otoczenia.<\/li>\n<li>Nie nape\u0142nia\u0107 basenu wod\u0105 do momentu ca\u0142kowitego utwardzenia produktu. W zale\u017cno\u015bci od temperatury i wilgotno\u015bci mo\u017ce by\u0107 wymagany kilkudniowy okres utwardzania.<\/li>\n<li>Narz\u0119dzia nale\u017cy czy\u015bci\u0107 wod\u0105 natychmiast po u\u017cyciu, zanim materia\u0142 stwardnieje.<\/li>\n<li>Nieotwarte pojemniki nale\u017cy przechowywa\u0107 w suchym miejscu, chronionym przed wilgoci\u0105 i skrajnymi temperaturami.<\/li>\n<\/ul>","protected":false},"excerpt":{"rendered":"<p>Professional-grade waterproof protection for swimming pools. Our pool waterproof sealant is specially formulated to create a highly resistant, watertight barrier on concrete and masonry pool structures. It ensures long-term protection against water infiltration, structural damage, and deterioration caused by constant immersion. The most effective pool waterproofing solution on the market. Engineered with advanced sealing technology, [&hellip;]<\/p>\n","protected":false},"featured_media":164725,"comment_status":"open","ping_status":"closed","template":"","meta":{"_uag_custom_page_level_css":"","site-sidebar-layout":"default","site-content-layout":"","ast-site-content-layout":"default","site-content-style":"default","site-sidebar-style":"default","ast-global-header-display":"","ast-banner-title-visibility":"","ast-main-header-display":"","ast-hfb-above-header-display":"","ast-hfb-below-header-display":"","ast-hfb-mobile-header-display":"","site-post-title":"","ast-breadcrumbs-content":"","ast-featured-img":"","footer-sml-layout":"","ast-disable-related-posts":"","theme-transparent-header-meta":"default","adv-header-id-meta":"","stick-header-meta":"","header-above-stick-meta":"","header-main-stick-meta":"","header-below-stick-meta":"","astra-migrate-meta-layouts":"set","ast-page-background-enabled":"default","ast-page-background-meta":{"desktop":{"background-color":"var(--ast-global-color-4)","background-image":"","background-repeat":"repeat","background-position":"center center","background-size":"auto","background-attachment":"scroll","background-type":"","background-media":"","overlay-type":"","overlay-color":"","overlay-opacity":"","overlay-gradient":""},"tablet":{"background-color":"","background-image":"","background-repeat":"repeat","background-position":"center center","background-size":"auto","background-attachment":"scroll","background-type":"","background-media":"","overlay-type":"","overlay-color":"","overlay-opacity":"","overlay-gradient":""},"mobile":{"background-color":"","background-image":"","background-repeat":"repeat","background-position":"center center","background-size":"auto","background-attachment":"scroll","background-type":"","background-media":"","overlay-type":"","overlay-color":"","overlay-opacity":"","overlay-gradient":""}},"ast-content-background-meta":{"desktop":{"background-color":"var(--ast-global-color-5)","background-image":"","background-repeat":"repeat","background-position":"center center","background-size":"auto","background-attachment":"scroll","background-type":"","background-media":"","overlay-type":"","overlay-color":"","overlay-opacity":"","overlay-gradient":""},"tablet":{"background-color":"var(--ast-global-color-5)","background-image":"","background-repeat":"repeat","background-position":"center center","background-size":"auto","background-attachment":"scroll","background-type":"","background-media":"","overlay-type":"","overlay-color":"","overlay-opacity":"","overlay-gradient":""},"mobile":{"background-color":"var(--ast-global-color-5)","background-image":"","background-repeat":"repeat","background-position":"center center","background-size":"auto","background-attachment":"scroll","background-type":"","background-media":"","overlay-type":"","overlay-color":"","overlay-opacity":"","overlay-gradient":""}}},"product_brand":[],"product_cat":[192],"product_tag":[],"class_list":{"0":"post-24793","1":"product","2":"type-product","3":"status-publish","4":"has-post-thumbnail","6":"product_cat-waterproof-sealant","7":"desktop-align-left","8":"tablet-align-left","9":"mobile-align-left","11":"first","12":"instock","13":"sale","14":"shipping-taxable","15":"purchasable","16":"product-type-variable","17":"has-default-attributes"},"spectra_custom_meta":{"_visibility":["visible"],"_shopify_product_id":["7942058639605"],"_s2w_shopify_domain":["ferberpainting.myshopify.com"],"_shopify_variant_id":["43491542597877"],"_sku":["FPPOOLWATERPROOFSEALANT"],"_manage_stock":["no"],"total_sales":["150"],"_tax_status":["taxable"],"_tax_class":[""],"_backorders":["no"],"_sold_individually":["no"],"_virtual":["no"],"_downloadable":["no"],"_download_limit":["-1"],"_download_expiry":["-1"],"_stock":[null],"_stock_status":["instock"],"_wc_average_rating":["4.92"],"_wc_review_count":["50"],"_product_attributes":["a:1:{s:6:\"volume\";a:6:{s:4:\"name\";s:6:\"Volume\";s:5:\"value\";s:13:\"10 kg | 40 kg\";s:8:\"position\";i:0;s:10:\"is_visible\";i:0;s:12:\"is_variation\";i:1;s:11:\"is_taxonomy\";i:0;}}"],"_product_version":["10.5.2"],"_thumbnail_id":["164725"],"merchant-center-availability":["yes"],"merchant-center-category":["503744"],"merchant-center-id":["PWS"],"wpse_downloadable_file_names":[""],"wpse_downloadable_file_urls":[""],"_edit_last":["1"],"_default_attributes":["a:1:{s:6:\"volume\";s:5:\"10 kg\";}"],"_wc_rating_count":["a:2:{i:4;i:4;i:5;i:46;}"],"_edit_lock":["1771952667:1"],"_wp_page_template":["default"],"site-sidebar-layout":["default"],"ast-site-content-layout":["default"],"site-content-style":["default"],"site-sidebar-style":["default"],"theme-transparent-header-meta":["default"],"_product_image_gallery":["164726"],"_price":["49.90","129.90"],"astra-migrate-meta-layouts":["set"],"_uag_css_file_name":["uag-css-24793.css"],"_elementor_page_assets":["a:0:{}"],"_uag_page_assets":["a:9:{s:3:\"css\";s:6873:\".wp-block-uagb-image{display:flex}.wp-block-uagb-image__figure{position:relative;display:flex;flex-direction:column;max-width:100%;height:auto;margin:0}.wp-block-uagb-image__figure img{height:auto;display:flex;max-width:100%;transition:box-shadow .2s ease}.wp-block-uagb-image__figure>a{display:inline-block}.wp-block-uagb-image__figure figcaption{text-align:center;margin-top:.5em;margin-bottom:1em}.wp-block-uagb-image .components-placeholder.block-editor-media-placeholder .components-placeholder__instructions{align-self:center}.wp-block-uagb-image--align-left{text-align:left}.wp-block-uagb-image--align-right{text-align:right}.wp-block-uagb-image--align-center{text-align:center}.wp-block-uagb-image--align-full .wp-block-uagb-image__figure{margin-left:calc(50% - 50vw);margin-right:calc(50% - 50vw);max-width:100vw;width:100vw;height:auto}.wp-block-uagb-image--align-full .wp-block-uagb-image__figure img{height:auto;width:100% !important}.wp-block-uagb-image--align-wide .wp-block-uagb-image__figure img{height:auto;width:100%}.wp-block-uagb-image--layout-overlay__color-wrapper{position:absolute;left:0;top:0;right:0;bottom:0;opacity:.2;background:rgba(0,0,0,.5);transition:opacity .35s ease-in-out}.wp-block-uagb-image--layout-overlay-link{position:absolute;left:0;right:0;bottom:0;top:0}.wp-block-uagb-image--layout-overlay .wp-block-uagb-image__figure:hover .wp-block-uagb-image--layout-overlay__color-wrapper{opacity:1}.wp-block-uagb-image--layout-overlay__inner{position:absolute;left:15px;right:15px;bottom:15px;top:15px;display:flex;align-items:center;justify-content:center;flex-direction:column;border-color:#fff;transition:.35s ease-in-out}.wp-block-uagb-image--layout-overlay__inner.top-left,.wp-block-uagb-image--layout-overlay__inner.top-center,.wp-block-uagb-image--layout-overlay__inner.top-right{justify-content:flex-start}.wp-block-uagb-image--layout-overlay__inner.bottom-left,.wp-block-uagb-image--layout-overlay__inner.bottom-center,.wp-block-uagb-image--layout-overlay__inner.bottom-right{justify-content:flex-end}.wp-block-uagb-image--layout-overlay__inner.top-left,.wp-block-uagb-image--layout-overlay__inner.center-left,.wp-block-uagb-image--layout-overlay__inner.bottom-left{align-items:flex-start}.wp-block-uagb-image--layout-overlay__inner.top-right,.wp-block-uagb-image--layout-overlay__inner.center-right,.wp-block-uagb-image--layout-overlay__inner.bottom-right{align-items:flex-end}.wp-block-uagb-image--layout-overlay__inner .uagb-image-heading{color:#fff;transition:transform .35s,opacity .35s ease-in-out;transform:translate3d(0, 24px, 0);margin:0;line-height:1em}.wp-block-uagb-image--layout-overlay__inner .uagb-image-separator{width:30%;border-top-width:2px;border-top-color:#fff;border-top-style:solid;margin-bottom:10px;opacity:0;transition:transform .4s,opacity .4s ease-in-out;transform:translate3d(0, 30px, 0)}.wp-block-uagb-image--layout-overlay__inner .uagb-image-caption{opacity:0;overflow:visible;color:#fff;transition:transform .45s,opacity .45s ease-in-out;transform:translate3d(0, 35px, 0)}.wp-block-uagb-image--layout-overlay__inner:hover .uagb-image-heading,.wp-block-uagb-image--layout-overlay__inner:hover .uagb-image-separator,.wp-block-uagb-image--layout-overlay__inner:hover .uagb-image-caption{opacity:1;transform:translate3d(0, 0, 0)}.wp-block-uagb-image--effect-zoomin .wp-block-uagb-image__figure img,.wp-block-uagb-image--effect-zoomin .wp-block-uagb-image__figure .wp-block-uagb-image--layout-overlay__color-wrapper{transform:scale(1);transition:transform .35s ease-in-out}.wp-block-uagb-image--effect-zoomin .wp-block-uagb-image__figure:hover img,.wp-block-uagb-image--effect-zoomin .wp-block-uagb-image__figure:hover .wp-block-uagb-image--layout-overlay__color-wrapper{transform:scale(1.05)}.wp-block-uagb-image--effect-slide .wp-block-uagb-image__figure img,.wp-block-uagb-image--effect-slide .wp-block-uagb-image__figure .wp-block-uagb-image--layout-overlay__color-wrapper{width:calc(100% + 40px) !important;max-width:none !important;transform:translate3d(-40px, 0, 0);transition:transform .35s ease-in-out}.wp-block-uagb-image--effect-slide .wp-block-uagb-image__figure:hover img,.wp-block-uagb-image--effect-slide .wp-block-uagb-image__figure:hover .wp-block-uagb-image--layout-overlay__color-wrapper{transform:translate3d(0, 0, 0)}.wp-block-uagb-image--effect-grayscale img{filter:grayscale(0%);transition:.35s ease-in-out}.wp-block-uagb-image--effect-grayscale:hover img{filter:grayscale(100%)}.wp-block-uagb-image--effect-blur img{filter:blur(0);transition:.35s ease-in-out}.wp-block-uagb-image--effect-blur:hover img{filter:blur(3px)}.uagb-block-e6f939b3.wp-block-uagb-image--layout-default figure img{box-shadow: 0px 0px 0 #00000070;}.uagb-block-e6f939b3.wp-block-uagb-image .wp-block-uagb-image__figure figcaption{font-style: normal;align-self: center;}.uagb-block-e6f939b3.wp-block-uagb-image--layout-overlay figure img{box-shadow: 0px 0px 0 #00000070;}.uagb-block-e6f939b3.wp-block-uagb-image--layout-overlay .wp-block-uagb-image--layout-overlay__color-wrapper{opacity: 0.2;}.uagb-block-e6f939b3.wp-block-uagb-image--layout-overlay .wp-block-uagb-image--layout-overlay__inner{left: 15px;right: 15px;top: 15px;bottom: 15px;}.uagb-block-e6f939b3.wp-block-uagb-image--layout-overlay .wp-block-uagb-image--layout-overlay__inner .uagb-image-heading{font-style: normal;color: #fff;opacity: 1;}.uagb-block-e6f939b3.wp-block-uagb-image--layout-overlay .wp-block-uagb-image--layout-overlay__inner .uagb-image-heading a{color: #fff;}.uagb-block-e6f939b3.wp-block-uagb-image--layout-overlay .wp-block-uagb-image--layout-overlay__inner .uagb-image-caption{opacity: 0;}.uagb-block-e6f939b3.wp-block-uagb-image--layout-overlay .wp-block-uagb-image__figure:hover .wp-block-uagb-image--layout-overlay__color-wrapper{opacity: 1;}.uagb-block-e6f939b3.wp-block-uagb-image .wp-block-uagb-image--layout-overlay__inner .uagb-image-separator{width: 30%;border-top-width: 2px;border-top-color: #fff;opacity: 0;}.uagb-block-e6f939b3.wp-block-uagb-image .wp-block-uagb-image__figure img{width: px;height: auto;}.uagb-block-e6f939b3.wp-block-uagb-image .wp-block-uagb-image__figure:hover .wp-block-uagb-image--layout-overlay__inner .uagb-image-caption{opacity: 1;}.uagb-block-e6f939b3.wp-block-uagb-image .wp-block-uagb-image__figure:hover .wp-block-uagb-image--layout-overlay__inner .uagb-image-separator{opacity: 1;}.uagb-block-e6f939b3.wp-block-uagb-image--layout-default figure:hover img{box-shadow: 0px 0px 0 #00000070;}.uagb-block-e6f939b3.wp-block-uagb-image--layout-overlay figure:hover img{box-shadow: 0px 0px 0 #00000070;}@media only screen and (max-width: 976px) {.uagb-block-e6f939b3.wp-block-uagb-image .wp-block-uagb-image__figure img{width: px;height: auto;}}@media only screen and (max-width: 767px) {.uagb-block-e6f939b3.wp-block-uagb-image .wp-block-uagb-image__figure img{width: px;height: auto;}}\";s:2:\"js\";s:0:\"\";s:18:\"current_block_list\";a:13:{i:0;s:11:\"core\/search\";i:1;s:10:\"core\/group\";i:2;s:12:\"core\/heading\";i:3;s:17:\"core\/latest-posts\";i:4;s:20:\"core\/latest-comments\";i:5;s:13:\"core\/archives\";i:6;s:15:\"core\/categories\";i:7;s:14:\"core\/paragraph\";i:8;s:10:\"uagb\/image\";i:9;s:11:\"core\/spacer\";i:10;s:30:\"woocommerce\/product-categories\";i:11;s:10:\"core\/image\";i:12;s:14:\"core\/shortcode\";}s:8:\"uag_flag\";b:1;s:11:\"uag_version\";s:10:\"1777049616\";s:6:\"gfonts\";a:0:{}s:10:\"gfonts_url\";s:0:\"\";s:12:\"gfonts_files\";a:0:{}s:14:\"uag_faq_layout\";b:0;}"]},"uagb_featured_image_src":{"full":["https:\/\/www.ferberpainting.com\/wp-content\/uploads\/2025\/05\/Pool-Waterproof-Sealant-10-KG-mockups.png",2560,2560,false],"thumbnail":["https:\/\/www.ferberpainting.com\/wp-content\/uploads\/2025\/05\/Pool-Waterproof-Sealant-10-KG-mockups-150x150.png",150,150,true],"medium":["https:\/\/www.ferberpainting.com\/wp-content\/uploads\/2025\/05\/Pool-Waterproof-Sealant-10-KG-mockups-300x300.png",300,300,true],"medium_large":["https:\/\/www.ferberpainting.com\/wp-content\/uploads\/2025\/05\/Pool-Waterproof-Sealant-10-KG-mockups-768x768.png",768,768,true],"large":["https:\/\/www.ferberpainting.com\/wp-content\/uploads\/2025\/05\/Pool-Waterproof-Sealant-10-KG-mockups-1024x1024.png",1024,1024,true],"1536x1536":["https:\/\/www.ferberpainting.com\/wp-content\/uploads\/2025\/05\/Pool-Waterproof-Sealant-10-KG-mockups-1536x1536.png",1536,1536,true],"2048x2048":["https:\/\/www.ferberpainting.com\/wp-content\/uploads\/2025\/05\/Pool-Waterproof-Sealant-10-KG-mockups-2048x2048.png",2048,2048,true],"trp-custom-language-flag":["https:\/\/www.ferberpainting.com\/wp-content\/uploads\/2025\/05\/Pool-Waterproof-Sealant-10-KG-mockups-12x12.png",12,12,true],"woocommerce_thumbnail":["https:\/\/www.ferberpainting.com\/wp-content\/uploads\/2025\/05\/Pool-Waterproof-Sealant-10-KG-mockups-300x300.png",300,300,true],"woocommerce_single":["https:\/\/www.ferberpainting.com\/wp-content\/uploads\/2025\/05\/Pool-Waterproof-Sealant-10-KG-mockups-600x600.png",600,600,true],"woocommerce_gallery_thumbnail":["https:\/\/www.ferberpainting.com\/wp-content\/uploads\/2025\/05\/Pool-Waterproof-Sealant-10-KG-mockups-100x100.png",100,100,true]},"uagb_author_info":{"display_name":"admin","author_link":"https:\/\/www.ferberpainting.com\/pl\/author\/"},"uagb_comment_info":50,"uagb_excerpt":"Professional-grade waterproof protection for swimming pools. Our pool waterproof sealant is specially formulated to create a highly resistant, watertight barrier on concrete and masonry pool structures. It ensures long-term protection against water infiltration, structural damage, and deterioration caused by constant immersion. The most effective pool waterproofing solution on the market. Engineered with advanced sealing technology,&hellip;","_links":{"self":[{"href":"https:\/\/www.ferberpainting.com\/pl\/wp-json\/wp\/v2\/product\/24793","targetHints":{"allow":["GET"]}}],"collection":[{"href":"https:\/\/www.ferberpainting.com\/pl\/wp-json\/wp\/v2\/product"}],"about":[{"href":"https:\/\/www.ferberpainting.com\/pl\/wp-json\/wp\/v2\/types\/product"}],"replies":[{"embeddable":true,"href":"https:\/\/www.ferberpainting.com\/pl\/wp-json\/wp\/v2\/comments?post=24793"}],"version-history":[{"count":4,"href":"https:\/\/www.ferberpainting.com\/pl\/wp-json\/wp\/v2\/product\/24793\/revisions"}],"predecessor-version":[{"id":166990,"href":"https:\/\/www.ferberpainting.com\/pl\/wp-json\/wp\/v2\/product\/24793\/revisions\/166990"}],"wp:featuredmedia":[{"embeddable":true,"href":"https:\/\/www.ferberpainting.com\/pl\/wp-json\/wp\/v2\/media\/164725"}],"wp:attachment":[{"href":"https:\/\/www.ferberpainting.com\/pl\/wp-json\/wp\/v2\/media?parent=24793"}],"wp:term":[{"taxonomy":"product_brand","embeddable":true,"href":"https:\/\/www.ferberpainting.com\/pl\/wp-json\/wp\/v2\/product_brand?post=24793"},{"taxonomy":"product_cat","embeddable":true,"href":"https:\/\/www.ferberpainting.com\/pl\/wp-json\/wp\/v2\/product_cat?post=24793"},{"taxonomy":"product_tag","embeddable":true,"href":"https:\/\/www.ferberpainting.com\/pl\/wp-json\/wp\/v2\/product_tag?post=24793"}],"curies":[{"name":"wp","href":"https:\/\/api.w.org\/{rel}","templated":true}]}}