{"id":24790,"date":"2025-05-26T10:27:15","date_gmt":"2025-05-26T08:27:15","guid":{"rendered":"https:\/\/www.ferberpainting.com\/products\/pool-leak-stopper\/"},"modified":"2026-02-16T07:28:44","modified_gmt":"2026-02-16T06:28:44","slug":"pool-leak-stopper","status":"publish","type":"product","link":"https:\/\/www.ferberpainting.com\/pl\/products\/pool-leak-stopper\/","title":{"rendered":"Uszczelniacz do basenu"},"content":{"rendered":"<p><strong><img decoding=\"async\" style=\"margin-right: 12px;\" src=\"https:\/\/www.ferberpainting.com\/wp-content\/uploads\/2026\/02\/Check.svg\" alt=\"\" width=\"18\" height=\"15\" \/>Szybko i skutecznie uszczelnia wycieki z basenu od wewn\u0105trz.<\/strong> Nasza zatyczka do basen\u00f3w zosta\u0142a opracowana specjalnie w celu wykrywania i uszczelniania niewielkich przeciek\u00f3w i mikrop\u0119kni\u0119\u0107 w basenach bez konieczno\u015bci spuszczania wody lub inwazyjnych napraw. Dzia\u0142a bezpo\u015brednio w wodzie, kr\u0105\u017c\u0105c w systemie basenowym i automatycznie uszczelniaj\u0105c miejsca przeciek\u00f3w.<\/p>\n<p><strong><img decoding=\"async\" style=\"margin-right: 12px;\" src=\"https:\/\/www.ferberpainting.com\/wp-content\/uploads\/2026\/02\/Check.svg\" alt=\"\" width=\"18\" height=\"15\" \/>Najskuteczniejsze na rynku rozwi\u0105zanie do uszczelniania przeciek\u00f3w w basenach.<\/strong> Dzi\u0119ki zaawansowanej technologii uszczelniania, produkt celuje w miejsca przeciek\u00f3w, przez kt\u00f3re wydostaje si\u0119 woda, tworz\u0105c trwa\u0142e uszczelnienie wewn\u0119trzne. Zapewnia niezawodne i d\u0142ugotrwa\u0142e rezultaty w basenach betonowych, wy\u0142o\u017conych p\u0142ytkami, wyk\u0142adzin\u0105 i w\u0142\u00f3knem szklanym.<\/p>\n<p><strong><img decoding=\"async\" style=\"margin-right: 12px;\" src=\"https:\/\/www.ferberpainting.com\/wp-content\/uploads\/2026\/02\/Check.svg\" alt=\"\" width=\"18\" height=\"15\" \/>Bezkonkurencyjna cena.<\/strong> Naprawa basenu mo\u017ce by\u0107 niezwykle kosztowna i czasoch\u0142onna. Nasza zatyczka do wyciek\u00f3w z basenu zapewnia profesjonalne rozwi\u0105zanie w najbardziej konkurencyjnej cenie, pomagaj\u0105c unikn\u0105\u0107 kosztownych interwencji strukturalnych.<\/p>\n<p><strong><img decoding=\"async\" style=\"margin-right: 12px;\" src=\"https:\/\/www.ferberpainting.com\/wp-content\/uploads\/2026\/02\/Check.svg\" alt=\"\" width=\"18\" height=\"15\" \/>Gwarancja zwrotu pieni\u0119dzy dla ca\u0142kowitej pewno\u015bci.<\/strong> Jeste\u015bmy przekonani o skuteczno\u015bci naszych zatyczek do basen\u00f3w. Je\u015bli nie b\u0119dziesz w pe\u0142ni zadowolony z rezultat\u00f3w, oferujemy gwarancj\u0119 zwrotu pieni\u0119dzy. Wystarczy skontaktowa\u0107 si\u0119 z nami, a my zwr\u00f3cimy pieni\u0105dze za zakup.<\/p>\n<p><strong><img decoding=\"async\" style=\"margin-right: 12px;\" src=\"https:\/\/www.ferberpainting.com\/wp-content\/uploads\/2026\/02\/Check.svg\" alt=\"\" width=\"18\" height=\"15\" \/>Szybka dostawa w ci\u0105gu 24 godzin w przypadku pilnych problem\u00f3w z wyciekami.<\/strong> Zawsze zapewniamy 24-godzinn\u0105 dostaw\u0119, dzi\u0119ki czemu mo\u017cna natychmiast zaj\u0105\u0107 si\u0119 utrat\u0105 wody i zapobiec dalszym uszkodzeniom strukturalnym lub nadmiernym rachunkom za wod\u0119.<\/p>\n<p><strong><img decoding=\"async\" style=\"margin-right: 12px;\" src=\"https:\/\/www.ferberpainting.com\/wp-content\/uploads\/2026\/02\/Check.svg\" alt=\"\" width=\"18\" height=\"15\" \/>Jedna butelka uzdatnia do 60 m\u00b3 wody.<\/strong> Pojedyncza butelka jest przeznaczona do skutecznego uzdatniania basen\u00f3w zawieraj\u0105cych do 60 metr\u00f3w sze\u015bciennych wody. Ta zoptymalizowana dawka zapewnia maksymaln\u0105 wydajno\u015b\u0107 bez przedawkowania systemu basenowego.<\/p>\n<p><strong><img decoding=\"async\" style=\"margin-right: 12px;\" src=\"https:\/\/www.ferberpainting.com\/wp-content\/uploads\/2026\/02\/Check.svg\" alt=\"\" width=\"18\" height=\"15\" \/>Nie ma potrzeby opr\u00f3\u017cniania basenu.<\/strong> Produkt dzia\u0142a bezpo\u015brednio w istniej\u0105cej wodzie basenowej, oszcz\u0119dzaj\u0105c czas, robocizn\u0119 i koszty wody. Nie ma potrzeby ci\u0119\u017ckiego wyburzania lub usuwania powierzchni.<\/p>\n<p><strong><img decoding=\"async\" style=\"margin-right: 12px;\" src=\"https:\/\/www.ferberpainting.com\/wp-content\/uploads\/2026\/02\/Check.svg\" alt=\"\" width=\"18\" height=\"15\" \/>Kompatybilny z wi\u0119kszo\u015bci\u0105 system\u00f3w basenowych.<\/strong> Nadaje si\u0119 do basen\u00f3w betonowych, basen\u00f3w wy\u0142o\u017conych p\u0142ytkami, wyk\u0142adzin, pow\u0142ok z w\u0142\u00f3kna szklanego i kompatybilnych system\u00f3w filtracji. Nie uszkadza pomp, filtr\u00f3w ani sprz\u0119tu basenowego, je\u015bli jest stosowany zgodnie z zaleceniami.<\/p>\n<p><strong><img decoding=\"async\" style=\"margin-right: 12px;\" src=\"https:\/\/www.ferberpainting.com\/wp-content\/uploads\/2026\/02\/Check.svg\" alt=\"\" width=\"18\" height=\"15\" \/>D\u0142ugotrwa\u0142e dzia\u0142anie uszczelniaj\u0105ce.<\/strong> Po uszczelnieniu wycieku produkt tworzy stabiln\u0105 i trwa\u0142\u0105 barier\u0119, kt\u00f3ra jest w stanie wytrzyma\u0107 normalne ci\u015bnienie wody i warunki pracy basenu.<\/p>\n<p><strong><img decoding=\"async\" style=\"margin-right: 12px;\" src=\"https:\/\/www.ferberpainting.com\/wp-content\/uploads\/2026\/02\/Check.svg\" alt=\"\" width=\"18\" height=\"15\" \/>\u0141atwa aplikacja dla w\u0142a\u015bcicieli basen\u00f3w i profesjonalist\u00f3w.<\/strong> Prosta metoda dozowania sprawia, \u017ce jest on dost\u0119pny zar\u00f3wno dla profesjonalist\u00f3w, jak i prywatnych w\u0142a\u015bcicieli basen\u00f3w poszukuj\u0105cych szybkiego i skutecznego rozwi\u0105zania.<\/p>\n<h2><strong>Instrukcje<\/strong><\/h2>\n<ul>\n<li>Upewni\u0107 si\u0119, \u017ce wyciek jest niewielki i nadaje si\u0119 do uszczelnienia wewn\u0119trznego. Produkt jest przeznaczony do ma\u0142ych wyciek\u00f3w i mikrop\u0119kni\u0119\u0107, a nie do powa\u017cnych uszkodze\u0144 strukturalnych.<\/li>\n<li>Przed rozpocz\u0119ciem oczyszczania nale\u017cy upewni\u0107 si\u0119, \u017ce poziom wody w basenie jest na normalnej wysoko\u015bci roboczej.<\/li>\n<li>Przed u\u017cyciem dok\u0142adnie wstrz\u0105sn\u0105\u0107 butelk\u0105, aby r\u00f3wnomiernie rozprowadzi\u0107 aktywne sk\u0142adniki uszczelniaj\u0105ce.<\/li>\n<li>Dozowanie: u\u017cy\u0107 jednej pe\u0142nej butelki dla basen\u00f3w zawieraj\u0105cych do 60 m\u00b3 wody. W przypadku mniejszych basen\u00f3w, dostosowa\u0107 proporcjonalnie (na przyk\u0142ad p\u00f3\u0142 butelki na 30 m\u00b3).<\/li>\n<li>Przed zastosowaniem nale\u017cy wy\u0142\u0105czy\u0107 system filtracji.<\/li>\n<li>Powoli wlewa\u0107 produkt do wody w basenie, rozprowadzaj\u0105c go r\u00f3wnomiernie na ca\u0142ym obwodzie, szczeg\u00f3lnie w pobli\u017cu podejrzanych miejsc wycieku.<\/li>\n<li>Pozostawi\u0107 produkt na kilka godzin bez uruchamiania systemu filtracji. Najlepiej pozostawi\u0107 wod\u0119 na 6 do 12 godzin, aby \u015brodki uszczelniaj\u0105ce mog\u0142y zlokalizowa\u0107 i uszczelni\u0107 miejsca przeciek\u00f3w.<\/li>\n<li>Po okresie spoczynku nale\u017cy ponownie uruchomi\u0107 system filtracji i umo\u017cliwi\u0107 normaln\u0105 cyrkulacj\u0119 wody.<\/li>\n<li>Monitoruj poziom wody przez nast\u0119pne 24 do 48 godzin, aby potwierdzi\u0107 stabilizacj\u0119 i skuteczne uszczelnienie.<\/li>\n<li>W razie potrzeby mo\u017cna zastosowa\u0107 drugie leczenie w przypadku utrzymuj\u0105cych si\u0119 niewielkich wyciek\u00f3w, przestrzegaj\u0105c proporcjonalnego dawkowania.<\/li>\n<li>Produkt mo\u017ce pozostawa\u0107 w wodzie basenowej i jest kompatybilny ze standardowymi systemami uzdatniania wody, je\u015bli jest stosowany zgodnie z zaleceniami.<\/li>\n<li>Przechowywa\u0107 pojemnik szczelnie zamkni\u0119ty w ch\u0142odnym, suchym miejscu, z dala od bezpo\u015bredniego \u015bwiat\u0142a s\u0142onecznego i ekstremalnych temperatur.<\/li>\n<li>Przechowywa\u0107 w miejscu niedost\u0119pnym dla dzieci i unika\u0107 bezpo\u015bredniego kontaktu z oczami lub sk\u00f3r\u0105.<\/li>\n<\/ul>","protected":false},"excerpt":{"rendered":"<p>Seals pool leaks quickly and efficiently from the inside. Our pool leak stopper is specially formulated to detect and seal small leaks and micro-cracks in swimming pools without the need for draining or invasive repairs. It works directly in the water, circulating through the pool system and sealing leak points automatically. The most effective pool [&hellip;]<\/p>\n","protected":false},"featured_media":26638,"comment_status":"open","ping_status":"closed","template":"","meta":{"_uag_custom_page_level_css":"","site-sidebar-layout":"default","site-content-layout":"","ast-site-content-layout":"default","site-content-style":"default","site-sidebar-style":"default","ast-global-header-display":"","ast-banner-title-visibility":"","ast-main-header-display":"","ast-hfb-above-header-display":"","ast-hfb-below-header-display":"","ast-hfb-mobile-header-display":"","site-post-title":"","ast-breadcrumbs-content":"","ast-featured-img":"","footer-sml-layout":"","ast-disable-related-posts":"","theme-transparent-header-meta":"default","adv-header-id-meta":"","stick-header-meta":"","header-above-stick-meta":"","header-main-stick-meta":"","header-below-stick-meta":"","astra-migrate-meta-layouts":"set","ast-page-background-enabled":"default","ast-page-background-meta":{"desktop":{"background-color":"var(--ast-global-color-4)","background-image":"","background-repeat":"repeat","background-position":"center center","background-size":"auto","background-attachment":"scroll","background-type":"","background-media":"","overlay-type":"","overlay-color":"","overlay-opacity":"","overlay-gradient":""},"tablet":{"background-color":"","background-image":"","background-repeat":"repeat","background-position":"center center","background-size":"auto","background-attachment":"scroll","background-type":"","background-media":"","overlay-type":"","overlay-color":"","overlay-opacity":"","overlay-gradient":""},"mobile":{"background-color":"","background-image":"","background-repeat":"repeat","background-position":"center center","background-size":"auto","background-attachment":"scroll","background-type":"","background-media":"","overlay-type":"","overlay-color":"","overlay-opacity":"","overlay-gradient":""}},"ast-content-background-meta":{"desktop":{"background-color":"var(--ast-global-color-5)","background-image":"","background-repeat":"repeat","background-position":"center center","background-size":"auto","background-attachment":"scroll","background-type":"","background-media":"","overlay-type":"","overlay-color":"","overlay-opacity":"","overlay-gradient":""},"tablet":{"background-color":"var(--ast-global-color-5)","background-image":"","background-repeat":"repeat","background-position":"center center","background-size":"auto","background-attachment":"scroll","background-type":"","background-media":"","overlay-type":"","overlay-color":"","overlay-opacity":"","overlay-gradient":""},"mobile":{"background-color":"var(--ast-global-color-5)","background-image":"","background-repeat":"repeat","background-position":"center center","background-size":"auto","background-attachment":"scroll","background-type":"","background-media":"","overlay-type":"","overlay-color":"","overlay-opacity":"","overlay-gradient":""}}},"product_brand":[],"product_cat":[181],"product_tag":[],"class_list":{"0":"post-24790","1":"product","2":"type-product","3":"status-publish","4":"has-post-thumbnail","6":"product_cat-leak-stopper","7":"desktop-align-left","8":"tablet-align-left","9":"mobile-align-left","11":"first","12":"instock","13":"taxable","14":"shipping-taxable","15":"purchasable","16":"product-type-simple"},"spectra_custom_meta":{"_visibility":["visible"],"_shopify_product_id":["7955511705845"],"_s2w_shopify_domain":["ferberpainting.myshopify.com"],"_shopify_variant_id":["43515608563957"],"_sku":["FPPOOLLEAKSTOPPER"],"_regular_price":["29.90"],"_price":["29.90"],"_sale_price":[""],"_weight":["0.45"],"_thumbnail_id":["26638"],"_global_unique_id":["5056773807235"],"total_sales":["186"],"_tax_status":["taxable"],"_tax_class":[""],"_manage_stock":["no"],"_backorders":["no"],"_sold_individually":["no"],"_virtual":["no"],"_downloadable":["no"],"_download_limit":["-1"],"_download_expiry":["-1"],"_stock":[null],"_stock_status":["instock"],"_wc_average_rating":["4.80"],"_wc_review_count":["49"],"_product_version":["10.5.1"],"merchant-center-availability":["yes"],"merchant-center-category":["3017"],"merchant-center-id":["POOLLS"],"wpse_downloadable_file_names":[""],"wpse_downloadable_file_urls":[""],"_edit_last":["1"],"_wc_rating_count":["a:3:{i:3;i:2;i:4;i:6;i:5;i:41;}"],"_edit_lock":["1775805781:7133"],"_wp_page_template":["default"],"site-sidebar-layout":["default"],"ast-site-content-layout":["default"],"site-content-style":["default"],"site-sidebar-style":["default"],"theme-transparent-header-meta":["default"],"astra-migrate-meta-layouts":["set"],"_uag_css_file_name":["uag-css-24790.css"],"_uag_page_assets":["a:9:{s:3:\"css\";s:7133:\".uag-blocks-common-selector{z-index:var(--z-index-desktop) !important}@media(max-width: 976px){.uag-blocks-common-selector{z-index:var(--z-index-tablet) !important}}@media(max-width: 767px){.uag-blocks-common-selector{z-index:var(--z-index-mobile) !important}}.wp-block-uagb-image{display:flex}.wp-block-uagb-image__figure{position:relative;display:flex;flex-direction:column;max-width:100%;height:auto;margin:0}.wp-block-uagb-image__figure img{height:auto;display:flex;max-width:100%;transition:box-shadow .2s ease}.wp-block-uagb-image__figure>a{display:inline-block}.wp-block-uagb-image__figure figcaption{text-align:center;margin-top:.5em;margin-bottom:1em}.wp-block-uagb-image .components-placeholder.block-editor-media-placeholder .components-placeholder__instructions{align-self:center}.wp-block-uagb-image--align-left{text-align:left}.wp-block-uagb-image--align-right{text-align:right}.wp-block-uagb-image--align-center{text-align:center}.wp-block-uagb-image--align-full .wp-block-uagb-image__figure{margin-left:calc(50% - 50vw);margin-right:calc(50% - 50vw);max-width:100vw;width:100vw;height:auto}.wp-block-uagb-image--align-full .wp-block-uagb-image__figure img{height:auto;width:100% !important}.wp-block-uagb-image--align-wide .wp-block-uagb-image__figure img{height:auto;width:100%}.wp-block-uagb-image--layout-overlay__color-wrapper{position:absolute;left:0;top:0;right:0;bottom:0;opacity:.2;background:rgba(0,0,0,.5);transition:opacity .35s ease-in-out}.wp-block-uagb-image--layout-overlay-link{position:absolute;left:0;right:0;bottom:0;top:0}.wp-block-uagb-image--layout-overlay .wp-block-uagb-image__figure:hover .wp-block-uagb-image--layout-overlay__color-wrapper{opacity:1}.wp-block-uagb-image--layout-overlay__inner{position:absolute;left:15px;right:15px;bottom:15px;top:15px;display:flex;align-items:center;justify-content:center;flex-direction:column;border-color:#fff;transition:.35s ease-in-out}.wp-block-uagb-image--layout-overlay__inner.top-left,.wp-block-uagb-image--layout-overlay__inner.top-center,.wp-block-uagb-image--layout-overlay__inner.top-right{justify-content:flex-start}.wp-block-uagb-image--layout-overlay__inner.bottom-left,.wp-block-uagb-image--layout-overlay__inner.bottom-center,.wp-block-uagb-image--layout-overlay__inner.bottom-right{justify-content:flex-end}.wp-block-uagb-image--layout-overlay__inner.top-left,.wp-block-uagb-image--layout-overlay__inner.center-left,.wp-block-uagb-image--layout-overlay__inner.bottom-left{align-items:flex-start}.wp-block-uagb-image--layout-overlay__inner.top-right,.wp-block-uagb-image--layout-overlay__inner.center-right,.wp-block-uagb-image--layout-overlay__inner.bottom-right{align-items:flex-end}.wp-block-uagb-image--layout-overlay__inner .uagb-image-heading{color:#fff;transition:transform .35s,opacity .35s ease-in-out;transform:translate3d(0, 24px, 0);margin:0;line-height:1em}.wp-block-uagb-image--layout-overlay__inner .uagb-image-separator{width:30%;border-top-width:2px;border-top-color:#fff;border-top-style:solid;margin-bottom:10px;opacity:0;transition:transform .4s,opacity .4s ease-in-out;transform:translate3d(0, 30px, 0)}.wp-block-uagb-image--layout-overlay__inner .uagb-image-caption{opacity:0;overflow:visible;color:#fff;transition:transform .45s,opacity .45s ease-in-out;transform:translate3d(0, 35px, 0)}.wp-block-uagb-image--layout-overlay__inner:hover .uagb-image-heading,.wp-block-uagb-image--layout-overlay__inner:hover .uagb-image-separator,.wp-block-uagb-image--layout-overlay__inner:hover .uagb-image-caption{opacity:1;transform:translate3d(0, 0, 0)}.wp-block-uagb-image--effect-zoomin .wp-block-uagb-image__figure img,.wp-block-uagb-image--effect-zoomin .wp-block-uagb-image__figure .wp-block-uagb-image--layout-overlay__color-wrapper{transform:scale(1);transition:transform .35s ease-in-out}.wp-block-uagb-image--effect-zoomin .wp-block-uagb-image__figure:hover img,.wp-block-uagb-image--effect-zoomin .wp-block-uagb-image__figure:hover .wp-block-uagb-image--layout-overlay__color-wrapper{transform:scale(1.05)}.wp-block-uagb-image--effect-slide .wp-block-uagb-image__figure img,.wp-block-uagb-image--effect-slide .wp-block-uagb-image__figure .wp-block-uagb-image--layout-overlay__color-wrapper{width:calc(100% + 40px) !important;max-width:none !important;transform:translate3d(-40px, 0, 0);transition:transform .35s ease-in-out}.wp-block-uagb-image--effect-slide .wp-block-uagb-image__figure:hover img,.wp-block-uagb-image--effect-slide .wp-block-uagb-image__figure:hover .wp-block-uagb-image--layout-overlay__color-wrapper{transform:translate3d(0, 0, 0)}.wp-block-uagb-image--effect-grayscale img{filter:grayscale(0%);transition:.35s ease-in-out}.wp-block-uagb-image--effect-grayscale:hover img{filter:grayscale(100%)}.wp-block-uagb-image--effect-blur img{filter:blur(0);transition:.35s ease-in-out}.wp-block-uagb-image--effect-blur:hover img{filter:blur(3px)}.uagb-block-e6f939b3.wp-block-uagb-image--layout-default figure img{box-shadow: 0px 0px 0 #00000070;}.uagb-block-e6f939b3.wp-block-uagb-image .wp-block-uagb-image__figure figcaption{font-style: normal;align-self: center;}.uagb-block-e6f939b3.wp-block-uagb-image--layout-overlay figure img{box-shadow: 0px 0px 0 #00000070;}.uagb-block-e6f939b3.wp-block-uagb-image--layout-overlay .wp-block-uagb-image--layout-overlay__color-wrapper{opacity: 0.2;}.uagb-block-e6f939b3.wp-block-uagb-image--layout-overlay .wp-block-uagb-image--layout-overlay__inner{left: 15px;right: 15px;top: 15px;bottom: 15px;}.uagb-block-e6f939b3.wp-block-uagb-image--layout-overlay .wp-block-uagb-image--layout-overlay__inner .uagb-image-heading{font-style: normal;color: #fff;opacity: 1;}.uagb-block-e6f939b3.wp-block-uagb-image--layout-overlay .wp-block-uagb-image--layout-overlay__inner .uagb-image-heading a{color: #fff;}.uagb-block-e6f939b3.wp-block-uagb-image--layout-overlay .wp-block-uagb-image--layout-overlay__inner .uagb-image-caption{opacity: 0;}.uagb-block-e6f939b3.wp-block-uagb-image--layout-overlay .wp-block-uagb-image__figure:hover .wp-block-uagb-image--layout-overlay__color-wrapper{opacity: 1;}.uagb-block-e6f939b3.wp-block-uagb-image .wp-block-uagb-image--layout-overlay__inner .uagb-image-separator{width: 30%;border-top-width: 2px;border-top-color: #fff;opacity: 0;}.uagb-block-e6f939b3.wp-block-uagb-image .wp-block-uagb-image__figure img{width: px;height: auto;}.uagb-block-e6f939b3.wp-block-uagb-image .wp-block-uagb-image__figure:hover .wp-block-uagb-image--layout-overlay__inner .uagb-image-caption{opacity: 1;}.uagb-block-e6f939b3.wp-block-uagb-image .wp-block-uagb-image__figure:hover .wp-block-uagb-image--layout-overlay__inner .uagb-image-separator{opacity: 1;}.uagb-block-e6f939b3.wp-block-uagb-image--layout-default figure:hover img{box-shadow: 0px 0px 0 #00000070;}.uagb-block-e6f939b3.wp-block-uagb-image--layout-overlay figure:hover img{box-shadow: 0px 0px 0 #00000070;}@media only screen and (max-width: 976px) {.uagb-block-e6f939b3.wp-block-uagb-image .wp-block-uagb-image__figure img{width: px;height: auto;}}@media only screen and (max-width: 767px) {.uagb-block-e6f939b3.wp-block-uagb-image .wp-block-uagb-image__figure img{width: px;height: auto;}}\";s:2:\"js\";s:0:\"\";s:18:\"current_block_list\";a:13:{i:0;s:11:\"core\/search\";i:1;s:10:\"core\/group\";i:2;s:12:\"core\/heading\";i:3;s:17:\"core\/latest-posts\";i:4;s:20:\"core\/latest-comments\";i:5;s:13:\"core\/archives\";i:6;s:15:\"core\/categories\";i:7;s:14:\"core\/paragraph\";i:8;s:10:\"uagb\/image\";i:9;s:11:\"core\/spacer\";i:10;s:30:\"woocommerce\/product-categories\";i:11;s:10:\"core\/image\";i:12;s:14:\"core\/shortcode\";}s:8:\"uag_flag\";b:1;s:11:\"uag_version\";s:10:\"1777196043\";s:6:\"gfonts\";a:0:{}s:10:\"gfonts_url\";s:0:\"\";s:12:\"gfonts_files\";a:0:{}s:14:\"uag_faq_layout\";b:0;}"],"_elementor_page_assets":["a:0:{}"]},"uagb_featured_image_src":{"full":["https:\/\/www.ferberpainting.com\/wp-content\/uploads\/2025\/05\/38PoolLeakStopper_4000x4000_5b62e7bb-ee9b-4f7f-8b35-f13f1052d0de.png",2560,2560,false],"thumbnail":["https:\/\/www.ferberpainting.com\/wp-content\/uploads\/2025\/05\/38PoolLeakStopper_4000x4000_5b62e7bb-ee9b-4f7f-8b35-f13f1052d0de-150x150.png",150,150,true],"medium":["https:\/\/www.ferberpainting.com\/wp-content\/uploads\/2025\/05\/38PoolLeakStopper_4000x4000_5b62e7bb-ee9b-4f7f-8b35-f13f1052d0de-300x300.png",300,300,true],"medium_large":["https:\/\/www.ferberpainting.com\/wp-content\/uploads\/2025\/05\/38PoolLeakStopper_4000x4000_5b62e7bb-ee9b-4f7f-8b35-f13f1052d0de-768x768.png",768,768,true],"large":["https:\/\/www.ferberpainting.com\/wp-content\/uploads\/2025\/05\/38PoolLeakStopper_4000x4000_5b62e7bb-ee9b-4f7f-8b35-f13f1052d0de-1024x1024.png",1024,1024,true],"1536x1536":["https:\/\/www.ferberpainting.com\/wp-content\/uploads\/2025\/05\/38PoolLeakStopper_4000x4000_5b62e7bb-ee9b-4f7f-8b35-f13f1052d0de-1536x1536.png",1536,1536,true],"2048x2048":["https:\/\/www.ferberpainting.com\/wp-content\/uploads\/2025\/05\/38PoolLeakStopper_4000x4000_5b62e7bb-ee9b-4f7f-8b35-f13f1052d0de-2048x2048.png",2048,2048,true],"trp-custom-language-flag":["https:\/\/www.ferberpainting.com\/wp-content\/uploads\/2025\/05\/38PoolLeakStopper_4000x4000_5b62e7bb-ee9b-4f7f-8b35-f13f1052d0de-12x12.png",12,12,true],"woocommerce_thumbnail":["https:\/\/www.ferberpainting.com\/wp-content\/uploads\/2025\/05\/38PoolLeakStopper_4000x4000_5b62e7bb-ee9b-4f7f-8b35-f13f1052d0de-300x300.png",300,300,true],"woocommerce_single":["https:\/\/www.ferberpainting.com\/wp-content\/uploads\/2025\/05\/38PoolLeakStopper_4000x4000_5b62e7bb-ee9b-4f7f-8b35-f13f1052d0de-600x600.png",600,600,true],"woocommerce_gallery_thumbnail":["https:\/\/www.ferberpainting.com\/wp-content\/uploads\/2025\/05\/38PoolLeakStopper_4000x4000_5b62e7bb-ee9b-4f7f-8b35-f13f1052d0de-100x100.png",100,100,true]},"uagb_author_info":{"display_name":"admin","author_link":"https:\/\/www.ferberpainting.com\/pl\/author\/"},"uagb_comment_info":49,"uagb_excerpt":"Seals pool leaks quickly and efficiently from the inside. Our pool leak stopper is specially formulated to detect and seal small leaks and micro-cracks in swimming pools without the need for draining or invasive repairs. It works directly in the water, circulating through the pool system and sealing leak points automatically. The most effective pool&hellip;","_links":{"self":[{"href":"https:\/\/www.ferberpainting.com\/pl\/wp-json\/wp\/v2\/product\/24790","targetHints":{"allow":["GET"]}}],"collection":[{"href":"https:\/\/www.ferberpainting.com\/pl\/wp-json\/wp\/v2\/product"}],"about":[{"href":"https:\/\/www.ferberpainting.com\/pl\/wp-json\/wp\/v2\/types\/product"}],"replies":[{"embeddable":true,"href":"https:\/\/www.ferberpainting.com\/pl\/wp-json\/wp\/v2\/comments?post=24790"}],"version-history":[{"count":3,"href":"https:\/\/www.ferberpainting.com\/pl\/wp-json\/wp\/v2\/product\/24790\/revisions"}],"predecessor-version":[{"id":166987,"href":"https:\/\/www.ferberpainting.com\/pl\/wp-json\/wp\/v2\/product\/24790\/revisions\/166987"}],"wp:featuredmedia":[{"embeddable":true,"href":"https:\/\/www.ferberpainting.com\/pl\/wp-json\/wp\/v2\/media\/26638"}],"wp:attachment":[{"href":"https:\/\/www.ferberpainting.com\/pl\/wp-json\/wp\/v2\/media?parent=24790"}],"wp:term":[{"taxonomy":"product_brand","embeddable":true,"href":"https:\/\/www.ferberpainting.com\/pl\/wp-json\/wp\/v2\/product_brand?post=24790"},{"taxonomy":"product_cat","embeddable":true,"href":"https:\/\/www.ferberpainting.com\/pl\/wp-json\/wp\/v2\/product_cat?post=24790"},{"taxonomy":"product_tag","embeddable":true,"href":"https:\/\/www.ferberpainting.com\/pl\/wp-json\/wp\/v2\/product_tag?post=24790"}],"curies":[{"name":"wp","href":"https:\/\/api.w.org\/{rel}","templated":true}]}}