{"id":24787,"date":"2025-05-26T10:27:09","date_gmt":"2025-05-26T08:27:09","guid":{"rendered":"https:\/\/www.ferberpainting.com\/products\/poinsettia-fertilizer\/"},"modified":"2026-02-16T07:26:36","modified_gmt":"2026-02-16T06:26:36","slug":"poinsettia-fertilizer","status":"publish","type":"product","link":"https:\/\/www.ferberpainting.com\/pl\/products\/poinsettia-fertilizer\/","title":{"rendered":"Naw\u00f3z do poinsecji"},"content":{"rendered":"<p><strong><img decoding=\"async\" style=\"margin-right: 12px;\" src=\"https:\/\/www.ferberpainting.com\/wp-content\/uploads\/2026\/02\/Check.svg\" alt=\"\" width=\"18\" height=\"15\" \/>Naw\u00f3z opracowany specjalnie w celu wspomagania wzrostu i kwitnienia poinsecji.<\/strong>\u00a0Ten zbilansowany naw\u00f3z zawieraj\u0105cy azot (N), fosfor (P) i potas (K) o sk\u0142adzie NPK 15-15-15 zapewnia optymalny rozw\u00f3j li\u015bci i bujne kwitnienie. Promuje mocne li\u015bcie, intensywnie czerwone przylistki i zdrow\u0105 ro\u015blin\u0119 przez ca\u0142y cykl wzrostu.<\/p>\n<p><strong><img decoding=\"async\" style=\"margin-right: 12px;\" src=\"https:\/\/www.ferberpainting.com\/wp-content\/uploads\/2026\/02\/Check.svg\" alt=\"\" width=\"18\" height=\"15\" \/>Satysfakcja gwarantowana lub zwrot pieni\u0119dzy.<\/strong>\u00a0Maj\u0105c pewno\u015b\u0107 co do jako\u015bci naszego produktu, oferujemy gwarancj\u0119 satysfakcji lub zwrotu pieni\u0119dzy. Je\u015bli po zastosowaniu zgodnie z zaleceniami nie zauwa\u017cysz \u017cadnej poprawy we wzro\u015bcie i kwitnieniu swojej poinsecji, obiecujemy pe\u0142ny zwrot pieni\u0119dzy.<\/p>\n<p><strong><img decoding=\"async\" style=\"margin-right: 12px;\" src=\"https:\/\/www.ferberpainting.com\/wp-content\/uploads\/2026\/02\/Check.svg\" alt=\"\" width=\"18\" height=\"15\" \/>Nadaje si\u0119 do wielu rodzaj\u00f3w ro\u015blin w pomieszczeniach i na zewn\u0105trz.<\/strong>\u00a0Naw\u00f3z ten jest idealny dla wszystkich odmian poinsecji, ale tak\u017ce dla innych kwitn\u0105cych ro\u015blin domowych, takich jak begonie, gloksynie i kalanchoe. Sprawdza si\u0119 r\u00f3wnie\u017c w przypadku niekt\u00f3rych ro\u015blin zielonych, dostarczaj\u0105c im niezb\u0119dnych sk\u0142adnik\u00f3w od\u017cywczych dla zdrowego wzrostu.<\/p>\n<p><strong><img decoding=\"async\" style=\"margin-right: 12px;\" src=\"https:\/\/www.ferberpainting.com\/wp-content\/uploads\/2026\/02\/Check.svg\" alt=\"\" width=\"18\" height=\"15\" \/>Doskona\u0142a op\u0142acalno\u015b\u0107.<\/strong>\u00a0Przy dawce 5 ml na litr wody, 5-litrowy pojemnik pozwala na przygotowanie 1000 litr\u00f3w gotowego do u\u017cycia nawozu, obejmuj\u0105cego d\u0142ugi okres nawo\u017cenia. Jest to ekonomiczne i zr\u00f3wnowa\u017cone rozwi\u0105zanie do piel\u0119gnacji ro\u015blin.<\/p>\n<p><strong><img decoding=\"async\" style=\"margin-right: 12px;\" src=\"https:\/\/www.ferberpainting.com\/wp-content\/uploads\/2026\/02\/Check.svg\" alt=\"\" width=\"18\" height=\"15\" \/>Produkt bezpieczny dla ro\u015blin i przyjazny dla \u015brodowiska.<\/strong>\u00a0Jego zr\u00f3wnowa\u017cona formu\u0142a sk\u0142adnik\u00f3w od\u017cywczych zapobiega nadmiarowi i chroni korzenie poinsecji przed poparzeniami spowodowanymi przedawkowaniem. Nie ma negatywnego wp\u0142ywu na gleb\u0119 ani \u015brodowisko, dzi\u0119ki czemu idealnie nadaje si\u0119 do cz\u0119stego stosowania w pomieszczeniach.<\/p>\n<p><strong><img decoding=\"async\" style=\"margin-right: 12px;\" src=\"https:\/\/www.ferberpainting.com\/wp-content\/uploads\/2026\/02\/Check.svg\" alt=\"\" width=\"18\" height=\"15\" \/>\u0141atwy w u\u017cyciu dzi\u0119ki szybkiemu i prostemu rozcie\u0144czaniu.<\/strong>\u00a0W przeciwie\u0144stwie do nawoz\u00f3w sta\u0142ych, kt\u00f3re wymagaj\u0105 czasu na rozpuszczenie, ten p\u0142ynny naw\u00f3z natychmiast miesza si\u0119 z wod\u0105 w celu natychmiastowego zastosowania. Wystarczy wla\u0107 wskazan\u0105 dawk\u0119 do wody do podlewania i zastosowa\u0107 bezpo\u015brednio u podstawy ro\u015bliny.<\/p>\n<p><strong><img decoding=\"async\" style=\"margin-right: 12px;\" src=\"https:\/\/www.ferberpainting.com\/wp-content\/uploads\/2026\/02\/Check.svg\" alt=\"\" width=\"18\" height=\"15\" \/>D\u0142ugotrwa\u0142y efekt dla d\u0142u\u017cszego kwitnienia.<\/strong>\u00a0Dzi\u0119ki stopniowemu uwalnianiu naw\u00f3z ten zapewnia ci\u0105g\u0142e od\u017cywianie ro\u015bliny, wzmacniaj\u0105c jej odporno\u015b\u0107 na choroby i stres \u015brodowiskowy. Gwarantuje d\u0142u\u017csze kwitnienie i ja\u015bniejsze kolory, utrzymuj\u0105ce si\u0119 przez kilka miesi\u0119cy po zastosowaniu.<\/p>\n<p><strong><img decoding=\"async\" style=\"margin-right: 12px;\" src=\"https:\/\/www.ferberpainting.com\/wp-content\/uploads\/2026\/02\/Check.svg\" alt=\"\" width=\"18\" height=\"15\" \/>Widoczne rezultaty ju\u017c od pierwszych tygodni.<\/strong>\u00a0Od pierwszych aplikacji mo\u017cna zaobserwowa\u0107 g\u0119stsze li\u015bcie, ja\u015bniejsze przylistki i lepsz\u0105 odporno\u015b\u0107 na wysychanie. Zbilansowana formu\u0142a sk\u0142adnik\u00f3w od\u017cywczych pomaga zwi\u0119kszy\u0107 intensywno\u015b\u0107 kwitnienia i poprawi\u0107 og\u00f3lny wygl\u0105d poinsecji.<\/p>\n<h2>Protok\u00f3\u0142 u\u017cytkowania<\/h2>\n<p><strong>Zalecane dawkowanie :<\/strong><\/p>\n<ul>\n<li><strong>Ma\u0142e ro\u015bliny doniczkowe (poni\u017cej 30 cm) :<\/strong> Rozcie\u0144czy\u0107 5 ml nawozu w 1 litrze wody i podlewa\u0107 raz na dwa tygodnie.<\/li>\n<li><strong>Ro\u015bliny \u015bredniej wielko\u015bci (od 30 do 60 cm):<\/strong> Stosowa\u0107 10 ml na litr wody i podlewa\u0107 co dwa tygodnie.<\/li>\n<li><strong>Du\u017ce poinsecje (&gt; 60 cm) :<\/strong> Zastosuj 15 ml na litr wody, aby promowa\u0107 optymalny wzrost i obfite kwitnienie.<\/li>\n<\/ul>\n<p><strong>Cz\u0119stotliwo\u015b\u0107 aplikacji :<\/strong><\/p>\n<ul>\n<li><strong>Spring i lato :<\/strong> Stosuj co dwa tygodnie, aby promowa\u0107 zdrowy wzrost i wzmocni\u0107 korzenie.<\/li>\n<li><strong>Jesie\u0144 i zima (okres kwitnienia) :<\/strong> Zwi\u0119ksz cz\u0119stotliwo\u015b\u0107 do raz w tygodniu, aby stymulowa\u0107 tworzenie kolorowych przylistk\u00f3w i przed\u0142u\u017cy\u0107 kwitnienie.<\/li>\n<li><strong>Okres u\u015bpienia (po kwitnieniu) :<\/strong> Ograniczy\u0107 stosowanie do jednego razu w miesi\u0105cu, obni\u017caj\u0105c dawk\u0119 w celu unikni\u0119cia nadmiernego wzrostu li\u015bci.<\/li>\n<\/ul>\n<p><strong>Metoda aplikacji :<\/strong><\/p>\n<ul>\n<li>Podlewaj bezpo\u015brednio u podstawy ro\u015bliny, uwa\u017caj\u0105c, aby nie zmoczy\u0107 li\u015bci ani przylistk\u00f3w, aby unikn\u0105\u0107 ryzyka ple\u015bni.<\/li>\n<li>U\u017cywaj wody o temperaturze pokojowej, aby zapobiec szokowi termicznemu, kt\u00f3ry m\u00f3g\u0142by zestresowa\u0107 ro\u015blin\u0119.<\/li>\n<li>Nie nale\u017cy nadmiernie podlewa\u0107, aby unikn\u0105\u0107 nasycenia korzeni, co mo\u017ce spowodowa\u0107 \u017c\u00f3\u0142kni\u0119cie li\u015bci.<\/li>\n<\/ul>\n<p><strong>\u015arodki ostro\u017cno\u015bci dotycz\u0105ce u\u017cytkowania :<\/strong><\/p>\n<ul>\n<li><strong>Nie przedawkowa\u0107<\/strong> aby unikn\u0105\u0107 nadmiaru azotu, kt\u00f3ry m\u00f3g\u0142by promowa\u0107 wzrost li\u015bci kosztem czerwonych przylistk\u00f3w.<\/li>\n<li><strong>Nie stosowa\u0107 na podmok\u0142ym pod\u0142o\u017cu:<\/strong> Przed podlaniem rozcie\u0144czonym nawozem nale\u017cy poczeka\u0107, a\u017c gleba lekko przeschnie.<\/li>\n<li>Unikaj wystawiania poinsecji na bezpo\u015brednie dzia\u0142anie promieni s\u0142onecznych po nawo\u017ceniu, aby zapobiec przedwczesnemu wysychaniu li\u015bci.<\/li>\n<\/ul>\n<p><strong>Przechowywanie i konserwacja :<\/strong><\/p>\n<ul>\n<li>Naw\u00f3z nale\u017cy przechowywa\u0107 w ch\u0142odnym, suchym miejscu, z dala od bezpo\u015bredniego \u015bwiat\u0142a.<\/li>\n<li>Szczelnie zamkn\u0105\u0107 pojemnik po ka\u017cdym u\u017cyciu, aby zachowa\u0107 jego w\u0142a\u015bciwo\u015bci nawozowe.<\/li>\n<\/ul>\n<p>Ten naw\u00f3z do poinsecji zapewnia ro\u015blinie intensywny wzrost, jasne kwitnienie i d\u0142ugotrwa\u0142e pi\u0119kno. Naw\u00f3z ten, idealny do stosowania pod koniec roku i do u\u017cytku dekoracyjnego w pomieszczeniach, pomaga wzmocni\u0107 poinsecj\u0119 dzi\u0119ki ol\u015bniewaj\u0105cym kolorom i bujnym li\u015bciom.<\/p>","protected":false},"excerpt":{"rendered":"<p>A fertilizer specially designed to promote the growth and blooming of poinsettias.\u00a0This balanced fertilizer in nitrogen (N), phosphorus (P), and potassium (K), with an NPK 15-15-15 formulation, ensures optimal leaf development and vibrant flowering. It promotes robust leaves, intense red bracts, and a healthy plant throughout its growing cycle. Satisfaction guaranteed or your money back.\u00a0Confident [&hellip;]<\/p>\n","protected":false},"featured_media":26635,"comment_status":"open","ping_status":"closed","template":"","meta":{"_uag_custom_page_level_css":"","site-sidebar-layout":"default","site-content-layout":"","ast-site-content-layout":"default","site-content-style":"default","site-sidebar-style":"default","ast-global-header-display":"","ast-banner-title-visibility":"","ast-main-header-display":"","ast-hfb-above-header-display":"","ast-hfb-below-header-display":"","ast-hfb-mobile-header-display":"","site-post-title":"","ast-breadcrumbs-content":"","ast-featured-img":"","footer-sml-layout":"","ast-disable-related-posts":"","theme-transparent-header-meta":"default","adv-header-id-meta":"","stick-header-meta":"","header-above-stick-meta":"","header-main-stick-meta":"","header-below-stick-meta":"","astra-migrate-meta-layouts":"set","ast-page-background-enabled":"default","ast-page-background-meta":{"desktop":{"background-color":"var(--ast-global-color-4)","background-image":"","background-repeat":"repeat","background-position":"center center","background-size":"auto","background-attachment":"scroll","background-type":"","background-media":"","overlay-type":"","overlay-color":"","overlay-opacity":"","overlay-gradient":""},"tablet":{"background-color":"","background-image":"","background-repeat":"repeat","background-position":"center center","background-size":"auto","background-attachment":"scroll","background-type":"","background-media":"","overlay-type":"","overlay-color":"","overlay-opacity":"","overlay-gradient":""},"mobile":{"background-color":"","background-image":"","background-repeat":"repeat","background-position":"center center","background-size":"auto","background-attachment":"scroll","background-type":"","background-media":"","overlay-type":"","overlay-color":"","overlay-opacity":"","overlay-gradient":""}},"ast-content-background-meta":{"desktop":{"background-color":"var(--ast-global-color-5)","background-image":"","background-repeat":"repeat","background-position":"center center","background-size":"auto","background-attachment":"scroll","background-type":"","background-media":"","overlay-type":"","overlay-color":"","overlay-opacity":"","overlay-gradient":""},"tablet":{"background-color":"var(--ast-global-color-5)","background-image":"","background-repeat":"repeat","background-position":"center center","background-size":"auto","background-attachment":"scroll","background-type":"","background-media":"","overlay-type":"","overlay-color":"","overlay-opacity":"","overlay-gradient":""},"mobile":{"background-color":"var(--ast-global-color-5)","background-image":"","background-repeat":"repeat","background-position":"center center","background-size":"auto","background-attachment":"scroll","background-type":"","background-media":"","overlay-type":"","overlay-color":"","overlay-opacity":"","overlay-gradient":""}}},"product_brand":[],"product_cat":[178],"product_tag":[],"class_list":{"0":"post-24787","1":"product","2":"type-product","3":"status-publish","4":"has-post-thumbnail","6":"product_cat-fertilizers","7":"desktop-align-left","8":"tablet-align-left","9":"mobile-align-left","11":"first","12":"instock","13":"sale","14":"taxable","15":"shipping-taxable","16":"purchasable","17":"product-type-variable","18":"has-default-attributes"},"spectra_custom_meta":{"_visibility":["visible"],"_shopify_product_id":["9071372730613"],"_s2w_shopify_domain":["ferberpainting.myshopify.com"],"_shopify_variant_id":["46516185759989"],"_sku":[""],"_manage_stock":["no"],"total_sales":["3"],"_tax_status":["taxable"],"_tax_class":[""],"_backorders":["no"],"_sold_individually":["no"],"_virtual":["no"],"_downloadable":["no"],"_download_limit":["-1"],"_download_expiry":["-1"],"_stock":[null],"_stock_status":["instock"],"_wc_average_rating":["4.86"],"_wc_review_count":["7"],"_product_attributes":["a:1:{s:6:\"volume\";a:6:{s:4:\"name\";s:6:\"Volume\";s:5:\"value\";s:20:\"5 liters | 25 liters\";s:8:\"position\";i:1;s:10:\"is_visible\";i:0;s:12:\"is_variation\";i:1;s:11:\"is_taxonomy\";i:0;}}"],"_product_version":["10.5.1"],"_thumbnail_id":["26635"],"_product_image_gallery":["26636"],"wpse_downloadable_file_names":[""],"wpse_downloadable_file_urls":[""],"_edit_last":["1"],"_default_attributes":["a:1:{s:6:\"volume\";s:8:\"5 liters\";}"],"_edit_lock":["1771223061:1"],"_price":["29.90","129.90"],"merchant-center-availability":["yes"],"merchant-center-category":["113"],"_wp_page_template":["default"],"site-sidebar-layout":["default"],"ast-site-content-layout":["default"],"site-content-style":["default"],"site-sidebar-style":["default"],"theme-transparent-header-meta":["default"],"_wc_rating_count":["a:2:{i:4;i:1;i:5;i:6;}"],"astra-migrate-meta-layouts":["set"],"_uag_css_file_name":["uag-css-24787.css"],"_elementor_page_assets":["a:0:{}"],"_uag_page_assets":["a:9:{s:3:\"css\";s:7133:\".uag-blocks-common-selector{z-index:var(--z-index-desktop) !important}@media(max-width: 976px){.uag-blocks-common-selector{z-index:var(--z-index-tablet) !important}}@media(max-width: 767px){.uag-blocks-common-selector{z-index:var(--z-index-mobile) !important}}.wp-block-uagb-image{display:flex}.wp-block-uagb-image__figure{position:relative;display:flex;flex-direction:column;max-width:100%;height:auto;margin:0}.wp-block-uagb-image__figure img{height:auto;display:flex;max-width:100%;transition:box-shadow .2s ease}.wp-block-uagb-image__figure>a{display:inline-block}.wp-block-uagb-image__figure figcaption{text-align:center;margin-top:.5em;margin-bottom:1em}.wp-block-uagb-image .components-placeholder.block-editor-media-placeholder .components-placeholder__instructions{align-self:center}.wp-block-uagb-image--align-left{text-align:left}.wp-block-uagb-image--align-right{text-align:right}.wp-block-uagb-image--align-center{text-align:center}.wp-block-uagb-image--align-full .wp-block-uagb-image__figure{margin-left:calc(50% - 50vw);margin-right:calc(50% - 50vw);max-width:100vw;width:100vw;height:auto}.wp-block-uagb-image--align-full .wp-block-uagb-image__figure img{height:auto;width:100% !important}.wp-block-uagb-image--align-wide .wp-block-uagb-image__figure img{height:auto;width:100%}.wp-block-uagb-image--layout-overlay__color-wrapper{position:absolute;left:0;top:0;right:0;bottom:0;opacity:.2;background:rgba(0,0,0,.5);transition:opacity .35s ease-in-out}.wp-block-uagb-image--layout-overlay-link{position:absolute;left:0;right:0;bottom:0;top:0}.wp-block-uagb-image--layout-overlay .wp-block-uagb-image__figure:hover .wp-block-uagb-image--layout-overlay__color-wrapper{opacity:1}.wp-block-uagb-image--layout-overlay__inner{position:absolute;left:15px;right:15px;bottom:15px;top:15px;display:flex;align-items:center;justify-content:center;flex-direction:column;border-color:#fff;transition:.35s ease-in-out}.wp-block-uagb-image--layout-overlay__inner.top-left,.wp-block-uagb-image--layout-overlay__inner.top-center,.wp-block-uagb-image--layout-overlay__inner.top-right{justify-content:flex-start}.wp-block-uagb-image--layout-overlay__inner.bottom-left,.wp-block-uagb-image--layout-overlay__inner.bottom-center,.wp-block-uagb-image--layout-overlay__inner.bottom-right{justify-content:flex-end}.wp-block-uagb-image--layout-overlay__inner.top-left,.wp-block-uagb-image--layout-overlay__inner.center-left,.wp-block-uagb-image--layout-overlay__inner.bottom-left{align-items:flex-start}.wp-block-uagb-image--layout-overlay__inner.top-right,.wp-block-uagb-image--layout-overlay__inner.center-right,.wp-block-uagb-image--layout-overlay__inner.bottom-right{align-items:flex-end}.wp-block-uagb-image--layout-overlay__inner .uagb-image-heading{color:#fff;transition:transform .35s,opacity .35s ease-in-out;transform:translate3d(0, 24px, 0);margin:0;line-height:1em}.wp-block-uagb-image--layout-overlay__inner .uagb-image-separator{width:30%;border-top-width:2px;border-top-color:#fff;border-top-style:solid;margin-bottom:10px;opacity:0;transition:transform .4s,opacity .4s ease-in-out;transform:translate3d(0, 30px, 0)}.wp-block-uagb-image--layout-overlay__inner .uagb-image-caption{opacity:0;overflow:visible;color:#fff;transition:transform .45s,opacity .45s ease-in-out;transform:translate3d(0, 35px, 0)}.wp-block-uagb-image--layout-overlay__inner:hover .uagb-image-heading,.wp-block-uagb-image--layout-overlay__inner:hover .uagb-image-separator,.wp-block-uagb-image--layout-overlay__inner:hover .uagb-image-caption{opacity:1;transform:translate3d(0, 0, 0)}.wp-block-uagb-image--effect-zoomin .wp-block-uagb-image__figure img,.wp-block-uagb-image--effect-zoomin .wp-block-uagb-image__figure .wp-block-uagb-image--layout-overlay__color-wrapper{transform:scale(1);transition:transform .35s ease-in-out}.wp-block-uagb-image--effect-zoomin .wp-block-uagb-image__figure:hover img,.wp-block-uagb-image--effect-zoomin .wp-block-uagb-image__figure:hover .wp-block-uagb-image--layout-overlay__color-wrapper{transform:scale(1.05)}.wp-block-uagb-image--effect-slide .wp-block-uagb-image__figure img,.wp-block-uagb-image--effect-slide .wp-block-uagb-image__figure .wp-block-uagb-image--layout-overlay__color-wrapper{width:calc(100% + 40px) !important;max-width:none !important;transform:translate3d(-40px, 0, 0);transition:transform .35s ease-in-out}.wp-block-uagb-image--effect-slide .wp-block-uagb-image__figure:hover img,.wp-block-uagb-image--effect-slide .wp-block-uagb-image__figure:hover .wp-block-uagb-image--layout-overlay__color-wrapper{transform:translate3d(0, 0, 0)}.wp-block-uagb-image--effect-grayscale img{filter:grayscale(0%);transition:.35s ease-in-out}.wp-block-uagb-image--effect-grayscale:hover img{filter:grayscale(100%)}.wp-block-uagb-image--effect-blur img{filter:blur(0);transition:.35s ease-in-out}.wp-block-uagb-image--effect-blur:hover img{filter:blur(3px)}.uagb-block-e6f939b3.wp-block-uagb-image--layout-default figure img{box-shadow: 0px 0px 0 #00000070;}.uagb-block-e6f939b3.wp-block-uagb-image .wp-block-uagb-image__figure figcaption{font-style: normal;align-self: center;}.uagb-block-e6f939b3.wp-block-uagb-image--layout-overlay figure img{box-shadow: 0px 0px 0 #00000070;}.uagb-block-e6f939b3.wp-block-uagb-image--layout-overlay .wp-block-uagb-image--layout-overlay__color-wrapper{opacity: 0.2;}.uagb-block-e6f939b3.wp-block-uagb-image--layout-overlay .wp-block-uagb-image--layout-overlay__inner{left: 15px;right: 15px;top: 15px;bottom: 15px;}.uagb-block-e6f939b3.wp-block-uagb-image--layout-overlay .wp-block-uagb-image--layout-overlay__inner .uagb-image-heading{font-style: normal;color: #fff;opacity: 1;}.uagb-block-e6f939b3.wp-block-uagb-image--layout-overlay .wp-block-uagb-image--layout-overlay__inner .uagb-image-heading a{color: #fff;}.uagb-block-e6f939b3.wp-block-uagb-image--layout-overlay .wp-block-uagb-image--layout-overlay__inner .uagb-image-caption{opacity: 0;}.uagb-block-e6f939b3.wp-block-uagb-image--layout-overlay .wp-block-uagb-image__figure:hover .wp-block-uagb-image--layout-overlay__color-wrapper{opacity: 1;}.uagb-block-e6f939b3.wp-block-uagb-image .wp-block-uagb-image--layout-overlay__inner .uagb-image-separator{width: 30%;border-top-width: 2px;border-top-color: #fff;opacity: 0;}.uagb-block-e6f939b3.wp-block-uagb-image .wp-block-uagb-image__figure img{width: px;height: auto;}.uagb-block-e6f939b3.wp-block-uagb-image .wp-block-uagb-image__figure:hover .wp-block-uagb-image--layout-overlay__inner .uagb-image-caption{opacity: 1;}.uagb-block-e6f939b3.wp-block-uagb-image .wp-block-uagb-image__figure:hover .wp-block-uagb-image--layout-overlay__inner .uagb-image-separator{opacity: 1;}.uagb-block-e6f939b3.wp-block-uagb-image--layout-default figure:hover img{box-shadow: 0px 0px 0 #00000070;}.uagb-block-e6f939b3.wp-block-uagb-image--layout-overlay figure:hover img{box-shadow: 0px 0px 0 #00000070;}@media only screen and (max-width: 976px) {.uagb-block-e6f939b3.wp-block-uagb-image .wp-block-uagb-image__figure img{width: px;height: auto;}}@media only screen and (max-width: 767px) {.uagb-block-e6f939b3.wp-block-uagb-image .wp-block-uagb-image__figure img{width: px;height: auto;}}\";s:2:\"js\";s:0:\"\";s:18:\"current_block_list\";a:13:{i:0;s:11:\"core\/search\";i:1;s:10:\"core\/group\";i:2;s:12:\"core\/heading\";i:3;s:17:\"core\/latest-posts\";i:4;s:20:\"core\/latest-comments\";i:5;s:13:\"core\/archives\";i:6;s:15:\"core\/categories\";i:7;s:14:\"core\/paragraph\";i:8;s:10:\"uagb\/image\";i:9;s:11:\"core\/spacer\";i:10;s:30:\"woocommerce\/product-categories\";i:11;s:10:\"core\/image\";i:12;s:14:\"core\/shortcode\";}s:8:\"uag_flag\";b:1;s:11:\"uag_version\";s:10:\"1777405168\";s:6:\"gfonts\";a:0:{}s:10:\"gfonts_url\";s:0:\"\";s:12:\"gfonts_files\";a:0:{}s:14:\"uag_faq_layout\";b:0;}"]},"uagb_featured_image_src":{"full":["https:\/\/www.ferberpainting.com\/wp-content\/uploads\/2025\/05\/PoinsettiaFertilizer5L.png",2560,2560,false],"thumbnail":["https:\/\/www.ferberpainting.com\/wp-content\/uploads\/2025\/05\/PoinsettiaFertilizer5L-150x150.png",150,150,true],"medium":["https:\/\/www.ferberpainting.com\/wp-content\/uploads\/2025\/05\/PoinsettiaFertilizer5L-300x300.png",300,300,true],"medium_large":["https:\/\/www.ferberpainting.com\/wp-content\/uploads\/2025\/05\/PoinsettiaFertilizer5L-768x768.png",768,768,true],"large":["https:\/\/www.ferberpainting.com\/wp-content\/uploads\/2025\/05\/PoinsettiaFertilizer5L-1024x1024.png",1024,1024,true],"1536x1536":["https:\/\/www.ferberpainting.com\/wp-content\/uploads\/2025\/05\/PoinsettiaFertilizer5L-1536x1536.png",1536,1536,true],"2048x2048":["https:\/\/www.ferberpainting.com\/wp-content\/uploads\/2025\/05\/PoinsettiaFertilizer5L-2048x2048.png",2048,2048,true],"trp-custom-language-flag":["https:\/\/www.ferberpainting.com\/wp-content\/uploads\/2025\/05\/PoinsettiaFertilizer5L-12x12.png",12,12,true],"woocommerce_thumbnail":["https:\/\/www.ferberpainting.com\/wp-content\/uploads\/2025\/05\/PoinsettiaFertilizer5L-300x300.png",300,300,true],"woocommerce_single":["https:\/\/www.ferberpainting.com\/wp-content\/uploads\/2025\/05\/PoinsettiaFertilizer5L-600x600.png",600,600,true],"woocommerce_gallery_thumbnail":["https:\/\/www.ferberpainting.com\/wp-content\/uploads\/2025\/05\/PoinsettiaFertilizer5L-100x100.png",100,100,true]},"uagb_author_info":{"display_name":"admin","author_link":"https:\/\/www.ferberpainting.com\/pl\/author\/"},"uagb_comment_info":7,"uagb_excerpt":"A fertilizer specially designed to promote the growth and blooming of poinsettias.\u00a0This balanced fertilizer in nitrogen (N), phosphorus (P), and potassium (K), with an NPK 15-15-15 formulation, ensures optimal leaf development and vibrant flowering. It promotes robust leaves, intense red bracts, and a healthy plant throughout its growing cycle. Satisfaction guaranteed or your money back.\u00a0Confident&hellip;","_links":{"self":[{"href":"https:\/\/www.ferberpainting.com\/pl\/wp-json\/wp\/v2\/product\/24787","targetHints":{"allow":["GET"]}}],"collection":[{"href":"https:\/\/www.ferberpainting.com\/pl\/wp-json\/wp\/v2\/product"}],"about":[{"href":"https:\/\/www.ferberpainting.com\/pl\/wp-json\/wp\/v2\/types\/product"}],"replies":[{"embeddable":true,"href":"https:\/\/www.ferberpainting.com\/pl\/wp-json\/wp\/v2\/comments?post=24787"}],"version-history":[{"count":4,"href":"https:\/\/www.ferberpainting.com\/pl\/wp-json\/wp\/v2\/product\/24787\/revisions"}],"predecessor-version":[{"id":166985,"href":"https:\/\/www.ferberpainting.com\/pl\/wp-json\/wp\/v2\/product\/24787\/revisions\/166985"}],"wp:featuredmedia":[{"embeddable":true,"href":"https:\/\/www.ferberpainting.com\/pl\/wp-json\/wp\/v2\/media\/26635"}],"wp:attachment":[{"href":"https:\/\/www.ferberpainting.com\/pl\/wp-json\/wp\/v2\/media?parent=24787"}],"wp:term":[{"taxonomy":"product_brand","embeddable":true,"href":"https:\/\/www.ferberpainting.com\/pl\/wp-json\/wp\/v2\/product_brand?post=24787"},{"taxonomy":"product_cat","embeddable":true,"href":"https:\/\/www.ferberpainting.com\/pl\/wp-json\/wp\/v2\/product_cat?post=24787"},{"taxonomy":"product_tag","embeddable":true,"href":"https:\/\/www.ferberpainting.com\/pl\/wp-json\/wp\/v2\/product_tag?post=24787"}],"curies":[{"name":"wp","href":"https:\/\/api.w.org\/{rel}","templated":true}]}}