{"id":24781,"date":"2025-06-30T22:38:22","date_gmt":"2025-06-30T20:38:22","guid":{"rendered":"https:\/\/www.ferberpainting.com\/?post_type=product&#038;p=24781"},"modified":"2026-02-16T07:15:22","modified_gmt":"2026-02-16T06:15:22","slug":"plaster-water-repellent","status":"publish","type":"product","link":"https:\/\/www.ferberpainting.com\/pl\/products\/plaster-water-repellent\/","title":{"rendered":"Impregnat do tynku"},"content":{"rendered":"<p><strong><img decoding=\"async\" style=\"margin-right: 12px;\" src=\"https:\/\/www.ferberpainting.com\/wp-content\/uploads\/2026\/02\/Check.svg\" alt=\"\" width=\"18\" height=\"15\" \/>Skuteczna ochrona przed wilgoci\u0105. <\/strong>Ten impregnat do tynk\u00f3w zosta\u0142 specjalnie opracowany, aby zapewni\u0107 optymaln\u0105 ochron\u0119 przed wilgoci\u0105. Tworzy niewidzialn\u0105 barier\u0119, kt\u00f3ra zapobiega przenikaniu wody do tynku, jednocze\u015bnie pozwalaj\u0105c powierzchni oddycha\u0107. Pomaga to zachowa\u0107 jako\u015b\u0107 tynku przez d\u0142ugi czas i zapobiega uszkodzeniom spowodowanym przez wilgo\u0107, takim jak ple\u015b\u0144, wykwity lub degradacja materia\u0142u. Idealnie nadaje si\u0119 zar\u00f3wno do \u015bcian zewn\u0119trznych, jak i wewn\u0119trznych nara\u017conych na dzia\u0142anie wilgoci.<\/p>\n<p><strong><img decoding=\"async\" style=\"margin-right: 12px;\" src=\"https:\/\/www.ferberpainting.com\/wp-content\/uploads\/2026\/02\/Check.svg\" alt=\"\" width=\"18\" height=\"15\" \/>Gwarancja zwrotu pieni\u0119dzy.<\/strong>\u00a0Jeste\u015bmy przekonani o skuteczno\u015bci naszego impregnatu do tynk\u00f3w. Je\u015bli po u\u017cyciu nie b\u0119dziesz zadowolony z rezultat\u00f3w, oferujemy gwarancj\u0119 satysfakcji lub pe\u0142ny zwrot pieni\u0119dzy. Dzi\u0119ki temu mo\u017cesz spokojnie przetestowa\u0107 produkt, wiedz\u0105c, \u017ce je\u015bli wyniki nie spe\u0142ni\u0105 Twoich oczekiwa\u0144, otrzymasz zwrot pieni\u0119dzy.<\/p>\n<p><strong><img decoding=\"async\" style=\"margin-right: 12px;\" src=\"https:\/\/www.ferberpainting.com\/wp-content\/uploads\/2026\/02\/Check.svg\" alt=\"\" width=\"18\" height=\"15\" \/>Kompatybilno\u015b\u0107 z wieloma powierzchniami.<\/strong>\u00a0Ten impregnat nie ogranicza si\u0119 do tynku. Jest r\u00f3wnie\u017c kompatybilny z innymi powierzchniami, takimi jak beton, cement, zaprawa i niekt\u00f3re kamienie naturalne. Ta wszechstronno\u015b\u0107 sprawia, \u017ce jest to niezawodny i skuteczny wyb\u00f3r do ochrony szerokiej gamy materia\u0142\u00f3w przed wilgoci\u0105.<\/p>\n<p><strong><img decoding=\"async\" style=\"margin-right: 12px;\" src=\"https:\/\/www.ferberpainting.com\/wp-content\/uploads\/2026\/02\/Check.svg\" alt=\"\" width=\"18\" height=\"15\" \/>Op\u0142acalno\u015b\u0107.<\/strong>\u00a0Ten impregnat do tynk\u00f3w jest bardzo ekonomiczny. \u015arednio 1 litr pokrywa oko\u0142o 6 do 8 m\u00b2 w zale\u017cno\u015bci od porowato\u015bci tynku. Oznacza to, \u017ce 5-litrowy pojemnik mo\u017ce pokry\u0107 oko\u0142o 30-40 m\u00b2, co czyni go doskona\u0142\u0105 opcj\u0105 dla du\u017cych projekt\u00f3w lub zastosowa\u0144 wymagaj\u0105cych wielu warstw.<\/p>\n<p><strong><img decoding=\"async\" style=\"margin-right: 12px;\" src=\"https:\/\/www.ferberpainting.com\/wp-content\/uploads\/2026\/02\/Check.svg\" alt=\"\" width=\"18\" height=\"15\" \/>Bezpieczny w u\u017cyciu.<\/strong>\u00a0Ten produkt zosta\u0142 zaprojektowany tak, aby by\u0142 bezpieczny i przyjazny dla \u015brodowiska. Nie zawiera substancji toksycznych ani \u017cr\u0105cych, kt\u00f3re mog\u0142yby zaszkodzi\u0107 zdrowiu lub \u015brodowisku. Jednak\u017ce, podobnie jak w przypadku ka\u017cdej obr\u00f3bki chemicznej, zaleca si\u0119 noszenie r\u0119kawic i okular\u00f3w ochronnych podczas stosowania produktu w celu zapewnienia optymalnego bezpiecze\u0144stwa.<\/p>\n<p><strong><img decoding=\"async\" style=\"margin-right: 12px;\" src=\"https:\/\/www.ferberpainting.com\/wp-content\/uploads\/2026\/02\/Check.svg\" alt=\"\" width=\"18\" height=\"15\" \/>\u0141atwa aplikacja.<\/strong>\u00a0Produkt jest gotowy do u\u017cycia i nie wymaga rozcie\u0144czania. Mo\u017cna go nak\u0142ada\u0107 bezpo\u015brednio na powierzchni\u0119 za pomoc\u0105 opryskiwacza, p\u0119dzla lub wa\u0142ka. Jego aplikacja jest prosta i szybka, oszcz\u0119dzaj\u0105c czas i wysi\u0142ek. Nie wymaga specjalistycznej wiedzy i jest \u0142atwo dost\u0119pny nawet dla majsterkowicz\u00f3w-amator\u00f3w.<\/p>\n<p><strong><img decoding=\"async\" style=\"margin-right: 12px;\" src=\"https:\/\/www.ferberpainting.com\/wp-content\/uploads\/2026\/02\/Check.svg\" alt=\"\" width=\"18\" height=\"15\" \/>Trwa\u0142o\u015b\u0107.<\/strong>\u00a0Po na\u0142o\u017ceniu ten impregnat tworzy siln\u0105 i d\u0142ugotrwa\u0142\u0105 barier\u0119 przed wilgoci\u0105. Chroni zabezpieczone powierzchnie przez wiele lat. W zale\u017cno\u015bci od warunk\u00f3w klimatycznych i naturalnego zu\u017cycia, skuteczno\u015b\u0107 produktu mo\u017ce trwa\u0107 od 2 do 5 lat, pomagaj\u0105c zmniejszy\u0107 potrzeby konserwacyjne i utrzymuj\u0105c powierzchnie w doskona\u0142ym stanie.<\/p>\n<p><strong><img decoding=\"async\" style=\"margin-right: 12px;\" src=\"https:\/\/www.ferberpainting.com\/wp-content\/uploads\/2026\/02\/Check.svg\" alt=\"\" width=\"18\" height=\"15\" \/>Szybkoschn\u0105cy.<\/strong>\u00a0Impregnat do tynk\u00f3w szybko wysycha po na\u0142o\u017ceniu. Zauwa\u017cysz, \u017ce staje si\u0119 suchy w dotyku w ci\u0105gu oko\u0142o 1 do 2 godzin. Jednak dla maksymalnej skuteczno\u015bci zaleca si\u0119 pozostawienie powierzchni do ca\u0142kowitego wyschni\u0119cia na 24 godziny przed wystawieniem jej na dzia\u0142anie wilgoci. To szybkie dzia\u0142anie pomaga zaoszcz\u0119dzi\u0107 czas pomi\u0119dzy kolejnymi etapami projektu.<\/p>\n<h2><strong>Protok\u00f3\u0142 u\u017cytkowania<\/strong><\/h2>\n<ul>\n<li><strong>Przygotowanie powierzchni <\/strong>: Przed na\u0142o\u017ceniem impregnatu nale\u017cy upewni\u0107 si\u0119, \u017ce powierzchnia tynku jest czysta, sucha i wolna od brudu, kurzu lub ple\u015bni. W razie potrzeby oczy\u015bci\u0107 powierzchni\u0119 wilgotn\u0105 szmatk\u0105 i pozostawi\u0107 do ca\u0142kowitego wyschni\u0119cia przed na\u0142o\u017ceniem produktu. Je\u015bli ple\u015b\u0144 jest obecna, przed na\u0142o\u017ceniem produktu nale\u017cy u\u017cy\u0107 specjalnego \u015brodka do jej usuni\u0119cia.<\/li>\n<li><strong>Zastosowanie produktu <\/strong>: Impregnat do tynk\u00f3w jest gotowy do u\u017cycia. Mo\u017cna go nak\u0142ada\u0107 za pomoc\u0105 rozpylacza, p\u0119dzla lub wa\u0142ka, w zale\u017cno\u015bci od powierzchni i preferencji. W przypadku stosowania rozpylacza nale\u017cy trzyma\u0107 go w odleg\u0142o\u015bci oko\u0142o 30 cm od powierzchni i rozpyla\u0107 r\u00f3wnomiernie, aby unikn\u0105\u0107 smug. W przypadku nak\u0142adania p\u0119dzlem lub wa\u0142kiem, upewnij si\u0119, \u017ce produkt jest dobrze rozprowadzony na powierzchni tynku, koncentruj\u0105c si\u0119 na szczeg\u00f3lnie porowatych obszarach.<\/li>\n<li><strong>Kwota do wykorzystania <\/strong>: W zale\u017cno\u015bci od porowato\u015bci tynku, 1 litr produktu wystarcza na oko\u0142o 6 do 8 m\u00b2. Pojemnik o pojemno\u015bci 5 litr\u00f3w zwykle wystarcza na pokrycie od 30 do 40 m\u00b2. Je\u015bli tynk jest bardzo porowaty, mo\u017ce by\u0107 konieczne na\u0142o\u017cenie drugiej warstwy w celu zapewnienia optymalnej ochrony. Nale\u017cy przestrzega\u0107 zalecanego pokrycia, aby unikn\u0105\u0107 marnowania produktu.<\/li>\n<li><strong>Czas schni\u0119cia <\/strong>: Po na\u0142o\u017ceniu impregnat szybko wysycha. Powierzchnia zwykle staje si\u0119 sucha w dotyku w ci\u0105gu 1 do 2 godzin, ale dla pe\u0142nej ochrony nale\u017cy pozostawi\u0107 produkt do wyschni\u0119cia na 24 godziny przed wystawieniem powierzchni na dzia\u0142anie wilgoci lub wody. Zapewni to pe\u0142n\u0105 penetracj\u0119 produktu i utworzy d\u0142ugotrwa\u0142\u0105 wodoodporn\u0105 barier\u0119.<\/li>\n<li><strong>Ponowne zastosowanie <\/strong>: W zale\u017cno\u015bci od warunk\u00f3w wilgotno\u015bci i zu\u017cycia, ponowna aplikacja mo\u017ce by\u0107 konieczna co 2 do 5 lat. Aby uzyska\u0107 optymalne rezultaty, nale\u017cy post\u0119powa\u0107 zgodnie z tymi samymi krokami, co w przypadku pierwszej aplikacji, upewniaj\u0105c si\u0119, \u017ce powierzchnia jest czysta i sucha przed na\u0142o\u017ceniem nowej jednolitej warstwy produktu.<\/li>\n<li><strong>Konserwacja <\/strong>: Po aplikacji konserwacja powierzchni tynku jest \u0142atwa. Czy\u015b\u0107 wilgotn\u0105 szmatk\u0105, aby usun\u0105\u0107 kurz bez uszkadzania impregnatu. Nale\u017cy unika\u0107 stosowania produkt\u00f3w \u015bciernych lub myjek wysokoci\u015bnieniowych, kt\u00f3re mog\u0142yby uszkodzi\u0107 powierzchni\u0119 lub barier\u0119 ochronn\u0105. Lekka i regularna konserwacja przed\u0142u\u017cy skuteczno\u015b\u0107 produktu.<\/li>\n<\/ul>","protected":false},"excerpt":{"rendered":"<p>Effective protection against humidity. This plaster waterproofer is specially formulated to provide optimal protection against humidity. It forms an invisible barrier that prevents water from penetrating the plaster while allowing the surface to breathe. This helps preserve the quality of the plaster over the long term and prevents damage caused by moisture, such as mold, [&hellip;]<\/p>\n","protected":false},"featured_media":36032,"comment_status":"open","ping_status":"closed","template":"","meta":{"_uag_custom_page_level_css":"","site-sidebar-layout":"default","site-content-layout":"","ast-site-content-layout":"default","site-content-style":"default","site-sidebar-style":"default","ast-global-header-display":"","ast-banner-title-visibility":"","ast-main-header-display":"","ast-hfb-above-header-display":"","ast-hfb-below-header-display":"","ast-hfb-mobile-header-display":"","site-post-title":"","ast-breadcrumbs-content":"","ast-featured-img":"","footer-sml-layout":"","ast-disable-related-posts":"","theme-transparent-header-meta":"default","adv-header-id-meta":"","stick-header-meta":"","header-above-stick-meta":"","header-main-stick-meta":"","header-below-stick-meta":"","astra-migrate-meta-layouts":"set","ast-page-background-enabled":"default","ast-page-background-meta":{"desktop":{"background-color":"var(--ast-global-color-4)","background-image":"","background-repeat":"repeat","background-position":"center center","background-size":"auto","background-attachment":"scroll","background-type":"","background-media":"","overlay-type":"","overlay-color":"","overlay-opacity":"","overlay-gradient":""},"tablet":{"background-color":"","background-image":"","background-repeat":"repeat","background-position":"center center","background-size":"auto","background-attachment":"scroll","background-type":"","background-media":"","overlay-type":"","overlay-color":"","overlay-opacity":"","overlay-gradient":""},"mobile":{"background-color":"","background-image":"","background-repeat":"repeat","background-position":"center center","background-size":"auto","background-attachment":"scroll","background-type":"","background-media":"","overlay-type":"","overlay-color":"","overlay-opacity":"","overlay-gradient":""}},"ast-content-background-meta":{"desktop":{"background-color":"var(--ast-global-color-5)","background-image":"","background-repeat":"repeat","background-position":"center center","background-size":"auto","background-attachment":"scroll","background-type":"","background-media":"","overlay-type":"","overlay-color":"","overlay-opacity":"","overlay-gradient":""},"tablet":{"background-color":"var(--ast-global-color-5)","background-image":"","background-repeat":"repeat","background-position":"center center","background-size":"auto","background-attachment":"scroll","background-type":"","background-media":"","overlay-type":"","overlay-color":"","overlay-opacity":"","overlay-gradient":""},"mobile":{"background-color":"var(--ast-global-color-5)","background-image":"","background-repeat":"repeat","background-position":"center center","background-size":"auto","background-attachment":"scroll","background-type":"","background-media":"","overlay-type":"","overlay-color":"","overlay-opacity":"","overlay-gradient":""}}},"product_brand":[],"product_cat":[191],"product_tag":[],"class_list":{"0":"post-24781","1":"product","2":"type-product","3":"status-publish","4":"has-post-thumbnail","6":"product_cat-water-repellent","7":"desktop-align-left","8":"tablet-align-left","9":"mobile-align-left","11":"first","12":"instock","13":"sale","14":"taxable","15":"shipping-taxable","16":"purchasable","17":"product-type-variable","18":"has-default-attributes"},"spectra_custom_meta":{"_visibility":["visible"],"_shopify_product_id":["9106647253237"],"_s2w_shopify_domain":["ferberpainting.myshopify.com"],"_shopify_variant_id":["46626384773365"],"_sku":[""],"_manage_stock":["no"],"total_sales":["26"],"_tax_status":["taxable"],"_tax_class":[""],"_backorders":["no"],"_sold_individually":["no"],"_virtual":["no"],"_downloadable":["no"],"_download_limit":["-1"],"_download_expiry":["-1"],"_stock":[null],"_stock_status":["instock"],"_wc_average_rating":["5.00"],"_wc_review_count":["36"],"_product_attributes":["a:1:{s:6:\"volume\";a:6:{s:4:\"name\";s:6:\"Volume\";s:5:\"value\";s:20:\"5 liters | 25 liters\";s:8:\"position\";i:1;s:10:\"is_visible\";i:0;s:12:\"is_variation\";i:1;s:11:\"is_taxonomy\";i:0;}}"],"_product_version":["10.5.1"],"wpse_downloadable_file_names":[""],"wpse_downloadable_file_urls":[""],"_edit_last":["1"],"_default_attributes":["a:1:{s:6:\"volume\";s:8:\"5 liters\";}"],"_edit_lock":["1771222787:1"],"_price":["29.90","129.90"],"merchant-center-availability":["yes"],"merchant-center-category":["503744"],"_thumbnail_id":["36032"],"_wp_page_template":["default"],"_wp_old_date":["2025-05-26"],"_product_image_gallery":["36030"],"site-sidebar-layout":["default"],"ast-site-content-layout":["default"],"site-content-style":["default"],"site-sidebar-style":["default"],"theme-transparent-header-meta":["default"],"_wc_rating_count":["a:1:{i:5;i:36;}"],"astra-migrate-meta-layouts":["set"],"_uag_css_file_name":["uag-css-24781.css"],"_elementor_page_assets":["a:0:{}"],"_uag_page_assets":["a:9:{s:3:\"css\";s:6873:\".wp-block-uagb-image{display:flex}.wp-block-uagb-image__figure{position:relative;display:flex;flex-direction:column;max-width:100%;height:auto;margin:0}.wp-block-uagb-image__figure img{height:auto;display:flex;max-width:100%;transition:box-shadow .2s ease}.wp-block-uagb-image__figure>a{display:inline-block}.wp-block-uagb-image__figure figcaption{text-align:center;margin-top:.5em;margin-bottom:1em}.wp-block-uagb-image .components-placeholder.block-editor-media-placeholder .components-placeholder__instructions{align-self:center}.wp-block-uagb-image--align-left{text-align:left}.wp-block-uagb-image--align-right{text-align:right}.wp-block-uagb-image--align-center{text-align:center}.wp-block-uagb-image--align-full .wp-block-uagb-image__figure{margin-left:calc(50% - 50vw);margin-right:calc(50% - 50vw);max-width:100vw;width:100vw;height:auto}.wp-block-uagb-image--align-full .wp-block-uagb-image__figure img{height:auto;width:100% !important}.wp-block-uagb-image--align-wide .wp-block-uagb-image__figure img{height:auto;width:100%}.wp-block-uagb-image--layout-overlay__color-wrapper{position:absolute;left:0;top:0;right:0;bottom:0;opacity:.2;background:rgba(0,0,0,.5);transition:opacity .35s ease-in-out}.wp-block-uagb-image--layout-overlay-link{position:absolute;left:0;right:0;bottom:0;top:0}.wp-block-uagb-image--layout-overlay .wp-block-uagb-image__figure:hover .wp-block-uagb-image--layout-overlay__color-wrapper{opacity:1}.wp-block-uagb-image--layout-overlay__inner{position:absolute;left:15px;right:15px;bottom:15px;top:15px;display:flex;align-items:center;justify-content:center;flex-direction:column;border-color:#fff;transition:.35s ease-in-out}.wp-block-uagb-image--layout-overlay__inner.top-left,.wp-block-uagb-image--layout-overlay__inner.top-center,.wp-block-uagb-image--layout-overlay__inner.top-right{justify-content:flex-start}.wp-block-uagb-image--layout-overlay__inner.bottom-left,.wp-block-uagb-image--layout-overlay__inner.bottom-center,.wp-block-uagb-image--layout-overlay__inner.bottom-right{justify-content:flex-end}.wp-block-uagb-image--layout-overlay__inner.top-left,.wp-block-uagb-image--layout-overlay__inner.center-left,.wp-block-uagb-image--layout-overlay__inner.bottom-left{align-items:flex-start}.wp-block-uagb-image--layout-overlay__inner.top-right,.wp-block-uagb-image--layout-overlay__inner.center-right,.wp-block-uagb-image--layout-overlay__inner.bottom-right{align-items:flex-end}.wp-block-uagb-image--layout-overlay__inner .uagb-image-heading{color:#fff;transition:transform .35s,opacity .35s ease-in-out;transform:translate3d(0, 24px, 0);margin:0;line-height:1em}.wp-block-uagb-image--layout-overlay__inner .uagb-image-separator{width:30%;border-top-width:2px;border-top-color:#fff;border-top-style:solid;margin-bottom:10px;opacity:0;transition:transform .4s,opacity .4s ease-in-out;transform:translate3d(0, 30px, 0)}.wp-block-uagb-image--layout-overlay__inner .uagb-image-caption{opacity:0;overflow:visible;color:#fff;transition:transform .45s,opacity .45s ease-in-out;transform:translate3d(0, 35px, 0)}.wp-block-uagb-image--layout-overlay__inner:hover .uagb-image-heading,.wp-block-uagb-image--layout-overlay__inner:hover .uagb-image-separator,.wp-block-uagb-image--layout-overlay__inner:hover .uagb-image-caption{opacity:1;transform:translate3d(0, 0, 0)}.wp-block-uagb-image--effect-zoomin .wp-block-uagb-image__figure img,.wp-block-uagb-image--effect-zoomin .wp-block-uagb-image__figure .wp-block-uagb-image--layout-overlay__color-wrapper{transform:scale(1);transition:transform .35s ease-in-out}.wp-block-uagb-image--effect-zoomin .wp-block-uagb-image__figure:hover img,.wp-block-uagb-image--effect-zoomin .wp-block-uagb-image__figure:hover .wp-block-uagb-image--layout-overlay__color-wrapper{transform:scale(1.05)}.wp-block-uagb-image--effect-slide .wp-block-uagb-image__figure img,.wp-block-uagb-image--effect-slide .wp-block-uagb-image__figure .wp-block-uagb-image--layout-overlay__color-wrapper{width:calc(100% + 40px) !important;max-width:none !important;transform:translate3d(-40px, 0, 0);transition:transform .35s ease-in-out}.wp-block-uagb-image--effect-slide .wp-block-uagb-image__figure:hover img,.wp-block-uagb-image--effect-slide .wp-block-uagb-image__figure:hover .wp-block-uagb-image--layout-overlay__color-wrapper{transform:translate3d(0, 0, 0)}.wp-block-uagb-image--effect-grayscale img{filter:grayscale(0%);transition:.35s ease-in-out}.wp-block-uagb-image--effect-grayscale:hover img{filter:grayscale(100%)}.wp-block-uagb-image--effect-blur img{filter:blur(0);transition:.35s ease-in-out}.wp-block-uagb-image--effect-blur:hover img{filter:blur(3px)}.uagb-block-e6f939b3.wp-block-uagb-image--layout-default figure img{box-shadow: 0px 0px 0 #00000070;}.uagb-block-e6f939b3.wp-block-uagb-image .wp-block-uagb-image__figure figcaption{font-style: normal;align-self: center;}.uagb-block-e6f939b3.wp-block-uagb-image--layout-overlay figure img{box-shadow: 0px 0px 0 #00000070;}.uagb-block-e6f939b3.wp-block-uagb-image--layout-overlay .wp-block-uagb-image--layout-overlay__color-wrapper{opacity: 0.2;}.uagb-block-e6f939b3.wp-block-uagb-image--layout-overlay .wp-block-uagb-image--layout-overlay__inner{left: 15px;right: 15px;top: 15px;bottom: 15px;}.uagb-block-e6f939b3.wp-block-uagb-image--layout-overlay .wp-block-uagb-image--layout-overlay__inner .uagb-image-heading{font-style: normal;color: #fff;opacity: 1;}.uagb-block-e6f939b3.wp-block-uagb-image--layout-overlay .wp-block-uagb-image--layout-overlay__inner .uagb-image-heading a{color: #fff;}.uagb-block-e6f939b3.wp-block-uagb-image--layout-overlay .wp-block-uagb-image--layout-overlay__inner .uagb-image-caption{opacity: 0;}.uagb-block-e6f939b3.wp-block-uagb-image--layout-overlay .wp-block-uagb-image__figure:hover .wp-block-uagb-image--layout-overlay__color-wrapper{opacity: 1;}.uagb-block-e6f939b3.wp-block-uagb-image .wp-block-uagb-image--layout-overlay__inner .uagb-image-separator{width: 30%;border-top-width: 2px;border-top-color: #fff;opacity: 0;}.uagb-block-e6f939b3.wp-block-uagb-image .wp-block-uagb-image__figure img{width: px;height: auto;}.uagb-block-e6f939b3.wp-block-uagb-image .wp-block-uagb-image__figure:hover .wp-block-uagb-image--layout-overlay__inner .uagb-image-caption{opacity: 1;}.uagb-block-e6f939b3.wp-block-uagb-image .wp-block-uagb-image__figure:hover .wp-block-uagb-image--layout-overlay__inner .uagb-image-separator{opacity: 1;}.uagb-block-e6f939b3.wp-block-uagb-image--layout-default figure:hover img{box-shadow: 0px 0px 0 #00000070;}.uagb-block-e6f939b3.wp-block-uagb-image--layout-overlay figure:hover img{box-shadow: 0px 0px 0 #00000070;}@media only screen and (max-width: 976px) {.uagb-block-e6f939b3.wp-block-uagb-image .wp-block-uagb-image__figure img{width: px;height: auto;}}@media only screen and (max-width: 767px) {.uagb-block-e6f939b3.wp-block-uagb-image .wp-block-uagb-image__figure img{width: px;height: auto;}}\";s:2:\"js\";s:0:\"\";s:18:\"current_block_list\";a:13:{i:0;s:11:\"core\/search\";i:1;s:10:\"core\/group\";i:2;s:12:\"core\/heading\";i:3;s:17:\"core\/latest-posts\";i:4;s:20:\"core\/latest-comments\";i:5;s:13:\"core\/archives\";i:6;s:15:\"core\/categories\";i:7;s:14:\"core\/paragraph\";i:8;s:10:\"uagb\/image\";i:9;s:11:\"core\/spacer\";i:10;s:30:\"woocommerce\/product-categories\";i:11;s:10:\"core\/image\";i:12;s:14:\"core\/shortcode\";}s:8:\"uag_flag\";b:1;s:11:\"uag_version\";s:10:\"1777266148\";s:6:\"gfonts\";a:0:{}s:10:\"gfonts_url\";s:0:\"\";s:12:\"gfonts_files\";a:0:{}s:14:\"uag_faq_layout\";b:0;}"]},"uagb_featured_image_src":{"full":["https:\/\/www.ferberpainting.com\/wp-content\/uploads\/2025\/05\/Plaster-Water-Repellent-5L-.png",2560,2560,false],"thumbnail":["https:\/\/www.ferberpainting.com\/wp-content\/uploads\/2025\/05\/Plaster-Water-Repellent-5L--150x150.png",150,150,true],"medium":["https:\/\/www.ferberpainting.com\/wp-content\/uploads\/2025\/05\/Plaster-Water-Repellent-5L--300x300.png",300,300,true],"medium_large":["https:\/\/www.ferberpainting.com\/wp-content\/uploads\/2025\/05\/Plaster-Water-Repellent-5L--768x768.png",768,768,true],"large":["https:\/\/www.ferberpainting.com\/wp-content\/uploads\/2025\/05\/Plaster-Water-Repellent-5L--1024x1024.png",1024,1024,true],"1536x1536":["https:\/\/www.ferberpainting.com\/wp-content\/uploads\/2025\/05\/Plaster-Water-Repellent-5L--1536x1536.png",1536,1536,true],"2048x2048":["https:\/\/www.ferberpainting.com\/wp-content\/uploads\/2025\/05\/Plaster-Water-Repellent-5L--2048x2048.png",2048,2048,true],"trp-custom-language-flag":["https:\/\/www.ferberpainting.com\/wp-content\/uploads\/2025\/05\/Plaster-Water-Repellent-5L--12x12.png",12,12,true],"woocommerce_thumbnail":["https:\/\/www.ferberpainting.com\/wp-content\/uploads\/2025\/05\/Plaster-Water-Repellent-5L--300x300.png",300,300,true],"woocommerce_single":["https:\/\/www.ferberpainting.com\/wp-content\/uploads\/2025\/05\/Plaster-Water-Repellent-5L--600x600.png",600,600,true],"woocommerce_gallery_thumbnail":["https:\/\/www.ferberpainting.com\/wp-content\/uploads\/2025\/05\/Plaster-Water-Repellent-5L--100x100.png",100,100,true]},"uagb_author_info":{"display_name":"admin","author_link":"https:\/\/www.ferberpainting.com\/pl\/author\/"},"uagb_comment_info":36,"uagb_excerpt":"Effective protection against humidity. This plaster waterproofer is specially formulated to provide optimal protection against humidity. It forms an invisible barrier that prevents water from penetrating the plaster while allowing the surface to breathe. This helps preserve the quality of the plaster over the long term and prevents damage caused by moisture, such as mold,&hellip;","_links":{"self":[{"href":"https:\/\/www.ferberpainting.com\/pl\/wp-json\/wp\/v2\/product\/24781","targetHints":{"allow":["GET"]}}],"collection":[{"href":"https:\/\/www.ferberpainting.com\/pl\/wp-json\/wp\/v2\/product"}],"about":[{"href":"https:\/\/www.ferberpainting.com\/pl\/wp-json\/wp\/v2\/types\/product"}],"replies":[{"embeddable":true,"href":"https:\/\/www.ferberpainting.com\/pl\/wp-json\/wp\/v2\/comments?post=24781"}],"version-history":[{"count":4,"href":"https:\/\/www.ferberpainting.com\/pl\/wp-json\/wp\/v2\/product\/24781\/revisions"}],"predecessor-version":[{"id":166976,"href":"https:\/\/www.ferberpainting.com\/pl\/wp-json\/wp\/v2\/product\/24781\/revisions\/166976"}],"wp:featuredmedia":[{"embeddable":true,"href":"https:\/\/www.ferberpainting.com\/pl\/wp-json\/wp\/v2\/media\/36032"}],"wp:attachment":[{"href":"https:\/\/www.ferberpainting.com\/pl\/wp-json\/wp\/v2\/media?parent=24781"}],"wp:term":[{"taxonomy":"product_brand","embeddable":true,"href":"https:\/\/www.ferberpainting.com\/pl\/wp-json\/wp\/v2\/product_brand?post=24781"},{"taxonomy":"product_cat","embeddable":true,"href":"https:\/\/www.ferberpainting.com\/pl\/wp-json\/wp\/v2\/product_cat?post=24781"},{"taxonomy":"product_tag","embeddable":true,"href":"https:\/\/www.ferberpainting.com\/pl\/wp-json\/wp\/v2\/product_tag?post=24781"}],"curies":[{"name":"wp","href":"https:\/\/api.w.org\/{rel}","templated":true}]}}