{"id":24775,"date":"2025-05-26T10:27:06","date_gmt":"2025-05-26T08:27:06","guid":{"rendered":"https:\/\/www.ferberpainting.com\/products\/pipe-leak-stopper\/"},"modified":"2026-02-16T07:07:41","modified_gmt":"2026-02-16T06:07:41","slug":"pipe-leak-stopper","status":"publish","type":"product","link":"https:\/\/www.ferberpainting.com\/pl\/products\/pipe-leak-stopper\/","title":{"rendered":"Zatyczka do rur"},"content":{"rendered":"<p><strong><img decoding=\"async\" style=\"margin-right: 12px;\" src=\"https:\/\/www.ferberpainting.com\/wp-content\/uploads\/2026\/02\/Check.svg\" alt=\"\" width=\"18\" height=\"15\" \/>Szybko i skutecznie zatrzymuje wycieki wody od wewn\u0105trz.<\/strong> Nasz korek do rur zosta\u0142 specjalnie opracowany do uszczelniania mikroprzeciek\u00f3w i ma\u0142ych p\u0119kni\u0119\u0107 w instalacjach wodno-kanalizacyjnych od wewn\u0105trz, bez konieczno\u015bci wykonywania prac niszcz\u0105cych. Kr\u0105\u017cy w systemie i automatycznie lokalizuje punkty wycieku, tworz\u0105c trwa\u0142e wewn\u0119trzne uszczelnienie, kt\u00f3re przywraca integralno\u015b\u0107 i zapobiega dalszej utracie wody.<\/p>\n<p><strong><img decoding=\"async\" style=\"margin-right: 12px;\" src=\"https:\/\/www.ferberpainting.com\/wp-content\/uploads\/2026\/02\/Check.svg\" alt=\"\" width=\"18\" height=\"15\" \/>Najskuteczniejsze rozwi\u0105zanie do uszczelniania przeciek\u00f3w wewn\u0119trznych na rynku.<\/strong> Dzi\u0119ki zaawansowanej technologii uszczelniania, produkt ten reaguje precyzyjnie w miejscu wycieku, tworz\u0105c siln\u0105 i d\u0142ugotrwa\u0142\u0105 barier\u0119. Dzia\u0142a skutecznie w systemach grzewczych, obiegach wodnych i instalacjach o obiegu zamkni\u0119tym, zapewniaj\u0105c niezawodne rezultaty tam, gdzie tradycyjne naprawy wymaga\u0142yby kosztownej interwencji.<\/p>\n<p><strong><img decoding=\"async\" style=\"margin-right: 12px;\" src=\"https:\/\/www.ferberpainting.com\/wp-content\/uploads\/2026\/02\/Check.svg\" alt=\"\" width=\"18\" height=\"15\" \/>Bezkonkurencyjna cena.<\/strong> Naprawy hydrauliczne mog\u0105 by\u0107 kosztowne i inwazyjne. Nasza zatyczka do rur oferuje profesjonalne rozwi\u0105zanie w najbardziej konkurencyjnej cenie, oszcz\u0119dzaj\u0105c pieni\u0105dze na roboci\u017anie, wyburzaniu \u015bcian i wymianie rur.<\/p>\n<p><strong><img decoding=\"async\" style=\"margin-right: 12px;\" src=\"https:\/\/www.ferberpainting.com\/wp-content\/uploads\/2026\/02\/Check.svg\" alt=\"\" width=\"18\" height=\"15\" \/>Gwarancja zwrotu pieni\u0119dzy dla ca\u0142kowitej pewno\u015bci.<\/strong> Jeste\u015bmy przekonani o skuteczno\u015bci naszych zatyczek do rur. Je\u015bli nie b\u0119dziesz w pe\u0142ni zadowolony z rezultat\u00f3w, oferujemy gwarancj\u0119 zwrotu pieni\u0119dzy. Wystarczy skontaktowa\u0107 si\u0119 z nami, a my zwr\u00f3cimy pieni\u0105dze za zakup.<\/p>\n<p><strong><img decoding=\"async\" style=\"margin-right: 12px;\" src=\"https:\/\/www.ferberpainting.com\/wp-content\/uploads\/2026\/02\/Check.svg\" alt=\"\" width=\"18\" height=\"15\" \/>Szybka 24-godzinna dostawa w pilnych sytuacjach.<\/strong> Zawsze zapewniamy dostaw\u0119 w ci\u0105gu 24 godzin, dzi\u0119ki czemu mo\u017cna szybko usun\u0105\u0107 wycieki i zapobiec dalszym szkodom spowodowanym przez wod\u0119. Niezawodna wysy\u0142ka zapewnia szybkie dzia\u0142anie, gdy jest to najwa\u017cniejsze.<\/p>\n<p><strong><img decoding=\"async\" style=\"margin-right: 12px;\" src=\"https:\/\/www.ferberpainting.com\/wp-content\/uploads\/2026\/02\/Check.svg\" alt=\"\" width=\"18\" height=\"15\" \/>Jedna butelka wystarcza na dom o powierzchni do 100 m\u00b2.<\/strong> Pojedyncza butelka wystarcza do uszczelnienia ca\u0142ego systemu wodno-kanalizacyjnego lub grzewczego w domu o powierzchni do oko\u0142o 100 metr\u00f3w kwadratowych. Ta zoptymalizowana dawka zapewnia skuteczne dzia\u0142anie uszczelniaj\u0105ce bez przedawkowania systemu.<\/p>\n<p><strong><img decoding=\"async\" style=\"margin-right: 12px;\" src=\"https:\/\/www.ferberpainting.com\/wp-content\/uploads\/2026\/02\/Check.svg\" alt=\"\" width=\"18\" height=\"15\" \/>Nieinwazyjna naprawa bez naruszania \u015bcian lub pod\u0142\u00f3g.<\/strong> Produkt eliminuje potrzeb\u0119 niszcz\u0105cych poszukiwa\u0144 ukrytych wyciek\u00f3w. Dzia\u0142a wewn\u0119trznie, kr\u0105\u017c\u0105c w rurach i uszczelniaj\u0105c miejsca wyciek\u00f3w bez uszkadzania instalacji.<\/p>\n<p><strong><img decoding=\"async\" style=\"margin-right: 12px;\" src=\"https:\/\/www.ferberpainting.com\/wp-content\/uploads\/2026\/02\/Check.svg\" alt=\"\" width=\"18\" height=\"15\" \/>Kompatybilny z typowymi materia\u0142ami hydraulicznymi.<\/strong> Nasza formu\u0142a jest bezpieczna do stosowania w systemach wykonanych z miedzi, stali, aluminium, tworzyw sztucznych i rur kompozytowych. Nie powoduje korozji ani uszkodze\u0144 element\u00f3w wewn\u0119trznych, gdy jest stosowany zgodnie z zaleceniami.<\/p>\n<p><strong><img decoding=\"async\" style=\"margin-right: 12px;\" src=\"https:\/\/www.ferberpainting.com\/wp-content\/uploads\/2026\/02\/Check.svg\" alt=\"\" width=\"18\" height=\"15\" \/>D\u0142ugotrwa\u0142e i stabilne uszczelnienie.<\/strong> Po uszczelnieniu wycieku bariera ochronna pozostaje stabilna pod normalnym ci\u015bnieniem roboczym i temperatur\u0105, zapewniaj\u0105c trwa\u0142\u0105 napraw\u0119 przez d\u0142ugi czas.<\/p>\n<p><strong><img decoding=\"async\" style=\"margin-right: 12px;\" src=\"https:\/\/www.ferberpainting.com\/wp-content\/uploads\/2026\/02\/Check.svg\" alt=\"\" width=\"18\" height=\"15\" \/>\u0141atwy w u\u017cyciu dla profesjonalist\u00f3w i w\u0142a\u015bcicieli dom\u00f3w.<\/strong> Proces aplikacji jest prosty i nie wymaga specjalistycznego sprz\u0119tu poza standardowymi punktami dost\u0119pu do systemu, dzi\u0119ki czemu jest odpowiedni zar\u00f3wno dla profesjonalist\u00f3w, jak i do\u015bwiadczonych u\u017cytkownik\u00f3w DIY.<\/p>\n<h2><strong>Instrukcje<\/strong><\/h2>\n<ul>\n<li>Zidentyfikowa\u0107, \u017ce wyciek jest niewielki lub umiarkowany i nadaje si\u0119 do uszczelnienia wewn\u0119trznego. Produkt jest przeznaczony do mikroprzeciek\u00f3w i ma\u0142ych p\u0119kni\u0119\u0107, a nie do powa\u017cnych p\u0119kni\u0119\u0107 rur.<\/li>\n<li>Przed rozpocz\u0119ciem aplikacji nale\u017cy wy\u0142\u0105czy\u0107 system ogrzewania lub cyrkulacji wody i poczeka\u0107, a\u017c ostygnie.<\/li>\n<li>Przed u\u017cyciem dok\u0142adnie wstrz\u0105sn\u0105\u0107 butelk\u0105, aby zapewni\u0107 r\u00f3wnomierne rozprowadzenie aktywnych sk\u0142adnik\u00f3w uszczelniaj\u0105cych.<\/li>\n<li>W razie potrzeby spu\u015b\u0107 niewielk\u0105 ilo\u015b\u0107 wody z systemu, aby zapewni\u0107 miejsce na produkt.<\/li>\n<li>Dawkowanie: u\u017cy\u0107 jednej pe\u0142nej butelki do czyszczenia instalacji wodno-kanalizacyjnej lub grzewczej obs\u0142uguj\u0105cej dom o powierzchni do 100 m\u00b2. Nie nale\u017cy przekracza\u0107 zalecanej dawki, chyba \u017ce chodzi o wi\u0119ksz\u0105 instalacj\u0119.<\/li>\n<li>Wprowad\u017a ca\u0142\u0105 zawarto\u015b\u0107 butli do systemu przez odpowiedni punkt dost\u0119pu, taki jak ch\u0142odnica, p\u0119tla nape\u0142niania lub zbiornik wyr\u00f3wnawczy, w zale\u017cno\u015bci od konfiguracji systemu.<\/li>\n<li>Przywr\u00f3ci\u0107 ci\u015bnienie w uk\u0142adzie do normalnego poziomu roboczego i ponownie uruchomi\u0107 obieg.<\/li>\n<li>Pozostawi\u0107 produkt w ci\u0105g\u0142ej cyrkulacji przez kilka godzin. W systemach grzewczych nale\u017cy utrzymywa\u0107 normaln\u0105 temperatur\u0119 robocz\u0105, aby przyspieszy\u0107 uszczelnianie.<\/li>\n<li>Proces uszczelniania mo\u017ce trwa\u0107 od kilku do 24 godzin w zale\u017cno\u015bci od wielko\u015bci wycieku i warunk\u00f3w panuj\u0105cych w systemie.<\/li>\n<li>Regularnie monitorowa\u0107 ci\u015bnienie w uk\u0142adzie przez pierwsze 24 do 48 godzin w celu potwierdzenia stabilizacji i skutecznego uszczelnienia.<\/li>\n<li>Po uszczelnieniu wycieku produkt mo\u017ce pozosta\u0107 w systemie jako \u015brodek zapobiegawczy.<\/li>\n<li>Je\u015bli wyciek utrzymuje si\u0119 po 48 godzinach, nale\u017cy ponownie oceni\u0107, czy uszkodzenie przekracza zalecan\u0105 wydajno\u015b\u0107 uszczelnienia.<\/li>\n<li>Pozosta\u0142y produkt (je\u015bli nie zosta\u0142 u\u017cyty) nale\u017cy przechowywa\u0107 szczelnie zamkni\u0119ty w ch\u0142odnym, suchym miejscu, z dala od bezpo\u015bredniego \u015bwiat\u0142a s\u0142onecznego i ekstremalnych temperatur.<\/li>\n<li>Przechowywa\u0107 w miejscu niedost\u0119pnym dla dzieci i unika\u0107 kontaktu z oczami lub sk\u00f3r\u0105 podczas obchodzenia si\u0119 z produktem.<\/li>\n<\/ul>","protected":false},"excerpt":{"rendered":"<p>Stops water leaks quickly and effectively from the inside. Our pipe leak stopper is specially formulated to seal micro-leaks and small cracks in plumbing systems from within, without the need for destructive work. It circulates through the system and automatically locates leak points, forming a durable internal seal that restores integrity and prevents further water [&hellip;]<\/p>\n","protected":false},"featured_media":26630,"comment_status":"open","ping_status":"closed","template":"","meta":{"_uag_custom_page_level_css":"","site-sidebar-layout":"default","site-content-layout":"","ast-site-content-layout":"default","site-content-style":"default","site-sidebar-style":"default","ast-global-header-display":"","ast-banner-title-visibility":"","ast-main-header-display":"","ast-hfb-above-header-display":"","ast-hfb-below-header-display":"","ast-hfb-mobile-header-display":"","site-post-title":"","ast-breadcrumbs-content":"","ast-featured-img":"","footer-sml-layout":"","ast-disable-related-posts":"","theme-transparent-header-meta":"default","adv-header-id-meta":"","stick-header-meta":"","header-above-stick-meta":"","header-main-stick-meta":"","header-below-stick-meta":"","astra-migrate-meta-layouts":"set","ast-page-background-enabled":"default","ast-page-background-meta":{"desktop":{"background-color":"var(--ast-global-color-4)","background-image":"","background-repeat":"repeat","background-position":"center center","background-size":"auto","background-attachment":"scroll","background-type":"","background-media":"","overlay-type":"","overlay-color":"","overlay-opacity":"","overlay-gradient":""},"tablet":{"background-color":"","background-image":"","background-repeat":"repeat","background-position":"center center","background-size":"auto","background-attachment":"scroll","background-type":"","background-media":"","overlay-type":"","overlay-color":"","overlay-opacity":"","overlay-gradient":""},"mobile":{"background-color":"","background-image":"","background-repeat":"repeat","background-position":"center center","background-size":"auto","background-attachment":"scroll","background-type":"","background-media":"","overlay-type":"","overlay-color":"","overlay-opacity":"","overlay-gradient":""}},"ast-content-background-meta":{"desktop":{"background-color":"var(--ast-global-color-5)","background-image":"","background-repeat":"repeat","background-position":"center center","background-size":"auto","background-attachment":"scroll","background-type":"","background-media":"","overlay-type":"","overlay-color":"","overlay-opacity":"","overlay-gradient":""},"tablet":{"background-color":"var(--ast-global-color-5)","background-image":"","background-repeat":"repeat","background-position":"center center","background-size":"auto","background-attachment":"scroll","background-type":"","background-media":"","overlay-type":"","overlay-color":"","overlay-opacity":"","overlay-gradient":""},"mobile":{"background-color":"var(--ast-global-color-5)","background-image":"","background-repeat":"repeat","background-position":"center center","background-size":"auto","background-attachment":"scroll","background-type":"","background-media":"","overlay-type":"","overlay-color":"","overlay-opacity":"","overlay-gradient":""}}},"product_brand":[],"product_cat":[181],"product_tag":[],"class_list":{"0":"post-24775","1":"product","2":"type-product","3":"status-publish","4":"has-post-thumbnail","6":"product_cat-leak-stopper","7":"desktop-align-left","8":"tablet-align-left","9":"mobile-align-left","11":"first","12":"instock","13":"taxable","14":"shipping-taxable","15":"purchasable","16":"product-type-simple"},"spectra_custom_meta":{"_visibility":["visible"],"_shopify_product_id":["7955511542005"],"_s2w_shopify_domain":["ferberpainting.myshopify.com"],"_shopify_variant_id":["43515608039669"],"_sku":["FPPIPELEAKSTOPPER"],"_regular_price":["29.90"],"_price":["29.90"],"_sale_price":[""],"_weight":["0.45"],"_thumbnail_id":["26630"],"_global_unique_id":["5056773807228"],"total_sales":["88"],"_tax_status":["taxable"],"_tax_class":[""],"_manage_stock":["no"],"_backorders":["no"],"_sold_individually":["no"],"_virtual":["no"],"_downloadable":["no"],"_download_limit":["-1"],"_download_expiry":["-1"],"_stock":[null],"_stock_status":["instock"],"_wc_average_rating":["4.86"],"_wc_review_count":["59"],"_product_version":["10.5.1"],"merchant-center-availability":["yes"],"merchant-center-category":["505802"],"merchant-center-id":["PIPELS"],"wpse_downloadable_file_names":[""],"wpse_downloadable_file_urls":[""],"_edit_last":["1"],"_wc_rating_count":["a:2:{i:4;i:8;i:5;i:51;}"],"_edit_lock":["1776241479:5317"],"_elementor_template_type":["product-post"],"_elementor_version":["3.34.1"],"_elementor_pro_version":["3.34.0"],"_elementor_page_settings":["a:0:{}"],"_wp_page_template":["default"],"site-sidebar-layout":["default"],"ast-site-content-layout":["default"],"site-content-style":["default"],"site-sidebar-style":["default"],"theme-transparent-header-meta":["default"],"astra-migrate-meta-layouts":["set"],"_uag_css_file_name":["uag-css-24775.css"],"_elementor_page_assets":["a:0:{}"],"_uag_page_assets":["a:9:{s:3:\"css\";s:7133:\".uag-blocks-common-selector{z-index:var(--z-index-desktop) !important}@media(max-width: 976px){.uag-blocks-common-selector{z-index:var(--z-index-tablet) !important}}@media(max-width: 767px){.uag-blocks-common-selector{z-index:var(--z-index-mobile) !important}}.wp-block-uagb-image{display:flex}.wp-block-uagb-image__figure{position:relative;display:flex;flex-direction:column;max-width:100%;height:auto;margin:0}.wp-block-uagb-image__figure img{height:auto;display:flex;max-width:100%;transition:box-shadow .2s ease}.wp-block-uagb-image__figure>a{display:inline-block}.wp-block-uagb-image__figure figcaption{text-align:center;margin-top:.5em;margin-bottom:1em}.wp-block-uagb-image .components-placeholder.block-editor-media-placeholder .components-placeholder__instructions{align-self:center}.wp-block-uagb-image--align-left{text-align:left}.wp-block-uagb-image--align-right{text-align:right}.wp-block-uagb-image--align-center{text-align:center}.wp-block-uagb-image--align-full .wp-block-uagb-image__figure{margin-left:calc(50% - 50vw);margin-right:calc(50% - 50vw);max-width:100vw;width:100vw;height:auto}.wp-block-uagb-image--align-full .wp-block-uagb-image__figure img{height:auto;width:100% !important}.wp-block-uagb-image--align-wide .wp-block-uagb-image__figure img{height:auto;width:100%}.wp-block-uagb-image--layout-overlay__color-wrapper{position:absolute;left:0;top:0;right:0;bottom:0;opacity:.2;background:rgba(0,0,0,.5);transition:opacity .35s ease-in-out}.wp-block-uagb-image--layout-overlay-link{position:absolute;left:0;right:0;bottom:0;top:0}.wp-block-uagb-image--layout-overlay .wp-block-uagb-image__figure:hover .wp-block-uagb-image--layout-overlay__color-wrapper{opacity:1}.wp-block-uagb-image--layout-overlay__inner{position:absolute;left:15px;right:15px;bottom:15px;top:15px;display:flex;align-items:center;justify-content:center;flex-direction:column;border-color:#fff;transition:.35s ease-in-out}.wp-block-uagb-image--layout-overlay__inner.top-left,.wp-block-uagb-image--layout-overlay__inner.top-center,.wp-block-uagb-image--layout-overlay__inner.top-right{justify-content:flex-start}.wp-block-uagb-image--layout-overlay__inner.bottom-left,.wp-block-uagb-image--layout-overlay__inner.bottom-center,.wp-block-uagb-image--layout-overlay__inner.bottom-right{justify-content:flex-end}.wp-block-uagb-image--layout-overlay__inner.top-left,.wp-block-uagb-image--layout-overlay__inner.center-left,.wp-block-uagb-image--layout-overlay__inner.bottom-left{align-items:flex-start}.wp-block-uagb-image--layout-overlay__inner.top-right,.wp-block-uagb-image--layout-overlay__inner.center-right,.wp-block-uagb-image--layout-overlay__inner.bottom-right{align-items:flex-end}.wp-block-uagb-image--layout-overlay__inner .uagb-image-heading{color:#fff;transition:transform .35s,opacity .35s ease-in-out;transform:translate3d(0, 24px, 0);margin:0;line-height:1em}.wp-block-uagb-image--layout-overlay__inner .uagb-image-separator{width:30%;border-top-width:2px;border-top-color:#fff;border-top-style:solid;margin-bottom:10px;opacity:0;transition:transform .4s,opacity .4s ease-in-out;transform:translate3d(0, 30px, 0)}.wp-block-uagb-image--layout-overlay__inner .uagb-image-caption{opacity:0;overflow:visible;color:#fff;transition:transform .45s,opacity .45s ease-in-out;transform:translate3d(0, 35px, 0)}.wp-block-uagb-image--layout-overlay__inner:hover .uagb-image-heading,.wp-block-uagb-image--layout-overlay__inner:hover .uagb-image-separator,.wp-block-uagb-image--layout-overlay__inner:hover .uagb-image-caption{opacity:1;transform:translate3d(0, 0, 0)}.wp-block-uagb-image--effect-zoomin .wp-block-uagb-image__figure img,.wp-block-uagb-image--effect-zoomin .wp-block-uagb-image__figure .wp-block-uagb-image--layout-overlay__color-wrapper{transform:scale(1);transition:transform .35s ease-in-out}.wp-block-uagb-image--effect-zoomin .wp-block-uagb-image__figure:hover img,.wp-block-uagb-image--effect-zoomin .wp-block-uagb-image__figure:hover .wp-block-uagb-image--layout-overlay__color-wrapper{transform:scale(1.05)}.wp-block-uagb-image--effect-slide .wp-block-uagb-image__figure img,.wp-block-uagb-image--effect-slide .wp-block-uagb-image__figure .wp-block-uagb-image--layout-overlay__color-wrapper{width:calc(100% + 40px) !important;max-width:none !important;transform:translate3d(-40px, 0, 0);transition:transform .35s ease-in-out}.wp-block-uagb-image--effect-slide .wp-block-uagb-image__figure:hover img,.wp-block-uagb-image--effect-slide .wp-block-uagb-image__figure:hover .wp-block-uagb-image--layout-overlay__color-wrapper{transform:translate3d(0, 0, 0)}.wp-block-uagb-image--effect-grayscale img{filter:grayscale(0%);transition:.35s ease-in-out}.wp-block-uagb-image--effect-grayscale:hover img{filter:grayscale(100%)}.wp-block-uagb-image--effect-blur img{filter:blur(0);transition:.35s ease-in-out}.wp-block-uagb-image--effect-blur:hover img{filter:blur(3px)}.uagb-block-e6f939b3.wp-block-uagb-image--layout-default figure img{box-shadow: 0px 0px 0 #00000070;}.uagb-block-e6f939b3.wp-block-uagb-image .wp-block-uagb-image__figure figcaption{font-style: normal;align-self: center;}.uagb-block-e6f939b3.wp-block-uagb-image--layout-overlay figure img{box-shadow: 0px 0px 0 #00000070;}.uagb-block-e6f939b3.wp-block-uagb-image--layout-overlay .wp-block-uagb-image--layout-overlay__color-wrapper{opacity: 0.2;}.uagb-block-e6f939b3.wp-block-uagb-image--layout-overlay .wp-block-uagb-image--layout-overlay__inner{left: 15px;right: 15px;top: 15px;bottom: 15px;}.uagb-block-e6f939b3.wp-block-uagb-image--layout-overlay .wp-block-uagb-image--layout-overlay__inner .uagb-image-heading{font-style: normal;color: #fff;opacity: 1;}.uagb-block-e6f939b3.wp-block-uagb-image--layout-overlay .wp-block-uagb-image--layout-overlay__inner .uagb-image-heading a{color: #fff;}.uagb-block-e6f939b3.wp-block-uagb-image--layout-overlay .wp-block-uagb-image--layout-overlay__inner .uagb-image-caption{opacity: 0;}.uagb-block-e6f939b3.wp-block-uagb-image--layout-overlay .wp-block-uagb-image__figure:hover .wp-block-uagb-image--layout-overlay__color-wrapper{opacity: 1;}.uagb-block-e6f939b3.wp-block-uagb-image .wp-block-uagb-image--layout-overlay__inner .uagb-image-separator{width: 30%;border-top-width: 2px;border-top-color: #fff;opacity: 0;}.uagb-block-e6f939b3.wp-block-uagb-image .wp-block-uagb-image__figure img{width: px;height: auto;}.uagb-block-e6f939b3.wp-block-uagb-image .wp-block-uagb-image__figure:hover .wp-block-uagb-image--layout-overlay__inner .uagb-image-caption{opacity: 1;}.uagb-block-e6f939b3.wp-block-uagb-image .wp-block-uagb-image__figure:hover .wp-block-uagb-image--layout-overlay__inner .uagb-image-separator{opacity: 1;}.uagb-block-e6f939b3.wp-block-uagb-image--layout-default figure:hover img{box-shadow: 0px 0px 0 #00000070;}.uagb-block-e6f939b3.wp-block-uagb-image--layout-overlay figure:hover img{box-shadow: 0px 0px 0 #00000070;}@media only screen and (max-width: 976px) {.uagb-block-e6f939b3.wp-block-uagb-image .wp-block-uagb-image__figure img{width: px;height: auto;}}@media only screen and (max-width: 767px) {.uagb-block-e6f939b3.wp-block-uagb-image .wp-block-uagb-image__figure img{width: px;height: auto;}}\";s:2:\"js\";s:0:\"\";s:18:\"current_block_list\";a:13:{i:0;s:11:\"core\/search\";i:1;s:10:\"core\/group\";i:2;s:12:\"core\/heading\";i:3;s:17:\"core\/latest-posts\";i:4;s:20:\"core\/latest-comments\";i:5;s:13:\"core\/archives\";i:6;s:15:\"core\/categories\";i:7;s:14:\"core\/paragraph\";i:8;s:10:\"uagb\/image\";i:9;s:11:\"core\/spacer\";i:10;s:30:\"woocommerce\/product-categories\";i:11;s:10:\"core\/image\";i:12;s:14:\"core\/shortcode\";}s:8:\"uag_flag\";b:1;s:11:\"uag_version\";s:10:\"1777331327\";s:6:\"gfonts\";a:0:{}s:10:\"gfonts_url\";s:0:\"\";s:12:\"gfonts_files\";a:0:{}s:14:\"uag_faq_layout\";b:0;}"]},"uagb_featured_image_src":{"full":["https:\/\/www.ferberpainting.com\/wp-content\/uploads\/2025\/05\/PipeLeakStopper_4000x4000_589fc868-2337-47b1-a90f-ca2f1ac9c7bd.png",2560,2560,false],"thumbnail":["https:\/\/www.ferberpainting.com\/wp-content\/uploads\/2025\/05\/PipeLeakStopper_4000x4000_589fc868-2337-47b1-a90f-ca2f1ac9c7bd-150x150.png",150,150,true],"medium":["https:\/\/www.ferberpainting.com\/wp-content\/uploads\/2025\/05\/PipeLeakStopper_4000x4000_589fc868-2337-47b1-a90f-ca2f1ac9c7bd-300x300.png",300,300,true],"medium_large":["https:\/\/www.ferberpainting.com\/wp-content\/uploads\/2025\/05\/PipeLeakStopper_4000x4000_589fc868-2337-47b1-a90f-ca2f1ac9c7bd-768x768.png",768,768,true],"large":["https:\/\/www.ferberpainting.com\/wp-content\/uploads\/2025\/05\/PipeLeakStopper_4000x4000_589fc868-2337-47b1-a90f-ca2f1ac9c7bd-1024x1024.png",1024,1024,true],"1536x1536":["https:\/\/www.ferberpainting.com\/wp-content\/uploads\/2025\/05\/PipeLeakStopper_4000x4000_589fc868-2337-47b1-a90f-ca2f1ac9c7bd-1536x1536.png",1536,1536,true],"2048x2048":["https:\/\/www.ferberpainting.com\/wp-content\/uploads\/2025\/05\/PipeLeakStopper_4000x4000_589fc868-2337-47b1-a90f-ca2f1ac9c7bd-2048x2048.png",2048,2048,true],"trp-custom-language-flag":["https:\/\/www.ferberpainting.com\/wp-content\/uploads\/2025\/05\/PipeLeakStopper_4000x4000_589fc868-2337-47b1-a90f-ca2f1ac9c7bd-12x12.png",12,12,true],"woocommerce_thumbnail":["https:\/\/www.ferberpainting.com\/wp-content\/uploads\/2025\/05\/PipeLeakStopper_4000x4000_589fc868-2337-47b1-a90f-ca2f1ac9c7bd-300x300.png",300,300,true],"woocommerce_single":["https:\/\/www.ferberpainting.com\/wp-content\/uploads\/2025\/05\/PipeLeakStopper_4000x4000_589fc868-2337-47b1-a90f-ca2f1ac9c7bd-600x600.png",600,600,true],"woocommerce_gallery_thumbnail":["https:\/\/www.ferberpainting.com\/wp-content\/uploads\/2025\/05\/PipeLeakStopper_4000x4000_589fc868-2337-47b1-a90f-ca2f1ac9c7bd-100x100.png",100,100,true]},"uagb_author_info":{"display_name":"admin","author_link":"https:\/\/www.ferberpainting.com\/pl\/author\/"},"uagb_comment_info":59,"uagb_excerpt":"Stops water leaks quickly and effectively from the inside. Our pipe leak stopper is specially formulated to seal micro-leaks and small cracks in plumbing systems from within, without the need for destructive work. It circulates through the system and automatically locates leak points, forming a durable internal seal that restores integrity and prevents further water&hellip;","_links":{"self":[{"href":"https:\/\/www.ferberpainting.com\/pl\/wp-json\/wp\/v2\/product\/24775","targetHints":{"allow":["GET"]}}],"collection":[{"href":"https:\/\/www.ferberpainting.com\/pl\/wp-json\/wp\/v2\/product"}],"about":[{"href":"https:\/\/www.ferberpainting.com\/pl\/wp-json\/wp\/v2\/types\/product"}],"replies":[{"embeddable":true,"href":"https:\/\/www.ferberpainting.com\/pl\/wp-json\/wp\/v2\/comments?post=24775"}],"version-history":[{"count":3,"href":"https:\/\/www.ferberpainting.com\/pl\/wp-json\/wp\/v2\/product\/24775\/revisions"}],"predecessor-version":[{"id":166969,"href":"https:\/\/www.ferberpainting.com\/pl\/wp-json\/wp\/v2\/product\/24775\/revisions\/166969"}],"wp:featuredmedia":[{"embeddable":true,"href":"https:\/\/www.ferberpainting.com\/pl\/wp-json\/wp\/v2\/media\/26630"}],"wp:attachment":[{"href":"https:\/\/www.ferberpainting.com\/pl\/wp-json\/wp\/v2\/media?parent=24775"}],"wp:term":[{"taxonomy":"product_brand","embeddable":true,"href":"https:\/\/www.ferberpainting.com\/pl\/wp-json\/wp\/v2\/product_brand?post=24775"},{"taxonomy":"product_cat","embeddable":true,"href":"https:\/\/www.ferberpainting.com\/pl\/wp-json\/wp\/v2\/product_cat?post=24775"},{"taxonomy":"product_tag","embeddable":true,"href":"https:\/\/www.ferberpainting.com\/pl\/wp-json\/wp\/v2\/product_tag?post=24775"}],"curies":[{"name":"wp","href":"https:\/\/api.w.org\/{rel}","templated":true}]}}