{"id":24744,"date":"2025-05-26T10:26:54","date_gmt":"2025-05-26T08:26:54","guid":{"rendered":"https:\/\/www.ferberpainting.com\/products\/paint-hardener\/"},"modified":"2026-02-15T23:16:32","modified_gmt":"2026-02-15T22:16:32","slug":"paint-hardener","status":"publish","type":"product","link":"https:\/\/www.ferberpainting.com\/pl\/products\/paint-hardener\/","title":{"rendered":"Utwardzacz do farby"},"content":{"rendered":"<p><strong><img decoding=\"async\" style=\"margin-right: 12px;\" src=\"https:\/\/www.ferberpainting.com\/wp-content\/uploads\/2026\/02\/Check.svg\" alt=\"\" width=\"18\" height=\"15\" \/>Wzmocnienie i poprawa wydajno\u015bci farby.<\/strong>\u00a0Ten utwardzacz do farb zosta\u0142 specjalnie zaprojektowany w celu zwi\u0119kszenia odporno\u015bci i trwa\u0142o\u015bci pow\u0142ok. Poprawia przyczepno\u015b\u0107, twardo\u015b\u0107 i trwa\u0142o\u015b\u0107 farb nak\u0142adanych na r\u00f3\u017cne powierzchnie, zmniejszaj\u0105c w ten spos\u00f3b ryzyko \u0142uszczenia, zarysowania i przedwczesnego zu\u017cycia. Nadaje si\u0119 zar\u00f3wno do farb dekoracyjnych, jak i pow\u0142ok przemys\u0142owych, zapewniaj\u0105c optymaln\u0105 d\u0142ugoterminow\u0105 ochron\u0119.<\/p>\n<p><strong><img decoding=\"async\" style=\"margin-right: 12px;\" src=\"https:\/\/www.ferberpainting.com\/wp-content\/uploads\/2026\/02\/Check.svg\" alt=\"\" width=\"18\" height=\"15\" \/>Gwarancja zwrotu pieni\u0119dzy.<\/strong>\u00a0Mamy pe\u0142ne zaufanie do skuteczno\u015bci naszego utwardzacza do farb, dlatego oferujemy gwarancj\u0119 zwrotu pieni\u0119dzy. Je\u015bli produkt nie spe\u0142ni Twoich oczekiwa\u0144 po zastosowaniu zgodnie z instrukcj\u0105, mo\u017cesz za\u017c\u0105da\u0107 bezwarunkowego zwrotu pieni\u0119dzy, zapewniaj\u0105c bezpieczny i wolny od ryzyka zakup.<\/p>\n<p><strong><img decoding=\"async\" style=\"margin-right: 12px;\" src=\"https:\/\/www.ferberpainting.com\/wp-content\/uploads\/2026\/02\/Check.svg\" alt=\"\" width=\"18\" height=\"15\" \/>Kompatybilny z szerok\u0105 gam\u0105 farb i materia\u0142\u00f3w.<\/strong>\u00a0Utwardzacz nadaje si\u0119 do farb akrylowych, gliceroftalowych, alkidowych, epoksydowych i poliuretanowych. Mo\u017ce by\u0107 stosowany na powierzchniach betonowych, metalowych, drewnianych, gipsowych, cementowych i plastikowych, oferuj\u0105c maksymaln\u0105 wszechstronno\u015b\u0107 w projektach renowacyjnych, konserwacyjnych i wyko\u0144czeniowych.<\/p>\n<p><strong><img decoding=\"async\" style=\"margin-right: 12px;\" src=\"https:\/\/www.ferberpainting.com\/wp-content\/uploads\/2026\/02\/Check.svg\" alt=\"\" width=\"18\" height=\"15\" \/>Doskona\u0142a wydajno\u015b\u0107 ekonomiczna.<\/strong>\u00a0Dzi\u0119ki zoptymalizowanemu st\u0119\u017ceniu, jeden litr utwardzacza wystarcza na 5 litr\u00f3w farby, oferuj\u0105c ekonomiczne i wydajne rozwi\u0105zanie. Jego formu\u0142a znacznie poprawia odporno\u015b\u0107 farby, zmniejszaj\u0105c potrzeb\u0119 poprawek lub nowych aplikacji, zapewniaj\u0105c d\u0142ugoterminow\u0105 redukcj\u0119 koszt\u00f3w.<\/p>\n<p><strong><img decoding=\"async\" style=\"margin-right: 12px;\" src=\"https:\/\/www.ferberpainting.com\/wp-content\/uploads\/2026\/02\/Check.svg\" alt=\"\" width=\"18\" height=\"15\" \/>Produkt bezpieczny i wolny od zagro\u017ce\u0144 dla u\u017cytkownik\u00f3w.<\/strong>\u00a0Utwardzacz nie zawiera toksycznych rozpuszczalnik\u00f3w ani szkodliwych substancji. Nie wydziela agresywnych opar\u00f3w i mo\u017ce by\u0107 bezpiecznie stosowany bez specjalnego sprz\u0119tu ochronnego. Nadaje si\u0119 do stosowania w pomieszczeniach i na zewn\u0105trz, zapewniaj\u0105c wolne od ryzyka u\u017cytkowanie przez osoby przebywaj\u0105ce w tych pomieszczeniach.<\/p>\n<p><strong><img decoding=\"async\" style=\"margin-right: 12px;\" src=\"https:\/\/www.ferberpainting.com\/wp-content\/uploads\/2026\/02\/Check.svg\" alt=\"\" width=\"18\" height=\"15\" \/>\u0141atwo\u015b\u0107 u\u017cytkowania i optymalna kompatybilno\u015b\u0107.<\/strong>\u00a0Utwardzacz ten \u0142atwo integruje si\u0119 z farb\u0105 bez konieczno\u015bci wykonywania skomplikowanych czynno\u015bci. Miesza si\u0119 bezpo\u015brednio z farb\u0105 przed aplikacj\u0105, zapewniaj\u0105c jednolit\u0105 dyspersj\u0119 i natychmiastow\u0105 popraw\u0119 wydajno\u015bci pow\u0142oki. Jego u\u017cycie nie zmienia koloru ani tekstury farby, zapewniaj\u0105c wyko\u0144czenie wierne orygina\u0142owi.<\/p>\n<p><strong><img decoding=\"async\" style=\"margin-right: 12px;\" src=\"https:\/\/www.ferberpainting.com\/wp-content\/uploads\/2026\/02\/Check.svg\" alt=\"\" width=\"18\" height=\"15\" \/>Zwi\u0119kszona trwa\u0142o\u015b\u0107 dla odpornych powierzchni.<\/strong>\u00a0Po zmieszaniu z farb\u0105 utwardzacz ten wzmacnia struktur\u0119 pow\u0142oki ochronnej, znacznie zwi\u0119kszaj\u0105c jej odporno\u015b\u0107 na uderzenia, \u015bcieranie i agresj\u0119 zewn\u0119trzn\u0105. Skutecznie chroni przed zarysowaniami, plamami i wilgoci\u0105, wyd\u0142u\u017caj\u0105c \u017cywotno\u015b\u0107 malowanych powierzchni i zmniejszaj\u0105c koszty konserwacji.<\/p>\n<p><strong><img decoding=\"async\" style=\"margin-right: 12px;\" src=\"https:\/\/www.ferberpainting.com\/wp-content\/uploads\/2026\/02\/Check.svg\" alt=\"\" width=\"18\" height=\"15\" \/>Szybkie suszenie dla znacznej oszcz\u0119dno\u015bci czasu.<\/strong>\u00a0Optymalizuj\u0105c polimeryzacj\u0119 farby, utwardzacz ten przyspiesza czas schni\u0119cia, zapewniaj\u0105c jednocze\u015bnie szybki rozw\u00f3j odporno\u015bci pow\u0142oki. Dzi\u0119ki temu powierzchnie mog\u0105 by\u0107 gotowe do u\u017cycia w ci\u0105gu zaledwie kilku godzin, w zale\u017cno\u015bci od warunk\u00f3w otoczenia, co znacznie skraca czas oczekiwania mi\u0119dzy r\u00f3\u017cnymi etapami projektu.<\/p>\n<h2><strong>Protok\u00f3\u0142 u\u017cytkowania<\/strong><\/h2>\n<ul>\n<li><strong>Przygotowanie farby <\/strong>: Upewni\u0107 si\u0119, \u017ce farba, do kt\u00f3rej zostanie dodany utwardzacz, jest czysta i dobrze wymieszana. Je\u015bli farba osiad\u0142a, wymieszaj j\u0105 przed dodaniem utwardzacza, aby zagwarantowa\u0107 r\u00f3wnomierne rozprowadzenie.<\/li>\n<li><strong>Zalecane dawkowanie <\/strong>: Doda\u0107 od 5% do 20% utwardzacza w stosunku do ca\u0142kowitej obj\u0119to\u015bci farby, w zale\u017cno\u015bci od po\u017c\u0105danego poziomu wzmocnienia. W przypadku farb nara\u017conych na ekstremalne warunki (wilgo\u0107, cz\u0119ste wstrz\u0105sy, \u015bcieranie) nale\u017cy wybra\u0107 wy\u017csz\u0105 dawk\u0119.<\/li>\n<li><strong>Jednorodne mieszanie <\/strong>: Stopniowo dodawa\u0107 utwardzacz do farby podczas ci\u0105g\u0142ego mieszania za pomoc\u0105 mieszad\u0142a r\u0119cznego lub elektrycznego. Upewni\u0107 si\u0119, \u017ce mieszanina jest p\u0142ynna i jednorodna, aby unikn\u0105\u0107 rozdzielenia sk\u0142adnik\u00f3w.<\/li>\n<li><strong>Nak\u0142adanie utwardzonej farby <\/strong>: Nak\u0142ada\u0107 farb\u0119 jak zwykle, u\u017cywaj\u0105c wa\u0142ka, p\u0119dzla lub pistoletu natryskowego, w zale\u017cno\u015bci od pokrywanego obszaru. Utwardzacz nie zmienia metody aplikacji, umo\u017cliwiaj\u0105c g\u0142adkie i jednolite pokrycie.<\/li>\n<li><strong>Czas schni\u0119cia <\/strong>: Pozostawi\u0107 farb\u0119 do wyschni\u0119cia zgodnie z czasem schni\u0119cia podanym na opakowaniu farby. Ze wzgl\u0119du na dzia\u0142anie utwardzacza, suszenie b\u0119dzie trwa\u0142o zazwyczaj <strong>szybciej ni\u017c normalnie<\/strong>, skracaj\u0105c czas oczekiwania przed na\u0142o\u017ceniem drugiej warstwy lub oddaniem powierzchni do u\u017cytku.<\/li>\n<li><strong>Ca\u0142kowite utwardzenie <\/strong>: Aby uzyska\u0107 optymaln\u0105 odporno\u015b\u0107, nale\u017cy unika\u0107 intensywnego u\u017cytkowania lub obci\u0105\u017cania pomalowanej powierzchni przez 24 do 48 godzin po aplikacji. Po tym okresie pow\u0142oka osi\u0105ga maksymaln\u0105 twardo\u015b\u0107 i jest w pe\u0142ni odporna na obci\u0105\u017cenia mechaniczne i klimatyczne.<\/li>\n<li><strong>Czyszczenie narz\u0119dzi <\/strong>: Natychmiast po u\u017cyciu wyczy\u015b\u0107 p\u0119dzle, wa\u0142ki i pistolety natryskowe zalecanym rozpuszczalnikiem odpowiadaj\u0105cym u\u017cywanej farbie (woda do farb akrylowych, benzyna lakowa do farb gliceroftalowych).<\/li>\n<\/ul>","protected":false},"excerpt":{"rendered":"<p>Strengthening and improving paint performance.\u00a0This paint hardener is specially designed to enhance the resistance and durability of coatings. It improves adhesion, hardness, and longevity of paints applied to various surfaces, thereby reducing risks of peeling, scratching, and premature wear. It is equally suitable for decorative paints and industrial coatings, providing optimal long-term protection. Money-back guarantee.\u00a0We [&hellip;]<\/p>\n","protected":false},"featured_media":26609,"comment_status":"open","ping_status":"closed","template":"","meta":{"_uag_custom_page_level_css":"","site-sidebar-layout":"default","site-content-layout":"","ast-site-content-layout":"default","site-content-style":"default","site-sidebar-style":"default","ast-global-header-display":"","ast-banner-title-visibility":"","ast-main-header-display":"","ast-hfb-above-header-display":"","ast-hfb-below-header-display":"","ast-hfb-mobile-header-display":"","site-post-title":"","ast-breadcrumbs-content":"","ast-featured-img":"","footer-sml-layout":"","ast-disable-related-posts":"","theme-transparent-header-meta":"default","adv-header-id-meta":"","stick-header-meta":"","header-above-stick-meta":"","header-main-stick-meta":"","header-below-stick-meta":"","astra-migrate-meta-layouts":"set","ast-page-background-enabled":"default","ast-page-background-meta":{"desktop":{"background-color":"var(--ast-global-color-4)","background-image":"","background-repeat":"repeat","background-position":"center center","background-size":"auto","background-attachment":"scroll","background-type":"","background-media":"","overlay-type":"","overlay-color":"","overlay-opacity":"","overlay-gradient":""},"tablet":{"background-color":"","background-image":"","background-repeat":"repeat","background-position":"center center","background-size":"auto","background-attachment":"scroll","background-type":"","background-media":"","overlay-type":"","overlay-color":"","overlay-opacity":"","overlay-gradient":""},"mobile":{"background-color":"","background-image":"","background-repeat":"repeat","background-position":"center center","background-size":"auto","background-attachment":"scroll","background-type":"","background-media":"","overlay-type":"","overlay-color":"","overlay-opacity":"","overlay-gradient":""}},"ast-content-background-meta":{"desktop":{"background-color":"var(--ast-global-color-5)","background-image":"","background-repeat":"repeat","background-position":"center center","background-size":"auto","background-attachment":"scroll","background-type":"","background-media":"","overlay-type":"","overlay-color":"","overlay-opacity":"","overlay-gradient":""},"tablet":{"background-color":"var(--ast-global-color-5)","background-image":"","background-repeat":"repeat","background-position":"center center","background-size":"auto","background-attachment":"scroll","background-type":"","background-media":"","overlay-type":"","overlay-color":"","overlay-opacity":"","overlay-gradient":""},"mobile":{"background-color":"var(--ast-global-color-5)","background-image":"","background-repeat":"repeat","background-position":"center center","background-size":"auto","background-attachment":"scroll","background-type":"","background-media":"","overlay-type":"","overlay-color":"","overlay-opacity":"","overlay-gradient":""}}},"product_brand":[],"product_cat":[175,176],"product_tag":[],"class_list":{"0":"post-24744","1":"product","2":"type-product","3":"status-publish","4":"has-post-thumbnail","6":"product_cat-cleaning-products","7":"product_cat-concrete-treatment","8":"desktop-align-left","9":"tablet-align-left","10":"mobile-align-left","12":"first","13":"instock","14":"sale","15":"shipping-taxable","16":"purchasable","17":"product-type-variable","18":"has-default-attributes"},"spectra_custom_meta":{"_visibility":["visible"],"_shopify_product_id":["9059953213685"],"_s2w_shopify_domain":["ferberpainting.myshopify.com"],"_shopify_variant_id":["46482342019317"],"_sku":[""],"_manage_stock":["no"],"total_sales":["36"],"_tax_status":["taxable"],"_tax_class":[""],"_backorders":["no"],"_sold_individually":["no"],"_virtual":["no"],"_downloadable":["no"],"_download_limit":["-1"],"_download_expiry":["-1"],"_stock":[null],"_stock_status":["instock"],"_wc_average_rating":["4.83"],"_wc_review_count":["6"],"_product_attributes":["a:1:{s:6:\"volume\";a:6:{s:4:\"name\";s:6:\"Volume\";s:5:\"value\";s:20:\"5 liters | 25 liters\";s:8:\"position\";i:1;s:10:\"is_visible\";i:0;s:12:\"is_variation\";i:1;s:11:\"is_taxonomy\";i:0;}}"],"_product_version":["10.5.1"],"_thumbnail_id":["26609"],"_product_image_gallery":["26610"],"wpse_downloadable_file_names":[""],"wpse_downloadable_file_urls":[""],"_edit_last":["1"],"_default_attributes":["a:1:{s:6:\"volume\";s:8:\"5 liters\";}"],"_edit_lock":["1771193653:1"],"_price":["29.90","129.90"],"merchant-center-availability":["yes"],"merchant-center-category":["2277"],"_wp_page_template":["default"],"site-sidebar-layout":["default"],"ast-site-content-layout":["default"],"site-content-style":["default"],"site-sidebar-style":["default"],"theme-transparent-header-meta":["default"],"_wc_rating_count":["a:2:{i:4;i:1;i:5;i:5;}"],"astra-migrate-meta-layouts":["set"],"_uag_css_file_name":["uag-css-24744.css"],"_elementor_page_assets":["a:0:{}"],"_uag_page_assets":["a:9:{s:3:\"css\";s:6873:\".wp-block-uagb-image{display:flex}.wp-block-uagb-image__figure{position:relative;display:flex;flex-direction:column;max-width:100%;height:auto;margin:0}.wp-block-uagb-image__figure img{height:auto;display:flex;max-width:100%;transition:box-shadow .2s ease}.wp-block-uagb-image__figure>a{display:inline-block}.wp-block-uagb-image__figure figcaption{text-align:center;margin-top:.5em;margin-bottom:1em}.wp-block-uagb-image .components-placeholder.block-editor-media-placeholder .components-placeholder__instructions{align-self:center}.wp-block-uagb-image--align-left{text-align:left}.wp-block-uagb-image--align-right{text-align:right}.wp-block-uagb-image--align-center{text-align:center}.wp-block-uagb-image--align-full .wp-block-uagb-image__figure{margin-left:calc(50% - 50vw);margin-right:calc(50% - 50vw);max-width:100vw;width:100vw;height:auto}.wp-block-uagb-image--align-full .wp-block-uagb-image__figure img{height:auto;width:100% !important}.wp-block-uagb-image--align-wide .wp-block-uagb-image__figure img{height:auto;width:100%}.wp-block-uagb-image--layout-overlay__color-wrapper{position:absolute;left:0;top:0;right:0;bottom:0;opacity:.2;background:rgba(0,0,0,.5);transition:opacity .35s ease-in-out}.wp-block-uagb-image--layout-overlay-link{position:absolute;left:0;right:0;bottom:0;top:0}.wp-block-uagb-image--layout-overlay .wp-block-uagb-image__figure:hover .wp-block-uagb-image--layout-overlay__color-wrapper{opacity:1}.wp-block-uagb-image--layout-overlay__inner{position:absolute;left:15px;right:15px;bottom:15px;top:15px;display:flex;align-items:center;justify-content:center;flex-direction:column;border-color:#fff;transition:.35s ease-in-out}.wp-block-uagb-image--layout-overlay__inner.top-left,.wp-block-uagb-image--layout-overlay__inner.top-center,.wp-block-uagb-image--layout-overlay__inner.top-right{justify-content:flex-start}.wp-block-uagb-image--layout-overlay__inner.bottom-left,.wp-block-uagb-image--layout-overlay__inner.bottom-center,.wp-block-uagb-image--layout-overlay__inner.bottom-right{justify-content:flex-end}.wp-block-uagb-image--layout-overlay__inner.top-left,.wp-block-uagb-image--layout-overlay__inner.center-left,.wp-block-uagb-image--layout-overlay__inner.bottom-left{align-items:flex-start}.wp-block-uagb-image--layout-overlay__inner.top-right,.wp-block-uagb-image--layout-overlay__inner.center-right,.wp-block-uagb-image--layout-overlay__inner.bottom-right{align-items:flex-end}.wp-block-uagb-image--layout-overlay__inner .uagb-image-heading{color:#fff;transition:transform .35s,opacity .35s ease-in-out;transform:translate3d(0, 24px, 0);margin:0;line-height:1em}.wp-block-uagb-image--layout-overlay__inner .uagb-image-separator{width:30%;border-top-width:2px;border-top-color:#fff;border-top-style:solid;margin-bottom:10px;opacity:0;transition:transform .4s,opacity .4s ease-in-out;transform:translate3d(0, 30px, 0)}.wp-block-uagb-image--layout-overlay__inner .uagb-image-caption{opacity:0;overflow:visible;color:#fff;transition:transform .45s,opacity .45s ease-in-out;transform:translate3d(0, 35px, 0)}.wp-block-uagb-image--layout-overlay__inner:hover .uagb-image-heading,.wp-block-uagb-image--layout-overlay__inner:hover .uagb-image-separator,.wp-block-uagb-image--layout-overlay__inner:hover .uagb-image-caption{opacity:1;transform:translate3d(0, 0, 0)}.wp-block-uagb-image--effect-zoomin .wp-block-uagb-image__figure img,.wp-block-uagb-image--effect-zoomin .wp-block-uagb-image__figure .wp-block-uagb-image--layout-overlay__color-wrapper{transform:scale(1);transition:transform .35s ease-in-out}.wp-block-uagb-image--effect-zoomin .wp-block-uagb-image__figure:hover img,.wp-block-uagb-image--effect-zoomin .wp-block-uagb-image__figure:hover .wp-block-uagb-image--layout-overlay__color-wrapper{transform:scale(1.05)}.wp-block-uagb-image--effect-slide .wp-block-uagb-image__figure img,.wp-block-uagb-image--effect-slide .wp-block-uagb-image__figure .wp-block-uagb-image--layout-overlay__color-wrapper{width:calc(100% + 40px) !important;max-width:none !important;transform:translate3d(-40px, 0, 0);transition:transform .35s ease-in-out}.wp-block-uagb-image--effect-slide .wp-block-uagb-image__figure:hover img,.wp-block-uagb-image--effect-slide .wp-block-uagb-image__figure:hover .wp-block-uagb-image--layout-overlay__color-wrapper{transform:translate3d(0, 0, 0)}.wp-block-uagb-image--effect-grayscale img{filter:grayscale(0%);transition:.35s ease-in-out}.wp-block-uagb-image--effect-grayscale:hover img{filter:grayscale(100%)}.wp-block-uagb-image--effect-blur img{filter:blur(0);transition:.35s ease-in-out}.wp-block-uagb-image--effect-blur:hover img{filter:blur(3px)}.uagb-block-e6f939b3.wp-block-uagb-image--layout-default figure img{box-shadow: 0px 0px 0 #00000070;}.uagb-block-e6f939b3.wp-block-uagb-image .wp-block-uagb-image__figure figcaption{font-style: normal;align-self: center;}.uagb-block-e6f939b3.wp-block-uagb-image--layout-overlay figure img{box-shadow: 0px 0px 0 #00000070;}.uagb-block-e6f939b3.wp-block-uagb-image--layout-overlay .wp-block-uagb-image--layout-overlay__color-wrapper{opacity: 0.2;}.uagb-block-e6f939b3.wp-block-uagb-image--layout-overlay .wp-block-uagb-image--layout-overlay__inner{left: 15px;right: 15px;top: 15px;bottom: 15px;}.uagb-block-e6f939b3.wp-block-uagb-image--layout-overlay .wp-block-uagb-image--layout-overlay__inner .uagb-image-heading{font-style: normal;color: #fff;opacity: 1;}.uagb-block-e6f939b3.wp-block-uagb-image--layout-overlay .wp-block-uagb-image--layout-overlay__inner .uagb-image-heading a{color: #fff;}.uagb-block-e6f939b3.wp-block-uagb-image--layout-overlay .wp-block-uagb-image--layout-overlay__inner .uagb-image-caption{opacity: 0;}.uagb-block-e6f939b3.wp-block-uagb-image--layout-overlay .wp-block-uagb-image__figure:hover .wp-block-uagb-image--layout-overlay__color-wrapper{opacity: 1;}.uagb-block-e6f939b3.wp-block-uagb-image .wp-block-uagb-image--layout-overlay__inner .uagb-image-separator{width: 30%;border-top-width: 2px;border-top-color: #fff;opacity: 0;}.uagb-block-e6f939b3.wp-block-uagb-image .wp-block-uagb-image__figure img{width: px;height: auto;}.uagb-block-e6f939b3.wp-block-uagb-image .wp-block-uagb-image__figure:hover .wp-block-uagb-image--layout-overlay__inner .uagb-image-caption{opacity: 1;}.uagb-block-e6f939b3.wp-block-uagb-image .wp-block-uagb-image__figure:hover .wp-block-uagb-image--layout-overlay__inner .uagb-image-separator{opacity: 1;}.uagb-block-e6f939b3.wp-block-uagb-image--layout-default figure:hover img{box-shadow: 0px 0px 0 #00000070;}.uagb-block-e6f939b3.wp-block-uagb-image--layout-overlay figure:hover img{box-shadow: 0px 0px 0 #00000070;}@media only screen and (max-width: 976px) {.uagb-block-e6f939b3.wp-block-uagb-image .wp-block-uagb-image__figure img{width: px;height: auto;}}@media only screen and (max-width: 767px) {.uagb-block-e6f939b3.wp-block-uagb-image .wp-block-uagb-image__figure img{width: px;height: auto;}}\";s:2:\"js\";s:0:\"\";s:18:\"current_block_list\";a:13:{i:0;s:11:\"core\/search\";i:1;s:10:\"core\/group\";i:2;s:12:\"core\/heading\";i:3;s:17:\"core\/latest-posts\";i:4;s:20:\"core\/latest-comments\";i:5;s:13:\"core\/archives\";i:6;s:15:\"core\/categories\";i:7;s:14:\"core\/paragraph\";i:8;s:10:\"uagb\/image\";i:9;s:11:\"core\/spacer\";i:10;s:30:\"woocommerce\/product-categories\";i:11;s:10:\"core\/image\";i:12;s:14:\"core\/shortcode\";}s:8:\"uag_flag\";b:1;s:11:\"uag_version\";s:10:\"1777101475\";s:6:\"gfonts\";a:0:{}s:10:\"gfonts_url\";s:0:\"\";s:12:\"gfonts_files\";a:0:{}s:14:\"uag_faq_layout\";b:0;}"]},"uagb_featured_image_src":{"full":["https:\/\/www.ferberpainting.com\/wp-content\/uploads\/2025\/05\/PaintHardener5L.png",2560,2560,false],"thumbnail":["https:\/\/www.ferberpainting.com\/wp-content\/uploads\/2025\/05\/PaintHardener5L-150x150.png",150,150,true],"medium":["https:\/\/www.ferberpainting.com\/wp-content\/uploads\/2025\/05\/PaintHardener5L-300x300.png",300,300,true],"medium_large":["https:\/\/www.ferberpainting.com\/wp-content\/uploads\/2025\/05\/PaintHardener5L-768x768.png",768,768,true],"large":["https:\/\/www.ferberpainting.com\/wp-content\/uploads\/2025\/05\/PaintHardener5L-1024x1024.png",1024,1024,true],"1536x1536":["https:\/\/www.ferberpainting.com\/wp-content\/uploads\/2025\/05\/PaintHardener5L-1536x1536.png",1536,1536,true],"2048x2048":["https:\/\/www.ferberpainting.com\/wp-content\/uploads\/2025\/05\/PaintHardener5L-2048x2048.png",2048,2048,true],"trp-custom-language-flag":["https:\/\/www.ferberpainting.com\/wp-content\/uploads\/2025\/05\/PaintHardener5L-12x12.png",12,12,true],"woocommerce_thumbnail":["https:\/\/www.ferberpainting.com\/wp-content\/uploads\/2025\/05\/PaintHardener5L-300x300.png",300,300,true],"woocommerce_single":["https:\/\/www.ferberpainting.com\/wp-content\/uploads\/2025\/05\/PaintHardener5L-600x600.png",600,600,true],"woocommerce_gallery_thumbnail":["https:\/\/www.ferberpainting.com\/wp-content\/uploads\/2025\/05\/PaintHardener5L-100x100.png",100,100,true]},"uagb_author_info":{"display_name":"admin","author_link":"https:\/\/www.ferberpainting.com\/pl\/author\/"},"uagb_comment_info":6,"uagb_excerpt":"Strengthening and improving paint performance.\u00a0This paint hardener is specially designed to enhance the resistance and durability of coatings. It improves adhesion, hardness, and longevity of paints applied to various surfaces, thereby reducing risks of peeling, scratching, and premature wear. It is equally suitable for decorative paints and industrial coatings, providing optimal long-term protection. Money-back guarantee.\u00a0We&hellip;","_links":{"self":[{"href":"https:\/\/www.ferberpainting.com\/pl\/wp-json\/wp\/v2\/product\/24744","targetHints":{"allow":["GET"]}}],"collection":[{"href":"https:\/\/www.ferberpainting.com\/pl\/wp-json\/wp\/v2\/product"}],"about":[{"href":"https:\/\/www.ferberpainting.com\/pl\/wp-json\/wp\/v2\/types\/product"}],"replies":[{"embeddable":true,"href":"https:\/\/www.ferberpainting.com\/pl\/wp-json\/wp\/v2\/comments?post=24744"}],"version-history":[{"count":3,"href":"https:\/\/www.ferberpainting.com\/pl\/wp-json\/wp\/v2\/product\/24744\/revisions"}],"predecessor-version":[{"id":166671,"href":"https:\/\/www.ferberpainting.com\/pl\/wp-json\/wp\/v2\/product\/24744\/revisions\/166671"}],"wp:featuredmedia":[{"embeddable":true,"href":"https:\/\/www.ferberpainting.com\/pl\/wp-json\/wp\/v2\/media\/26609"}],"wp:attachment":[{"href":"https:\/\/www.ferberpainting.com\/pl\/wp-json\/wp\/v2\/media?parent=24744"}],"wp:term":[{"taxonomy":"product_brand","embeddable":true,"href":"https:\/\/www.ferberpainting.com\/pl\/wp-json\/wp\/v2\/product_brand?post=24744"},{"taxonomy":"product_cat","embeddable":true,"href":"https:\/\/www.ferberpainting.com\/pl\/wp-json\/wp\/v2\/product_cat?post=24744"},{"taxonomy":"product_tag","embeddable":true,"href":"https:\/\/www.ferberpainting.com\/pl\/wp-json\/wp\/v2\/product_tag?post=24744"}],"curies":[{"name":"wp","href":"https:\/\/api.w.org\/{rel}","templated":true}]}}