{"id":24732,"date":"2025-05-26T10:26:50","date_gmt":"2025-05-26T08:26:50","guid":{"rendered":"https:\/\/www.ferberpainting.com\/products\/orchid-fertilizer\/"},"modified":"2026-02-15T22:45:15","modified_gmt":"2026-02-15T21:45:15","slug":"orchid-fertilizer","status":"publish","type":"product","link":"https:\/\/www.ferberpainting.com\/pl\/products\/orchid-fertilizer\/","title":{"rendered":"Naw\u00f3z do storczyk\u00f3w"},"content":{"rendered":"<p><strong><img decoding=\"async\" style=\"margin-right: 12px;\" src=\"https:\/\/www.ferberpainting.com\/wp-content\/uploads\/2026\/02\/Check.svg\" alt=\"\" width=\"18\" height=\"15\" \/>Kompletny naw\u00f3z dla storczyk\u00f3w w doskona\u0142ym zdrowiu.<\/strong>\u00a0Ten naw\u00f3z do storczyk\u00f3w zosta\u0142 specjalnie opracowany, aby zapewni\u0107 wszystkie niezb\u0119dne sk\u0142adniki od\u017cywcze dla wzrostu, kwitnienia i witalno\u015bci storczyk\u00f3w. Dzi\u0119ki doskona\u0142ej r\u00f3wnowadze azotu (N), fosforu (P) i potasu (K) z formu\u0142\u0105 NPK 15-15-15, wspomaga rozw\u00f3j korzeni, li\u015bci i kwiat\u00f3w, zapewniaj\u0105c obfite i d\u0142ugotrwa\u0142e kwitnienie.<\/p>\n<p><strong><img decoding=\"async\" style=\"margin-right: 12px;\" src=\"https:\/\/www.ferberpainting.com\/wp-content\/uploads\/2026\/02\/Check.svg\" alt=\"\" width=\"18\" height=\"15\" \/>Gwarancja zwrotu pieni\u0119dzy.<\/strong>\u00a0Jeste\u015bmy przekonani o skuteczno\u015bci naszego nawozu do storczyk\u00f3w. Dlatego oferujemy gwarancj\u0119 zwrotu pieni\u0119dzy. Je\u015bli po zastosowaniu zgodnie z zaleceniami nie b\u0119dziesz w pe\u0142ni zadowolony z wynik\u00f3w, masz mo\u017cliwo\u015b\u0107 za\u017c\u0105dania zwrotu pieni\u0119dzy bez \u017cadnych warunk\u00f3w, zapewniaj\u0105c bezpieczny i wolny od ryzyka zakup.<\/p>\n<p><strong><img decoding=\"async\" style=\"margin-right: 12px;\" src=\"https:\/\/www.ferberpainting.com\/wp-content\/uploads\/2026\/02\/Check.svg\" alt=\"\" width=\"18\" height=\"15\" \/>Odpowiedni dla wszystkich odmian storczyk\u00f3w.<\/strong>\u00a0Naw\u00f3z ten jest odpowiedni dla phalaenopsis, cattleya, dendrobium, vanda, oncidium i innych odmian tropikalnych. Mo\u017ce by\u0107 r\u00f3wnie\u017c stosowany do storczyk\u00f3w w pomieszczeniach lub w szklarni, zapewniaj\u0105c optymalny wzrost niezale\u017cnie od zastosowanej metody uprawy.<\/p>\n<p><strong><img decoding=\"async\" style=\"margin-right: 12px;\" src=\"https:\/\/www.ferberpainting.com\/wp-content\/uploads\/2026\/02\/Check.svg\" alt=\"\" width=\"18\" height=\"15\" \/>Zoptymalizowana wydajno\u015b\u0107 ekonomiczna dzi\u0119ki koncentracji.<\/strong>\u00a0Jego skoncentrowana formu\u0142a pozwala na przygotowanie do 1000 litr\u00f3w roztworu nawozowego w 5-litrowym pojemniku, zapewniaj\u0105c d\u0142ugotrwa\u0142e i ekonomiczne u\u017cytkowanie. Ka\u017cda aplikacja wymaga tylko niewielkiej ilo\u015bci rozcie\u0144czonego nawozu, co czyni go op\u0142acalnym rozwi\u0105zaniem zar\u00f3wno dla hobbyst\u00f3w, jak i kolekcjoner\u00f3w storczyk\u00f3w.<\/p>\n<p><strong><img decoding=\"async\" style=\"margin-right: 12px;\" src=\"https:\/\/www.ferberpainting.com\/wp-content\/uploads\/2026\/02\/Check.svg\" alt=\"\" width=\"18\" height=\"15\" \/>Bezpieczny naw\u00f3z bez ryzyka dla ro\u015blin i \u015brodowiska. <\/strong>Ten naw\u00f3z zosta\u0142 opracowany bez u\u017cycia agresywnych produkt\u00f3w chemicznych, zapewniaj\u0105c delikatne nawo\u017cenie, kt\u00f3re szanuje naturaln\u0105 r\u00f3wnowag\u0119 ro\u015bliny. Jest nieszkodliwy dla storczyk\u00f3w i nie pali korzeni, gdy jest stosowany zgodnie z zalecanymi dawkami. Mo\u017ce by\u0107 stosowany bez obaw do regularnego nawo\u017cenia, bez ryzyka toksyczno\u015bci dla \u015brodowiska domowego.<\/p>\n<p><strong><img decoding=\"async\" style=\"margin-right: 12px;\" src=\"https:\/\/www.ferberpainting.com\/wp-content\/uploads\/2026\/02\/Check.svg\" alt=\"\" width=\"18\" height=\"15\" \/>Prosta i szybka aplikacja zapewniaj\u0105ca widoczne rezultaty.<\/strong>\u00a0\u0141atwy w u\u017cyciu, naw\u00f3z ten jest po prostu rozcie\u0144czany w wodzie przed zastosowaniem, zapewniaj\u0105c szybkie wch\u0142anianie przez korzenie i li\u015bcie. Nadaje si\u0119 do nawo\u017cenia przez podlewanie lub opryskiwanie dolistne, zapewniaj\u0105c maksymaln\u0105 elastyczno\u015b\u0107 w dostosowaniu do specyficznych potrzeb ka\u017cdej odmiany orchidei.<\/p>\n<p><strong><img decoding=\"async\" style=\"margin-right: 12px;\" src=\"https:\/\/www.ferberpainting.com\/wp-content\/uploads\/2026\/02\/Check.svg\" alt=\"\" width=\"18\" height=\"15\" \/>Zwi\u0119kszona trwa\u0142o\u015b\u0107 i przed\u0142u\u017cone kwitnienie.<\/strong>\u00a0Dzi\u0119ki doskonale zbilansowanym sk\u0142adnikom od\u017cywczym naw\u00f3z ten sprzyja nie tylko intensywnemu wzrostowi, ale tak\u017ce przed\u0142u\u017conemu i powtarzaj\u0105cemu si\u0119 kwitnieniu. Wzmacnia odporno\u015b\u0107 storczyk\u00f3w na choroby i stres \u015brodowiskowy, wyd\u0142u\u017caj\u0105c w ten spos\u00f3b ich \u017cywotno\u015b\u0107 i maksymalizuj\u0105c potencja\u0142 kwitnienia rok po roku.<\/p>\n<p><strong><img decoding=\"async\" style=\"margin-right: 12px;\" src=\"https:\/\/www.ferberpainting.com\/wp-content\/uploads\/2026\/02\/Check.svg\" alt=\"\" width=\"18\" height=\"15\" \/>Szybkie efekty dla bardziej promiennych orchidei.<\/strong>\u00a0Ju\u017c od pierwszych aplikacji naw\u00f3z ten stymuluje wzrost korzeni i wzmacnia wybarwienie li\u015bci, nadaj\u0105c storczykom zdrowszy i bardziej energiczny wygl\u0105d. Po kilku tygodniach regularnego stosowania, pierwsze kwiaty s\u0105 wzmocnione, a czas ich trwania wyd\u0142u\u017ca si\u0119, zapewniaj\u0105c zapieraj\u0105ce dech w piersiach ro\u015bliny przez ca\u0142y rok.<\/p>\n<h2><strong>Protok\u00f3\u0142 u\u017cytkowania<\/strong><\/h2>\n<ul>\n<li><strong>Rozcie\u0144czanie nawozu <\/strong>: Wymiesza\u0107 5 ml nawozu na 1 litr wody. Ten roztw\u00f3r nawozowy musi by\u0107 dobrze zhomogenizowany przed ka\u017cdym zastosowaniem.<\/li>\n<li><strong>Metoda aplikacji <\/strong>: Rozcie\u0144czonego nawozu nale\u017cy u\u017cywa\u0107 do bezpo\u015bredniego podlewania u podstawy orchidei lub do opryskiwania dolistnego, uwa\u017caj\u0105c, aby woda nie gromadzi\u0142a si\u0119 w \u015brodku ro\u015bliny, aby zapobiec ryzyku gnicia.<\/li>\n<li><strong>Cz\u0119stotliwo\u015b\u0107 u\u017cytkowania <\/strong>: Stosowa\u0107 naw\u00f3z raz na dwa tygodnie w okresie aktywnego wzrostu (wiosna-lato) i raz w miesi\u0105cu w okresie spoczynku (jesie\u0144-zima), aby utrzyma\u0107 zr\u00f3wnowa\u017cone od\u017cywianie.<\/li>\n<li><strong>Dodatkowe nawadnianie <\/strong>: Po zastosowaniu nawozu nale\u017cy odczeka\u0107 co najmniej 24 godziny przed ponownym podlaniem, aby umo\u017cliwi\u0107 prawid\u0142owe wch\u0142anianie sk\u0142adnik\u00f3w od\u017cywczych przez ro\u015blin\u0119.<\/li>\n<li><strong>\u015arodki ostro\u017cno\u015bci dotycz\u0105ce u\u017cytkowania <\/strong>: Nie nale\u017cy przekracza\u0107 zalecanych dawek, poniewa\u017c nadmierne nawo\u017cenie mo\u017ce spowodowa\u0107 gromadzenie si\u0119 soli mineralnych w pod\u0142o\u017cu, co mo\u017ce zaszkodzi\u0107 zdrowiu korzeni.<\/li>\n<li><strong>Przechowywanie i konserwacja <\/strong>: Naw\u00f3z nale\u017cy przechowywa\u0107 w ch\u0142odnym, suchym miejscu, z dala od \u015bwiat\u0142a i poza zasi\u0119giem dzieci. Zawsze szczelnie zamykaj butelk\u0119 po u\u017cyciu, aby zapobiec parowaniu i zapewni\u0107 d\u0142ugotrwa\u0142\u0105 skuteczno\u015b\u0107 produktu.<\/li>\n<\/ul>\n<p>Ten naw\u00f3z do storczyk\u00f3w zapewnia ro\u015blinom kompletne i zr\u00f3wnowa\u017cone od\u017cywianie, promuj\u0105c spektakularne kwitnienie i zdrowy wzrost przez ca\u0142y rok.<\/p>","protected":false},"excerpt":{"rendered":"<p>A complete fertilizer for orchids in perfect health.\u00a0This orchid fertilizer is specially formulated to provide all the essential nutrients for growth, flowering, and orchid vitality. Thanks to its perfect balance of nitrogen (N), phosphorus (P), and potassium (K) with the NPK 15-15-15 formula, it promotes the development of roots, leaves, and flowers, ensuring abundant and [&hellip;]<\/p>\n","protected":false},"featured_media":26604,"comment_status":"open","ping_status":"closed","template":"","meta":{"_uag_custom_page_level_css":"","site-sidebar-layout":"default","site-content-layout":"","ast-site-content-layout":"default","site-content-style":"default","site-sidebar-style":"default","ast-global-header-display":"","ast-banner-title-visibility":"","ast-main-header-display":"","ast-hfb-above-header-display":"","ast-hfb-below-header-display":"","ast-hfb-mobile-header-display":"","site-post-title":"","ast-breadcrumbs-content":"","ast-featured-img":"","footer-sml-layout":"","ast-disable-related-posts":"","theme-transparent-header-meta":"default","adv-header-id-meta":"","stick-header-meta":"","header-above-stick-meta":"","header-main-stick-meta":"","header-below-stick-meta":"","astra-migrate-meta-layouts":"set","ast-page-background-enabled":"default","ast-page-background-meta":{"desktop":{"background-color":"var(--ast-global-color-4)","background-image":"","background-repeat":"repeat","background-position":"center center","background-size":"auto","background-attachment":"scroll","background-type":"","background-media":"","overlay-type":"","overlay-color":"","overlay-opacity":"","overlay-gradient":""},"tablet":{"background-color":"","background-image":"","background-repeat":"repeat","background-position":"center center","background-size":"auto","background-attachment":"scroll","background-type":"","background-media":"","overlay-type":"","overlay-color":"","overlay-opacity":"","overlay-gradient":""},"mobile":{"background-color":"","background-image":"","background-repeat":"repeat","background-position":"center center","background-size":"auto","background-attachment":"scroll","background-type":"","background-media":"","overlay-type":"","overlay-color":"","overlay-opacity":"","overlay-gradient":""}},"ast-content-background-meta":{"desktop":{"background-color":"var(--ast-global-color-5)","background-image":"","background-repeat":"repeat","background-position":"center center","background-size":"auto","background-attachment":"scroll","background-type":"","background-media":"","overlay-type":"","overlay-color":"","overlay-opacity":"","overlay-gradient":""},"tablet":{"background-color":"var(--ast-global-color-5)","background-image":"","background-repeat":"repeat","background-position":"center center","background-size":"auto","background-attachment":"scroll","background-type":"","background-media":"","overlay-type":"","overlay-color":"","overlay-opacity":"","overlay-gradient":""},"mobile":{"background-color":"var(--ast-global-color-5)","background-image":"","background-repeat":"repeat","background-position":"center center","background-size":"auto","background-attachment":"scroll","background-type":"","background-media":"","overlay-type":"","overlay-color":"","overlay-opacity":"","overlay-gradient":""}}},"product_brand":[],"product_cat":[178],"product_tag":[],"class_list":{"0":"post-24732","1":"product","2":"type-product","3":"status-publish","4":"has-post-thumbnail","6":"product_cat-fertilizers","7":"desktop-align-left","8":"tablet-align-left","9":"mobile-align-left","11":"first","12":"instock","13":"sale","14":"taxable","15":"shipping-taxable","16":"purchasable","17":"product-type-variable","18":"has-default-attributes"},"spectra_custom_meta":{"_visibility":["visible"],"_shopify_product_id":["9062365069557"],"_s2w_shopify_domain":["ferberpainting.myshopify.com"],"_shopify_variant_id":["46488640422133"],"_sku":[""],"_manage_stock":["no"],"total_sales":["4"],"_tax_status":["taxable"],"_tax_class":[""],"_backorders":["no"],"_sold_individually":["no"],"_virtual":["no"],"_downloadable":["no"],"_download_limit":["-1"],"_download_expiry":["-1"],"_stock":[null],"_stock_status":["instock"],"_wc_average_rating":["4.69"],"_wc_review_count":["16"],"_product_attributes":["a:1:{s:6:\"volume\";a:6:{s:4:\"name\";s:6:\"Volume\";s:5:\"value\";s:20:\"5 liters | 25 liters\";s:8:\"position\";i:1;s:10:\"is_visible\";i:0;s:12:\"is_variation\";i:1;s:11:\"is_taxonomy\";i:0;}}"],"_product_version":["10.5.1"],"_thumbnail_id":["26604"],"_product_image_gallery":["26606"],"wpse_downloadable_file_names":[""],"wpse_downloadable_file_urls":[""],"_edit_last":["1"],"_default_attributes":["a:1:{s:6:\"volume\";s:8:\"5 liters\";}"],"_wc_rating_count":["a:2:{i:4;i:5;i:5;i:11;}"],"_edit_lock":["1771192010:1"],"_price":["29.90","129.90"],"merchant-center-availability":["yes"],"merchant-center-category":["113"],"_wp_page_template":["default"],"site-sidebar-layout":["default"],"ast-site-content-layout":["default"],"site-content-style":["default"],"site-sidebar-style":["default"],"theme-transparent-header-meta":["default"],"astra-migrate-meta-layouts":["set"],"_uag_css_file_name":["uag-css-24732.css"],"_elementor_page_assets":["a:0:{}"],"_uag_page_assets":["a:9:{s:3:\"css\";s:7133:\".uag-blocks-common-selector{z-index:var(--z-index-desktop) !important}@media(max-width: 976px){.uag-blocks-common-selector{z-index:var(--z-index-tablet) !important}}@media(max-width: 767px){.uag-blocks-common-selector{z-index:var(--z-index-mobile) !important}}.wp-block-uagb-image{display:flex}.wp-block-uagb-image__figure{position:relative;display:flex;flex-direction:column;max-width:100%;height:auto;margin:0}.wp-block-uagb-image__figure img{height:auto;display:flex;max-width:100%;transition:box-shadow .2s ease}.wp-block-uagb-image__figure>a{display:inline-block}.wp-block-uagb-image__figure figcaption{text-align:center;margin-top:.5em;margin-bottom:1em}.wp-block-uagb-image .components-placeholder.block-editor-media-placeholder .components-placeholder__instructions{align-self:center}.wp-block-uagb-image--align-left{text-align:left}.wp-block-uagb-image--align-right{text-align:right}.wp-block-uagb-image--align-center{text-align:center}.wp-block-uagb-image--align-full .wp-block-uagb-image__figure{margin-left:calc(50% - 50vw);margin-right:calc(50% - 50vw);max-width:100vw;width:100vw;height:auto}.wp-block-uagb-image--align-full .wp-block-uagb-image__figure img{height:auto;width:100% !important}.wp-block-uagb-image--align-wide .wp-block-uagb-image__figure img{height:auto;width:100%}.wp-block-uagb-image--layout-overlay__color-wrapper{position:absolute;left:0;top:0;right:0;bottom:0;opacity:.2;background:rgba(0,0,0,.5);transition:opacity .35s ease-in-out}.wp-block-uagb-image--layout-overlay-link{position:absolute;left:0;right:0;bottom:0;top:0}.wp-block-uagb-image--layout-overlay .wp-block-uagb-image__figure:hover .wp-block-uagb-image--layout-overlay__color-wrapper{opacity:1}.wp-block-uagb-image--layout-overlay__inner{position:absolute;left:15px;right:15px;bottom:15px;top:15px;display:flex;align-items:center;justify-content:center;flex-direction:column;border-color:#fff;transition:.35s ease-in-out}.wp-block-uagb-image--layout-overlay__inner.top-left,.wp-block-uagb-image--layout-overlay__inner.top-center,.wp-block-uagb-image--layout-overlay__inner.top-right{justify-content:flex-start}.wp-block-uagb-image--layout-overlay__inner.bottom-left,.wp-block-uagb-image--layout-overlay__inner.bottom-center,.wp-block-uagb-image--layout-overlay__inner.bottom-right{justify-content:flex-end}.wp-block-uagb-image--layout-overlay__inner.top-left,.wp-block-uagb-image--layout-overlay__inner.center-left,.wp-block-uagb-image--layout-overlay__inner.bottom-left{align-items:flex-start}.wp-block-uagb-image--layout-overlay__inner.top-right,.wp-block-uagb-image--layout-overlay__inner.center-right,.wp-block-uagb-image--layout-overlay__inner.bottom-right{align-items:flex-end}.wp-block-uagb-image--layout-overlay__inner .uagb-image-heading{color:#fff;transition:transform .35s,opacity .35s ease-in-out;transform:translate3d(0, 24px, 0);margin:0;line-height:1em}.wp-block-uagb-image--layout-overlay__inner .uagb-image-separator{width:30%;border-top-width:2px;border-top-color:#fff;border-top-style:solid;margin-bottom:10px;opacity:0;transition:transform .4s,opacity .4s ease-in-out;transform:translate3d(0, 30px, 0)}.wp-block-uagb-image--layout-overlay__inner .uagb-image-caption{opacity:0;overflow:visible;color:#fff;transition:transform .45s,opacity .45s ease-in-out;transform:translate3d(0, 35px, 0)}.wp-block-uagb-image--layout-overlay__inner:hover .uagb-image-heading,.wp-block-uagb-image--layout-overlay__inner:hover .uagb-image-separator,.wp-block-uagb-image--layout-overlay__inner:hover .uagb-image-caption{opacity:1;transform:translate3d(0, 0, 0)}.wp-block-uagb-image--effect-zoomin .wp-block-uagb-image__figure img,.wp-block-uagb-image--effect-zoomin .wp-block-uagb-image__figure .wp-block-uagb-image--layout-overlay__color-wrapper{transform:scale(1);transition:transform .35s ease-in-out}.wp-block-uagb-image--effect-zoomin .wp-block-uagb-image__figure:hover img,.wp-block-uagb-image--effect-zoomin .wp-block-uagb-image__figure:hover .wp-block-uagb-image--layout-overlay__color-wrapper{transform:scale(1.05)}.wp-block-uagb-image--effect-slide .wp-block-uagb-image__figure img,.wp-block-uagb-image--effect-slide .wp-block-uagb-image__figure .wp-block-uagb-image--layout-overlay__color-wrapper{width:calc(100% + 40px) !important;max-width:none !important;transform:translate3d(-40px, 0, 0);transition:transform .35s ease-in-out}.wp-block-uagb-image--effect-slide .wp-block-uagb-image__figure:hover img,.wp-block-uagb-image--effect-slide .wp-block-uagb-image__figure:hover .wp-block-uagb-image--layout-overlay__color-wrapper{transform:translate3d(0, 0, 0)}.wp-block-uagb-image--effect-grayscale img{filter:grayscale(0%);transition:.35s ease-in-out}.wp-block-uagb-image--effect-grayscale:hover img{filter:grayscale(100%)}.wp-block-uagb-image--effect-blur img{filter:blur(0);transition:.35s ease-in-out}.wp-block-uagb-image--effect-blur:hover img{filter:blur(3px)}.uagb-block-e6f939b3.wp-block-uagb-image--layout-default figure img{box-shadow: 0px 0px 0 #00000070;}.uagb-block-e6f939b3.wp-block-uagb-image .wp-block-uagb-image__figure figcaption{font-style: normal;align-self: center;}.uagb-block-e6f939b3.wp-block-uagb-image--layout-overlay figure img{box-shadow: 0px 0px 0 #00000070;}.uagb-block-e6f939b3.wp-block-uagb-image--layout-overlay .wp-block-uagb-image--layout-overlay__color-wrapper{opacity: 0.2;}.uagb-block-e6f939b3.wp-block-uagb-image--layout-overlay .wp-block-uagb-image--layout-overlay__inner{left: 15px;right: 15px;top: 15px;bottom: 15px;}.uagb-block-e6f939b3.wp-block-uagb-image--layout-overlay .wp-block-uagb-image--layout-overlay__inner .uagb-image-heading{font-style: normal;color: #fff;opacity: 1;}.uagb-block-e6f939b3.wp-block-uagb-image--layout-overlay .wp-block-uagb-image--layout-overlay__inner .uagb-image-heading a{color: #fff;}.uagb-block-e6f939b3.wp-block-uagb-image--layout-overlay .wp-block-uagb-image--layout-overlay__inner .uagb-image-caption{opacity: 0;}.uagb-block-e6f939b3.wp-block-uagb-image--layout-overlay .wp-block-uagb-image__figure:hover .wp-block-uagb-image--layout-overlay__color-wrapper{opacity: 1;}.uagb-block-e6f939b3.wp-block-uagb-image .wp-block-uagb-image--layout-overlay__inner .uagb-image-separator{width: 30%;border-top-width: 2px;border-top-color: #fff;opacity: 0;}.uagb-block-e6f939b3.wp-block-uagb-image .wp-block-uagb-image__figure img{width: px;height: auto;}.uagb-block-e6f939b3.wp-block-uagb-image .wp-block-uagb-image__figure:hover .wp-block-uagb-image--layout-overlay__inner .uagb-image-caption{opacity: 1;}.uagb-block-e6f939b3.wp-block-uagb-image .wp-block-uagb-image__figure:hover .wp-block-uagb-image--layout-overlay__inner .uagb-image-separator{opacity: 1;}.uagb-block-e6f939b3.wp-block-uagb-image--layout-default figure:hover img{box-shadow: 0px 0px 0 #00000070;}.uagb-block-e6f939b3.wp-block-uagb-image--layout-overlay figure:hover img{box-shadow: 0px 0px 0 #00000070;}@media only screen and (max-width: 976px) {.uagb-block-e6f939b3.wp-block-uagb-image .wp-block-uagb-image__figure img{width: px;height: auto;}}@media only screen and (max-width: 767px) {.uagb-block-e6f939b3.wp-block-uagb-image .wp-block-uagb-image__figure img{width: px;height: auto;}}\";s:2:\"js\";s:0:\"\";s:18:\"current_block_list\";a:13:{i:0;s:11:\"core\/search\";i:1;s:10:\"core\/group\";i:2;s:12:\"core\/heading\";i:3;s:17:\"core\/latest-posts\";i:4;s:20:\"core\/latest-comments\";i:5;s:13:\"core\/archives\";i:6;s:15:\"core\/categories\";i:7;s:14:\"core\/paragraph\";i:8;s:10:\"uagb\/image\";i:9;s:11:\"core\/spacer\";i:10;s:30:\"woocommerce\/product-categories\";i:11;s:10:\"core\/image\";i:12;s:14:\"core\/shortcode\";}s:8:\"uag_flag\";b:1;s:11:\"uag_version\";s:10:\"1777203935\";s:6:\"gfonts\";a:0:{}s:10:\"gfonts_url\";s:0:\"\";s:12:\"gfonts_files\";a:0:{}s:14:\"uag_faq_layout\";b:0;}"]},"uagb_featured_image_src":{"full":["https:\/\/www.ferberpainting.com\/wp-content\/uploads\/2025\/05\/OrchidFertilizer5L.png",2560,2560,false],"thumbnail":["https:\/\/www.ferberpainting.com\/wp-content\/uploads\/2025\/05\/OrchidFertilizer5L-150x150.png",150,150,true],"medium":["https:\/\/www.ferberpainting.com\/wp-content\/uploads\/2025\/05\/OrchidFertilizer5L-300x300.png",300,300,true],"medium_large":["https:\/\/www.ferberpainting.com\/wp-content\/uploads\/2025\/05\/OrchidFertilizer5L-768x768.png",768,768,true],"large":["https:\/\/www.ferberpainting.com\/wp-content\/uploads\/2025\/05\/OrchidFertilizer5L-1024x1024.png",1024,1024,true],"1536x1536":["https:\/\/www.ferberpainting.com\/wp-content\/uploads\/2025\/05\/OrchidFertilizer5L-1536x1536.png",1536,1536,true],"2048x2048":["https:\/\/www.ferberpainting.com\/wp-content\/uploads\/2025\/05\/OrchidFertilizer5L-2048x2048.png",2048,2048,true],"trp-custom-language-flag":["https:\/\/www.ferberpainting.com\/wp-content\/uploads\/2025\/05\/OrchidFertilizer5L-12x12.png",12,12,true],"woocommerce_thumbnail":["https:\/\/www.ferberpainting.com\/wp-content\/uploads\/2025\/05\/OrchidFertilizer5L-300x300.png",300,300,true],"woocommerce_single":["https:\/\/www.ferberpainting.com\/wp-content\/uploads\/2025\/05\/OrchidFertilizer5L-600x600.png",600,600,true],"woocommerce_gallery_thumbnail":["https:\/\/www.ferberpainting.com\/wp-content\/uploads\/2025\/05\/OrchidFertilizer5L-100x100.png",100,100,true]},"uagb_author_info":{"display_name":"admin","author_link":"https:\/\/www.ferberpainting.com\/pl\/author\/"},"uagb_comment_info":16,"uagb_excerpt":"A complete fertilizer for orchids in perfect health.\u00a0This orchid fertilizer is specially formulated to provide all the essential nutrients for growth, flowering, and orchid vitality. Thanks to its perfect balance of nitrogen (N), phosphorus (P), and potassium (K) with the NPK 15-15-15 formula, it promotes the development of roots, leaves, and flowers, ensuring abundant and&hellip;","_links":{"self":[{"href":"https:\/\/www.ferberpainting.com\/pl\/wp-json\/wp\/v2\/product\/24732","targetHints":{"allow":["GET"]}}],"collection":[{"href":"https:\/\/www.ferberpainting.com\/pl\/wp-json\/wp\/v2\/product"}],"about":[{"href":"https:\/\/www.ferberpainting.com\/pl\/wp-json\/wp\/v2\/types\/product"}],"replies":[{"embeddable":true,"href":"https:\/\/www.ferberpainting.com\/pl\/wp-json\/wp\/v2\/comments?post=24732"}],"version-history":[{"count":4,"href":"https:\/\/www.ferberpainting.com\/pl\/wp-json\/wp\/v2\/product\/24732\/revisions"}],"predecessor-version":[{"id":166639,"href":"https:\/\/www.ferberpainting.com\/pl\/wp-json\/wp\/v2\/product\/24732\/revisions\/166639"}],"wp:featuredmedia":[{"embeddable":true,"href":"https:\/\/www.ferberpainting.com\/pl\/wp-json\/wp\/v2\/media\/26604"}],"wp:attachment":[{"href":"https:\/\/www.ferberpainting.com\/pl\/wp-json\/wp\/v2\/media?parent=24732"}],"wp:term":[{"taxonomy":"product_brand","embeddable":true,"href":"https:\/\/www.ferberpainting.com\/pl\/wp-json\/wp\/v2\/product_brand?post=24732"},{"taxonomy":"product_cat","embeddable":true,"href":"https:\/\/www.ferberpainting.com\/pl\/wp-json\/wp\/v2\/product_cat?post=24732"},{"taxonomy":"product_tag","embeddable":true,"href":"https:\/\/www.ferberpainting.com\/pl\/wp-json\/wp\/v2\/product_tag?post=24732"}],"curies":[{"name":"wp","href":"https:\/\/api.w.org\/{rel}","templated":true}]}}