{"id":24717,"date":"2025-07-01T00:32:59","date_gmt":"2025-06-30T22:32:59","guid":{"rendered":"https:\/\/www.ferberpainting.com\/?post_type=product&#038;p=24717"},"modified":"2026-02-15T22:10:36","modified_gmt":"2026-02-15T21:10:36","slug":"mortar-water-repellent","status":"publish","type":"product","link":"https:\/\/www.ferberpainting.com\/pl\/products\/mortar-water-repellent\/","title":{"rendered":"\u015arodek hydrofobowy do zaprawy"},"content":{"rendered":"<p><strong><img decoding=\"async\" style=\"margin-right: 12px;\" src=\"https:\/\/www.ferberpainting.com\/wp-content\/uploads\/2026\/02\/Check.svg\" alt=\"\" width=\"18\" height=\"15\" \/>Skuteczna ochrona przed wilgoci\u0105.<\/strong> Impregnat do zapraw zosta\u0142 zaprojektowany w celu zapewnienia wyj\u0105tkowej ochrony powierzchni zapraw przed wilgoci\u0105, przenikaniem wody i plamami. Tworzy nieprzepuszczaln\u0105 barier\u0119, kt\u00f3ra zapobiega przenikaniu wody, jednocze\u015bnie pozwalaj\u0105c powierzchni oddycha\u0107, co pomaga zachowa\u0107 wytrzyma\u0142o\u015b\u0107 i d\u0142ugowieczno\u015b\u0107 konstrukcji zaprawowych, zar\u00f3wno \u015bcian zewn\u0119trznych, fundament\u00f3w, jak i jastrych\u00f3w.<\/p>\n<p><strong><img decoding=\"async\" style=\"margin-right: 12px;\" src=\"https:\/\/www.ferberpainting.com\/wp-content\/uploads\/2026\/02\/Check.svg\" alt=\"\" width=\"18\" height=\"15\" \/>Gwarancja zwrotu pieni\u0119dzy.<\/strong>\u00a0G\u0142\u0119boko wierzymy w skuteczno\u015b\u0107 naszego impregnatu do zapraw. Je\u015bli z jakiegokolwiek powodu nie b\u0119dziesz zadowolony z produktu, oferujemy gwarancj\u0119 satysfakcji lub zwrotu pieni\u0119dzy. Mo\u017cesz kupowa\u0107 z pe\u0142nym zaufaniem, wiedz\u0105c, \u017ce je\u015bli produkt nie spe\u0142ni Twoich oczekiwa\u0144, przys\u0142uguje Ci pe\u0142ny zwrot pieni\u0119dzy.<\/p>\n<p><strong><img decoding=\"async\" style=\"margin-right: 12px;\" src=\"https:\/\/www.ferberpainting.com\/wp-content\/uploads\/2026\/02\/Check.svg\" alt=\"\" width=\"18\" height=\"15\" \/>Wydajno\u015b\u0107 na wielu powierzchniach.<\/strong>\u00a0Impregnat do zapraw nie ogranicza si\u0119 wy\u0142\u0105cznie do zapraw - jest r\u00f3wnie\u017c skuteczny w ochronie innych podobnych materia\u0142\u00f3w, takich jak beton, cement, ceg\u0142a i powierzchnie kamienne. Produkt ten jest zatem prawdziwym \u201cwielozadaniowym\u201d rozwi\u0105zaniem, zdolnym do obr\u00f3bki szerokiej gamy materia\u0142\u00f3w budowlanych zar\u00f3wno na zewn\u0105trz, jak i wewn\u0105trz, od prac murarskich po p\u0142yty chodnikowe lub uk\u0142adanie p\u0142ytek.<\/p>\n<p><strong><img decoding=\"async\" style=\"margin-right: 12px;\" src=\"https:\/\/www.ferberpainting.com\/wp-content\/uploads\/2026\/02\/Check.svg\" alt=\"\" width=\"18\" height=\"15\" \/>Ekonomiczna wydajno\u015b\u0107.<\/strong>\u00a0Dzi\u0119ki skoncentrowanej i wydajnej formule impregnat oferuje doskona\u0142\u0105 wydajno\u015b\u0107 ekonomiczn\u0105. Jeden litr produktu mo\u017ce pokry\u0107 od 6 do 10 m\u00b2 powierzchni, w zale\u017cno\u015bci od porowato\u015bci materia\u0142u. 5-litrowy pojemnik wystarcza do pokrycia od 30 do 50 m\u00b2 powierzchni, co czyni go przyst\u0119pnym cenowo i trwa\u0142ym rozwi\u0105zaniem dla projekt\u00f3w zwi\u0105zanych z obr\u00f3bk\u0105 powierzchni.<\/p>\n<p><strong><img decoding=\"async\" style=\"margin-right: 12px;\" src=\"https:\/\/www.ferberpainting.com\/wp-content\/uploads\/2026\/02\/Check.svg\" alt=\"\" width=\"18\" height=\"15\" \/>Bezpiecze\u0144stwo.<\/strong>\u00a0Zaprojektowany z my\u015bl\u0105 o bezpiecze\u0144stwie, impregnat do zapraw nie zawiera toksycznych ani agresywnych substancji. Mo\u017ce by\u0107 bezpiecznie stosowany w r\u00f3\u017cnych \u015brodowiskach, zar\u00f3wno na zewn\u0105trz, jak i wewn\u0105trz pomieszcze\u0144. Ponadto produkt nie emituje nieprzyjemnych opar\u00f3w podczas u\u017cytkowania, zapewniaj\u0105c zdrowe \u015brodowisko pracy.<\/p>\n<p><strong><img decoding=\"async\" style=\"margin-right: 12px;\" src=\"https:\/\/www.ferberpainting.com\/wp-content\/uploads\/2026\/02\/Check.svg\" alt=\"\" width=\"18\" height=\"15\" \/>\u0141atwa aplikacja.<\/strong>\u00a0Zaprawa hydroizolacyjna jest gotowa do u\u017cycia, dzi\u0119ki czemu jej aplikacja jest prosta. Nie wymaga rozcie\u0144czania, mieszania ani skomplikowanego przygotowania. Wystarczy na\u0142o\u017cy\u0107 go bezpo\u015brednio na powierzchni\u0119 za pomoc\u0105 opryskiwacza, p\u0119dzla lub wa\u0142ka, w zale\u017cno\u015bci od preferencji i konfiguracji powierzchni. P\u0142ynna formu\u0142a pozwala na \u0142atw\u0105 i r\u00f3wnomiern\u0105 aplikacj\u0119, nawet na nieregularnych powierzchniach.<\/p>\n<p><strong><img decoding=\"async\" style=\"margin-right: 12px;\" src=\"https:\/\/www.ferberpainting.com\/wp-content\/uploads\/2026\/02\/Check.svg\" alt=\"\" width=\"18\" height=\"15\" \/>Wyj\u0105tkowa trwa\u0142o\u015b\u0107.<\/strong>\u00a0Produkt ten zapewnia d\u0142ugotrwa\u0142\u0105 ochron\u0119. Po na\u0142o\u017ceniu impregnat do zapraw tworzy trwa\u0142\u0105 wodoodporn\u0105 barier\u0119, kt\u00f3ra jest odporna na warunki atmosferyczne, cykle zamra\u017cania-rozmra\u017cania i czynniki chemiczne. Wyd\u0142u\u017ca \u017cywotno\u015b\u0107 powierzchni zaprawy i zapobiega uszkodzeniom spowodowanym przez wilgo\u0107 i \u017cywio\u0142y.<\/p>\n<p><strong><img decoding=\"async\" style=\"margin-right: 12px;\" src=\"https:\/\/www.ferberpainting.com\/wp-content\/uploads\/2026\/02\/Check.svg\" alt=\"\" width=\"18\" height=\"15\" \/>Szybka aplikacja i schni\u0119cie.<\/strong>\u00a0Zaprawa uszczelniaj\u0105ca jest znana z szybkiego schni\u0119cia. Po na\u0142o\u017ceniu wysycha w dotyku w ci\u0105gu 1 do 2 godzin. Aby jednak zapewni\u0107 optymaln\u0105 skuteczno\u015b\u0107, zaleca si\u0119 pozostawienie produktu do ca\u0142kowitego wyschni\u0119cia na 24 godziny przed wystawieniem zabezpieczonej powierzchni na dzia\u0142anie wilgoci. Ten kr\u00f3tki czas schni\u0119cia pozwala na wznowienie projekt\u00f3w lub powr\u00f3t do u\u017cytkowania powierzchni bez znacznego op\u00f3\u017anienia.<\/p>\n<h2><strong>Protok\u00f3\u0142 u\u017cytkowania<\/strong><\/h2>\n<ul>\n<li><strong>Przygotowanie powierzchni <\/strong>: Przed na\u0142o\u017ceniem zaprawy hydroizolacyjnej nale\u017cy upewni\u0107 si\u0119, \u017ce powierzchnia jest czysta i ca\u0142kowicie sucha. Usun\u0105\u0107 wszelkie zabrudzenia, kurz, ple\u015b\u0144 lub inne zanieczyszczenia, kt\u00f3re mog\u0105 zak\u0142\u00f3ca\u0107 przyczepno\u015b\u0107. Je\u015bli powierzchnia jest szczeg\u00f3lnie brudna lub uszkodzona, przed na\u0142o\u017ceniem impregnatu mo\u017ce by\u0107 konieczne wyczyszczenie jej specjalnym \u015brodkiem czyszcz\u0105cym. Pozostawi\u0107 powierzchni\u0119 do ca\u0142kowitego wyschni\u0119cia przed przyst\u0105pieniem do aplikacji.<\/li>\n<li><strong>Zastosowanie produktu <\/strong>: Zaprawa wodoszczelna jest gotowa do u\u017cycia i nie wymaga rozcie\u0144czania. Nak\u0142ada\u0107 bezpo\u015brednio na powierzchni\u0119 za pomoc\u0105 opryskiwacza, p\u0119dzla lub wa\u0142ka, w zale\u017cno\u015bci od wielko\u015bci i konfiguracji powierzchni. W celu zapewnienia r\u00f3wnomiernej aplikacji, na\u0142o\u017cy\u0107 cienk\u0105 warstw\u0119 produktu i pozwoli\u0107 mu wnikn\u0105\u0107. W razie potrzeby na\u0142o\u017cy\u0107 drug\u0105 warstw\u0119, aby zapewni\u0107 pe\u0142n\u0105 ochron\u0119, zw\u0142aszcza je\u015bli zaprawa jest szczeg\u00f3lnie porowata.<\/li>\n<li><strong>Ilo\u015b\u0107 do wykorzystania <\/strong>: Wydajno\u015b\u0107 produktu zale\u017cy od porowato\u015bci materia\u0142u. \u015arednio 1 litr impregnatu mo\u017ce pokry\u0107 od 6 do 10 m\u00b2 powierzchni. Je\u015bli nak\u0142adana jest druga warstwa, zu\u017cycie produktu mo\u017ce by\u0107 nieco wy\u017csze. 5-litrowy pojemnik mo\u017ce zatem pokry\u0107 od 30 do 50 m\u00b2 przy jednej aplikacji, co czyni go ekonomicznym rozwi\u0105zaniem dla du\u017cych powierzchni.<\/li>\n<li><strong>Czas schni\u0119cia <\/strong>: Po na\u0142o\u017ceniu produkt wysycha w dotyku w ci\u0105gu oko\u0142o 1 do 2 godzin. Aby jednak zapewni\u0107 optymaln\u0105 ochron\u0119 i umo\u017cliwi\u0107 pe\u0142n\u0105 penetracj\u0119, zaleca si\u0119 pozostawienie powierzchni do wyschni\u0119cia na 24 godziny przed wystawieniem jej na dzia\u0142anie wilgoci lub wody. Ten okres schni\u0119cia zapewnia utworzenie trwa\u0142ej bariery wodoodpornej.<\/li>\n<li><strong>Ponowne zastosowanie <\/strong>: W zale\u017cno\u015bci od ekspozycji na warunki atmosferyczne i zu\u017cycia, impregnat do zapraw mo\u017ce wymaga\u0107 ponownego na\u0142o\u017cenia co 3 do 5 lat. Przed ponownym na\u0142o\u017ceniem zaleca si\u0119 dok\u0142adne oczyszczenie i wysuszenie powierzchni. Nowa warstwa impregnatu zapewni ci\u0105g\u0142\u0105 ochron\u0119 przed wilgoci\u0105 i plamami.<\/li>\n<li><strong>Konserwacja zabezpieczonej powierzchni <\/strong>: Po na\u0142o\u017ceniu impregnatu, powierzchnia staje si\u0119 odporna na wod\u0119 i plamy. Zaleca si\u0119 regularne czyszczenie powierzchni czyst\u0105 wod\u0105 i mi\u0119kk\u0105 szmatk\u0105, aby zachowa\u0107 jej wygl\u0105d. Nale\u017cy unika\u0107 stosowania silnych \u015brodk\u00f3w chemicznych, kt\u00f3re mog\u0142yby uszkodzi\u0107 warstw\u0119 ochronn\u0105.<\/li>\n<\/ul>","protected":false},"excerpt":{"rendered":"<p>Effective protection against moisture. The mortar waterproofer is designed to provide exceptional protection to mortar surfaces against moisture, water infiltration, and stains. It creates an impermeable barrier that prevents water from penetrating while allowing the surface to breathe, which helps preserve the strength and longevity of your mortar structures, whether exterior walls, foundations, or screeds. [&hellip;]<\/p>\n","protected":false},"featured_media":36077,"comment_status":"open","ping_status":"closed","template":"","meta":{"_uag_custom_page_level_css":"","site-sidebar-layout":"default","site-content-layout":"","ast-site-content-layout":"default","site-content-style":"default","site-sidebar-style":"default","ast-global-header-display":"","ast-banner-title-visibility":"","ast-main-header-display":"","ast-hfb-above-header-display":"","ast-hfb-below-header-display":"","ast-hfb-mobile-header-display":"","site-post-title":"","ast-breadcrumbs-content":"","ast-featured-img":"","footer-sml-layout":"","ast-disable-related-posts":"","theme-transparent-header-meta":"default","adv-header-id-meta":"","stick-header-meta":"","header-above-stick-meta":"","header-main-stick-meta":"","header-below-stick-meta":"","astra-migrate-meta-layouts":"set","ast-page-background-enabled":"default","ast-page-background-meta":{"desktop":{"background-color":"var(--ast-global-color-4)","background-image":"","background-repeat":"repeat","background-position":"center center","background-size":"auto","background-attachment":"scroll","background-type":"","background-media":"","overlay-type":"","overlay-color":"","overlay-opacity":"","overlay-gradient":""},"tablet":{"background-color":"","background-image":"","background-repeat":"repeat","background-position":"center center","background-size":"auto","background-attachment":"scroll","background-type":"","background-media":"","overlay-type":"","overlay-color":"","overlay-opacity":"","overlay-gradient":""},"mobile":{"background-color":"","background-image":"","background-repeat":"repeat","background-position":"center center","background-size":"auto","background-attachment":"scroll","background-type":"","background-media":"","overlay-type":"","overlay-color":"","overlay-opacity":"","overlay-gradient":""}},"ast-content-background-meta":{"desktop":{"background-color":"var(--ast-global-color-5)","background-image":"","background-repeat":"repeat","background-position":"center center","background-size":"auto","background-attachment":"scroll","background-type":"","background-media":"","overlay-type":"","overlay-color":"","overlay-opacity":"","overlay-gradient":""},"tablet":{"background-color":"var(--ast-global-color-5)","background-image":"","background-repeat":"repeat","background-position":"center center","background-size":"auto","background-attachment":"scroll","background-type":"","background-media":"","overlay-type":"","overlay-color":"","overlay-opacity":"","overlay-gradient":""},"mobile":{"background-color":"var(--ast-global-color-5)","background-image":"","background-repeat":"repeat","background-position":"center center","background-size":"auto","background-attachment":"scroll","background-type":"","background-media":"","overlay-type":"","overlay-color":"","overlay-opacity":"","overlay-gradient":""}}},"product_brand":[],"product_cat":[191],"product_tag":[],"class_list":{"0":"post-24717","1":"product","2":"type-product","3":"status-publish","4":"has-post-thumbnail","6":"product_cat-water-repellent","7":"desktop-align-left","8":"tablet-align-left","9":"mobile-align-left","11":"first","12":"instock","13":"sale","14":"shipping-taxable","15":"purchasable","16":"product-type-variable","17":"has-default-attributes"},"spectra_custom_meta":{"_visibility":["visible"],"_shopify_product_id":["9106657870069"],"_s2w_shopify_domain":["ferberpainting.myshopify.com"],"_shopify_variant_id":["46626413641973"],"_sku":[""],"_manage_stock":["no"],"total_sales":["4"],"_tax_status":["taxable"],"_tax_class":[""],"_backorders":["no"],"_sold_individually":["no"],"_virtual":["no"],"_downloadable":["no"],"_download_limit":["-1"],"_download_expiry":["-1"],"_stock":[null],"_stock_status":["instock"],"_wc_average_rating":["5.00"],"_wc_review_count":["34"],"_product_attributes":["a:1:{s:6:\"volume\";a:6:{s:4:\"name\";s:6:\"Volume\";s:5:\"value\";s:20:\"5 liters | 25 liters\";s:8:\"position\";i:1;s:10:\"is_visible\";i:0;s:12:\"is_variation\";i:1;s:11:\"is_taxonomy\";i:0;}}"],"_product_version":["10.5.1"],"wpse_downloadable_file_names":[""],"wpse_downloadable_file_urls":[""],"_edit_last":["1"],"_default_attributes":["a:1:{s:6:\"volume\";s:8:\"5 liters\";}"],"_edit_lock":["1771190903:1"],"_price":["29.90","129.90"],"merchant-center-availability":["yes"],"merchant-center-category":["503744"],"_thumbnail_id":["36077"],"_wp_page_template":["default"],"_wp_old_date":["2025-05-26"],"_product_image_gallery":["36078"],"site-sidebar-layout":["default"],"ast-site-content-layout":["default"],"site-content-style":["default"],"site-sidebar-style":["default"],"theme-transparent-header-meta":["default"],"_wc_rating_count":["a:1:{i:5;i:34;}"],"astra-migrate-meta-layouts":["set"],"_uag_css_file_name":["uag-css-24717.css"],"_elementor_page_assets":["a:0:{}"],"_uag_page_assets":["a:9:{s:3:\"css\";s:6873:\".wp-block-uagb-image{display:flex}.wp-block-uagb-image__figure{position:relative;display:flex;flex-direction:column;max-width:100%;height:auto;margin:0}.wp-block-uagb-image__figure img{height:auto;display:flex;max-width:100%;transition:box-shadow .2s ease}.wp-block-uagb-image__figure>a{display:inline-block}.wp-block-uagb-image__figure figcaption{text-align:center;margin-top:.5em;margin-bottom:1em}.wp-block-uagb-image .components-placeholder.block-editor-media-placeholder .components-placeholder__instructions{align-self:center}.wp-block-uagb-image--align-left{text-align:left}.wp-block-uagb-image--align-right{text-align:right}.wp-block-uagb-image--align-center{text-align:center}.wp-block-uagb-image--align-full .wp-block-uagb-image__figure{margin-left:calc(50% - 50vw);margin-right:calc(50% - 50vw);max-width:100vw;width:100vw;height:auto}.wp-block-uagb-image--align-full .wp-block-uagb-image__figure img{height:auto;width:100% !important}.wp-block-uagb-image--align-wide .wp-block-uagb-image__figure img{height:auto;width:100%}.wp-block-uagb-image--layout-overlay__color-wrapper{position:absolute;left:0;top:0;right:0;bottom:0;opacity:.2;background:rgba(0,0,0,.5);transition:opacity .35s ease-in-out}.wp-block-uagb-image--layout-overlay-link{position:absolute;left:0;right:0;bottom:0;top:0}.wp-block-uagb-image--layout-overlay .wp-block-uagb-image__figure:hover .wp-block-uagb-image--layout-overlay__color-wrapper{opacity:1}.wp-block-uagb-image--layout-overlay__inner{position:absolute;left:15px;right:15px;bottom:15px;top:15px;display:flex;align-items:center;justify-content:center;flex-direction:column;border-color:#fff;transition:.35s ease-in-out}.wp-block-uagb-image--layout-overlay__inner.top-left,.wp-block-uagb-image--layout-overlay__inner.top-center,.wp-block-uagb-image--layout-overlay__inner.top-right{justify-content:flex-start}.wp-block-uagb-image--layout-overlay__inner.bottom-left,.wp-block-uagb-image--layout-overlay__inner.bottom-center,.wp-block-uagb-image--layout-overlay__inner.bottom-right{justify-content:flex-end}.wp-block-uagb-image--layout-overlay__inner.top-left,.wp-block-uagb-image--layout-overlay__inner.center-left,.wp-block-uagb-image--layout-overlay__inner.bottom-left{align-items:flex-start}.wp-block-uagb-image--layout-overlay__inner.top-right,.wp-block-uagb-image--layout-overlay__inner.center-right,.wp-block-uagb-image--layout-overlay__inner.bottom-right{align-items:flex-end}.wp-block-uagb-image--layout-overlay__inner .uagb-image-heading{color:#fff;transition:transform .35s,opacity .35s ease-in-out;transform:translate3d(0, 24px, 0);margin:0;line-height:1em}.wp-block-uagb-image--layout-overlay__inner .uagb-image-separator{width:30%;border-top-width:2px;border-top-color:#fff;border-top-style:solid;margin-bottom:10px;opacity:0;transition:transform .4s,opacity .4s ease-in-out;transform:translate3d(0, 30px, 0)}.wp-block-uagb-image--layout-overlay__inner .uagb-image-caption{opacity:0;overflow:visible;color:#fff;transition:transform .45s,opacity .45s ease-in-out;transform:translate3d(0, 35px, 0)}.wp-block-uagb-image--layout-overlay__inner:hover .uagb-image-heading,.wp-block-uagb-image--layout-overlay__inner:hover .uagb-image-separator,.wp-block-uagb-image--layout-overlay__inner:hover .uagb-image-caption{opacity:1;transform:translate3d(0, 0, 0)}.wp-block-uagb-image--effect-zoomin .wp-block-uagb-image__figure img,.wp-block-uagb-image--effect-zoomin .wp-block-uagb-image__figure .wp-block-uagb-image--layout-overlay__color-wrapper{transform:scale(1);transition:transform .35s ease-in-out}.wp-block-uagb-image--effect-zoomin .wp-block-uagb-image__figure:hover img,.wp-block-uagb-image--effect-zoomin .wp-block-uagb-image__figure:hover .wp-block-uagb-image--layout-overlay__color-wrapper{transform:scale(1.05)}.wp-block-uagb-image--effect-slide .wp-block-uagb-image__figure img,.wp-block-uagb-image--effect-slide .wp-block-uagb-image__figure .wp-block-uagb-image--layout-overlay__color-wrapper{width:calc(100% + 40px) !important;max-width:none !important;transform:translate3d(-40px, 0, 0);transition:transform .35s ease-in-out}.wp-block-uagb-image--effect-slide .wp-block-uagb-image__figure:hover img,.wp-block-uagb-image--effect-slide .wp-block-uagb-image__figure:hover .wp-block-uagb-image--layout-overlay__color-wrapper{transform:translate3d(0, 0, 0)}.wp-block-uagb-image--effect-grayscale img{filter:grayscale(0%);transition:.35s ease-in-out}.wp-block-uagb-image--effect-grayscale:hover img{filter:grayscale(100%)}.wp-block-uagb-image--effect-blur img{filter:blur(0);transition:.35s ease-in-out}.wp-block-uagb-image--effect-blur:hover img{filter:blur(3px)}.uagb-block-e6f939b3.wp-block-uagb-image--layout-default figure img{box-shadow: 0px 0px 0 #00000070;}.uagb-block-e6f939b3.wp-block-uagb-image .wp-block-uagb-image__figure figcaption{font-style: normal;align-self: center;}.uagb-block-e6f939b3.wp-block-uagb-image--layout-overlay figure img{box-shadow: 0px 0px 0 #00000070;}.uagb-block-e6f939b3.wp-block-uagb-image--layout-overlay .wp-block-uagb-image--layout-overlay__color-wrapper{opacity: 0.2;}.uagb-block-e6f939b3.wp-block-uagb-image--layout-overlay .wp-block-uagb-image--layout-overlay__inner{left: 15px;right: 15px;top: 15px;bottom: 15px;}.uagb-block-e6f939b3.wp-block-uagb-image--layout-overlay .wp-block-uagb-image--layout-overlay__inner .uagb-image-heading{font-style: normal;color: #fff;opacity: 1;}.uagb-block-e6f939b3.wp-block-uagb-image--layout-overlay .wp-block-uagb-image--layout-overlay__inner .uagb-image-heading a{color: #fff;}.uagb-block-e6f939b3.wp-block-uagb-image--layout-overlay .wp-block-uagb-image--layout-overlay__inner .uagb-image-caption{opacity: 0;}.uagb-block-e6f939b3.wp-block-uagb-image--layout-overlay .wp-block-uagb-image__figure:hover .wp-block-uagb-image--layout-overlay__color-wrapper{opacity: 1;}.uagb-block-e6f939b3.wp-block-uagb-image .wp-block-uagb-image--layout-overlay__inner .uagb-image-separator{width: 30%;border-top-width: 2px;border-top-color: #fff;opacity: 0;}.uagb-block-e6f939b3.wp-block-uagb-image .wp-block-uagb-image__figure img{width: px;height: auto;}.uagb-block-e6f939b3.wp-block-uagb-image .wp-block-uagb-image__figure:hover .wp-block-uagb-image--layout-overlay__inner .uagb-image-caption{opacity: 1;}.uagb-block-e6f939b3.wp-block-uagb-image .wp-block-uagb-image__figure:hover .wp-block-uagb-image--layout-overlay__inner .uagb-image-separator{opacity: 1;}.uagb-block-e6f939b3.wp-block-uagb-image--layout-default figure:hover img{box-shadow: 0px 0px 0 #00000070;}.uagb-block-e6f939b3.wp-block-uagb-image--layout-overlay figure:hover img{box-shadow: 0px 0px 0 #00000070;}@media only screen and (max-width: 976px) {.uagb-block-e6f939b3.wp-block-uagb-image .wp-block-uagb-image__figure img{width: px;height: auto;}}@media only screen and (max-width: 767px) {.uagb-block-e6f939b3.wp-block-uagb-image .wp-block-uagb-image__figure img{width: px;height: auto;}}\";s:2:\"js\";s:0:\"\";s:18:\"current_block_list\";a:13:{i:0;s:11:\"core\/search\";i:1;s:10:\"core\/group\";i:2;s:12:\"core\/heading\";i:3;s:17:\"core\/latest-posts\";i:4;s:20:\"core\/latest-comments\";i:5;s:13:\"core\/archives\";i:6;s:15:\"core\/categories\";i:7;s:14:\"core\/paragraph\";i:8;s:10:\"uagb\/image\";i:9;s:11:\"core\/spacer\";i:10;s:30:\"woocommerce\/product-categories\";i:11;s:10:\"core\/image\";i:12;s:14:\"core\/shortcode\";}s:8:\"uag_flag\";b:1;s:11:\"uag_version\";s:10:\"1777102511\";s:6:\"gfonts\";a:0:{}s:10:\"gfonts_url\";s:0:\"\";s:12:\"gfonts_files\";a:0:{}s:14:\"uag_faq_layout\";b:0;}"]},"uagb_featured_image_src":{"full":["https:\/\/www.ferberpainting.com\/wp-content\/uploads\/2025\/05\/Mortar-Water-Repellent-5L-.png",2560,2560,false],"thumbnail":["https:\/\/www.ferberpainting.com\/wp-content\/uploads\/2025\/05\/Mortar-Water-Repellent-5L--150x150.png",150,150,true],"medium":["https:\/\/www.ferberpainting.com\/wp-content\/uploads\/2025\/05\/Mortar-Water-Repellent-5L--300x300.png",300,300,true],"medium_large":["https:\/\/www.ferberpainting.com\/wp-content\/uploads\/2025\/05\/Mortar-Water-Repellent-5L--768x768.png",768,768,true],"large":["https:\/\/www.ferberpainting.com\/wp-content\/uploads\/2025\/05\/Mortar-Water-Repellent-5L--1024x1024.png",1024,1024,true],"1536x1536":["https:\/\/www.ferberpainting.com\/wp-content\/uploads\/2025\/05\/Mortar-Water-Repellent-5L--1536x1536.png",1536,1536,true],"2048x2048":["https:\/\/www.ferberpainting.com\/wp-content\/uploads\/2025\/05\/Mortar-Water-Repellent-5L--2048x2048.png",2048,2048,true],"trp-custom-language-flag":["https:\/\/www.ferberpainting.com\/wp-content\/uploads\/2025\/05\/Mortar-Water-Repellent-5L--12x12.png",12,12,true],"woocommerce_thumbnail":["https:\/\/www.ferberpainting.com\/wp-content\/uploads\/2025\/05\/Mortar-Water-Repellent-5L--300x300.png",300,300,true],"woocommerce_single":["https:\/\/www.ferberpainting.com\/wp-content\/uploads\/2025\/05\/Mortar-Water-Repellent-5L--600x600.png",600,600,true],"woocommerce_gallery_thumbnail":["https:\/\/www.ferberpainting.com\/wp-content\/uploads\/2025\/05\/Mortar-Water-Repellent-5L--100x100.png",100,100,true]},"uagb_author_info":{"display_name":"admin","author_link":"https:\/\/www.ferberpainting.com\/pl\/author\/"},"uagb_comment_info":34,"uagb_excerpt":"Effective protection against moisture. The mortar waterproofer is designed to provide exceptional protection to mortar surfaces against moisture, water infiltration, and stains. It creates an impermeable barrier that prevents water from penetrating while allowing the surface to breathe, which helps preserve the strength and longevity of your mortar structures, whether exterior walls, foundations, or screeds.&hellip;","_links":{"self":[{"href":"https:\/\/www.ferberpainting.com\/pl\/wp-json\/wp\/v2\/product\/24717","targetHints":{"allow":["GET"]}}],"collection":[{"href":"https:\/\/www.ferberpainting.com\/pl\/wp-json\/wp\/v2\/product"}],"about":[{"href":"https:\/\/www.ferberpainting.com\/pl\/wp-json\/wp\/v2\/types\/product"}],"replies":[{"embeddable":true,"href":"https:\/\/www.ferberpainting.com\/pl\/wp-json\/wp\/v2\/comments?post=24717"}],"version-history":[{"count":3,"href":"https:\/\/www.ferberpainting.com\/pl\/wp-json\/wp\/v2\/product\/24717\/revisions"}],"predecessor-version":[{"id":166611,"href":"https:\/\/www.ferberpainting.com\/pl\/wp-json\/wp\/v2\/product\/24717\/revisions\/166611"}],"wp:featuredmedia":[{"embeddable":true,"href":"https:\/\/www.ferberpainting.com\/pl\/wp-json\/wp\/v2\/media\/36077"}],"wp:attachment":[{"href":"https:\/\/www.ferberpainting.com\/pl\/wp-json\/wp\/v2\/media?parent=24717"}],"wp:term":[{"taxonomy":"product_brand","embeddable":true,"href":"https:\/\/www.ferberpainting.com\/pl\/wp-json\/wp\/v2\/product_brand?post=24717"},{"taxonomy":"product_cat","embeddable":true,"href":"https:\/\/www.ferberpainting.com\/pl\/wp-json\/wp\/v2\/product_cat?post=24717"},{"taxonomy":"product_tag","embeddable":true,"href":"https:\/\/www.ferberpainting.com\/pl\/wp-json\/wp\/v2\/product_tag?post=24717"}],"curies":[{"name":"wp","href":"https:\/\/api.w.org\/{rel}","templated":true}]}}