{"id":24711,"date":"2025-05-26T10:26:44","date_gmt":"2025-05-26T08:26:44","guid":{"rendered":"https:\/\/www.ferberpainting.com\/products\/money-tree-fertilizer\/"},"modified":"2026-02-15T22:05:22","modified_gmt":"2026-02-15T21:05:22","slug":"money-tree-fertilizer","status":"publish","type":"product","link":"https:\/\/www.ferberpainting.com\/pl\/products\/money-tree-fertilizer\/","title":{"rendered":"Naw\u00f3z do drzewa pieni\u0119\u017cnego"},"content":{"rendered":"<p><strong><img decoding=\"async\" style=\"margin-right: 12px;\" src=\"https:\/\/www.ferberpainting.com\/wp-content\/uploads\/2026\/02\/Check.svg\" alt=\"\" width=\"18\" height=\"15\" \/>Zr\u00f3wnowa\u017cony naw\u00f3z dla silnej i bujnej pachiry.<\/strong>\u00a0Pachira aquatica, znana r\u00f3wnie\u017c jako \u201cdrzewo pieni\u0119dzy\u201d, to popularna ro\u015blina domowa ceniona za pleciony pie\u0144 i b\u0142yszcz\u0105ce, g\u0119ste li\u015bcie. Aby zapewni\u0107 bujny wzrost i harmonijny rozw\u00f3j, konieczne jest zapewnienie jej odpowiedniego od\u017cywiania. Ten naw\u00f3z NPK 15-15-15 zapewnia idealn\u0105 r\u00f3wnowag\u0119 azotu (N) w celu pobudzenia li\u015bci, fosforu (P) w celu wzmocnienia korzeni i potasu (K) w celu zwi\u0119kszenia odporno\u015bci na choroby i zmiany temperatury. Dzi\u0119ki temu kompletnemu sk\u0142adowi pachira zyska \u017cywe li\u015bcie, wi\u0119ksz\u0105 \u017cywotno\u015b\u0107 i optymalny rozw\u00f3j.<\/p>\n<p><strong><img decoding=\"async\" style=\"margin-right: 12px;\" src=\"https:\/\/www.ferberpainting.com\/wp-content\/uploads\/2026\/02\/Check.svg\" alt=\"\" width=\"18\" height=\"15\" \/>Gwarancja zwrotu pieni\u0119dzy.<\/strong>\u00a0Mamy pe\u0142ne zaufanie do skuteczno\u015bci naszego nawozu do pachira, dlatego oferujemy gwarancj\u0119 zwrotu pieni\u0119dzy. Je\u015bli po regularnym stosowaniu i zgodnie z naszymi zaleceniami nie zauwa\u017cysz znacz\u0105cej poprawy wzrostu i witalno\u015bci ro\u015bliny, obiecujemy zwr\u00f3ci\u0107 Ci pieni\u0105dze.<\/p>\n<p><strong><img decoding=\"async\" style=\"margin-right: 12px;\" src=\"https:\/\/www.ferberpainting.com\/wp-content\/uploads\/2026\/02\/Check.svg\" alt=\"\" width=\"18\" height=\"15\" \/>Nadaje si\u0119 do wszystkich rodzaj\u00f3w pod\u0142o\u017cy i \u015brodowisk.<\/strong>\u00a0Naw\u00f3z ten jest wszechstronny i skuteczny na wszystkich rodzajach gleby i pod\u0142o\u017ca, niezale\u017cnie od tego, czy jest to uniwersalna ziemia doniczkowa, dobrze przepuszczalna mieszanka dla ro\u015blin egzotycznych, czy nawet specjalne pod\u0142o\u017ca dla ro\u015blin tropikalnych. Nadaje si\u0119 r\u00f3wnie\u017c do pachiras uprawianych w doniczkach w pomieszczeniach lub w otwartym terenie w ciep\u0142ym i wilgotnym klimacie. Dzi\u0119ki zr\u00f3wnowa\u017conemu sk\u0142adowi jest kompatybilna ze wszystkimi rodzajami podlewania i nie zmienia struktury gleby ani pod\u0142o\u017ca.<\/p>\n<p><strong><img decoding=\"async\" style=\"margin-right: 12px;\" src=\"https:\/\/www.ferberpainting.com\/wp-content\/uploads\/2026\/02\/Check.svg\" alt=\"\" width=\"18\" height=\"15\" \/>Doskona\u0142a warto\u015b\u0107 ekonomiczna i d\u0142ugotrwa\u0142y efekt.<\/strong>\u00a0Naw\u00f3z ten jest dost\u0119pny w postaci p\u0142ynnej do rozcie\u0144czania, umo\u017cliwiaj\u0105c szybkie i skuteczne wch\u0142anianie przez korzenie. Z wydajno\u015bci\u0105 5 ml na litr wody, 5-litrowa puszka przygotowuje do 1000 litr\u00f3w gotowego do u\u017cycia roztworu, zapewniaj\u0105c nawo\u017cenie trwaj\u0105ce kilka miesi\u0119cy. Jego skoncentrowana formu\u0142a zapobiega marnotrawstwu i zapewnia stopniowe i sta\u0142e dostarczanie sk\u0142adnik\u00f3w od\u017cywczych.<\/p>\n<p><strong><img decoding=\"async\" style=\"margin-right: 12px;\" src=\"https:\/\/www.ferberpainting.com\/wp-content\/uploads\/2026\/02\/Check.svg\" alt=\"\" width=\"18\" height=\"15\" \/>Nietoksyczny i przyjazny dla \u015brodowiska naw\u00f3z.<\/strong>\u00a0Naw\u00f3z ten nie zawiera agresywnych chemikali\u00f3w, dzi\u0119ki czemu jest bezpiecznym i przyjaznym dla \u015brodowiska wyborem dla pachira i twojego wn\u0119trza. Zosta\u0142 zaprojektowany z my\u015bl\u0105 o zachowaniu r\u00f3wnowagi gleby, jednocze\u015bnie promuj\u0105c bior\u00f3\u017cnorodno\u015b\u0107 mikrobiologiczn\u0105 niezb\u0119dn\u0105 dla zdrowych korzeni. Nie wydziela silnego zapachu i nie stanowi zagro\u017cenia dla zwierz\u0105t domowych, zapewniaj\u0105c ca\u0142kowicie bezpieczne u\u017cytkowanie.<\/p>\n<p><strong><img decoding=\"async\" style=\"margin-right: 12px;\" src=\"https:\/\/www.ferberpainting.com\/wp-content\/uploads\/2026\/02\/Check.svg\" alt=\"\" width=\"18\" height=\"15\" \/>\u0141atwa aplikacja i nawo\u017cenie bez wysi\u0142ku.<\/strong>\u00a0W przeciwie\u0144stwie do nawoz\u00f3w sta\u0142ych, kt\u00f3re wymagaj\u0105 wprowadzenia do gleby, ten p\u0142ynny naw\u00f3z po prostu rozcie\u0144cza si\u0119 w wodzie do podlewania. Wystarczy doda\u0107 zalecan\u0105 dawk\u0119 i podlewa\u0107 pachir\u0119 jak zwykle. Jego szybka i wydajna aplikacja jest odpowiednia zar\u00f3wno dla pocz\u0105tkuj\u0105cych ogrodnik\u00f3w, jak i mi\u0142o\u015bnik\u00f3w ro\u015blin tropikalnych.<\/p>\n<p><strong><img decoding=\"async\" style=\"margin-right: 12px;\" src=\"https:\/\/www.ferberpainting.com\/wp-content\/uploads\/2026\/02\/Check.svg\" alt=\"\" width=\"18\" height=\"15\" \/>Szybkie dzia\u0142anie zapewniaj\u0105ce widoczne rezultaty w ci\u0105gu kilku tygodni.<\/strong>\u00a0Od pierwszych tygodni stosowania mo\u017cna zaobserwowa\u0107 szybszy wzrost, g\u0119stsze i bardziej kolorowe li\u015bcie oraz intensywniejsz\u0105 ziele\u0144. Dzi\u0119ki szybkiej asymilacji przez korzenie naw\u00f3z ten zach\u0119ca do produkcji nowych li\u015bci i wzmacnia struktur\u0119 ro\u015bliny. Pomaga r\u00f3wnie\u017c przyspieszy\u0107 regeneracj\u0119 os\u0142abionych pachiras i zmniejszy\u0107 ryzyko \u017c\u00f3\u0142kni\u0119cia lub utraty li\u015bci.<\/p>\n<p><strong><img decoding=\"async\" style=\"margin-right: 12px;\" src=\"https:\/\/www.ferberpainting.com\/wp-content\/uploads\/2026\/02\/Check.svg\" alt=\"\" width=\"18\" height=\"15\" \/>Zr\u00f3wnowa\u017cone nawo\u017cenie dla ci\u0105g\u0142ego wzrostu.<\/strong>\u00a0Dzi\u0119ki stopniowemu uwalnianiu sk\u0142adnik\u00f3w od\u017cywczych naw\u00f3z ten zapewnia sta\u0142e od\u017cywianie przez kilka tygodni, unikaj\u0105c niedobor\u00f3w i zapewniaj\u0105c sta\u0142y wzrost. Zwi\u0119ksza odporno\u015b\u0107 pachiry na zmieniaj\u0105ce si\u0119 warunki klimatyczne, szkodniki i choroby, zapewniaj\u0105c zdrow\u0105 ro\u015blin\u0119 przez ca\u0142y rok.<\/p>\n<h2>Instrukcje<\/h2>\n<p><strong>Zalecane dawkowanie <\/strong>:<\/p>\n<ul>\n<li><strong>Pachira w garnku <\/strong>: Rozcie\u0144czy\u0107 5 ml nawozu w 1 litrze wody.<br \/>\n<strong>Pachira w ziemi<\/strong>: Zastosuj przygotowany roztw\u00f3r bezpo\u015brednio u podstawy ro\u015bliny.<\/li>\n<li><strong>M\u0142ode ro\u015bliny <\/strong>: Zmniejszy\u0107 dawk\u0119 do 2,5 ml na litr wody, aby unikn\u0105\u0107 nadmiernego nawo\u017cenia.<\/li>\n<\/ul>\n<p><strong>Metoda aplikacji <\/strong>:<\/p>\n<ul>\n<li><strong>Przez podlewanie <\/strong>: Wla\u0107 roztw\u00f3r od\u017cywczy wok\u00f3\u0142 podstawy pachira, unikaj\u0105c nadmiernego zwil\u017cenia li\u015bci.<\/li>\n<li><strong>Przez oprysk dolistny<\/strong> (jako suplement): Lekko spryska\u0107 li\u015bcie bardzo rozcie\u0144czonym roztworem (1 ml na litr), aby zwi\u0119kszy\u0107 wch\u0142anianie sk\u0142adnik\u00f3w od\u017cywczych.<\/li>\n<\/ul>\n<p><strong>Cz\u0119stotliwo\u015b\u0107 stosowania <\/strong>:<\/p>\n<ul>\n<li><strong>W okresie aktywnego wzrostu (wiosna-lato) <\/strong>: Naw\u00f3z nale\u017cy stosowa\u0107 co 15 dni, aby stymulowa\u0107 wzrost i tworzenie nowych li\u015bci.<\/li>\n<li><strong>W okresie odpoczynku (jesie\u0144-zima) <\/strong>: Ograniczy\u0107 stosowanie do jednego razu w miesi\u0105cu, aby utrzyma\u0107 wigor bez nadmiernego pobudzania ro\u015bliny.<\/li>\n<\/ul>\n<p><strong>\u015arodki ostro\u017cno\u015bci dotycz\u0105ce u\u017cytkowania <\/strong>: Nie przedawkowa\u0107 nawozu, aby unikn\u0105\u0107 nadmiaru sk\u0142adnik\u00f3w od\u017cywczych, kt\u00f3re mog\u0142yby spali\u0107 korzenie lub spowodowa\u0107 niezr\u00f3wnowa\u017cony rozw\u00f3j li\u015bci. Zawsze podlewaj po zastosowaniu, aby zapewni\u0107 lepsz\u0105 dyfuzj\u0119 sk\u0142adnik\u00f3w od\u017cywczych.<\/p>\n<p><strong>Przechowywanie i konserwacja <\/strong>: Naw\u00f3z nale\u017cy przechowywa\u0107 w ch\u0142odnym, suchym miejscu, z dala od bezpo\u015bredniego \u015bwiat\u0142a i ekstremalnych temperatur. Zawsze szczelnie zamykaj pojemnik po ka\u017cdym u\u017cyciu, aby zachowa\u0107 skuteczno\u015b\u0107 produktu.<\/p>\n<p>Dzi\u0119ki temu nawozowi dla pachira, zapewnisz swojej tropikalnej ro\u015blinie kompletn\u0105 i zbilansowan\u0105 diet\u0119, zapewniaj\u0105c bujne li\u015bcie, energiczny wzrost i lepsz\u0105 odporno\u015b\u0107 na agresj\u0119 zewn\u0119trzn\u0105. Zar\u00f3wno w doniczce, jak i w gruncie, ten \u0142atwy w u\u017cyciu i op\u0142acalny roztw\u00f3r od\u017cywczy pozwala na prost\u0105 i skuteczn\u0105 piel\u0119gnacj\u0119 ro\u015bliny.<\/p>","protected":false},"excerpt":{"rendered":"<p>A balanced fertilizer for a strong and lush pachira.\u00a0Pachira aquatica, also known as the &#8220;money tree,&#8221; is a popular houseplant appreciated for its braided trunk and shiny, dense foliage. To ensure vigorous growth and harmonious development, it is essential to provide it with suitable nutrition. This NPK 15-15-15 fertilizer provides the perfect balance of nitrogen [&hellip;]<\/p>\n","protected":false},"featured_media":26589,"comment_status":"open","ping_status":"closed","template":"","meta":{"_uag_custom_page_level_css":"","site-sidebar-layout":"default","site-content-layout":"","ast-site-content-layout":"default","site-content-style":"default","site-sidebar-style":"default","ast-global-header-display":"","ast-banner-title-visibility":"","ast-main-header-display":"","ast-hfb-above-header-display":"","ast-hfb-below-header-display":"","ast-hfb-mobile-header-display":"","site-post-title":"","ast-breadcrumbs-content":"","ast-featured-img":"","footer-sml-layout":"","ast-disable-related-posts":"","theme-transparent-header-meta":"default","adv-header-id-meta":"","stick-header-meta":"","header-above-stick-meta":"","header-main-stick-meta":"","header-below-stick-meta":"","astra-migrate-meta-layouts":"set","ast-page-background-enabled":"default","ast-page-background-meta":{"desktop":{"background-color":"var(--ast-global-color-4)","background-image":"","background-repeat":"repeat","background-position":"center center","background-size":"auto","background-attachment":"scroll","background-type":"","background-media":"","overlay-type":"","overlay-color":"","overlay-opacity":"","overlay-gradient":""},"tablet":{"background-color":"","background-image":"","background-repeat":"repeat","background-position":"center center","background-size":"auto","background-attachment":"scroll","background-type":"","background-media":"","overlay-type":"","overlay-color":"","overlay-opacity":"","overlay-gradient":""},"mobile":{"background-color":"","background-image":"","background-repeat":"repeat","background-position":"center center","background-size":"auto","background-attachment":"scroll","background-type":"","background-media":"","overlay-type":"","overlay-color":"","overlay-opacity":"","overlay-gradient":""}},"ast-content-background-meta":{"desktop":{"background-color":"var(--ast-global-color-5)","background-image":"","background-repeat":"repeat","background-position":"center center","background-size":"auto","background-attachment":"scroll","background-type":"","background-media":"","overlay-type":"","overlay-color":"","overlay-opacity":"","overlay-gradient":""},"tablet":{"background-color":"var(--ast-global-color-5)","background-image":"","background-repeat":"repeat","background-position":"center center","background-size":"auto","background-attachment":"scroll","background-type":"","background-media":"","overlay-type":"","overlay-color":"","overlay-opacity":"","overlay-gradient":""},"mobile":{"background-color":"var(--ast-global-color-5)","background-image":"","background-repeat":"repeat","background-position":"center center","background-size":"auto","background-attachment":"scroll","background-type":"","background-media":"","overlay-type":"","overlay-color":"","overlay-opacity":"","overlay-gradient":""}}},"product_brand":[],"product_cat":[178],"product_tag":[],"class_list":{"0":"post-24711","1":"product","2":"type-product","3":"status-publish","4":"has-post-thumbnail","6":"product_cat-fertilizers","7":"desktop-align-left","8":"tablet-align-left","9":"mobile-align-left","11":"first","12":"instock","13":"sale","14":"taxable","15":"shipping-taxable","16":"purchasable","17":"product-type-variable","18":"has-default-attributes"},"spectra_custom_meta":{"_visibility":["visible"],"_shopify_product_id":["9068022006005"],"_s2w_shopify_domain":["ferberpainting.myshopify.com"],"_shopify_variant_id":["46509848264949"],"_sku":[""],"_manage_stock":["no"],"total_sales":["2"],"_tax_status":["taxable"],"_tax_class":[""],"_backorders":["no"],"_sold_individually":["no"],"_virtual":["no"],"_downloadable":["no"],"_download_limit":["-1"],"_download_expiry":["-1"],"_stock":[null],"_stock_status":["instock"],"_wc_average_rating":["4.71"],"_wc_review_count":["7"],"_product_attributes":["a:1:{s:6:\"volume\";a:6:{s:4:\"name\";s:6:\"Volume\";s:5:\"value\";s:20:\"5 liters | 25 liters\";s:8:\"position\";i:1;s:10:\"is_visible\";i:0;s:12:\"is_variation\";i:1;s:11:\"is_taxonomy\";i:0;}}"],"_product_version":["10.5.1"],"_thumbnail_id":["26589"],"_product_image_gallery":["26590"],"wpse_downloadable_file_names":[""],"wpse_downloadable_file_urls":[""],"_edit_last":["1"],"_default_attributes":["a:1:{s:6:\"volume\";s:8:\"5 liters\";}"],"_edit_lock":["1771189570:1"],"_price":["29.90","129.90"],"merchant-center-availability":["yes"],"merchant-center-category":["113"],"_wp_page_template":["default"],"site-sidebar-layout":["default"],"ast-site-content-layout":["default"],"site-content-style":["default"],"site-sidebar-style":["default"],"theme-transparent-header-meta":["default"],"_wc_rating_count":["a:2:{i:4;i:2;i:5;i:5;}"],"astra-migrate-meta-layouts":["set"],"_uag_css_file_name":["uag-css-24711.css"],"_elementor_page_assets":["a:0:{}"],"_uag_page_assets":["a:9:{s:3:\"css\";s:7133:\".uag-blocks-common-selector{z-index:var(--z-index-desktop) !important}@media(max-width: 976px){.uag-blocks-common-selector{z-index:var(--z-index-tablet) !important}}@media(max-width: 767px){.uag-blocks-common-selector{z-index:var(--z-index-mobile) !important}}.wp-block-uagb-image{display:flex}.wp-block-uagb-image__figure{position:relative;display:flex;flex-direction:column;max-width:100%;height:auto;margin:0}.wp-block-uagb-image__figure img{height:auto;display:flex;max-width:100%;transition:box-shadow .2s ease}.wp-block-uagb-image__figure>a{display:inline-block}.wp-block-uagb-image__figure figcaption{text-align:center;margin-top:.5em;margin-bottom:1em}.wp-block-uagb-image .components-placeholder.block-editor-media-placeholder .components-placeholder__instructions{align-self:center}.wp-block-uagb-image--align-left{text-align:left}.wp-block-uagb-image--align-right{text-align:right}.wp-block-uagb-image--align-center{text-align:center}.wp-block-uagb-image--align-full .wp-block-uagb-image__figure{margin-left:calc(50% - 50vw);margin-right:calc(50% - 50vw);max-width:100vw;width:100vw;height:auto}.wp-block-uagb-image--align-full .wp-block-uagb-image__figure img{height:auto;width:100% !important}.wp-block-uagb-image--align-wide .wp-block-uagb-image__figure img{height:auto;width:100%}.wp-block-uagb-image--layout-overlay__color-wrapper{position:absolute;left:0;top:0;right:0;bottom:0;opacity:.2;background:rgba(0,0,0,.5);transition:opacity .35s ease-in-out}.wp-block-uagb-image--layout-overlay-link{position:absolute;left:0;right:0;bottom:0;top:0}.wp-block-uagb-image--layout-overlay .wp-block-uagb-image__figure:hover .wp-block-uagb-image--layout-overlay__color-wrapper{opacity:1}.wp-block-uagb-image--layout-overlay__inner{position:absolute;left:15px;right:15px;bottom:15px;top:15px;display:flex;align-items:center;justify-content:center;flex-direction:column;border-color:#fff;transition:.35s ease-in-out}.wp-block-uagb-image--layout-overlay__inner.top-left,.wp-block-uagb-image--layout-overlay__inner.top-center,.wp-block-uagb-image--layout-overlay__inner.top-right{justify-content:flex-start}.wp-block-uagb-image--layout-overlay__inner.bottom-left,.wp-block-uagb-image--layout-overlay__inner.bottom-center,.wp-block-uagb-image--layout-overlay__inner.bottom-right{justify-content:flex-end}.wp-block-uagb-image--layout-overlay__inner.top-left,.wp-block-uagb-image--layout-overlay__inner.center-left,.wp-block-uagb-image--layout-overlay__inner.bottom-left{align-items:flex-start}.wp-block-uagb-image--layout-overlay__inner.top-right,.wp-block-uagb-image--layout-overlay__inner.center-right,.wp-block-uagb-image--layout-overlay__inner.bottom-right{align-items:flex-end}.wp-block-uagb-image--layout-overlay__inner .uagb-image-heading{color:#fff;transition:transform .35s,opacity .35s ease-in-out;transform:translate3d(0, 24px, 0);margin:0;line-height:1em}.wp-block-uagb-image--layout-overlay__inner .uagb-image-separator{width:30%;border-top-width:2px;border-top-color:#fff;border-top-style:solid;margin-bottom:10px;opacity:0;transition:transform .4s,opacity .4s ease-in-out;transform:translate3d(0, 30px, 0)}.wp-block-uagb-image--layout-overlay__inner .uagb-image-caption{opacity:0;overflow:visible;color:#fff;transition:transform .45s,opacity .45s ease-in-out;transform:translate3d(0, 35px, 0)}.wp-block-uagb-image--layout-overlay__inner:hover .uagb-image-heading,.wp-block-uagb-image--layout-overlay__inner:hover .uagb-image-separator,.wp-block-uagb-image--layout-overlay__inner:hover .uagb-image-caption{opacity:1;transform:translate3d(0, 0, 0)}.wp-block-uagb-image--effect-zoomin .wp-block-uagb-image__figure img,.wp-block-uagb-image--effect-zoomin .wp-block-uagb-image__figure .wp-block-uagb-image--layout-overlay__color-wrapper{transform:scale(1);transition:transform .35s ease-in-out}.wp-block-uagb-image--effect-zoomin .wp-block-uagb-image__figure:hover img,.wp-block-uagb-image--effect-zoomin .wp-block-uagb-image__figure:hover .wp-block-uagb-image--layout-overlay__color-wrapper{transform:scale(1.05)}.wp-block-uagb-image--effect-slide .wp-block-uagb-image__figure img,.wp-block-uagb-image--effect-slide .wp-block-uagb-image__figure .wp-block-uagb-image--layout-overlay__color-wrapper{width:calc(100% + 40px) !important;max-width:none !important;transform:translate3d(-40px, 0, 0);transition:transform .35s ease-in-out}.wp-block-uagb-image--effect-slide .wp-block-uagb-image__figure:hover img,.wp-block-uagb-image--effect-slide .wp-block-uagb-image__figure:hover .wp-block-uagb-image--layout-overlay__color-wrapper{transform:translate3d(0, 0, 0)}.wp-block-uagb-image--effect-grayscale img{filter:grayscale(0%);transition:.35s ease-in-out}.wp-block-uagb-image--effect-grayscale:hover img{filter:grayscale(100%)}.wp-block-uagb-image--effect-blur img{filter:blur(0);transition:.35s ease-in-out}.wp-block-uagb-image--effect-blur:hover img{filter:blur(3px)}.uagb-block-e6f939b3.wp-block-uagb-image--layout-default figure img{box-shadow: 0px 0px 0 #00000070;}.uagb-block-e6f939b3.wp-block-uagb-image .wp-block-uagb-image__figure figcaption{font-style: normal;align-self: center;}.uagb-block-e6f939b3.wp-block-uagb-image--layout-overlay figure img{box-shadow: 0px 0px 0 #00000070;}.uagb-block-e6f939b3.wp-block-uagb-image--layout-overlay .wp-block-uagb-image--layout-overlay__color-wrapper{opacity: 0.2;}.uagb-block-e6f939b3.wp-block-uagb-image--layout-overlay .wp-block-uagb-image--layout-overlay__inner{left: 15px;right: 15px;top: 15px;bottom: 15px;}.uagb-block-e6f939b3.wp-block-uagb-image--layout-overlay .wp-block-uagb-image--layout-overlay__inner .uagb-image-heading{font-style: normal;color: #fff;opacity: 1;}.uagb-block-e6f939b3.wp-block-uagb-image--layout-overlay .wp-block-uagb-image--layout-overlay__inner .uagb-image-heading a{color: #fff;}.uagb-block-e6f939b3.wp-block-uagb-image--layout-overlay .wp-block-uagb-image--layout-overlay__inner .uagb-image-caption{opacity: 0;}.uagb-block-e6f939b3.wp-block-uagb-image--layout-overlay .wp-block-uagb-image__figure:hover .wp-block-uagb-image--layout-overlay__color-wrapper{opacity: 1;}.uagb-block-e6f939b3.wp-block-uagb-image .wp-block-uagb-image--layout-overlay__inner .uagb-image-separator{width: 30%;border-top-width: 2px;border-top-color: #fff;opacity: 0;}.uagb-block-e6f939b3.wp-block-uagb-image .wp-block-uagb-image__figure img{width: px;height: auto;}.uagb-block-e6f939b3.wp-block-uagb-image .wp-block-uagb-image__figure:hover .wp-block-uagb-image--layout-overlay__inner .uagb-image-caption{opacity: 1;}.uagb-block-e6f939b3.wp-block-uagb-image .wp-block-uagb-image__figure:hover .wp-block-uagb-image--layout-overlay__inner .uagb-image-separator{opacity: 1;}.uagb-block-e6f939b3.wp-block-uagb-image--layout-default figure:hover img{box-shadow: 0px 0px 0 #00000070;}.uagb-block-e6f939b3.wp-block-uagb-image--layout-overlay figure:hover img{box-shadow: 0px 0px 0 #00000070;}@media only screen and (max-width: 976px) {.uagb-block-e6f939b3.wp-block-uagb-image .wp-block-uagb-image__figure img{width: px;height: auto;}}@media only screen and (max-width: 767px) {.uagb-block-e6f939b3.wp-block-uagb-image .wp-block-uagb-image__figure img{width: px;height: auto;}}\";s:2:\"js\";s:0:\"\";s:18:\"current_block_list\";a:13:{i:0;s:11:\"core\/search\";i:1;s:10:\"core\/group\";i:2;s:12:\"core\/heading\";i:3;s:17:\"core\/latest-posts\";i:4;s:20:\"core\/latest-comments\";i:5;s:13:\"core\/archives\";i:6;s:15:\"core\/categories\";i:7;s:14:\"core\/paragraph\";i:8;s:10:\"uagb\/image\";i:9;s:11:\"core\/spacer\";i:10;s:30:\"woocommerce\/product-categories\";i:11;s:10:\"core\/image\";i:12;s:14:\"core\/shortcode\";}s:8:\"uag_flag\";b:1;s:11:\"uag_version\";s:10:\"1777350563\";s:6:\"gfonts\";a:0:{}s:10:\"gfonts_url\";s:0:\"\";s:12:\"gfonts_files\";a:0:{}s:14:\"uag_faq_layout\";b:0;}"]},"uagb_featured_image_src":{"full":["https:\/\/www.ferberpainting.com\/wp-content\/uploads\/2025\/05\/MoneyTreeFertilizer5L.png",2560,2560,false],"thumbnail":["https:\/\/www.ferberpainting.com\/wp-content\/uploads\/2025\/05\/MoneyTreeFertilizer5L-150x150.png",150,150,true],"medium":["https:\/\/www.ferberpainting.com\/wp-content\/uploads\/2025\/05\/MoneyTreeFertilizer5L-300x300.png",300,300,true],"medium_large":["https:\/\/www.ferberpainting.com\/wp-content\/uploads\/2025\/05\/MoneyTreeFertilizer5L-768x768.png",768,768,true],"large":["https:\/\/www.ferberpainting.com\/wp-content\/uploads\/2025\/05\/MoneyTreeFertilizer5L-1024x1024.png",1024,1024,true],"1536x1536":["https:\/\/www.ferberpainting.com\/wp-content\/uploads\/2025\/05\/MoneyTreeFertilizer5L-1536x1536.png",1536,1536,true],"2048x2048":["https:\/\/www.ferberpainting.com\/wp-content\/uploads\/2025\/05\/MoneyTreeFertilizer5L-2048x2048.png",2048,2048,true],"trp-custom-language-flag":["https:\/\/www.ferberpainting.com\/wp-content\/uploads\/2025\/05\/MoneyTreeFertilizer5L-12x12.png",12,12,true],"woocommerce_thumbnail":["https:\/\/www.ferberpainting.com\/wp-content\/uploads\/2025\/05\/MoneyTreeFertilizer5L-300x300.png",300,300,true],"woocommerce_single":["https:\/\/www.ferberpainting.com\/wp-content\/uploads\/2025\/05\/MoneyTreeFertilizer5L-600x600.png",600,600,true],"woocommerce_gallery_thumbnail":["https:\/\/www.ferberpainting.com\/wp-content\/uploads\/2025\/05\/MoneyTreeFertilizer5L-100x100.png",100,100,true]},"uagb_author_info":{"display_name":"admin","author_link":"https:\/\/www.ferberpainting.com\/pl\/author\/"},"uagb_comment_info":7,"uagb_excerpt":"A balanced fertilizer for a strong and lush pachira.\u00a0Pachira aquatica, also known as the &#8220;money tree,&#8221; is a popular houseplant appreciated for its braided trunk and shiny, dense foliage. To ensure vigorous growth and harmonious development, it is essential to provide it with suitable nutrition. This NPK 15-15-15 fertilizer provides the perfect balance of nitrogen&hellip;","_links":{"self":[{"href":"https:\/\/www.ferberpainting.com\/pl\/wp-json\/wp\/v2\/product\/24711","targetHints":{"allow":["GET"]}}],"collection":[{"href":"https:\/\/www.ferberpainting.com\/pl\/wp-json\/wp\/v2\/product"}],"about":[{"href":"https:\/\/www.ferberpainting.com\/pl\/wp-json\/wp\/v2\/types\/product"}],"replies":[{"embeddable":true,"href":"https:\/\/www.ferberpainting.com\/pl\/wp-json\/wp\/v2\/comments?post=24711"}],"version-history":[{"count":4,"href":"https:\/\/www.ferberpainting.com\/pl\/wp-json\/wp\/v2\/product\/24711\/revisions"}],"predecessor-version":[{"id":166603,"href":"https:\/\/www.ferberpainting.com\/pl\/wp-json\/wp\/v2\/product\/24711\/revisions\/166603"}],"wp:featuredmedia":[{"embeddable":true,"href":"https:\/\/www.ferberpainting.com\/pl\/wp-json\/wp\/v2\/media\/26589"}],"wp:attachment":[{"href":"https:\/\/www.ferberpainting.com\/pl\/wp-json\/wp\/v2\/media?parent=24711"}],"wp:term":[{"taxonomy":"product_brand","embeddable":true,"href":"https:\/\/www.ferberpainting.com\/pl\/wp-json\/wp\/v2\/product_brand?post=24711"},{"taxonomy":"product_cat","embeddable":true,"href":"https:\/\/www.ferberpainting.com\/pl\/wp-json\/wp\/v2\/product_cat?post=24711"},{"taxonomy":"product_tag","embeddable":true,"href":"https:\/\/www.ferberpainting.com\/pl\/wp-json\/wp\/v2\/product_tag?post=24711"}],"curies":[{"name":"wp","href":"https:\/\/api.w.org\/{rel}","templated":true}]}}