{"id":23814,"date":"2025-05-26T10:25:40","date_gmt":"2025-05-26T08:25:40","guid":{"rendered":"https:\/\/www.ferberpainting.com\/products\/metal-varnish\/"},"modified":"2026-02-15T21:00:52","modified_gmt":"2026-02-15T20:00:52","slug":"metal-varnish","status":"publish","type":"product","link":"https:\/\/www.ferberpainting.com\/pl\/products\/metal-varnish\/","title":{"rendered":"Lakier do metalu"},"content":{"rendered":"<p><strong><img decoding=\"async\" style=\"margin-right: 12px;\" src=\"https:\/\/www.ferberpainting.com\/wp-content\/uploads\/2026\/02\/Check.svg\" alt=\"\" width=\"18\" height=\"15\" \/>Profesjonalna ochrona wszystkich powierzchni metalowych.<\/strong> Nasz lakier do metalu zosta\u0142 zaprojektowany w celu zapewnienia d\u0142ugotrwa\u0142ej ochrony i atrakcyjnego wyko\u0144czenia szerokiej gamy powierzchni metalowych, w tym stali, \u017celaza, aluminium, miedzi, mosi\u0105dzu, br\u0105zu i innych stop\u00f3w. Poprawia wygl\u0105d metalu, tworz\u0105c jednocze\u015bnie trwa\u0142\u0105 barier\u0119 przed czynnikami zewn\u0119trznymi, dzi\u0119ki czemu idealnie nadaje si\u0119 zar\u00f3wno do zastosowa\u0144 wewn\u0119trznych, jak i zewn\u0119trznych.<\/p>\n<p><strong><img decoding=\"async\" style=\"margin-right: 12px;\" src=\"https:\/\/www.ferberpainting.com\/wp-content\/uploads\/2026\/02\/Check.svg\" alt=\"\" width=\"18\" height=\"15\" \/>Najskuteczniejszy dost\u0119pny lakier do metalu.<\/strong> Nasza zaawansowana formu\u0142a penetruje i uszczelnia powierzchnie metalowe, tworz\u0105c tward\u0105, odporn\u0105 pow\u0142ok\u0119, kt\u00f3ra chroni przed rdz\u0105, utlenianiem, wilgoci\u0105 i zu\u017cyciem \u015brodowiskowym. Nie tylko poprawia wizualne wyko\u0144czenie, ale tak\u017ce znacznie wyd\u0142u\u017ca \u017cywotno\u015b\u0107 obrabianych powierzchni metalowych, przewy\u017cszaj\u0105c standardowe lakiery dost\u0119pne na rynku.<\/p>\n<p><strong><img decoding=\"async\" style=\"margin-right: 12px;\" src=\"https:\/\/www.ferberpainting.com\/wp-content\/uploads\/2026\/02\/Check.svg\" alt=\"\" width=\"18\" height=\"15\" \/>Bezkonkurencyjna cena.<\/strong> \u0141\u0105czymy najwy\u017csz\u0105 jako\u015b\u0107 z najbardziej konkurencyjnymi cenami. Uzyskujesz profesjonaln\u0105 ochron\u0119 i wyko\u0144czenie przy ni\u017cszych kosztach ni\u017c w przypadku por\u00f3wnywalnych produkt\u00f3w, zapewniaj\u0105c najlepsz\u0105 warto\u015b\u0107 w przeliczeniu na metr kwadratowy bez uszczerbku dla wydajno\u015bci.<\/p>\n<p><strong><img decoding=\"async\" style=\"margin-right: 12px;\" src=\"https:\/\/www.ferberpainting.com\/wp-content\/uploads\/2026\/02\/Check.svg\" alt=\"\" width=\"18\" height=\"15\" \/>Gwarancja zwrotu pieni\u0119dzy dla pe\u0142nego zaufania.<\/strong> W pe\u0142ni popieramy nasz produkt. Je\u015bli nie b\u0119dziesz zadowolony z rezultat\u00f3w, oferujemy gwarancj\u0119 zwrotu pieni\u0119dzy. Wystarczy skontaktowa\u0107 si\u0119 z nami, a my zwr\u00f3cimy pieni\u0105dze za zakup. Bez ryzyka, bez stresu - satysfakcja gwarantowana.<\/p>\n<p><strong><img decoding=\"async\" style=\"margin-right: 12px;\" src=\"https:\/\/www.ferberpainting.com\/wp-content\/uploads\/2026\/02\/Check.svg\" alt=\"\" width=\"18\" height=\"15\" \/>Szybka dostawa w ci\u0105gu 24 godzin bez wyj\u0105tku.<\/strong> Zawsze oferujemy 24-godzinn\u0105 dostaw\u0119, dzi\u0119ki czemu mo\u017cesz rozpocz\u0105\u0107 sw\u00f3j projekt bez op\u00f3\u017anie\u0144. Niezale\u017cnie od tego, czy chodzi o pilne naprawy, czy planowane remonty, mo\u017cesz na nas polega\u0107, je\u015bli chodzi o szybk\u0105 i niezawodn\u0105 wysy\u0142k\u0119.<\/p>\n<p><strong><img decoding=\"async\" style=\"margin-right: 12px;\" src=\"https:\/\/www.ferberpainting.com\/wp-content\/uploads\/2026\/02\/Check.svg\" alt=\"\" width=\"18\" height=\"15\" \/>Pokrycie do 10 m\u00b2 na litr zapewnia wydajne u\u017cytkowanie.<\/strong> Jeden litr naszego lakieru do metalu pokrywa do 10 metr\u00f3w kwadratowych, zapewniaj\u0105c doskona\u0142e pokrycie powierzchni i r\u00f3wnomiern\u0105 warstw\u0119 ochronn\u0105. To zoptymalizowane pokrycie u\u0142atwia obliczenie potrzeb i skuteczn\u0105 kontrol\u0119 bud\u017cetu.<\/p>\n<p><strong><img decoding=\"async\" style=\"margin-right: 12px;\" src=\"https:\/\/www.ferberpainting.com\/wp-content\/uploads\/2026\/02\/Check.svg\" alt=\"\" width=\"18\" height=\"15\" \/>Wysoka odporno\u015b\u0107 na rdz\u0119 i korozj\u0119.<\/strong> Powierzchnie metalowe s\u0105 stale nara\u017cone na dzia\u0142anie wilgoci i tlenu, kt\u00f3re powoduj\u0105 utlenianie. Nasz lakier tworzy tarcz\u0119 ochronn\u0105, kt\u00f3ra pomaga zapobiega\u0107 powstawaniu rdzy i korozji, zachowuj\u0105c integralno\u015b\u0107 strukturaln\u0105 i wygl\u0105d przez d\u0142ugi czas.<\/p>\n<p><strong><img decoding=\"async\" style=\"margin-right: 12px;\" src=\"https:\/\/www.ferberpainting.com\/wp-content\/uploads\/2026\/02\/Check.svg\" alt=\"\" width=\"18\" height=\"15\" \/>Poprawia wygl\u0105d dzi\u0119ki g\u0142adkiemu, trwa\u0142emu wyko\u0144czeniu.<\/strong> Opr\u00f3cz ochrony, nasz lakier do metalu poprawia atrakcyjno\u015b\u0107 wizualn\u0105 powierzchni, zapewniaj\u0105c jednolite, czyste wyko\u0144czenie, kt\u00f3re podkre\u015bla naturalny charakter metalu. Zapewnia elegancki, profesjonalny wygl\u0105d odpowiedni dla bram, balustrad, mebli, maszyn i element\u00f3w dekoracyjnych.<\/p>\n<p><strong><img decoding=\"async\" style=\"margin-right: 12px;\" src=\"https:\/\/www.ferberpainting.com\/wp-content\/uploads\/2026\/02\/Check.svg\" alt=\"\" width=\"18\" height=\"15\" \/>D\u0142ugotrwa\u0142a wytrzyma\u0142o\u015b\u0107 w warunkach wewn\u0119trznych i zewn\u0119trznych.<\/strong> Zaprojektowana, aby wytrzyma\u0107 zmiany temperatury, wilgotno\u015b\u0107 i codzienne zu\u017cycie, pow\u0142oka pozostaje stabilna i odporna nawet w wymagaj\u0105cych warunkach. Zmniejsza to potrzeb\u0119 cz\u0119stego ponownego nak\u0142adania i bie\u017c\u0105cej konserwacji.<\/p>\n<p><strong><img decoding=\"async\" style=\"margin-right: 12px;\" src=\"https:\/\/www.ferberpainting.com\/wp-content\/uploads\/2026\/02\/Check.svg\" alt=\"\" width=\"18\" height=\"15\" \/>\u0141atwa aplikacja dla profesjonalist\u00f3w i majsterkowicz\u00f3w.<\/strong> Nasz lakier do metalu jest \u0142atwy w u\u017cyciu za pomoc\u0105 p\u0119dzla, wa\u0142ka lub natrysku. Jego p\u0142ynna konsystencja zapewnia r\u00f3wnomierne rozprowadzanie bez nadmiernego kapania, dzi\u0119ki czemu nadaje si\u0119 zar\u00f3wno dla do\u015bwiadczonych profesjonalist\u00f3w, jak i u\u017cytkownik\u00f3w domowych zajmuj\u0105cych si\u0119 renowacj\u0105 lub konserwacj\u0105.<\/p>\n<h2><strong>Instrukcje<\/strong><\/h2>\n<ul>\n<li>Przed aplikacj\u0105 nale\u017cy upewni\u0107 si\u0119, \u017ce metalowa powierzchnia jest czysta, sucha i wolna od kurzu, smaru, oleju lub rdzy. Usun\u0105\u0107 lu\u017an\u0105 rdz\u0119 za pomoc\u0105 papieru \u015bciernego lub szczotki drucianej.<\/li>\n<li>W razie potrzeby odt\u0142u\u015b\u0107 powierzchni\u0119 odpowiednim \u015brodkiem czyszcz\u0105cym i pozw\u00f3l jej ca\u0142kowicie wyschn\u0105\u0107 przed na\u0142o\u017ceniem lakieru.<\/li>\n<li>Dok\u0142adnie wymieszaj produkt przed u\u017cyciem, aby zapewni\u0107 jednolit\u0105 mieszank\u0119.<\/li>\n<li>Na\u0142o\u017cy\u0107 cienk\u0105, r\u00f3wnomiern\u0105 warstw\u0119 za pomoc\u0105 p\u0119dzla, wa\u0142ka lub pistoletu natryskowego. Unikaj nak\u0142adania zbyt grubych warstw, poniewa\u017c mo\u017ce to wp\u0142yn\u0105\u0107 na schni\u0119cie i ko\u0144cow\u0105 jako\u015b\u0107 wyko\u0144czenia.<\/li>\n<li>Przestrzega\u0107 zalecanego dozowania: jeden litr wystarcza na 10 m\u00b2. Odpowiada to oko\u0142o 100 ml na metr kwadratowy dla optymalnej wydajno\u015bci.<\/li>\n<li>Pozostawi\u0107 pierwsz\u0105 warstw\u0119 do ca\u0142kowitego wyschni\u0119cia w zale\u017cno\u015bci od temperatury otoczenia i warunk\u00f3w wentylacji, zwykle od 4 do 6 godzin.<\/li>\n<li>W celu zwi\u0119kszenia ochrony i trwa\u0142o\u015bci nale\u017cy na\u0142o\u017cy\u0107 drug\u0105 warstw\u0119 po ca\u0142kowitym wyschni\u0119ciu pierwszej warstwy. Nie nale\u017cy przekracza\u0107 zalecanego ca\u0142kowitego pokrycia na warstw\u0119.<\/li>\n<li>Unikaj wystawiania zabezpieczonej powierzchni na dzia\u0142anie wilgoci lub intensywne u\u017cytkowanie przez co najmniej 24 godziny, aby umo\u017cliwi\u0107 pe\u0142ne utwardzenie.<\/li>\n<li>Narz\u0119dzia nale\u017cy czy\u015bci\u0107 natychmiast po u\u017cyciu za pomoc\u0105 odpowiedniego rozpuszczalnika zalecanego do produkt\u00f3w na bazie lakieru.<\/li>\n<li>Przechowywa\u0107 pojemnik szczelnie zamkni\u0119ty w ch\u0142odnym, suchym miejscu, z dala od bezpo\u015bredniego \u015bwiat\u0142a s\u0142onecznego i ekstremalnych temperatur, aby zachowa\u0107 jako\u015b\u0107 produktu.<\/li>\n<\/ul>","protected":false},"excerpt":{"rendered":"<p>Professional-grade protection for all metal surfaces. Our metal varnish is designed to provide long-lasting protection and an attractive finish for a wide range of metal surfaces, including steel, iron, aluminum, copper, brass, bronze and other alloys. It enhances the appearance of metal while forming a durable barrier against external elements, making it ideal for both [&hellip;]<\/p>\n","protected":false},"featured_media":26270,"comment_status":"open","ping_status":"closed","template":"","meta":{"_uag_custom_page_level_css":"","site-sidebar-layout":"default","site-content-layout":"","ast-site-content-layout":"default","site-content-style":"default","site-sidebar-style":"default","ast-global-header-display":"","ast-banner-title-visibility":"","ast-main-header-display":"","ast-hfb-above-header-display":"","ast-hfb-below-header-display":"","ast-hfb-mobile-header-display":"","site-post-title":"","ast-breadcrumbs-content":"","ast-featured-img":"","footer-sml-layout":"","ast-disable-related-posts":"","theme-transparent-header-meta":"default","adv-header-id-meta":"","stick-header-meta":"","header-above-stick-meta":"","header-main-stick-meta":"","header-below-stick-meta":"","astra-migrate-meta-layouts":"set","ast-page-background-enabled":"default","ast-page-background-meta":{"desktop":{"background-color":"var(--ast-global-color-4)","background-image":"","background-repeat":"repeat","background-position":"center center","background-size":"auto","background-attachment":"scroll","background-type":"","background-media":"","overlay-type":"","overlay-color":"","overlay-opacity":"","overlay-gradient":""},"tablet":{"background-color":"","background-image":"","background-repeat":"repeat","background-position":"center center","background-size":"auto","background-attachment":"scroll","background-type":"","background-media":"","overlay-type":"","overlay-color":"","overlay-opacity":"","overlay-gradient":""},"mobile":{"background-color":"","background-image":"","background-repeat":"repeat","background-position":"center center","background-size":"auto","background-attachment":"scroll","background-type":"","background-media":"","overlay-type":"","overlay-color":"","overlay-opacity":"","overlay-gradient":""}},"ast-content-background-meta":{"desktop":{"background-color":"var(--ast-global-color-5)","background-image":"","background-repeat":"repeat","background-position":"center center","background-size":"auto","background-attachment":"scroll","background-type":"","background-media":"","overlay-type":"","overlay-color":"","overlay-opacity":"","overlay-gradient":""},"tablet":{"background-color":"var(--ast-global-color-5)","background-image":"","background-repeat":"repeat","background-position":"center center","background-size":"auto","background-attachment":"scroll","background-type":"","background-media":"","overlay-type":"","overlay-color":"","overlay-opacity":"","overlay-gradient":""},"mobile":{"background-color":"var(--ast-global-color-5)","background-image":"","background-repeat":"repeat","background-position":"center center","background-size":"auto","background-attachment":"scroll","background-type":"","background-media":"","overlay-type":"","overlay-color":"","overlay-opacity":"","overlay-gradient":""}}},"product_brand":[],"product_cat":[190],"product_tag":[],"class_list":{"0":"post-23814","1":"product","2":"type-product","3":"status-publish","4":"has-post-thumbnail","6":"product_cat-varnish","7":"desktop-align-left","8":"tablet-align-left","9":"mobile-align-left","11":"first","12":"instock","13":"sale","14":"shipping-taxable","15":"purchasable","16":"product-type-variable","17":"has-default-attributes"},"spectra_custom_meta":{"_visibility":["visible"],"_shopify_product_id":["1328690167878"],"_s2w_shopify_domain":["ferberpainting.myshopify.com"],"_shopify_variant_id":["12158535794758"],"_sku":[""],"_manage_stock":["no"],"total_sales":["34"],"_tax_status":["taxable"],"_tax_class":[""],"_backorders":["no"],"_sold_individually":["no"],"_virtual":["no"],"_downloadable":["no"],"_download_limit":["-1"],"_download_expiry":["-1"],"_stock":[null],"_stock_status":["instock"],"_wc_average_rating":["4.93"],"_wc_review_count":["82"],"_product_attributes":["a:1:{s:6:\"volume\";a:6:{s:4:\"name\";s:6:\"Volume\";s:5:\"value\";s:30:\"1 liter | 5 liters | 20 liters\";s:8:\"position\";i:1;s:10:\"is_visible\";i:0;s:12:\"is_variation\";i:1;s:11:\"is_taxonomy\";i:0;}}"],"_product_version":["10.5.1"],"_thumbnail_id":["26270"],"_price":["19.90","89.90","299.90"],"_product_image_gallery":["26271,26272"],"merchant-center-availability":["yes"],"merchant-center-category":["503738"],"merchant-center-id":["VM"],"wpse_downloadable_file_names":[""],"wpse_downloadable_file_urls":[""],"_edit_last":["1"],"_default_attributes":["a:1:{s:6:\"volume\";s:7:\"1 liter\";}"],"_wc_rating_count":["a:3:{i:3;i:1;i:4;i:4;i:5;i:77;}"],"_edit_lock":["1771185532:1"],"_wp_page_template":["default"],"site-sidebar-layout":["default"],"ast-site-content-layout":["default"],"site-content-style":["default"],"site-sidebar-style":["default"],"theme-transparent-header-meta":["default"],"astra-migrate-meta-layouts":["set"],"_uag_css_file_name":["uag-css-23814.css"],"_elementor_page_assets":["a:0:{}"],"_uag_page_assets":["a:9:{s:3:\"css\";s:7133:\".uag-blocks-common-selector{z-index:var(--z-index-desktop) !important}@media(max-width: 976px){.uag-blocks-common-selector{z-index:var(--z-index-tablet) !important}}@media(max-width: 767px){.uag-blocks-common-selector{z-index:var(--z-index-mobile) !important}}.wp-block-uagb-image{display:flex}.wp-block-uagb-image__figure{position:relative;display:flex;flex-direction:column;max-width:100%;height:auto;margin:0}.wp-block-uagb-image__figure img{height:auto;display:flex;max-width:100%;transition:box-shadow .2s ease}.wp-block-uagb-image__figure>a{display:inline-block}.wp-block-uagb-image__figure figcaption{text-align:center;margin-top:.5em;margin-bottom:1em}.wp-block-uagb-image .components-placeholder.block-editor-media-placeholder .components-placeholder__instructions{align-self:center}.wp-block-uagb-image--align-left{text-align:left}.wp-block-uagb-image--align-right{text-align:right}.wp-block-uagb-image--align-center{text-align:center}.wp-block-uagb-image--align-full .wp-block-uagb-image__figure{margin-left:calc(50% - 50vw);margin-right:calc(50% - 50vw);max-width:100vw;width:100vw;height:auto}.wp-block-uagb-image--align-full .wp-block-uagb-image__figure img{height:auto;width:100% !important}.wp-block-uagb-image--align-wide .wp-block-uagb-image__figure img{height:auto;width:100%}.wp-block-uagb-image--layout-overlay__color-wrapper{position:absolute;left:0;top:0;right:0;bottom:0;opacity:.2;background:rgba(0,0,0,.5);transition:opacity .35s ease-in-out}.wp-block-uagb-image--layout-overlay-link{position:absolute;left:0;right:0;bottom:0;top:0}.wp-block-uagb-image--layout-overlay .wp-block-uagb-image__figure:hover .wp-block-uagb-image--layout-overlay__color-wrapper{opacity:1}.wp-block-uagb-image--layout-overlay__inner{position:absolute;left:15px;right:15px;bottom:15px;top:15px;display:flex;align-items:center;justify-content:center;flex-direction:column;border-color:#fff;transition:.35s ease-in-out}.wp-block-uagb-image--layout-overlay__inner.top-left,.wp-block-uagb-image--layout-overlay__inner.top-center,.wp-block-uagb-image--layout-overlay__inner.top-right{justify-content:flex-start}.wp-block-uagb-image--layout-overlay__inner.bottom-left,.wp-block-uagb-image--layout-overlay__inner.bottom-center,.wp-block-uagb-image--layout-overlay__inner.bottom-right{justify-content:flex-end}.wp-block-uagb-image--layout-overlay__inner.top-left,.wp-block-uagb-image--layout-overlay__inner.center-left,.wp-block-uagb-image--layout-overlay__inner.bottom-left{align-items:flex-start}.wp-block-uagb-image--layout-overlay__inner.top-right,.wp-block-uagb-image--layout-overlay__inner.center-right,.wp-block-uagb-image--layout-overlay__inner.bottom-right{align-items:flex-end}.wp-block-uagb-image--layout-overlay__inner .uagb-image-heading{color:#fff;transition:transform .35s,opacity .35s ease-in-out;transform:translate3d(0, 24px, 0);margin:0;line-height:1em}.wp-block-uagb-image--layout-overlay__inner .uagb-image-separator{width:30%;border-top-width:2px;border-top-color:#fff;border-top-style:solid;margin-bottom:10px;opacity:0;transition:transform .4s,opacity .4s ease-in-out;transform:translate3d(0, 30px, 0)}.wp-block-uagb-image--layout-overlay__inner .uagb-image-caption{opacity:0;overflow:visible;color:#fff;transition:transform .45s,opacity .45s ease-in-out;transform:translate3d(0, 35px, 0)}.wp-block-uagb-image--layout-overlay__inner:hover .uagb-image-heading,.wp-block-uagb-image--layout-overlay__inner:hover .uagb-image-separator,.wp-block-uagb-image--layout-overlay__inner:hover .uagb-image-caption{opacity:1;transform:translate3d(0, 0, 0)}.wp-block-uagb-image--effect-zoomin .wp-block-uagb-image__figure img,.wp-block-uagb-image--effect-zoomin .wp-block-uagb-image__figure .wp-block-uagb-image--layout-overlay__color-wrapper{transform:scale(1);transition:transform .35s ease-in-out}.wp-block-uagb-image--effect-zoomin .wp-block-uagb-image__figure:hover img,.wp-block-uagb-image--effect-zoomin .wp-block-uagb-image__figure:hover .wp-block-uagb-image--layout-overlay__color-wrapper{transform:scale(1.05)}.wp-block-uagb-image--effect-slide .wp-block-uagb-image__figure img,.wp-block-uagb-image--effect-slide .wp-block-uagb-image__figure .wp-block-uagb-image--layout-overlay__color-wrapper{width:calc(100% + 40px) !important;max-width:none !important;transform:translate3d(-40px, 0, 0);transition:transform .35s ease-in-out}.wp-block-uagb-image--effect-slide .wp-block-uagb-image__figure:hover img,.wp-block-uagb-image--effect-slide .wp-block-uagb-image__figure:hover .wp-block-uagb-image--layout-overlay__color-wrapper{transform:translate3d(0, 0, 0)}.wp-block-uagb-image--effect-grayscale img{filter:grayscale(0%);transition:.35s ease-in-out}.wp-block-uagb-image--effect-grayscale:hover img{filter:grayscale(100%)}.wp-block-uagb-image--effect-blur img{filter:blur(0);transition:.35s ease-in-out}.wp-block-uagb-image--effect-blur:hover img{filter:blur(3px)}.uagb-block-e6f939b3.wp-block-uagb-image--layout-default figure img{box-shadow: 0px 0px 0 #00000070;}.uagb-block-e6f939b3.wp-block-uagb-image .wp-block-uagb-image__figure figcaption{font-style: normal;align-self: center;}.uagb-block-e6f939b3.wp-block-uagb-image--layout-overlay figure img{box-shadow: 0px 0px 0 #00000070;}.uagb-block-e6f939b3.wp-block-uagb-image--layout-overlay .wp-block-uagb-image--layout-overlay__color-wrapper{opacity: 0.2;}.uagb-block-e6f939b3.wp-block-uagb-image--layout-overlay .wp-block-uagb-image--layout-overlay__inner{left: 15px;right: 15px;top: 15px;bottom: 15px;}.uagb-block-e6f939b3.wp-block-uagb-image--layout-overlay .wp-block-uagb-image--layout-overlay__inner .uagb-image-heading{font-style: normal;color: #fff;opacity: 1;}.uagb-block-e6f939b3.wp-block-uagb-image--layout-overlay .wp-block-uagb-image--layout-overlay__inner .uagb-image-heading a{color: #fff;}.uagb-block-e6f939b3.wp-block-uagb-image--layout-overlay .wp-block-uagb-image--layout-overlay__inner .uagb-image-caption{opacity: 0;}.uagb-block-e6f939b3.wp-block-uagb-image--layout-overlay .wp-block-uagb-image__figure:hover .wp-block-uagb-image--layout-overlay__color-wrapper{opacity: 1;}.uagb-block-e6f939b3.wp-block-uagb-image .wp-block-uagb-image--layout-overlay__inner .uagb-image-separator{width: 30%;border-top-width: 2px;border-top-color: #fff;opacity: 0;}.uagb-block-e6f939b3.wp-block-uagb-image .wp-block-uagb-image__figure img{width: px;height: auto;}.uagb-block-e6f939b3.wp-block-uagb-image .wp-block-uagb-image__figure:hover .wp-block-uagb-image--layout-overlay__inner .uagb-image-caption{opacity: 1;}.uagb-block-e6f939b3.wp-block-uagb-image .wp-block-uagb-image__figure:hover .wp-block-uagb-image--layout-overlay__inner .uagb-image-separator{opacity: 1;}.uagb-block-e6f939b3.wp-block-uagb-image--layout-default figure:hover img{box-shadow: 0px 0px 0 #00000070;}.uagb-block-e6f939b3.wp-block-uagb-image--layout-overlay figure:hover img{box-shadow: 0px 0px 0 #00000070;}@media only screen and (max-width: 976px) {.uagb-block-e6f939b3.wp-block-uagb-image .wp-block-uagb-image__figure img{width: px;height: auto;}}@media only screen and (max-width: 767px) {.uagb-block-e6f939b3.wp-block-uagb-image .wp-block-uagb-image__figure img{width: px;height: auto;}}\";s:2:\"js\";s:0:\"\";s:18:\"current_block_list\";a:13:{i:0;s:11:\"core\/search\";i:1;s:10:\"core\/group\";i:2;s:12:\"core\/heading\";i:3;s:17:\"core\/latest-posts\";i:4;s:20:\"core\/latest-comments\";i:5;s:13:\"core\/archives\";i:6;s:15:\"core\/categories\";i:7;s:14:\"core\/paragraph\";i:8;s:10:\"uagb\/image\";i:9;s:11:\"core\/spacer\";i:10;s:30:\"woocommerce\/product-categories\";i:11;s:10:\"core\/image\";i:12;s:14:\"core\/shortcode\";}s:8:\"uag_flag\";b:1;s:11:\"uag_version\";s:10:\"1777069837\";s:6:\"gfonts\";a:0:{}s:10:\"gfonts_url\";s:0:\"\";s:12:\"gfonts_files\";a:0:{}s:14:\"uag_faq_layout\";b:0;}"]},"uagb_featured_image_src":{"full":["https:\/\/www.ferberpainting.com\/wp-content\/uploads\/2025\/05\/1Liter_aa6d0586-c6be-43e5-af34-b651f9e10fee.png",2560,2276,false],"thumbnail":["https:\/\/www.ferberpainting.com\/wp-content\/uploads\/2025\/05\/1Liter_aa6d0586-c6be-43e5-af34-b651f9e10fee-150x150.png",150,150,true],"medium":["https:\/\/www.ferberpainting.com\/wp-content\/uploads\/2025\/05\/1Liter_aa6d0586-c6be-43e5-af34-b651f9e10fee-300x267.png",300,267,true],"medium_large":["https:\/\/www.ferberpainting.com\/wp-content\/uploads\/2025\/05\/1Liter_aa6d0586-c6be-43e5-af34-b651f9e10fee-768x683.png",768,683,true],"large":["https:\/\/www.ferberpainting.com\/wp-content\/uploads\/2025\/05\/1Liter_aa6d0586-c6be-43e5-af34-b651f9e10fee-1024x910.png",1024,910,true],"1536x1536":["https:\/\/www.ferberpainting.com\/wp-content\/uploads\/2025\/05\/1Liter_aa6d0586-c6be-43e5-af34-b651f9e10fee-1536x1366.png",1536,1366,true],"2048x2048":["https:\/\/www.ferberpainting.com\/wp-content\/uploads\/2025\/05\/1Liter_aa6d0586-c6be-43e5-af34-b651f9e10fee-2048x1821.png",2048,1821,true],"trp-custom-language-flag":["https:\/\/www.ferberpainting.com\/wp-content\/uploads\/2025\/05\/1Liter_aa6d0586-c6be-43e5-af34-b651f9e10fee-13x12.png",13,12,true],"woocommerce_thumbnail":["https:\/\/www.ferberpainting.com\/wp-content\/uploads\/2025\/05\/1Liter_aa6d0586-c6be-43e5-af34-b651f9e10fee-300x300.png",300,300,true],"woocommerce_single":["https:\/\/www.ferberpainting.com\/wp-content\/uploads\/2025\/05\/1Liter_aa6d0586-c6be-43e5-af34-b651f9e10fee-600x533.png",600,533,true],"woocommerce_gallery_thumbnail":["https:\/\/www.ferberpainting.com\/wp-content\/uploads\/2025\/05\/1Liter_aa6d0586-c6be-43e5-af34-b651f9e10fee-100x100.png",100,100,true]},"uagb_author_info":{"display_name":"admin","author_link":"https:\/\/www.ferberpainting.com\/pl\/author\/"},"uagb_comment_info":82,"uagb_excerpt":"Professional-grade protection for all metal surfaces. Our metal varnish is designed to provide long-lasting protection and an attractive finish for a wide range of metal surfaces, including steel, iron, aluminum, copper, brass, bronze and other alloys. It enhances the appearance of metal while forming a durable barrier against external elements, making it ideal for both&hellip;","_links":{"self":[{"href":"https:\/\/www.ferberpainting.com\/pl\/wp-json\/wp\/v2\/product\/23814","targetHints":{"allow":["GET"]}}],"collection":[{"href":"https:\/\/www.ferberpainting.com\/pl\/wp-json\/wp\/v2\/product"}],"about":[{"href":"https:\/\/www.ferberpainting.com\/pl\/wp-json\/wp\/v2\/types\/product"}],"replies":[{"embeddable":true,"href":"https:\/\/www.ferberpainting.com\/pl\/wp-json\/wp\/v2\/comments?post=23814"}],"version-history":[{"count":3,"href":"https:\/\/www.ferberpainting.com\/pl\/wp-json\/wp\/v2\/product\/23814\/revisions"}],"predecessor-version":[{"id":166506,"href":"https:\/\/www.ferberpainting.com\/pl\/wp-json\/wp\/v2\/product\/23814\/revisions\/166506"}],"wp:featuredmedia":[{"embeddable":true,"href":"https:\/\/www.ferberpainting.com\/pl\/wp-json\/wp\/v2\/media\/26270"}],"wp:attachment":[{"href":"https:\/\/www.ferberpainting.com\/pl\/wp-json\/wp\/v2\/media?parent=23814"}],"wp:term":[{"taxonomy":"product_brand","embeddable":true,"href":"https:\/\/www.ferberpainting.com\/pl\/wp-json\/wp\/v2\/product_brand?post=23814"},{"taxonomy":"product_cat","embeddable":true,"href":"https:\/\/www.ferberpainting.com\/pl\/wp-json\/wp\/v2\/product_cat?post=23814"},{"taxonomy":"product_tag","embeddable":true,"href":"https:\/\/www.ferberpainting.com\/pl\/wp-json\/wp\/v2\/product_tag?post=23814"}],"curies":[{"name":"wp","href":"https:\/\/api.w.org\/{rel}","templated":true}]}}