{"id":23802,"date":"2025-05-26T10:25:35","date_gmt":"2025-05-26T08:25:35","guid":{"rendered":"https:\/\/www.ferberpainting.com\/products\/magnolia-fertilizer\/"},"modified":"2026-02-15T20:51:18","modified_gmt":"2026-02-15T19:51:18","slug":"magnolia-fertilizer","status":"publish","type":"product","link":"https:\/\/www.ferberpainting.com\/pl\/products\/magnolia-fertilizer\/","title":{"rendered":"Naw\u00f3z Magnolia 25 kg"},"content":{"rendered":"<p><strong><img decoding=\"async\" style=\"margin-right: 12px;\" src=\"https:\/\/www.ferberpainting.com\/wp-content\/uploads\/2026\/02\/Check.svg\" alt=\"\" width=\"18\" height=\"15\" \/>Naw\u00f3z zaprojektowany z my\u015bl\u0105 o obfitym kwitnieniu i \u017cywych li\u015bciach.<\/strong>\u00a0Magnolia to dobrze znane drzewo lub krzew ozdobny s\u0142yn\u0105cy ze spektakularnych kwiat\u00f3w i \u017cywych li\u015bci. Aby zapewni\u0107 obfite i d\u0142ugotrwa\u0142e kwitnienie, a tak\u017ce zdrowy i energiczny wzrost, konieczne jest zapewnienie odpowiedniego nawo\u017cenia. Ten naw\u00f3z NPK 10-10-10 zapewnia zr\u00f3wnowa\u017cone od\u017cywianie poprzez dostarczanie azotu (N), kt\u00f3ry jest niezb\u0119dny do rozwoju li\u015bci, fosforu (P), kt\u00f3ry sprzyja silnemu rozwojowi korzeni, oraz potasu (K), kt\u00f3ry zwi\u0119ksza odporno\u015b\u0107 na choroby i tolerancj\u0119 na stres klimatyczny. Dzi\u0119ki temu nawozowi magnolia b\u0119dzie cieszy\u0107 si\u0119 optymalnym zdrowiem, harmonijnym wzrostem i ol\u015bniewaj\u0105cym kwitnieniem.<\/p>\n<p><strong><img decoding=\"async\" style=\"margin-right: 12px;\" src=\"https:\/\/www.ferberpainting.com\/wp-content\/uploads\/2026\/02\/Check.svg\" alt=\"\" width=\"18\" height=\"15\" \/>Gwarancja zwrotu pieni\u0119dzy.<\/strong>\u00a0Mamy pe\u0142ne zaufanie do jako\u015bci i skuteczno\u015bci naszego nawozu do magnolii, dlatego oferujemy polityk\u0119 gwarancji zwrotu pieni\u0119dzy. Je\u015bli po prawid\u0142owym stosowaniu zgodnie z instrukcjami produkt nie wyka\u017ce znacz\u0105cej poprawy kwitnienia, wzrostu lub wigoru, zwr\u00f3cimy Ci pe\u0142n\u0105 kwot\u0119.<\/p>\n<p><strong><img decoding=\"async\" style=\"margin-right: 12px;\" src=\"https:\/\/www.ferberpainting.com\/wp-content\/uploads\/2026\/02\/Check.svg\" alt=\"\" width=\"18\" height=\"15\" \/>Nadaje si\u0119 do wszystkich odmian i r\u00f3\u017cnych warunk\u00f3w uprawy.<\/strong>\u00a0Naw\u00f3z ten jest odpowiedni dla wszystkich odmian magnolii, niezale\u017cnie od tego, czy jest to Magnolia grandiflora, Magnolia stellata, Magnolia soulangeana czy inne odmiany zimozielone i li\u015bciaste. Mo\u017ce by\u0107 stosowany do magnolii posadzonych w gruncie lub w doniczkach, zapewniaj\u0105c optymalne nawo\u017cenie niezale\u017cnie od metody uprawy. Nadaje si\u0119 r\u00f3wnie\u017c do wszystkich rodzaj\u00f3w gleb, zar\u00f3wno gliniastych, piaszczystych, wapiennych, jak i bogatych w pr\u00f3chnic\u0119, poprawiaj\u0105c ich struktur\u0119 i optymalizuj\u0105c wch\u0142anianie sk\u0142adnik\u00f3w od\u017cywczych przez korzenie.<\/p>\n<p><strong><img decoding=\"async\" style=\"margin-right: 12px;\" src=\"https:\/\/www.ferberpainting.com\/wp-content\/uploads\/2026\/02\/Check.svg\" alt=\"\" width=\"18\" height=\"15\" \/>Ekonomiczna wydajno\u015b\u0107 i d\u0142ugotrwa\u0142e nawo\u017cenie.<\/strong>\u00a0Dzi\u0119ki swojej formule naw\u00f3z ten stopniowo uwalnia sk\u0142adniki od\u017cywcze do gleby, zapewniaj\u0105c w ten spos\u00f3b d\u0142ugotrwa\u0142e dzia\u0142anie przez kilka tygodni. Worek 25 kg mo\u017ce nawozi\u0107 du\u017c\u0105 liczb\u0119 magnolii, oferuj\u0105c skuteczne i ekonomiczne nawo\u017cenie. Optymalna dawka 200 g na drzewo gwarantuje regularne dostarczanie sk\u0142adnik\u00f3w od\u017cywczych bez nadmiaru, optymalizuj\u0105c w ten spos\u00f3b wzrost i kwitnienie bez strat.<\/p>\n<p><strong><img decoding=\"async\" style=\"margin-right: 12px;\" src=\"https:\/\/www.ferberpainting.com\/wp-content\/uploads\/2026\/02\/Check.svg\" alt=\"\" width=\"18\" height=\"15\" \/>Naw\u00f3z, kt\u00f3ry szanuje \u015brodowisko.<\/strong>\u00a0Stworzony z my\u015bl\u0105 o zachowaniu r\u00f3wnowagi biologicznej gleby i otaczaj\u0105cej r\u00f3\u017cnorodno\u015bci biologicznej, naw\u00f3z ten nie zawiera szkodliwych substancji chemicznych, kt\u00f3re mog\u0142yby zmieni\u0107 jako\u015b\u0107 gleby lub zaszkodzi\u0107 owadom zapylaj\u0105cym, takim jak pszczo\u0142y i motyle. Jest r\u00f3wnie\u017c bezpieczny dla zwierz\u0105t domowych i dzieci, zapewniaj\u0105c bezpieczne u\u017cytkowanie w ogrodzie lub na zewn\u0105trz.<\/p>\n<p><strong><img decoding=\"async\" style=\"margin-right: 12px;\" src=\"https:\/\/www.ferberpainting.com\/wp-content\/uploads\/2026\/02\/Check.svg\" alt=\"\" width=\"18\" height=\"15\" \/>\u0141atwa aplikacja i nawo\u017cenie bez wysi\u0142ku.<\/strong>\u00a0W przeciwie\u0144stwie do p\u0142ynnych nawoz\u00f3w, kt\u00f3re wymagaj\u0105 rozcie\u0144czania i precyzyjnych pomiar\u00f3w, ten sta\u0142y naw\u00f3z jest po prostu stosowany u podstawy drzewa, umo\u017cliwiaj\u0105c szybkie i skuteczne nawo\u017cenie. Jego prosta i przyst\u0119pna metoda aplikacji jest odpowiednia zar\u00f3wno dla pocz\u0105tkuj\u0105cych ogrodnik\u00f3w, jak i do\u015bwiadczonych entuzjast\u00f3w, zapewniaj\u0105c sta\u0142e dostarczanie sk\u0142adnik\u00f3w od\u017cywczych.<\/p>\n<p><strong><img decoding=\"async\" style=\"margin-right: 12px;\" src=\"https:\/\/www.ferberpainting.com\/wp-content\/uploads\/2026\/02\/Check.svg\" alt=\"\" width=\"18\" height=\"15\" \/>Przed\u0142u\u017cone dzia\u0142anie dla ci\u0105g\u0142ego wzrostu i trwa\u0142ego kwitnienia.<\/strong>\u00a0Dzi\u0119ki stopniowemu uwalnianiu naw\u00f3z ten od\u017cywia magnoli\u0119 przez kilka tygodni, zapewniaj\u0105c przed\u0142u\u017cone kwitnienie i sta\u0142y wzrost. Zwi\u0119ksza r\u00f3wnie\u017c odporno\u015b\u0107 ro\u015bliny na choroby grzybowe, szkodniki i trudne warunki klimatyczne, takie jak susza lub mr\u00f3z.<\/p>\n<p><strong><img decoding=\"async\" style=\"margin-right: 12px;\" src=\"https:\/\/www.ferberpainting.com\/wp-content\/uploads\/2026\/02\/Check.svg\" alt=\"\" width=\"18\" height=\"15\" \/>Widoczne rezultaty w ci\u0105gu pierwszych kilku tygodni.<\/strong>\u00a0Ju\u017c od pierwszych aplikacji naw\u00f3z ten stymuluje pojawianie si\u0119 nowych p\u0119d\u00f3w, sprzyja g\u0119stszemu ulistnieniu oraz zwi\u0119ksza jasno\u015b\u0107 i kolor kwiat\u00f3w. W ci\u0105gu zaledwie kilku tygodni magnolia b\u0119dzie charakteryzowa\u0107 si\u0119 bujnym wzrostem, obfitym kwitnieniem i eleganck\u0105 sylwetk\u0105, kt\u00f3ra doda wyrafinowanego charakteru Twojemu ogrodowi.<\/p>\n<h2><strong>Protok\u00f3\u0142 u\u017cytkowania<\/strong><\/h2>\n<p><strong>Zalecane dawkowanie <\/strong>: Stosowa\u0107 200 g nawozu na drzewo, w zale\u017cno\u015bci od jego wielko\u015bci i wieku. W przypadku m\u0142odych magnolii nale\u017cy zmniejszy\u0107 dawk\u0119 do 100 g, aby unikn\u0105\u0107 zbyt szybkiego wzrostu, kt\u00f3ry m\u00f3g\u0142by os\u0142abi\u0107 ro\u015blin\u0119.<\/p>\n<p><strong>Metoda aplikacji <\/strong>:<\/p>\n<ul>\n<li><strong>Poprzez rozprzestrzenianie si\u0119 <\/strong>: Rozsyp naw\u00f3z cienk\u0105 warstw\u0105 wok\u00f3\u0142 podstawy drzewa, upewniaj\u0105c si\u0119, \u017ce granulki s\u0105 r\u00f3wnomiernie roz\u0142o\u017cone na powierzchni strefy korzeniowej.<\/li>\n<li><strong>Poprzez w\u0142\u0105czenie do gleby <\/strong>: Po rozprowadzeniu lekko zarysowa\u0107 powierzchni\u0119 gleby, aby u\u0142atwi\u0107 przenikanie sk\u0142adnik\u00f3w od\u017cywczych i ich stopniowe wch\u0142anianie przez korzenie.<\/li>\n<li><strong>Podlewanie po aplikacji<\/strong>: Podlewaj obficie po nawo\u017ceniu, aby aktywowa\u0107 uwalnianie sk\u0142adnik\u00f3w od\u017cywczych i przyspieszy\u0107 ich dyfuzj\u0119 do gleby.<\/li>\n<\/ul>\n<p><strong>Cz\u0119stotliwo\u015b\u0107 stosowania <\/strong>:<\/p>\n<ul>\n<li><strong>W okresie wzrostu i kwitnienia (wiosna-lato) <\/strong>: Naw\u00f3z nale\u017cy stosowa\u0107 co 6 do 8 tygodni, aby zapewni\u0107 ci\u0105g\u0142e dostarczanie niezb\u0119dnych sk\u0142adnik\u00f3w od\u017cywczych.<\/li>\n<li><strong>W okresie spoczynku (jesie\u0144-zima) <\/strong>: Aplikacje nale\u017cy przeprowadza\u0107 raz na 3 miesi\u0105ce, aby zachowa\u0107 energi\u0119 drzewa bez stymulowania nadmiernego wzrostu.<\/li>\n<\/ul>\n<p><strong>\u015arodki ostro\u017cno\u015bci dotycz\u0105ce u\u017cytkowania <\/strong>: Nie nale\u017cy przekracza\u0107 zalecanych dawek, aby unikn\u0105\u0107 braku r\u00f3wnowagi sk\u0142adnik\u00f3w od\u017cywczych, co mo\u017ce spowolni\u0107 wzrost magnolii lub spowodowa\u0107 oparzenia korzeni. Stosowa\u0107 tylko na lekko wilgotn\u0105 gleb\u0119, aby zapewni\u0107 optymalne wch\u0142anianie sk\u0142adnik\u00f3w od\u017cywczych.<\/p>\n<p><strong>Przechowywanie i konserwacja <\/strong>: Naw\u00f3z nale\u017cy przechowywa\u0107 w suchym, dobrze wentylowanym miejscu, z dala od wilgoci i ekstremalnych temperatur. Po ka\u017cdym u\u017cyciu nale\u017cy starannie zamkn\u0105\u0107 worek, aby zachowa\u0107 skuteczno\u015b\u0107 produktu i unikn\u0105\u0107 zmiany jego w\u0142a\u015bciwo\u015bci nawozowych.<\/p>\n<p>Ten naw\u00f3z do magnolii zapewnia drzewu kompletne od\u017cywianie idealnie dostosowane do jego specyficznych potrzeb, zapewniaj\u0105c harmonijny wzrost, spektakularne kwitnienie i lepsz\u0105 odporno\u015b\u0107 na stres klimatyczny. Jest to idealne rozwi\u0105zanie, aby upi\u0119kszy\u0107 sw\u00f3j ogr\u00f3d magnoli\u0105, kt\u00f3ra jest promienna i zdrowa przez ca\u0142y rok.<\/p>","protected":false},"excerpt":{"rendered":"<p>A fertilizer designed for sumptuous flowering and vibrant foliage.\u00a0Magnolia is a well-known ornamental tree or shrub celebrated for its spectacular flowers and vibrant foliage. To ensure abundant and prolonged blooming, as well as healthy and vigorous growth, it is essential to provide appropriate fertilization. This NPK 10-10-10 fertilizer provides balanced nutrition by supplying nitrogen (N), [&hellip;]<\/p>\n","protected":false},"featured_media":26260,"comment_status":"open","ping_status":"closed","template":"","meta":{"_uag_custom_page_level_css":"","site-sidebar-layout":"default","site-content-layout":"","ast-site-content-layout":"default","site-content-style":"default","site-sidebar-style":"default","ast-global-header-display":"","ast-banner-title-visibility":"","ast-main-header-display":"","ast-hfb-above-header-display":"","ast-hfb-below-header-display":"","ast-hfb-mobile-header-display":"","site-post-title":"","ast-breadcrumbs-content":"","ast-featured-img":"","footer-sml-layout":"","ast-disable-related-posts":"","theme-transparent-header-meta":"default","adv-header-id-meta":"","stick-header-meta":"","header-above-stick-meta":"","header-main-stick-meta":"","header-below-stick-meta":"","astra-migrate-meta-layouts":"set","ast-page-background-enabled":"default","ast-page-background-meta":{"desktop":{"background-color":"var(--ast-global-color-4)","background-image":"","background-repeat":"repeat","background-position":"center center","background-size":"auto","background-attachment":"scroll","background-type":"","background-media":"","overlay-type":"","overlay-color":"","overlay-opacity":"","overlay-gradient":""},"tablet":{"background-color":"","background-image":"","background-repeat":"repeat","background-position":"center center","background-size":"auto","background-attachment":"scroll","background-type":"","background-media":"","overlay-type":"","overlay-color":"","overlay-opacity":"","overlay-gradient":""},"mobile":{"background-color":"","background-image":"","background-repeat":"repeat","background-position":"center center","background-size":"auto","background-attachment":"scroll","background-type":"","background-media":"","overlay-type":"","overlay-color":"","overlay-opacity":"","overlay-gradient":""}},"ast-content-background-meta":{"desktop":{"background-color":"var(--ast-global-color-5)","background-image":"","background-repeat":"repeat","background-position":"center center","background-size":"auto","background-attachment":"scroll","background-type":"","background-media":"","overlay-type":"","overlay-color":"","overlay-opacity":"","overlay-gradient":""},"tablet":{"background-color":"var(--ast-global-color-5)","background-image":"","background-repeat":"repeat","background-position":"center center","background-size":"auto","background-attachment":"scroll","background-type":"","background-media":"","overlay-type":"","overlay-color":"","overlay-opacity":"","overlay-gradient":""},"mobile":{"background-color":"var(--ast-global-color-5)","background-image":"","background-repeat":"repeat","background-position":"center center","background-size":"auto","background-attachment":"scroll","background-type":"","background-media":"","overlay-type":"","overlay-color":"","overlay-opacity":"","overlay-gradient":""}}},"product_brand":[],"product_cat":[178],"product_tag":[],"class_list":{"0":"post-23802","1":"product","2":"type-product","3":"status-publish","4":"has-post-thumbnail","6":"product_cat-fertilizers","7":"desktop-align-left","8":"tablet-align-left","9":"mobile-align-left","11":"first","12":"instock","13":"taxable","14":"shipping-taxable","15":"purchasable","16":"product-type-simple"},"spectra_custom_meta":{"_visibility":["visible"],"_shopify_product_id":["9067977441525"],"_s2w_shopify_domain":["ferberpainting.myshopify.com"],"_shopify_variant_id":["46509717848309"],"_sku":["FPMAGNOLIAFERTILIZER25KG"],"_regular_price":["39.90"],"_price":["39.90"],"_sale_price":[""],"_weight":["18.5"],"_thumbnail_id":["26260"],"_global_unique_id":["5056773817548"],"total_sales":["10"],"_tax_status":["taxable"],"_tax_class":[""],"_manage_stock":["no"],"_backorders":["no"],"_sold_individually":["no"],"_virtual":["no"],"_downloadable":["no"],"_download_limit":["-1"],"_download_expiry":["-1"],"_stock":[null],"_stock_status":["instock"],"_wc_average_rating":["5.00"],"_wc_review_count":["33"],"_product_version":["10.5.1"],"_wc_rating_count":["a:1:{i:5;i:33;}"],"_edit_lock":["1771184942:1"],"merchant-center-availability":["yes"],"merchant-center-category":["113"],"_edit_last":["1"],"_wp_page_template":["default"],"site-sidebar-layout":["default"],"ast-site-content-layout":["default"],"site-content-style":["default"],"site-sidebar-style":["default"],"theme-transparent-header-meta":["default"],"astra-migrate-meta-layouts":["set"],"_uag_css_file_name":["uag-css-23802.css"],"_elementor_page_assets":["a:0:{}"],"_uag_page_assets":["a:9:{s:3:\"css\";s:7133:\".uag-blocks-common-selector{z-index:var(--z-index-desktop) !important}@media(max-width: 976px){.uag-blocks-common-selector{z-index:var(--z-index-tablet) !important}}@media(max-width: 767px){.uag-blocks-common-selector{z-index:var(--z-index-mobile) !important}}.wp-block-uagb-image{display:flex}.wp-block-uagb-image__figure{position:relative;display:flex;flex-direction:column;max-width:100%;height:auto;margin:0}.wp-block-uagb-image__figure img{height:auto;display:flex;max-width:100%;transition:box-shadow .2s ease}.wp-block-uagb-image__figure>a{display:inline-block}.wp-block-uagb-image__figure figcaption{text-align:center;margin-top:.5em;margin-bottom:1em}.wp-block-uagb-image .components-placeholder.block-editor-media-placeholder .components-placeholder__instructions{align-self:center}.wp-block-uagb-image--align-left{text-align:left}.wp-block-uagb-image--align-right{text-align:right}.wp-block-uagb-image--align-center{text-align:center}.wp-block-uagb-image--align-full .wp-block-uagb-image__figure{margin-left:calc(50% - 50vw);margin-right:calc(50% - 50vw);max-width:100vw;width:100vw;height:auto}.wp-block-uagb-image--align-full .wp-block-uagb-image__figure img{height:auto;width:100% !important}.wp-block-uagb-image--align-wide .wp-block-uagb-image__figure img{height:auto;width:100%}.wp-block-uagb-image--layout-overlay__color-wrapper{position:absolute;left:0;top:0;right:0;bottom:0;opacity:.2;background:rgba(0,0,0,.5);transition:opacity .35s ease-in-out}.wp-block-uagb-image--layout-overlay-link{position:absolute;left:0;right:0;bottom:0;top:0}.wp-block-uagb-image--layout-overlay .wp-block-uagb-image__figure:hover .wp-block-uagb-image--layout-overlay__color-wrapper{opacity:1}.wp-block-uagb-image--layout-overlay__inner{position:absolute;left:15px;right:15px;bottom:15px;top:15px;display:flex;align-items:center;justify-content:center;flex-direction:column;border-color:#fff;transition:.35s ease-in-out}.wp-block-uagb-image--layout-overlay__inner.top-left,.wp-block-uagb-image--layout-overlay__inner.top-center,.wp-block-uagb-image--layout-overlay__inner.top-right{justify-content:flex-start}.wp-block-uagb-image--layout-overlay__inner.bottom-left,.wp-block-uagb-image--layout-overlay__inner.bottom-center,.wp-block-uagb-image--layout-overlay__inner.bottom-right{justify-content:flex-end}.wp-block-uagb-image--layout-overlay__inner.top-left,.wp-block-uagb-image--layout-overlay__inner.center-left,.wp-block-uagb-image--layout-overlay__inner.bottom-left{align-items:flex-start}.wp-block-uagb-image--layout-overlay__inner.top-right,.wp-block-uagb-image--layout-overlay__inner.center-right,.wp-block-uagb-image--layout-overlay__inner.bottom-right{align-items:flex-end}.wp-block-uagb-image--layout-overlay__inner .uagb-image-heading{color:#fff;transition:transform .35s,opacity .35s ease-in-out;transform:translate3d(0, 24px, 0);margin:0;line-height:1em}.wp-block-uagb-image--layout-overlay__inner .uagb-image-separator{width:30%;border-top-width:2px;border-top-color:#fff;border-top-style:solid;margin-bottom:10px;opacity:0;transition:transform .4s,opacity .4s ease-in-out;transform:translate3d(0, 30px, 0)}.wp-block-uagb-image--layout-overlay__inner .uagb-image-caption{opacity:0;overflow:visible;color:#fff;transition:transform .45s,opacity .45s ease-in-out;transform:translate3d(0, 35px, 0)}.wp-block-uagb-image--layout-overlay__inner:hover .uagb-image-heading,.wp-block-uagb-image--layout-overlay__inner:hover .uagb-image-separator,.wp-block-uagb-image--layout-overlay__inner:hover .uagb-image-caption{opacity:1;transform:translate3d(0, 0, 0)}.wp-block-uagb-image--effect-zoomin .wp-block-uagb-image__figure img,.wp-block-uagb-image--effect-zoomin .wp-block-uagb-image__figure .wp-block-uagb-image--layout-overlay__color-wrapper{transform:scale(1);transition:transform .35s ease-in-out}.wp-block-uagb-image--effect-zoomin .wp-block-uagb-image__figure:hover img,.wp-block-uagb-image--effect-zoomin .wp-block-uagb-image__figure:hover .wp-block-uagb-image--layout-overlay__color-wrapper{transform:scale(1.05)}.wp-block-uagb-image--effect-slide .wp-block-uagb-image__figure img,.wp-block-uagb-image--effect-slide .wp-block-uagb-image__figure .wp-block-uagb-image--layout-overlay__color-wrapper{width:calc(100% + 40px) !important;max-width:none !important;transform:translate3d(-40px, 0, 0);transition:transform .35s ease-in-out}.wp-block-uagb-image--effect-slide .wp-block-uagb-image__figure:hover img,.wp-block-uagb-image--effect-slide .wp-block-uagb-image__figure:hover .wp-block-uagb-image--layout-overlay__color-wrapper{transform:translate3d(0, 0, 0)}.wp-block-uagb-image--effect-grayscale img{filter:grayscale(0%);transition:.35s ease-in-out}.wp-block-uagb-image--effect-grayscale:hover img{filter:grayscale(100%)}.wp-block-uagb-image--effect-blur img{filter:blur(0);transition:.35s ease-in-out}.wp-block-uagb-image--effect-blur:hover img{filter:blur(3px)}.uagb-block-e6f939b3.wp-block-uagb-image--layout-default figure img{box-shadow: 0px 0px 0 #00000070;}.uagb-block-e6f939b3.wp-block-uagb-image .wp-block-uagb-image__figure figcaption{font-style: normal;align-self: center;}.uagb-block-e6f939b3.wp-block-uagb-image--layout-overlay figure img{box-shadow: 0px 0px 0 #00000070;}.uagb-block-e6f939b3.wp-block-uagb-image--layout-overlay .wp-block-uagb-image--layout-overlay__color-wrapper{opacity: 0.2;}.uagb-block-e6f939b3.wp-block-uagb-image--layout-overlay .wp-block-uagb-image--layout-overlay__inner{left: 15px;right: 15px;top: 15px;bottom: 15px;}.uagb-block-e6f939b3.wp-block-uagb-image--layout-overlay .wp-block-uagb-image--layout-overlay__inner .uagb-image-heading{font-style: normal;color: #fff;opacity: 1;}.uagb-block-e6f939b3.wp-block-uagb-image--layout-overlay .wp-block-uagb-image--layout-overlay__inner .uagb-image-heading a{color: #fff;}.uagb-block-e6f939b3.wp-block-uagb-image--layout-overlay .wp-block-uagb-image--layout-overlay__inner .uagb-image-caption{opacity: 0;}.uagb-block-e6f939b3.wp-block-uagb-image--layout-overlay .wp-block-uagb-image__figure:hover .wp-block-uagb-image--layout-overlay__color-wrapper{opacity: 1;}.uagb-block-e6f939b3.wp-block-uagb-image .wp-block-uagb-image--layout-overlay__inner .uagb-image-separator{width: 30%;border-top-width: 2px;border-top-color: #fff;opacity: 0;}.uagb-block-e6f939b3.wp-block-uagb-image .wp-block-uagb-image__figure img{width: px;height: auto;}.uagb-block-e6f939b3.wp-block-uagb-image .wp-block-uagb-image__figure:hover .wp-block-uagb-image--layout-overlay__inner .uagb-image-caption{opacity: 1;}.uagb-block-e6f939b3.wp-block-uagb-image .wp-block-uagb-image__figure:hover .wp-block-uagb-image--layout-overlay__inner .uagb-image-separator{opacity: 1;}.uagb-block-e6f939b3.wp-block-uagb-image--layout-default figure:hover img{box-shadow: 0px 0px 0 #00000070;}.uagb-block-e6f939b3.wp-block-uagb-image--layout-overlay figure:hover img{box-shadow: 0px 0px 0 #00000070;}@media only screen and (max-width: 976px) {.uagb-block-e6f939b3.wp-block-uagb-image .wp-block-uagb-image__figure img{width: px;height: auto;}}@media only screen and (max-width: 767px) {.uagb-block-e6f939b3.wp-block-uagb-image .wp-block-uagb-image__figure img{width: px;height: auto;}}\";s:2:\"js\";s:0:\"\";s:18:\"current_block_list\";a:13:{i:0;s:11:\"core\/search\";i:1;s:10:\"core\/group\";i:2;s:12:\"core\/heading\";i:3;s:17:\"core\/latest-posts\";i:4;s:20:\"core\/latest-comments\";i:5;s:13:\"core\/archives\";i:6;s:15:\"core\/categories\";i:7;s:14:\"core\/paragraph\";i:8;s:10:\"uagb\/image\";i:9;s:11:\"core\/spacer\";i:10;s:30:\"woocommerce\/product-categories\";i:11;s:10:\"core\/image\";i:12;s:14:\"core\/shortcode\";}s:8:\"uag_flag\";b:1;s:11:\"uag_version\";s:10:\"1777358210\";s:6:\"gfonts\";a:0:{}s:10:\"gfonts_url\";s:0:\"\";s:12:\"gfonts_files\";a:0:{}s:14:\"uag_faq_layout\";b:0;}"]},"uagb_featured_image_src":{"full":["https:\/\/www.ferberpainting.com\/wp-content\/uploads\/2025\/05\/MagnoliaFertilizer.png",2560,2560,false],"thumbnail":["https:\/\/www.ferberpainting.com\/wp-content\/uploads\/2025\/05\/MagnoliaFertilizer-150x150.png",150,150,true],"medium":["https:\/\/www.ferberpainting.com\/wp-content\/uploads\/2025\/05\/MagnoliaFertilizer-300x300.png",300,300,true],"medium_large":["https:\/\/www.ferberpainting.com\/wp-content\/uploads\/2025\/05\/MagnoliaFertilizer-768x768.png",768,768,true],"large":["https:\/\/www.ferberpainting.com\/wp-content\/uploads\/2025\/05\/MagnoliaFertilizer-1024x1024.png",1024,1024,true],"1536x1536":["https:\/\/www.ferberpainting.com\/wp-content\/uploads\/2025\/05\/MagnoliaFertilizer-1536x1536.png",1536,1536,true],"2048x2048":["https:\/\/www.ferberpainting.com\/wp-content\/uploads\/2025\/05\/MagnoliaFertilizer-2048x2048.png",2048,2048,true],"trp-custom-language-flag":["https:\/\/www.ferberpainting.com\/wp-content\/uploads\/2025\/05\/MagnoliaFertilizer-12x12.png",12,12,true],"woocommerce_thumbnail":["https:\/\/www.ferberpainting.com\/wp-content\/uploads\/2025\/05\/MagnoliaFertilizer-300x300.png",300,300,true],"woocommerce_single":["https:\/\/www.ferberpainting.com\/wp-content\/uploads\/2025\/05\/MagnoliaFertilizer-600x600.png",600,600,true],"woocommerce_gallery_thumbnail":["https:\/\/www.ferberpainting.com\/wp-content\/uploads\/2025\/05\/MagnoliaFertilizer-100x100.png",100,100,true]},"uagb_author_info":{"display_name":"admin","author_link":"https:\/\/www.ferberpainting.com\/pl\/author\/"},"uagb_comment_info":33,"uagb_excerpt":"A fertilizer designed for sumptuous flowering and vibrant foliage.\u00a0Magnolia is a well-known ornamental tree or shrub celebrated for its spectacular flowers and vibrant foliage. To ensure abundant and prolonged blooming, as well as healthy and vigorous growth, it is essential to provide appropriate fertilization. This NPK 10-10-10 fertilizer provides balanced nutrition by supplying nitrogen (N),&hellip;","_links":{"self":[{"href":"https:\/\/www.ferberpainting.com\/pl\/wp-json\/wp\/v2\/product\/23802","targetHints":{"allow":["GET"]}}],"collection":[{"href":"https:\/\/www.ferberpainting.com\/pl\/wp-json\/wp\/v2\/product"}],"about":[{"href":"https:\/\/www.ferberpainting.com\/pl\/wp-json\/wp\/v2\/types\/product"}],"replies":[{"embeddable":true,"href":"https:\/\/www.ferberpainting.com\/pl\/wp-json\/wp\/v2\/comments?post=23802"}],"version-history":[{"count":5,"href":"https:\/\/www.ferberpainting.com\/pl\/wp-json\/wp\/v2\/product\/23802\/revisions"}],"predecessor-version":[{"id":166490,"href":"https:\/\/www.ferberpainting.com\/pl\/wp-json\/wp\/v2\/product\/23802\/revisions\/166490"}],"wp:featuredmedia":[{"embeddable":true,"href":"https:\/\/www.ferberpainting.com\/pl\/wp-json\/wp\/v2\/media\/26260"}],"wp:attachment":[{"href":"https:\/\/www.ferberpainting.com\/pl\/wp-json\/wp\/v2\/media?parent=23802"}],"wp:term":[{"taxonomy":"product_brand","embeddable":true,"href":"https:\/\/www.ferberpainting.com\/pl\/wp-json\/wp\/v2\/product_brand?post=23802"},{"taxonomy":"product_cat","embeddable":true,"href":"https:\/\/www.ferberpainting.com\/pl\/wp-json\/wp\/v2\/product_cat?post=23802"},{"taxonomy":"product_tag","embeddable":true,"href":"https:\/\/www.ferberpainting.com\/pl\/wp-json\/wp\/v2\/product_tag?post=23802"}],"curies":[{"name":"wp","href":"https:\/\/api.w.org\/{rel}","templated":true}]}}