{"id":23799,"date":"2025-05-26T10:25:33","date_gmt":"2025-05-26T08:25:33","guid":{"rendered":"https:\/\/www.ferberpainting.com\/products\/live-bacteria-for-septic-tank\/"},"modified":"2026-02-15T20:46:52","modified_gmt":"2026-02-15T19:46:52","slug":"live-bacteria-for-septic-tank","status":"publish","type":"product","link":"https:\/\/www.ferberpainting.com\/pl\/products\/live-bacteria-for-septic-tank\/","title":{"rendered":"\u017bywe bakterie dla szamba"},"content":{"rendered":"<p><strong><img decoding=\"async\" style=\"margin-right: 12px;\" src=\"https:\/\/www.ferberpainting.com\/wp-content\/uploads\/2026\/02\/Check.svg\" alt=\"\" width=\"18\" height=\"15\" \/>W naturalny spos\u00f3b przywraca i utrzymuje optymaln\u0105 wydajno\u015b\u0107 szamba.<\/strong> Nasze \u017cywe bakterie do oczyszczania szamba zosta\u0142y specjalnie opracowane, aby wspiera\u0107 i wzmacnia\u0107 naturalne procesy biologiczne w systemie septycznym. Wprowadzaj\u0105c aktywne, po\u017cyteczne mikroorganizmy, pomaga skutecznie rozk\u0142ada\u0107 odpady organiczne i utrzymuje sprawne funkcjonowanie szamba przez ca\u0142y rok.<\/p>\n<p><strong><img decoding=\"async\" style=\"margin-right: 12px;\" src=\"https:\/\/www.ferberpainting.com\/wp-content\/uploads\/2026\/02\/Check.svg\" alt=\"\" width=\"18\" height=\"15\" \/>Zawiera oko\u0142o 100 000 \u017cywych bakterii na gram, zapewniaj\u0105c silne dzia\u0142anie biologiczne.<\/strong> Ka\u017cdy gram tej zaawansowanej formu\u0142y dostarcza oko\u0142o 100 000 aktywnych bakterii, starannie wyselekcjonowanych ze wzgl\u0119du na ich zdolno\u015b\u0107 do trawienia materii organicznej. Mikroorganizmy te namna\u017caj\u0105 si\u0119 wewn\u0105trz szamba, przyspieszaj\u0105c rozk\u0142ad odpad\u00f3w i poprawiaj\u0105c og\u00f3ln\u0105 r\u00f3wnowag\u0119 systemu.<\/p>\n<p><strong><img decoding=\"async\" style=\"margin-right: 12px;\" src=\"https:\/\/www.ferberpainting.com\/wp-content\/uploads\/2026\/02\/Check.svg\" alt=\"\" width=\"18\" height=\"15\" \/>Najskuteczniejsze biologiczne oczyszczanie szamba na rynku.<\/strong> Produkt ten, zawieraj\u0105cy wysokiej jako\u015bci \u017cywe kultury bakterii, dzia\u0142a g\u0142\u0119boko w zbiorniku, rozk\u0142adaj\u0105c t\u0142uszcze, oleje, smary, papier i inne materia\u0142y organiczne. Wzmacnia naturalne procesy trawienia znacznie skuteczniej ni\u017c proste dodatki chemiczne, kt\u00f3re mog\u0105 zak\u0142\u00f3ca\u0107 r\u00f3wnowag\u0119 bakteryjn\u0105.<\/p>\n<p><strong><img decoding=\"async\" style=\"margin-right: 12px;\" src=\"https:\/\/www.ferberpainting.com\/wp-content\/uploads\/2026\/02\/Check.svg\" alt=\"\" width=\"18\" height=\"15\" \/>Gwarancja zwrotu pieni\u0119dzy dla ca\u0142kowitego spokoju ducha.<\/strong> Jeste\u015bmy w pe\u0142ni przekonani o wydajno\u015bci i niezawodno\u015bci naszych \u017cywych bakterii septycznych. Je\u015bli nie b\u0119dziesz w pe\u0142ni usatysfakcjonowany wynikami, zwr\u00f3cimy Ci pieni\u0105dze za zakup. Nasza gwarancja zwrotu pieni\u0119dzy zapewnia, \u017ce inwestycja jest ca\u0142kowicie wolna od ryzyka i odzwierciedla nasze zaanga\u017cowanie w dostarczanie profesjonalnych rozwi\u0105za\u0144 konserwacyjnych.<\/p>\n<p><strong><img decoding=\"async\" style=\"margin-right: 12px;\" src=\"https:\/\/www.ferberpainting.com\/wp-content\/uploads\/2026\/02\/Check.svg\" alt=\"\" width=\"18\" height=\"15\" \/>Najta\u0144szy dost\u0119pny wysokowydajny \u015brodek do zwalczania bakterii septycznych.<\/strong> Skuteczna konserwacja systemu septycznego nie wymaga kosztownych wizyt serwisowych ani kosztownych interwencji pompowania. Nasze biologiczne oczyszczanie oferuje najwy\u017csz\u0105 wydajno\u015b\u0107 w najbardziej konkurencyjnej cenie na rynku, zapewniaj\u0105c wyj\u0105tkow\u0105 d\u0142ugoterminow\u0105 warto\u015b\u0107 dla w\u0142a\u015bcicieli dom\u00f3w.<\/p>\n<p><strong><img decoding=\"async\" style=\"margin-right: 12px;\" src=\"https:\/\/www.ferberpainting.com\/wp-content\/uploads\/2026\/02\/Check.svg\" alt=\"\" width=\"18\" height=\"15\" \/>Tylko jedna butelka rocznie dla \u0142atwej konserwacji.<\/strong> Zaprojektowany z my\u015bl\u0105 o prostocie i wydajno\u015bci, wystarczy jedna butelka rocznie dla standardowych domowych szamb. Ten coroczny zabieg zapewnia ci\u0105g\u0142e wsparcie dla ekosystemu drobnoustroj\u00f3w wewn\u0105trz zbiornika, dzi\u0119ki czemu konserwacja jest prosta i wygodna.<\/p>\n<p><strong><img decoding=\"async\" style=\"margin-right: 12px;\" src=\"https:\/\/www.ferberpainting.com\/wp-content\/uploads\/2026\/02\/Check.svg\" alt=\"\" width=\"18\" height=\"15\" \/>Redukuje nieprzyjemne zapachy.<\/strong> Przyspieszaj\u0105c rozk\u0142ad odpad\u00f3w organicznych, \u017cywe bakterie pomagaj\u0105 zminimalizowa\u0107 produkcj\u0119 cuchn\u0105cych gaz\u00f3w. Regularne stosowanie przyczynia si\u0119 do \u015bwie\u017cszego i bardziej higienicznego \u015brodowiska wok\u00f3\u0142 instalacji septycznych.<\/p>\n<p><strong><img decoding=\"async\" style=\"margin-right: 12px;\" src=\"https:\/\/www.ferberpainting.com\/wp-content\/uploads\/2026\/02\/Check.svg\" alt=\"\" width=\"18\" height=\"15\" \/>Pomaga zapobiega\u0107 zatorom i gromadzeniu si\u0119 osad\u00f3w.<\/strong> Aktywne kultury bakterii trawi\u0105 odpady sta\u0142e i zmniejszaj\u0105 gromadzenie si\u0119 szlamu, pomagaj\u0105c utrzyma\u0107 prawid\u0142owy przep\u0142yw i zapobiegaj\u0105c kosztownym zatorom lub spi\u0119trzeniom w rurach i odp\u0142ywach.<\/p>\n<p><strong><img decoding=\"async\" style=\"margin-right: 12px;\" src=\"https:\/\/www.ferberpainting.com\/wp-content\/uploads\/2026\/02\/Check.svg\" alt=\"\" width=\"18\" height=\"15\" \/>Wspiera przyjazne dla \u015brodowiska przetwarzanie odpad\u00f3w.<\/strong> To biologiczne rozwi\u0105zanie dzia\u0142a w harmonii z naturalnymi procesami, unikaj\u0105c ostrych chemikali\u00f3w, kt\u00f3re mog\u0105 uszkodzi\u0107 po\u017cyteczne bakterie lub zanieczy\u015bci\u0107 wody gruntowe. Promuje zr\u00f3wnowa\u017cone i \u015bwiadome ekologicznie podej\u015bcie do piel\u0119gnacji systemu septycznego.<\/p>\n<p><strong><img decoding=\"async\" style=\"margin-right: 12px;\" src=\"https:\/\/www.ferberpainting.com\/wp-content\/uploads\/2026\/02\/Check.svg\" alt=\"\" width=\"18\" height=\"15\" \/>Nadaje si\u0119 do domowych szamb i ma\u0142ych system\u00f3w kanalizacyjnych.<\/strong> Ten produkt jest idealny dla dom\u00f3w korzystaj\u0105cych ze szamba, szamb i ma\u0142ych niezale\u017cnych system\u00f3w oczyszczania \u015bciek\u00f3w. Dostosowuje si\u0119 do r\u00f3\u017cnych rozmiar\u00f3w zbiornik\u00f3w w normalnych warunkach u\u017cytkowania w gospodarstwie domowym.<\/p>\n<h2><strong>Instrukcje<\/strong><\/h2>\n<ul>\n<li>Przed u\u017cyciem dobrze wstrz\u0105sn\u0105\u0107 butelk\u0105, aby zapewni\u0107 r\u00f3wnomierne rozprowadzenie kultur bakterii.<\/li>\n<li>W przypadku standardowych szamb mieszkalnych nale\u017cy u\u017cywa\u0107 jednej pe\u0142nej butelki rocznie w ramach rutynowej konserwacji.<\/li>\n<li>Wlej zawarto\u015b\u0107 bezpo\u015brednio do toalety i sp\u0142ucz, aby umo\u017cliwi\u0107 bakteriom przedostanie si\u0119 do systemu septycznego.<\/li>\n<li>Alternatywnie, produkt mo\u017cna rozcie\u0144czy\u0107 w wodzie i wla\u0107 do zlewu lub odp\u0142ywu pod\u0142\u0105czonego do szamba.<\/li>\n<li>Zastosuj leczenie, gdy system dzia\u0142a normalnie i unikaj u\u017cywania du\u017cych ilo\u015bci chemicznych \u015brodk\u00f3w czyszcz\u0105cych bezpo\u015brednio po nim.<\/li>\n<li>Aby uzyska\u0107 najlepsze wyniki, nale\u017cy wprowadzi\u0107 bakterie w okresie regularnego u\u017cytkowania gospodarstwa domowego, aby promowa\u0107 ich dystrybucj\u0119 w ca\u0142ym zbiorniku.<\/li>\n<li>Unikaj \u0142\u0105czenia z ostrymi chemikaliami antybakteryjnymi lub nadmiern\u0105 ilo\u015bci\u0105 wybielacza, poniewa\u017c mog\u0105 one zmniejszy\u0107 aktywno\u015b\u0107 bakterii.<\/li>\n<li>W przypadku intensywnego u\u017cytkowania lub wi\u0119kszych zbiornik\u00f3w nale\u017cy skonsultowa\u0107 si\u0119 z profesjonalist\u0105 w celu ustalenia, czy wymagane jest dodatkowe dozowanie.<\/li>\n<li>Kontynuacja rutynowych inspekcji system\u00f3w septycznych i harmonogram\u00f3w pompowania zgodnie z lokalnymi przepisami.<\/li>\n<li>Produkt nale\u017cy przechowywa\u0107 w ch\u0142odnym, suchym miejscu, z dala od bezpo\u015bredniego \u015bwiat\u0142a s\u0142onecznego, aby zachowa\u0107 \u017cywotno\u015b\u0107 bakterii.<\/li>\n<\/ul>\n<p>Regularne stosowanie tego preparatu do szamba z \u017cywymi bakteriami pomaga utrzyma\u0107 zr\u00f3wnowa\u017cone \u015brodowisko mikrobiologiczne w systemie kanalizacyjnym. Dostarczaj\u0105c oko\u0142o 100 000 bakterii na gram, produkt wzmacnia naturalne procesy rozk\u0142adu, zmniejsza gromadzenie si\u0119 szlamu, minimalizuje nieprzyjemne zapachy i wspiera d\u0142ugoterminow\u0105 wydajno\u015b\u0107 szamba. Prosta aplikacja raz w roku sprawia, \u017ce konserwacja nie wymaga wysi\u0142ku, zapewniaj\u0105c jednocze\u015bnie niezawodne i przyjazne dla \u015brodowiska dzia\u0142anie.<\/p>","protected":false},"excerpt":{"rendered":"<p>Restore and maintain optimal septic tank performance naturally. Our live bacteria for septic tank treatment is specially formulated to support and enhance the natural biological processes inside your septic system. By introducing active, beneficial microorganisms, it helps break down organic waste efficiently and keeps your septic tank functioning smoothly throughout the year. Contains approximately 100,000 [&hellip;]<\/p>\n","protected":false},"featured_media":26257,"comment_status":"open","ping_status":"closed","template":"","meta":{"_uag_custom_page_level_css":"","site-sidebar-layout":"default","site-content-layout":"","ast-site-content-layout":"default","site-content-style":"default","site-sidebar-style":"default","ast-global-header-display":"","ast-banner-title-visibility":"","ast-main-header-display":"","ast-hfb-above-header-display":"","ast-hfb-below-header-display":"","ast-hfb-mobile-header-display":"","site-post-title":"","ast-breadcrumbs-content":"","ast-featured-img":"","footer-sml-layout":"","ast-disable-related-posts":"","theme-transparent-header-meta":"default","adv-header-id-meta":"","stick-header-meta":"","header-above-stick-meta":"","header-main-stick-meta":"","header-below-stick-meta":"","astra-migrate-meta-layouts":"set","ast-page-background-enabled":"default","ast-page-background-meta":{"desktop":{"background-color":"var(--ast-global-color-4)","background-image":"","background-repeat":"repeat","background-position":"center center","background-size":"auto","background-attachment":"scroll","background-type":"","background-media":"","overlay-type":"","overlay-color":"","overlay-opacity":"","overlay-gradient":""},"tablet":{"background-color":"","background-image":"","background-repeat":"repeat","background-position":"center center","background-size":"auto","background-attachment":"scroll","background-type":"","background-media":"","overlay-type":"","overlay-color":"","overlay-opacity":"","overlay-gradient":""},"mobile":{"background-color":"","background-image":"","background-repeat":"repeat","background-position":"center center","background-size":"auto","background-attachment":"scroll","background-type":"","background-media":"","overlay-type":"","overlay-color":"","overlay-opacity":"","overlay-gradient":""}},"ast-content-background-meta":{"desktop":{"background-color":"var(--ast-global-color-5)","background-image":"","background-repeat":"repeat","background-position":"center center","background-size":"auto","background-attachment":"scroll","background-type":"","background-media":"","overlay-type":"","overlay-color":"","overlay-opacity":"","overlay-gradient":""},"tablet":{"background-color":"var(--ast-global-color-5)","background-image":"","background-repeat":"repeat","background-position":"center center","background-size":"auto","background-attachment":"scroll","background-type":"","background-media":"","overlay-type":"","overlay-color":"","overlay-opacity":"","overlay-gradient":""},"mobile":{"background-color":"var(--ast-global-color-5)","background-image":"","background-repeat":"repeat","background-position":"center center","background-size":"auto","background-attachment":"scroll","background-type":"","background-media":"","overlay-type":"","overlay-color":"","overlay-opacity":"","overlay-gradient":""}}},"product_brand":[],"product_cat":[175],"product_tag":[],"class_list":{"0":"post-23799","1":"product","2":"type-product","3":"status-publish","4":"has-post-thumbnail","6":"product_cat-cleaning-products","7":"desktop-align-left","8":"tablet-align-left","9":"mobile-align-left","11":"first","12":"instock","13":"taxable","14":"shipping-taxable","15":"purchasable","16":"product-type-simple"},"spectra_custom_meta":{"_visibility":["visible"],"_shopify_product_id":["7954850152693"],"_s2w_shopify_domain":["ferberpainting.myshopify.com"],"_shopify_variant_id":["43513609322741"],"_sku":["FPBACTERIASEPTICTANK"],"_regular_price":["29.90"],"_price":["29.90"],"_sale_price":[""],"_weight":["1.3"],"_thumbnail_id":["26257"],"_global_unique_id":["5056773801592"],"total_sales":["243"],"_tax_status":["taxable"],"_tax_class":[""],"_manage_stock":["no"],"_backorders":["no"],"_sold_individually":["no"],"_virtual":["no"],"_downloadable":["no"],"_download_limit":["-1"],"_download_expiry":["-1"],"_stock":[null],"_stock_status":["instock"],"_wc_average_rating":["4.91"],"_wc_review_count":["70"],"_product_version":["10.5.1"],"_wc_rating_count":["a:2:{i:4;i:6;i:5;i:64;}"],"_edit_lock":["1771184694:1"],"merchant-center-availability":["yes"],"merchant-center-id":["LBFST"],"merchant-center-category":["7470"],"_edit_last":["1"],"_wp_page_template":["default"],"site-sidebar-layout":["default"],"ast-site-content-layout":["default"],"site-content-style":["default"],"site-sidebar-style":["default"],"theme-transparent-header-meta":["default"],"astra-migrate-meta-layouts":["set"],"_uag_css_file_name":["uag-css-23799.css"],"_elementor_page_assets":["a:0:{}"],"_uag_page_assets":["a:9:{s:3:\"css\";s:6873:\".wp-block-uagb-image{display:flex}.wp-block-uagb-image__figure{position:relative;display:flex;flex-direction:column;max-width:100%;height:auto;margin:0}.wp-block-uagb-image__figure img{height:auto;display:flex;max-width:100%;transition:box-shadow .2s ease}.wp-block-uagb-image__figure>a{display:inline-block}.wp-block-uagb-image__figure figcaption{text-align:center;margin-top:.5em;margin-bottom:1em}.wp-block-uagb-image .components-placeholder.block-editor-media-placeholder .components-placeholder__instructions{align-self:center}.wp-block-uagb-image--align-left{text-align:left}.wp-block-uagb-image--align-right{text-align:right}.wp-block-uagb-image--align-center{text-align:center}.wp-block-uagb-image--align-full .wp-block-uagb-image__figure{margin-left:calc(50% - 50vw);margin-right:calc(50% - 50vw);max-width:100vw;width:100vw;height:auto}.wp-block-uagb-image--align-full .wp-block-uagb-image__figure img{height:auto;width:100% !important}.wp-block-uagb-image--align-wide .wp-block-uagb-image__figure img{height:auto;width:100%}.wp-block-uagb-image--layout-overlay__color-wrapper{position:absolute;left:0;top:0;right:0;bottom:0;opacity:.2;background:rgba(0,0,0,.5);transition:opacity .35s ease-in-out}.wp-block-uagb-image--layout-overlay-link{position:absolute;left:0;right:0;bottom:0;top:0}.wp-block-uagb-image--layout-overlay .wp-block-uagb-image__figure:hover .wp-block-uagb-image--layout-overlay__color-wrapper{opacity:1}.wp-block-uagb-image--layout-overlay__inner{position:absolute;left:15px;right:15px;bottom:15px;top:15px;display:flex;align-items:center;justify-content:center;flex-direction:column;border-color:#fff;transition:.35s ease-in-out}.wp-block-uagb-image--layout-overlay__inner.top-left,.wp-block-uagb-image--layout-overlay__inner.top-center,.wp-block-uagb-image--layout-overlay__inner.top-right{justify-content:flex-start}.wp-block-uagb-image--layout-overlay__inner.bottom-left,.wp-block-uagb-image--layout-overlay__inner.bottom-center,.wp-block-uagb-image--layout-overlay__inner.bottom-right{justify-content:flex-end}.wp-block-uagb-image--layout-overlay__inner.top-left,.wp-block-uagb-image--layout-overlay__inner.center-left,.wp-block-uagb-image--layout-overlay__inner.bottom-left{align-items:flex-start}.wp-block-uagb-image--layout-overlay__inner.top-right,.wp-block-uagb-image--layout-overlay__inner.center-right,.wp-block-uagb-image--layout-overlay__inner.bottom-right{align-items:flex-end}.wp-block-uagb-image--layout-overlay__inner .uagb-image-heading{color:#fff;transition:transform .35s,opacity .35s ease-in-out;transform:translate3d(0, 24px, 0);margin:0;line-height:1em}.wp-block-uagb-image--layout-overlay__inner .uagb-image-separator{width:30%;border-top-width:2px;border-top-color:#fff;border-top-style:solid;margin-bottom:10px;opacity:0;transition:transform .4s,opacity .4s ease-in-out;transform:translate3d(0, 30px, 0)}.wp-block-uagb-image--layout-overlay__inner .uagb-image-caption{opacity:0;overflow:visible;color:#fff;transition:transform .45s,opacity .45s ease-in-out;transform:translate3d(0, 35px, 0)}.wp-block-uagb-image--layout-overlay__inner:hover .uagb-image-heading,.wp-block-uagb-image--layout-overlay__inner:hover .uagb-image-separator,.wp-block-uagb-image--layout-overlay__inner:hover .uagb-image-caption{opacity:1;transform:translate3d(0, 0, 0)}.wp-block-uagb-image--effect-zoomin .wp-block-uagb-image__figure img,.wp-block-uagb-image--effect-zoomin .wp-block-uagb-image__figure .wp-block-uagb-image--layout-overlay__color-wrapper{transform:scale(1);transition:transform .35s ease-in-out}.wp-block-uagb-image--effect-zoomin .wp-block-uagb-image__figure:hover img,.wp-block-uagb-image--effect-zoomin .wp-block-uagb-image__figure:hover .wp-block-uagb-image--layout-overlay__color-wrapper{transform:scale(1.05)}.wp-block-uagb-image--effect-slide .wp-block-uagb-image__figure img,.wp-block-uagb-image--effect-slide .wp-block-uagb-image__figure .wp-block-uagb-image--layout-overlay__color-wrapper{width:calc(100% + 40px) !important;max-width:none !important;transform:translate3d(-40px, 0, 0);transition:transform .35s ease-in-out}.wp-block-uagb-image--effect-slide .wp-block-uagb-image__figure:hover img,.wp-block-uagb-image--effect-slide .wp-block-uagb-image__figure:hover .wp-block-uagb-image--layout-overlay__color-wrapper{transform:translate3d(0, 0, 0)}.wp-block-uagb-image--effect-grayscale img{filter:grayscale(0%);transition:.35s ease-in-out}.wp-block-uagb-image--effect-grayscale:hover img{filter:grayscale(100%)}.wp-block-uagb-image--effect-blur img{filter:blur(0);transition:.35s ease-in-out}.wp-block-uagb-image--effect-blur:hover img{filter:blur(3px)}.uagb-block-e6f939b3.wp-block-uagb-image--layout-default figure img{box-shadow: 0px 0px 0 #00000070;}.uagb-block-e6f939b3.wp-block-uagb-image .wp-block-uagb-image__figure figcaption{font-style: normal;align-self: center;}.uagb-block-e6f939b3.wp-block-uagb-image--layout-overlay figure img{box-shadow: 0px 0px 0 #00000070;}.uagb-block-e6f939b3.wp-block-uagb-image--layout-overlay .wp-block-uagb-image--layout-overlay__color-wrapper{opacity: 0.2;}.uagb-block-e6f939b3.wp-block-uagb-image--layout-overlay .wp-block-uagb-image--layout-overlay__inner{left: 15px;right: 15px;top: 15px;bottom: 15px;}.uagb-block-e6f939b3.wp-block-uagb-image--layout-overlay .wp-block-uagb-image--layout-overlay__inner .uagb-image-heading{font-style: normal;color: #fff;opacity: 1;}.uagb-block-e6f939b3.wp-block-uagb-image--layout-overlay .wp-block-uagb-image--layout-overlay__inner .uagb-image-heading a{color: #fff;}.uagb-block-e6f939b3.wp-block-uagb-image--layout-overlay .wp-block-uagb-image--layout-overlay__inner .uagb-image-caption{opacity: 0;}.uagb-block-e6f939b3.wp-block-uagb-image--layout-overlay .wp-block-uagb-image__figure:hover .wp-block-uagb-image--layout-overlay__color-wrapper{opacity: 1;}.uagb-block-e6f939b3.wp-block-uagb-image .wp-block-uagb-image--layout-overlay__inner .uagb-image-separator{width: 30%;border-top-width: 2px;border-top-color: #fff;opacity: 0;}.uagb-block-e6f939b3.wp-block-uagb-image .wp-block-uagb-image__figure img{width: px;height: auto;}.uagb-block-e6f939b3.wp-block-uagb-image .wp-block-uagb-image__figure:hover .wp-block-uagb-image--layout-overlay__inner .uagb-image-caption{opacity: 1;}.uagb-block-e6f939b3.wp-block-uagb-image .wp-block-uagb-image__figure:hover .wp-block-uagb-image--layout-overlay__inner .uagb-image-separator{opacity: 1;}.uagb-block-e6f939b3.wp-block-uagb-image--layout-default figure:hover img{box-shadow: 0px 0px 0 #00000070;}.uagb-block-e6f939b3.wp-block-uagb-image--layout-overlay figure:hover img{box-shadow: 0px 0px 0 #00000070;}@media only screen and (max-width: 976px) {.uagb-block-e6f939b3.wp-block-uagb-image .wp-block-uagb-image__figure img{width: px;height: auto;}}@media only screen and (max-width: 767px) {.uagb-block-e6f939b3.wp-block-uagb-image .wp-block-uagb-image__figure img{width: px;height: auto;}}\";s:2:\"js\";s:0:\"\";s:18:\"current_block_list\";a:13:{i:0;s:11:\"core\/search\";i:1;s:10:\"core\/group\";i:2;s:12:\"core\/heading\";i:3;s:17:\"core\/latest-posts\";i:4;s:20:\"core\/latest-comments\";i:5;s:13:\"core\/archives\";i:6;s:15:\"core\/categories\";i:7;s:14:\"core\/paragraph\";i:8;s:10:\"uagb\/image\";i:9;s:11:\"core\/spacer\";i:10;s:30:\"woocommerce\/product-categories\";i:11;s:10:\"core\/image\";i:12;s:14:\"core\/shortcode\";}s:8:\"uag_flag\";b:1;s:11:\"uag_version\";s:10:\"1777350548\";s:6:\"gfonts\";a:0:{}s:10:\"gfonts_url\";s:0:\"\";s:12:\"gfonts_files\";a:0:{}s:14:\"uag_faq_layout\";b:0;}"]},"uagb_featured_image_src":{"full":["https:\/\/www.ferberpainting.com\/wp-content\/uploads\/2025\/05\/Live-Bacteria-for-Septic-Tank_4000x4000_e0a9d681-ecd6-4bc1-8a33-5e662d3a5188.png",2560,2560,false],"thumbnail":["https:\/\/www.ferberpainting.com\/wp-content\/uploads\/2025\/05\/Live-Bacteria-for-Septic-Tank_4000x4000_e0a9d681-ecd6-4bc1-8a33-5e662d3a5188-150x150.png",150,150,true],"medium":["https:\/\/www.ferberpainting.com\/wp-content\/uploads\/2025\/05\/Live-Bacteria-for-Septic-Tank_4000x4000_e0a9d681-ecd6-4bc1-8a33-5e662d3a5188-300x300.png",300,300,true],"medium_large":["https:\/\/www.ferberpainting.com\/wp-content\/uploads\/2025\/05\/Live-Bacteria-for-Septic-Tank_4000x4000_e0a9d681-ecd6-4bc1-8a33-5e662d3a5188-768x768.png",768,768,true],"large":["https:\/\/www.ferberpainting.com\/wp-content\/uploads\/2025\/05\/Live-Bacteria-for-Septic-Tank_4000x4000_e0a9d681-ecd6-4bc1-8a33-5e662d3a5188-1024x1024.png",1024,1024,true],"1536x1536":["https:\/\/www.ferberpainting.com\/wp-content\/uploads\/2025\/05\/Live-Bacteria-for-Septic-Tank_4000x4000_e0a9d681-ecd6-4bc1-8a33-5e662d3a5188-1536x1536.png",1536,1536,true],"2048x2048":["https:\/\/www.ferberpainting.com\/wp-content\/uploads\/2025\/05\/Live-Bacteria-for-Septic-Tank_4000x4000_e0a9d681-ecd6-4bc1-8a33-5e662d3a5188-2048x2048.png",2048,2048,true],"trp-custom-language-flag":["https:\/\/www.ferberpainting.com\/wp-content\/uploads\/2025\/05\/Live-Bacteria-for-Septic-Tank_4000x4000_e0a9d681-ecd6-4bc1-8a33-5e662d3a5188-12x12.png",12,12,true],"woocommerce_thumbnail":["https:\/\/www.ferberpainting.com\/wp-content\/uploads\/2025\/05\/Live-Bacteria-for-Septic-Tank_4000x4000_e0a9d681-ecd6-4bc1-8a33-5e662d3a5188-300x300.png",300,300,true],"woocommerce_single":["https:\/\/www.ferberpainting.com\/wp-content\/uploads\/2025\/05\/Live-Bacteria-for-Septic-Tank_4000x4000_e0a9d681-ecd6-4bc1-8a33-5e662d3a5188-600x600.png",600,600,true],"woocommerce_gallery_thumbnail":["https:\/\/www.ferberpainting.com\/wp-content\/uploads\/2025\/05\/Live-Bacteria-for-Septic-Tank_4000x4000_e0a9d681-ecd6-4bc1-8a33-5e662d3a5188-100x100.png",100,100,true]},"uagb_author_info":{"display_name":"admin","author_link":"https:\/\/www.ferberpainting.com\/pl\/author\/"},"uagb_comment_info":70,"uagb_excerpt":"Restore and maintain optimal septic tank performance naturally. Our live bacteria for septic tank treatment is specially formulated to support and enhance the natural biological processes inside your septic system. By introducing active, beneficial microorganisms, it helps break down organic waste efficiently and keeps your septic tank functioning smoothly throughout the year. Contains approximately 100,000&hellip;","_links":{"self":[{"href":"https:\/\/www.ferberpainting.com\/pl\/wp-json\/wp\/v2\/product\/23799","targetHints":{"allow":["GET"]}}],"collection":[{"href":"https:\/\/www.ferberpainting.com\/pl\/wp-json\/wp\/v2\/product"}],"about":[{"href":"https:\/\/www.ferberpainting.com\/pl\/wp-json\/wp\/v2\/types\/product"}],"replies":[{"embeddable":true,"href":"https:\/\/www.ferberpainting.com\/pl\/wp-json\/wp\/v2\/comments?post=23799"}],"version-history":[{"count":5,"href":"https:\/\/www.ferberpainting.com\/pl\/wp-json\/wp\/v2\/product\/23799\/revisions"}],"predecessor-version":[{"id":166486,"href":"https:\/\/www.ferberpainting.com\/pl\/wp-json\/wp\/v2\/product\/23799\/revisions\/166486"}],"wp:featuredmedia":[{"embeddable":true,"href":"https:\/\/www.ferberpainting.com\/pl\/wp-json\/wp\/v2\/media\/26257"}],"wp:attachment":[{"href":"https:\/\/www.ferberpainting.com\/pl\/wp-json\/wp\/v2\/media?parent=23799"}],"wp:term":[{"taxonomy":"product_brand","embeddable":true,"href":"https:\/\/www.ferberpainting.com\/pl\/wp-json\/wp\/v2\/product_brand?post=23799"},{"taxonomy":"product_cat","embeddable":true,"href":"https:\/\/www.ferberpainting.com\/pl\/wp-json\/wp\/v2\/product_cat?post=23799"},{"taxonomy":"product_tag","embeddable":true,"href":"https:\/\/www.ferberpainting.com\/pl\/wp-json\/wp\/v2\/product_tag?post=23799"}],"curies":[{"name":"wp","href":"https:\/\/api.w.org\/{rel}","templated":true}]}}