{"id":23762,"date":"2025-07-01T19:59:55","date_gmt":"2025-07-01T17:59:55","guid":{"rendered":"https:\/\/www.ferberpainting.com\/?post_type=product&#038;p=23762"},"modified":"2026-02-15T20:12:08","modified_gmt":"2026-02-15T19:12:08","slug":"jewelry-cleaner","status":"publish","type":"product","link":"https:\/\/www.ferberpainting.com\/pl\/products\/jewelry-cleaner\/","title":{"rendered":"\u015arodek do czyszczenia bi\u017cuterii"},"content":{"rendered":"<p><strong><img decoding=\"async\" style=\"margin-right: 12px;\" src=\"https:\/\/www.ferberpainting.com\/wp-content\/uploads\/2026\/02\/Check.svg\" alt=\"\" width=\"18\" height=\"15\" \/>Optymalna skuteczno\u015b\u0107.<\/strong>\u00a0Ten \u015brodek do czyszczenia bi\u017cuterii zosta\u0142 specjalnie opracowany, aby skutecznie eliminowa\u0107 \u015blady utleniania, pozosta\u0142o\u015bci brudu, kurz, szumowiny mydlane i inne zanieczyszczenia, kt\u00f3re matowi\u0105 po\u0142ysk bi\u017cuterii. Jego silna formu\u0142a wnika g\u0142\u0119boko, aby przywr\u00f3ci\u0107 blask metalom szlachetnym i kamieniom szlachetnym bez uszkadzania ich powierzchni. B\u0142yskawicznie przywraca pierwotny blask bi\u017cuterii, pozwalaj\u0105c jej zn\u00f3w pi\u0119knie l\u015bni\u0107 ju\u017c po jednym u\u017cyciu.<\/p>\n<p><strong><img decoding=\"async\" style=\"margin-right: 12px;\" src=\"https:\/\/www.ferberpainting.com\/wp-content\/uploads\/2026\/02\/Check.svg\" alt=\"\" width=\"18\" height=\"15\" \/>Gwarancja zwrotu pieni\u0119dzy.<\/strong>\u00a0Jeste\u015bmy ca\u0142kowicie pewni skuteczno\u015bci naszego \u015brodka czyszcz\u0105cego. Je\u015bli po jego u\u017cyciu nie b\u0119dziesz w pe\u0142ni zadowolony z rezultat\u00f3w, przys\u0142uguje Ci pe\u0142ny zwrot pieni\u0119dzy. Wypr\u00f3buj nasz produkt bez ryzyka i daj swojej bi\u017cuterii drugie \u017cycie bez wysi\u0142ku.<\/p>\n<p><strong><img decoding=\"async\" style=\"margin-right: 12px;\" src=\"https:\/\/www.ferberpainting.com\/wp-content\/uploads\/2026\/02\/Check.svg\" alt=\"\" width=\"18\" height=\"15\" \/>Wyj\u0105tkowa wszechstronno\u015b\u0107.<\/strong>\u00a0Ten \u015brodek czyszcz\u0105cy nie ogranicza si\u0119 do jednego rodzaju bi\u017cuterii. Jest kompatybilny ze z\u0142otem, srebrem, platyn\u0105, palladem, stal\u0105 nierdzewn\u0105 i kamieniami szlachetnymi, takimi jak diament, szafir, szmaragd i rubin. Jest r\u00f3wnie\u017c idealny do bi\u017cuterii z pere\u0142, bi\u017cuterii kostiumowej i bi\u017cuterii z kamieni p\u00f3\u0142szlachetnych, takich jak ametyst, topaz i kwarc. Zapewnia optymalne czyszczenie wszystkich rodzaj\u00f3w bi\u017cuterii, zar\u00f3wno antycznej, jak i nowoczesnej.<\/p>\n<p><strong><img decoding=\"async\" style=\"margin-right: 12px;\" src=\"https:\/\/www.ferberpainting.com\/wp-content\/uploads\/2026\/02\/Check.svg\" alt=\"\" width=\"18\" height=\"15\" \/>Op\u0142acalno\u015b\u0107.<\/strong>\u00a0Dzi\u0119ki 5-litrowemu pojemnikowi i skoncentrowanej formule ten \u015brodek czyszcz\u0105cy oferuje doskona\u0142\u0105 warto\u015b\u0107. Niewielka ilo\u015b\u0107 wystarcza do wyczyszczenia wielu element\u00f3w bi\u017cuterii bez marnowania. \u015arednio jeden litr mo\u017ce wyczy\u015bci\u0107 do 500 sztuk, co czyni go op\u0142acalnym i wydajnym rozwi\u0105zaniem do regularnej piel\u0119gnacji cennych akcesori\u00f3w.<\/p>\n<p><strong><img decoding=\"async\" style=\"margin-right: 12px;\" src=\"https:\/\/www.ferberpainting.com\/wp-content\/uploads\/2026\/02\/Check.svg\" alt=\"\" width=\"18\" height=\"15\" \/>Bezpieczny w u\u017cyciu.<\/strong>\u00a0W przeciwie\u0144stwie do ostrych \u015brodk\u00f3w czyszcz\u0105cych zawieraj\u0105cych rozpuszczalniki lub amoniak, produkt ten zawiera nietoksyczne substancje, kt\u00f3re s\u0105 bezpieczne dla wra\u017cliwych materia\u0142\u00f3w. Nie powoduje matowienia ani zarysowa\u0144 i nie narusza pow\u0142ok ochronnych na niekt\u00f3rych elementach bi\u017cuterii. Nie wydziela nieprzyjemnych zapach\u00f3w, nie podra\u017cnia i nie stanowi zagro\u017cenia dla sk\u00f3ry - idealny nawet dla wra\u017cliwych u\u017cytkownik\u00f3w.<\/p>\n<p><strong><img decoding=\"async\" style=\"margin-right: 12px;\" src=\"https:\/\/www.ferberpainting.com\/wp-content\/uploads\/2026\/02\/Check.svg\" alt=\"\" width=\"18\" height=\"15\" \/>\u0141atwo\u015b\u0107 u\u017cytkowania.<\/strong>\u00a0Produkt jest gotowy do u\u017cycia i nie wymaga rozcie\u0144czania ani skomplikowanej obs\u0142ugi. Mo\u017cna go nak\u0142ada\u0107 bezpo\u015brednio na bi\u017cuteri\u0119 za pomoc\u0105 mi\u0119kkiej szmatki, szczoteczki z mi\u0119kkim w\u0142osiem lub stosowa\u0107 jako \u015brodek do namaczania. Jego szybko dzia\u0142aj\u0105ca i intuicyjna formu\u0142a eliminuje zanieczyszczenia w kilka sekund, bez nadmiernego polerowania.<\/p>\n<p><strong><img decoding=\"async\" style=\"margin-right: 12px;\" src=\"https:\/\/www.ferberpainting.com\/wp-content\/uploads\/2026\/02\/Check.svg\" alt=\"\" width=\"18\" height=\"15\" \/>D\u0142ugotrwa\u0142y po\u0142ysk.<\/strong>\u00a0Skutecznie usuwaj\u0105c pozosta\u0142o\u015bci i konserwuj\u0105c powierzchnie bi\u017cuterii, ten \u015brodek czyszcz\u0105cy pomaga zachowa\u0107 ich po\u0142ysk i wyd\u0142u\u017ca ich \u017cywotno\u015b\u0107. Zapobiega przedwczesnemu utlenianiu metali i gromadzeniu si\u0119 brudu, kt\u00f3ry mo\u017ce uszkodzi\u0107 kamienie i oprawy. Regularne stosowanie zapewnia, \u017ce bi\u017cuteria pozostanie l\u015bni\u0105ca i pi\u0119kna przez lata.<\/p>\n<p><strong><img decoding=\"async\" style=\"margin-right: 12px;\" src=\"https:\/\/www.ferberpainting.com\/wp-content\/uploads\/2026\/02\/Check.svg\" alt=\"\" width=\"18\" height=\"15\" \/>Szybka akcja.<\/strong>\u00a0Dzi\u0119ki wysoce aktywnej formule ten \u015brodek czyszcz\u0105cy dzia\u0142a natychmiast na brud i matowe obszary. W ci\u0105gu zaledwie kilku sekund rozpuszcza zanieczyszczenia i u\u0142atwia ich usuwanie, bez konieczno\u015bci energicznego pocierania. Jego natychmiastowy efekt jest idealny do szybkiej i skutecznej konserwacji bi\u017cuterii, pomagaj\u0105c przywr\u00f3ci\u0107 blask w rekordowym czasie.<\/p>\n<h2><strong>Instrukcje u\u017cytkowania<\/strong><\/h2>\n<ul>\n<li><strong>Przygotowanie <\/strong>: Sprawd\u017a, czy bi\u017cuteria nie ma od\u0142\u0105czanych cz\u0119\u015bci i czy jest kompatybilna z p\u0142ynem do czyszczenia. W przypadku delikatnej bi\u017cuterii zawsze najpierw przetestuj j\u0105 na ma\u0142ej powierzchni.<\/li>\n<li><strong>Czyszczenie r\u0119czne <\/strong>: Na\u0142o\u017cy\u0107 niewielk\u0105 ilo\u015b\u0107 \u015brodka czyszcz\u0105cego na mi\u0119kk\u0105 \u015bciereczk\u0119 lub szczoteczk\u0119 z mi\u0119kkim w\u0142osiem, a nast\u0119pnie delikatnie pociera\u0107 bi\u017cuteri\u0119 okr\u0119\u017cnymi ruchami, aby usun\u0105\u0107 zanieczyszczenia.<\/li>\n<li><strong>Moczenie <\/strong>: Aby uzyska\u0107 g\u0142\u0119bsze czyszczenie, zanurz bi\u017cuteri\u0119 w pojemniku ze \u015brodkiem czyszcz\u0105cym i pozostaw na 30 sekund do 2 minut, w zale\u017cno\u015bci od stopnia zabrudzenia.<\/li>\n<li><strong>Czyszczenie trudnych obszar\u00f3w <\/strong>: W przypadku skomplikowanej bi\u017cuterii lub kamieni u\u017cyj mi\u0119kkiej szczoteczki lub wacika zamoczonego w produkcie, aby dotrze\u0107 do trudno dost\u0119pnych miejsc.<\/li>\n<li><strong>P\u0142ukanie <\/strong>: Po na\u0142o\u017ceniu lub namoczeniu dok\u0142adnie sp\u0142uka\u0107 letni\u0105 wod\u0105, aby usun\u0105\u0107 wszelkie pozosta\u0142o\u015bci produktu i zapobiec gromadzeniu si\u0119 osad\u00f3w.<\/li>\n<li><strong>Suszenie i wyka\u0144czanie <\/strong>: Ostro\u017cnie osuszy\u0107 czyst\u0105, mi\u0119kk\u0105 \u015bciereczk\u0105. Aby uzyska\u0107 dodatkowy po\u0142ysk, delikatnie wypoleruj powierzchni\u0119, aby przywr\u00f3ci\u0107 pe\u0142ny po\u0142ysk.<\/li>\n<li><strong>Cz\u0119stotliwo\u015b\u0107 u\u017cytkowania <\/strong>: Czy\u015b\u0107 bi\u017cuteri\u0119, gdy tylko pojawi si\u0119 utlenienie lub zmatowienie. W celach profilaktycznych stosowa\u0107 raz lub dwa razy w miesi\u0105cu, aby zapobiec gromadzeniu si\u0119 osad\u00f3w i zachowa\u0107 naturalny po\u0142ysk.<\/li>\n<li><strong>Przechowywanie <\/strong>: Przechowywa\u0107 pojemnik szczelnie zamkni\u0119ty po u\u017cyciu, w ch\u0142odnym, suchym miejscu, z dala od \u015bwiat\u0142a i ciep\u0142a, aby zachowa\u0107 pe\u0142n\u0105 wydajno\u015b\u0107 produktu przez d\u0142ugi czas.<\/li>\n<\/ul>\n<p>Dzi\u0119ki naszemu \u015brodkowi do czyszczenia bi\u017cuterii z \u0142atwo\u015bci\u0105 przywr\u00f3cisz blask i po\u0142ysk swojej bi\u017cuterii. Szybkie, skuteczne i bezpieczne rozwi\u0105zanie zapewniaj\u0105ce doskona\u0142\u0105 piel\u0119gnacj\u0119 cennych skarb\u00f3w.<\/p>","protected":false},"excerpt":{"rendered":"<p>Optimal Effectiveness.\u00a0This jewelry cleaner is specially formulated to effectively eliminate oxidation marks, dirt residues, dust, soap scum, and other impurities that dull the shine of jewelry. Its powerful formula penetrates deep to restore the brilliance of precious metals and gemstones without damaging their surface. It instantly brings back the original luster of your jewelry, allowing [&hellip;]<\/p>\n","protected":false},"featured_media":36627,"comment_status":"open","ping_status":"closed","template":"","meta":{"_uag_custom_page_level_css":"","site-sidebar-layout":"default","site-content-layout":"","ast-site-content-layout":"default","site-content-style":"default","site-sidebar-style":"default","ast-global-header-display":"","ast-banner-title-visibility":"","ast-main-header-display":"","ast-hfb-above-header-display":"","ast-hfb-below-header-display":"","ast-hfb-mobile-header-display":"","site-post-title":"","ast-breadcrumbs-content":"","ast-featured-img":"","footer-sml-layout":"","ast-disable-related-posts":"","theme-transparent-header-meta":"default","adv-header-id-meta":"","stick-header-meta":"","header-above-stick-meta":"","header-main-stick-meta":"","header-below-stick-meta":"","astra-migrate-meta-layouts":"set","ast-page-background-enabled":"default","ast-page-background-meta":{"desktop":{"background-color":"var(--ast-global-color-4)","background-image":"","background-repeat":"repeat","background-position":"center center","background-size":"auto","background-attachment":"scroll","background-type":"","background-media":"","overlay-type":"","overlay-color":"","overlay-opacity":"","overlay-gradient":""},"tablet":{"background-color":"","background-image":"","background-repeat":"repeat","background-position":"center center","background-size":"auto","background-attachment":"scroll","background-type":"","background-media":"","overlay-type":"","overlay-color":"","overlay-opacity":"","overlay-gradient":""},"mobile":{"background-color":"","background-image":"","background-repeat":"repeat","background-position":"center center","background-size":"auto","background-attachment":"scroll","background-type":"","background-media":"","overlay-type":"","overlay-color":"","overlay-opacity":"","overlay-gradient":""}},"ast-content-background-meta":{"desktop":{"background-color":"var(--ast-global-color-5)","background-image":"","background-repeat":"repeat","background-position":"center center","background-size":"auto","background-attachment":"scroll","background-type":"","background-media":"","overlay-type":"","overlay-color":"","overlay-opacity":"","overlay-gradient":""},"tablet":{"background-color":"var(--ast-global-color-5)","background-image":"","background-repeat":"repeat","background-position":"center center","background-size":"auto","background-attachment":"scroll","background-type":"","background-media":"","overlay-type":"","overlay-color":"","overlay-opacity":"","overlay-gradient":""},"mobile":{"background-color":"var(--ast-global-color-5)","background-image":"","background-repeat":"repeat","background-position":"center center","background-size":"auto","background-attachment":"scroll","background-type":"","background-media":"","overlay-type":"","overlay-color":"","overlay-opacity":"","overlay-gradient":""}}},"product_brand":[],"product_cat":[175],"product_tag":[],"class_list":{"0":"post-23762","1":"product","2":"type-product","3":"status-publish","4":"has-post-thumbnail","6":"product_cat-cleaning-products","7":"desktop-align-left","8":"tablet-align-left","9":"mobile-align-left","11":"first","12":"instock","13":"sale","14":"shipping-taxable","15":"purchasable","16":"product-type-variable","17":"has-default-attributes"},"spectra_custom_meta":{"_visibility":["visible"],"_shopify_product_id":["9102502854901"],"_s2w_shopify_domain":["ferberpainting.myshopify.com"],"_shopify_variant_id":["46616421859573"],"_sku":["FPJEWELRYCLEANER"],"_weight":["1.3"],"_global_unique_id":[""],"total_sales":["25"],"_tax_status":["taxable"],"_tax_class":[""],"_manage_stock":["no"],"_backorders":["no"],"_sold_individually":["no"],"_virtual":["no"],"_downloadable":["no"],"_download_limit":["-1"],"_download_expiry":["-1"],"_stock":[null],"_stock_status":["instock"],"_wc_average_rating":["5.00"],"_wc_review_count":["36"],"_product_version":["10.5.1"],"_edit_lock":["1772030676:1"],"_product_attributes":["a:1:{s:6:\"volume\";a:6:{s:4:\"name\";s:6:\"Volume\";s:5:\"value\";s:20:\"5 liters | 25 liters\";s:8:\"position\";i:0;s:10:\"is_visible\";i:1;s:12:\"is_variation\";i:1;s:11:\"is_taxonomy\";i:0;}}"],"_edit_last":["1"],"_wp_page_template":["default"],"_wp_old_date":["2025-05-26"],"site-sidebar-layout":["default"],"ast-site-content-layout":["default"],"site-content-style":["default"],"site-sidebar-style":["default"],"theme-transparent-header-meta":["default"],"_default_attributes":["a:1:{s:6:\"volume\";s:8:\"5 liters\";}"],"_price":["29.90","129.90"],"merchant-center-availability":["yes"],"merchant-center-category":["499919"],"_thumbnail_id":["36627"],"_product_image_gallery":["36628"],"_wc_rating_count":["a:1:{i:5;i:36;}"],"astra-migrate-meta-layouts":["set"],"_uag_css_file_name":["uag-css-23762.css"],"_elementor_page_assets":["a:0:{}"],"_uag_page_assets":["a:9:{s:3:\"css\";s:7133:\".uag-blocks-common-selector{z-index:var(--z-index-desktop) !important}@media(max-width: 976px){.uag-blocks-common-selector{z-index:var(--z-index-tablet) !important}}@media(max-width: 767px){.uag-blocks-common-selector{z-index:var(--z-index-mobile) !important}}.wp-block-uagb-image{display:flex}.wp-block-uagb-image__figure{position:relative;display:flex;flex-direction:column;max-width:100%;height:auto;margin:0}.wp-block-uagb-image__figure img{height:auto;display:flex;max-width:100%;transition:box-shadow .2s ease}.wp-block-uagb-image__figure>a{display:inline-block}.wp-block-uagb-image__figure figcaption{text-align:center;margin-top:.5em;margin-bottom:1em}.wp-block-uagb-image .components-placeholder.block-editor-media-placeholder .components-placeholder__instructions{align-self:center}.wp-block-uagb-image--align-left{text-align:left}.wp-block-uagb-image--align-right{text-align:right}.wp-block-uagb-image--align-center{text-align:center}.wp-block-uagb-image--align-full .wp-block-uagb-image__figure{margin-left:calc(50% - 50vw);margin-right:calc(50% - 50vw);max-width:100vw;width:100vw;height:auto}.wp-block-uagb-image--align-full .wp-block-uagb-image__figure img{height:auto;width:100% !important}.wp-block-uagb-image--align-wide .wp-block-uagb-image__figure img{height:auto;width:100%}.wp-block-uagb-image--layout-overlay__color-wrapper{position:absolute;left:0;top:0;right:0;bottom:0;opacity:.2;background:rgba(0,0,0,.5);transition:opacity .35s ease-in-out}.wp-block-uagb-image--layout-overlay-link{position:absolute;left:0;right:0;bottom:0;top:0}.wp-block-uagb-image--layout-overlay .wp-block-uagb-image__figure:hover .wp-block-uagb-image--layout-overlay__color-wrapper{opacity:1}.wp-block-uagb-image--layout-overlay__inner{position:absolute;left:15px;right:15px;bottom:15px;top:15px;display:flex;align-items:center;justify-content:center;flex-direction:column;border-color:#fff;transition:.35s ease-in-out}.wp-block-uagb-image--layout-overlay__inner.top-left,.wp-block-uagb-image--layout-overlay__inner.top-center,.wp-block-uagb-image--layout-overlay__inner.top-right{justify-content:flex-start}.wp-block-uagb-image--layout-overlay__inner.bottom-left,.wp-block-uagb-image--layout-overlay__inner.bottom-center,.wp-block-uagb-image--layout-overlay__inner.bottom-right{justify-content:flex-end}.wp-block-uagb-image--layout-overlay__inner.top-left,.wp-block-uagb-image--layout-overlay__inner.center-left,.wp-block-uagb-image--layout-overlay__inner.bottom-left{align-items:flex-start}.wp-block-uagb-image--layout-overlay__inner.top-right,.wp-block-uagb-image--layout-overlay__inner.center-right,.wp-block-uagb-image--layout-overlay__inner.bottom-right{align-items:flex-end}.wp-block-uagb-image--layout-overlay__inner .uagb-image-heading{color:#fff;transition:transform .35s,opacity .35s ease-in-out;transform:translate3d(0, 24px, 0);margin:0;line-height:1em}.wp-block-uagb-image--layout-overlay__inner .uagb-image-separator{width:30%;border-top-width:2px;border-top-color:#fff;border-top-style:solid;margin-bottom:10px;opacity:0;transition:transform .4s,opacity .4s ease-in-out;transform:translate3d(0, 30px, 0)}.wp-block-uagb-image--layout-overlay__inner .uagb-image-caption{opacity:0;overflow:visible;color:#fff;transition:transform .45s,opacity .45s ease-in-out;transform:translate3d(0, 35px, 0)}.wp-block-uagb-image--layout-overlay__inner:hover .uagb-image-heading,.wp-block-uagb-image--layout-overlay__inner:hover .uagb-image-separator,.wp-block-uagb-image--layout-overlay__inner:hover .uagb-image-caption{opacity:1;transform:translate3d(0, 0, 0)}.wp-block-uagb-image--effect-zoomin .wp-block-uagb-image__figure img,.wp-block-uagb-image--effect-zoomin .wp-block-uagb-image__figure .wp-block-uagb-image--layout-overlay__color-wrapper{transform:scale(1);transition:transform .35s ease-in-out}.wp-block-uagb-image--effect-zoomin .wp-block-uagb-image__figure:hover img,.wp-block-uagb-image--effect-zoomin .wp-block-uagb-image__figure:hover .wp-block-uagb-image--layout-overlay__color-wrapper{transform:scale(1.05)}.wp-block-uagb-image--effect-slide .wp-block-uagb-image__figure img,.wp-block-uagb-image--effect-slide .wp-block-uagb-image__figure .wp-block-uagb-image--layout-overlay__color-wrapper{width:calc(100% + 40px) !important;max-width:none !important;transform:translate3d(-40px, 0, 0);transition:transform .35s ease-in-out}.wp-block-uagb-image--effect-slide .wp-block-uagb-image__figure:hover img,.wp-block-uagb-image--effect-slide .wp-block-uagb-image__figure:hover .wp-block-uagb-image--layout-overlay__color-wrapper{transform:translate3d(0, 0, 0)}.wp-block-uagb-image--effect-grayscale img{filter:grayscale(0%);transition:.35s ease-in-out}.wp-block-uagb-image--effect-grayscale:hover img{filter:grayscale(100%)}.wp-block-uagb-image--effect-blur img{filter:blur(0);transition:.35s ease-in-out}.wp-block-uagb-image--effect-blur:hover img{filter:blur(3px)}.uagb-block-e6f939b3.wp-block-uagb-image--layout-default figure img{box-shadow: 0px 0px 0 #00000070;}.uagb-block-e6f939b3.wp-block-uagb-image .wp-block-uagb-image__figure figcaption{font-style: normal;align-self: center;}.uagb-block-e6f939b3.wp-block-uagb-image--layout-overlay figure img{box-shadow: 0px 0px 0 #00000070;}.uagb-block-e6f939b3.wp-block-uagb-image--layout-overlay .wp-block-uagb-image--layout-overlay__color-wrapper{opacity: 0.2;}.uagb-block-e6f939b3.wp-block-uagb-image--layout-overlay .wp-block-uagb-image--layout-overlay__inner{left: 15px;right: 15px;top: 15px;bottom: 15px;}.uagb-block-e6f939b3.wp-block-uagb-image--layout-overlay .wp-block-uagb-image--layout-overlay__inner .uagb-image-heading{font-style: normal;color: #fff;opacity: 1;}.uagb-block-e6f939b3.wp-block-uagb-image--layout-overlay .wp-block-uagb-image--layout-overlay__inner .uagb-image-heading a{color: #fff;}.uagb-block-e6f939b3.wp-block-uagb-image--layout-overlay .wp-block-uagb-image--layout-overlay__inner .uagb-image-caption{opacity: 0;}.uagb-block-e6f939b3.wp-block-uagb-image--layout-overlay .wp-block-uagb-image__figure:hover .wp-block-uagb-image--layout-overlay__color-wrapper{opacity: 1;}.uagb-block-e6f939b3.wp-block-uagb-image .wp-block-uagb-image--layout-overlay__inner .uagb-image-separator{width: 30%;border-top-width: 2px;border-top-color: #fff;opacity: 0;}.uagb-block-e6f939b3.wp-block-uagb-image .wp-block-uagb-image__figure img{width: px;height: auto;}.uagb-block-e6f939b3.wp-block-uagb-image .wp-block-uagb-image__figure:hover .wp-block-uagb-image--layout-overlay__inner .uagb-image-caption{opacity: 1;}.uagb-block-e6f939b3.wp-block-uagb-image .wp-block-uagb-image__figure:hover .wp-block-uagb-image--layout-overlay__inner .uagb-image-separator{opacity: 1;}.uagb-block-e6f939b3.wp-block-uagb-image--layout-default figure:hover img{box-shadow: 0px 0px 0 #00000070;}.uagb-block-e6f939b3.wp-block-uagb-image--layout-overlay figure:hover img{box-shadow: 0px 0px 0 #00000070;}@media only screen and (max-width: 976px) {.uagb-block-e6f939b3.wp-block-uagb-image .wp-block-uagb-image__figure img{width: px;height: auto;}}@media only screen and (max-width: 767px) {.uagb-block-e6f939b3.wp-block-uagb-image .wp-block-uagb-image__figure img{width: px;height: auto;}}\";s:2:\"js\";s:0:\"\";s:18:\"current_block_list\";a:13:{i:0;s:11:\"core\/search\";i:1;s:10:\"core\/group\";i:2;s:12:\"core\/heading\";i:3;s:17:\"core\/latest-posts\";i:4;s:20:\"core\/latest-comments\";i:5;s:13:\"core\/archives\";i:6;s:15:\"core\/categories\";i:7;s:14:\"core\/paragraph\";i:8;s:10:\"uagb\/image\";i:9;s:11:\"core\/spacer\";i:10;s:30:\"woocommerce\/product-categories\";i:11;s:10:\"core\/image\";i:12;s:14:\"core\/shortcode\";}s:8:\"uag_flag\";b:1;s:11:\"uag_version\";s:10:\"1776780381\";s:6:\"gfonts\";a:0:{}s:10:\"gfonts_url\";s:0:\"\";s:12:\"gfonts_files\";a:0:{}s:14:\"uag_faq_layout\";b:0;}"]},"uagb_featured_image_src":{"full":["https:\/\/www.ferberpainting.com\/wp-content\/uploads\/2025\/07\/Jewelry-Cleaner-5L-.png",2560,2560,false],"thumbnail":["https:\/\/www.ferberpainting.com\/wp-content\/uploads\/2025\/07\/Jewelry-Cleaner-5L--150x150.png",150,150,true],"medium":["https:\/\/www.ferberpainting.com\/wp-content\/uploads\/2025\/07\/Jewelry-Cleaner-5L--300x300.png",300,300,true],"medium_large":["https:\/\/www.ferberpainting.com\/wp-content\/uploads\/2025\/07\/Jewelry-Cleaner-5L--768x768.png",768,768,true],"large":["https:\/\/www.ferberpainting.com\/wp-content\/uploads\/2025\/07\/Jewelry-Cleaner-5L--1024x1024.png",1024,1024,true],"1536x1536":["https:\/\/www.ferberpainting.com\/wp-content\/uploads\/2025\/07\/Jewelry-Cleaner-5L--1536x1536.png",1536,1536,true],"2048x2048":["https:\/\/www.ferberpainting.com\/wp-content\/uploads\/2025\/07\/Jewelry-Cleaner-5L--2048x2048.png",2048,2048,true],"trp-custom-language-flag":["https:\/\/www.ferberpainting.com\/wp-content\/uploads\/2025\/07\/Jewelry-Cleaner-5L--12x12.png",12,12,true],"woocommerce_thumbnail":["https:\/\/www.ferberpainting.com\/wp-content\/uploads\/2025\/07\/Jewelry-Cleaner-5L--300x300.png",300,300,true],"woocommerce_single":["https:\/\/www.ferberpainting.com\/wp-content\/uploads\/2025\/07\/Jewelry-Cleaner-5L--600x600.png",600,600,true],"woocommerce_gallery_thumbnail":["https:\/\/www.ferberpainting.com\/wp-content\/uploads\/2025\/07\/Jewelry-Cleaner-5L--100x100.png",100,100,true]},"uagb_author_info":{"display_name":"admin","author_link":"https:\/\/www.ferberpainting.com\/pl\/author\/"},"uagb_comment_info":36,"uagb_excerpt":"Optimal Effectiveness.\u00a0This jewelry cleaner is specially formulated to effectively eliminate oxidation marks, dirt residues, dust, soap scum, and other impurities that dull the shine of jewelry. Its powerful formula penetrates deep to restore the brilliance of precious metals and gemstones without damaging their surface. It instantly brings back the original luster of your jewelry, allowing&hellip;","_links":{"self":[{"href":"https:\/\/www.ferberpainting.com\/pl\/wp-json\/wp\/v2\/product\/23762","targetHints":{"allow":["GET"]}}],"collection":[{"href":"https:\/\/www.ferberpainting.com\/pl\/wp-json\/wp\/v2\/product"}],"about":[{"href":"https:\/\/www.ferberpainting.com\/pl\/wp-json\/wp\/v2\/types\/product"}],"replies":[{"embeddable":true,"href":"https:\/\/www.ferberpainting.com\/pl\/wp-json\/wp\/v2\/comments?post=23762"}],"version-history":[{"count":5,"href":"https:\/\/www.ferberpainting.com\/pl\/wp-json\/wp\/v2\/product\/23762\/revisions"}],"predecessor-version":[{"id":166445,"href":"https:\/\/www.ferberpainting.com\/pl\/wp-json\/wp\/v2\/product\/23762\/revisions\/166445"}],"wp:featuredmedia":[{"embeddable":true,"href":"https:\/\/www.ferberpainting.com\/pl\/wp-json\/wp\/v2\/media\/36627"}],"wp:attachment":[{"href":"https:\/\/www.ferberpainting.com\/pl\/wp-json\/wp\/v2\/media?parent=23762"}],"wp:term":[{"taxonomy":"product_brand","embeddable":true,"href":"https:\/\/www.ferberpainting.com\/pl\/wp-json\/wp\/v2\/product_brand?post=23762"},{"taxonomy":"product_cat","embeddable":true,"href":"https:\/\/www.ferberpainting.com\/pl\/wp-json\/wp\/v2\/product_cat?post=23762"},{"taxonomy":"product_tag","embeddable":true,"href":"https:\/\/www.ferberpainting.com\/pl\/wp-json\/wp\/v2\/product_tag?post=23762"}],"curies":[{"name":"wp","href":"https:\/\/api.w.org\/{rel}","templated":true}]}}