{"id":23740,"date":"2025-05-26T10:25:16","date_gmt":"2025-05-26T08:25:16","guid":{"rendered":"https:\/\/www.ferberpainting.com\/products\/interior-paint-sky-blue\/"},"modified":"2026-02-15T19:42:57","modified_gmt":"2026-02-15T18:42:57","slug":"interior-paint-sky-blue","status":"publish","type":"product","link":"https:\/\/www.ferberpainting.com\/pl\/products\/interior-paint-sky-blue\/","title":{"rendered":"Farba wewn\u0119trzna Niebieski"},"content":{"rendered":"<p><strong><img decoding=\"async\" style=\"margin-right: 12px;\" src=\"https:\/\/www.ferberpainting.com\/wp-content\/uploads\/2026\/02\/Check.svg\" alt=\"\" width=\"18\" height=\"15\" \/>Od\u015bwie\u017c i przekszta\u0142\u0107 swoje wn\u0119trza dzi\u0119ki g\u0142adkiemu, \u017cywemu pokryciu.<\/strong> Nasza farba do wn\u0119trz zosta\u0142a specjalnie opracowana, aby zapewni\u0107 wyj\u0105tkow\u0105 g\u0142\u0119bi\u0119 koloru, jednolite krycie i wyrafinowane wyko\u0144czenie \u015bcian i sufit\u00f3w. O\u017cywia ona salony, sypialnie, kuchnie, biura i wn\u0119trza komercyjne, nadaj\u0105c im czysty i nowoczesny wygl\u0105d, jednocze\u015bnie zwi\u0119kszaj\u0105c og\u00f3lny komfort i atmosfer\u0119.<\/p>\n<p><strong><img decoding=\"async\" style=\"margin-right: 12px;\" src=\"https:\/\/www.ferberpainting.com\/wp-content\/uploads\/2026\/02\/Check.svg\" alt=\"\" width=\"18\" height=\"15\" \/>Najskuteczniejsza farba do wn\u0119trz na rynku.<\/strong> Dzi\u0119ki zaawansowanej dyspersji pigment\u00f3w i wysokowydajnym spoiwom, farba ta zapewnia doskona\u0142e krycie i przyczepno\u015b\u0107. Skutecznie pokrywa istniej\u0105ce kolory, zmniejsza potrzeb\u0119 nak\u0142adania wielu warstw i zapewnia g\u0142adki, pozbawiony smug efekt, kt\u00f3ry przewy\u017csza konwencjonalne farby do wn\u0119trz.<\/p>\n<p><strong><img decoding=\"async\" style=\"margin-right: 12px;\" src=\"https:\/\/www.ferberpainting.com\/wp-content\/uploads\/2026\/02\/Check.svg\" alt=\"\" width=\"18\" height=\"15\" \/>Gwarancja zwrotu pieni\u0119dzy dla ca\u0142kowitego spokoju ducha.<\/strong> Jeste\u015bmy w pe\u0142ni przekonani o jako\u015bci i wydajno\u015bci naszych farb do wn\u0119trz. Je\u015bli nie b\u0119dziesz w pe\u0142ni zadowolony z rezultat\u00f3w, zwr\u00f3cimy Ci pieni\u0105dze za zakup. Nasza gwarancja zwrotu pieni\u0119dzy zapewnia, \u017ce inwestycja jest ca\u0142kowicie wolna od ryzyka i odzwierciedla nasze zaanga\u017cowanie w dostarczanie profesjonalnej doskona\u0142o\u015bci.<\/p>\n<p><strong><img decoding=\"async\" style=\"margin-right: 12px;\" src=\"https:\/\/www.ferberpainting.com\/wp-content\/uploads\/2026\/02\/Check.svg\" alt=\"\" width=\"18\" height=\"15\" \/>Najta\u0144sza dost\u0119pna wysokowydajna farba do wn\u0119trz.<\/strong> Wysokiej jako\u015bci wyko\u0144czenia \u015bcian nie musz\u0105 by\u0107 drogie. Nasze farby do wn\u0119trz \u0142\u0105cz\u0105 profesjonalny poziom krycia i trwa\u0142o\u015bci z najbardziej konkurencyjnymi cenami na rynku, oferuj\u0105c wyj\u0105tkow\u0105 warto\u015b\u0107 dla w\u0142a\u015bcicieli dom\u00f3w, dekorator\u00f3w i wykonawc\u00f3w.<\/p>\n<p><strong><img decoding=\"async\" style=\"margin-right: 12px;\" src=\"https:\/\/www.ferberpainting.com\/wp-content\/uploads\/2026\/02\/Check.svg\" alt=\"\" width=\"18\" height=\"15\" \/>Szybka, 24-godzinna dostawa umo\u017cliwiaj\u0105ca nieprzerwan\u0105 realizacj\u0119 projekt\u00f3w renowacyjnych.<\/strong> Projekty malowania wn\u0119trz cz\u0119sto maj\u0105 napi\u0119te ramy czasowe. Dlatego te\u017c zapewniamy niezawodn\u0105 dostaw\u0119 w ci\u0105gu 24 godzin, gwarantuj\u0105c, \u017ce farba dotrze szybko, aby\u015b m\u00f3g\u0142 bezzw\u0142ocznie doko\u0144czy\u0107 remont.<\/p>\n<p><strong><img decoding=\"async\" style=\"margin-right: 12px;\" src=\"https:\/\/www.ferberpainting.com\/wp-content\/uploads\/2026\/02\/Check.svg\" alt=\"\" width=\"18\" height=\"15\" \/>Pokrycie do 10 m\u00b2 na litr dla wydajnej aplikacji.<\/strong> Jeden litr farby do wn\u0119trz pozwala na pokrycie do 10 metr\u00f3w kwadratowych, umo\u017cliwiaj\u0105c dok\u0142adne planowanie i kontrolowane zu\u017cycie. Ten okre\u015blony stopie\u0144 pokrycia zapewnia ekonomiczn\u0105 aplikacj\u0119 i sp\u00f3jne wyniki na du\u017cych powierzchniach.<\/p>\n<p><strong><img decoding=\"async\" style=\"margin-right: 12px;\" src=\"https:\/\/www.ferberpainting.com\/wp-content\/uploads\/2026\/02\/Check.svg\" alt=\"\" width=\"18\" height=\"15\" \/>G\u0142adkie i jednolite wyko\u0144czenie przy minimalnym wysi\u0142ku.<\/strong> Starannie zbilansowana formu\u0142a zapewnia \u0142atwe rozprowadzanie i wyr\u00f3wnywanie. Redukuje \u015blady wa\u0142ka i poci\u0105gni\u0119cia p\u0119dzla, zapewniaj\u0105c profesjonalne i wyrafinowane wyko\u0144czenie nawet dla pocz\u0105tkuj\u0105cych u\u017cytkownik\u00f3w.<\/p>\n<p><strong><img decoding=\"async\" style=\"margin-right: 12px;\" src=\"https:\/\/www.ferberpainting.com\/wp-content\/uploads\/2026\/02\/Check.svg\" alt=\"\" width=\"18\" height=\"15\" \/>Niski poziom zapachu zapewnia komfortow\u0105 prac\u0119 w pomieszczeniach.<\/strong> Zaprojektowana specjalnie do wn\u0119trz, farba ta ma formu\u0142\u0119 o niskim zapachu, kt\u00f3ra sprawia, \u017ce aplikacja jest wygodniejsza i odpowiednia do pomieszcze\u0144 mieszkalnych i biurowych.<\/p>\n<p><strong><img decoding=\"async\" style=\"margin-right: 12px;\" src=\"https:\/\/www.ferberpainting.com\/wp-content\/uploads\/2026\/02\/Check.svg\" alt=\"\" width=\"18\" height=\"15\" \/>Silna przyczepno\u015b\u0107 na wielu powierzchniach wewn\u0119trznych.<\/strong> Farba skutecznie przylega do tynku, p\u0142yt kartonowo-gipsowych, tynku cementowego, betonu i wcze\u015bniej malowanych powierzchni. Jej wszechstronno\u015b\u0107 sprawia, \u017ce nadaje si\u0119 zar\u00f3wno do nowych projekt\u00f3w budowlanych, jak i renowacyjnych.<\/p>\n<p><strong><img decoding=\"async\" style=\"margin-right: 12px;\" src=\"https:\/\/www.ferberpainting.com\/wp-content\/uploads\/2026\/02\/Check.svg\" alt=\"\" width=\"18\" height=\"15\" \/>Trwa\u0142a i zmywalna powierzchnia po utwardzeniu.<\/strong> Po wyschni\u0119ciu farba tworzy spr\u0119\u017cyst\u0105 powierzchni\u0119, kt\u00f3ra jest odporna na codzienne zu\u017cycie, drobne zadrapania i lekkie czyszczenie. Trwa\u0142o\u015b\u0107 ta pomaga zachowa\u0107 \u015bwie\u017cy wygl\u0105d \u015bcian przez d\u0142u\u017cszy czas.<\/p>\n<h2><strong>Instrukcje<\/strong><\/h2>\n<ul>\n<li>Przed aplikacj\u0105 nale\u017cy upewni\u0107 si\u0119, \u017ce powierzchnia jest czysta, sucha i wolna od kurzu, t\u0142uszczu, lu\u017anej farby lub zanieczyszcze\u0144 powierzchniowych.<\/li>\n<li>Naprawi\u0107 p\u0119kni\u0119cia, dziury lub niedoskona\u0142o\u015bci za pomoc\u0105 odpowiedniego wype\u0142niacza i wyg\u0142adzi\u0107 po wyschni\u0119ciu.<\/li>\n<li>W przypadku nowych lub wysoce porowatych powierzchni przed malowaniem nale\u017cy zastosowa\u0107 odpowiedni podk\u0142ad, aby poprawi\u0107 przyczepno\u015b\u0107 i jednorodno\u015b\u0107.<\/li>\n<li>Dok\u0142adnie wymieszaj farb\u0119 wewn\u0119trzn\u0105 przed u\u017cyciem, aby zapewni\u0107 jednolity kolor i tekstur\u0119.<\/li>\n<li>Nak\u0142ada\u0107 za pomoc\u0105 wa\u0142ka, p\u0119dzla lub urz\u0105dzenia natryskowego odpowiedniego do pow\u0142ok wewn\u0119trznych.<\/li>\n<li>Przestrzega\u0107 zalecanej wydajno\u015bci do 10 m\u00b2 na litr. Odpowiada to oko\u0142o 100 ml na metr kwadratowy, w zale\u017cno\u015bci od porowato\u015bci i tekstury powierzchni.<\/li>\n<li>Na\u0142\u00f3\u017c cienk\u0105 i r\u00f3wnomiern\u0105 pierwsz\u0105 warstw\u0119, zapewniaj\u0105c pe\u0142ne pokrycie bez nadmiernego gromadzenia si\u0119.<\/li>\n<li>Pozostawi\u0107 pierwsz\u0105 warstw\u0119 do ca\u0142kowitego wyschni\u0119cia zgodnie z temperatur\u0105 pomieszczenia i warunkami wentylacji.<\/li>\n<li>W razie potrzeby na\u0142o\u017cy\u0107 drug\u0105 warstw\u0119, aby uzyska\u0107 optymaln\u0105 g\u0142\u0119bi\u0119 koloru i jako\u015b\u0107 wyko\u0144czenia.<\/li>\n<li>Unika\u0107 aplikacji w ekstremalnie wilgotnych warunkach lub w bardzo niskich temperaturach, aby zapewni\u0107 prawid\u0142owe wysychanie.<\/li>\n<li>Przed intensywnym czyszczeniem lub kontaktem mechanicznym nale\u017cy odczeka\u0107 do ca\u0142kowitego utwardzenia pomalowanej powierzchni.<\/li>\n<li>Narz\u0119dzia nale\u017cy czy\u015bci\u0107 wod\u0105 lub odpowiednimi \u015brodkami czyszcz\u0105cymi natychmiast po u\u017cyciu i przechowywa\u0107 szczelnie zamkni\u0119ty pojemnik w ch\u0142odnym, suchym miejscu z dala od bezpo\u015bredniego \u015bwiat\u0142a s\u0142onecznego.<\/li>\n<\/ul>","protected":false},"excerpt":{"rendered":"<p>Refresh and transform your interior spaces with smooth, vibrant coverage. Our interior paint is specially formulated to deliver exceptional color depth, uniform coverage, and a refined finish for walls and ceilings. It revitalizes living rooms, bedrooms, kitchens, offices, and commercial interiors with a clean and modern appearance while enhancing overall comfort and atmosphere. The most [&hellip;]<\/p>\n","protected":false},"featured_media":26224,"comment_status":"open","ping_status":"closed","template":"","meta":{"_uag_custom_page_level_css":"","site-sidebar-layout":"default","site-content-layout":"","ast-site-content-layout":"default","site-content-style":"default","site-sidebar-style":"default","ast-global-header-display":"","ast-banner-title-visibility":"","ast-main-header-display":"","ast-hfb-above-header-display":"","ast-hfb-below-header-display":"","ast-hfb-mobile-header-display":"","site-post-title":"","ast-breadcrumbs-content":"","ast-featured-img":"","footer-sml-layout":"","ast-disable-related-posts":"","theme-transparent-header-meta":"default","adv-header-id-meta":"","stick-header-meta":"","header-above-stick-meta":"","header-main-stick-meta":"","header-below-stick-meta":"","astra-migrate-meta-layouts":"set","ast-page-background-enabled":"default","ast-page-background-meta":{"desktop":{"background-color":"var(--ast-global-color-4)","background-image":"","background-repeat":"repeat","background-position":"center center","background-size":"auto","background-attachment":"scroll","background-type":"","background-media":"","overlay-type":"","overlay-color":"","overlay-opacity":"","overlay-gradient":""},"tablet":{"background-color":"","background-image":"","background-repeat":"repeat","background-position":"center center","background-size":"auto","background-attachment":"scroll","background-type":"","background-media":"","overlay-type":"","overlay-color":"","overlay-opacity":"","overlay-gradient":""},"mobile":{"background-color":"","background-image":"","background-repeat":"repeat","background-position":"center center","background-size":"auto","background-attachment":"scroll","background-type":"","background-media":"","overlay-type":"","overlay-color":"","overlay-opacity":"","overlay-gradient":""}},"ast-content-background-meta":{"desktop":{"background-color":"var(--ast-global-color-5)","background-image":"","background-repeat":"repeat","background-position":"center center","background-size":"auto","background-attachment":"scroll","background-type":"","background-media":"","overlay-type":"","overlay-color":"","overlay-opacity":"","overlay-gradient":""},"tablet":{"background-color":"var(--ast-global-color-5)","background-image":"","background-repeat":"repeat","background-position":"center center","background-size":"auto","background-attachment":"scroll","background-type":"","background-media":"","overlay-type":"","overlay-color":"","overlay-opacity":"","overlay-gradient":""},"mobile":{"background-color":"var(--ast-global-color-5)","background-image":"","background-repeat":"repeat","background-position":"center center","background-size":"auto","background-attachment":"scroll","background-type":"","background-media":"","overlay-type":"","overlay-color":"","overlay-opacity":"","overlay-gradient":""}}},"product_brand":[],"product_cat":[180],"product_tag":[],"class_list":{"0":"post-23740","1":"product","2":"type-product","3":"status-publish","4":"has-post-thumbnail","6":"product_cat-interior-paint","7":"desktop-align-left","8":"tablet-align-left","9":"mobile-align-left","11":"first","12":"instock","13":"sale","14":"shipping-taxable","15":"purchasable","16":"product-type-variable","17":"has-default-attributes"},"spectra_custom_meta":{"_visibility":["visible"],"_shopify_product_id":["8315566457077"],"_s2w_shopify_domain":["ferberpainting.myshopify.com"],"_shopify_variant_id":["44762027327733"],"_sku":[""],"_manage_stock":["no"],"total_sales":["0"],"_tax_status":["taxable"],"_tax_class":[""],"_backorders":["no"],"_sold_individually":["no"],"_virtual":["no"],"_downloadable":["no"],"_download_limit":["-1"],"_download_expiry":["-1"],"_stock":[null],"_stock_status":["instock"],"_wc_average_rating":["5.00"],"_wc_review_count":["20"],"_product_attributes":["a:1:{s:6:\"volume\";a:6:{s:4:\"name\";s:6:\"Volume\";s:5:\"value\";s:30:\"1 liter | 5 liters | 20 liters\";s:8:\"position\";i:1;s:10:\"is_visible\";i:0;s:12:\"is_variation\";i:1;s:11:\"is_taxonomy\";i:0;}}"],"_product_version":["10.5.1"],"_thumbnail_id":["26224"],"_price":["19.90","79.90","299.90"],"_product_image_gallery":["26225,26226"],"merchant-center-availability":["yes"],"merchant-center-category":["1361"],"merchant-center-id":["PIBC1L"],"wpse_downloadable_file_names":[""],"wpse_downloadable_file_urls":[""],"_edit_last":["1"],"_default_attributes":["a:1:{s:6:\"volume\";s:7:\"1 liter\";}"],"_wc_rating_count":["a:1:{i:5;i:20;}"],"_edit_lock":["1771180855:1"],"_wp_page_template":["default"],"site-sidebar-layout":["default"],"ast-site-content-layout":["default"],"site-content-style":["default"],"site-sidebar-style":["default"],"theme-transparent-header-meta":["default"],"astra-migrate-meta-layouts":["set"],"_uag_css_file_name":["uag-css-23740.css"],"_elementor_page_assets":["a:0:{}"],"_uag_page_assets":["a:9:{s:3:\"css\";s:7156:\".uag-blocks-common-selector{z-index:var(--z-index-desktop) !important}@media (max-width: 976px){.uag-blocks-common-selector{z-index:var(--z-index-tablet) !important}}@media (max-width: 767px){.uag-blocks-common-selector{z-index:var(--z-index-mobile) !important}}\n.wp-block-uagb-image{display:flex}.wp-block-uagb-image__figure{position:relative;display:flex;flex-direction:column;max-width:100%;height:auto;margin:0}.wp-block-uagb-image__figure img{height:auto;display:flex;max-width:100%;transition:box-shadow 0.2s ease}.wp-block-uagb-image__figure>a{display:inline-block}.wp-block-uagb-image__figure figcaption{text-align:center;margin-top:0.5em;margin-bottom:1em}.wp-block-uagb-image .components-placeholder.block-editor-media-placeholder .components-placeholder__instructions{align-self:center}.wp-block-uagb-image--align-left{text-align:left}.wp-block-uagb-image--align-right{text-align:right}.wp-block-uagb-image--align-center{text-align:center}.wp-block-uagb-image--align-full .wp-block-uagb-image__figure{margin-left:calc(50% - 50vw);margin-right:calc(50% - 50vw);max-width:100vw;width:100vw;height:auto}.wp-block-uagb-image--align-full .wp-block-uagb-image__figure img{height:auto;width:100% !important}.wp-block-uagb-image--align-wide .wp-block-uagb-image__figure img{height:auto;width:100%}.wp-block-uagb-image--layout-overlay__color-wrapper{position:absolute;left:0;top:0;right:0;bottom:0;opacity:0.2;background:rgba(0,0,0,0.5);transition:opacity 0.35s ease-in-out}.wp-block-uagb-image--layout-overlay-link{position:absolute;left:0;right:0;bottom:0;top:0}.wp-block-uagb-image--layout-overlay .wp-block-uagb-image__figure:hover .wp-block-uagb-image--layout-overlay__color-wrapper{opacity:1}.wp-block-uagb-image--layout-overlay__inner{position:absolute;left:15px;right:15px;bottom:15px;top:15px;display:flex;align-items:center;justify-content:center;flex-direction:column;border-color:#fff;transition:0.35s ease-in-out}.wp-block-uagb-image--layout-overlay__inner.top-left,.wp-block-uagb-image--layout-overlay__inner.top-center,.wp-block-uagb-image--layout-overlay__inner.top-right{justify-content:flex-start}.wp-block-uagb-image--layout-overlay__inner.bottom-left,.wp-block-uagb-image--layout-overlay__inner.bottom-center,.wp-block-uagb-image--layout-overlay__inner.bottom-right{justify-content:flex-end}.wp-block-uagb-image--layout-overlay__inner.top-left,.wp-block-uagb-image--layout-overlay__inner.center-left,.wp-block-uagb-image--layout-overlay__inner.bottom-left{align-items:flex-start}.wp-block-uagb-image--layout-overlay__inner.top-right,.wp-block-uagb-image--layout-overlay__inner.center-right,.wp-block-uagb-image--layout-overlay__inner.bottom-right{align-items:flex-end}.wp-block-uagb-image--layout-overlay__inner .uagb-image-heading{color:#fff;transition:transform 0.35s, opacity 0.35s ease-in-out;transform:translate3d(0, 24px, 0);margin:0;line-height:1em}.wp-block-uagb-image--layout-overlay__inner .uagb-image-separator{width:30%;border-top-width:2px;border-top-color:#fff;border-top-style:solid;margin-bottom:10px;opacity:0;transition:transform 0.4s, opacity 0.4s ease-in-out;transform:translate3d(0, 30px, 0)}.wp-block-uagb-image--layout-overlay__inner .uagb-image-caption{opacity:0;overflow:visible;color:#fff;transition:transform 0.45s, opacity 0.45s ease-in-out;transform:translate3d(0, 35px, 0)}.wp-block-uagb-image--layout-overlay__inner:hover .uagb-image-heading,.wp-block-uagb-image--layout-overlay__inner:hover .uagb-image-separator,.wp-block-uagb-image--layout-overlay__inner:hover .uagb-image-caption{opacity:1;transform:translate3d(0, 0, 0)}.wp-block-uagb-image--effect-zoomin .wp-block-uagb-image__figure img,.wp-block-uagb-image--effect-zoomin .wp-block-uagb-image__figure .wp-block-uagb-image--layout-overlay__color-wrapper{transform:scale(1);transition:transform 0.35s ease-in-out}.wp-block-uagb-image--effect-zoomin .wp-block-uagb-image__figure:hover img,.wp-block-uagb-image--effect-zoomin .wp-block-uagb-image__figure:hover .wp-block-uagb-image--layout-overlay__color-wrapper{transform:scale(1.05)}.wp-block-uagb-image--effect-slide .wp-block-uagb-image__figure img,.wp-block-uagb-image--effect-slide .wp-block-uagb-image__figure .wp-block-uagb-image--layout-overlay__color-wrapper{width:calc(100% + 40px) !important;max-width:none !important;transform:translate3d(-40px, 0, 0);transition:transform 0.35s ease-in-out}.wp-block-uagb-image--effect-slide .wp-block-uagb-image__figure:hover img,.wp-block-uagb-image--effect-slide .wp-block-uagb-image__figure:hover .wp-block-uagb-image--layout-overlay__color-wrapper{transform:translate3d(0, 0, 0)}.wp-block-uagb-image--effect-grayscale img{filter:grayscale(0%);transition:0.35s ease-in-out}.wp-block-uagb-image--effect-grayscale:hover img{filter:grayscale(100%)}.wp-block-uagb-image--effect-blur img{filter:blur(0);transition:0.35s ease-in-out}.wp-block-uagb-image--effect-blur:hover img{filter:blur(3px)}\n.uagb-block-e6f939b3.wp-block-uagb-image--layout-default figure img{box-shadow: 0px 0px 0 #00000070;}.uagb-block-e6f939b3.wp-block-uagb-image .wp-block-uagb-image__figure figcaption{font-style: normal;align-self: center;}.uagb-block-e6f939b3.wp-block-uagb-image--layout-overlay figure img{box-shadow: 0px 0px 0 #00000070;}.uagb-block-e6f939b3.wp-block-uagb-image--layout-overlay .wp-block-uagb-image--layout-overlay__color-wrapper{opacity: 0.2;}.uagb-block-e6f939b3.wp-block-uagb-image--layout-overlay .wp-block-uagb-image--layout-overlay__inner{left: 15px;right: 15px;top: 15px;bottom: 15px;}.uagb-block-e6f939b3.wp-block-uagb-image--layout-overlay .wp-block-uagb-image--layout-overlay__inner .uagb-image-heading{font-style: normal;color: #fff;opacity: 1;}.uagb-block-e6f939b3.wp-block-uagb-image--layout-overlay .wp-block-uagb-image--layout-overlay__inner .uagb-image-heading a{color: #fff;}.uagb-block-e6f939b3.wp-block-uagb-image--layout-overlay .wp-block-uagb-image--layout-overlay__inner .uagb-image-caption{opacity: 0;}.uagb-block-e6f939b3.wp-block-uagb-image--layout-overlay .wp-block-uagb-image__figure:hover .wp-block-uagb-image--layout-overlay__color-wrapper{opacity: 1;}.uagb-block-e6f939b3.wp-block-uagb-image .wp-block-uagb-image--layout-overlay__inner .uagb-image-separator{width: 30%;border-top-width: 2px;border-top-color: #fff;opacity: 0;}.uagb-block-e6f939b3.wp-block-uagb-image .wp-block-uagb-image__figure img{width: px;height: auto;}.uagb-block-e6f939b3.wp-block-uagb-image .wp-block-uagb-image__figure:hover .wp-block-uagb-image--layout-overlay__inner .uagb-image-caption{opacity: 1;}.uagb-block-e6f939b3.wp-block-uagb-image .wp-block-uagb-image__figure:hover .wp-block-uagb-image--layout-overlay__inner .uagb-image-separator{opacity: 1;}.uagb-block-e6f939b3.wp-block-uagb-image--layout-default figure:hover img{box-shadow: 0px 0px 0 #00000070;}.uagb-block-e6f939b3.wp-block-uagb-image--layout-overlay figure:hover img{box-shadow: 0px 0px 0 #00000070;}@media only screen and (max-width: 976px) {.uagb-block-e6f939b3.wp-block-uagb-image .wp-block-uagb-image__figure img{width: px;height: auto;}}@media only screen and (max-width: 767px) {.uagb-block-e6f939b3.wp-block-uagb-image .wp-block-uagb-image__figure img{width: px;height: auto;}}\";s:2:\"js\";s:0:\"\";s:18:\"current_block_list\";a:13:{i:0;s:11:\"core\/search\";i:1;s:10:\"core\/group\";i:2;s:12:\"core\/heading\";i:3;s:17:\"core\/latest-posts\";i:4;s:20:\"core\/latest-comments\";i:5;s:13:\"core\/archives\";i:6;s:15:\"core\/categories\";i:7;s:14:\"core\/paragraph\";i:8;s:10:\"uagb\/image\";i:9;s:11:\"core\/spacer\";i:10;s:30:\"woocommerce\/product-categories\";i:11;s:10:\"core\/image\";i:12;s:14:\"core\/shortcode\";}s:8:\"uag_flag\";b:1;s:11:\"uag_version\";s:10:\"1775565651\";s:6:\"gfonts\";a:0:{}s:10:\"gfonts_url\";s:0:\"\";s:12:\"gfonts_files\";a:0:{}s:14:\"uag_faq_layout\";b:0;}"]},"uagb_featured_image_src":{"full":["https:\/\/www.ferberpainting.com\/wp-content\/uploads\/2025\/05\/InteriorPaintSkyblue1L.png",2560,2276,false],"thumbnail":["https:\/\/www.ferberpainting.com\/wp-content\/uploads\/2025\/05\/InteriorPaintSkyblue1L-150x150.png",150,150,true],"medium":["https:\/\/www.ferberpainting.com\/wp-content\/uploads\/2025\/05\/InteriorPaintSkyblue1L-300x267.png",300,267,true],"medium_large":["https:\/\/www.ferberpainting.com\/wp-content\/uploads\/2025\/05\/InteriorPaintSkyblue1L-768x683.png",768,683,true],"large":["https:\/\/www.ferberpainting.com\/wp-content\/uploads\/2025\/05\/InteriorPaintSkyblue1L-1024x910.png",1024,910,true],"1536x1536":["https:\/\/www.ferberpainting.com\/wp-content\/uploads\/2025\/05\/InteriorPaintSkyblue1L-1536x1366.png",1536,1366,true],"2048x2048":["https:\/\/www.ferberpainting.com\/wp-content\/uploads\/2025\/05\/InteriorPaintSkyblue1L-2048x1821.png",2048,1821,true],"trp-custom-language-flag":["https:\/\/www.ferberpainting.com\/wp-content\/uploads\/2025\/05\/InteriorPaintSkyblue1L-13x12.png",13,12,true],"woocommerce_thumbnail":["https:\/\/www.ferberpainting.com\/wp-content\/uploads\/2025\/05\/InteriorPaintSkyblue1L-300x300.png",300,300,true],"woocommerce_single":["https:\/\/www.ferberpainting.com\/wp-content\/uploads\/2025\/05\/InteriorPaintSkyblue1L-600x533.png",600,533,true],"woocommerce_gallery_thumbnail":["https:\/\/www.ferberpainting.com\/wp-content\/uploads\/2025\/05\/InteriorPaintSkyblue1L-100x100.png",100,100,true]},"uagb_author_info":{"display_name":"admin","author_link":"https:\/\/www.ferberpainting.com\/pl\/author\/"},"uagb_comment_info":20,"uagb_excerpt":"Refresh and transform your interior spaces with smooth, vibrant coverage. Our interior paint is specially formulated to deliver exceptional color depth, uniform coverage, and a refined finish for walls and ceilings. It revitalizes living rooms, bedrooms, kitchens, offices, and commercial interiors with a clean and modern appearance while enhancing overall comfort and atmosphere. The most&hellip;","_links":{"self":[{"href":"https:\/\/www.ferberpainting.com\/pl\/wp-json\/wp\/v2\/product\/23740","targetHints":{"allow":["GET"]}}],"collection":[{"href":"https:\/\/www.ferberpainting.com\/pl\/wp-json\/wp\/v2\/product"}],"about":[{"href":"https:\/\/www.ferberpainting.com\/pl\/wp-json\/wp\/v2\/types\/product"}],"replies":[{"embeddable":true,"href":"https:\/\/www.ferberpainting.com\/pl\/wp-json\/wp\/v2\/comments?post=23740"}],"version-history":[{"count":4,"href":"https:\/\/www.ferberpainting.com\/pl\/wp-json\/wp\/v2\/product\/23740\/revisions"}],"predecessor-version":[{"id":166414,"href":"https:\/\/www.ferberpainting.com\/pl\/wp-json\/wp\/v2\/product\/23740\/revisions\/166414"}],"wp:featuredmedia":[{"embeddable":true,"href":"https:\/\/www.ferberpainting.com\/pl\/wp-json\/wp\/v2\/media\/26224"}],"wp:attachment":[{"href":"https:\/\/www.ferberpainting.com\/pl\/wp-json\/wp\/v2\/media?parent=23740"}],"wp:term":[{"taxonomy":"product_brand","embeddable":true,"href":"https:\/\/www.ferberpainting.com\/pl\/wp-json\/wp\/v2\/product_brand?post=23740"},{"taxonomy":"product_cat","embeddable":true,"href":"https:\/\/www.ferberpainting.com\/pl\/wp-json\/wp\/v2\/product_cat?post=23740"},{"taxonomy":"product_tag","embeddable":true,"href":"https:\/\/www.ferberpainting.com\/pl\/wp-json\/wp\/v2\/product_tag?post=23740"}],"curies":[{"name":"wp","href":"https:\/\/api.w.org\/{rel}","templated":true}]}}