{"id":23530,"date":"2025-07-01T12:03:26","date_gmt":"2025-07-01T10:03:26","guid":{"rendered":"https:\/\/www.ferberpainting.com\/?post_type=product&#038;p=23530"},"modified":"2026-02-15T19:21:59","modified_gmt":"2026-02-15T18:21:59","slug":"hardwood-and-laminate-floor-cleaner","status":"publish","type":"product","link":"https:\/\/www.ferberpainting.com\/pl\/products\/hardwood-and-laminate-floor-cleaner\/","title":{"rendered":"P\u0142yn do mycia parkietu"},"content":{"rendered":"<p><strong><img decoding=\"async\" style=\"margin-right: 12px;\" src=\"https:\/\/www.ferberpainting.com\/wp-content\/uploads\/2026\/02\/Check.svg\" alt=\"\" width=\"18\" height=\"15\" \/>Optymalna skuteczno\u015b\u0107.<\/strong>\u00a0Ten \u015brodek do czyszczenia pod\u0142\u00f3g drewnianych zosta\u0142 specjalnie opracowany, aby skutecznie eliminowa\u0107 kurz, plamy, \u015blady st\u00f3p i codzienny brud. Dzia\u0142a delikatnie, szanuj\u0105c powierzchni\u0119 drewna, przywracaj\u0105c jej naturalny po\u0142ysk i czysty wygl\u0105d bez pozostawiania \u015blad\u00f3w i smug. Jest r\u00f3wnie\u017c idealny do g\u0142\u0119bokiego czyszczenia, aby przywr\u00f3ci\u0107 oryginalny wygl\u0105d drewnianych pod\u0142\u00f3g.<\/p>\n<p><strong><img decoding=\"async\" style=\"margin-right: 12px;\" src=\"https:\/\/www.ferberpainting.com\/wp-content\/uploads\/2026\/02\/Check.svg\" alt=\"\" width=\"18\" height=\"15\" \/>Satysfakcja gwarantowana lub zwrot pieni\u0119dzy.<\/strong>\u00a0Mamy pe\u0142ne zaufanie do skuteczno\u015bci naszego \u015brodka do czyszczenia pod\u0142\u00f3g. Je\u015bli po u\u017cyciu nie b\u0119dziesz w pe\u0142ni usatysfakcjonowany, przys\u0142uguje Ci pe\u0142ny zwrot pieni\u0119dzy. Wypr\u00f3buj ten \u015brodek czyszcz\u0105cy z pe\u0142nym spokojem i ciesz si\u0119 idealnie czystymi pod\u0142ogami bez ryzyka.<\/p>\n<p><strong><img decoding=\"async\" style=\"margin-right: 12px;\" src=\"https:\/\/www.ferberpainting.com\/wp-content\/uploads\/2026\/02\/Check.svg\" alt=\"\" width=\"18\" height=\"15\" \/>Wyj\u0105tkowa wszechstronno\u015b\u0107.<\/strong>\u00a0Ten \u015brodek czyszcz\u0105cy nie ogranicza si\u0119 do pod\u0142\u00f3g z litego drewna! Jest r\u00f3wnie\u017c kompatybilny z pod\u0142ogami laminowanymi, szkliwionymi, olejowanymi, woskowanymi i lakierowanymi parkietami, a nawet mo\u017ce by\u0107 stosowany na niekt\u00f3rych surowych lub kompozytowych powierzchniach drewnianych, przy zachowaniu \u015brodk\u00f3w ostro\u017cno\u015bci. Jego delikatne i skuteczne dzia\u0142anie jest odpowiednie dla wszystkich rodzaj\u00f3w pod\u0142\u00f3g drewnianych, niezale\u017cnie od wyko\u0144czenia lub odcienia.<\/p>\n<p><strong><img decoding=\"async\" style=\"margin-right: 12px;\" src=\"https:\/\/www.ferberpainting.com\/wp-content\/uploads\/2026\/02\/Check.svg\" alt=\"\" width=\"18\" height=\"15\" \/>Op\u0142acalno\u015b\u0107.<\/strong>\u00a0Dzi\u0119ki 5-litrowemu pojemnikowi i wysoce skoncentrowanej formule ten \u015brodek czyszcz\u0105cy oferuje doskona\u0142\u0105 wydajno\u015b\u0107. Niewielka ilo\u015b\u0107 wystarcza do czyszczenia du\u017cych powierzchni bez marnotrawstwa. \u015arednio 1 litr mo\u017ce wyczy\u015bci\u0107 do 100 m\u00b2, co czyni go ekonomicznym i d\u0142ugotrwa\u0142ym rozwi\u0105zaniem do piel\u0119gnacji pod\u0142\u00f3g drewnianych.<\/p>\n<p><strong><img decoding=\"async\" style=\"margin-right: 12px;\" src=\"https:\/\/www.ferberpainting.com\/wp-content\/uploads\/2026\/02\/Check.svg\" alt=\"\" width=\"18\" height=\"15\" \/>Bezpieczny w u\u017cyciu.<\/strong>\u00a0W przeciwie\u0144stwie do ostrych produkt\u00f3w dost\u0119pnych na rynku, ten \u015brodek czyszcz\u0105cy nie zawiera rozpuszczalnik\u00f3w \u015bciernych ani szkodliwych substancji. Jest bezpieczny dla \u015brodowiska, nie emituje toksycznych opar\u00f3w i nie uszkadza drewna ani wyko\u0144cze\u0144 ochronnych. Nadaje si\u0119 r\u00f3wnie\u017c do dom\u00f3w z dzie\u0107mi i zwierz\u0119tami, zapewniaj\u0105c bezpieczne i spokojne u\u017cytkowanie.<\/p>\n<p><strong><img decoding=\"async\" style=\"margin-right: 12px;\" src=\"https:\/\/www.ferberpainting.com\/wp-content\/uploads\/2026\/02\/Check.svg\" alt=\"\" width=\"18\" height=\"15\" \/>\u0141atwo\u015b\u0107 u\u017cytkowania.<\/strong>\u00a0Produkt jest gotowy do u\u017cycia, nie wymaga rozcie\u0144czania ani przygotowania. Wystarczy nanie\u015b\u0107 go bezpo\u015brednio na pod\u0142og\u0119 za pomoc\u0105 mopa, wilgotnej szmatki lub g\u0105bki i r\u00f3wnomiernie rozprowadzi\u0107. Szybko wysycha bez konieczno\u015bci sp\u0142ukiwania, dzi\u0119ki czemu jest prosty i praktyczny w codziennym czyszczeniu.<\/p>\n<p><strong><img decoding=\"async\" style=\"margin-right: 12px;\" src=\"https:\/\/www.ferberpainting.com\/wp-content\/uploads\/2026\/02\/Check.svg\" alt=\"\" width=\"18\" height=\"15\" \/>D\u0142ugotrwa\u0142a wytrzyma\u0142o\u015b\u0107.<\/strong>\u00a0Skutecznie czyszcz\u0105c i konserwuj\u0105c wyko\u0144czenie drewna, produkt ten wyd\u0142u\u017ca \u017cywotno\u015b\u0107 pod\u0142ogi. Chroni przed przedwczesnym zu\u017cyciem, zapobiega gromadzeniu si\u0119 kurzu i brudu oraz zapobiega mikrozarysowaniom spowodowanym przez pozosta\u0142o\u015bci \u015bcierne. Regularne stosowanie utrzymuje pod\u0142og\u0119 w idealnym stanie przez wiele lat.<\/p>\n<p><strong><img decoding=\"async\" style=\"margin-right: 12px;\" src=\"https:\/\/www.ferberpainting.com\/wp-content\/uploads\/2026\/02\/Check.svg\" alt=\"\" width=\"18\" height=\"15\" \/>Szybka akcja.<\/strong>\u00a0Dzi\u0119ki wysoce reaktywnej formule ten \u015brodek czyszcz\u0105cy dzia\u0142a natychmiastowo na brud i plamy. Wystarczy kilka poci\u0105gni\u0119\u0107, aby uzyska\u0107 czyst\u0105 i l\u015bni\u0105c\u0105 pod\u0142og\u0119 przy minimalnym wysi\u0142ku. Jego szybkie schni\u0119cie pozwala unikn\u0105\u0107 smug i umo\u017cliwia natychmiastowe u\u017cycie czyszczonej powierzchni.<\/p>\n<h2><strong>Instrukcje u\u017cytkowania<\/strong><\/h2>\n<ul>\n<li><strong>Przygotowanie <\/strong>: Przed na\u0142o\u017ceniem produktu nale\u017cy upewni\u0107 si\u0119, \u017ce pod\u0142oga jest wolna od kurzu, u\u017cywaj\u0105c miot\u0142y lub odkurzacza.<\/li>\n<li><strong>Zastosowanie <\/strong>: Wla\u0107 niewielk\u0105 ilo\u015b\u0107 \u015brodka czyszcz\u0105cego bezpo\u015brednio na mopa, g\u0105bk\u0119 lub wilgotn\u0105 \u015bciereczk\u0119.<\/li>\n<li><strong>Czyszczenie <\/strong>: Mopuj powierzchni\u0119 r\u00f3wnomiernie, wykonuj\u0105c regularne ruchy tam i z powrotem, wywieraj\u0105c nieco wi\u0119kszy nacisk na mocno zabrudzone obszary.<\/li>\n<li><strong>Suszenie <\/strong>: Pozostawi\u0107 do naturalnego wyschni\u0119cia, bez sp\u0142ukiwania. Jego formu\u0142a bez pozosta\u0142o\u015bci natychmiast przywraca pod\u0142odze po\u0142ysk.<\/li>\n<li><strong>Regularna konserwacja <\/strong>: U\u017cywaj tego \u015brodka czyszcz\u0105cego raz lub dwa razy w tygodniu, aby utrzyma\u0107 pod\u0142ogi w czysto\u015bci i chroni\u0107 je przed zewn\u0119trznym zu\u017cyciem.<\/li>\n<li><strong>Przechowywanie <\/strong>: Szczelnie zamkn\u0105\u0107 butelk\u0119 po ka\u017cdym u\u017cyciu i przechowywa\u0107 w ch\u0142odnym, suchym miejscu, z dala od \u015bwiat\u0142a i ekstremalnych temperatur, aby zachowa\u0107 skuteczno\u015b\u0107.<\/li>\n<\/ul>\n<p>Nasz \u015brodek do czyszczenia pod\u0142\u00f3g drewnianych zapewnia optymaln\u0105 piel\u0119gnacj\u0119, \u0142atwe czyszczenie i d\u0142ugotrwa\u0142\u0105 ochron\u0119 dla zawsze l\u015bni\u0105cych powierzchni drewnianych.<\/p>","protected":false},"excerpt":{"rendered":"<p>Optimal effectiveness.\u00a0This wood floor cleaner is specially formulated to effectively eliminate dust, stains, footprints, and daily grime. It works gently while respecting the surface of the wood, restoring its natural shine and clean appearance without leaving any residue or streaks. It is also ideal for deep cleaning routines to restore the original look of wooden [&hellip;]<\/p>\n","protected":false},"featured_media":36287,"comment_status":"open","ping_status":"closed","template":"","meta":{"_uag_custom_page_level_css":"","site-sidebar-layout":"default","site-content-layout":"","ast-site-content-layout":"default","site-content-style":"default","site-sidebar-style":"default","ast-global-header-display":"","ast-banner-title-visibility":"","ast-main-header-display":"","ast-hfb-above-header-display":"","ast-hfb-below-header-display":"","ast-hfb-mobile-header-display":"","site-post-title":"","ast-breadcrumbs-content":"","ast-featured-img":"","footer-sml-layout":"","ast-disable-related-posts":"","theme-transparent-header-meta":"default","adv-header-id-meta":"","stick-header-meta":"","header-above-stick-meta":"","header-main-stick-meta":"","header-below-stick-meta":"","astra-migrate-meta-layouts":"set","ast-page-background-enabled":"default","ast-page-background-meta":{"desktop":{"background-color":"var(--ast-global-color-4)","background-image":"","background-repeat":"repeat","background-position":"center center","background-size":"auto","background-attachment":"scroll","background-type":"","background-media":"","overlay-type":"","overlay-color":"","overlay-opacity":"","overlay-gradient":""},"tablet":{"background-color":"","background-image":"","background-repeat":"repeat","background-position":"center center","background-size":"auto","background-attachment":"scroll","background-type":"","background-media":"","overlay-type":"","overlay-color":"","overlay-opacity":"","overlay-gradient":""},"mobile":{"background-color":"","background-image":"","background-repeat":"repeat","background-position":"center center","background-size":"auto","background-attachment":"scroll","background-type":"","background-media":"","overlay-type":"","overlay-color":"","overlay-opacity":"","overlay-gradient":""}},"ast-content-background-meta":{"desktop":{"background-color":"var(--ast-global-color-5)","background-image":"","background-repeat":"repeat","background-position":"center center","background-size":"auto","background-attachment":"scroll","background-type":"","background-media":"","overlay-type":"","overlay-color":"","overlay-opacity":"","overlay-gradient":""},"tablet":{"background-color":"var(--ast-global-color-5)","background-image":"","background-repeat":"repeat","background-position":"center center","background-size":"auto","background-attachment":"scroll","background-type":"","background-media":"","overlay-type":"","overlay-color":"","overlay-opacity":"","overlay-gradient":""},"mobile":{"background-color":"var(--ast-global-color-5)","background-image":"","background-repeat":"repeat","background-position":"center center","background-size":"auto","background-attachment":"scroll","background-type":"","background-media":"","overlay-type":"","overlay-color":"","overlay-opacity":"","overlay-gradient":""}}},"product_brand":[],"product_cat":[175],"product_tag":[],"class_list":{"0":"post-23530","1":"product","2":"type-product","3":"status-publish","4":"has-post-thumbnail","6":"product_cat-cleaning-products","7":"desktop-align-left","8":"tablet-align-left","9":"mobile-align-left","11":"first","12":"instock","13":"sale","14":"taxable","15":"shipping-taxable","16":"purchasable","17":"product-type-variable","18":"has-default-attributes"},"spectra_custom_meta":{"_visibility":["visible"],"_shopify_product_id":["9101801390325"],"_s2w_shopify_domain":["ferberpainting.myshopify.com"],"_shopify_variant_id":["46613490172149"],"_sku":[""],"_manage_stock":["no"],"total_sales":["10"],"_tax_status":["taxable"],"_tax_class":[""],"_backorders":["no"],"_sold_individually":["no"],"_virtual":["no"],"_downloadable":["no"],"_download_limit":["-1"],"_download_expiry":["-1"],"_stock":[null],"_stock_status":["instock"],"_wc_average_rating":["5.00"],"_wc_review_count":["32"],"_product_attributes":["a:1:{s:6:\"volume\";a:6:{s:4:\"name\";s:6:\"Volume\";s:5:\"value\";s:20:\"5 liters | 25 liters\";s:8:\"position\";i:1;s:10:\"is_visible\";i:0;s:12:\"is_variation\";i:1;s:11:\"is_taxonomy\";i:0;}}"],"_product_version":["10.5.1"],"wpse_downloadable_file_names":[""],"wpse_downloadable_file_urls":[""],"_edit_last":["1"],"_default_attributes":["a:1:{s:6:\"volume\";s:8:\"5 liters\";}"],"_edit_lock":["1771179594:1"],"_price":["29.90","129.90"],"merchant-center-availability":["yes"],"merchant-center-category":["4977"],"_thumbnail_id":["36287"],"_wp_page_template":["default"],"_wp_old_date":["2025-05-26"],"_product_image_gallery":["36288"],"site-sidebar-layout":["default"],"ast-site-content-layout":["default"],"site-content-style":["default"],"site-sidebar-style":["default"],"theme-transparent-header-meta":["default"],"_wc_rating_count":["a:1:{i:5;i:32;}"],"astra-migrate-meta-layouts":["set"],"_uag_css_file_name":["uag-css-23530.css"],"_elementor_page_assets":["a:0:{}"],"_uag_page_assets":["a:9:{s:3:\"css\";s:7133:\".uag-blocks-common-selector{z-index:var(--z-index-desktop) !important}@media(max-width: 976px){.uag-blocks-common-selector{z-index:var(--z-index-tablet) !important}}@media(max-width: 767px){.uag-blocks-common-selector{z-index:var(--z-index-mobile) !important}}.wp-block-uagb-image{display:flex}.wp-block-uagb-image__figure{position:relative;display:flex;flex-direction:column;max-width:100%;height:auto;margin:0}.wp-block-uagb-image__figure img{height:auto;display:flex;max-width:100%;transition:box-shadow .2s ease}.wp-block-uagb-image__figure>a{display:inline-block}.wp-block-uagb-image__figure figcaption{text-align:center;margin-top:.5em;margin-bottom:1em}.wp-block-uagb-image .components-placeholder.block-editor-media-placeholder .components-placeholder__instructions{align-self:center}.wp-block-uagb-image--align-left{text-align:left}.wp-block-uagb-image--align-right{text-align:right}.wp-block-uagb-image--align-center{text-align:center}.wp-block-uagb-image--align-full .wp-block-uagb-image__figure{margin-left:calc(50% - 50vw);margin-right:calc(50% - 50vw);max-width:100vw;width:100vw;height:auto}.wp-block-uagb-image--align-full .wp-block-uagb-image__figure img{height:auto;width:100% !important}.wp-block-uagb-image--align-wide .wp-block-uagb-image__figure img{height:auto;width:100%}.wp-block-uagb-image--layout-overlay__color-wrapper{position:absolute;left:0;top:0;right:0;bottom:0;opacity:.2;background:rgba(0,0,0,.5);transition:opacity .35s ease-in-out}.wp-block-uagb-image--layout-overlay-link{position:absolute;left:0;right:0;bottom:0;top:0}.wp-block-uagb-image--layout-overlay .wp-block-uagb-image__figure:hover .wp-block-uagb-image--layout-overlay__color-wrapper{opacity:1}.wp-block-uagb-image--layout-overlay__inner{position:absolute;left:15px;right:15px;bottom:15px;top:15px;display:flex;align-items:center;justify-content:center;flex-direction:column;border-color:#fff;transition:.35s ease-in-out}.wp-block-uagb-image--layout-overlay__inner.top-left,.wp-block-uagb-image--layout-overlay__inner.top-center,.wp-block-uagb-image--layout-overlay__inner.top-right{justify-content:flex-start}.wp-block-uagb-image--layout-overlay__inner.bottom-left,.wp-block-uagb-image--layout-overlay__inner.bottom-center,.wp-block-uagb-image--layout-overlay__inner.bottom-right{justify-content:flex-end}.wp-block-uagb-image--layout-overlay__inner.top-left,.wp-block-uagb-image--layout-overlay__inner.center-left,.wp-block-uagb-image--layout-overlay__inner.bottom-left{align-items:flex-start}.wp-block-uagb-image--layout-overlay__inner.top-right,.wp-block-uagb-image--layout-overlay__inner.center-right,.wp-block-uagb-image--layout-overlay__inner.bottom-right{align-items:flex-end}.wp-block-uagb-image--layout-overlay__inner .uagb-image-heading{color:#fff;transition:transform .35s,opacity .35s ease-in-out;transform:translate3d(0, 24px, 0);margin:0;line-height:1em}.wp-block-uagb-image--layout-overlay__inner .uagb-image-separator{width:30%;border-top-width:2px;border-top-color:#fff;border-top-style:solid;margin-bottom:10px;opacity:0;transition:transform .4s,opacity .4s ease-in-out;transform:translate3d(0, 30px, 0)}.wp-block-uagb-image--layout-overlay__inner .uagb-image-caption{opacity:0;overflow:visible;color:#fff;transition:transform .45s,opacity .45s ease-in-out;transform:translate3d(0, 35px, 0)}.wp-block-uagb-image--layout-overlay__inner:hover .uagb-image-heading,.wp-block-uagb-image--layout-overlay__inner:hover .uagb-image-separator,.wp-block-uagb-image--layout-overlay__inner:hover .uagb-image-caption{opacity:1;transform:translate3d(0, 0, 0)}.wp-block-uagb-image--effect-zoomin .wp-block-uagb-image__figure img,.wp-block-uagb-image--effect-zoomin .wp-block-uagb-image__figure .wp-block-uagb-image--layout-overlay__color-wrapper{transform:scale(1);transition:transform .35s ease-in-out}.wp-block-uagb-image--effect-zoomin .wp-block-uagb-image__figure:hover img,.wp-block-uagb-image--effect-zoomin .wp-block-uagb-image__figure:hover .wp-block-uagb-image--layout-overlay__color-wrapper{transform:scale(1.05)}.wp-block-uagb-image--effect-slide .wp-block-uagb-image__figure img,.wp-block-uagb-image--effect-slide .wp-block-uagb-image__figure .wp-block-uagb-image--layout-overlay__color-wrapper{width:calc(100% + 40px) !important;max-width:none !important;transform:translate3d(-40px, 0, 0);transition:transform .35s ease-in-out}.wp-block-uagb-image--effect-slide .wp-block-uagb-image__figure:hover img,.wp-block-uagb-image--effect-slide .wp-block-uagb-image__figure:hover .wp-block-uagb-image--layout-overlay__color-wrapper{transform:translate3d(0, 0, 0)}.wp-block-uagb-image--effect-grayscale img{filter:grayscale(0%);transition:.35s ease-in-out}.wp-block-uagb-image--effect-grayscale:hover img{filter:grayscale(100%)}.wp-block-uagb-image--effect-blur img{filter:blur(0);transition:.35s ease-in-out}.wp-block-uagb-image--effect-blur:hover img{filter:blur(3px)}.uagb-block-e6f939b3.wp-block-uagb-image--layout-default figure img{box-shadow: 0px 0px 0 #00000070;}.uagb-block-e6f939b3.wp-block-uagb-image .wp-block-uagb-image__figure figcaption{font-style: normal;align-self: center;}.uagb-block-e6f939b3.wp-block-uagb-image--layout-overlay figure img{box-shadow: 0px 0px 0 #00000070;}.uagb-block-e6f939b3.wp-block-uagb-image--layout-overlay .wp-block-uagb-image--layout-overlay__color-wrapper{opacity: 0.2;}.uagb-block-e6f939b3.wp-block-uagb-image--layout-overlay .wp-block-uagb-image--layout-overlay__inner{left: 15px;right: 15px;top: 15px;bottom: 15px;}.uagb-block-e6f939b3.wp-block-uagb-image--layout-overlay .wp-block-uagb-image--layout-overlay__inner .uagb-image-heading{font-style: normal;color: #fff;opacity: 1;}.uagb-block-e6f939b3.wp-block-uagb-image--layout-overlay .wp-block-uagb-image--layout-overlay__inner .uagb-image-heading a{color: #fff;}.uagb-block-e6f939b3.wp-block-uagb-image--layout-overlay .wp-block-uagb-image--layout-overlay__inner .uagb-image-caption{opacity: 0;}.uagb-block-e6f939b3.wp-block-uagb-image--layout-overlay .wp-block-uagb-image__figure:hover .wp-block-uagb-image--layout-overlay__color-wrapper{opacity: 1;}.uagb-block-e6f939b3.wp-block-uagb-image .wp-block-uagb-image--layout-overlay__inner .uagb-image-separator{width: 30%;border-top-width: 2px;border-top-color: #fff;opacity: 0;}.uagb-block-e6f939b3.wp-block-uagb-image .wp-block-uagb-image__figure img{width: px;height: auto;}.uagb-block-e6f939b3.wp-block-uagb-image .wp-block-uagb-image__figure:hover .wp-block-uagb-image--layout-overlay__inner .uagb-image-caption{opacity: 1;}.uagb-block-e6f939b3.wp-block-uagb-image .wp-block-uagb-image__figure:hover .wp-block-uagb-image--layout-overlay__inner .uagb-image-separator{opacity: 1;}.uagb-block-e6f939b3.wp-block-uagb-image--layout-default figure:hover img{box-shadow: 0px 0px 0 #00000070;}.uagb-block-e6f939b3.wp-block-uagb-image--layout-overlay figure:hover img{box-shadow: 0px 0px 0 #00000070;}@media only screen and (max-width: 976px) {.uagb-block-e6f939b3.wp-block-uagb-image .wp-block-uagb-image__figure img{width: px;height: auto;}}@media only screen and (max-width: 767px) {.uagb-block-e6f939b3.wp-block-uagb-image .wp-block-uagb-image__figure img{width: px;height: auto;}}\";s:2:\"js\";s:0:\"\";s:18:\"current_block_list\";a:13:{i:0;s:11:\"core\/search\";i:1;s:10:\"core\/group\";i:2;s:12:\"core\/heading\";i:3;s:17:\"core\/latest-posts\";i:4;s:20:\"core\/latest-comments\";i:5;s:13:\"core\/archives\";i:6;s:15:\"core\/categories\";i:7;s:14:\"core\/paragraph\";i:8;s:10:\"uagb\/image\";i:9;s:11:\"core\/spacer\";i:10;s:30:\"woocommerce\/product-categories\";i:11;s:10:\"core\/image\";i:12;s:14:\"core\/shortcode\";}s:8:\"uag_flag\";b:1;s:11:\"uag_version\";s:10:\"1777229669\";s:6:\"gfonts\";a:0:{}s:10:\"gfonts_url\";s:0:\"\";s:12:\"gfonts_files\";a:0:{}s:14:\"uag_faq_layout\";b:0;}"]},"uagb_featured_image_src":{"full":["https:\/\/www.ferberpainting.com\/wp-content\/uploads\/2025\/05\/Hardwood-and-Laminate-Floor-Cleaner-5L-Mockup-.png",2560,2560,false],"thumbnail":["https:\/\/www.ferberpainting.com\/wp-content\/uploads\/2025\/05\/Hardwood-and-Laminate-Floor-Cleaner-5L-Mockup--150x150.png",150,150,true],"medium":["https:\/\/www.ferberpainting.com\/wp-content\/uploads\/2025\/05\/Hardwood-and-Laminate-Floor-Cleaner-5L-Mockup--300x300.png",300,300,true],"medium_large":["https:\/\/www.ferberpainting.com\/wp-content\/uploads\/2025\/05\/Hardwood-and-Laminate-Floor-Cleaner-5L-Mockup--768x768.png",768,768,true],"large":["https:\/\/www.ferberpainting.com\/wp-content\/uploads\/2025\/05\/Hardwood-and-Laminate-Floor-Cleaner-5L-Mockup--1024x1024.png",1024,1024,true],"1536x1536":["https:\/\/www.ferberpainting.com\/wp-content\/uploads\/2025\/05\/Hardwood-and-Laminate-Floor-Cleaner-5L-Mockup--1536x1536.png",1536,1536,true],"2048x2048":["https:\/\/www.ferberpainting.com\/wp-content\/uploads\/2025\/05\/Hardwood-and-Laminate-Floor-Cleaner-5L-Mockup--2048x2048.png",2048,2048,true],"trp-custom-language-flag":["https:\/\/www.ferberpainting.com\/wp-content\/uploads\/2025\/05\/Hardwood-and-Laminate-Floor-Cleaner-5L-Mockup--12x12.png",12,12,true],"woocommerce_thumbnail":["https:\/\/www.ferberpainting.com\/wp-content\/uploads\/2025\/05\/Hardwood-and-Laminate-Floor-Cleaner-5L-Mockup--300x300.png",300,300,true],"woocommerce_single":["https:\/\/www.ferberpainting.com\/wp-content\/uploads\/2025\/05\/Hardwood-and-Laminate-Floor-Cleaner-5L-Mockup--600x600.png",600,600,true],"woocommerce_gallery_thumbnail":["https:\/\/www.ferberpainting.com\/wp-content\/uploads\/2025\/05\/Hardwood-and-Laminate-Floor-Cleaner-5L-Mockup--100x100.png",100,100,true]},"uagb_author_info":{"display_name":"admin","author_link":"https:\/\/www.ferberpainting.com\/pl\/author\/"},"uagb_comment_info":32,"uagb_excerpt":"Optimal effectiveness.\u00a0This wood floor cleaner is specially formulated to effectively eliminate dust, stains, footprints, and daily grime. It works gently while respecting the surface of the wood, restoring its natural shine and clean appearance without leaving any residue or streaks. It is also ideal for deep cleaning routines to restore the original look of wooden&hellip;","_links":{"self":[{"href":"https:\/\/www.ferberpainting.com\/pl\/wp-json\/wp\/v2\/product\/23530","targetHints":{"allow":["GET"]}}],"collection":[{"href":"https:\/\/www.ferberpainting.com\/pl\/wp-json\/wp\/v2\/product"}],"about":[{"href":"https:\/\/www.ferberpainting.com\/pl\/wp-json\/wp\/v2\/types\/product"}],"replies":[{"embeddable":true,"href":"https:\/\/www.ferberpainting.com\/pl\/wp-json\/wp\/v2\/comments?post=23530"}],"version-history":[{"count":4,"href":"https:\/\/www.ferberpainting.com\/pl\/wp-json\/wp\/v2\/product\/23530\/revisions"}],"predecessor-version":[{"id":166355,"href":"https:\/\/www.ferberpainting.com\/pl\/wp-json\/wp\/v2\/product\/23530\/revisions\/166355"}],"wp:featuredmedia":[{"embeddable":true,"href":"https:\/\/www.ferberpainting.com\/pl\/wp-json\/wp\/v2\/media\/36287"}],"wp:attachment":[{"href":"https:\/\/www.ferberpainting.com\/pl\/wp-json\/wp\/v2\/media?parent=23530"}],"wp:term":[{"taxonomy":"product_brand","embeddable":true,"href":"https:\/\/www.ferberpainting.com\/pl\/wp-json\/wp\/v2\/product_brand?post=23530"},{"taxonomy":"product_cat","embeddable":true,"href":"https:\/\/www.ferberpainting.com\/pl\/wp-json\/wp\/v2\/product_cat?post=23530"},{"taxonomy":"product_tag","embeddable":true,"href":"https:\/\/www.ferberpainting.com\/pl\/wp-json\/wp\/v2\/product_tag?post=23530"}],"curies":[{"name":"wp","href":"https:\/\/api.w.org\/{rel}","templated":true}]}}