{"id":23527,"date":"2025-05-26T10:24:34","date_gmt":"2025-05-26T08:24:34","guid":{"rendered":"https:\/\/www.ferberpainting.com\/products\/hardener-for-porous-crumbling-and-degraded-walls\/"},"modified":"2026-02-15T12:26:55","modified_gmt":"2026-02-15T11:26:55","slug":"hardener-for-porous-crumbling-and-degraded-walls","status":"publish","type":"product","link":"https:\/\/www.ferberpainting.com\/pl\/products\/hardener-for-porous-crumbling-and-degraded-walls\/","title":{"rendered":"Utwardzacz do porowatych, krusz\u0105cych si\u0119 i zniszczonych \u015bcian"},"content":{"rendered":"<p><strong><img decoding=\"async\" style=\"margin-right: 12px;\" src=\"https:\/\/www.ferberpainting.com\/wp-content\/uploads\/2026\/02\/Check.svg\" alt=\"\" width=\"18\" height=\"15\" \/>Wzmocnienie i stabilizacja uszkodzonych \u015bcian.<\/strong>\u00a0Utwardzacz ten zosta\u0142 specjalnie zaprojektowany do wzmacniania porowatych, kruchych lub zdegradowanych powierzchni poprzez g\u0142\u0119bok\u0105 penetracj\u0119 struktury materia\u0142u. Przywraca sp\u00f3jno\u015b\u0107 starym lub os\u0142abionym \u015bcianom z powodu zu\u017cycia, wilgoci i pogody, czyni\u0105c je bardziej odpornymi i trwa\u0142ymi bez zmiany ich pierwotnego wygl\u0105du.<\/p>\n<p><strong><img decoding=\"async\" style=\"margin-right: 12px;\" src=\"https:\/\/www.ferberpainting.com\/wp-content\/uploads\/2026\/02\/Check.svg\" alt=\"\" width=\"18\" height=\"15\" \/>Gwarancja zwrotu pieni\u0119dzy.<\/strong> Jeste\u015bmy absolutnie pewni skuteczno\u015bci naszego utwardzacza do porowatych i kruchych \u015bcian. Dlatego oferujemy gwarancj\u0119 zwrotu pieni\u0119dzy. Je\u015bli produkt nie spe\u0142ni Twoich oczekiwa\u0144 po prawid\u0142owym zastosowaniu zgodnie z zaleceniami, mo\u017cesz za\u017c\u0105da\u0107 bezwarunkowego zwrotu pieni\u0119dzy, zapewniaj\u0105c w ten spos\u00f3b bezpieczny i wolny od ryzyka zakup.<\/p>\n<p><strong><img decoding=\"async\" style=\"margin-right: 12px;\" src=\"https:\/\/www.ferberpainting.com\/wp-content\/uploads\/2026\/02\/Check.svg\" alt=\"\" width=\"18\" height=\"15\" \/>Kompatybilny z szerok\u0105 gam\u0105 materia\u0142\u00f3w.<\/strong>\u00a0Ten utwardzacz nadaje si\u0119 do wielu pod\u0142o\u017cy mineralnych, takich jak beton, cement, kamie\u0144 naturalny, ceg\u0142a, zaprawa, tynk i stare pow\u0142oki. Idealnie nadaje si\u0119 do renowacji elewacji, \u015bcian wewn\u0119trznych i zewn\u0119trznych, piwnic, pod\u0142o\u017cy gruntowych i wszelkich podp\u00f3r nara\u017conych na kruszenie lub rozpad.<\/p>\n<p><strong><img decoding=\"async\" style=\"margin-right: 12px;\" src=\"https:\/\/www.ferberpainting.com\/wp-content\/uploads\/2026\/02\/Check.svg\" alt=\"\" width=\"18\" height=\"15\" \/>Ekonomiczna wydajno\u015b\u0107 i zwi\u0119kszona wydajno\u015b\u0107.<\/strong>\u00a0Dzi\u0119ki wysokiemu st\u0119\u017ceniu, 1 litr produktu mo\u017ce pokry\u0107 od 3 do 5 m\u00b2, w zale\u017cno\u015bci od porowato\u015bci pod\u0142o\u017ca. Jego dzia\u0142anie konsoliduj\u0105ce pozwala unikn\u0105\u0107 kosztownych wymian i wyd\u0142u\u017ca \u017cywotno\u015b\u0107 materia\u0142\u00f3w, oszcz\u0119dzaj\u0105c w ten spos\u00f3b na powtarzaj\u0105cych si\u0119 naprawach i zabiegach.<\/p>\n<p><strong><img decoding=\"async\" style=\"margin-right: 12px;\" src=\"https:\/\/www.ferberpainting.com\/wp-content\/uploads\/2026\/02\/Check.svg\" alt=\"\" width=\"18\" height=\"15\" \/>Produkt bezpieczny i przyjazny dla \u015brodowiska.<\/strong>\u00a0Utwardzacz nie zawiera toksycznych rozpuszczalnik\u00f3w i szkodliwych emisji, dzi\u0119ki czemu nie stanowi zagro\u017cenia zar\u00f3wno dla u\u017cytkownika, jak i \u015brodowiska. Nie stanowi zagro\u017cenia dla zdrowia podczas aplikacji i mo\u017ce by\u0107 stosowany zar\u00f3wno w pomieszczeniach, jak i na zewn\u0105trz bez konieczno\u015bci stosowania specjalnej ochrony.<\/p>\n<p><strong><img decoding=\"async\" style=\"margin-right: 12px;\" src=\"https:\/\/www.ferberpainting.com\/wp-content\/uploads\/2026\/02\/Check.svg\" alt=\"\" width=\"18\" height=\"15\" \/>\u0141atwa aplikacja do szybkiego wdro\u017cenia.<\/strong>\u00a0Ten gotowy do u\u017cycia utwardzacz nie wymaga rozcie\u0144czania ani skomplikowanego przygotowania. Mo\u017ce by\u0107 nak\u0142adany p\u0119dzlem, wa\u0142kiem lub natryskiem, zapewniaj\u0105c r\u00f3wnomierne rozprowadzenie i optymalne wch\u0142anianie w materia\u0142. Jego p\u0142ynna konsystencja pozwala na szybk\u0105 i jednorodn\u0105 penetracj\u0119, unikaj\u0105c du\u017cego nak\u0142adu pracy.<\/p>\n<p><strong><img decoding=\"async\" style=\"margin-right: 12px;\" src=\"https:\/\/www.ferberpainting.com\/wp-content\/uploads\/2026\/02\/Check.svg\" alt=\"\" width=\"18\" height=\"15\" \/>Trwa\u0142e rozwi\u0105zanie dla trwa\u0142ych \u015bcian.<\/strong>\u00a0W przeciwie\u0144stwie do tymczasowych \u015brodk\u00f3w powierzchniowych, utwardzacz ten dzia\u0142a g\u0142\u0119boko w strukturze \u015bciany, trwale konsoliduj\u0105c os\u0142abione materia\u0142y. Po wch\u0142oni\u0119ciu i wyschni\u0119ciu tworzy barier\u0119 mineraln\u0105 odporn\u0105 na p\u0119kni\u0119cia, wilgo\u0107 i uszkodzenia zewn\u0119trzne, zapewniaj\u0105c w ten spos\u00f3b skuteczn\u0105 ochron\u0119 przez kilka lat.<\/p>\n<p><strong><img decoding=\"async\" style=\"margin-right: 12px;\" src=\"https:\/\/www.ferberpainting.com\/wp-content\/uploads\/2026\/02\/Check.svg\" alt=\"\" width=\"18\" height=\"15\" \/>Szybkie schni\u0119cie umo\u017cliwia natychmiastowy powr\u00f3t do pracy.<\/strong>\u00a0Jego penetruj\u0105ce dzia\u0142anie pozwala na szybkie utwardzenie w ci\u0105gu kilku godzin, w zale\u017cno\u015bci od porowato\u015bci pod\u0142o\u017ca. W ci\u0105gu 24 do 48 godzin \u015bciana odzyskuje solidno\u015b\u0107 wystarczaj\u0105c\u0105 do pokrycia farb\u0105, pow\u0142ok\u0105 lub innym wyko\u0144czeniem, co przyspiesza renowacj\u0119 i pozwala unikn\u0105\u0107 d\u0142ugich okres\u00f3w oczekiwania.<\/p>\n<h2><strong>Protok\u00f3\u0142 u\u017cytkowania<\/strong><\/h2>\n<ul>\n<li><strong>Przygotowanie powierzchni :<\/strong> Oczy\u015b\u0107 \u015bcian\u0119, usuwaj\u0105c kurz, brud i pozosta\u0142o\u015bci starych farb lub nieprzylegaj\u0105cych pow\u0142ok. W razie potrzeby lekko wyszczotkowa\u0107 powierzchni\u0119, aby zwi\u0119kszy\u0107 penetracj\u0119 utwardzacza.<\/li>\n<li><strong>Zalecane dawkowanie : <\/strong>Na\u0142o\u017cy\u0107 od 0,2 l do 0,5 l na m\u00b2, w zale\u017cno\u015bci od ch\u0142onno\u015bci pod\u0142o\u017ca i poziomu degradacji. \u015aciany o du\u017cej krucho\u015bci mog\u0105 wymaga\u0107 drugiej aplikacji w celu optymalnego wzmocnienia.<\/li>\n<li><strong>Zastosowanie utwardzacza :<\/strong> Nak\u0142ada\u0107 bezpo\u015brednio za pomoc\u0105 p\u0119dzla, wa\u0142ka lub opryskiwacza niskoci\u015bnieniowego, upewniaj\u0105c si\u0119, \u017ce powierzchnia jest dok\u0142adnie nasycona. Pracuj w sekcjach, aby zapewni\u0107 r\u00f3wnomierne wch\u0142anianie i unikn\u0105\u0107 niedostatecznie przygotowanych obszar\u00f3w.<\/li>\n<li><strong>Czas penetracji :<\/strong> Pozostawi\u0107 produkt na 10 do 30 minut, umo\u017cliwiaj\u0105c g\u0142\u0119bokie wch\u0142oni\u0119cie w materia\u0142. W przypadku bardzo porowatych powierzchni mo\u017cna na\u0142o\u017cy\u0107 drug\u0105 warstw\u0119 po cz\u0119\u015bciowym wyschni\u0119ciu pierwszej.<\/li>\n<li><strong>Kompletne suszenie:<\/strong> Pozostawi\u0107 do wyschni\u0119cia na 24 do 48 godzin przed na\u0142o\u017ceniem produktu wyko\u0144czeniowego, farby, tynku lub innej pow\u0142oki. Podczas fazy utwardzania nale\u017cy unika\u0107 d\u0142ugotrwa\u0142ego nara\u017cenia na wilgo\u0107.<\/li>\n<li><strong>Wyko\u0144czenie i konserwacja :<\/strong> Po wzmocnieniu \u015bcian\u0119 mo\u017cna pomalowa\u0107, otynkowa\u0107 lub pozostawi\u0107 surow\u0105, w zale\u017cno\u015bci od po\u017c\u0105danego efektu. Aby uzyska\u0107 optymalne rezultaty, przed na\u0142o\u017ceniem wyko\u0144czenia mo\u017cna przeprowadzi\u0107 lekkie szlifowanie w celu wyg\u0142adzenia obrabianej powierzchni.<\/li>\n<li><strong>Czyszczenie narz\u0119dzi :<\/strong> Natychmiast wyczy\u015b\u0107 narz\u0119dzia czyst\u0105 wod\u0105 po aplikacji, aby zapobiec zatykaniu i przed\u0142u\u017cy\u0107 ich \u017cywotno\u015b\u0107.<\/li>\n<\/ul>\n<p>&nbsp;<\/p>","protected":false},"excerpt":{"rendered":"<p>Reinforcement and stabilization of damaged walls.\u00a0This hardener is specially designed to strengthen porous, friable, or degraded surfaces by deeply penetrating the material&#8217;s structure. It restores cohesion to old or weakened walls due to wear, moisture, and weather, making them more resistant and durable without altering their original appearance. Money-back guarantee. We have absolute confidence in [&hellip;]<\/p>\n","protected":false},"featured_media":26025,"comment_status":"open","ping_status":"closed","template":"","meta":{"_uag_custom_page_level_css":"","site-sidebar-layout":"default","site-content-layout":"","ast-site-content-layout":"default","site-content-style":"default","site-sidebar-style":"default","ast-global-header-display":"","ast-banner-title-visibility":"","ast-main-header-display":"","ast-hfb-above-header-display":"","ast-hfb-below-header-display":"","ast-hfb-mobile-header-display":"","site-post-title":"","ast-breadcrumbs-content":"","ast-featured-img":"","footer-sml-layout":"","ast-disable-related-posts":"","theme-transparent-header-meta":"default","adv-header-id-meta":"","stick-header-meta":"","header-above-stick-meta":"","header-main-stick-meta":"","header-below-stick-meta":"","astra-migrate-meta-layouts":"set","ast-page-background-enabled":"default","ast-page-background-meta":{"desktop":{"background-color":"var(--ast-global-color-4)","background-image":"","background-repeat":"repeat","background-position":"center center","background-size":"auto","background-attachment":"scroll","background-type":"","background-media":"","overlay-type":"","overlay-color":"","overlay-opacity":"","overlay-gradient":""},"tablet":{"background-color":"","background-image":"","background-repeat":"repeat","background-position":"center center","background-size":"auto","background-attachment":"scroll","background-type":"","background-media":"","overlay-type":"","overlay-color":"","overlay-opacity":"","overlay-gradient":""},"mobile":{"background-color":"","background-image":"","background-repeat":"repeat","background-position":"center center","background-size":"auto","background-attachment":"scroll","background-type":"","background-media":"","overlay-type":"","overlay-color":"","overlay-opacity":"","overlay-gradient":""}},"ast-content-background-meta":{"desktop":{"background-color":"var(--ast-global-color-5)","background-image":"","background-repeat":"repeat","background-position":"center center","background-size":"auto","background-attachment":"scroll","background-type":"","background-media":"","overlay-type":"","overlay-color":"","overlay-opacity":"","overlay-gradient":""},"tablet":{"background-color":"var(--ast-global-color-5)","background-image":"","background-repeat":"repeat","background-position":"center center","background-size":"auto","background-attachment":"scroll","background-type":"","background-media":"","overlay-type":"","overlay-color":"","overlay-opacity":"","overlay-gradient":""},"mobile":{"background-color":"var(--ast-global-color-5)","background-image":"","background-repeat":"repeat","background-position":"center center","background-size":"auto","background-attachment":"scroll","background-type":"","background-media":"","overlay-type":"","overlay-color":"","overlay-opacity":"","overlay-gradient":""}}},"product_brand":[],"product_cat":[176],"product_tag":[],"class_list":{"0":"post-23527","1":"product","2":"type-product","3":"status-publish","4":"has-post-thumbnail","6":"product_cat-concrete-treatment","7":"desktop-align-left","8":"tablet-align-left","9":"mobile-align-left","11":"first","12":"instock","13":"sale","14":"shipping-taxable","15":"purchasable","16":"product-type-variable","17":"has-default-attributes"},"spectra_custom_meta":{"_visibility":["visible"],"_shopify_product_id":["9059742023925"],"_s2w_shopify_domain":["ferberpainting.myshopify.com"],"_shopify_variant_id":["46481941135605"],"_sku":[""],"_manage_stock":["no"],"total_sales":["157"],"_tax_status":["taxable"],"_tax_class":[""],"_backorders":["no"],"_sold_individually":["no"],"_virtual":["no"],"_downloadable":["no"],"_download_limit":["-1"],"_download_expiry":["-1"],"_stock":[null],"_stock_status":["instock"],"_wc_average_rating":["4.86"],"_wc_review_count":["7"],"_product_attributes":["a:1:{s:6:\"volume\";a:6:{s:4:\"name\";s:6:\"Volume\";s:5:\"value\";s:20:\"5 liters | 25 liters\";s:8:\"position\";i:1;s:10:\"is_visible\";i:0;s:12:\"is_variation\";i:1;s:11:\"is_taxonomy\";i:0;}}"],"_product_version":["10.5.1"],"_thumbnail_id":["26025"],"_product_image_gallery":["26026"],"wpse_downloadable_file_names":[""],"wpse_downloadable_file_urls":[""],"_edit_last":["1"],"_default_attributes":["a:1:{s:6:\"volume\";s:8:\"5 liters\";}"],"_edit_lock":["1771179416:1"],"_price":["29.90","129.90"],"merchant-center-availability":["yes"],"merchant-center-category":["2277"],"_wp_page_template":["default"],"site-sidebar-layout":["default"],"ast-site-content-layout":["default"],"site-content-style":["default"],"site-sidebar-style":["default"],"theme-transparent-header-meta":["default"],"_wc_rating_count":["a:2:{i:4;i:1;i:5;i:6;}"],"astra-migrate-meta-layouts":["set"],"_uag_css_file_name":["uag-css-23527.css"],"_elementor_page_assets":["a:0:{}"],"_uag_page_assets":["a:9:{s:3:\"css\";s:6873:\".wp-block-uagb-image{display:flex}.wp-block-uagb-image__figure{position:relative;display:flex;flex-direction:column;max-width:100%;height:auto;margin:0}.wp-block-uagb-image__figure img{height:auto;display:flex;max-width:100%;transition:box-shadow .2s ease}.wp-block-uagb-image__figure>a{display:inline-block}.wp-block-uagb-image__figure figcaption{text-align:center;margin-top:.5em;margin-bottom:1em}.wp-block-uagb-image .components-placeholder.block-editor-media-placeholder .components-placeholder__instructions{align-self:center}.wp-block-uagb-image--align-left{text-align:left}.wp-block-uagb-image--align-right{text-align:right}.wp-block-uagb-image--align-center{text-align:center}.wp-block-uagb-image--align-full .wp-block-uagb-image__figure{margin-left:calc(50% - 50vw);margin-right:calc(50% - 50vw);max-width:100vw;width:100vw;height:auto}.wp-block-uagb-image--align-full .wp-block-uagb-image__figure img{height:auto;width:100% !important}.wp-block-uagb-image--align-wide .wp-block-uagb-image__figure img{height:auto;width:100%}.wp-block-uagb-image--layout-overlay__color-wrapper{position:absolute;left:0;top:0;right:0;bottom:0;opacity:.2;background:rgba(0,0,0,.5);transition:opacity .35s ease-in-out}.wp-block-uagb-image--layout-overlay-link{position:absolute;left:0;right:0;bottom:0;top:0}.wp-block-uagb-image--layout-overlay .wp-block-uagb-image__figure:hover .wp-block-uagb-image--layout-overlay__color-wrapper{opacity:1}.wp-block-uagb-image--layout-overlay__inner{position:absolute;left:15px;right:15px;bottom:15px;top:15px;display:flex;align-items:center;justify-content:center;flex-direction:column;border-color:#fff;transition:.35s ease-in-out}.wp-block-uagb-image--layout-overlay__inner.top-left,.wp-block-uagb-image--layout-overlay__inner.top-center,.wp-block-uagb-image--layout-overlay__inner.top-right{justify-content:flex-start}.wp-block-uagb-image--layout-overlay__inner.bottom-left,.wp-block-uagb-image--layout-overlay__inner.bottom-center,.wp-block-uagb-image--layout-overlay__inner.bottom-right{justify-content:flex-end}.wp-block-uagb-image--layout-overlay__inner.top-left,.wp-block-uagb-image--layout-overlay__inner.center-left,.wp-block-uagb-image--layout-overlay__inner.bottom-left{align-items:flex-start}.wp-block-uagb-image--layout-overlay__inner.top-right,.wp-block-uagb-image--layout-overlay__inner.center-right,.wp-block-uagb-image--layout-overlay__inner.bottom-right{align-items:flex-end}.wp-block-uagb-image--layout-overlay__inner .uagb-image-heading{color:#fff;transition:transform .35s,opacity .35s ease-in-out;transform:translate3d(0, 24px, 0);margin:0;line-height:1em}.wp-block-uagb-image--layout-overlay__inner .uagb-image-separator{width:30%;border-top-width:2px;border-top-color:#fff;border-top-style:solid;margin-bottom:10px;opacity:0;transition:transform .4s,opacity .4s ease-in-out;transform:translate3d(0, 30px, 0)}.wp-block-uagb-image--layout-overlay__inner .uagb-image-caption{opacity:0;overflow:visible;color:#fff;transition:transform .45s,opacity .45s ease-in-out;transform:translate3d(0, 35px, 0)}.wp-block-uagb-image--layout-overlay__inner:hover .uagb-image-heading,.wp-block-uagb-image--layout-overlay__inner:hover .uagb-image-separator,.wp-block-uagb-image--layout-overlay__inner:hover .uagb-image-caption{opacity:1;transform:translate3d(0, 0, 0)}.wp-block-uagb-image--effect-zoomin .wp-block-uagb-image__figure img,.wp-block-uagb-image--effect-zoomin .wp-block-uagb-image__figure .wp-block-uagb-image--layout-overlay__color-wrapper{transform:scale(1);transition:transform .35s ease-in-out}.wp-block-uagb-image--effect-zoomin .wp-block-uagb-image__figure:hover img,.wp-block-uagb-image--effect-zoomin .wp-block-uagb-image__figure:hover .wp-block-uagb-image--layout-overlay__color-wrapper{transform:scale(1.05)}.wp-block-uagb-image--effect-slide .wp-block-uagb-image__figure img,.wp-block-uagb-image--effect-slide .wp-block-uagb-image__figure .wp-block-uagb-image--layout-overlay__color-wrapper{width:calc(100% + 40px) !important;max-width:none !important;transform:translate3d(-40px, 0, 0);transition:transform .35s ease-in-out}.wp-block-uagb-image--effect-slide .wp-block-uagb-image__figure:hover img,.wp-block-uagb-image--effect-slide .wp-block-uagb-image__figure:hover .wp-block-uagb-image--layout-overlay__color-wrapper{transform:translate3d(0, 0, 0)}.wp-block-uagb-image--effect-grayscale img{filter:grayscale(0%);transition:.35s ease-in-out}.wp-block-uagb-image--effect-grayscale:hover img{filter:grayscale(100%)}.wp-block-uagb-image--effect-blur img{filter:blur(0);transition:.35s ease-in-out}.wp-block-uagb-image--effect-blur:hover img{filter:blur(3px)}.uagb-block-e6f939b3.wp-block-uagb-image--layout-default figure img{box-shadow: 0px 0px 0 #00000070;}.uagb-block-e6f939b3.wp-block-uagb-image .wp-block-uagb-image__figure figcaption{font-style: normal;align-self: center;}.uagb-block-e6f939b3.wp-block-uagb-image--layout-overlay figure img{box-shadow: 0px 0px 0 #00000070;}.uagb-block-e6f939b3.wp-block-uagb-image--layout-overlay .wp-block-uagb-image--layout-overlay__color-wrapper{opacity: 0.2;}.uagb-block-e6f939b3.wp-block-uagb-image--layout-overlay .wp-block-uagb-image--layout-overlay__inner{left: 15px;right: 15px;top: 15px;bottom: 15px;}.uagb-block-e6f939b3.wp-block-uagb-image--layout-overlay .wp-block-uagb-image--layout-overlay__inner .uagb-image-heading{font-style: normal;color: #fff;opacity: 1;}.uagb-block-e6f939b3.wp-block-uagb-image--layout-overlay .wp-block-uagb-image--layout-overlay__inner .uagb-image-heading a{color: #fff;}.uagb-block-e6f939b3.wp-block-uagb-image--layout-overlay .wp-block-uagb-image--layout-overlay__inner .uagb-image-caption{opacity: 0;}.uagb-block-e6f939b3.wp-block-uagb-image--layout-overlay .wp-block-uagb-image__figure:hover .wp-block-uagb-image--layout-overlay__color-wrapper{opacity: 1;}.uagb-block-e6f939b3.wp-block-uagb-image .wp-block-uagb-image--layout-overlay__inner .uagb-image-separator{width: 30%;border-top-width: 2px;border-top-color: #fff;opacity: 0;}.uagb-block-e6f939b3.wp-block-uagb-image .wp-block-uagb-image__figure img{width: px;height: auto;}.uagb-block-e6f939b3.wp-block-uagb-image .wp-block-uagb-image__figure:hover .wp-block-uagb-image--layout-overlay__inner .uagb-image-caption{opacity: 1;}.uagb-block-e6f939b3.wp-block-uagb-image .wp-block-uagb-image__figure:hover .wp-block-uagb-image--layout-overlay__inner .uagb-image-separator{opacity: 1;}.uagb-block-e6f939b3.wp-block-uagb-image--layout-default figure:hover img{box-shadow: 0px 0px 0 #00000070;}.uagb-block-e6f939b3.wp-block-uagb-image--layout-overlay figure:hover img{box-shadow: 0px 0px 0 #00000070;}@media only screen and (max-width: 976px) {.uagb-block-e6f939b3.wp-block-uagb-image .wp-block-uagb-image__figure img{width: px;height: auto;}}@media only screen and (max-width: 767px) {.uagb-block-e6f939b3.wp-block-uagb-image .wp-block-uagb-image__figure img{width: px;height: auto;}}\";s:2:\"js\";s:0:\"\";s:18:\"current_block_list\";a:13:{i:0;s:11:\"core\/search\";i:1;s:10:\"core\/group\";i:2;s:12:\"core\/heading\";i:3;s:17:\"core\/latest-posts\";i:4;s:20:\"core\/latest-comments\";i:5;s:13:\"core\/archives\";i:6;s:15:\"core\/categories\";i:7;s:14:\"core\/paragraph\";i:8;s:10:\"uagb\/image\";i:9;s:11:\"core\/spacer\";i:10;s:30:\"woocommerce\/product-categories\";i:11;s:10:\"core\/image\";i:12;s:14:\"core\/shortcode\";}s:8:\"uag_flag\";b:1;s:11:\"uag_version\";s:10:\"1777096189\";s:6:\"gfonts\";a:0:{}s:10:\"gfonts_url\";s:0:\"\";s:12:\"gfonts_files\";a:0:{}s:14:\"uag_faq_layout\";b:0;}"]},"uagb_featured_image_src":{"full":["https:\/\/www.ferberpainting.com\/wp-content\/uploads\/2025\/05\/HardenerforPorous_Crumbling_andDegradedWalls5L.png",2560,2560,false],"thumbnail":["https:\/\/www.ferberpainting.com\/wp-content\/uploads\/2025\/05\/HardenerforPorous_Crumbling_andDegradedWalls5L-150x150.png",150,150,true],"medium":["https:\/\/www.ferberpainting.com\/wp-content\/uploads\/2025\/05\/HardenerforPorous_Crumbling_andDegradedWalls5L-300x300.png",300,300,true],"medium_large":["https:\/\/www.ferberpainting.com\/wp-content\/uploads\/2025\/05\/HardenerforPorous_Crumbling_andDegradedWalls5L-768x768.png",768,768,true],"large":["https:\/\/www.ferberpainting.com\/wp-content\/uploads\/2025\/05\/HardenerforPorous_Crumbling_andDegradedWalls5L-1024x1024.png",1024,1024,true],"1536x1536":["https:\/\/www.ferberpainting.com\/wp-content\/uploads\/2025\/05\/HardenerforPorous_Crumbling_andDegradedWalls5L-1536x1536.png",1536,1536,true],"2048x2048":["https:\/\/www.ferberpainting.com\/wp-content\/uploads\/2025\/05\/HardenerforPorous_Crumbling_andDegradedWalls5L-2048x2048.png",2048,2048,true],"trp-custom-language-flag":["https:\/\/www.ferberpainting.com\/wp-content\/uploads\/2025\/05\/HardenerforPorous_Crumbling_andDegradedWalls5L-12x12.png",12,12,true],"woocommerce_thumbnail":["https:\/\/www.ferberpainting.com\/wp-content\/uploads\/2025\/05\/HardenerforPorous_Crumbling_andDegradedWalls5L-300x300.png",300,300,true],"woocommerce_single":["https:\/\/www.ferberpainting.com\/wp-content\/uploads\/2025\/05\/HardenerforPorous_Crumbling_andDegradedWalls5L-600x600.png",600,600,true],"woocommerce_gallery_thumbnail":["https:\/\/www.ferberpainting.com\/wp-content\/uploads\/2025\/05\/HardenerforPorous_Crumbling_andDegradedWalls5L-100x100.png",100,100,true]},"uagb_author_info":{"display_name":"admin","author_link":"https:\/\/www.ferberpainting.com\/pl\/author\/"},"uagb_comment_info":7,"uagb_excerpt":"Reinforcement and stabilization of damaged walls.\u00a0This hardener is specially designed to strengthen porous, friable, or degraded surfaces by deeply penetrating the material&#8217;s structure. It restores cohesion to old or weakened walls due to wear, moisture, and weather, making them more resistant and durable without altering their original appearance. Money-back guarantee. We have absolute confidence in&hellip;","_links":{"self":[{"href":"https:\/\/www.ferberpainting.com\/pl\/wp-json\/wp\/v2\/product\/23527","targetHints":{"allow":["GET"]}}],"collection":[{"href":"https:\/\/www.ferberpainting.com\/pl\/wp-json\/wp\/v2\/product"}],"about":[{"href":"https:\/\/www.ferberpainting.com\/pl\/wp-json\/wp\/v2\/types\/product"}],"replies":[{"embeddable":true,"href":"https:\/\/www.ferberpainting.com\/pl\/wp-json\/wp\/v2\/comments?post=23527"}],"version-history":[{"count":9,"href":"https:\/\/www.ferberpainting.com\/pl\/wp-json\/wp\/v2\/product\/23527\/revisions"}],"predecessor-version":[{"id":165974,"href":"https:\/\/www.ferberpainting.com\/pl\/wp-json\/wp\/v2\/product\/23527\/revisions\/165974"}],"wp:featuredmedia":[{"embeddable":true,"href":"https:\/\/www.ferberpainting.com\/pl\/wp-json\/wp\/v2\/media\/26025"}],"wp:attachment":[{"href":"https:\/\/www.ferberpainting.com\/pl\/wp-json\/wp\/v2\/media?parent=23527"}],"wp:term":[{"taxonomy":"product_brand","embeddable":true,"href":"https:\/\/www.ferberpainting.com\/pl\/wp-json\/wp\/v2\/product_brand?post=23527"},{"taxonomy":"product_cat","embeddable":true,"href":"https:\/\/www.ferberpainting.com\/pl\/wp-json\/wp\/v2\/product_cat?post=23527"},{"taxonomy":"product_tag","embeddable":true,"href":"https:\/\/www.ferberpainting.com\/pl\/wp-json\/wp\/v2\/product_tag?post=23527"}],"curies":[{"name":"wp","href":"https:\/\/api.w.org\/{rel}","templated":true}]}}