{"id":23505,"date":"2025-05-26T10:24:28","date_gmt":"2025-05-26T08:24:28","guid":{"rendered":"https:\/\/www.ferberpainting.com\/products\/gravel-and-stone-binder\/"},"modified":"2026-02-15T15:57:56","modified_gmt":"2026-02-15T14:57:56","slug":"gravel-and-stone-binder","status":"publish","type":"product","link":"https:\/\/www.ferberpainting.com\/pl\/products\/gravel-and-stone-binder\/","title":{"rendered":"Spoiwo \u017cwirowe i kamienia"},"content":{"rendered":"<p><strong><img decoding=\"async\" style=\"margin-right: 12px;\" src=\"https:\/\/www.ferberpainting.com\/wp-content\/uploads\/2026\/02\/Check.svg\" alt=\"\" width=\"18\" height=\"15\" \/>Skuteczna i trwa\u0142a stabilizacja \u017cwiru i kamyk\u00f3w.<\/strong>\u00a0Ten wi\u0105\u017c\u0105cy \u015brodek utrwalaj\u0105cy zosta\u0142 specjalnie zaprojektowany do zestalania i utrzymywania \u017cwiru i kamyk\u00f3w na miejscu, zapobiegaj\u0105c ich rozproszeniu przy jednoczesnym zachowaniu estetyki i przepuszczalno\u015bci gleby. Idealny do \u015bcie\u017cek, dziedzi\u0144c\u00f3w, taras\u00f3w i chodnik\u00f3w dla pieszych, oferuje trwa\u0142e rozwi\u0105zanie zapobiegaj\u0105ce niedogodno\u015bciom zwi\u0105zanym z przemieszczaniem si\u0119 i osiadaniem kruszywa.<\/p>\n<p><strong><img decoding=\"async\" style=\"margin-right: 12px;\" src=\"https:\/\/www.ferberpainting.com\/wp-content\/uploads\/2026\/02\/Check.svg\" alt=\"\" width=\"18\" height=\"15\" \/>Gwarancja zwrotu pieni\u0119dzy.<\/strong>\u00a0Jeste\u015bmy przekonani o skuteczno\u015bci naszego utrwalacza do \u017cwiru i kamyk\u00f3w. Dlatego oferujemy gwarancj\u0119 zwrotu pieni\u0119dzy. Je\u015bli produkt nie spe\u0142ni Twoich oczekiwa\u0144 lub nie przyniesie oczekiwanych rezultat\u00f3w po zastosowaniu zgodnie z naszymi zaleceniami, mo\u017cesz poprosi\u0107 o zwrot pieni\u0119dzy bez \u017cadnych warunk\u00f3w, zapewniaj\u0105c zakup bez ryzyka.<\/p>\n<p><strong><img decoding=\"async\" style=\"margin-right: 12px;\" src=\"https:\/\/www.ferberpainting.com\/wp-content\/uploads\/2026\/02\/Check.svg\" alt=\"\" width=\"18\" height=\"15\" \/>Kompatybilno\u015b\u0107 z r\u00f3\u017cnymi rodzajami materia\u0142\u00f3w.<\/strong>\u00a0Ten utrwalacz jest kompatybilny z dekoracyjnym \u017cwirem, kamykami, naturalnymi kruszywami, kruszonymi kamieniami i porowat\u0105 kostk\u0105 brukow\u0105. Mo\u017ce by\u0107 stosowany do stabilizacji podjazd\u00f3w, lekkich dr\u00f3g dojazdowych dla pojazd\u00f3w lub parking\u00f3w w ogrodach krajobrazowych, dzi\u0119ki czemu jest odpowiednim rozwi\u0105zaniem dla wielu projekt\u00f3w zwi\u0105zanych z kszta\u0142towaniem krajobrazu zewn\u0119trznego.<\/p>\n<p><strong><img decoding=\"async\" style=\"margin-right: 12px;\" src=\"https:\/\/www.ferberpainting.com\/wp-content\/uploads\/2026\/02\/Check.svg\" alt=\"\" width=\"18\" height=\"15\" \/>Zoptymalizowana i ekonomiczna wydajno\u015b\u0107.<\/strong>\u00a0Dzi\u0119ki skoncentrowanej formule, 1 litr produktu mo\u017ce pokry\u0107 od 3 do 5 m\u00b2, w zale\u017cno\u015bci od porowato\u015bci \u017cwiru i grubo\u015bci na\u0142o\u017conej warstwy. Jego skuteczne dzia\u0142anie ogranicza potrzeb\u0119 cz\u0119stych ponownych aplikacji, zapewniaj\u0105c doskona\u0142y stosunek koszt\u00f3w do wydajno\u015bci przy d\u0142ugotrwa\u0142ym u\u017cytkowaniu.<\/p>\n<p><strong><img decoding=\"async\" style=\"margin-right: 12px;\" src=\"https:\/\/www.ferberpainting.com\/wp-content\/uploads\/2026\/02\/Check.svg\" alt=\"\" width=\"18\" height=\"15\" \/>Bezpiecze\u0144stwo i nietoksyczno\u015b\u0107.<\/strong>\u00a0Ten utrwalacz nie zawiera toksycznych rozpuszczalnik\u00f3w ani substancji szkodliwych dla \u015brodowiska. Jest niepalna, wolna od agresywnych opar\u00f3w chemicznych i nie stanowi zagro\u017cenia dla zdrowia aplikator\u00f3w ani otaczaj\u0105cej flory. Jego stosowanie jest bezpieczne, zar\u00f3wno w przestrzeniach prywatnych, jak i publicznych i krajobrazowych.<\/p>\n<p><strong><img decoding=\"async\" style=\"margin-right: 12px;\" src=\"https:\/\/www.ferberpainting.com\/wp-content\/uploads\/2026\/02\/Check.svg\" alt=\"\" width=\"18\" height=\"15\" \/>\u0141atwo\u015b\u0107 aplikacji i szybkie wdro\u017cenie.<\/strong>\u00a0Ten gotowy do u\u017cycia utrwalacz nie wymaga skomplikowanego przygotowania. Nak\u0142ada si\u0119 go bezpo\u015brednio na \u017cwir lub kamyki za pomoc\u0105 opryskiwacza, konewki lub wa\u0142ka, zapewniaj\u0105c szybk\u0105 i r\u00f3wnomiern\u0105 aplikacj\u0119. Jego szybkie schni\u0119cie pozwala na przywr\u00f3cenie powierzchni do u\u017cytku w kr\u00f3tkim czasie, bez konieczno\u015bci stosowania specjalistycznych narz\u0119dzi.<\/p>\n<p><strong><img decoding=\"async\" style=\"margin-right: 12px;\" src=\"https:\/\/www.ferberpainting.com\/wp-content\/uploads\/2026\/02\/Check.svg\" alt=\"\" width=\"18\" height=\"15\" \/>Doskona\u0142a trwa\u0142o\u015b\u0107 i odporno\u015b\u0107 na warunki atmosferyczne.<\/strong>\u00a0Po na\u0142o\u017ceniu, utrwalacz ten tworzy solidn\u0105 spoisto\u015b\u0107 i odporno\u015b\u0107 na zmiany klimatyczne, skutecznie chroni\u0105c przed erozj\u0105 spowodowan\u0105 deszczem, wiatrem lub cz\u0119stym ruchem ulicznym. Ogranicza powstawanie kolein i zag\u0142\u0119bie\u0144, przed\u0142u\u017caj\u0105c w ten spos\u00f3b trwa\u0142o\u015b\u0107 i estetyk\u0119 stabilizowanych powierzchni o kilka lat.<\/p>\n<p><strong><img decoding=\"async\" style=\"margin-right: 12px;\" src=\"https:\/\/www.ferberpainting.com\/wp-content\/uploads\/2026\/02\/Check.svg\" alt=\"\" width=\"18\" height=\"15\" \/>Szybko dzia\u0142aj\u0105cy efekt dla ustabilizowanej gleby bez d\u0142ugiego oczekiwania.<\/strong>\u00a0Od momentu aplikacji utrwalacz szybko wnika mi\u0119dzy kruszywa i zaczyna twardnie\u0107 w ci\u0105gu kilku godzin. Proces schni\u0119cia nast\u0119puje zazwyczaj w ci\u0105gu 24 do 48 godzin, w zale\u017cno\u015bci od warunk\u00f3w klimatycznych, zapewniaj\u0105c szybk\u0105 stabilizacj\u0119 bez unieruchamiania strefy interwencji na zbyt d\u0142ugi czas.<\/p>\n<h2><strong>Protok\u00f3\u0142 u\u017cytkowania<\/strong><\/h2>\n<ul>\n<li><strong>Przygotowanie powierzchni :<\/strong> Upewni\u0107 si\u0119, \u017ce obszar, kt\u00f3ry ma zosta\u0107 poddany dzia\u0142aniu produktu, jest czysty, suchy i wolny od py\u0142u lub zanieczyszcze\u0144. W razie potrzeby wypoziomowa\u0107 \u017cwir w celu r\u00f3wnomiernego rozprowadzenia przed aplikacj\u0105.<\/li>\n<li><strong>Zalecane dawkowanie :<\/strong> Na\u0142o\u017cy\u0107 oko\u0142o 1 litra spoiwa na 3 do 5 m\u00b2, w zale\u017cno\u015bci od porowato\u015bci i granulometrii kamieni lub \u017cwiru. Cie\u0144sza warstwa b\u0119dzie wymaga\u0142a mniej produktu, podczas gdy bardzo lu\u017ana powierzchnia mo\u017ce wymaga\u0107 bardziej obfitej aplikacji.<\/li>\n<li><strong>Zastosowanie utrwalacza wi\u0105\u017c\u0105cego :<\/strong> Wylej produkt bezpo\u015brednio na \u017cwir za pomoc\u0105 opryskiwacza, konewki o wysokim przep\u0142ywie lub wa\u0142ka. Zapewni\u0107 r\u00f3wnomierne rozprowadzenie spoiwa w celu uzyskania jednolitej przyczepno\u015bci.<\/li>\n<li><strong>Czas schni\u0119cia :<\/strong> Pozostawi\u0107 zabezpieczony obszar do wyschni\u0119cia na wolnym powietrzu przez 24 do 48 godzin, w zale\u017cno\u015bci od warunk\u00f3w pogodowych. W tym okresie nale\u017cy unika\u0107 jakiegokolwiek ruchu na leczonej strefie, aby zoptymalizowa\u0107 wi\u0105zanie kruszywa.<\/li>\n<li><strong>Konserwacja i naprawy :<\/strong> Sprawd\u017a stan powierzchni po ca\u0142kowitym wyschni\u0119ciu i w razie potrzeby na\u0142\u00f3\u017c drug\u0105 warstw\u0119, aby wzmocni\u0107 sp\u00f3jno\u015b\u0107 \u017cwiru. W przypadku naturalnego zu\u017cycia na przestrzeni lat, proste ponowne na\u0142o\u017cenie przywr\u00f3ci skuteczno\u015b\u0107 spoiwa.<\/li>\n<li><strong>Czyszczenie narz\u0119dzi :<\/strong> Natychmiast sp\u0142ucz ca\u0142y u\u017cywany sprz\u0119t czyst\u0105 wod\u0105, aby zapobiec powstawaniu zaschni\u0119tych pozosta\u0142o\u015bci i wyd\u0142u\u017cy\u0107 \u017cywotno\u015b\u0107 narz\u0119dzi.<\/li>\n<\/ul>","protected":false},"excerpt":{"rendered":"<p>Effective and Durable Stabilization of Gravel and Pebbles.\u00a0This binding fixative is specially designed to solidify and keep gravel and pebbles in place, preventing their dispersion while maintaining the aesthetics and permeability of the soil. Ideal for pathways, courtyards, terraces, and pedestrian walkways, it offers a durable solution to prevent inconveniences related to displacement and aggregate [&hellip;]<\/p>\n","protected":false},"featured_media":26016,"comment_status":"open","ping_status":"closed","template":"","meta":{"_uag_custom_page_level_css":"","site-sidebar-layout":"default","site-content-layout":"","ast-site-content-layout":"default","site-content-style":"default","site-sidebar-style":"default","ast-global-header-display":"","ast-banner-title-visibility":"","ast-main-header-display":"","ast-hfb-above-header-display":"","ast-hfb-below-header-display":"","ast-hfb-mobile-header-display":"","site-post-title":"","ast-breadcrumbs-content":"","ast-featured-img":"","footer-sml-layout":"","ast-disable-related-posts":"","theme-transparent-header-meta":"default","adv-header-id-meta":"","stick-header-meta":"","header-above-stick-meta":"","header-main-stick-meta":"","header-below-stick-meta":"","astra-migrate-meta-layouts":"set","ast-page-background-enabled":"default","ast-page-background-meta":{"desktop":{"background-color":"var(--ast-global-color-4)","background-image":"","background-repeat":"repeat","background-position":"center center","background-size":"auto","background-attachment":"scroll","background-type":"","background-media":"","overlay-type":"","overlay-color":"","overlay-opacity":"","overlay-gradient":""},"tablet":{"background-color":"","background-image":"","background-repeat":"repeat","background-position":"center center","background-size":"auto","background-attachment":"scroll","background-type":"","background-media":"","overlay-type":"","overlay-color":"","overlay-opacity":"","overlay-gradient":""},"mobile":{"background-color":"","background-image":"","background-repeat":"repeat","background-position":"center center","background-size":"auto","background-attachment":"scroll","background-type":"","background-media":"","overlay-type":"","overlay-color":"","overlay-opacity":"","overlay-gradient":""}},"ast-content-background-meta":{"desktop":{"background-color":"var(--ast-global-color-5)","background-image":"","background-repeat":"repeat","background-position":"center center","background-size":"auto","background-attachment":"scroll","background-type":"","background-media":"","overlay-type":"","overlay-color":"","overlay-opacity":"","overlay-gradient":""},"tablet":{"background-color":"var(--ast-global-color-5)","background-image":"","background-repeat":"repeat","background-position":"center center","background-size":"auto","background-attachment":"scroll","background-type":"","background-media":"","overlay-type":"","overlay-color":"","overlay-opacity":"","overlay-gradient":""},"mobile":{"background-color":"var(--ast-global-color-5)","background-image":"","background-repeat":"repeat","background-position":"center center","background-size":"auto","background-attachment":"scroll","background-type":"","background-media":"","overlay-type":"","overlay-color":"","overlay-opacity":"","overlay-gradient":""}}},"product_brand":[],"product_cat":[176],"product_tag":[],"class_list":{"0":"post-23505","1":"product","2":"type-product","3":"status-publish","4":"has-post-thumbnail","6":"product_cat-concrete-treatment","7":"desktop-align-left","8":"tablet-align-left","9":"mobile-align-left","11":"first","12":"instock","13":"sale","14":"shipping-taxable","15":"purchasable","16":"product-type-variable","17":"has-default-attributes"},"spectra_custom_meta":{"_visibility":["visible"],"_shopify_product_id":["9059464315125"],"_s2w_shopify_domain":["ferberpainting.myshopify.com"],"_shopify_variant_id":["46481188880629"],"_sku":[""],"_manage_stock":["no"],"total_sales":["6196"],"_tax_status":["taxable"],"_tax_class":[""],"_backorders":["no"],"_sold_individually":["no"],"_virtual":["no"],"_downloadable":["no"],"_download_limit":["-1"],"_download_expiry":["-1"],"_stock":[null],"_stock_status":["instock"],"_wc_average_rating":["4.57"],"_wc_review_count":["7"],"_product_attributes":["a:1:{s:6:\"volume\";a:6:{s:4:\"name\";s:6:\"Volume\";s:5:\"value\";s:20:\"5 liters | 25 liters\";s:8:\"position\";i:1;s:10:\"is_visible\";i:0;s:12:\"is_variation\";i:1;s:11:\"is_taxonomy\";i:0;}}"],"_product_version":["10.5.1"],"_thumbnail_id":["26016"],"_product_image_gallery":["26017"],"wpse_downloadable_file_names":[""],"wpse_downloadable_file_urls":[""],"_edit_last":["1"],"_default_attributes":["a:1:{s:6:\"volume\";s:8:\"5 liters\";}"],"_edit_lock":["1776163647:7131"],"merchant-center-availability":["yes"],"merchant-center-category":["2277"],"_wp_page_template":["default"],"site-sidebar-layout":["default"],"ast-site-content-layout":["default"],"site-content-style":["default"],"site-sidebar-style":["default"],"theme-transparent-header-meta":["default"],"_wc_rating_count":["a:2:{i:4;i:3;i:5;i:4;}"],"_upsell_ids":["a:3:{i:0;i:25276;i:1;i:25345;i:2;i:25652;}"],"_crosssell_ids":["a:3:{i:0;i:25276;i:1;i:25345;i:2;i:25652;}"],"_price":["29.90","129.90"],"astra-migrate-meta-layouts":["set"],"_uag_css_file_name":["uag-css-23505.css"],"_elementor_page_assets":["a:0:{}"],"_uag_page_assets":["a:9:{s:3:\"css\";s:7133:\".uag-blocks-common-selector{z-index:var(--z-index-desktop) !important}@media(max-width: 976px){.uag-blocks-common-selector{z-index:var(--z-index-tablet) !important}}@media(max-width: 767px){.uag-blocks-common-selector{z-index:var(--z-index-mobile) !important}}.wp-block-uagb-image{display:flex}.wp-block-uagb-image__figure{position:relative;display:flex;flex-direction:column;max-width:100%;height:auto;margin:0}.wp-block-uagb-image__figure img{height:auto;display:flex;max-width:100%;transition:box-shadow .2s ease}.wp-block-uagb-image__figure>a{display:inline-block}.wp-block-uagb-image__figure figcaption{text-align:center;margin-top:.5em;margin-bottom:1em}.wp-block-uagb-image .components-placeholder.block-editor-media-placeholder .components-placeholder__instructions{align-self:center}.wp-block-uagb-image--align-left{text-align:left}.wp-block-uagb-image--align-right{text-align:right}.wp-block-uagb-image--align-center{text-align:center}.wp-block-uagb-image--align-full .wp-block-uagb-image__figure{margin-left:calc(50% - 50vw);margin-right:calc(50% - 50vw);max-width:100vw;width:100vw;height:auto}.wp-block-uagb-image--align-full .wp-block-uagb-image__figure img{height:auto;width:100% !important}.wp-block-uagb-image--align-wide .wp-block-uagb-image__figure img{height:auto;width:100%}.wp-block-uagb-image--layout-overlay__color-wrapper{position:absolute;left:0;top:0;right:0;bottom:0;opacity:.2;background:rgba(0,0,0,.5);transition:opacity .35s ease-in-out}.wp-block-uagb-image--layout-overlay-link{position:absolute;left:0;right:0;bottom:0;top:0}.wp-block-uagb-image--layout-overlay .wp-block-uagb-image__figure:hover .wp-block-uagb-image--layout-overlay__color-wrapper{opacity:1}.wp-block-uagb-image--layout-overlay__inner{position:absolute;left:15px;right:15px;bottom:15px;top:15px;display:flex;align-items:center;justify-content:center;flex-direction:column;border-color:#fff;transition:.35s ease-in-out}.wp-block-uagb-image--layout-overlay__inner.top-left,.wp-block-uagb-image--layout-overlay__inner.top-center,.wp-block-uagb-image--layout-overlay__inner.top-right{justify-content:flex-start}.wp-block-uagb-image--layout-overlay__inner.bottom-left,.wp-block-uagb-image--layout-overlay__inner.bottom-center,.wp-block-uagb-image--layout-overlay__inner.bottom-right{justify-content:flex-end}.wp-block-uagb-image--layout-overlay__inner.top-left,.wp-block-uagb-image--layout-overlay__inner.center-left,.wp-block-uagb-image--layout-overlay__inner.bottom-left{align-items:flex-start}.wp-block-uagb-image--layout-overlay__inner.top-right,.wp-block-uagb-image--layout-overlay__inner.center-right,.wp-block-uagb-image--layout-overlay__inner.bottom-right{align-items:flex-end}.wp-block-uagb-image--layout-overlay__inner .uagb-image-heading{color:#fff;transition:transform .35s,opacity .35s ease-in-out;transform:translate3d(0, 24px, 0);margin:0;line-height:1em}.wp-block-uagb-image--layout-overlay__inner .uagb-image-separator{width:30%;border-top-width:2px;border-top-color:#fff;border-top-style:solid;margin-bottom:10px;opacity:0;transition:transform .4s,opacity .4s ease-in-out;transform:translate3d(0, 30px, 0)}.wp-block-uagb-image--layout-overlay__inner .uagb-image-caption{opacity:0;overflow:visible;color:#fff;transition:transform .45s,opacity .45s ease-in-out;transform:translate3d(0, 35px, 0)}.wp-block-uagb-image--layout-overlay__inner:hover .uagb-image-heading,.wp-block-uagb-image--layout-overlay__inner:hover .uagb-image-separator,.wp-block-uagb-image--layout-overlay__inner:hover .uagb-image-caption{opacity:1;transform:translate3d(0, 0, 0)}.wp-block-uagb-image--effect-zoomin .wp-block-uagb-image__figure img,.wp-block-uagb-image--effect-zoomin .wp-block-uagb-image__figure .wp-block-uagb-image--layout-overlay__color-wrapper{transform:scale(1);transition:transform .35s ease-in-out}.wp-block-uagb-image--effect-zoomin .wp-block-uagb-image__figure:hover img,.wp-block-uagb-image--effect-zoomin .wp-block-uagb-image__figure:hover .wp-block-uagb-image--layout-overlay__color-wrapper{transform:scale(1.05)}.wp-block-uagb-image--effect-slide .wp-block-uagb-image__figure img,.wp-block-uagb-image--effect-slide .wp-block-uagb-image__figure .wp-block-uagb-image--layout-overlay__color-wrapper{width:calc(100% + 40px) !important;max-width:none !important;transform:translate3d(-40px, 0, 0);transition:transform .35s ease-in-out}.wp-block-uagb-image--effect-slide .wp-block-uagb-image__figure:hover img,.wp-block-uagb-image--effect-slide .wp-block-uagb-image__figure:hover .wp-block-uagb-image--layout-overlay__color-wrapper{transform:translate3d(0, 0, 0)}.wp-block-uagb-image--effect-grayscale img{filter:grayscale(0%);transition:.35s ease-in-out}.wp-block-uagb-image--effect-grayscale:hover img{filter:grayscale(100%)}.wp-block-uagb-image--effect-blur img{filter:blur(0);transition:.35s ease-in-out}.wp-block-uagb-image--effect-blur:hover img{filter:blur(3px)}.uagb-block-e6f939b3.wp-block-uagb-image--layout-default figure img{box-shadow: 0px 0px 0 #00000070;}.uagb-block-e6f939b3.wp-block-uagb-image .wp-block-uagb-image__figure figcaption{font-style: normal;align-self: center;}.uagb-block-e6f939b3.wp-block-uagb-image--layout-overlay figure img{box-shadow: 0px 0px 0 #00000070;}.uagb-block-e6f939b3.wp-block-uagb-image--layout-overlay .wp-block-uagb-image--layout-overlay__color-wrapper{opacity: 0.2;}.uagb-block-e6f939b3.wp-block-uagb-image--layout-overlay .wp-block-uagb-image--layout-overlay__inner{left: 15px;right: 15px;top: 15px;bottom: 15px;}.uagb-block-e6f939b3.wp-block-uagb-image--layout-overlay .wp-block-uagb-image--layout-overlay__inner .uagb-image-heading{font-style: normal;color: #fff;opacity: 1;}.uagb-block-e6f939b3.wp-block-uagb-image--layout-overlay .wp-block-uagb-image--layout-overlay__inner .uagb-image-heading a{color: #fff;}.uagb-block-e6f939b3.wp-block-uagb-image--layout-overlay .wp-block-uagb-image--layout-overlay__inner .uagb-image-caption{opacity: 0;}.uagb-block-e6f939b3.wp-block-uagb-image--layout-overlay .wp-block-uagb-image__figure:hover .wp-block-uagb-image--layout-overlay__color-wrapper{opacity: 1;}.uagb-block-e6f939b3.wp-block-uagb-image .wp-block-uagb-image--layout-overlay__inner .uagb-image-separator{width: 30%;border-top-width: 2px;border-top-color: #fff;opacity: 0;}.uagb-block-e6f939b3.wp-block-uagb-image .wp-block-uagb-image__figure img{width: px;height: auto;}.uagb-block-e6f939b3.wp-block-uagb-image .wp-block-uagb-image__figure:hover .wp-block-uagb-image--layout-overlay__inner .uagb-image-caption{opacity: 1;}.uagb-block-e6f939b3.wp-block-uagb-image .wp-block-uagb-image__figure:hover .wp-block-uagb-image--layout-overlay__inner .uagb-image-separator{opacity: 1;}.uagb-block-e6f939b3.wp-block-uagb-image--layout-default figure:hover img{box-shadow: 0px 0px 0 #00000070;}.uagb-block-e6f939b3.wp-block-uagb-image--layout-overlay figure:hover img{box-shadow: 0px 0px 0 #00000070;}@media only screen and (max-width: 976px) {.uagb-block-e6f939b3.wp-block-uagb-image .wp-block-uagb-image__figure img{width: px;height: auto;}}@media only screen and (max-width: 767px) {.uagb-block-e6f939b3.wp-block-uagb-image .wp-block-uagb-image__figure img{width: px;height: auto;}}\";s:2:\"js\";s:0:\"\";s:18:\"current_block_list\";a:13:{i:0;s:11:\"core\/search\";i:1;s:10:\"core\/group\";i:2;s:12:\"core\/heading\";i:3;s:17:\"core\/latest-posts\";i:4;s:20:\"core\/latest-comments\";i:5;s:13:\"core\/archives\";i:6;s:15:\"core\/categories\";i:7;s:14:\"core\/paragraph\";i:8;s:10:\"uagb\/image\";i:9;s:11:\"core\/spacer\";i:10;s:30:\"woocommerce\/product-categories\";i:11;s:10:\"core\/image\";i:12;s:14:\"core\/shortcode\";}s:8:\"uag_flag\";b:1;s:11:\"uag_version\";s:10:\"1776775512\";s:6:\"gfonts\";a:0:{}s:10:\"gfonts_url\";s:0:\"\";s:12:\"gfonts_files\";a:0:{}s:14:\"uag_faq_layout\";b:0;}"]},"uagb_featured_image_src":{"full":["https:\/\/www.ferberpainting.com\/wp-content\/uploads\/2025\/05\/GravelandStoneBinder5L.png",2560,2560,false],"thumbnail":["https:\/\/www.ferberpainting.com\/wp-content\/uploads\/2025\/05\/GravelandStoneBinder5L-150x150.png",150,150,true],"medium":["https:\/\/www.ferberpainting.com\/wp-content\/uploads\/2025\/05\/GravelandStoneBinder5L-300x300.png",300,300,true],"medium_large":["https:\/\/www.ferberpainting.com\/wp-content\/uploads\/2025\/05\/GravelandStoneBinder5L-768x768.png",768,768,true],"large":["https:\/\/www.ferberpainting.com\/wp-content\/uploads\/2025\/05\/GravelandStoneBinder5L-1024x1024.png",1024,1024,true],"1536x1536":["https:\/\/www.ferberpainting.com\/wp-content\/uploads\/2025\/05\/GravelandStoneBinder5L-1536x1536.png",1536,1536,true],"2048x2048":["https:\/\/www.ferberpainting.com\/wp-content\/uploads\/2025\/05\/GravelandStoneBinder5L-2048x2048.png",2048,2048,true],"trp-custom-language-flag":["https:\/\/www.ferberpainting.com\/wp-content\/uploads\/2025\/05\/GravelandStoneBinder5L-12x12.png",12,12,true],"woocommerce_thumbnail":["https:\/\/www.ferberpainting.com\/wp-content\/uploads\/2025\/05\/GravelandStoneBinder5L-300x300.png",300,300,true],"woocommerce_single":["https:\/\/www.ferberpainting.com\/wp-content\/uploads\/2025\/05\/GravelandStoneBinder5L-600x600.png",600,600,true],"woocommerce_gallery_thumbnail":["https:\/\/www.ferberpainting.com\/wp-content\/uploads\/2025\/05\/GravelandStoneBinder5L-100x100.png",100,100,true]},"uagb_author_info":{"display_name":"admin","author_link":"https:\/\/www.ferberpainting.com\/pl\/author\/"},"uagb_comment_info":7,"uagb_excerpt":"Effective and Durable Stabilization of Gravel and Pebbles.\u00a0This binding fixative is specially designed to solidify and keep gravel and pebbles in place, preventing their dispersion while maintaining the aesthetics and permeability of the soil. Ideal for pathways, courtyards, terraces, and pedestrian walkways, it offers a durable solution to prevent inconveniences related to displacement and aggregate&hellip;","_links":{"self":[{"href":"https:\/\/www.ferberpainting.com\/pl\/wp-json\/wp\/v2\/product\/23505","targetHints":{"allow":["GET"]}}],"collection":[{"href":"https:\/\/www.ferberpainting.com\/pl\/wp-json\/wp\/v2\/product"}],"about":[{"href":"https:\/\/www.ferberpainting.com\/pl\/wp-json\/wp\/v2\/types\/product"}],"replies":[{"embeddable":true,"href":"https:\/\/www.ferberpainting.com\/pl\/wp-json\/wp\/v2\/comments?post=23505"}],"version-history":[{"count":4,"href":"https:\/\/www.ferberpainting.com\/pl\/wp-json\/wp\/v2\/product\/23505\/revisions"}],"predecessor-version":[{"id":166265,"href":"https:\/\/www.ferberpainting.com\/pl\/wp-json\/wp\/v2\/product\/23505\/revisions\/166265"}],"wp:featuredmedia":[{"embeddable":true,"href":"https:\/\/www.ferberpainting.com\/pl\/wp-json\/wp\/v2\/media\/26016"}],"wp:attachment":[{"href":"https:\/\/www.ferberpainting.com\/pl\/wp-json\/wp\/v2\/media?parent=23505"}],"wp:term":[{"taxonomy":"product_brand","embeddable":true,"href":"https:\/\/www.ferberpainting.com\/pl\/wp-json\/wp\/v2\/product_brand?post=23505"},{"taxonomy":"product_cat","embeddable":true,"href":"https:\/\/www.ferberpainting.com\/pl\/wp-json\/wp\/v2\/product_cat?post=23505"},{"taxonomy":"product_tag","embeddable":true,"href":"https:\/\/www.ferberpainting.com\/pl\/wp-json\/wp\/v2\/product_tag?post=23505"}],"curies":[{"name":"wp","href":"https:\/\/api.w.org\/{rel}","templated":true}]}}