{"id":23504,"date":"2025-05-26T10:24:26","date_gmt":"2025-05-26T08:24:26","guid":{"rendered":"https:\/\/www.ferberpainting.com\/products\/grape-vine-fertilizer\/"},"modified":"2026-02-15T15:55:49","modified_gmt":"2026-02-15T14:55:49","slug":"grape-vine-fertilizer","status":"publish","type":"product","link":"https:\/\/www.ferberpainting.com\/pl\/products\/grape-vine-fertilizer\/","title":{"rendered":"Naw\u00f3z do winoro\u015bli 25 kg"},"content":{"rendered":"<p><strong><img decoding=\"async\" style=\"margin-right: 12px;\" src=\"https:\/\/www.ferberpainting.com\/wp-content\/uploads\/2026\/02\/Check.svg\" alt=\"\" width=\"18\" height=\"15\" \/>Kompletny naw\u00f3z dla zdrowej i wydajnej winoro\u015bli.<\/strong>\u00a0Uprawa winoro\u015bli wymaga precyzyjnego wk\u0142adu od\u017cywczego, aby zapewni\u0107 energiczny wzrost, obfite owocowanie i optymaln\u0105 odporno\u015b\u0107 na choroby. Ten naw\u00f3z zosta\u0142 specjalnie opracowany, aby zaspokoi\u0107 specyficzne potrzeby winoro\u015bli, dzi\u0119ki doskonale zbilansowanej zawarto\u015bci azotu, fosforu i potasu (NPK 10-10-10). Promuje g\u0142\u0119boki rozw\u00f3j korzeni, zdrow\u0105 produkcj\u0119 li\u015bci i lepsze dojrzewanie gron, zapewniaj\u0105c w ten spos\u00f3b wysokiej jako\u015bci zbiory.<\/p>\n<p><strong><img decoding=\"async\" style=\"margin-right: 12px;\" src=\"https:\/\/www.ferberpainting.com\/wp-content\/uploads\/2026\/02\/Check.svg\" alt=\"\" width=\"18\" height=\"15\" \/>Gwarancja zwrotu pieni\u0119dzy.<\/strong>\u00a0Wierzymy w skuteczno\u015b\u0107 naszego nawozu i jego widoczne rezultaty ju\u017c od pierwszych tygodni stosowania. Je\u015bli pomimo stosowania go zgodnie z zaleceniami, nie zauwa\u017cysz znacz\u0105cej poprawy na swoich winoro\u015blach, zobowi\u0105zujemy si\u0119 do pe\u0142nego zwrotu koszt\u00f3w.<\/p>\n<p><strong><img decoding=\"async\" style=\"margin-right: 12px;\" src=\"https:\/\/www.ferberpainting.com\/wp-content\/uploads\/2026\/02\/Check.svg\" alt=\"\" width=\"18\" height=\"15\" \/>Nadaje si\u0119 do r\u00f3\u017cnych rodzaj\u00f3w gleby i upraw.<\/strong>\u00a0Niezale\u017cnie od tego, czy gleba jest piaszczysta, wapienna, gliniasta czy mulista, naw\u00f3z ten jest skuteczny na wszystkich rodzajach grunt\u00f3w rolnych. Nadaje si\u0119 r\u00f3wnie\u017c do innych upraw owocowych, zw\u0142aszcza jab\u0142oni, grusz, brzoskwi\u0144 i wi\u015bni, dzi\u0119ki uniwersalnej formule wzbogaconej o niezb\u0119dne sk\u0142adniki od\u017cywcze.<\/p>\n<p><strong><img decoding=\"async\" style=\"margin-right: 12px;\" src=\"https:\/\/www.ferberpainting.com\/wp-content\/uploads\/2026\/02\/Check.svg\" alt=\"\" width=\"18\" height=\"15\" \/>Wyj\u0105tkowa op\u0142acalno\u015b\u0107.<\/strong>\u00a0Dzi\u0119ki gotowej do u\u017cycia formule sta\u0142ej naw\u00f3z ten zapewnia skuteczne i d\u0142ugotrwa\u0142e nawo\u017cenie. Przy wydajno\u015bci 200 g na winoro\u015bl, worek 25 kg mo\u017ce obs\u0142u\u017cy\u0107 do 125 winoro\u015bli, zmniejszaj\u0105c w ten spos\u00f3b koszty utrzymania i maksymalizuj\u0105c rentowno\u015b\u0107 winnicy.<\/p>\n<p><strong><img decoding=\"async\" style=\"margin-right: 12px;\" src=\"https:\/\/www.ferberpainting.com\/wp-content\/uploads\/2026\/02\/Check.svg\" alt=\"\" width=\"18\" height=\"15\" \/>Produkt bezpieczny dla \u015brodowiska.<\/strong>\u00a0Naw\u00f3z ten nie zawiera \u017cadnych toksycznych sk\u0142adnik\u00f3w ani szkodliwych dodatk\u00f3w, zapewniaj\u0105c w ten spos\u00f3b poszanowanie gleby, r\u00f3\u017cnorodno\u015bci biologicznej i w\u00f3d gruntowych. Nie pozostawia \u017cadnych pozosta\u0142o\u015bci chemicznych w winogronach, zapewniaj\u0105c zdrow\u0105 i zr\u00f3wnowa\u017con\u0105 produkcj\u0119 wina.<\/p>\n<p><strong><img decoding=\"async\" style=\"margin-right: 12px;\" src=\"https:\/\/www.ferberpainting.com\/wp-content\/uploads\/2026\/02\/Check.svg\" alt=\"\" width=\"18\" height=\"15\" \/>\u0141atwy w aplikacji, nie wymaga rozcie\u0144czania.<\/strong>\u00a0W przeciwie\u0144stwie do nawoz\u00f3w p\u0142ynnych, kt\u00f3re wymagaj\u0105 wcze\u015bniejszego wymieszania, naw\u00f3z ten ma posta\u0107 sta\u0142\u0105 i jest stosowany bezpo\u015brednio u podstawy ka\u017cdej winoro\u015bli. Jest prosty w u\u017cyciu i nie wymaga specjalnego sprz\u0119tu, co sprawia, \u017ce jest \u0142atwy w stosowaniu zar\u00f3wno dla profesjonalnych hodowc\u00f3w, jak i amator\u00f3w.<\/p>\n<p><strong><img decoding=\"async\" style=\"margin-right: 12px;\" src=\"https:\/\/www.ferberpainting.com\/wp-content\/uploads\/2026\/02\/Check.svg\" alt=\"\" width=\"18\" height=\"15\" \/>Stopniowe i trwa\u0142e nawo\u017cenie.<\/strong>\u00a0Dzi\u0119ki zr\u00f3wnowa\u017conemu sk\u0142adowi naw\u00f3z stopniowo uwalnia sk\u0142adniki od\u017cywcze, zapewniaj\u0105c w ten spos\u00f3b ci\u0105g\u0142y wzrost przez ca\u0142y sezon wegetacyjny. Pomaga wzmocni\u0107 naturaln\u0105 odporno\u015b\u0107 winoro\u015bli na stres klimatyczny i choroby, zapewniaj\u0105c sta\u0142\u0105 i wysokiej jako\u015bci produkcj\u0119.<\/p>\n<p><strong><img decoding=\"async\" style=\"margin-right: 12px;\" src=\"https:\/\/www.ferberpainting.com\/wp-content\/uploads\/2026\/02\/Check.svg\" alt=\"\" width=\"18\" height=\"15\" \/>Widoczne rezultaty w ci\u0105gu kilku tygodni.<\/strong>\u00a0Po zastosowaniu naw\u00f3z ten sprzyja lepszemu wch\u0142anianiu minera\u0142\u00f3w, umo\u017cliwiaj\u0105c szybkie zazielenienie li\u015bci i przyspieszony wzrost ki\u015bci winogron. Jego skuteczno\u015b\u0107 potwierdzaj\u0105 wyra\u017anie zdrowsze winoro\u015ble, wi\u0119ksze ki\u015bcie i s\u0142odsze, bardziej kolorowe owoce.<\/p>\n<h2><strong>Protok\u00f3\u0142 u\u017cytkowania<\/strong><\/h2>\n<ul>\n<li><strong>Okres sk\u0142adania wniosk\u00f3w <\/strong>: Najlepiej stosowa\u0107 naw\u00f3z na pocz\u0105tku wiosny i pod koniec lata, aby wspom\u00f3c wiosenny wzrost i przygotowanie winoro\u015bli do zimy.<\/li>\n<li><strong>Przygotowanie gleby <\/strong>: Przed zastosowaniem odchwaszcz i lekko spulchnij gleb\u0119 wok\u00f3\u0142 podstawy winoro\u015bli, aby zoptymalizowa\u0107 penetracj\u0119 sk\u0142adnik\u00f3w od\u017cywczych.<\/li>\n<li><strong>Zalecane dawkowanie <\/strong>: Zastosuj 200 g nawozu na winoro\u015bl, rozprowadzaj\u0105c produkt wok\u00f3\u0142 pnia, w odleg\u0142o\u015bci oko\u0142o 15 cm.<\/li>\n<li><strong>Inkorporacja <\/strong>: Lekko wymiesza\u0107 naw\u00f3z z powierzchni\u0105 gleby, aby zapobiec wymywaniu przez deszcz i promowa\u0107 stopniow\u0105 dyfuzj\u0119 sk\u0142adnik\u00f3w od\u017cywczych.<\/li>\n<li><strong>Podlewanie po aplikacji <\/strong>: Po zastosowaniu nawozu nale\u017cy obficie podla\u0107 leczony obszar, aby przyspieszy\u0107 wch\u0142anianie minera\u0142\u00f3w przez korzenie.<\/li>\n<li><strong>Cz\u0119stotliwo\u015b\u0107 stosowania <\/strong>: Aby uzyska\u0107 optymalne nawo\u017cenie, nale\u017cy powtarza\u0107 aplikacj\u0119 co 3 miesi\u0105ce, uwa\u017caj\u0105c, aby nie przedawkowa\u0107, aby unikn\u0105\u0107 nadmiaru azotu, kt\u00f3ry m\u00f3g\u0142by wp\u0142yn\u0105\u0107 na jako\u015b\u0107 winogron.<\/li>\n<\/ul>\n<p>Naw\u00f3z ten jest idealnym sprzymierze\u0144cem w uzyskaniu silnych winoro\u015bli, obfitej produkcji i doskona\u0142ej jako\u015bci winogron. Niezale\u017cnie od tego, czy jeste\u015b profesjonalnym hodowc\u0105 winoro\u015bli, czy entuzjast\u0105 ogrodnictwa, gwarantuje szybkie widoczne rezultaty, dzi\u0119ki prostej i pozbawionej ryzyka aplikacji dla Twojego \u015brodowiska.<\/p>","protected":false},"excerpt":{"rendered":"<p>A complete fertilizer for a healthy and productive vine.\u00a0Vine cultivation requires a precise nutritional contribution to ensure vigorous growth, abundant fruiting, and optimal disease resistance. This fertilizer is specially formulated to meet the specific needs of the vine, thanks to its perfectly balanced content of nitrogen, phosphorus, and potassium (NPK 10-10-10). It promotes deep root [&hellip;]<\/p>\n","protected":false},"featured_media":26015,"comment_status":"open","ping_status":"closed","template":"","meta":{"_uag_custom_page_level_css":"","site-sidebar-layout":"default","site-content-layout":"","ast-site-content-layout":"default","site-content-style":"default","site-sidebar-style":"default","ast-global-header-display":"","ast-banner-title-visibility":"","ast-main-header-display":"","ast-hfb-above-header-display":"","ast-hfb-below-header-display":"","ast-hfb-mobile-header-display":"","site-post-title":"","ast-breadcrumbs-content":"","ast-featured-img":"","footer-sml-layout":"","ast-disable-related-posts":"","theme-transparent-header-meta":"default","adv-header-id-meta":"","stick-header-meta":"","header-above-stick-meta":"","header-main-stick-meta":"","header-below-stick-meta":"","astra-migrate-meta-layouts":"set","ast-page-background-enabled":"default","ast-page-background-meta":{"desktop":{"background-color":"var(--ast-global-color-4)","background-image":"","background-repeat":"repeat","background-position":"center center","background-size":"auto","background-attachment":"scroll","background-type":"","background-media":"","overlay-type":"","overlay-color":"","overlay-opacity":"","overlay-gradient":""},"tablet":{"background-color":"","background-image":"","background-repeat":"repeat","background-position":"center center","background-size":"auto","background-attachment":"scroll","background-type":"","background-media":"","overlay-type":"","overlay-color":"","overlay-opacity":"","overlay-gradient":""},"mobile":{"background-color":"","background-image":"","background-repeat":"repeat","background-position":"center center","background-size":"auto","background-attachment":"scroll","background-type":"","background-media":"","overlay-type":"","overlay-color":"","overlay-opacity":"","overlay-gradient":""}},"ast-content-background-meta":{"desktop":{"background-color":"var(--ast-global-color-5)","background-image":"","background-repeat":"repeat","background-position":"center center","background-size":"auto","background-attachment":"scroll","background-type":"","background-media":"","overlay-type":"","overlay-color":"","overlay-opacity":"","overlay-gradient":""},"tablet":{"background-color":"var(--ast-global-color-5)","background-image":"","background-repeat":"repeat","background-position":"center center","background-size":"auto","background-attachment":"scroll","background-type":"","background-media":"","overlay-type":"","overlay-color":"","overlay-opacity":"","overlay-gradient":""},"mobile":{"background-color":"var(--ast-global-color-5)","background-image":"","background-repeat":"repeat","background-position":"center center","background-size":"auto","background-attachment":"scroll","background-type":"","background-media":"","overlay-type":"","overlay-color":"","overlay-opacity":"","overlay-gradient":""}}},"product_brand":[],"product_cat":[178],"product_tag":[],"class_list":{"0":"post-23504","1":"product","2":"type-product","3":"status-publish","4":"has-post-thumbnail","6":"product_cat-fertilizers","7":"desktop-align-left","8":"tablet-align-left","9":"mobile-align-left","11":"first","12":"instock","13":"taxable","14":"shipping-taxable","15":"purchasable","16":"product-type-simple"},"spectra_custom_meta":{"_visibility":["visible"],"_shopify_product_id":["9073283825909"],"_s2w_shopify_domain":["ferberpainting.myshopify.com"],"_shopify_variant_id":["46524539535605"],"_sku":["FPGRAPEVINEFERTILIZER25KG"],"_regular_price":["39.90"],"_price":["39.90"],"_sale_price":[""],"_weight":["18.7"],"_thumbnail_id":["26015"],"_global_unique_id":["5056773817951"],"total_sales":["32"],"_tax_status":["taxable"],"_tax_class":[""],"_manage_stock":["no"],"_backorders":["no"],"_sold_individually":["no"],"_virtual":["no"],"_downloadable":["no"],"_download_limit":["-1"],"_download_expiry":["-1"],"_stock":[null],"_stock_status":["instock"],"_wc_average_rating":["5.00"],"_wc_review_count":["31"],"_product_version":["10.5.1"],"_wc_rating_count":["a:1:{i:5;i:31;}"],"_edit_lock":["1771167278:1"],"merchant-center-availability":["yes"],"merchant-center-category":["113"],"_edit_last":["1"],"_wp_page_template":["default"],"site-sidebar-layout":["default"],"ast-site-content-layout":["default"],"site-content-style":["default"],"site-sidebar-style":["default"],"theme-transparent-header-meta":["default"],"astra-migrate-meta-layouts":["set"],"_uag_css_file_name":["uag-css-23504.css"],"_elementor_page_assets":["a:0:{}"],"_uag_page_assets":["a:9:{s:3:\"css\";s:7133:\".uag-blocks-common-selector{z-index:var(--z-index-desktop) !important}@media(max-width: 976px){.uag-blocks-common-selector{z-index:var(--z-index-tablet) !important}}@media(max-width: 767px){.uag-blocks-common-selector{z-index:var(--z-index-mobile) !important}}.wp-block-uagb-image{display:flex}.wp-block-uagb-image__figure{position:relative;display:flex;flex-direction:column;max-width:100%;height:auto;margin:0}.wp-block-uagb-image__figure img{height:auto;display:flex;max-width:100%;transition:box-shadow .2s ease}.wp-block-uagb-image__figure>a{display:inline-block}.wp-block-uagb-image__figure figcaption{text-align:center;margin-top:.5em;margin-bottom:1em}.wp-block-uagb-image .components-placeholder.block-editor-media-placeholder .components-placeholder__instructions{align-self:center}.wp-block-uagb-image--align-left{text-align:left}.wp-block-uagb-image--align-right{text-align:right}.wp-block-uagb-image--align-center{text-align:center}.wp-block-uagb-image--align-full .wp-block-uagb-image__figure{margin-left:calc(50% - 50vw);margin-right:calc(50% - 50vw);max-width:100vw;width:100vw;height:auto}.wp-block-uagb-image--align-full .wp-block-uagb-image__figure img{height:auto;width:100% !important}.wp-block-uagb-image--align-wide .wp-block-uagb-image__figure img{height:auto;width:100%}.wp-block-uagb-image--layout-overlay__color-wrapper{position:absolute;left:0;top:0;right:0;bottom:0;opacity:.2;background:rgba(0,0,0,.5);transition:opacity .35s ease-in-out}.wp-block-uagb-image--layout-overlay-link{position:absolute;left:0;right:0;bottom:0;top:0}.wp-block-uagb-image--layout-overlay .wp-block-uagb-image__figure:hover .wp-block-uagb-image--layout-overlay__color-wrapper{opacity:1}.wp-block-uagb-image--layout-overlay__inner{position:absolute;left:15px;right:15px;bottom:15px;top:15px;display:flex;align-items:center;justify-content:center;flex-direction:column;border-color:#fff;transition:.35s ease-in-out}.wp-block-uagb-image--layout-overlay__inner.top-left,.wp-block-uagb-image--layout-overlay__inner.top-center,.wp-block-uagb-image--layout-overlay__inner.top-right{justify-content:flex-start}.wp-block-uagb-image--layout-overlay__inner.bottom-left,.wp-block-uagb-image--layout-overlay__inner.bottom-center,.wp-block-uagb-image--layout-overlay__inner.bottom-right{justify-content:flex-end}.wp-block-uagb-image--layout-overlay__inner.top-left,.wp-block-uagb-image--layout-overlay__inner.center-left,.wp-block-uagb-image--layout-overlay__inner.bottom-left{align-items:flex-start}.wp-block-uagb-image--layout-overlay__inner.top-right,.wp-block-uagb-image--layout-overlay__inner.center-right,.wp-block-uagb-image--layout-overlay__inner.bottom-right{align-items:flex-end}.wp-block-uagb-image--layout-overlay__inner .uagb-image-heading{color:#fff;transition:transform .35s,opacity .35s ease-in-out;transform:translate3d(0, 24px, 0);margin:0;line-height:1em}.wp-block-uagb-image--layout-overlay__inner .uagb-image-separator{width:30%;border-top-width:2px;border-top-color:#fff;border-top-style:solid;margin-bottom:10px;opacity:0;transition:transform .4s,opacity .4s ease-in-out;transform:translate3d(0, 30px, 0)}.wp-block-uagb-image--layout-overlay__inner .uagb-image-caption{opacity:0;overflow:visible;color:#fff;transition:transform .45s,opacity .45s ease-in-out;transform:translate3d(0, 35px, 0)}.wp-block-uagb-image--layout-overlay__inner:hover .uagb-image-heading,.wp-block-uagb-image--layout-overlay__inner:hover .uagb-image-separator,.wp-block-uagb-image--layout-overlay__inner:hover .uagb-image-caption{opacity:1;transform:translate3d(0, 0, 0)}.wp-block-uagb-image--effect-zoomin .wp-block-uagb-image__figure img,.wp-block-uagb-image--effect-zoomin .wp-block-uagb-image__figure .wp-block-uagb-image--layout-overlay__color-wrapper{transform:scale(1);transition:transform .35s ease-in-out}.wp-block-uagb-image--effect-zoomin .wp-block-uagb-image__figure:hover img,.wp-block-uagb-image--effect-zoomin .wp-block-uagb-image__figure:hover .wp-block-uagb-image--layout-overlay__color-wrapper{transform:scale(1.05)}.wp-block-uagb-image--effect-slide .wp-block-uagb-image__figure img,.wp-block-uagb-image--effect-slide .wp-block-uagb-image__figure .wp-block-uagb-image--layout-overlay__color-wrapper{width:calc(100% + 40px) !important;max-width:none !important;transform:translate3d(-40px, 0, 0);transition:transform .35s ease-in-out}.wp-block-uagb-image--effect-slide .wp-block-uagb-image__figure:hover img,.wp-block-uagb-image--effect-slide .wp-block-uagb-image__figure:hover .wp-block-uagb-image--layout-overlay__color-wrapper{transform:translate3d(0, 0, 0)}.wp-block-uagb-image--effect-grayscale img{filter:grayscale(0%);transition:.35s ease-in-out}.wp-block-uagb-image--effect-grayscale:hover img{filter:grayscale(100%)}.wp-block-uagb-image--effect-blur img{filter:blur(0);transition:.35s ease-in-out}.wp-block-uagb-image--effect-blur:hover img{filter:blur(3px)}.uagb-block-e6f939b3.wp-block-uagb-image--layout-default figure img{box-shadow: 0px 0px 0 #00000070;}.uagb-block-e6f939b3.wp-block-uagb-image .wp-block-uagb-image__figure figcaption{font-style: normal;align-self: center;}.uagb-block-e6f939b3.wp-block-uagb-image--layout-overlay figure img{box-shadow: 0px 0px 0 #00000070;}.uagb-block-e6f939b3.wp-block-uagb-image--layout-overlay .wp-block-uagb-image--layout-overlay__color-wrapper{opacity: 0.2;}.uagb-block-e6f939b3.wp-block-uagb-image--layout-overlay .wp-block-uagb-image--layout-overlay__inner{left: 15px;right: 15px;top: 15px;bottom: 15px;}.uagb-block-e6f939b3.wp-block-uagb-image--layout-overlay .wp-block-uagb-image--layout-overlay__inner .uagb-image-heading{font-style: normal;color: #fff;opacity: 1;}.uagb-block-e6f939b3.wp-block-uagb-image--layout-overlay .wp-block-uagb-image--layout-overlay__inner .uagb-image-heading a{color: #fff;}.uagb-block-e6f939b3.wp-block-uagb-image--layout-overlay .wp-block-uagb-image--layout-overlay__inner .uagb-image-caption{opacity: 0;}.uagb-block-e6f939b3.wp-block-uagb-image--layout-overlay .wp-block-uagb-image__figure:hover .wp-block-uagb-image--layout-overlay__color-wrapper{opacity: 1;}.uagb-block-e6f939b3.wp-block-uagb-image .wp-block-uagb-image--layout-overlay__inner .uagb-image-separator{width: 30%;border-top-width: 2px;border-top-color: #fff;opacity: 0;}.uagb-block-e6f939b3.wp-block-uagb-image .wp-block-uagb-image__figure img{width: px;height: auto;}.uagb-block-e6f939b3.wp-block-uagb-image .wp-block-uagb-image__figure:hover .wp-block-uagb-image--layout-overlay__inner .uagb-image-caption{opacity: 1;}.uagb-block-e6f939b3.wp-block-uagb-image .wp-block-uagb-image__figure:hover .wp-block-uagb-image--layout-overlay__inner .uagb-image-separator{opacity: 1;}.uagb-block-e6f939b3.wp-block-uagb-image--layout-default figure:hover img{box-shadow: 0px 0px 0 #00000070;}.uagb-block-e6f939b3.wp-block-uagb-image--layout-overlay figure:hover img{box-shadow: 0px 0px 0 #00000070;}@media only screen and (max-width: 976px) {.uagb-block-e6f939b3.wp-block-uagb-image .wp-block-uagb-image__figure img{width: px;height: auto;}}@media only screen and (max-width: 767px) {.uagb-block-e6f939b3.wp-block-uagb-image .wp-block-uagb-image__figure img{width: px;height: auto;}}\";s:2:\"js\";s:0:\"\";s:18:\"current_block_list\";a:13:{i:0;s:11:\"core\/search\";i:1;s:10:\"core\/group\";i:2;s:12:\"core\/heading\";i:3;s:17:\"core\/latest-posts\";i:4;s:20:\"core\/latest-comments\";i:5;s:13:\"core\/archives\";i:6;s:15:\"core\/categories\";i:7;s:14:\"core\/paragraph\";i:8;s:10:\"uagb\/image\";i:9;s:11:\"core\/spacer\";i:10;s:30:\"woocommerce\/product-categories\";i:11;s:10:\"core\/image\";i:12;s:14:\"core\/shortcode\";}s:8:\"uag_flag\";b:1;s:11:\"uag_version\";s:10:\"1777356936\";s:6:\"gfonts\";a:0:{}s:10:\"gfonts_url\";s:0:\"\";s:12:\"gfonts_files\";a:0:{}s:14:\"uag_faq_layout\";b:0;}"]},"uagb_featured_image_src":{"full":["https:\/\/www.ferberpainting.com\/wp-content\/uploads\/2025\/05\/GrapeVineFertilizeransac.png",2560,2560,false],"thumbnail":["https:\/\/www.ferberpainting.com\/wp-content\/uploads\/2025\/05\/GrapeVineFertilizeransac-150x150.png",150,150,true],"medium":["https:\/\/www.ferberpainting.com\/wp-content\/uploads\/2025\/05\/GrapeVineFertilizeransac-300x300.png",300,300,true],"medium_large":["https:\/\/www.ferberpainting.com\/wp-content\/uploads\/2025\/05\/GrapeVineFertilizeransac-768x768.png",768,768,true],"large":["https:\/\/www.ferberpainting.com\/wp-content\/uploads\/2025\/05\/GrapeVineFertilizeransac-1024x1024.png",1024,1024,true],"1536x1536":["https:\/\/www.ferberpainting.com\/wp-content\/uploads\/2025\/05\/GrapeVineFertilizeransac-1536x1536.png",1536,1536,true],"2048x2048":["https:\/\/www.ferberpainting.com\/wp-content\/uploads\/2025\/05\/GrapeVineFertilizeransac-2048x2048.png",2048,2048,true],"trp-custom-language-flag":["https:\/\/www.ferberpainting.com\/wp-content\/uploads\/2025\/05\/GrapeVineFertilizeransac-12x12.png",12,12,true],"woocommerce_thumbnail":["https:\/\/www.ferberpainting.com\/wp-content\/uploads\/2025\/05\/GrapeVineFertilizeransac-300x300.png",300,300,true],"woocommerce_single":["https:\/\/www.ferberpainting.com\/wp-content\/uploads\/2025\/05\/GrapeVineFertilizeransac-600x600.png",600,600,true],"woocommerce_gallery_thumbnail":["https:\/\/www.ferberpainting.com\/wp-content\/uploads\/2025\/05\/GrapeVineFertilizeransac-100x100.png",100,100,true]},"uagb_author_info":{"display_name":"admin","author_link":"https:\/\/www.ferberpainting.com\/pl\/author\/"},"uagb_comment_info":31,"uagb_excerpt":"A complete fertilizer for a healthy and productive vine.\u00a0Vine cultivation requires a precise nutritional contribution to ensure vigorous growth, abundant fruiting, and optimal disease resistance. This fertilizer is specially formulated to meet the specific needs of the vine, thanks to its perfectly balanced content of nitrogen, phosphorus, and potassium (NPK 10-10-10). It promotes deep root&hellip;","_links":{"self":[{"href":"https:\/\/www.ferberpainting.com\/pl\/wp-json\/wp\/v2\/product\/23504","targetHints":{"allow":["GET"]}}],"collection":[{"href":"https:\/\/www.ferberpainting.com\/pl\/wp-json\/wp\/v2\/product"}],"about":[{"href":"https:\/\/www.ferberpainting.com\/pl\/wp-json\/wp\/v2\/types\/product"}],"replies":[{"embeddable":true,"href":"https:\/\/www.ferberpainting.com\/pl\/wp-json\/wp\/v2\/comments?post=23504"}],"version-history":[{"count":5,"href":"https:\/\/www.ferberpainting.com\/pl\/wp-json\/wp\/v2\/product\/23504\/revisions"}],"predecessor-version":[{"id":166264,"href":"https:\/\/www.ferberpainting.com\/pl\/wp-json\/wp\/v2\/product\/23504\/revisions\/166264"}],"wp:featuredmedia":[{"embeddable":true,"href":"https:\/\/www.ferberpainting.com\/pl\/wp-json\/wp\/v2\/media\/26015"}],"wp:attachment":[{"href":"https:\/\/www.ferberpainting.com\/pl\/wp-json\/wp\/v2\/media?parent=23504"}],"wp:term":[{"taxonomy":"product_brand","embeddable":true,"href":"https:\/\/www.ferberpainting.com\/pl\/wp-json\/wp\/v2\/product_brand?post=23504"},{"taxonomy":"product_cat","embeddable":true,"href":"https:\/\/www.ferberpainting.com\/pl\/wp-json\/wp\/v2\/product_cat?post=23504"},{"taxonomy":"product_tag","embeddable":true,"href":"https:\/\/www.ferberpainting.com\/pl\/wp-json\/wp\/v2\/product_tag?post=23504"}],"curies":[{"name":"wp","href":"https:\/\/api.w.org\/{rel}","templated":true}]}}