{"id":23493,"date":"2025-05-26T10:24:24","date_gmt":"2025-05-26T08:24:24","guid":{"rendered":"https:\/\/www.ferberpainting.com\/products\/glyphosate\/"},"modified":"2026-02-24T18:08:45","modified_gmt":"2026-02-24T17:08:45","slug":"glyphosate","status":"publish","type":"product","link":"https:\/\/www.ferberpainting.com\/pl\/products\/glyphosate\/","title":{"rendered":"Glifosat"},"content":{"rendered":"<p><img decoding=\"async\" style=\"margin-right: 12px;\" src=\"https:\/\/www.ferberpainting.com\/wp-content\/uploads\/2026\/02\/Check.svg\" alt=\"\" width=\"18\" height=\"15\" \/><strong>Skuteczne systemiczne zwalczanie chwast\u00f3w dzi\u0119ki wysokiemu st\u0119\u017ceniu glifosatu.<\/strong> Nasz roztw\u00f3r glifosatu zawiera 360 g\/l wysokiej jako\u015bci sk\u0142adnika aktywnego, zapewniaj\u0105c silne i niezawodne dzia\u0142anie systemiczne przeciwko szerokiemu spektrum chwast\u00f3w. Po zastosowaniu jest wch\u0142aniany przez li\u015bcie i transportowany w ca\u0142ej ro\u015blinie, docieraj\u0105c do korzeni i struktur podziemnych, aby zapewni\u0107 pe\u0142n\u0105 i d\u0142ugotrwa\u0142\u0105 kontrol\u0119. Ten wysokowydajny preparat jest przeznaczony do skutecznego zarz\u0105dzania ro\u015blinno\u015bci\u0105 w \u015brodowiskach rolniczych, przemys\u0142owych i mieszkalnych.<\/p>\n<p><strong><img decoding=\"async\" style=\"margin-right: 12px;\" src=\"https:\/\/www.ferberpainting.com\/wp-content\/uploads\/2026\/02\/Check.svg\" alt=\"\" width=\"18\" height=\"15\" \/>Najskuteczniejszy nieselektywny herbicyd na rynku.<\/strong> Zaprojektowany z my\u015bl\u0105 o szybkim wch\u0142anianiu i g\u0142\u0119bokim dzia\u0142aniu og\u00f3lnoustrojowym, ten preparat glifosatowy eliminuje chwasty jednoroczne i wieloletnie skuteczniej ni\u017c zabiegi kontaktowe. Dzia\u0142a na ca\u0142y system ro\u015blinny, zapobiegaj\u0105c odrastaniu i znacznie zmniejszaj\u0105c potrzeb\u0119 wielokrotnego stosowania.<\/p>\n<p><strong><img decoding=\"async\" style=\"margin-right: 12px;\" src=\"https:\/\/www.ferberpainting.com\/wp-content\/uploads\/2026\/02\/Check.svg\" alt=\"\" width=\"18\" height=\"15\" \/>Gwarancja zwrotu pieni\u0119dzy dla ca\u0142kowitego spokoju ducha.<\/strong> Jeste\u015bmy w pe\u0142ni przekonani o niezawodno\u015bci i wydajno\u015bci naszego roztworu glifosatu. Je\u015bli nie b\u0119dziesz w pe\u0142ni zadowolony z rezultat\u00f3w, zwr\u00f3cimy Ci pieni\u0105dze za zakup. Nasza gwarancja zwrotu pieni\u0119dzy zapewnia, \u017ce inwestycja jest ca\u0142kowicie wolna od ryzyka i odzwierciedla nasze zaanga\u017cowanie w dostarczanie profesjonalnej kontroli chwast\u00f3w.<\/p>\n<p><strong><img decoding=\"async\" style=\"margin-right: 12px;\" src=\"https:\/\/www.ferberpainting.com\/wp-content\/uploads\/2026\/02\/Check.svg\" alt=\"\" width=\"18\" height=\"15\" \/>Najta\u0144szy dost\u0119pny wysokowydajny roztw\u00f3r glifosatu.<\/strong> Profesjonalne zwalczanie chwast\u00f3w nie musi by\u0107 drogie. Nasza skoncentrowana formu\u0142a zapewnia najwy\u017cszej jako\u015bci systemiczn\u0105 kontrol\u0119 w najbardziej konkurencyjnej cenie na rynku, oferuj\u0105c wyj\u0105tkow\u0105 warto\u015b\u0107 dla rolnik\u00f3w, architekt\u00f3w krajobrazu, wykonawc\u00f3w i w\u0142a\u015bcicieli nieruchomo\u015bci.<\/p>\n<p><strong><img decoding=\"async\" style=\"margin-right: 12px;\" src=\"https:\/\/www.ferberpainting.com\/wp-content\/uploads\/2026\/02\/Check.svg\" alt=\"\" width=\"18\" height=\"15\" \/>Szybka dostawa w ci\u0105gu 24 godzin w przypadku pilnej kontroli ro\u015blinno\u015bci.<\/strong> Wzrost chwast\u00f3w mo\u017ce szybko sta\u0107 si\u0119 nie do opanowania. Dlatego te\u017c zapewniamy niezawodn\u0105 dostaw\u0119 w ci\u0105gu 24 godzin, gwarantuj\u0105c szybkie otrzymanie roztworu glifosatu, aby\u015b m\u00f3g\u0142 dzia\u0142a\u0107 bez zw\u0142oki.<\/p>\n<p><strong><img decoding=\"async\" style=\"margin-right: 12px;\" src=\"https:\/\/www.ferberpainting.com\/wp-content\/uploads\/2026\/02\/Check.svg\" alt=\"\" width=\"18\" height=\"15\" \/>Zalecane rozcie\u0144czenie 50 ml na litr wody dla optymalnej wydajno\u015bci.<\/strong> W celu skutecznego zastosowania nale\u017cy rozcie\u0144czy\u0107 produkt w ilo\u015bci 50 ml glifosatu na 1 litr czystej wody. To zr\u00f3wnowa\u017cone st\u0119\u017cenie zapewnia prawid\u0142owe wch\u0142anianie og\u00f3lnoustrojowe przy jednoczesnym zachowaniu skutecznego pokrycia i kontroli koszt\u00f3w.<\/p>\n<p><strong><img decoding=\"async\" style=\"margin-right: 12px;\" src=\"https:\/\/www.ferberpainting.com\/wp-content\/uploads\/2026\/02\/Check.svg\" alt=\"\" width=\"18\" height=\"15\" \/>Mo\u017cliwo\u015b\u0107 zwalczania chwast\u00f3w o szerokim spektrum dzia\u0142ania.<\/strong> Ten preparat zawieraj\u0105cy glifosat jest skuteczny w zwalczaniu szerokiej gamy chwast\u00f3w, w tym traw, chwast\u00f3w szerokolistnych i inwazyjnych gatunk\u00f3w ro\u015blin. Nadaje si\u0119 do stosowania w ogrodach, na podjazdach, terenach przemys\u0142owych, polach uprawnych, liniach ogrodze\u0144 i obszarach nieuprawnych.<\/p>\n<p><strong><img decoding=\"async\" style=\"margin-right: 12px;\" src=\"https:\/\/www.ferberpainting.com\/wp-content\/uploads\/2026\/02\/Check.svg\" alt=\"\" width=\"18\" height=\"15\" \/>Dzia\u0142anie og\u00f3lnoustrojowe dla ca\u0142kowitej eliminacji korzeni.<\/strong> W przeciwie\u0144stwie do herbicyd\u00f3w kontaktowych, kt\u00f3re uszkadzaj\u0105 tylko widoczne li\u015bcie, glifosat przemieszcza si\u0119 w ca\u0142ym uk\u0142adzie naczyniowym ro\u015bliny. Zak\u0142\u00f3ca podstawowe procesy wzrostu, zapewniaj\u0105c, \u017ce zwalczane chwasty umieraj\u0105 od korzeni w g\u00f3r\u0119, znacznie ograniczaj\u0105c odrastanie.<\/p>\n<p><strong><img decoding=\"async\" style=\"margin-right: 12px;\" src=\"https:\/\/www.ferberpainting.com\/wp-content\/uploads\/2026\/02\/Check.svg\" alt=\"\" width=\"18\" height=\"15\" \/>Idealny do zastosowa\u0144 na du\u017c\u0105 skal\u0119 i ukierunkowanych.<\/strong> Skoncentrowana formu\u0142a pozwala na elastyczne mieszanie obj\u0119to\u015bci, dzi\u0119ki czemu nadaje si\u0119 zar\u00f3wno do ma\u0142ych zabieg\u00f3w punktowych, jak i do zarz\u0105dzania ro\u015blinno\u015bci\u0105 na du\u017cych obszarach. Wyra\u017any wsp\u00f3\u0142czynnik rozcie\u0144czenia upraszcza przygotowanie i zapewnia sp\u00f3jne wyniki.<\/p>\n<p><strong><img decoding=\"async\" style=\"margin-right: 12px;\" src=\"https:\/\/www.ferberpainting.com\/wp-content\/uploads\/2026\/02\/Check.svg\" alt=\"\" width=\"18\" height=\"15\" \/>Niezawodna wydajno\u015b\u0107 w r\u00f3\u017cnych \u015brodowiskach.<\/strong> Produkt ten zosta\u0142 zaprojektowany z my\u015bl\u0105 o skutecznym dzia\u0142aniu w r\u00f3\u017cnych klimatach i warunkach wegetacji, gdy jest stosowany zgodnie z instrukcjami. Jego sp\u00f3jna formu\u0142a zapewnia przewidywalne i niezawodne wyniki zwalczania chwast\u00f3w.<\/p>\n<h2><strong>Instrukcje<\/strong><\/h2>\n<ul>\n<li>Ostro\u017cnie odmierzy\u0107 50 ml koncentratu glifosatu na ka\u017cdy 1 litr czystej wody.<\/li>\n<li>Dok\u0142adnie wymiesza\u0107 w odpowiednim zbiorniku opryskiwacza lub pojemniku aplikacyjnym do uzyskania jednorodnego roztworu.<\/li>\n<li>Stosowa\u0107 przy u\u017cyciu skalibrowanego opryskiwacza, aby zapewni\u0107 r\u00f3wnomierne rozprowadzenie na zwalczanych chwastach.<\/li>\n<li>Rozpyla\u0107 bezpo\u015brednio na aktywnie rosn\u0105ce chwasty, zapewniaj\u0105c pe\u0142ne pokrycie powierzchni li\u015bci bez nadmiernego sp\u0142ywania.<\/li>\n<li>Stosowa\u0107 w suchych warunkach pogodowych, gdy deszcz nie jest spodziewany przez kilka godzin po zabiegu, aby umo\u017cliwi\u0107 prawid\u0142owe wch\u0142anianie.<\/li>\n<li>Unika\u0107 opryskiwania podczas silnego wiatru, aby zapobiec znoszeniu na po\u017c\u0105dane ro\u015bliny.<\/li>\n<li>Nie stosowa\u0107 na trawnikach lub ro\u015blinach uprawnych, chyba \u017ce planowane jest ca\u0142kowite usuni\u0119cie ro\u015blinno\u015bci, poniewa\u017c jest to herbicyd nieselektywny.<\/li>\n<li>Pozostawi\u0107 wystarczaj\u0105co du\u017co czasu na wch\u0142oni\u0119cie og\u00f3lnoustrojowe przed usuni\u0119ciem zwalczanych chwast\u00f3w. Widoczne objawy mog\u0105 pojawi\u0107 si\u0119 w ci\u0105gu kilku dni w zale\u017cno\u015bci od warunk\u00f3w \u015brodowiskowych.<\/li>\n<li>W przypadku chwast\u00f3w wieloletnich lub silnie zakorzenionych mo\u017ce by\u0107 konieczne powt\u00f3rzenie aplikacji po pocz\u0105tkowym zamieraniu, je\u015bli wyst\u0105pi odrost.<\/li>\n<li>Po u\u017cyciu dok\u0142adnie wyczy\u015b\u0107 sprz\u0119t do aplikacji, aby zapobiec niezamierzonemu uszkodzeniu innych ro\u015blin.<\/li>\n<li>Przechowywa\u0107 koncentrat w ch\u0142odnym, suchym miejscu, z dala od bezpo\u015bredniego \u015bwiat\u0142a s\u0142onecznego i przechowywa\u0107 pojemnik szczelnie zamkni\u0119ty.<\/li>\n<li>Nale\u017cy przestrzega\u0107 wszystkich lokalnych przepis\u00f3w i wytycznych bezpiecze\u0144stwa dotycz\u0105cych stosowania i obs\u0142ugi herbicyd\u00f3w.<\/li>\n<\/ul>","protected":false},"excerpt":{"rendered":"<p>Powerful systemic weed control with a high glyphosate concentration. Our glyphosate solution contains 360 g\/L of high-quality active ingredient, delivering strong and reliable systemic action against a broad spectrum of weeds. Once applied, it is absorbed through the leaves and transported throughout the plant, reaching roots and underground structures to ensure complete and long-lasting control. [&hellip;]<\/p>\n","protected":false},"featured_media":169822,"comment_status":"open","ping_status":"closed","template":"","meta":{"_uag_custom_page_level_css":"","site-sidebar-layout":"default","site-content-layout":"","ast-site-content-layout":"default","site-content-style":"default","site-sidebar-style":"default","ast-global-header-display":"","ast-banner-title-visibility":"","ast-main-header-display":"","ast-hfb-above-header-display":"","ast-hfb-below-header-display":"","ast-hfb-mobile-header-display":"","site-post-title":"","ast-breadcrumbs-content":"","ast-featured-img":"","footer-sml-layout":"","ast-disable-related-posts":"","theme-transparent-header-meta":"default","adv-header-id-meta":"","stick-header-meta":"","header-above-stick-meta":"","header-main-stick-meta":"","header-below-stick-meta":"","astra-migrate-meta-layouts":"set","ast-page-background-enabled":"default","ast-page-background-meta":{"desktop":{"background-color":"var(--ast-global-color-4)","background-image":"","background-repeat":"repeat","background-position":"center center","background-size":"auto","background-attachment":"scroll","background-type":"","background-media":"","overlay-type":"","overlay-color":"","overlay-opacity":"","overlay-gradient":""},"tablet":{"background-color":"","background-image":"","background-repeat":"repeat","background-position":"center center","background-size":"auto","background-attachment":"scroll","background-type":"","background-media":"","overlay-type":"","overlay-color":"","overlay-opacity":"","overlay-gradient":""},"mobile":{"background-color":"","background-image":"","background-repeat":"repeat","background-position":"center center","background-size":"auto","background-attachment":"scroll","background-type":"","background-media":"","overlay-type":"","overlay-color":"","overlay-opacity":"","overlay-gradient":""}},"ast-content-background-meta":{"desktop":{"background-color":"var(--ast-global-color-5)","background-image":"","background-repeat":"repeat","background-position":"center center","background-size":"auto","background-attachment":"scroll","background-type":"","background-media":"","overlay-type":"","overlay-color":"","overlay-opacity":"","overlay-gradient":""},"tablet":{"background-color":"var(--ast-global-color-5)","background-image":"","background-repeat":"repeat","background-position":"center center","background-size":"auto","background-attachment":"scroll","background-type":"","background-media":"","overlay-type":"","overlay-color":"","overlay-opacity":"","overlay-gradient":""},"mobile":{"background-color":"var(--ast-global-color-5)","background-image":"","background-repeat":"repeat","background-position":"center center","background-size":"auto","background-attachment":"scroll","background-type":"","background-media":"","overlay-type":"","overlay-color":"","overlay-opacity":"","overlay-gradient":""}}},"product_brand":[],"product_cat":[175],"product_tag":[],"class_list":{"0":"post-23493","1":"product","2":"type-product","3":"status-publish","4":"has-post-thumbnail","6":"product_cat-cleaning-products","7":"desktop-align-left","8":"tablet-align-left","9":"mobile-align-left","11":"first","12":"instock","13":"sale","14":"shipping-taxable","15":"purchasable","16":"product-type-variable","17":"has-default-attributes"},"spectra_custom_meta":{"_visibility":["visible"],"_shopify_product_id":["8138312581365"],"_s2w_shopify_domain":["ferberpainting.myshopify.com"],"_shopify_variant_id":["44056539529461"],"_sku":["FPGLYPHOSATE"],"_manage_stock":["no"],"total_sales":["22028"],"_tax_status":["taxable"],"_tax_class":[""],"_backorders":["no"],"_sold_individually":["no"],"_virtual":["no"],"_downloadable":["no"],"_download_limit":["-1"],"_download_expiry":["-1"],"_stock":[null],"_stock_status":["instock"],"_wc_average_rating":["4.96"],"_wc_review_count":["156"],"_product_attributes":["a:1:{s:6:\"volume\";a:6:{s:4:\"name\";s:6:\"Volume\";s:5:\"value\";s:20:\"5 liters | 25 liters\";s:8:\"position\";i:1;s:10:\"is_visible\";i:0;s:12:\"is_variation\";i:1;s:11:\"is_taxonomy\";i:0;}}"],"_product_version":["10.5.2"],"_thumbnail_id":["169822"],"_product_image_gallery":["169821"],"merchant-center-availability":["yes"],"merchant-center-category":["3103"],"wpse_downloadable_file_names":[""],"wpse_downloadable_file_urls":[""],"_edit_last":["1"],"_default_attributes":["a:1:{s:6:\"volume\";s:8:\"5 liters\";}"],"_wc_rating_count":["a:3:{i:3;i:1;i:4;i:4;i:5;i:151;}"],"_edit_lock":["1776673842:3825"],"_wp_page_template":["default"],"site-sidebar-layout":["default"],"ast-site-content-layout":["default"],"site-content-style":["default"],"site-sidebar-style":["default"],"theme-transparent-header-meta":["default"],"_upsell_ids":["a:3:{i:0;i:23505;i:1;i:25276;i:2;i:25600;}"],"_crosssell_ids":["a:3:{i:0;i:23505;i:1;i:25276;i:2;i:25600;}"],"merchant-center-id":["FPGLYPHOSATESUBSTITUTE5L"],"_price":["29.90","129.90"],"astra-migrate-meta-layouts":["set"],"_uag_css_file_name":["uag-css-23493.css"],"_elementor_page_assets":["a:0:{}"],"_uag_page_assets":["a:9:{s:3:\"css\";s:7133:\".uag-blocks-common-selector{z-index:var(--z-index-desktop) !important}@media(max-width: 976px){.uag-blocks-common-selector{z-index:var(--z-index-tablet) !important}}@media(max-width: 767px){.uag-blocks-common-selector{z-index:var(--z-index-mobile) !important}}.wp-block-uagb-image{display:flex}.wp-block-uagb-image__figure{position:relative;display:flex;flex-direction:column;max-width:100%;height:auto;margin:0}.wp-block-uagb-image__figure img{height:auto;display:flex;max-width:100%;transition:box-shadow .2s ease}.wp-block-uagb-image__figure>a{display:inline-block}.wp-block-uagb-image__figure figcaption{text-align:center;margin-top:.5em;margin-bottom:1em}.wp-block-uagb-image .components-placeholder.block-editor-media-placeholder .components-placeholder__instructions{align-self:center}.wp-block-uagb-image--align-left{text-align:left}.wp-block-uagb-image--align-right{text-align:right}.wp-block-uagb-image--align-center{text-align:center}.wp-block-uagb-image--align-full .wp-block-uagb-image__figure{margin-left:calc(50% - 50vw);margin-right:calc(50% - 50vw);max-width:100vw;width:100vw;height:auto}.wp-block-uagb-image--align-full .wp-block-uagb-image__figure img{height:auto;width:100% !important}.wp-block-uagb-image--align-wide .wp-block-uagb-image__figure img{height:auto;width:100%}.wp-block-uagb-image--layout-overlay__color-wrapper{position:absolute;left:0;top:0;right:0;bottom:0;opacity:.2;background:rgba(0,0,0,.5);transition:opacity .35s ease-in-out}.wp-block-uagb-image--layout-overlay-link{position:absolute;left:0;right:0;bottom:0;top:0}.wp-block-uagb-image--layout-overlay .wp-block-uagb-image__figure:hover .wp-block-uagb-image--layout-overlay__color-wrapper{opacity:1}.wp-block-uagb-image--layout-overlay__inner{position:absolute;left:15px;right:15px;bottom:15px;top:15px;display:flex;align-items:center;justify-content:center;flex-direction:column;border-color:#fff;transition:.35s ease-in-out}.wp-block-uagb-image--layout-overlay__inner.top-left,.wp-block-uagb-image--layout-overlay__inner.top-center,.wp-block-uagb-image--layout-overlay__inner.top-right{justify-content:flex-start}.wp-block-uagb-image--layout-overlay__inner.bottom-left,.wp-block-uagb-image--layout-overlay__inner.bottom-center,.wp-block-uagb-image--layout-overlay__inner.bottom-right{justify-content:flex-end}.wp-block-uagb-image--layout-overlay__inner.top-left,.wp-block-uagb-image--layout-overlay__inner.center-left,.wp-block-uagb-image--layout-overlay__inner.bottom-left{align-items:flex-start}.wp-block-uagb-image--layout-overlay__inner.top-right,.wp-block-uagb-image--layout-overlay__inner.center-right,.wp-block-uagb-image--layout-overlay__inner.bottom-right{align-items:flex-end}.wp-block-uagb-image--layout-overlay__inner .uagb-image-heading{color:#fff;transition:transform .35s,opacity .35s ease-in-out;transform:translate3d(0, 24px, 0);margin:0;line-height:1em}.wp-block-uagb-image--layout-overlay__inner .uagb-image-separator{width:30%;border-top-width:2px;border-top-color:#fff;border-top-style:solid;margin-bottom:10px;opacity:0;transition:transform .4s,opacity .4s ease-in-out;transform:translate3d(0, 30px, 0)}.wp-block-uagb-image--layout-overlay__inner .uagb-image-caption{opacity:0;overflow:visible;color:#fff;transition:transform .45s,opacity .45s ease-in-out;transform:translate3d(0, 35px, 0)}.wp-block-uagb-image--layout-overlay__inner:hover .uagb-image-heading,.wp-block-uagb-image--layout-overlay__inner:hover .uagb-image-separator,.wp-block-uagb-image--layout-overlay__inner:hover .uagb-image-caption{opacity:1;transform:translate3d(0, 0, 0)}.wp-block-uagb-image--effect-zoomin .wp-block-uagb-image__figure img,.wp-block-uagb-image--effect-zoomin .wp-block-uagb-image__figure .wp-block-uagb-image--layout-overlay__color-wrapper{transform:scale(1);transition:transform .35s ease-in-out}.wp-block-uagb-image--effect-zoomin .wp-block-uagb-image__figure:hover img,.wp-block-uagb-image--effect-zoomin .wp-block-uagb-image__figure:hover .wp-block-uagb-image--layout-overlay__color-wrapper{transform:scale(1.05)}.wp-block-uagb-image--effect-slide .wp-block-uagb-image__figure img,.wp-block-uagb-image--effect-slide .wp-block-uagb-image__figure .wp-block-uagb-image--layout-overlay__color-wrapper{width:calc(100% + 40px) !important;max-width:none !important;transform:translate3d(-40px, 0, 0);transition:transform .35s ease-in-out}.wp-block-uagb-image--effect-slide .wp-block-uagb-image__figure:hover img,.wp-block-uagb-image--effect-slide .wp-block-uagb-image__figure:hover .wp-block-uagb-image--layout-overlay__color-wrapper{transform:translate3d(0, 0, 0)}.wp-block-uagb-image--effect-grayscale img{filter:grayscale(0%);transition:.35s ease-in-out}.wp-block-uagb-image--effect-grayscale:hover img{filter:grayscale(100%)}.wp-block-uagb-image--effect-blur img{filter:blur(0);transition:.35s ease-in-out}.wp-block-uagb-image--effect-blur:hover img{filter:blur(3px)}.uagb-block-e6f939b3.wp-block-uagb-image--layout-default figure img{box-shadow: 0px 0px 0 #00000070;}.uagb-block-e6f939b3.wp-block-uagb-image .wp-block-uagb-image__figure figcaption{font-style: normal;align-self: center;}.uagb-block-e6f939b3.wp-block-uagb-image--layout-overlay figure img{box-shadow: 0px 0px 0 #00000070;}.uagb-block-e6f939b3.wp-block-uagb-image--layout-overlay .wp-block-uagb-image--layout-overlay__color-wrapper{opacity: 0.2;}.uagb-block-e6f939b3.wp-block-uagb-image--layout-overlay .wp-block-uagb-image--layout-overlay__inner{left: 15px;right: 15px;top: 15px;bottom: 15px;}.uagb-block-e6f939b3.wp-block-uagb-image--layout-overlay .wp-block-uagb-image--layout-overlay__inner .uagb-image-heading{font-style: normal;color: #fff;opacity: 1;}.uagb-block-e6f939b3.wp-block-uagb-image--layout-overlay .wp-block-uagb-image--layout-overlay__inner .uagb-image-heading a{color: #fff;}.uagb-block-e6f939b3.wp-block-uagb-image--layout-overlay .wp-block-uagb-image--layout-overlay__inner .uagb-image-caption{opacity: 0;}.uagb-block-e6f939b3.wp-block-uagb-image--layout-overlay .wp-block-uagb-image__figure:hover .wp-block-uagb-image--layout-overlay__color-wrapper{opacity: 1;}.uagb-block-e6f939b3.wp-block-uagb-image .wp-block-uagb-image--layout-overlay__inner .uagb-image-separator{width: 30%;border-top-width: 2px;border-top-color: #fff;opacity: 0;}.uagb-block-e6f939b3.wp-block-uagb-image .wp-block-uagb-image__figure img{width: px;height: auto;}.uagb-block-e6f939b3.wp-block-uagb-image .wp-block-uagb-image__figure:hover .wp-block-uagb-image--layout-overlay__inner .uagb-image-caption{opacity: 1;}.uagb-block-e6f939b3.wp-block-uagb-image .wp-block-uagb-image__figure:hover .wp-block-uagb-image--layout-overlay__inner .uagb-image-separator{opacity: 1;}.uagb-block-e6f939b3.wp-block-uagb-image--layout-default figure:hover img{box-shadow: 0px 0px 0 #00000070;}.uagb-block-e6f939b3.wp-block-uagb-image--layout-overlay figure:hover img{box-shadow: 0px 0px 0 #00000070;}@media only screen and (max-width: 976px) {.uagb-block-e6f939b3.wp-block-uagb-image .wp-block-uagb-image__figure img{width: px;height: auto;}}@media only screen and (max-width: 767px) {.uagb-block-e6f939b3.wp-block-uagb-image .wp-block-uagb-image__figure img{width: px;height: auto;}}\";s:2:\"js\";s:0:\"\";s:18:\"current_block_list\";a:13:{i:0;s:11:\"core\/search\";i:1;s:10:\"core\/group\";i:2;s:12:\"core\/heading\";i:3;s:17:\"core\/latest-posts\";i:4;s:20:\"core\/latest-comments\";i:5;s:13:\"core\/archives\";i:6;s:15:\"core\/categories\";i:7;s:14:\"core\/paragraph\";i:8;s:10:\"uagb\/image\";i:9;s:11:\"core\/spacer\";i:10;s:30:\"woocommerce\/product-categories\";i:11;s:10:\"core\/image\";i:12;s:14:\"core\/shortcode\";}s:8:\"uag_flag\";b:1;s:11:\"uag_version\";s:10:\"1777139024\";s:6:\"gfonts\";a:0:{}s:10:\"gfonts_url\";s:0:\"\";s:12:\"gfonts_files\";a:0:{}s:14:\"uag_faq_layout\";b:0;}"]},"uagb_featured_image_src":{"full":["https:\/\/www.ferberpainting.com\/wp-content\/uploads\/2025\/05\/Glyphosate-5L-Mockup-.png",2560,2560,false],"thumbnail":["https:\/\/www.ferberpainting.com\/wp-content\/uploads\/2025\/05\/Glyphosate-5L-Mockup--150x150.png",150,150,true],"medium":["https:\/\/www.ferberpainting.com\/wp-content\/uploads\/2025\/05\/Glyphosate-5L-Mockup--300x300.png",300,300,true],"medium_large":["https:\/\/www.ferberpainting.com\/wp-content\/uploads\/2025\/05\/Glyphosate-5L-Mockup--768x768.png",768,768,true],"large":["https:\/\/www.ferberpainting.com\/wp-content\/uploads\/2025\/05\/Glyphosate-5L-Mockup--1024x1024.png",1024,1024,true],"1536x1536":["https:\/\/www.ferberpainting.com\/wp-content\/uploads\/2025\/05\/Glyphosate-5L-Mockup--1536x1536.png",1536,1536,true],"2048x2048":["https:\/\/www.ferberpainting.com\/wp-content\/uploads\/2025\/05\/Glyphosate-5L-Mockup--2048x2048.png",2048,2048,true],"trp-custom-language-flag":["https:\/\/www.ferberpainting.com\/wp-content\/uploads\/2025\/05\/Glyphosate-5L-Mockup--12x12.png",12,12,true],"woocommerce_thumbnail":["https:\/\/www.ferberpainting.com\/wp-content\/uploads\/2025\/05\/Glyphosate-5L-Mockup--300x300.png",300,300,true],"woocommerce_single":["https:\/\/www.ferberpainting.com\/wp-content\/uploads\/2025\/05\/Glyphosate-5L-Mockup--600x600.png",600,600,true],"woocommerce_gallery_thumbnail":["https:\/\/www.ferberpainting.com\/wp-content\/uploads\/2025\/05\/Glyphosate-5L-Mockup--100x100.png",100,100,true]},"uagb_author_info":{"display_name":"admin","author_link":"https:\/\/www.ferberpainting.com\/pl\/author\/"},"uagb_comment_info":156,"uagb_excerpt":"Powerful systemic weed control with a high glyphosate concentration. Our glyphosate solution contains 360 g\/L of high-quality active ingredient, delivering strong and reliable systemic action against a broad spectrum of weeds. Once applied, it is absorbed through the leaves and transported throughout the plant, reaching roots and underground structures to ensure complete and long-lasting control.&hellip;","_links":{"self":[{"href":"https:\/\/www.ferberpainting.com\/pl\/wp-json\/wp\/v2\/product\/23493","targetHints":{"allow":["GET"]}}],"collection":[{"href":"https:\/\/www.ferberpainting.com\/pl\/wp-json\/wp\/v2\/product"}],"about":[{"href":"https:\/\/www.ferberpainting.com\/pl\/wp-json\/wp\/v2\/types\/product"}],"replies":[{"embeddable":true,"href":"https:\/\/www.ferberpainting.com\/pl\/wp-json\/wp\/v2\/comments?post=23493"}],"version-history":[{"count":10,"href":"https:\/\/www.ferberpainting.com\/pl\/wp-json\/wp\/v2\/product\/23493\/revisions"}],"predecessor-version":[{"id":230420,"href":"https:\/\/www.ferberpainting.com\/pl\/wp-json\/wp\/v2\/product\/23493\/revisions\/230420"}],"wp:featuredmedia":[{"embeddable":true,"href":"https:\/\/www.ferberpainting.com\/pl\/wp-json\/wp\/v2\/media\/169822"}],"wp:attachment":[{"href":"https:\/\/www.ferberpainting.com\/pl\/wp-json\/wp\/v2\/media?parent=23493"}],"wp:term":[{"taxonomy":"product_brand","embeddable":true,"href":"https:\/\/www.ferberpainting.com\/pl\/wp-json\/wp\/v2\/product_brand?post=23493"},{"taxonomy":"product_cat","embeddable":true,"href":"https:\/\/www.ferberpainting.com\/pl\/wp-json\/wp\/v2\/product_cat?post=23493"},{"taxonomy":"product_tag","embeddable":true,"href":"https:\/\/www.ferberpainting.com\/pl\/wp-json\/wp\/v2\/product_tag?post=23493"}],"curies":[{"name":"wp","href":"https:\/\/api.w.org\/{rel}","templated":true}]}}