{"id":23480,"date":"2025-05-26T10:24:21","date_gmt":"2025-05-26T08:24:21","guid":{"rendered":"https:\/\/www.ferberpainting.com\/products\/garden-and-vegetable-fertilizer\/"},"modified":"2026-02-15T14:18:46","modified_gmt":"2026-02-15T13:18:46","slug":"garden-and-vegetable-fertilizer","status":"publish","type":"product","link":"https:\/\/www.ferberpainting.com\/pl\/products\/garden-and-vegetable-fertilizer\/","title":{"rendered":"Naw\u00f3z ogrodniczy i warzywny 25 kg"},"content":{"rendered":"<p><img decoding=\"async\" style=\"margin-right: 12px;\" src=\"https:\/\/www.ferberpainting.com\/wp-content\/uploads\/2026\/02\/Check.svg\" alt=\"\" width=\"18\" height=\"15\" \/><strong>Kompletny naw\u00f3z dla produktywnego ogrodu warzywnego i kwitn\u0105cego ogrodu.<\/strong>\u00a0Ten specjalnie zaprojektowany naw\u00f3z do warzyw, owoc\u00f3w i ro\u015blin ogrodowych zapewnia zr\u00f3wnowa\u017con\u0105 poda\u017c azotu (N), fosforu (P) i potasu (K) w formule NPK 10-10-10. Promuje energiczny wzrost, obfite zbiory i lepsz\u0105 odporno\u015b\u0107 na choroby i zagro\u017cenia klimatyczne.<\/p>\n<p><img decoding=\"async\" style=\"margin-right: 12px;\" src=\"https:\/\/www.ferberpainting.com\/wp-content\/uploads\/2026\/02\/Check.svg\" alt=\"\" width=\"18\" height=\"15\" \/><strong>Gwarancja zwrotu pieni\u0119dzy.<\/strong>\u00a0Jeste\u015bmy przekonani o skuteczno\u015bci naszego nawozu i gwarantujemy pe\u0142ny zwrot pieni\u0119dzy, je\u015bli nie b\u0119dziesz zadowolony z wynik\u00f3w po prawid\u0142owym u\u017cyciu zgodnie z zaleceniami. Twoje zadowolenie i sukces Twojego ogrodu warzywnego s\u0105 naszym najwy\u017cszym priorytetem.<\/p>\n<p><img decoding=\"async\" style=\"margin-right: 12px;\" src=\"https:\/\/www.ferberpainting.com\/wp-content\/uploads\/2026\/02\/Check.svg\" alt=\"\" width=\"18\" height=\"15\" \/><strong>Nadaje si\u0119 do wszystkich rodzaj\u00f3w upraw.<\/strong>\u00a0Naw\u00f3z ten jest dostosowany do wszystkich upraw warzywnych, w tym pomidor\u00f3w, cukinii, sa\u0142aty, marchwi, kapusty, ziemniak\u00f3w, fasoli, rzodkiewki i aromatycznych zi\u00f3\u0142, takich jak bazylia i pietruszka. Doskonale nadaje si\u0119 r\u00f3wnie\u017c do ro\u015blin ozdobnych, krzew\u00f3w i kwiat\u00f3w ogrodowych, zapewniaj\u0105c niezb\u0119dne sk\u0142adniki od\u017cywcze dla optymalnego rozwoju.<\/p>\n<p><img decoding=\"async\" style=\"margin-right: 12px;\" src=\"https:\/\/www.ferberpainting.com\/wp-content\/uploads\/2026\/02\/Check.svg\" alt=\"\" width=\"18\" height=\"15\" \/><strong>Doskona\u0142a wydajno\u015b\u0107 ekonomiczna.<\/strong>\u00a0Jeden 25-kilogramowy worek nawozu mo\u017ce pokry\u0107 znaczn\u0105 powierzchni\u0119 ogrodu. Dzi\u0119ki optymalnemu dozowaniu pomaga osi\u0105gn\u0105\u0107 obfite plony przy jednoczesnym ograniczeniu nak\u0142ad\u00f3w. Stosuje si\u0119 go bez rozcie\u0144czania, co zapewnia szybk\u0105 i \u0142atw\u0105 aplikacj\u0119, gwarantuj\u0105c jednocze\u015bnie zr\u00f3wnowa\u017cone i wydajne nawo\u017cenie.<\/p>\n<p><img decoding=\"async\" style=\"margin-right: 12px;\" src=\"https:\/\/www.ferberpainting.com\/wp-content\/uploads\/2026\/02\/Check.svg\" alt=\"\" width=\"18\" height=\"15\" \/><strong>Produkt bezpieczny dla gleby i ro\u015blin.<\/strong>\u00a0Zaprojektowany z my\u015bl\u0105 o ochronie \u015brodowiska, naw\u00f3z ten nie zawiera szkodliwych produkt\u00f3w chemicznych. Promuje \u017cycie mikrobiologiczne gleby, poprawiaj\u0105c w ten spos\u00f3b jej struktur\u0119 i \u017cyzno\u015b\u0107 w d\u0142u\u017cszej perspektywie. Jest bezpieczny dla ro\u015blin jadalnych, zapewniaj\u0105c zdrowe i smaczne owoce i warzywa.<\/p>\n<p><img decoding=\"async\" style=\"margin-right: 12px;\" src=\"https:\/\/www.ferberpainting.com\/wp-content\/uploads\/2026\/02\/Check.svg\" alt=\"\" width=\"18\" height=\"15\" \/><strong>Prosta i szybka aplikacja.<\/strong>\u00a0W przeciwie\u0144stwie do nawoz\u00f3w p\u0142ynnych, kt\u00f3re wymagaj\u0105 precyzyjnego dozowania i rozcie\u0144czania, naw\u00f3z ten rozprowadza si\u0119 bezpo\u015brednio na glebie, co skraca czas przygotowania i upraszcza jego stosowanie. Mo\u017ce by\u0107 stosowany r\u0119cznie lub za pomoc\u0105 rozsiewacza, w zale\u017cno\u015bci od wielko\u015bci ogrodu lub dzia\u0142ki warzywnej.<\/p>\n<p><img decoding=\"async\" style=\"margin-right: 12px;\" src=\"https:\/\/www.ferberpainting.com\/wp-content\/uploads\/2026\/02\/Check.svg\" alt=\"\" width=\"18\" height=\"15\" \/><strong>Zr\u00f3wnowa\u017cone dzia\u0142anie dla obfitych zbior\u00f3w.<\/strong>\u00a0Dzi\u0119ki powolnemu uwalnianiu naw\u00f3z ten zapewnia ci\u0105g\u0142e od\u017cywianie ro\u015blin, zmniejszaj\u0105c tym samym ryzyko niedobor\u00f3w sk\u0142adnik\u00f3w od\u017cywczych. Stymuluje wzrost korzeni, zwi\u0119ksza odporno\u015b\u0107 na choroby oraz poprawia jako\u015b\u0107 i smak plon\u00f3w.<\/p>\n<p><img decoding=\"async\" style=\"margin-right: 12px;\" src=\"https:\/\/www.ferberpainting.com\/wp-content\/uploads\/2026\/02\/Check.svg\" alt=\"\" width=\"18\" height=\"15\" \/><strong>Widoczne rezultaty w ci\u0105gu pierwszych tygodni.<\/strong>\u00a0Po kilku tygodniach stosowania zauwa\u017cysz szybszy wzrost, g\u0119stsze li\u015bcie i smaczniejsze, bardziej kolorowe owoce i warzywa. Zr\u00f3wnowa\u017cone zaopatrzenie w sk\u0142adniki od\u017cywcze sprzyja obfitym i wysokiej jako\u015bci zbiorom.<\/p>\n<h2><strong>Protok\u00f3\u0142 u\u017cytkowania<\/strong><\/h2>\n<p><strong>Zalecane dawkowanie <\/strong>:<\/p>\n<ul>\n<li><strong>Ogrody warzywne (pomidory, cukinia, sa\u0142ata, marchew itp.) <\/strong>: Stosowa\u0107 100 g na m\u00b2 na pocz\u0105tku sezonu i powtarza\u0107 co 4 tygodnie, aby zapewni\u0107 ci\u0105g\u0142y wzrost.<\/li>\n<li><strong>Krzewy i drzewa owocowe (jab\u0142onie, grusze, wi\u015bnie itp.) <\/strong>: Na\u0142o\u017cy\u0107 200 g na drzewo, dobrze rozprowadzaj\u0105c wok\u00f3\u0142 pnia, a nast\u0119pnie podla\u0107, aby u\u0142atwi\u0107 wnikanie sk\u0142adnik\u00f3w od\u017cywczych.<\/li>\n<li><strong>Ro\u015bliny kwitn\u0105ce i ozdobne<\/strong>: Wprowadzi\u0107 80 g na m\u00b2 przed sadzeniem lub w ramach konserwacji, raz w miesi\u0105cu.<\/li>\n<\/ul>\n<p><strong>Cz\u0119stotliwo\u015b\u0107 stosowania <\/strong>:<\/p>\n<ul>\n<li><strong>Wiosn\u0105<\/strong>: Zastosuj naw\u00f3z podczas przygotowywania gleby, przed siewem lub sadzeniem, aby promowa\u0107 dobre ukorzenienie i szybki pocz\u0105tkowy wzrost.<\/li>\n<li><strong>Latem<\/strong>: Powtarza\u0107 co 4 do 6 tygodni, szczeg\u00f3lnie w przypadku szybko rosn\u0105cych warzyw, takich jak sa\u0142ata i rzodkiewka.<\/li>\n<li><strong>Jesieni\u0105<\/strong>: Stosowa\u0107 do przygotowania gleby pod uprawy zimowe lub do wzmocnienia ro\u015blin wieloletnich i krzew\u00f3w przed zimn\u0105 por\u0105 roku.<\/li>\n<\/ul>\n<p><strong>Metoda aplikacji <\/strong>:<\/p>\n<ul>\n<li>Rozprowadzi\u0107 bezpo\u015brednio na glebie, upewniaj\u0105c si\u0119, \u017ce granulki s\u0105 r\u00f3wnomiernie roz\u0142o\u017cone.<\/li>\n<li>Lekko wprowadzi\u0107 do gleby za pomoc\u0105 grabi lub motyki, aby u\u0142atwi\u0107 wch\u0142anianie przez korzenie.<\/li>\n<li>Podla\u0107 po aplikacji, aby aktywowa\u0107 uwalnianie sk\u0142adnik\u00f3w od\u017cywczych i zapewni\u0107 szybk\u0105 asymilacj\u0119 przez ro\u015bliny.<\/li>\n<\/ul>\n<p><strong>\u015arodki ostro\u017cno\u015bci dotycz\u0105ce u\u017cytkowania <\/strong>:<\/p>\n<ul>\n<li>Nie nale\u017cy przedawkowywa\u0107, aby unikn\u0105\u0107 nadmiaru azotu, kt\u00f3ry mo\u017ce sprzyja\u0107 nadmiernemu wzrostowi li\u015bci ze szkod\u0105 dla owoc\u00f3w i warzyw.<\/li>\n<li>Unika\u0107 rozsiewania nawozu podczas ekstremalnej suszy, chyba \u017ce po aplikacji planowane jest nawadnianie.<\/li>\n<li>Przechowywa\u0107 w suchym i dobrze zamkni\u0119tym miejscu, aby zachowa\u0107 w\u0142a\u015bciwo\u015bci nawozowe i unikn\u0105\u0107 wilgoci.<\/li>\n<\/ul>\n<p>Dzi\u0119ki temu nawozowi do ogrod\u00f3w warzywnych, przydomowych i upraw zapewnisz sobie obfite zbiory, zdrowy wzrost i \u017cyzn\u0105 gleb\u0119 przez ca\u0142y rok. Jego zbilansowana formu\u0142a gwarantuje harmonijny rozw\u00f3j upraw, dostarczaj\u0105c wszystkich niezb\u0119dnych sk\u0142adnik\u00f3w od\u017cywczych, kt\u00f3rych potrzebuje Tw\u00f3j ogr\u00f3d.<\/p>","protected":false},"excerpt":{"rendered":"<p>A complete fertilizer for a productive vegetable garden and a flourishing garden.\u00a0This fertilizer specially designed for vegetables, fruits, and garden plants provides a balanced supply of nitrogen (N), phosphorus (P), and potassium (K) with an NPK 10-10-10 formula. It promotes vigorous growth, abundant harvests, and better resistance to diseases and climatic hazards. Money-back guarantee.\u00a0We are [&hellip;]<\/p>\n","protected":false},"featured_media":26005,"comment_status":"open","ping_status":"closed","template":"","meta":{"_uag_custom_page_level_css":"","site-sidebar-layout":"default","site-content-layout":"","ast-site-content-layout":"default","site-content-style":"default","site-sidebar-style":"default","ast-global-header-display":"","ast-banner-title-visibility":"","ast-main-header-display":"","ast-hfb-above-header-display":"","ast-hfb-below-header-display":"","ast-hfb-mobile-header-display":"","site-post-title":"","ast-breadcrumbs-content":"","ast-featured-img":"","footer-sml-layout":"","ast-disable-related-posts":"","theme-transparent-header-meta":"default","adv-header-id-meta":"","stick-header-meta":"","header-above-stick-meta":"","header-main-stick-meta":"","header-below-stick-meta":"","astra-migrate-meta-layouts":"set","ast-page-background-enabled":"default","ast-page-background-meta":{"desktop":{"background-color":"var(--ast-global-color-4)","background-image":"","background-repeat":"repeat","background-position":"center center","background-size":"auto","background-attachment":"scroll","background-type":"","background-media":"","overlay-type":"","overlay-color":"","overlay-opacity":"","overlay-gradient":""},"tablet":{"background-color":"","background-image":"","background-repeat":"repeat","background-position":"center center","background-size":"auto","background-attachment":"scroll","background-type":"","background-media":"","overlay-type":"","overlay-color":"","overlay-opacity":"","overlay-gradient":""},"mobile":{"background-color":"","background-image":"","background-repeat":"repeat","background-position":"center center","background-size":"auto","background-attachment":"scroll","background-type":"","background-media":"","overlay-type":"","overlay-color":"","overlay-opacity":"","overlay-gradient":""}},"ast-content-background-meta":{"desktop":{"background-color":"var(--ast-global-color-5)","background-image":"","background-repeat":"repeat","background-position":"center center","background-size":"auto","background-attachment":"scroll","background-type":"","background-media":"","overlay-type":"","overlay-color":"","overlay-opacity":"","overlay-gradient":""},"tablet":{"background-color":"var(--ast-global-color-5)","background-image":"","background-repeat":"repeat","background-position":"center center","background-size":"auto","background-attachment":"scroll","background-type":"","background-media":"","overlay-type":"","overlay-color":"","overlay-opacity":"","overlay-gradient":""},"mobile":{"background-color":"var(--ast-global-color-5)","background-image":"","background-repeat":"repeat","background-position":"center center","background-size":"auto","background-attachment":"scroll","background-type":"","background-media":"","overlay-type":"","overlay-color":"","overlay-opacity":"","overlay-gradient":""}}},"product_brand":[],"product_cat":[178],"product_tag":[],"class_list":{"0":"post-23480","1":"product","2":"type-product","3":"status-publish","4":"has-post-thumbnail","6":"product_cat-fertilizers","7":"desktop-align-left","8":"tablet-align-left","9":"mobile-align-left","11":"first","12":"instock","13":"taxable","14":"shipping-taxable","15":"purchasable","16":"product-type-simple"},"spectra_custom_meta":{"_visibility":["visible"],"_shopify_product_id":["9071376236789"],"_s2w_shopify_domain":["ferberpainting.myshopify.com"],"_shopify_variant_id":["46516204142837"],"_sku":["FPGARDENANDVEGETABLEFERTILIZER25KG"],"_regular_price":["39.90"],"_price":["39.90"],"_sale_price":[""],"_weight":["18.7"],"_thumbnail_id":["26005"],"_global_unique_id":["5056773817753"],"total_sales":["3"],"_tax_status":["taxable"],"_tax_class":[""],"_manage_stock":["no"],"_backorders":["no"],"_sold_individually":["no"],"_virtual":["no"],"_downloadable":["no"],"_download_limit":["-1"],"_download_expiry":["-1"],"_stock":[null],"_stock_status":["instock"],"_wc_average_rating":["5.00"],"_wc_review_count":["29"],"_product_version":["10.5.1"],"_edit_lock":["1771161388:1"],"_wc_rating_count":["a:1:{i:5;i:29;}"],"merchant-center-availability":["yes"],"merchant-center-category":["113"],"_edit_last":["1"],"_wp_page_template":["default"],"site-sidebar-layout":["default"],"ast-site-content-layout":["default"],"site-content-style":["default"],"site-sidebar-style":["default"],"theme-transparent-header-meta":["default"],"astra-migrate-meta-layouts":["set"],"_uag_css_file_name":["uag-css-23480.css"],"_elementor_page_assets":["a:0:{}"],"_uag_page_assets":["a:9:{s:3:\"css\";s:7133:\".uag-blocks-common-selector{z-index:var(--z-index-desktop) !important}@media(max-width: 976px){.uag-blocks-common-selector{z-index:var(--z-index-tablet) !important}}@media(max-width: 767px){.uag-blocks-common-selector{z-index:var(--z-index-mobile) !important}}.wp-block-uagb-image{display:flex}.wp-block-uagb-image__figure{position:relative;display:flex;flex-direction:column;max-width:100%;height:auto;margin:0}.wp-block-uagb-image__figure img{height:auto;display:flex;max-width:100%;transition:box-shadow .2s ease}.wp-block-uagb-image__figure>a{display:inline-block}.wp-block-uagb-image__figure figcaption{text-align:center;margin-top:.5em;margin-bottom:1em}.wp-block-uagb-image .components-placeholder.block-editor-media-placeholder .components-placeholder__instructions{align-self:center}.wp-block-uagb-image--align-left{text-align:left}.wp-block-uagb-image--align-right{text-align:right}.wp-block-uagb-image--align-center{text-align:center}.wp-block-uagb-image--align-full .wp-block-uagb-image__figure{margin-left:calc(50% - 50vw);margin-right:calc(50% - 50vw);max-width:100vw;width:100vw;height:auto}.wp-block-uagb-image--align-full .wp-block-uagb-image__figure img{height:auto;width:100% !important}.wp-block-uagb-image--align-wide .wp-block-uagb-image__figure img{height:auto;width:100%}.wp-block-uagb-image--layout-overlay__color-wrapper{position:absolute;left:0;top:0;right:0;bottom:0;opacity:.2;background:rgba(0,0,0,.5);transition:opacity .35s ease-in-out}.wp-block-uagb-image--layout-overlay-link{position:absolute;left:0;right:0;bottom:0;top:0}.wp-block-uagb-image--layout-overlay .wp-block-uagb-image__figure:hover .wp-block-uagb-image--layout-overlay__color-wrapper{opacity:1}.wp-block-uagb-image--layout-overlay__inner{position:absolute;left:15px;right:15px;bottom:15px;top:15px;display:flex;align-items:center;justify-content:center;flex-direction:column;border-color:#fff;transition:.35s ease-in-out}.wp-block-uagb-image--layout-overlay__inner.top-left,.wp-block-uagb-image--layout-overlay__inner.top-center,.wp-block-uagb-image--layout-overlay__inner.top-right{justify-content:flex-start}.wp-block-uagb-image--layout-overlay__inner.bottom-left,.wp-block-uagb-image--layout-overlay__inner.bottom-center,.wp-block-uagb-image--layout-overlay__inner.bottom-right{justify-content:flex-end}.wp-block-uagb-image--layout-overlay__inner.top-left,.wp-block-uagb-image--layout-overlay__inner.center-left,.wp-block-uagb-image--layout-overlay__inner.bottom-left{align-items:flex-start}.wp-block-uagb-image--layout-overlay__inner.top-right,.wp-block-uagb-image--layout-overlay__inner.center-right,.wp-block-uagb-image--layout-overlay__inner.bottom-right{align-items:flex-end}.wp-block-uagb-image--layout-overlay__inner .uagb-image-heading{color:#fff;transition:transform .35s,opacity .35s ease-in-out;transform:translate3d(0, 24px, 0);margin:0;line-height:1em}.wp-block-uagb-image--layout-overlay__inner .uagb-image-separator{width:30%;border-top-width:2px;border-top-color:#fff;border-top-style:solid;margin-bottom:10px;opacity:0;transition:transform .4s,opacity .4s ease-in-out;transform:translate3d(0, 30px, 0)}.wp-block-uagb-image--layout-overlay__inner .uagb-image-caption{opacity:0;overflow:visible;color:#fff;transition:transform .45s,opacity .45s ease-in-out;transform:translate3d(0, 35px, 0)}.wp-block-uagb-image--layout-overlay__inner:hover .uagb-image-heading,.wp-block-uagb-image--layout-overlay__inner:hover .uagb-image-separator,.wp-block-uagb-image--layout-overlay__inner:hover .uagb-image-caption{opacity:1;transform:translate3d(0, 0, 0)}.wp-block-uagb-image--effect-zoomin .wp-block-uagb-image__figure img,.wp-block-uagb-image--effect-zoomin .wp-block-uagb-image__figure .wp-block-uagb-image--layout-overlay__color-wrapper{transform:scale(1);transition:transform .35s ease-in-out}.wp-block-uagb-image--effect-zoomin .wp-block-uagb-image__figure:hover img,.wp-block-uagb-image--effect-zoomin .wp-block-uagb-image__figure:hover .wp-block-uagb-image--layout-overlay__color-wrapper{transform:scale(1.05)}.wp-block-uagb-image--effect-slide .wp-block-uagb-image__figure img,.wp-block-uagb-image--effect-slide .wp-block-uagb-image__figure .wp-block-uagb-image--layout-overlay__color-wrapper{width:calc(100% + 40px) !important;max-width:none !important;transform:translate3d(-40px, 0, 0);transition:transform .35s ease-in-out}.wp-block-uagb-image--effect-slide .wp-block-uagb-image__figure:hover img,.wp-block-uagb-image--effect-slide .wp-block-uagb-image__figure:hover .wp-block-uagb-image--layout-overlay__color-wrapper{transform:translate3d(0, 0, 0)}.wp-block-uagb-image--effect-grayscale img{filter:grayscale(0%);transition:.35s ease-in-out}.wp-block-uagb-image--effect-grayscale:hover img{filter:grayscale(100%)}.wp-block-uagb-image--effect-blur img{filter:blur(0);transition:.35s ease-in-out}.wp-block-uagb-image--effect-blur:hover img{filter:blur(3px)}.uagb-block-e6f939b3.wp-block-uagb-image--layout-default figure img{box-shadow: 0px 0px 0 #00000070;}.uagb-block-e6f939b3.wp-block-uagb-image .wp-block-uagb-image__figure figcaption{font-style: normal;align-self: center;}.uagb-block-e6f939b3.wp-block-uagb-image--layout-overlay figure img{box-shadow: 0px 0px 0 #00000070;}.uagb-block-e6f939b3.wp-block-uagb-image--layout-overlay .wp-block-uagb-image--layout-overlay__color-wrapper{opacity: 0.2;}.uagb-block-e6f939b3.wp-block-uagb-image--layout-overlay .wp-block-uagb-image--layout-overlay__inner{left: 15px;right: 15px;top: 15px;bottom: 15px;}.uagb-block-e6f939b3.wp-block-uagb-image--layout-overlay .wp-block-uagb-image--layout-overlay__inner .uagb-image-heading{font-style: normal;color: #fff;opacity: 1;}.uagb-block-e6f939b3.wp-block-uagb-image--layout-overlay .wp-block-uagb-image--layout-overlay__inner .uagb-image-heading a{color: #fff;}.uagb-block-e6f939b3.wp-block-uagb-image--layout-overlay .wp-block-uagb-image--layout-overlay__inner .uagb-image-caption{opacity: 0;}.uagb-block-e6f939b3.wp-block-uagb-image--layout-overlay .wp-block-uagb-image__figure:hover .wp-block-uagb-image--layout-overlay__color-wrapper{opacity: 1;}.uagb-block-e6f939b3.wp-block-uagb-image .wp-block-uagb-image--layout-overlay__inner .uagb-image-separator{width: 30%;border-top-width: 2px;border-top-color: #fff;opacity: 0;}.uagb-block-e6f939b3.wp-block-uagb-image .wp-block-uagb-image__figure img{width: px;height: auto;}.uagb-block-e6f939b3.wp-block-uagb-image .wp-block-uagb-image__figure:hover .wp-block-uagb-image--layout-overlay__inner .uagb-image-caption{opacity: 1;}.uagb-block-e6f939b3.wp-block-uagb-image .wp-block-uagb-image__figure:hover .wp-block-uagb-image--layout-overlay__inner .uagb-image-separator{opacity: 1;}.uagb-block-e6f939b3.wp-block-uagb-image--layout-default figure:hover img{box-shadow: 0px 0px 0 #00000070;}.uagb-block-e6f939b3.wp-block-uagb-image--layout-overlay figure:hover img{box-shadow: 0px 0px 0 #00000070;}@media only screen and (max-width: 976px) {.uagb-block-e6f939b3.wp-block-uagb-image .wp-block-uagb-image__figure img{width: px;height: auto;}}@media only screen and (max-width: 767px) {.uagb-block-e6f939b3.wp-block-uagb-image .wp-block-uagb-image__figure img{width: px;height: auto;}}\";s:2:\"js\";s:0:\"\";s:18:\"current_block_list\";a:13:{i:0;s:11:\"core\/search\";i:1;s:10:\"core\/group\";i:2;s:12:\"core\/heading\";i:3;s:17:\"core\/latest-posts\";i:4;s:20:\"core\/latest-comments\";i:5;s:13:\"core\/archives\";i:6;s:15:\"core\/categories\";i:7;s:14:\"core\/paragraph\";i:8;s:10:\"uagb\/image\";i:9;s:11:\"core\/spacer\";i:10;s:30:\"woocommerce\/product-categories\";i:11;s:10:\"core\/image\";i:12;s:14:\"core\/shortcode\";}s:8:\"uag_flag\";b:1;s:11:\"uag_version\";s:10:\"1777197223\";s:6:\"gfonts\";a:0:{}s:10:\"gfonts_url\";s:0:\"\";s:12:\"gfonts_files\";a:0:{}s:14:\"uag_faq_layout\";b:0;}"]},"uagb_featured_image_src":{"full":["https:\/\/www.ferberpainting.com\/wp-content\/uploads\/2025\/05\/GardenandVegetableFertilizer02.png",2560,2560,false],"thumbnail":["https:\/\/www.ferberpainting.com\/wp-content\/uploads\/2025\/05\/GardenandVegetableFertilizer02-150x150.png",150,150,true],"medium":["https:\/\/www.ferberpainting.com\/wp-content\/uploads\/2025\/05\/GardenandVegetableFertilizer02-300x300.png",300,300,true],"medium_large":["https:\/\/www.ferberpainting.com\/wp-content\/uploads\/2025\/05\/GardenandVegetableFertilizer02-768x768.png",768,768,true],"large":["https:\/\/www.ferberpainting.com\/wp-content\/uploads\/2025\/05\/GardenandVegetableFertilizer02-1024x1024.png",1024,1024,true],"1536x1536":["https:\/\/www.ferberpainting.com\/wp-content\/uploads\/2025\/05\/GardenandVegetableFertilizer02-1536x1536.png",1536,1536,true],"2048x2048":["https:\/\/www.ferberpainting.com\/wp-content\/uploads\/2025\/05\/GardenandVegetableFertilizer02-2048x2048.png",2048,2048,true],"trp-custom-language-flag":["https:\/\/www.ferberpainting.com\/wp-content\/uploads\/2025\/05\/GardenandVegetableFertilizer02-12x12.png",12,12,true],"woocommerce_thumbnail":["https:\/\/www.ferberpainting.com\/wp-content\/uploads\/2025\/05\/GardenandVegetableFertilizer02-300x300.png",300,300,true],"woocommerce_single":["https:\/\/www.ferberpainting.com\/wp-content\/uploads\/2025\/05\/GardenandVegetableFertilizer02-600x600.png",600,600,true],"woocommerce_gallery_thumbnail":["https:\/\/www.ferberpainting.com\/wp-content\/uploads\/2025\/05\/GardenandVegetableFertilizer02-100x100.png",100,100,true]},"uagb_author_info":{"display_name":"admin","author_link":"https:\/\/www.ferberpainting.com\/pl\/author\/"},"uagb_comment_info":29,"uagb_excerpt":"A complete fertilizer for a productive vegetable garden and a flourishing garden.\u00a0This fertilizer specially designed for vegetables, fruits, and garden plants provides a balanced supply of nitrogen (N), phosphorus (P), and potassium (K) with an NPK 10-10-10 formula. It promotes vigorous growth, abundant harvests, and better resistance to diseases and climatic hazards. Money-back guarantee.\u00a0We are&hellip;","_links":{"self":[{"href":"https:\/\/www.ferberpainting.com\/pl\/wp-json\/wp\/v2\/product\/23480","targetHints":{"allow":["GET"]}}],"collection":[{"href":"https:\/\/www.ferberpainting.com\/pl\/wp-json\/wp\/v2\/product"}],"about":[{"href":"https:\/\/www.ferberpainting.com\/pl\/wp-json\/wp\/v2\/types\/product"}],"replies":[{"embeddable":true,"href":"https:\/\/www.ferberpainting.com\/pl\/wp-json\/wp\/v2\/comments?post=23480"}],"version-history":[{"count":6,"href":"https:\/\/www.ferberpainting.com\/pl\/wp-json\/wp\/v2\/product\/23480\/revisions"}],"predecessor-version":[{"id":166171,"href":"https:\/\/www.ferberpainting.com\/pl\/wp-json\/wp\/v2\/product\/23480\/revisions\/166171"}],"wp:featuredmedia":[{"embeddable":true,"href":"https:\/\/www.ferberpainting.com\/pl\/wp-json\/wp\/v2\/media\/26005"}],"wp:attachment":[{"href":"https:\/\/www.ferberpainting.com\/pl\/wp-json\/wp\/v2\/media?parent=23480"}],"wp:term":[{"taxonomy":"product_brand","embeddable":true,"href":"https:\/\/www.ferberpainting.com\/pl\/wp-json\/wp\/v2\/product_brand?post=23480"},{"taxonomy":"product_cat","embeddable":true,"href":"https:\/\/www.ferberpainting.com\/pl\/wp-json\/wp\/v2\/product_cat?post=23480"},{"taxonomy":"product_tag","embeddable":true,"href":"https:\/\/www.ferberpainting.com\/pl\/wp-json\/wp\/v2\/product_tag?post=23480"}],"curies":[{"name":"wp","href":"https:\/\/api.w.org\/{rel}","templated":true}]}}