{"id":23468,"date":"2025-05-26T10:24:16","date_gmt":"2025-05-26T08:24:16","guid":{"rendered":"https:\/\/www.ferberpainting.com\/products\/fly-killer-500-baits\/"},"modified":"2026-02-15T14:14:28","modified_gmt":"2026-02-15T13:14:28","slug":"fly-killer-500-baits","status":"publish","type":"product","link":"https:\/\/www.ferberpainting.com\/pl\/products\/fly-killer-500-baits\/","title":{"rendered":"\u015arodek na muchy"},"content":{"rendered":"<p><img decoding=\"async\" style=\"margin-right: 12px;\" src=\"https:\/\/www.ferberpainting.com\/wp-content\/uploads\/2026\/02\/Check.svg\" alt=\"\" width=\"18\" height=\"15\" \/><strong>Eliminuje do 10 000 much za pomoc\u0105 jednej butelki o pojemno\u015bci 1 litra.<\/strong> Nasz \u015brodek na muchy zosta\u0142 specjalnie opracowany, aby szybko i skutecznie eliminowa\u0107 du\u017ce populacje much, a jeden litr jest w stanie zabi\u0107 do 10 000 much. Niezale\u017cnie od tego, czy masz do czynienia z sezonowymi inwazjami, \u015brodowiskami rolniczymi, magazynami, kuchniami, tarasami czy przestrzeniami mieszkalnymi, ta formu\u0142a o du\u017cej pojemno\u015bci zapewnia szybkie i zdecydowane dzia\u0142anie w celu przywr\u00f3cenia higieny i komfortu.<\/p>\n<p><strong><img decoding=\"async\" style=\"margin-right: 12px;\" src=\"https:\/\/www.ferberpainting.com\/wp-content\/uploads\/2026\/02\/Check.svg\" alt=\"\" width=\"18\" height=\"15\" \/>Najskuteczniejsze rozwi\u0105zanie do zwalczania much na rynku.<\/strong> Dzi\u0119ki zaawansowanym sk\u0142adnikom aktywnym, produkt ten zapewnia natychmiastowe powalenie po kontakcie, oferuj\u0105c jednocze\u015bnie resztkow\u0105 ochron\u0119 powierzchni. Dzia\u0142a bezpo\u015brednio na muchy i zmniejsza ich aktywno\u015b\u0107 w leczonych obszarach, zapewniaj\u0105c doskona\u0142\u0105 skuteczno\u015b\u0107 w por\u00f3wnaniu z podstawowymi aerozolami lub kr\u00f3tko dzia\u0142aj\u0105cymi sprayami.<\/p>\n<p><strong><img decoding=\"async\" style=\"margin-right: 12px;\" src=\"https:\/\/www.ferberpainting.com\/wp-content\/uploads\/2026\/02\/Check.svg\" alt=\"\" width=\"18\" height=\"15\" \/>Gwarancja zwrotu pieni\u0119dzy dla pe\u0142nego spokoju ducha.<\/strong> W pe\u0142ni gwarantujemy skuteczno\u015b\u0107 naszego zab\u00f3jcy much. Je\u015bli nie b\u0119dziesz w pe\u0142ni zadowolony z rezultat\u00f3w, zwr\u00f3cimy Ci pieni\u0105dze za zakup. Nasza gwarancja zwrotu pieni\u0119dzy zapewnia, \u017ce inwestycja jest ca\u0142kowicie wolna od ryzyka i pokazuje nasze zaufanie do skuteczno\u015bci produktu.<\/p>\n<p><strong><img decoding=\"async\" style=\"margin-right: 12px;\" src=\"https:\/\/www.ferberpainting.com\/wp-content\/uploads\/2026\/02\/Check.svg\" alt=\"\" width=\"18\" height=\"15\" \/>Najta\u0144szy dost\u0119pny wysokowydajny zab\u00f3jca much.<\/strong> Profesjonalne zwalczanie szkodnik\u00f3w nie musi by\u0107 drogie. Nasz \u015brodek na muchy \u0142\u0105czy w sobie pot\u0119\u017cn\u0105 skuteczno\u015b\u0107 eksterminacji z najbardziej konkurencyjnymi cenami na rynku, oferuj\u0105c wyj\u0105tkow\u0105 warto\u015b\u0107 dla w\u0142a\u015bcicieli dom\u00f3w, firm, gospodarstw rolnych i obiekt\u00f3w przemys\u0142owych.<\/p>\n<p><strong><img decoding=\"async\" style=\"margin-right: 12px;\" src=\"https:\/\/www.ferberpainting.com\/wp-content\/uploads\/2026\/02\/Check.svg\" alt=\"\" width=\"18\" height=\"15\" \/>Szybka 24-godzinna dostawa w przypadku pilnych infestacji.<\/strong> Inwazje much mog\u0105 szybko si\u0119 nasila\u0107, zw\u0142aszcza w ciep\u0142ych warunkach. Dlatego zapewniamy niezawodn\u0105 24-godzinn\u0105 dostaw\u0119, gwarantuj\u0105c szybkie otrzymanie produktu, dzi\u0119ki czemu mo\u017cna natychmiast podj\u0105\u0107 dzia\u0142ania i zapobiec dalszym uci\u0105\u017cliwo\u015bciom.<\/p>\n<p><strong><img decoding=\"async\" style=\"margin-right: 12px;\" src=\"https:\/\/www.ferberpainting.com\/wp-content\/uploads\/2026\/02\/Check.svg\" alt=\"\" width=\"18\" height=\"15\" \/>Szybkie dzia\u0142anie kontaktowe z przed\u0142u\u017conym efektem resztkowym.<\/strong> Formu\u0142a eliminuje muchy natychmiast po kontakcie i pozostawia warstw\u0119 ochronn\u0105 na opryskanych powierzchniach. Ta szcz\u0105tkowa bariera nadal dzia\u0142a przeciwko muchom, kt\u00f3re l\u0105duj\u0105 na leczonych obszarach, zmniejszaj\u0105c ryzyko ponownej inwazji i przed\u0142u\u017caj\u0105c ochron\u0119.<\/p>\n<p><strong><img decoding=\"async\" style=\"margin-right: 12px;\" src=\"https:\/\/www.ferberpainting.com\/wp-content\/uploads\/2026\/02\/Check.svg\" alt=\"\" width=\"18\" height=\"15\" \/>Nadaje si\u0119 do u\u017cytku wewn\u0105trz i na zewn\u0105trz pomieszcze\u0144.<\/strong> Ten \u015brodek na muchy mo\u017ce by\u0107 stosowany w domach, restauracjach, magazynach, gospodarstwach rolnych, pomieszczeniach dla zwierz\u0105t, strefach na \u015bmieci, tarasach i na zewn\u0105trz. Jego wszechstronno\u015b\u0107 sprawia, \u017ce idealnie nadaje si\u0119 do zastosowa\u0144 mieszkaniowych, komercyjnych, rolniczych i przemys\u0142owych.<\/p>\n<p><strong><img decoding=\"async\" style=\"margin-right: 12px;\" src=\"https:\/\/www.ferberpainting.com\/wp-content\/uploads\/2026\/02\/Check.svg\" alt=\"\" width=\"18\" height=\"15\" \/>Pomaga poprawi\u0107 higien\u0119 i komfort.<\/strong> Eliminuj\u0105c muchy, produkt zmniejsza ryzyko zanieczyszczenia i poprawia warunki sanitarne w obszarach przygotowywania \u017cywno\u015bci, przestrzeniach magazynowych i \u015brodowiskach mieszkalnych. Przyczynia si\u0119 do czystszej i zdrowszej atmosfery.<\/p>\n<p><strong><img decoding=\"async\" style=\"margin-right: 12px;\" src=\"https:\/\/www.ferberpainting.com\/wp-content\/uploads\/2026\/02\/Check.svg\" alt=\"\" width=\"18\" height=\"15\" \/>Du\u017cy zasi\u0119g zapewniaj\u0105cy wysok\u0105 skuteczno\u015b\u0107 oczyszczania.<\/strong> Dzi\u0119ki zdolno\u015bci zabijania do 10 000 much na litr, produkt ten zosta\u0142 zaprojektowany z my\u015bl\u0105 o wysokiej wydajno\u015bci. Umo\u017cliwia skuteczne zwalczanie du\u017cych powierzchni bez konieczno\u015bci wielokrotnego stosowania ma\u0142ych dawek.<\/p>\n<p><strong><img decoding=\"async\" style=\"margin-right: 12px;\" src=\"https:\/\/www.ferberpainting.com\/wp-content\/uploads\/2026\/02\/Check.svg\" alt=\"\" width=\"18\" height=\"15\" \/>\u0141atwy w u\u017cyciu format sprayu dla precyzyjnego celowania.<\/strong> Gotowy do u\u017cycia p\u0142yn mo\u017ce by\u0107 stosowany bezpo\u015brednio na miejsca odpoczynku much, punkty wlotowe i powierzchnie, na kt\u00f3rych gromadz\u0105 si\u0119 muchy. Jego kontrolowany system aplikacji zapewnia dok\u0142adn\u0105 i skuteczn\u0105 dystrybucj\u0119 bez skomplikowanych przygotowa\u0144.<\/p>\n<h2><strong>Instrukcje<\/strong><\/h2>\n<ul>\n<li>Przed u\u017cyciem dok\u0142adnie wstrz\u0105sn\u0105\u0107 butelk\u0105, aby zapewni\u0107 prawid\u0142owe rozprowadzenie sk\u0142adnik\u00f3w aktywnych.<\/li>\n<li>Zidentyfikuj obszary o wysokiej aktywno\u015bci much, takie jak okna, drzwi, \u015bmietniki, pomieszczenia dla zwierz\u0105t i strefy przechowywania \u017cywno\u015bci.<\/li>\n<li>Rozpyla\u0107 bezpo\u015brednio na muchy w celu ich natychmiastowej eliminacji.<\/li>\n<li>Lekko i r\u00f3wnomiernie spryska\u0107 powierzchnie, na kt\u00f3rych muchy odpoczywaj\u0105, takie jak \u015bciany, ramy i os\u0142oni\u0119te obszary.<\/li>\n<li>Unikaj nadmiernego nasycenia i przestrzegaj zalecanych wytycznych dotycz\u0105cych aplikacji w oparciu o wielko\u015b\u0107 powierzchni.<\/li>\n<li>Zapewni\u0107 odpowiedni\u0105 wentylacj\u0119 podczas u\u017cytkowania w pomieszczeniach.<\/li>\n<li>Trzyma\u0107 dzieci i zwierz\u0119ta domowe z dala od obszar\u00f3w poddanych dzia\u0142aniu produktu do czasu ca\u0142kowitego wyschni\u0119cia powierzchni.<\/li>\n<li>Unika\u0107 rozpylania bezpo\u015brednio na \u017cywno\u015b\u0107, powierzchnie do przygotowywania \u017cywno\u015bci lub naczynia. Przykry\u0107 lub usun\u0105\u0107 produkty spo\u017cywcze przed zastosowaniem.<\/li>\n<li>W razie potrzeby powt\u00f3rzy\u0107 zabieg w przypadku silnej infestacji lub ci\u0105g\u0142ej aktywno\u015bci much.<\/li>\n<li>Po u\u017cyciu dok\u0142adnie umy\u0107 r\u0119ce i unika\u0107 kontaktu z oczami i sk\u00f3r\u0105.<\/li>\n<li>Produkt nale\u017cy przechowywa\u0107 w ch\u0142odnym, suchym miejscu, z dala od bezpo\u015bredniego \u015bwiat\u0142a s\u0142onecznego i \u017ar\u00f3de\u0142 ciep\u0142a. Przechowywa\u0107 pojemnik szczelnie zamkni\u0119ty, gdy nie jest u\u017cywany.<\/li>\n<\/ul>","protected":false},"excerpt":{"rendered":"<p>Eliminate up to 10,000 flies with one powerful 1-liter bottle. Our fly killer is specially formulated to eradicate large fly populations quickly and efficiently, with one liter capable of killing up to 10,000 flies. Whether you are dealing with seasonal infestations, agricultural environments, warehouses, kitchens, terraces, or residential spaces, this high-capacity formula delivers rapid and [&hellip;]<\/p>\n","protected":false},"featured_media":29946,"comment_status":"open","ping_status":"closed","template":"","meta":{"_uag_custom_page_level_css":"","site-sidebar-layout":"default","site-content-layout":"","ast-site-content-layout":"default","site-content-style":"default","site-sidebar-style":"default","ast-global-header-display":"","ast-banner-title-visibility":"","ast-main-header-display":"","ast-hfb-above-header-display":"","ast-hfb-below-header-display":"","ast-hfb-mobile-header-display":"","site-post-title":"","ast-breadcrumbs-content":"","ast-featured-img":"","footer-sml-layout":"","ast-disable-related-posts":"","theme-transparent-header-meta":"default","adv-header-id-meta":"","stick-header-meta":"","header-above-stick-meta":"","header-main-stick-meta":"","header-below-stick-meta":"","astra-migrate-meta-layouts":"set","ast-page-background-enabled":"default","ast-page-background-meta":{"desktop":{"background-color":"var(--ast-global-color-4)","background-image":"","background-repeat":"repeat","background-position":"center center","background-size":"auto","background-attachment":"scroll","background-type":"","background-media":"","overlay-type":"","overlay-color":"","overlay-opacity":"","overlay-gradient":""},"tablet":{"background-color":"","background-image":"","background-repeat":"repeat","background-position":"center center","background-size":"auto","background-attachment":"scroll","background-type":"","background-media":"","overlay-type":"","overlay-color":"","overlay-opacity":"","overlay-gradient":""},"mobile":{"background-color":"","background-image":"","background-repeat":"repeat","background-position":"center center","background-size":"auto","background-attachment":"scroll","background-type":"","background-media":"","overlay-type":"","overlay-color":"","overlay-opacity":"","overlay-gradient":""}},"ast-content-background-meta":{"desktop":{"background-color":"var(--ast-global-color-5)","background-image":"","background-repeat":"repeat","background-position":"center center","background-size":"auto","background-attachment":"scroll","background-type":"","background-media":"","overlay-type":"","overlay-color":"","overlay-opacity":"","overlay-gradient":""},"tablet":{"background-color":"var(--ast-global-color-5)","background-image":"","background-repeat":"repeat","background-position":"center center","background-size":"auto","background-attachment":"scroll","background-type":"","background-media":"","overlay-type":"","overlay-color":"","overlay-opacity":"","overlay-gradient":""},"mobile":{"background-color":"var(--ast-global-color-5)","background-image":"","background-repeat":"repeat","background-position":"center center","background-size":"auto","background-attachment":"scroll","background-type":"","background-media":"","overlay-type":"","overlay-color":"","overlay-opacity":"","overlay-gradient":""}}},"product_brand":[],"product_cat":[183],"product_tag":[],"class_list":{"0":"post-23468","1":"product","2":"type-product","3":"status-publish","4":"has-post-thumbnail","6":"product_cat-pest-control","7":"desktop-align-left","8":"tablet-align-left","9":"mobile-align-left","11":"first","12":"instock","13":"sale","14":"shipping-taxable","15":"purchasable","16":"product-type-variable","17":"has-default-attributes"},"spectra_custom_meta":{"_visibility":["visible"],"_shopify_product_id":["7960925307125"],"_s2w_shopify_domain":["ferberpainting.myshopify.com"],"_shopify_variant_id":["43530325655797"],"_weight":["0.2"],"_thumbnail_id":["29946"],"total_sales":["63"],"_tax_status":["taxable"],"_tax_class":[""],"_manage_stock":["no"],"_backorders":["no"],"_sold_individually":["no"],"_virtual":["no"],"_downloadable":["no"],"_download_limit":["-1"],"_download_expiry":["-1"],"_stock":[null],"_stock_status":["instock"],"_wc_average_rating":["4.83"],"_wc_review_count":["60"],"_product_version":["10.5.1"],"merchant-center-availability":["yes"],"merchant-center-category":["7137"],"merchant-center-id":["FLYK"],"wpse_downloadable_file_names":[""],"wpse_downloadable_file_urls":[""],"_edit_last":["1"],"_wc_rating_count":["a:3:{i:3;i:1;i:4;i:8;i:5;i:51;}"],"_edit_lock":["1771161151:1"],"_product_attributes":["a:1:{s:6:\"volume\";a:6:{s:4:\"name\";s:6:\"Volume\";s:5:\"value\";s:30:\"1 liter | 5 liters | 25 liters\";s:8:\"position\";i:0;s:10:\"is_visible\";i:0;s:12:\"is_variation\";i:1;s:11:\"is_taxonomy\";i:0;}}"],"_default_attributes":["a:1:{s:6:\"volume\";s:7:\"1 liter\";}"],"_wp_page_template":["default"],"_product_image_gallery":["29947,29948"],"site-sidebar-layout":["default"],"ast-site-content-layout":["default"],"site-content-style":["default"],"site-sidebar-style":["default"],"theme-transparent-header-meta":["default"],"_price":["29.90","129.90","499.90"],"astra-migrate-meta-layouts":["set"],"_uag_css_file_name":["uag-css-23468.css"],"_elementor_page_assets":["a:0:{}"],"_uag_page_assets":["a:9:{s:3:\"css\";s:7133:\".uag-blocks-common-selector{z-index:var(--z-index-desktop) !important}@media(max-width: 976px){.uag-blocks-common-selector{z-index:var(--z-index-tablet) !important}}@media(max-width: 767px){.uag-blocks-common-selector{z-index:var(--z-index-mobile) !important}}.wp-block-uagb-image{display:flex}.wp-block-uagb-image__figure{position:relative;display:flex;flex-direction:column;max-width:100%;height:auto;margin:0}.wp-block-uagb-image__figure img{height:auto;display:flex;max-width:100%;transition:box-shadow .2s ease}.wp-block-uagb-image__figure>a{display:inline-block}.wp-block-uagb-image__figure figcaption{text-align:center;margin-top:.5em;margin-bottom:1em}.wp-block-uagb-image .components-placeholder.block-editor-media-placeholder .components-placeholder__instructions{align-self:center}.wp-block-uagb-image--align-left{text-align:left}.wp-block-uagb-image--align-right{text-align:right}.wp-block-uagb-image--align-center{text-align:center}.wp-block-uagb-image--align-full .wp-block-uagb-image__figure{margin-left:calc(50% - 50vw);margin-right:calc(50% - 50vw);max-width:100vw;width:100vw;height:auto}.wp-block-uagb-image--align-full .wp-block-uagb-image__figure img{height:auto;width:100% !important}.wp-block-uagb-image--align-wide .wp-block-uagb-image__figure img{height:auto;width:100%}.wp-block-uagb-image--layout-overlay__color-wrapper{position:absolute;left:0;top:0;right:0;bottom:0;opacity:.2;background:rgba(0,0,0,.5);transition:opacity .35s ease-in-out}.wp-block-uagb-image--layout-overlay-link{position:absolute;left:0;right:0;bottom:0;top:0}.wp-block-uagb-image--layout-overlay .wp-block-uagb-image__figure:hover .wp-block-uagb-image--layout-overlay__color-wrapper{opacity:1}.wp-block-uagb-image--layout-overlay__inner{position:absolute;left:15px;right:15px;bottom:15px;top:15px;display:flex;align-items:center;justify-content:center;flex-direction:column;border-color:#fff;transition:.35s ease-in-out}.wp-block-uagb-image--layout-overlay__inner.top-left,.wp-block-uagb-image--layout-overlay__inner.top-center,.wp-block-uagb-image--layout-overlay__inner.top-right{justify-content:flex-start}.wp-block-uagb-image--layout-overlay__inner.bottom-left,.wp-block-uagb-image--layout-overlay__inner.bottom-center,.wp-block-uagb-image--layout-overlay__inner.bottom-right{justify-content:flex-end}.wp-block-uagb-image--layout-overlay__inner.top-left,.wp-block-uagb-image--layout-overlay__inner.center-left,.wp-block-uagb-image--layout-overlay__inner.bottom-left{align-items:flex-start}.wp-block-uagb-image--layout-overlay__inner.top-right,.wp-block-uagb-image--layout-overlay__inner.center-right,.wp-block-uagb-image--layout-overlay__inner.bottom-right{align-items:flex-end}.wp-block-uagb-image--layout-overlay__inner .uagb-image-heading{color:#fff;transition:transform .35s,opacity .35s ease-in-out;transform:translate3d(0, 24px, 0);margin:0;line-height:1em}.wp-block-uagb-image--layout-overlay__inner .uagb-image-separator{width:30%;border-top-width:2px;border-top-color:#fff;border-top-style:solid;margin-bottom:10px;opacity:0;transition:transform .4s,opacity .4s ease-in-out;transform:translate3d(0, 30px, 0)}.wp-block-uagb-image--layout-overlay__inner .uagb-image-caption{opacity:0;overflow:visible;color:#fff;transition:transform .45s,opacity .45s ease-in-out;transform:translate3d(0, 35px, 0)}.wp-block-uagb-image--layout-overlay__inner:hover .uagb-image-heading,.wp-block-uagb-image--layout-overlay__inner:hover .uagb-image-separator,.wp-block-uagb-image--layout-overlay__inner:hover .uagb-image-caption{opacity:1;transform:translate3d(0, 0, 0)}.wp-block-uagb-image--effect-zoomin .wp-block-uagb-image__figure img,.wp-block-uagb-image--effect-zoomin .wp-block-uagb-image__figure .wp-block-uagb-image--layout-overlay__color-wrapper{transform:scale(1);transition:transform .35s ease-in-out}.wp-block-uagb-image--effect-zoomin .wp-block-uagb-image__figure:hover img,.wp-block-uagb-image--effect-zoomin .wp-block-uagb-image__figure:hover .wp-block-uagb-image--layout-overlay__color-wrapper{transform:scale(1.05)}.wp-block-uagb-image--effect-slide .wp-block-uagb-image__figure img,.wp-block-uagb-image--effect-slide .wp-block-uagb-image__figure .wp-block-uagb-image--layout-overlay__color-wrapper{width:calc(100% + 40px) !important;max-width:none !important;transform:translate3d(-40px, 0, 0);transition:transform .35s ease-in-out}.wp-block-uagb-image--effect-slide .wp-block-uagb-image__figure:hover img,.wp-block-uagb-image--effect-slide .wp-block-uagb-image__figure:hover .wp-block-uagb-image--layout-overlay__color-wrapper{transform:translate3d(0, 0, 0)}.wp-block-uagb-image--effect-grayscale img{filter:grayscale(0%);transition:.35s ease-in-out}.wp-block-uagb-image--effect-grayscale:hover img{filter:grayscale(100%)}.wp-block-uagb-image--effect-blur img{filter:blur(0);transition:.35s ease-in-out}.wp-block-uagb-image--effect-blur:hover img{filter:blur(3px)}.uagb-block-e6f939b3.wp-block-uagb-image--layout-default figure img{box-shadow: 0px 0px 0 #00000070;}.uagb-block-e6f939b3.wp-block-uagb-image .wp-block-uagb-image__figure figcaption{font-style: normal;align-self: center;}.uagb-block-e6f939b3.wp-block-uagb-image--layout-overlay figure img{box-shadow: 0px 0px 0 #00000070;}.uagb-block-e6f939b3.wp-block-uagb-image--layout-overlay .wp-block-uagb-image--layout-overlay__color-wrapper{opacity: 0.2;}.uagb-block-e6f939b3.wp-block-uagb-image--layout-overlay .wp-block-uagb-image--layout-overlay__inner{left: 15px;right: 15px;top: 15px;bottom: 15px;}.uagb-block-e6f939b3.wp-block-uagb-image--layout-overlay .wp-block-uagb-image--layout-overlay__inner .uagb-image-heading{font-style: normal;color: #fff;opacity: 1;}.uagb-block-e6f939b3.wp-block-uagb-image--layout-overlay .wp-block-uagb-image--layout-overlay__inner .uagb-image-heading a{color: #fff;}.uagb-block-e6f939b3.wp-block-uagb-image--layout-overlay .wp-block-uagb-image--layout-overlay__inner .uagb-image-caption{opacity: 0;}.uagb-block-e6f939b3.wp-block-uagb-image--layout-overlay .wp-block-uagb-image__figure:hover .wp-block-uagb-image--layout-overlay__color-wrapper{opacity: 1;}.uagb-block-e6f939b3.wp-block-uagb-image .wp-block-uagb-image--layout-overlay__inner .uagb-image-separator{width: 30%;border-top-width: 2px;border-top-color: #fff;opacity: 0;}.uagb-block-e6f939b3.wp-block-uagb-image .wp-block-uagb-image__figure img{width: px;height: auto;}.uagb-block-e6f939b3.wp-block-uagb-image .wp-block-uagb-image__figure:hover .wp-block-uagb-image--layout-overlay__inner .uagb-image-caption{opacity: 1;}.uagb-block-e6f939b3.wp-block-uagb-image .wp-block-uagb-image__figure:hover .wp-block-uagb-image--layout-overlay__inner .uagb-image-separator{opacity: 1;}.uagb-block-e6f939b3.wp-block-uagb-image--layout-default figure:hover img{box-shadow: 0px 0px 0 #00000070;}.uagb-block-e6f939b3.wp-block-uagb-image--layout-overlay figure:hover img{box-shadow: 0px 0px 0 #00000070;}@media only screen and (max-width: 976px) {.uagb-block-e6f939b3.wp-block-uagb-image .wp-block-uagb-image__figure img{width: px;height: auto;}}@media only screen and (max-width: 767px) {.uagb-block-e6f939b3.wp-block-uagb-image .wp-block-uagb-image__figure img{width: px;height: auto;}}\";s:2:\"js\";s:0:\"\";s:18:\"current_block_list\";a:13:{i:0;s:11:\"core\/search\";i:1;s:10:\"core\/group\";i:2;s:12:\"core\/heading\";i:3;s:17:\"core\/latest-posts\";i:4;s:20:\"core\/latest-comments\";i:5;s:13:\"core\/archives\";i:6;s:15:\"core\/categories\";i:7;s:14:\"core\/paragraph\";i:8;s:10:\"uagb\/image\";i:9;s:11:\"core\/spacer\";i:10;s:30:\"woocommerce\/product-categories\";i:11;s:10:\"core\/image\";i:12;s:14:\"core\/shortcode\";}s:8:\"uag_flag\";b:1;s:11:\"uag_version\";s:10:\"1777094662\";s:6:\"gfonts\";a:0:{}s:10:\"gfonts_url\";s:0:\"\";s:12:\"gfonts_files\";a:0:{}s:14:\"uag_faq_layout\";b:0;}"]},"uagb_featured_image_src":{"full":["https:\/\/www.ferberpainting.com\/wp-content\/uploads\/2025\/05\/Fly-Killer-1L-.png",2560,2560,false],"thumbnail":["https:\/\/www.ferberpainting.com\/wp-content\/uploads\/2025\/05\/Fly-Killer-1L--150x150.png",150,150,true],"medium":["https:\/\/www.ferberpainting.com\/wp-content\/uploads\/2025\/05\/Fly-Killer-1L--300x300.png",300,300,true],"medium_large":["https:\/\/www.ferberpainting.com\/wp-content\/uploads\/2025\/05\/Fly-Killer-1L--768x768.png",768,768,true],"large":["https:\/\/www.ferberpainting.com\/wp-content\/uploads\/2025\/05\/Fly-Killer-1L--1024x1024.png",1024,1024,true],"1536x1536":["https:\/\/www.ferberpainting.com\/wp-content\/uploads\/2025\/05\/Fly-Killer-1L--1536x1536.png",1536,1536,true],"2048x2048":["https:\/\/www.ferberpainting.com\/wp-content\/uploads\/2025\/05\/Fly-Killer-1L--2048x2048.png",2048,2048,true],"trp-custom-language-flag":["https:\/\/www.ferberpainting.com\/wp-content\/uploads\/2025\/05\/Fly-Killer-1L--12x12.png",12,12,true],"woocommerce_thumbnail":["https:\/\/www.ferberpainting.com\/wp-content\/uploads\/2025\/05\/Fly-Killer-1L--300x300.png",300,300,true],"woocommerce_single":["https:\/\/www.ferberpainting.com\/wp-content\/uploads\/2025\/05\/Fly-Killer-1L--600x600.png",600,600,true],"woocommerce_gallery_thumbnail":["https:\/\/www.ferberpainting.com\/wp-content\/uploads\/2025\/05\/Fly-Killer-1L--100x100.png",100,100,true]},"uagb_author_info":{"display_name":"admin","author_link":"https:\/\/www.ferberpainting.com\/pl\/author\/"},"uagb_comment_info":60,"uagb_excerpt":"Eliminate up to 10,000 flies with one powerful 1-liter bottle. Our fly killer is specially formulated to eradicate large fly populations quickly and efficiently, with one liter capable of killing up to 10,000 flies. Whether you are dealing with seasonal infestations, agricultural environments, warehouses, kitchens, terraces, or residential spaces, this high-capacity formula delivers rapid and&hellip;","_links":{"self":[{"href":"https:\/\/www.ferberpainting.com\/pl\/wp-json\/wp\/v2\/product\/23468","targetHints":{"allow":["GET"]}}],"collection":[{"href":"https:\/\/www.ferberpainting.com\/pl\/wp-json\/wp\/v2\/product"}],"about":[{"href":"https:\/\/www.ferberpainting.com\/pl\/wp-json\/wp\/v2\/types\/product"}],"replies":[{"embeddable":true,"href":"https:\/\/www.ferberpainting.com\/pl\/wp-json\/wp\/v2\/comments?post=23468"}],"version-history":[{"count":5,"href":"https:\/\/www.ferberpainting.com\/pl\/wp-json\/wp\/v2\/product\/23468\/revisions"}],"predecessor-version":[{"id":166166,"href":"https:\/\/www.ferberpainting.com\/pl\/wp-json\/wp\/v2\/product\/23468\/revisions\/166166"}],"wp:featuredmedia":[{"embeddable":true,"href":"https:\/\/www.ferberpainting.com\/pl\/wp-json\/wp\/v2\/media\/29946"}],"wp:attachment":[{"href":"https:\/\/www.ferberpainting.com\/pl\/wp-json\/wp\/v2\/media?parent=23468"}],"wp:term":[{"taxonomy":"product_brand","embeddable":true,"href":"https:\/\/www.ferberpainting.com\/pl\/wp-json\/wp\/v2\/product_brand?post=23468"},{"taxonomy":"product_cat","embeddable":true,"href":"https:\/\/www.ferberpainting.com\/pl\/wp-json\/wp\/v2\/product_cat?post=23468"},{"taxonomy":"product_tag","embeddable":true,"href":"https:\/\/www.ferberpainting.com\/pl\/wp-json\/wp\/v2\/product_tag?post=23468"}],"curies":[{"name":"wp","href":"https:\/\/api.w.org\/{rel}","templated":true}]}}