{"id":23465,"date":"2025-05-26T10:24:15","date_gmt":"2025-05-26T08:24:15","guid":{"rendered":"https:\/\/www.ferberpainting.com\/products\/flowering-plant-fertilizer\/"},"modified":"2026-02-15T14:13:46","modified_gmt":"2026-02-15T13:13:46","slug":"flowering-plant-fertilizer","status":"publish","type":"product","link":"https:\/\/www.ferberpainting.com\/pl\/products\/flowering-plant-fertilizer\/","title":{"rendered":"Naw\u00f3z do ro\u015blin kwitn\u0105cych"},"content":{"rendered":"<p><img decoding=\"async\" style=\"margin-right: 12px;\" src=\"https:\/\/www.ferberpainting.com\/wp-content\/uploads\/2026\/02\/Check.svg\" alt=\"\" width=\"18\" height=\"15\" \/><strong>Specjalnie zaprojektowany naw\u00f3z wspomagaj\u0105cy kwitnienie.<\/strong>\u00a0Nasze ro\u015bliny kwitn\u0105ce wymagaj\u0105 zbilansowanej poda\u017cy niezb\u0119dnych sk\u0142adnik\u00f3w od\u017cywczych, aby produkowa\u0107 obfite, \u017cywe i d\u0142ugotrwa\u0142e kwiaty. Ten naw\u00f3z NPK 15-15-15 zosta\u0142 zaprojektowany, aby stymulowa\u0107 wzrost \u0142odyg, li\u015bci i korzeni, jednocze\u015bnie zwi\u0119kszaj\u0105c tworzenie i trwa\u0142o\u015b\u0107 kwiat\u00f3w. Jest odpowiedni dla wszystkich odmian ro\u015blin kwitn\u0105cych, niezale\u017cnie od tego, czy s\u0105 one uprawiane w pomieszczeniach, na zewn\u0105trz, w doniczkach, czy w ziemi.<\/p>\n<p><img decoding=\"async\" style=\"margin-right: 12px;\" src=\"https:\/\/www.ferberpainting.com\/wp-content\/uploads\/2026\/02\/Check.svg\" alt=\"\" width=\"18\" height=\"15\" \/><strong>Gwarancja zwrotu pieni\u0119dzy.<\/strong>\u00a0Opracowali\u015bmy ten naw\u00f3z, aby zapewni\u0107 widoczne rezultaty. Je\u015bli pomimo prawid\u0142owego stosowania Twoja ro\u015blina nie wyka\u017ce poprawy, obiecujemy pe\u0142ny zwrot koszt\u00f3w.<\/p>\n<p><img decoding=\"async\" style=\"margin-right: 12px;\" src=\"https:\/\/www.ferberpainting.com\/wp-content\/uploads\/2026\/02\/Check.svg\" alt=\"\" width=\"18\" height=\"15\" \/><strong>Odpowiedni dla wszystkich ro\u015blin kwitn\u0105cych.<\/strong>\u00a0Ten wszechstronny naw\u00f3z jest odpowiedni dla szerokiej gamy ro\u015blin kwitn\u0105cych, takich jak pelargonie, petunie, r\u00f3\u017ce, hortensje, lawendy, begonie, lilie, dalie i wiele innych. Doskonale nadaje si\u0119 r\u00f3wnie\u017c do kwiat\u00f3w ogrodowych oraz ro\u015blin na balkonach i tarasach.<\/p>\n<p><img decoding=\"async\" style=\"margin-right: 12px;\" src=\"https:\/\/www.ferberpainting.com\/wp-content\/uploads\/2026\/02\/Check.svg\" alt=\"\" width=\"18\" height=\"15\" \/><strong>Doskona\u0142a wydajno\u015b\u0107 ekonomiczna.<\/strong>\u00a0Dzi\u0119ki wysokiemu st\u0119\u017ceniu ten p\u0142ynny naw\u00f3z oferuje optymaln\u0105 wydajno\u015b\u0107. Rozcie\u0144czenie 5 ml na litr wody mo\u017ce przygotowa\u0107 do 1000 litr\u00f3w roztworu od\u017cywczego, zapewniaj\u0105c d\u0142ugotrwa\u0142e u\u017cytkowanie i ni\u017csze koszty utrzymania.<\/p>\n<p><img decoding=\"async\" style=\"margin-right: 12px;\" src=\"https:\/\/www.ferberpainting.com\/wp-content\/uploads\/2026\/02\/Check.svg\" alt=\"\" width=\"18\" height=\"15\" \/><strong>Bezpieczny dla ro\u015blin i \u015brodowiska.<\/strong>\u00a0W przeciwie\u0144stwie do agresywnych nawoz\u00f3w chemicznych, nasza formu\u0142a szanuje gleb\u0119 i korzenie. Jego zr\u00f3wnowa\u017cony sk\u0142ad zapewnia stopniow\u0105 asymilacj\u0119 sk\u0142adnik\u00f3w od\u017cywczych, unikaj\u0105c w ten spos\u00f3b ryzyka poparzenia korzeni.<\/p>\n<p><img decoding=\"async\" style=\"margin-right: 12px;\" src=\"https:\/\/www.ferberpainting.com\/wp-content\/uploads\/2026\/02\/Check.svg\" alt=\"\" width=\"18\" height=\"15\" \/><strong>\u0141atwo\u015b\u0107 u\u017cycia i szybka aplikacja.<\/strong>\u00a0Naw\u00f3z w formie p\u0142ynnej jest \u0142atwy w dozowaniu i stosowaniu. Wystarczy wymiesza\u0107 go z wod\u0105 i bezpo\u015brednio podla\u0107 ro\u015bliny. Nie wymaga skomplikowanego przygotowania, co pozwala unikn\u0105\u0107 b\u0142\u0119d\u00f3w dozowania i zapewnia r\u00f3wnomierne wch\u0142anianie sk\u0142adnik\u00f3w od\u017cywczych przez korzenie.<\/p>\n<p><img decoding=\"async\" style=\"margin-right: 12px;\" src=\"https:\/\/www.ferberpainting.com\/wp-content\/uploads\/2026\/02\/Check.svg\" alt=\"\" width=\"18\" height=\"15\" \/><strong>D\u0142ugotrwa\u0142y efekt zapewniaj\u0105cy \u017cywe kwiaty przez ca\u0142y rok.<\/strong>\u00a0Poprzez stopniowe od\u017cywianie ro\u015bliny, naw\u00f3z ten promuje ci\u0105g\u0142y wzrost, zwi\u0119ksza ukorzenienie i odporno\u015b\u0107 na choroby oraz zach\u0119ca do intensywniejszego i trwalszego kwitnienia.<\/p>\n<p><img decoding=\"async\" style=\"margin-right: 12px;\" src=\"https:\/\/www.ferberpainting.com\/wp-content\/uploads\/2026\/02\/Check.svg\" alt=\"\" width=\"18\" height=\"15\" \/><strong>Szybko widoczne rezultaty.<\/strong>\u00a0Od pierwszych aplikacji mo\u017cna zaobserwowa\u0107 wzrost liczby p\u0105k\u00f3w i bardziej obfite kwitnienie. Kolory stan\u0105 si\u0119 ja\u015bniejsze, \u0142odygi mocniejsze, a p\u0142atki bardziej \u017cywe. Naw\u00f3z ten stymuluje r\u00f3wnie\u017c regeneracj\u0119 os\u0142abionych ro\u015blin po kwitnieniu, zapewniaj\u0105c optymalny cykl kwitnienia.<\/p>\n<h2><strong>Protok\u00f3\u0142 u\u017cytkowania<\/strong><\/h2>\n<p><strong>Zalecane rozcie\u0144czenie <\/strong>:<\/p>\n<ul>\n<li><strong>Regularna konserwacja <\/strong>: Rozcie\u0144czy\u0107 5 ml nawozu na litr wody i podla\u0107 pod\u0142o\u017ce.<\/li>\n<li><strong>Intensywne kwitnienie (wiosna\/lato) <\/strong>: Zwi\u0119kszy\u0107 st\u0119\u017cenie do 7 ml na litr wody, aby promowa\u0107 maksymalne kwitnienie.<\/li>\n<li><strong>Faza u\u015bpienia (jesie\u0144\/zima) <\/strong>: Zmniejszy\u0107 zar\u00f3wno cz\u0119stotliwo\u015b\u0107, jak i st\u0119\u017cenie do 2 ml na litr wody.<\/li>\n<\/ul>\n<p><strong>Cz\u0119stotliwo\u015b\u0107 aplikacji <\/strong>:<\/p>\n<ul>\n<li><strong>Ro\u015bliny w fazie wzrostu i kwitnienia <\/strong>: Stosowa\u0107 co dwa tygodnie.<\/li>\n<li><strong>Ro\u015bliny w stanie spoczynku<\/strong>: Jeden wniosek na miesi\u0105c jest wystarczaj\u0105cy.<\/li>\n<\/ul>\n<p><strong>Metody aplikacji <\/strong>:<\/p>\n<ul>\n<li><strong>Bezpo\u015brednie nawadnianie <\/strong>: Wla\u0107 roztw\u00f3r wok\u00f3\u0142 podstawy ro\u015bliny, aby zapewni\u0107 optymalne wch\u0142anianie przez korzenie.<\/li>\n<li><strong>Opryskiwanie dolistne (opcjonalnie) <\/strong>: W przypadku niekt\u00f3rych odmian o wra\u017cliwych li\u015bciach korzystne mo\u017ce by\u0107 delikatne zamg\u0142awianie li\u015bci.<\/li>\n<li><strong>Zastosowanie w otwartym terenie <\/strong>: Wla\u0107 rozcie\u0144czony naw\u00f3z wok\u00f3\u0142 podstawy ro\u015bliny, unikaj\u0105c nadmiaru stoj\u0105cej wody.<\/li>\n<li><strong>Zastosowanie w doniczkach <\/strong>: Podlewa\u0107 do momentu zaobserwowania niewielkiego odp\u0142ywu z otwor\u00f3w drena\u017cowych.<\/li>\n<\/ul>\n<p><strong>\u015arodki ostro\u017cno\u015bci dotycz\u0105ce u\u017cytkowania <\/strong>:<\/p>\n<ul>\n<li><strong>Nie przedawkowa\u0107 <\/strong>: Nadmiar nawozu mo\u017ce powodowa\u0107 \u017c\u00f3\u0142kni\u0119cie li\u015bci i os\u0142abienie ro\u015bliny.<\/li>\n<li><strong>Nie stosowa\u0107 na chore lub zestresowane ro\u015bliny <\/strong>: Przed nawo\u017ceniem nale\u017cy poczeka\u0107, a\u017c ro\u015blina odzyska wigor.<\/li>\n<li><strong>Unika\u0107 stosowania w pe\u0142nym s\u0142o\u0144cu <\/strong>: Stosowa\u0107 najlepiej wcze\u015bnie rano lub p\u00f3\u017anym popo\u0142udniem, aby zapobiec szybkiemu odparowaniu sk\u0142adnik\u00f3w od\u017cywczych.<\/li>\n<\/ul>\n<p><strong>Przechowywanie i konserwacja <\/strong>:<\/p>\n<ul>\n<li>Produkt nale\u017cy przechowywa\u0107 w suchym miejscu, z dala od \u017ar\u00f3de\u0142 ciep\u0142a.<\/li>\n<li>Zawsze szczelnie zamykaj pojemnik po ka\u017cdym u\u017cyciu, aby zachowa\u0107 jego w\u0142a\u015bciwo\u015bci nawozowe.<\/li>\n<\/ul>\n<p>Dzi\u0119ki naszemu nawozowi do ro\u015blin kwitn\u0105cych mo\u017cesz zaoferowa\u0107 swoim kwiatom kompletne i zbilansowane od\u017cywianie, zapewniaj\u0105ce spektakularne kwitnienie przez ca\u0142y rok. Niezale\u017cnie od tego, czy jeste\u015b ogrodnikiem amatorem, czy profesjonalist\u0105, ten naw\u00f3z jest idealnym rozwi\u0105zaniem dla zdrowych, \u017cywych ro\u015blin o intensywnych kolorach i przed\u0142u\u017conym kwitnieniu.<\/p>","protected":false},"excerpt":{"rendered":"<p>A specially designed fertilizer to promote flowering.\u00a0Our flowering plants require a balanced supply of essential nutrients to produce abundant, vibrant, and long-lasting blooms. This NPK 15-15-15 fertilizer is designed to stimulate the growth of stems, leaves, and roots while boosting the formation and longevity of flowers. It is suitable for all varieties of flowering plants, [&hellip;]<\/p>\n","protected":false},"featured_media":25992,"comment_status":"open","ping_status":"closed","template":"","meta":{"_uag_custom_page_level_css":"","site-sidebar-layout":"default","site-content-layout":"","ast-site-content-layout":"default","site-content-style":"default","site-sidebar-style":"default","ast-global-header-display":"","ast-banner-title-visibility":"","ast-main-header-display":"","ast-hfb-above-header-display":"","ast-hfb-below-header-display":"","ast-hfb-mobile-header-display":"","site-post-title":"","ast-breadcrumbs-content":"","ast-featured-img":"","footer-sml-layout":"","ast-disable-related-posts":"","theme-transparent-header-meta":"default","adv-header-id-meta":"","stick-header-meta":"","header-above-stick-meta":"","header-main-stick-meta":"","header-below-stick-meta":"","astra-migrate-meta-layouts":"set","ast-page-background-enabled":"default","ast-page-background-meta":{"desktop":{"background-color":"var(--ast-global-color-4)","background-image":"","background-repeat":"repeat","background-position":"center center","background-size":"auto","background-attachment":"scroll","background-type":"","background-media":"","overlay-type":"","overlay-color":"","overlay-opacity":"","overlay-gradient":""},"tablet":{"background-color":"","background-image":"","background-repeat":"repeat","background-position":"center center","background-size":"auto","background-attachment":"scroll","background-type":"","background-media":"","overlay-type":"","overlay-color":"","overlay-opacity":"","overlay-gradient":""},"mobile":{"background-color":"","background-image":"","background-repeat":"repeat","background-position":"center center","background-size":"auto","background-attachment":"scroll","background-type":"","background-media":"","overlay-type":"","overlay-color":"","overlay-opacity":"","overlay-gradient":""}},"ast-content-background-meta":{"desktop":{"background-color":"var(--ast-global-color-5)","background-image":"","background-repeat":"repeat","background-position":"center center","background-size":"auto","background-attachment":"scroll","background-type":"","background-media":"","overlay-type":"","overlay-color":"","overlay-opacity":"","overlay-gradient":""},"tablet":{"background-color":"var(--ast-global-color-5)","background-image":"","background-repeat":"repeat","background-position":"center center","background-size":"auto","background-attachment":"scroll","background-type":"","background-media":"","overlay-type":"","overlay-color":"","overlay-opacity":"","overlay-gradient":""},"mobile":{"background-color":"var(--ast-global-color-5)","background-image":"","background-repeat":"repeat","background-position":"center center","background-size":"auto","background-attachment":"scroll","background-type":"","background-media":"","overlay-type":"","overlay-color":"","overlay-opacity":"","overlay-gradient":""}}},"product_brand":[],"product_cat":[178],"product_tag":[],"class_list":{"0":"post-23465","1":"product","2":"type-product","3":"status-publish","4":"has-post-thumbnail","6":"product_cat-fertilizers","7":"desktop-align-left","8":"tablet-align-left","9":"mobile-align-left","11":"first","12":"instock","13":"sale","14":"shipping-taxable","15":"purchasable","16":"product-type-variable","17":"has-default-attributes"},"spectra_custom_meta":{"_visibility":["visible"],"_shopify_product_id":["9096161788149"],"_s2w_shopify_domain":["ferberpainting.myshopify.com"],"_shopify_variant_id":["46595778052341"],"_sku":[""],"_manage_stock":["no"],"total_sales":["14"],"_tax_status":["taxable"],"_tax_class":[""],"_backorders":["no"],"_sold_individually":["no"],"_virtual":["no"],"_downloadable":["no"],"_download_limit":["-1"],"_download_expiry":["-1"],"_stock":[null],"_stock_status":["instock"],"_wc_average_rating":["4.75"],"_wc_review_count":["8"],"_product_attributes":["a:1:{s:6:\"volume\";a:6:{s:4:\"name\";s:6:\"Volume\";s:5:\"value\";s:20:\"5 liters | 25 liters\";s:8:\"position\";i:1;s:10:\"is_visible\";i:0;s:12:\"is_variation\";i:1;s:11:\"is_taxonomy\";i:0;}}"],"_product_version":["10.5.1"],"_thumbnail_id":["25992"],"_product_image_gallery":["25993"],"wpse_downloadable_file_names":[""],"wpse_downloadable_file_urls":[""],"_edit_last":["1"],"_default_attributes":["a:1:{s:6:\"volume\";s:8:\"5 liters\";}"],"_edit_lock":["1771161089:1"],"_price":["29.90","129.90"],"merchant-center-availability":["yes"],"merchant-center-category":["113"],"_wp_page_template":["default"],"site-sidebar-layout":["default"],"ast-site-content-layout":["default"],"site-content-style":["default"],"site-sidebar-style":["default"],"theme-transparent-header-meta":["default"],"_wc_rating_count":["a:2:{i:4;i:2;i:5;i:6;}"],"astra-migrate-meta-layouts":["set"],"_uag_css_file_name":["uag-css-23465.css"],"_elementor_page_assets":["a:0:{}"],"_uag_page_assets":["a:9:{s:3:\"css\";s:6873:\".wp-block-uagb-image{display:flex}.wp-block-uagb-image__figure{position:relative;display:flex;flex-direction:column;max-width:100%;height:auto;margin:0}.wp-block-uagb-image__figure img{height:auto;display:flex;max-width:100%;transition:box-shadow .2s ease}.wp-block-uagb-image__figure>a{display:inline-block}.wp-block-uagb-image__figure figcaption{text-align:center;margin-top:.5em;margin-bottom:1em}.wp-block-uagb-image .components-placeholder.block-editor-media-placeholder .components-placeholder__instructions{align-self:center}.wp-block-uagb-image--align-left{text-align:left}.wp-block-uagb-image--align-right{text-align:right}.wp-block-uagb-image--align-center{text-align:center}.wp-block-uagb-image--align-full .wp-block-uagb-image__figure{margin-left:calc(50% - 50vw);margin-right:calc(50% - 50vw);max-width:100vw;width:100vw;height:auto}.wp-block-uagb-image--align-full .wp-block-uagb-image__figure img{height:auto;width:100% !important}.wp-block-uagb-image--align-wide .wp-block-uagb-image__figure img{height:auto;width:100%}.wp-block-uagb-image--layout-overlay__color-wrapper{position:absolute;left:0;top:0;right:0;bottom:0;opacity:.2;background:rgba(0,0,0,.5);transition:opacity .35s ease-in-out}.wp-block-uagb-image--layout-overlay-link{position:absolute;left:0;right:0;bottom:0;top:0}.wp-block-uagb-image--layout-overlay .wp-block-uagb-image__figure:hover .wp-block-uagb-image--layout-overlay__color-wrapper{opacity:1}.wp-block-uagb-image--layout-overlay__inner{position:absolute;left:15px;right:15px;bottom:15px;top:15px;display:flex;align-items:center;justify-content:center;flex-direction:column;border-color:#fff;transition:.35s ease-in-out}.wp-block-uagb-image--layout-overlay__inner.top-left,.wp-block-uagb-image--layout-overlay__inner.top-center,.wp-block-uagb-image--layout-overlay__inner.top-right{justify-content:flex-start}.wp-block-uagb-image--layout-overlay__inner.bottom-left,.wp-block-uagb-image--layout-overlay__inner.bottom-center,.wp-block-uagb-image--layout-overlay__inner.bottom-right{justify-content:flex-end}.wp-block-uagb-image--layout-overlay__inner.top-left,.wp-block-uagb-image--layout-overlay__inner.center-left,.wp-block-uagb-image--layout-overlay__inner.bottom-left{align-items:flex-start}.wp-block-uagb-image--layout-overlay__inner.top-right,.wp-block-uagb-image--layout-overlay__inner.center-right,.wp-block-uagb-image--layout-overlay__inner.bottom-right{align-items:flex-end}.wp-block-uagb-image--layout-overlay__inner .uagb-image-heading{color:#fff;transition:transform .35s,opacity .35s ease-in-out;transform:translate3d(0, 24px, 0);margin:0;line-height:1em}.wp-block-uagb-image--layout-overlay__inner .uagb-image-separator{width:30%;border-top-width:2px;border-top-color:#fff;border-top-style:solid;margin-bottom:10px;opacity:0;transition:transform .4s,opacity .4s ease-in-out;transform:translate3d(0, 30px, 0)}.wp-block-uagb-image--layout-overlay__inner .uagb-image-caption{opacity:0;overflow:visible;color:#fff;transition:transform .45s,opacity .45s ease-in-out;transform:translate3d(0, 35px, 0)}.wp-block-uagb-image--layout-overlay__inner:hover .uagb-image-heading,.wp-block-uagb-image--layout-overlay__inner:hover .uagb-image-separator,.wp-block-uagb-image--layout-overlay__inner:hover .uagb-image-caption{opacity:1;transform:translate3d(0, 0, 0)}.wp-block-uagb-image--effect-zoomin .wp-block-uagb-image__figure img,.wp-block-uagb-image--effect-zoomin .wp-block-uagb-image__figure .wp-block-uagb-image--layout-overlay__color-wrapper{transform:scale(1);transition:transform .35s ease-in-out}.wp-block-uagb-image--effect-zoomin .wp-block-uagb-image__figure:hover img,.wp-block-uagb-image--effect-zoomin .wp-block-uagb-image__figure:hover .wp-block-uagb-image--layout-overlay__color-wrapper{transform:scale(1.05)}.wp-block-uagb-image--effect-slide .wp-block-uagb-image__figure img,.wp-block-uagb-image--effect-slide .wp-block-uagb-image__figure .wp-block-uagb-image--layout-overlay__color-wrapper{width:calc(100% + 40px) !important;max-width:none !important;transform:translate3d(-40px, 0, 0);transition:transform .35s ease-in-out}.wp-block-uagb-image--effect-slide .wp-block-uagb-image__figure:hover img,.wp-block-uagb-image--effect-slide .wp-block-uagb-image__figure:hover .wp-block-uagb-image--layout-overlay__color-wrapper{transform:translate3d(0, 0, 0)}.wp-block-uagb-image--effect-grayscale img{filter:grayscale(0%);transition:.35s ease-in-out}.wp-block-uagb-image--effect-grayscale:hover img{filter:grayscale(100%)}.wp-block-uagb-image--effect-blur img{filter:blur(0);transition:.35s ease-in-out}.wp-block-uagb-image--effect-blur:hover img{filter:blur(3px)}.uagb-block-e6f939b3.wp-block-uagb-image--layout-default figure img{box-shadow: 0px 0px 0 #00000070;}.uagb-block-e6f939b3.wp-block-uagb-image .wp-block-uagb-image__figure figcaption{font-style: normal;align-self: center;}.uagb-block-e6f939b3.wp-block-uagb-image--layout-overlay figure img{box-shadow: 0px 0px 0 #00000070;}.uagb-block-e6f939b3.wp-block-uagb-image--layout-overlay .wp-block-uagb-image--layout-overlay__color-wrapper{opacity: 0.2;}.uagb-block-e6f939b3.wp-block-uagb-image--layout-overlay .wp-block-uagb-image--layout-overlay__inner{left: 15px;right: 15px;top: 15px;bottom: 15px;}.uagb-block-e6f939b3.wp-block-uagb-image--layout-overlay .wp-block-uagb-image--layout-overlay__inner .uagb-image-heading{font-style: normal;color: #fff;opacity: 1;}.uagb-block-e6f939b3.wp-block-uagb-image--layout-overlay .wp-block-uagb-image--layout-overlay__inner .uagb-image-heading a{color: #fff;}.uagb-block-e6f939b3.wp-block-uagb-image--layout-overlay .wp-block-uagb-image--layout-overlay__inner .uagb-image-caption{opacity: 0;}.uagb-block-e6f939b3.wp-block-uagb-image--layout-overlay .wp-block-uagb-image__figure:hover .wp-block-uagb-image--layout-overlay__color-wrapper{opacity: 1;}.uagb-block-e6f939b3.wp-block-uagb-image .wp-block-uagb-image--layout-overlay__inner .uagb-image-separator{width: 30%;border-top-width: 2px;border-top-color: #fff;opacity: 0;}.uagb-block-e6f939b3.wp-block-uagb-image .wp-block-uagb-image__figure img{width: px;height: auto;}.uagb-block-e6f939b3.wp-block-uagb-image .wp-block-uagb-image__figure:hover .wp-block-uagb-image--layout-overlay__inner .uagb-image-caption{opacity: 1;}.uagb-block-e6f939b3.wp-block-uagb-image .wp-block-uagb-image__figure:hover .wp-block-uagb-image--layout-overlay__inner .uagb-image-separator{opacity: 1;}.uagb-block-e6f939b3.wp-block-uagb-image--layout-default figure:hover img{box-shadow: 0px 0px 0 #00000070;}.uagb-block-e6f939b3.wp-block-uagb-image--layout-overlay figure:hover img{box-shadow: 0px 0px 0 #00000070;}@media only screen and (max-width: 976px) {.uagb-block-e6f939b3.wp-block-uagb-image .wp-block-uagb-image__figure img{width: px;height: auto;}}@media only screen and (max-width: 767px) {.uagb-block-e6f939b3.wp-block-uagb-image .wp-block-uagb-image__figure img{width: px;height: auto;}}\";s:2:\"js\";s:0:\"\";s:18:\"current_block_list\";a:13:{i:0;s:11:\"core\/search\";i:1;s:10:\"core\/group\";i:2;s:12:\"core\/heading\";i:3;s:17:\"core\/latest-posts\";i:4;s:20:\"core\/latest-comments\";i:5;s:13:\"core\/archives\";i:6;s:15:\"core\/categories\";i:7;s:14:\"core\/paragraph\";i:8;s:10:\"uagb\/image\";i:9;s:11:\"core\/spacer\";i:10;s:30:\"woocommerce\/product-categories\";i:11;s:10:\"core\/image\";i:12;s:14:\"core\/shortcode\";}s:8:\"uag_flag\";b:1;s:11:\"uag_version\";s:10:\"1777099584\";s:6:\"gfonts\";a:0:{}s:10:\"gfonts_url\";s:0:\"\";s:12:\"gfonts_files\";a:0:{}s:14:\"uag_faq_layout\";b:0;}"]},"uagb_featured_image_src":{"full":["https:\/\/www.ferberpainting.com\/wp-content\/uploads\/2025\/05\/FloweringPlantFertilizer5L.png",2560,2560,false],"thumbnail":["https:\/\/www.ferberpainting.com\/wp-content\/uploads\/2025\/05\/FloweringPlantFertilizer5L-150x150.png",150,150,true],"medium":["https:\/\/www.ferberpainting.com\/wp-content\/uploads\/2025\/05\/FloweringPlantFertilizer5L-300x300.png",300,300,true],"medium_large":["https:\/\/www.ferberpainting.com\/wp-content\/uploads\/2025\/05\/FloweringPlantFertilizer5L-768x768.png",768,768,true],"large":["https:\/\/www.ferberpainting.com\/wp-content\/uploads\/2025\/05\/FloweringPlantFertilizer5L-1024x1024.png",1024,1024,true],"1536x1536":["https:\/\/www.ferberpainting.com\/wp-content\/uploads\/2025\/05\/FloweringPlantFertilizer5L-1536x1536.png",1536,1536,true],"2048x2048":["https:\/\/www.ferberpainting.com\/wp-content\/uploads\/2025\/05\/FloweringPlantFertilizer5L-2048x2048.png",2048,2048,true],"trp-custom-language-flag":["https:\/\/www.ferberpainting.com\/wp-content\/uploads\/2025\/05\/FloweringPlantFertilizer5L-12x12.png",12,12,true],"woocommerce_thumbnail":["https:\/\/www.ferberpainting.com\/wp-content\/uploads\/2025\/05\/FloweringPlantFertilizer5L-300x300.png",300,300,true],"woocommerce_single":["https:\/\/www.ferberpainting.com\/wp-content\/uploads\/2025\/05\/FloweringPlantFertilizer5L-600x600.png",600,600,true],"woocommerce_gallery_thumbnail":["https:\/\/www.ferberpainting.com\/wp-content\/uploads\/2025\/05\/FloweringPlantFertilizer5L-100x100.png",100,100,true]},"uagb_author_info":{"display_name":"admin","author_link":"https:\/\/www.ferberpainting.com\/pl\/author\/"},"uagb_comment_info":8,"uagb_excerpt":"A specially designed fertilizer to promote flowering.\u00a0Our flowering plants require a balanced supply of essential nutrients to produce abundant, vibrant, and long-lasting blooms. This NPK 15-15-15 fertilizer is designed to stimulate the growth of stems, leaves, and roots while boosting the formation and longevity of flowers. It is suitable for all varieties of flowering plants,&hellip;","_links":{"self":[{"href":"https:\/\/www.ferberpainting.com\/pl\/wp-json\/wp\/v2\/product\/23465","targetHints":{"allow":["GET"]}}],"collection":[{"href":"https:\/\/www.ferberpainting.com\/pl\/wp-json\/wp\/v2\/product"}],"about":[{"href":"https:\/\/www.ferberpainting.com\/pl\/wp-json\/wp\/v2\/types\/product"}],"replies":[{"embeddable":true,"href":"https:\/\/www.ferberpainting.com\/pl\/wp-json\/wp\/v2\/comments?post=23465"}],"version-history":[{"count":4,"href":"https:\/\/www.ferberpainting.com\/pl\/wp-json\/wp\/v2\/product\/23465\/revisions"}],"predecessor-version":[{"id":166165,"href":"https:\/\/www.ferberpainting.com\/pl\/wp-json\/wp\/v2\/product\/23465\/revisions\/166165"}],"wp:featuredmedia":[{"embeddable":true,"href":"https:\/\/www.ferberpainting.com\/pl\/wp-json\/wp\/v2\/media\/25992"}],"wp:attachment":[{"href":"https:\/\/www.ferberpainting.com\/pl\/wp-json\/wp\/v2\/media?parent=23465"}],"wp:term":[{"taxonomy":"product_brand","embeddable":true,"href":"https:\/\/www.ferberpainting.com\/pl\/wp-json\/wp\/v2\/product_brand?post=23465"},{"taxonomy":"product_cat","embeddable":true,"href":"https:\/\/www.ferberpainting.com\/pl\/wp-json\/wp\/v2\/product_cat?post=23465"},{"taxonomy":"product_tag","embeddable":true,"href":"https:\/\/www.ferberpainting.com\/pl\/wp-json\/wp\/v2\/product_tag?post=23465"}],"curies":[{"name":"wp","href":"https:\/\/api.w.org\/{rel}","templated":true}]}}