{"id":23211,"date":"2025-07-01T16:26:50","date_gmt":"2025-07-01T14:26:50","guid":{"rendered":"https:\/\/www.ferberpainting.com\/?post_type=product&#038;p=23202"},"modified":"2026-02-15T13:55:00","modified_gmt":"2026-02-15T12:55:00","slug":"epoxy-resin-cleaner","status":"publish","type":"product","link":"https:\/\/www.ferberpainting.com\/pl\/products\/epoxy-resin-cleaner\/","title":{"rendered":"\u015arodek do czyszczenia \u017cywic epoksydowych"},"content":{"rendered":"<p><img decoding=\"async\" style=\"margin-right: 12px;\" src=\"https:\/\/www.ferberpainting.com\/wp-content\/uploads\/2026\/02\/Check.svg\" alt=\"\" width=\"18\" height=\"15\" \/><strong>Optymalna wydajno\u015b\u0107.<\/strong>\u00a0Ten \u015brodek czyszcz\u0105cy do \u017cywicy epoksydowej zosta\u0142 specjalnie zaprojektowany, aby skutecznie eliminowa\u0107 pozosta\u0142o\u015bci, plamy i zanieczyszczenia, kt\u00f3re mog\u0105 gromadzi\u0107 si\u0119 na powierzchniach \u017cywicy epoksydowej po ich na\u0142o\u017ceniu lub u\u017cyciu. Wnika g\u0142\u0119boko, aby rozpu\u015bci\u0107 brud, t\u0142uszcz, osadzony kurz, a nawet osady wapienne bez uszkadzania b\u0142yszcz\u0105cego i ochronnego wyko\u0144czenia \u017cywicy. Jego silna formu\u0142a zapewnia delikatne czyszczenie przy jednoczesnym zachowaniu struktury obrabianego materia\u0142u, zapobiegaj\u0105c w ten spos\u00f3b matowieniu lub zarysowaniom.<\/p>\n<p><img decoding=\"async\" style=\"margin-right: 12px;\" src=\"https:\/\/www.ferberpainting.com\/wp-content\/uploads\/2026\/02\/Check.svg\" alt=\"\" width=\"18\" height=\"15\" \/><strong>Gwarancja zwrotu pieni\u0119dzy.<\/strong>\u00a0Jeste\u015bmy ca\u0142kowicie pewni skuteczno\u015bci naszego \u015brodka czyszcz\u0105cego. Je\u015bli po u\u017cyciu nie b\u0119dziesz w pe\u0142ni zadowolony z rezultat\u00f3w, przys\u0142uguje Ci pe\u0142ny zwrot pieni\u0119dzy. Wypr\u00f3buj nasz produkt bez ryzyka i ciesz si\u0119 l\u015bni\u0105co czyst\u0105 powierzchni\u0105 \u017cywicy epoksydowej bez wysi\u0142ku.<\/p>\n<p><img decoding=\"async\" style=\"margin-right: 12px;\" src=\"https:\/\/www.ferberpainting.com\/wp-content\/uploads\/2026\/02\/Check.svg\" alt=\"\" width=\"18\" height=\"15\" \/><strong>Wyj\u0105tkowa wszechstronno\u015b\u0107.<\/strong>\u00a0Ten \u015brodek czyszcz\u0105cy nie ogranicza si\u0119 do powierzchni z \u017cywicy epoksydowej! Jest r\u00f3wnie\u017c idealny do czyszczenia innych materia\u0142\u00f3w zwi\u0105zanych z \u017cywic\u0105, takich jak polerowany beton, cement, p\u0142ytki, szk\u0142o, metal, stal nierdzewna, a nawet niekt\u00f3re powierzchnie plastikowe. Nadaje si\u0119 do stosowania na posadzkach \u017cywicznych, blatach, sto\u0142ach, przedmiotach dekoracyjnych w \u017cywicy i narz\u0119dziach u\u017cywanych do nak\u0142adania \u017cywicy. Usuwa pozosta\u0142o\u015bci, plamy, \u015blady kolor\u00f3w i osadzony py\u0142, jednocze\u015bnie chroni\u0105c wyko\u0144czenie powierzchni.<\/p>\n<p><img decoding=\"async\" style=\"margin-right: 12px;\" src=\"https:\/\/www.ferberpainting.com\/wp-content\/uploads\/2026\/02\/Check.svg\" alt=\"\" width=\"18\" height=\"15\" \/><strong>Ekonomiczna wydajno\u015b\u0107.<\/strong>\u00a0Dzi\u0119ki 5-litrowemu kanistrowi i optymalnemu st\u0119\u017ceniu ten \u015brodek czyszcz\u0105cy oferuje doskona\u0142\u0105 warto\u015b\u0107. Niewielka ilo\u015b\u0107 wystarcza do wyczyszczenia du\u017cej powierzchni bez strat. \u015arednio jeden litr produktu mo\u017ce wyczy\u015bci\u0107 do 100 m\u00b2 powierzchni \u017cywicy epoksydowej, co czyni go ekonomicznym i wydajnym rozwi\u0105zaniem do regularnego stosowania zar\u00f3wno w domu, jak i dla profesjonalist\u00f3w w budownictwie, projektowaniu i dekoracji.<\/p>\n<p><img decoding=\"async\" style=\"margin-right: 12px;\" src=\"https:\/\/www.ferberpainting.com\/wp-content\/uploads\/2026\/02\/Check.svg\" alt=\"\" width=\"18\" height=\"15\" \/><strong>Bezpieczny w u\u017cyciu.<\/strong>\u00a0W przeciwie\u0144stwie do ostrych produkt\u00f3w zawieraj\u0105cych szkodliwe rozpuszczalniki, takie jak kwas solny, ten \u015brodek czyszcz\u0105cy nie zawiera zwi\u0105zk\u00f3w \u017cr\u0105cych ani substancji niebezpiecznych dla materia\u0142\u00f3w i zdrowia. Nie wydziela dra\u017cni\u0105cych opar\u00f3w, nie powoduje przedwczesnego zu\u017cycia powierzchni i szanuje integralno\u015b\u0107 obrabianych materia\u0142\u00f3w. Jest bezpieczny do cz\u0119stego stosowania i umo\u017cliwia bezpieczne czyszczenie nawet w zamkni\u0119tych pomieszczeniach bez specjalnej wentylacji.<\/p>\n<p><img decoding=\"async\" style=\"margin-right: 12px;\" src=\"https:\/\/www.ferberpainting.com\/wp-content\/uploads\/2026\/02\/Check.svg\" alt=\"\" width=\"18\" height=\"15\" \/><strong>\u0141atwo\u015b\u0107 u\u017cytkowania.<\/strong>\u00a0Produkt jest gotowy do u\u017cycia i nie wymaga rozcie\u0144czania ani skomplikowanego przygotowania. Nak\u0142ada si\u0119 go bezpo\u015brednio na powierzchni\u0119 za pomoc\u0105 mi\u0119kkiej szmatki, g\u0105bki lub butelki z rozpylaczem. Jego szybkie dzia\u0142anie i intuicyjna aplikacja pozwalaj\u0105 na szybkie usuni\u0119cie zanieczyszcze\u0144 bez nadmiernego sp\u0142ukiwania lub wysi\u0142ku. Nie pozostawia lepkich pozosta\u0142o\u015bci po aplikacji i nie wymaga polerowania, co upraszcza jego u\u017cycie.<\/p>\n<p><img decoding=\"async\" style=\"margin-right: 12px;\" src=\"https:\/\/www.ferberpainting.com\/wp-content\/uploads\/2026\/02\/Check.svg\" alt=\"\" width=\"18\" height=\"15\" \/><strong>Zwi\u0119kszona wytrzyma\u0142o\u015b\u0107.<\/strong>\u00a0Regularnie usuwaj\u0105c zanieczyszczenia i zachowuj\u0105c b\u0142yszcz\u0105ce wyko\u0144czenie \u017cywicy, ten \u015brodek czyszcz\u0105cy pomaga przed\u0142u\u017cy\u0107 \u017cywotno\u015b\u0107 obrabianych powierzchni. Zapobiega gromadzeniu si\u0119 kurzu, kamienia i t\u0142ustych osad\u00f3w, zapewniaj\u0105c d\u0142ugotrwa\u0142\u0105 ochron\u0119. Regularne stosowanie tego produktu pomaga zachowa\u0107 \u015bwie\u017cy wygl\u0105d powierzchni z \u017cywicy epoksydowej i zapobiega przedwczesnemu matowieniu, szczeg\u00f3lnie w wilgotnym \u015brodowisku lub w ekstremalnych warunkach.<\/p>\n<p><img decoding=\"async\" style=\"margin-right: 12px;\" src=\"https:\/\/www.ferberpainting.com\/wp-content\/uploads\/2026\/02\/Check.svg\" alt=\"\" width=\"18\" height=\"15\" \/><strong>Szybka akcja.<\/strong>\u00a0Dzi\u0119ki wysoce aktywnej formule ten \u015brodek czyszcz\u0105cy dzia\u0142a natychmiast na pozosta\u0142o\u015bci i osadzony brud. W ci\u0105gu zaledwie kilku sekund rozpuszcza zanieczyszczenia i u\u0142atwia ich usuwanie bez konieczno\u015bci nadmiernego szorowania. Zapewnia szybkie i skuteczne czyszczenie, idealne do szybkiej konserwacji powierzchni z \u017cywicy epoksydowej, zar\u00f3wno w kuchni, \u0142azience, warsztacie, jak i na przemys\u0142owej posadzce \u017cywicznej.<\/p>\n<h2><strong>Protok\u00f3\u0142 u\u017cytkowania<\/strong><\/h2>\n<ul>\n<li><strong>Przygotowanie <\/strong>: Przed zastosowaniem produktu nale\u017cy upewni\u0107 si\u0119, \u017ce czyszczona powierzchnia jest sucha lub lekko wilgotna. Odkurzy\u0107 powierzchni\u0119 such\u0105 szmatk\u0105, aby usun\u0105\u0107 zanieczyszczenia.<\/li>\n<li><strong>Aplikacja r\u0119czna <\/strong>: Nala\u0107 niewielk\u0105 ilo\u015b\u0107 \u015brodka czyszcz\u0105cego na mi\u0119kk\u0105 szmatk\u0119 lub nie\u015bciern\u0105 g\u0105bk\u0119, a nast\u0119pnie rozprowadzi\u0107 r\u00f3wnomiernie na powierzchni, wykonuj\u0105c okr\u0119\u017cne ruchy, aby umo\u017cliwi\u0107 wnikni\u0119cie produktu i rozpuszczenie brudu.<\/li>\n<li><strong>Zastosowanie na du\u017cych powierzchniach <\/strong>: Aby wyczy\u015bci\u0107 pod\u0142og\u0119 lub du\u017c\u0105 powierzchni\u0119 z \u017cywicy epoksydowej, u\u017cyj butelki z rozpylaczem, aby r\u00f3wnomiernie rozprowadzi\u0107 produkt. Pozostaw na kilka minut, aby \u015brodek czyszcz\u0105cy rozpu\u015bci\u0142 zanieczyszczenia, a nast\u0119pnie przetrzyj czyst\u0105 mikrofibr\u0105.<\/li>\n<li><strong>Usuwanie uporczywych plam <\/strong>: W przypadku t\u0142ustych \u015blad\u00f3w, pozosta\u0142o\u015bci kleju lub stwardnia\u0142ych \u015blad\u00f3w \u017cywicy nale\u017cy pozostawi\u0107 produkt na 5 do 10 minut, a nast\u0119pnie delikatnie wyszorowa\u0107 mi\u0119kk\u0105 szczotk\u0105 lub odpowiedni\u0105 g\u0105bk\u0105.<\/li>\n<li><strong>P\u0142ukanie i wycieranie <\/strong>: Przetrze\u0107 powierzchni\u0119 such\u0105 lub lekko wilgotn\u0105 \u015bciereczk\u0105, aby usun\u0105\u0107 pozosta\u0142o\u015bci produktu i zapewni\u0107 nieskazitelne wyko\u0144czenie bez smug.<\/li>\n<li><strong>Polerowanie i nab\u0142yszczanie <\/strong>: Aby wzmocni\u0107 efekt po\u0142ysku \u017cywicy epoksydowej, wyko\u0144cz j\u0105 ko\u0144cowym polerowaniem za pomoc\u0105 suchej \u015bciereczki z mikrofibry, aby wyg\u0142adzi\u0107 i o\u017cywi\u0107 naturalny po\u0142ysk powierzchni.<\/li>\n<li><strong>Cz\u0119stotliwo\u015b\u0107 u\u017cytkowania <\/strong>: Stosowa\u0107 raz lub dwa razy w miesi\u0105cu w celu regularnej konserwacji i zapobiegania gromadzeniu si\u0119 kurzu i brudu. W przypadku obszar\u00f3w o du\u017cym nat\u0119\u017ceniu ruchu lub du\u017cej wilgotno\u015bci zalecane jest cotygodniowe czyszczenie.<\/li>\n<li><strong>Przechowywanie <\/strong>: Szczelnie zamkn\u0105\u0107 pojemnik po ka\u017cdym u\u017cyciu i przechowywa\u0107 w ch\u0142odnym, suchym miejscu, z dala od \u015bwiat\u0142a i ekstremalnych temperatur, aby zachowa\u0107 skuteczno\u015b\u0107 produktu przez d\u0142ugi czas.<\/li>\n<\/ul>\n<p>Dzi\u0119ki naszemu \u015brodkowi do czyszczenia \u017cywic epoksydowych mo\u017cesz cieszy\u0107 si\u0119 wydajnym i \u0142atwym czyszczeniem, zachowuj\u0105c jednocze\u015bnie po\u0142ysk i trwa\u0142o\u015b\u0107 swoich powierzchni. Idealne rozwi\u0105zanie zapewniaj\u0105ce nieskazitelne wyko\u0144czenie i bezproblemow\u0105 konserwacj\u0119.<\/p>","protected":false},"excerpt":{"rendered":"<p>Optimal Efficiency.\u00a0This cleaner for epoxy resin is specially designed to effectively eliminate residues, stains, and impurities that can build up on epoxy resin surfaces after their application or use. It penetrates deeply to dissolve dirt, grease, embedded dust, and even limescale deposits without damaging the glossy and protective finish of the resin. Its powerful formula [&hellip;]<\/p>\n","protected":false},"featured_media":36466,"comment_status":"open","ping_status":"closed","template":"","meta":{"_uag_custom_page_level_css":"","site-sidebar-layout":"default","site-content-layout":"","ast-site-content-layout":"default","site-content-style":"default","site-sidebar-style":"default","ast-global-header-display":"","ast-banner-title-visibility":"","ast-main-header-display":"","ast-hfb-above-header-display":"","ast-hfb-below-header-display":"","ast-hfb-mobile-header-display":"","site-post-title":"","ast-breadcrumbs-content":"","ast-featured-img":"","footer-sml-layout":"","ast-disable-related-posts":"","theme-transparent-header-meta":"default","adv-header-id-meta":"","stick-header-meta":"","header-above-stick-meta":"","header-main-stick-meta":"","header-below-stick-meta":"","astra-migrate-meta-layouts":"set","ast-page-background-enabled":"default","ast-page-background-meta":{"desktop":{"background-color":"var(--ast-global-color-4)","background-image":"","background-repeat":"repeat","background-position":"center center","background-size":"auto","background-attachment":"scroll","background-type":"","background-media":"","overlay-type":"","overlay-color":"","overlay-opacity":"","overlay-gradient":""},"tablet":{"background-color":"","background-image":"","background-repeat":"repeat","background-position":"center center","background-size":"auto","background-attachment":"scroll","background-type":"","background-media":"","overlay-type":"","overlay-color":"","overlay-opacity":"","overlay-gradient":""},"mobile":{"background-color":"","background-image":"","background-repeat":"repeat","background-position":"center center","background-size":"auto","background-attachment":"scroll","background-type":"","background-media":"","overlay-type":"","overlay-color":"","overlay-opacity":"","overlay-gradient":""}},"ast-content-background-meta":{"desktop":{"background-color":"var(--ast-global-color-5)","background-image":"","background-repeat":"repeat","background-position":"center center","background-size":"auto","background-attachment":"scroll","background-type":"","background-media":"","overlay-type":"","overlay-color":"","overlay-opacity":"","overlay-gradient":""},"tablet":{"background-color":"var(--ast-global-color-5)","background-image":"","background-repeat":"repeat","background-position":"center center","background-size":"auto","background-attachment":"scroll","background-type":"","background-media":"","overlay-type":"","overlay-color":"","overlay-opacity":"","overlay-gradient":""},"mobile":{"background-color":"var(--ast-global-color-5)","background-image":"","background-repeat":"repeat","background-position":"center center","background-size":"auto","background-attachment":"scroll","background-type":"","background-media":"","overlay-type":"","overlay-color":"","overlay-opacity":"","overlay-gradient":""}}},"product_brand":[],"product_cat":[175],"product_tag":[],"class_list":{"0":"post-23211","1":"product","2":"type-product","3":"status-publish","4":"has-post-thumbnail","6":"product_cat-cleaning-products","7":"desktop-align-left","8":"tablet-align-left","9":"mobile-align-left","11":"first","12":"instock","13":"sale","14":"taxable","15":"shipping-taxable","16":"purchasable","17":"product-type-variable","18":"has-default-attributes"},"spectra_custom_meta":{"_visibility":["visible"],"_shopify_product_id":["9106225987829"],"_s2w_shopify_domain":["ferberpainting.myshopify.com"],"_shopify_variant_id":["46625728987381"],"_sku":[""],"_manage_stock":["no"],"total_sales":["52"],"_tax_status":["taxable"],"_tax_class":[""],"_backorders":["no"],"_sold_individually":["no"],"_virtual":["no"],"_downloadable":["no"],"_download_limit":["-1"],"_download_expiry":["-1"],"_stock":[null],"_stock_status":["instock"],"_wc_average_rating":["5.00"],"_wc_review_count":["11"],"_product_attributes":["a:1:{s:6:\"volume\";a:6:{s:4:\"name\";s:6:\"Volume\";s:5:\"value\";s:20:\"5 liters | 25 liters\";s:8:\"position\";i:1;s:10:\"is_visible\";i:0;s:12:\"is_variation\";i:1;s:11:\"is_taxonomy\";i:0;}}"],"_product_version":["10.5.1"],"wpse_downloadable_file_names":[""],"wpse_downloadable_file_urls":[""],"_edit_last":["1"],"_default_attributes":["a:1:{s:6:\"volume\";s:8:\"5 liters\";}"],"_edit_lock":["1771159961:1"],"_price":["29.90","129.90"],"merchant-center-availability":["yes"],"merchant-center-category":["4977"],"_thumbnail_id":["36466"],"_wp_page_template":["default"],"_wp_old_date":["2025-05-26"],"_product_image_gallery":["36467"],"site-sidebar-layout":["default"],"ast-site-content-layout":["default"],"site-content-style":["default"],"site-sidebar-style":["default"],"theme-transparent-header-meta":["default"],"_wc_rating_count":["a:1:{i:5;i:11;}"],"astra-migrate-meta-layouts":["set"],"_uag_css_file_name":["uag-css-23211.css"],"_elementor_page_assets":["a:0:{}"],"_uag_page_assets":["a:9:{s:3:\"css\";s:6873:\".wp-block-uagb-image{display:flex}.wp-block-uagb-image__figure{position:relative;display:flex;flex-direction:column;max-width:100%;height:auto;margin:0}.wp-block-uagb-image__figure img{height:auto;display:flex;max-width:100%;transition:box-shadow .2s ease}.wp-block-uagb-image__figure>a{display:inline-block}.wp-block-uagb-image__figure figcaption{text-align:center;margin-top:.5em;margin-bottom:1em}.wp-block-uagb-image .components-placeholder.block-editor-media-placeholder .components-placeholder__instructions{align-self:center}.wp-block-uagb-image--align-left{text-align:left}.wp-block-uagb-image--align-right{text-align:right}.wp-block-uagb-image--align-center{text-align:center}.wp-block-uagb-image--align-full .wp-block-uagb-image__figure{margin-left:calc(50% - 50vw);margin-right:calc(50% - 50vw);max-width:100vw;width:100vw;height:auto}.wp-block-uagb-image--align-full .wp-block-uagb-image__figure img{height:auto;width:100% !important}.wp-block-uagb-image--align-wide .wp-block-uagb-image__figure img{height:auto;width:100%}.wp-block-uagb-image--layout-overlay__color-wrapper{position:absolute;left:0;top:0;right:0;bottom:0;opacity:.2;background:rgba(0,0,0,.5);transition:opacity .35s ease-in-out}.wp-block-uagb-image--layout-overlay-link{position:absolute;left:0;right:0;bottom:0;top:0}.wp-block-uagb-image--layout-overlay .wp-block-uagb-image__figure:hover .wp-block-uagb-image--layout-overlay__color-wrapper{opacity:1}.wp-block-uagb-image--layout-overlay__inner{position:absolute;left:15px;right:15px;bottom:15px;top:15px;display:flex;align-items:center;justify-content:center;flex-direction:column;border-color:#fff;transition:.35s ease-in-out}.wp-block-uagb-image--layout-overlay__inner.top-left,.wp-block-uagb-image--layout-overlay__inner.top-center,.wp-block-uagb-image--layout-overlay__inner.top-right{justify-content:flex-start}.wp-block-uagb-image--layout-overlay__inner.bottom-left,.wp-block-uagb-image--layout-overlay__inner.bottom-center,.wp-block-uagb-image--layout-overlay__inner.bottom-right{justify-content:flex-end}.wp-block-uagb-image--layout-overlay__inner.top-left,.wp-block-uagb-image--layout-overlay__inner.center-left,.wp-block-uagb-image--layout-overlay__inner.bottom-left{align-items:flex-start}.wp-block-uagb-image--layout-overlay__inner.top-right,.wp-block-uagb-image--layout-overlay__inner.center-right,.wp-block-uagb-image--layout-overlay__inner.bottom-right{align-items:flex-end}.wp-block-uagb-image--layout-overlay__inner .uagb-image-heading{color:#fff;transition:transform .35s,opacity .35s ease-in-out;transform:translate3d(0, 24px, 0);margin:0;line-height:1em}.wp-block-uagb-image--layout-overlay__inner .uagb-image-separator{width:30%;border-top-width:2px;border-top-color:#fff;border-top-style:solid;margin-bottom:10px;opacity:0;transition:transform .4s,opacity .4s ease-in-out;transform:translate3d(0, 30px, 0)}.wp-block-uagb-image--layout-overlay__inner .uagb-image-caption{opacity:0;overflow:visible;color:#fff;transition:transform .45s,opacity .45s ease-in-out;transform:translate3d(0, 35px, 0)}.wp-block-uagb-image--layout-overlay__inner:hover .uagb-image-heading,.wp-block-uagb-image--layout-overlay__inner:hover .uagb-image-separator,.wp-block-uagb-image--layout-overlay__inner:hover .uagb-image-caption{opacity:1;transform:translate3d(0, 0, 0)}.wp-block-uagb-image--effect-zoomin .wp-block-uagb-image__figure img,.wp-block-uagb-image--effect-zoomin .wp-block-uagb-image__figure .wp-block-uagb-image--layout-overlay__color-wrapper{transform:scale(1);transition:transform .35s ease-in-out}.wp-block-uagb-image--effect-zoomin .wp-block-uagb-image__figure:hover img,.wp-block-uagb-image--effect-zoomin .wp-block-uagb-image__figure:hover .wp-block-uagb-image--layout-overlay__color-wrapper{transform:scale(1.05)}.wp-block-uagb-image--effect-slide .wp-block-uagb-image__figure img,.wp-block-uagb-image--effect-slide .wp-block-uagb-image__figure .wp-block-uagb-image--layout-overlay__color-wrapper{width:calc(100% + 40px) !important;max-width:none !important;transform:translate3d(-40px, 0, 0);transition:transform .35s ease-in-out}.wp-block-uagb-image--effect-slide .wp-block-uagb-image__figure:hover img,.wp-block-uagb-image--effect-slide .wp-block-uagb-image__figure:hover .wp-block-uagb-image--layout-overlay__color-wrapper{transform:translate3d(0, 0, 0)}.wp-block-uagb-image--effect-grayscale img{filter:grayscale(0%);transition:.35s ease-in-out}.wp-block-uagb-image--effect-grayscale:hover img{filter:grayscale(100%)}.wp-block-uagb-image--effect-blur img{filter:blur(0);transition:.35s ease-in-out}.wp-block-uagb-image--effect-blur:hover img{filter:blur(3px)}.uagb-block-e6f939b3.wp-block-uagb-image--layout-default figure img{box-shadow: 0px 0px 0 #00000070;}.uagb-block-e6f939b3.wp-block-uagb-image .wp-block-uagb-image__figure figcaption{font-style: normal;align-self: center;}.uagb-block-e6f939b3.wp-block-uagb-image--layout-overlay figure img{box-shadow: 0px 0px 0 #00000070;}.uagb-block-e6f939b3.wp-block-uagb-image--layout-overlay .wp-block-uagb-image--layout-overlay__color-wrapper{opacity: 0.2;}.uagb-block-e6f939b3.wp-block-uagb-image--layout-overlay .wp-block-uagb-image--layout-overlay__inner{left: 15px;right: 15px;top: 15px;bottom: 15px;}.uagb-block-e6f939b3.wp-block-uagb-image--layout-overlay .wp-block-uagb-image--layout-overlay__inner .uagb-image-heading{font-style: normal;color: #fff;opacity: 1;}.uagb-block-e6f939b3.wp-block-uagb-image--layout-overlay .wp-block-uagb-image--layout-overlay__inner .uagb-image-heading a{color: #fff;}.uagb-block-e6f939b3.wp-block-uagb-image--layout-overlay .wp-block-uagb-image--layout-overlay__inner .uagb-image-caption{opacity: 0;}.uagb-block-e6f939b3.wp-block-uagb-image--layout-overlay .wp-block-uagb-image__figure:hover .wp-block-uagb-image--layout-overlay__color-wrapper{opacity: 1;}.uagb-block-e6f939b3.wp-block-uagb-image .wp-block-uagb-image--layout-overlay__inner .uagb-image-separator{width: 30%;border-top-width: 2px;border-top-color: #fff;opacity: 0;}.uagb-block-e6f939b3.wp-block-uagb-image .wp-block-uagb-image__figure img{width: px;height: auto;}.uagb-block-e6f939b3.wp-block-uagb-image .wp-block-uagb-image__figure:hover .wp-block-uagb-image--layout-overlay__inner .uagb-image-caption{opacity: 1;}.uagb-block-e6f939b3.wp-block-uagb-image .wp-block-uagb-image__figure:hover .wp-block-uagb-image--layout-overlay__inner .uagb-image-separator{opacity: 1;}.uagb-block-e6f939b3.wp-block-uagb-image--layout-default figure:hover img{box-shadow: 0px 0px 0 #00000070;}.uagb-block-e6f939b3.wp-block-uagb-image--layout-overlay figure:hover img{box-shadow: 0px 0px 0 #00000070;}@media only screen and (max-width: 976px) {.uagb-block-e6f939b3.wp-block-uagb-image .wp-block-uagb-image__figure img{width: px;height: auto;}}@media only screen and (max-width: 767px) {.uagb-block-e6f939b3.wp-block-uagb-image .wp-block-uagb-image__figure img{width: px;height: auto;}}\";s:2:\"js\";s:0:\"\";s:18:\"current_block_list\";a:13:{i:0;s:11:\"core\/search\";i:1;s:10:\"core\/group\";i:2;s:12:\"core\/heading\";i:3;s:17:\"core\/latest-posts\";i:4;s:20:\"core\/latest-comments\";i:5;s:13:\"core\/archives\";i:6;s:15:\"core\/categories\";i:7;s:14:\"core\/paragraph\";i:8;s:10:\"uagb\/image\";i:9;s:11:\"core\/spacer\";i:10;s:30:\"woocommerce\/product-categories\";i:11;s:10:\"core\/image\";i:12;s:14:\"core\/shortcode\";}s:8:\"uag_flag\";b:1;s:11:\"uag_version\";s:10:\"1777233786\";s:6:\"gfonts\";a:0:{}s:10:\"gfonts_url\";s:0:\"\";s:12:\"gfonts_files\";a:0:{}s:14:\"uag_faq_layout\";b:0;}"]},"uagb_featured_image_src":{"full":["https:\/\/www.ferberpainting.com\/wp-content\/uploads\/2025\/05\/Epoxy-Resin-Cleaner-5L.png",2560,2560,false],"thumbnail":["https:\/\/www.ferberpainting.com\/wp-content\/uploads\/2025\/05\/Epoxy-Resin-Cleaner-5L-150x150.png",150,150,true],"medium":["https:\/\/www.ferberpainting.com\/wp-content\/uploads\/2025\/05\/Epoxy-Resin-Cleaner-5L-300x300.png",300,300,true],"medium_large":["https:\/\/www.ferberpainting.com\/wp-content\/uploads\/2025\/05\/Epoxy-Resin-Cleaner-5L-768x768.png",768,768,true],"large":["https:\/\/www.ferberpainting.com\/wp-content\/uploads\/2025\/05\/Epoxy-Resin-Cleaner-5L-1024x1024.png",1024,1024,true],"1536x1536":["https:\/\/www.ferberpainting.com\/wp-content\/uploads\/2025\/05\/Epoxy-Resin-Cleaner-5L-1536x1536.png",1536,1536,true],"2048x2048":["https:\/\/www.ferberpainting.com\/wp-content\/uploads\/2025\/05\/Epoxy-Resin-Cleaner-5L-2048x2048.png",2048,2048,true],"trp-custom-language-flag":["https:\/\/www.ferberpainting.com\/wp-content\/uploads\/2025\/05\/Epoxy-Resin-Cleaner-5L-12x12.png",12,12,true],"woocommerce_thumbnail":["https:\/\/www.ferberpainting.com\/wp-content\/uploads\/2025\/05\/Epoxy-Resin-Cleaner-5L-300x300.png",300,300,true],"woocommerce_single":["https:\/\/www.ferberpainting.com\/wp-content\/uploads\/2025\/05\/Epoxy-Resin-Cleaner-5L-600x600.png",600,600,true],"woocommerce_gallery_thumbnail":["https:\/\/www.ferberpainting.com\/wp-content\/uploads\/2025\/05\/Epoxy-Resin-Cleaner-5L-100x100.png",100,100,true]},"uagb_author_info":{"display_name":"admin","author_link":"https:\/\/www.ferberpainting.com\/pl\/author\/"},"uagb_comment_info":11,"uagb_excerpt":"Optimal Efficiency.\u00a0This cleaner for epoxy resin is specially designed to effectively eliminate residues, stains, and impurities that can build up on epoxy resin surfaces after their application or use. It penetrates deeply to dissolve dirt, grease, embedded dust, and even limescale deposits without damaging the glossy and protective finish of the resin. Its powerful formula&hellip;","_links":{"self":[{"href":"https:\/\/www.ferberpainting.com\/pl\/wp-json\/wp\/v2\/product\/23211","targetHints":{"allow":["GET"]}}],"collection":[{"href":"https:\/\/www.ferberpainting.com\/pl\/wp-json\/wp\/v2\/product"}],"about":[{"href":"https:\/\/www.ferberpainting.com\/pl\/wp-json\/wp\/v2\/types\/product"}],"replies":[{"embeddable":true,"href":"https:\/\/www.ferberpainting.com\/pl\/wp-json\/wp\/v2\/comments?post=23211"}],"version-history":[{"count":6,"href":"https:\/\/www.ferberpainting.com\/pl\/wp-json\/wp\/v2\/product\/23211\/revisions"}],"predecessor-version":[{"id":166105,"href":"https:\/\/www.ferberpainting.com\/pl\/wp-json\/wp\/v2\/product\/23211\/revisions\/166105"}],"wp:featuredmedia":[{"embeddable":true,"href":"https:\/\/www.ferberpainting.com\/pl\/wp-json\/wp\/v2\/media\/36466"}],"wp:attachment":[{"href":"https:\/\/www.ferberpainting.com\/pl\/wp-json\/wp\/v2\/media?parent=23211"}],"wp:term":[{"taxonomy":"product_brand","embeddable":true,"href":"https:\/\/www.ferberpainting.com\/pl\/wp-json\/wp\/v2\/product_brand?post=23211"},{"taxonomy":"product_cat","embeddable":true,"href":"https:\/\/www.ferberpainting.com\/pl\/wp-json\/wp\/v2\/product_cat?post=23211"},{"taxonomy":"product_tag","embeddable":true,"href":"https:\/\/www.ferberpainting.com\/pl\/wp-json\/wp\/v2\/product_tag?post=23211"}],"curies":[{"name":"wp","href":"https:\/\/api.w.org\/{rel}","templated":true}]}}