{"id":23194,"date":"2025-05-26T10:23:15","date_gmt":"2025-05-26T08:23:15","guid":{"rendered":"https:\/\/www.ferberpainting.com\/products\/dappled-willow-fertilizer\/"},"modified":"2026-02-15T13:47:24","modified_gmt":"2026-02-15T12:47:24","slug":"dappled-willow-fertilizer","status":"publish","type":"product","link":"https:\/\/www.ferberpainting.com\/pl\/products\/dappled-willow-fertilizer\/","title":{"rendered":"Naw\u00f3z do wierzby pstrej 25 kg"},"content":{"rendered":"<p><img decoding=\"async\" style=\"margin-right: 12px;\" src=\"https:\/\/www.ferberpainting.com\/wp-content\/uploads\/2026\/02\/Check.svg\" alt=\"\" width=\"18\" height=\"15\" \/><strong>Kompletny naw\u00f3z zapewniaj\u0105cy \u017cywe li\u015bcie i optymalny wzrost.<\/strong>\u00a0Ten naw\u00f3z, specjalnie zaprojektowany dla wierzby flamingo (Salix integra \u2018Hakuro Nishiki\u2019), zapewnia drzewu wszystkie niezb\u0119dne sk\u0142adniki od\u017cywcze, aby promowa\u0107 g\u0119ste, kolorowe li\u015bcie, zdrowy wzrost i lepsz\u0105 odporno\u015b\u0107 na stres zewn\u0119trzny. Dzi\u0119ki zr\u00f3wnowa\u017conej zawarto\u015bci azotu, fosforu i potasu (NPK 10-10-10) stymuluje rozw\u00f3j m\u0142odych p\u0119d\u00f3w, wzmacnia struktur\u0119 korzeni i zwi\u0119ksza og\u00f3ln\u0105 witalno\u015b\u0107 ro\u015bliny.<\/p>\n<p><img decoding=\"async\" style=\"margin-right: 12px;\" src=\"https:\/\/www.ferberpainting.com\/wp-content\/uploads\/2026\/02\/Check.svg\" alt=\"\" width=\"18\" height=\"15\" \/><strong>Gwarancja zwrotu pieni\u0119dzy.<\/strong>\u00a0Jeste\u015bmy przekonani o skuteczno\u015bci naszego nawozu, dlatego oferujemy gwarancj\u0119 zwrotu pieni\u0119dzy. Je\u015bli po zastosowaniu zgodnie z instrukcjami nie zauwa\u017cysz poprawy wzrostu lub wigoru swojej wierzby flamingo, obiecujemy pe\u0142ny zwrot pieni\u0119dzy.<\/p>\n<p><img decoding=\"async\" style=\"margin-right: 12px;\" src=\"https:\/\/www.ferberpainting.com\/wp-content\/uploads\/2026\/02\/Check.svg\" alt=\"\" width=\"18\" height=\"15\" \/><strong>Nadaje si\u0119 do wszystkich rodzaj\u00f3w gleby i warunk\u00f3w uprawy.<\/strong>\u00a0Niezale\u017cnie od tego, czy wierzba flamingo jest sadzona w ziemi, w doniczkach czy w donicach tarasowych, naw\u00f3z ten doskonale dostosowuje si\u0119 do jej \u015brodowiska wzrostu. Dzia\u0142a na wszystkich rodzajach gleb, w tym gliniastych, ilastych i piaszczystych, i poprawia wch\u0142anianie sk\u0142adnik\u00f3w od\u017cywczych, zapewniaj\u0105c zr\u00f3wnowa\u017cony i r\u00f3wnomierny wzrost.<\/p>\n<p><img decoding=\"async\" style=\"margin-right: 12px;\" src=\"https:\/\/www.ferberpainting.com\/wp-content\/uploads\/2026\/02\/Check.svg\" alt=\"\" width=\"18\" height=\"15\" \/><strong>Doskona\u0142a efektywno\u015b\u0107 kosztowa.<\/strong>\u00a0Dzi\u0119ki ultra skoncentrowanej formule w postaci sta\u0142ej naw\u00f3z ten gwarantuje powolne uwalnianie sk\u0142adnik\u00f3w od\u017cywczych, zapewniaj\u0105c d\u0142ugotrwa\u0142e od\u017cywianie bez wymywania. W worku o wadze 25 kg mo\u017cna zasili\u0107 do 125 drzew, dzi\u0119ki czemu jest to op\u0142acalne i zr\u00f3wnowa\u017cone rozwi\u0105zanie do piel\u0119gnacji ogrodu przez ca\u0142y rok.<\/p>\n<p><img decoding=\"async\" style=\"margin-right: 12px;\" src=\"https:\/\/www.ferberpainting.com\/wp-content\/uploads\/2026\/02\/Check.svg\" alt=\"\" width=\"18\" height=\"15\" \/><strong>Bezpieczny naw\u00f3z dla ogrodu i \u015brodowiska.<\/strong>\u00a0Naw\u00f3z ten, opracowany bez u\u017cycia agresywnych sk\u0142adnik\u00f3w chemicznych, szanuje naturaln\u0105 r\u00f3wnowag\u0119 gleby i lokaln\u0105 bior\u00f3\u017cnorodno\u015b\u0107. Nie pali korzeni, nie zanieczyszcza w\u00f3d gruntowych i pomaga utrzyma\u0107 \u017cyzn\u0105, \u017cyw\u0105 gleb\u0119. Idealny do ekologicznego ogrodnictwa, odpowiedni zar\u00f3wno dla amator\u00f3w, jak i profesjonalist\u00f3w.<\/p>\n<p><img decoding=\"async\" style=\"margin-right: 12px;\" src=\"https:\/\/www.ferberpainting.com\/wp-content\/uploads\/2026\/02\/Check.svg\" alt=\"\" width=\"18\" height=\"15\" \/><strong>Prosty i szybki w u\u017cyciu.<\/strong>\u00a0W przeciwie\u0144stwie do p\u0142ynnych nawoz\u00f3w, kt\u00f3re wymagaj\u0105 precyzyjnego przygotowania i dozowania, ten sta\u0142y naw\u00f3z jest stosowany bezpo\u015brednio u podstawy wierzby flamingo, bez potrzeby rozcie\u0144czania lub specjalnego sprz\u0119tu. Wystarczy rozsypa\u0107 zalecan\u0105 dawk\u0119 wok\u00f3\u0142 ro\u015bliny i lekko wmiesza\u0107 j\u0105 w gleb\u0119, aby mog\u0142a zacz\u0105\u0107 powoli uwalnia\u0107 sk\u0142adniki od\u017cywcze.<\/p>\n<p><img decoding=\"async\" style=\"margin-right: 12px;\" src=\"https:\/\/www.ferberpainting.com\/wp-content\/uploads\/2026\/02\/Check.svg\" alt=\"\" width=\"18\" height=\"15\" \/><strong>Rozszerzone dzia\u0142anie dla ci\u0105g\u0142ego wzrostu.<\/strong>\u00a0Dzi\u0119ki spowolnionemu uwalnianiu naw\u00f3z ten zapewnia jednorodne od\u017cywianie wierzby flamingo przez kilka tygodni. Pomaga zapobiega\u0107 niedoborom, zmniejsza zapotrzebowanie na podlewanie i zapewnia harmonijny wzrost przez ca\u0142y rok.<\/p>\n<p><img decoding=\"async\" style=\"margin-right: 12px;\" src=\"https:\/\/www.ferberpainting.com\/wp-content\/uploads\/2026\/02\/Check.svg\" alt=\"\" width=\"18\" height=\"15\" \/><strong>Widoczne rezultaty ju\u017c po kilku tygodniach.<\/strong>\u00a0Ju\u017c od pierwszych aplikacji mo\u017cna zauwa\u017cy\u0107 pog\u0142\u0119bienie r\u00f3\u017cowych i bia\u0142ych odcieni li\u015bci, lepsze rozmieszczenie nowych p\u0119d\u00f3w i zwi\u0119kszony rozw\u00f3j ga\u0142\u0119zi bocznych. Twoja wierzba flamingo b\u0119dzie wygl\u0105da\u0107 na bardziej \u017cywotn\u0105, pe\u0142niejsz\u0105 i \u017cywsz\u0105.<\/p>\n<h2><strong>Protok\u00f3\u0142 u\u017cytkowania<\/strong><\/h2>\n<p><strong>Zalecane dawkowanie <\/strong>:<\/p>\n<ul>\n<li>Dla m\u0142odych wierzb flamingo (poni\u017cej 2 lat): 100 g nawozu rozsypa\u0107 wok\u00f3\u0142 pnia, stosowa\u0107 ponownie co dwa miesi\u0105ce w sezonie wegetacyjnym.<\/li>\n<li>Dla doros\u0142ych wierzb flamingo: 200 g nawozu wok\u00f3\u0142 podstawy, trzy razy w roku (wiosn\u0105, latem i jesieni\u0105).<\/li>\n<\/ul>\n<p><strong>Metoda aplikacji <\/strong>:<\/p>\n<ul>\n<li>Rozsyp naw\u00f3z r\u00f3wnomiernie u podstawy wierzby flamingo, unikaj\u0105c bezpo\u015bredniego kontaktu z pniem.<\/li>\n<li>Lekko uprawiaj gleb\u0119, aby wprowadzi\u0107 naw\u00f3z i u\u0142atwi\u0107 jego wch\u0142anianie.<\/li>\n<li>Po zastosowaniu obficie podla\u0107 wod\u0105, aby aktywowa\u0107 dyfuzj\u0119 sk\u0142adnik\u00f3w od\u017cywczych.<\/li>\n<\/ul>\n<p><strong>\u015arodki ostro\u017cno\u015bci dotycz\u0105ce u\u017cytkowania <\/strong>:<\/p>\n<ul>\n<li>Nie nale\u017cy przedawkowywa\u0107, aby unikn\u0105\u0107 zbyt szybkiego wzrostu.<\/li>\n<li>Naw\u00f3z nale\u017cy przechowywa\u0107 w ch\u0142odnym, suchym miejscu, z dala od wilgoci.<\/li>\n<li>Nie stosowa\u0107 na ro\u015blinach nara\u017conych na stres wodny lub w okresie spoczynku zimowego.<\/li>\n<\/ul>\n<p>Dzi\u0119ki temu nawozowi do wierzby flamingo zapewnisz swojemu drzewu szybki wzrost, bujne li\u015bcie i zdrowe kwitnienie przez ca\u0142y rok. Jego zr\u00f3wnowa\u017cony sk\u0142ad, udowodniona skuteczno\u015b\u0107 i \u0142atwo\u015b\u0107 stosowania sprawiaj\u0105, \u017ce jest on niezb\u0119dnym sprzymierze\u0144cem wszystkich ogrodnik\u00f3w, kt\u00f3rzy dbaj\u0105 o pi\u0119kno i dobre samopoczucie swoich ro\u015blin.<\/p>","protected":false},"excerpt":{"rendered":"<p>A complete fertilizer for vibrant foliage and optimal growth.\u00a0This fertilizer, specially designed for flamingo willow (Salix integra \u2018Hakuro Nishiki\u2019), provides your tree with all the essential nutrients to promote dense, colorful foliage, healthy growth, and better resistance to external stress. Thanks to its balanced content of nitrogen, phosphorus and potassium (NPK 10-10-10), it stimulates young [&hellip;]<\/p>\n","protected":false},"featured_media":25752,"comment_status":"open","ping_status":"closed","template":"","meta":{"_uag_custom_page_level_css":"","site-sidebar-layout":"default","site-content-layout":"","ast-site-content-layout":"default","site-content-style":"default","site-sidebar-style":"default","ast-global-header-display":"","ast-banner-title-visibility":"","ast-main-header-display":"","ast-hfb-above-header-display":"","ast-hfb-below-header-display":"","ast-hfb-mobile-header-display":"","site-post-title":"","ast-breadcrumbs-content":"","ast-featured-img":"","footer-sml-layout":"","ast-disable-related-posts":"","theme-transparent-header-meta":"default","adv-header-id-meta":"","stick-header-meta":"","header-above-stick-meta":"","header-main-stick-meta":"","header-below-stick-meta":"","astra-migrate-meta-layouts":"set","ast-page-background-enabled":"default","ast-page-background-meta":{"desktop":{"background-color":"var(--ast-global-color-4)","background-image":"","background-repeat":"repeat","background-position":"center center","background-size":"auto","background-attachment":"scroll","background-type":"","background-media":"","overlay-type":"","overlay-color":"","overlay-opacity":"","overlay-gradient":""},"tablet":{"background-color":"","background-image":"","background-repeat":"repeat","background-position":"center center","background-size":"auto","background-attachment":"scroll","background-type":"","background-media":"","overlay-type":"","overlay-color":"","overlay-opacity":"","overlay-gradient":""},"mobile":{"background-color":"","background-image":"","background-repeat":"repeat","background-position":"center center","background-size":"auto","background-attachment":"scroll","background-type":"","background-media":"","overlay-type":"","overlay-color":"","overlay-opacity":"","overlay-gradient":""}},"ast-content-background-meta":{"desktop":{"background-color":"var(--ast-global-color-5)","background-image":"","background-repeat":"repeat","background-position":"center center","background-size":"auto","background-attachment":"scroll","background-type":"","background-media":"","overlay-type":"","overlay-color":"","overlay-opacity":"","overlay-gradient":""},"tablet":{"background-color":"var(--ast-global-color-5)","background-image":"","background-repeat":"repeat","background-position":"center center","background-size":"auto","background-attachment":"scroll","background-type":"","background-media":"","overlay-type":"","overlay-color":"","overlay-opacity":"","overlay-gradient":""},"mobile":{"background-color":"var(--ast-global-color-5)","background-image":"","background-repeat":"repeat","background-position":"center center","background-size":"auto","background-attachment":"scroll","background-type":"","background-media":"","overlay-type":"","overlay-color":"","overlay-opacity":"","overlay-gradient":""}}},"product_brand":[],"product_cat":[178],"product_tag":[],"class_list":{"0":"post-23194","1":"product","2":"type-product","3":"status-publish","4":"has-post-thumbnail","6":"product_cat-fertilizers","7":"desktop-align-left","8":"tablet-align-left","9":"mobile-align-left","11":"first","12":"instock","13":"taxable","14":"shipping-taxable","15":"purchasable","16":"product-type-simple"},"spectra_custom_meta":{"_visibility":["visible"],"_shopify_product_id":["9072671654133"],"_s2w_shopify_domain":["ferberpainting.myshopify.com"],"_shopify_variant_id":["46522178830581"],"_sku":["FPDAPPLEDWILLOWFERTILIZER25KG"],"_regular_price":["39.90"],"_price":["39.90"],"_sale_price":[""],"_weight":["18.7"],"_thumbnail_id":["25752"],"_global_unique_id":["5056773817883"],"total_sales":["0"],"_tax_status":["taxable"],"_tax_class":[""],"_manage_stock":["no"],"_backorders":["no"],"_sold_individually":["no"],"_virtual":["no"],"_downloadable":["no"],"_download_limit":["-1"],"_download_expiry":["-1"],"_stock":[null],"_stock_status":["instock"],"_wc_average_rating":["5.00"],"_wc_review_count":["17"],"_product_version":["10.5.1"],"_wc_rating_count":["a:1:{i:5;i:17;}"],"_edit_lock":["1771159504:1"],"merchant-center-availability":["yes"],"merchant-center-category":["113"],"_edit_last":["1"],"_wp_page_template":["default"],"site-sidebar-layout":["default"],"ast-site-content-layout":["default"],"site-content-style":["default"],"site-sidebar-style":["default"],"theme-transparent-header-meta":["default"],"astra-migrate-meta-layouts":["set"],"_uag_css_file_name":["uag-css-23194.css"],"_elementor_page_assets":["a:0:{}"],"_uag_page_assets":["a:9:{s:3:\"css\";s:7133:\".uag-blocks-common-selector{z-index:var(--z-index-desktop) !important}@media(max-width: 976px){.uag-blocks-common-selector{z-index:var(--z-index-tablet) !important}}@media(max-width: 767px){.uag-blocks-common-selector{z-index:var(--z-index-mobile) !important}}.wp-block-uagb-image{display:flex}.wp-block-uagb-image__figure{position:relative;display:flex;flex-direction:column;max-width:100%;height:auto;margin:0}.wp-block-uagb-image__figure img{height:auto;display:flex;max-width:100%;transition:box-shadow .2s ease}.wp-block-uagb-image__figure>a{display:inline-block}.wp-block-uagb-image__figure figcaption{text-align:center;margin-top:.5em;margin-bottom:1em}.wp-block-uagb-image .components-placeholder.block-editor-media-placeholder .components-placeholder__instructions{align-self:center}.wp-block-uagb-image--align-left{text-align:left}.wp-block-uagb-image--align-right{text-align:right}.wp-block-uagb-image--align-center{text-align:center}.wp-block-uagb-image--align-full .wp-block-uagb-image__figure{margin-left:calc(50% - 50vw);margin-right:calc(50% - 50vw);max-width:100vw;width:100vw;height:auto}.wp-block-uagb-image--align-full .wp-block-uagb-image__figure img{height:auto;width:100% !important}.wp-block-uagb-image--align-wide .wp-block-uagb-image__figure img{height:auto;width:100%}.wp-block-uagb-image--layout-overlay__color-wrapper{position:absolute;left:0;top:0;right:0;bottom:0;opacity:.2;background:rgba(0,0,0,.5);transition:opacity .35s ease-in-out}.wp-block-uagb-image--layout-overlay-link{position:absolute;left:0;right:0;bottom:0;top:0}.wp-block-uagb-image--layout-overlay .wp-block-uagb-image__figure:hover .wp-block-uagb-image--layout-overlay__color-wrapper{opacity:1}.wp-block-uagb-image--layout-overlay__inner{position:absolute;left:15px;right:15px;bottom:15px;top:15px;display:flex;align-items:center;justify-content:center;flex-direction:column;border-color:#fff;transition:.35s ease-in-out}.wp-block-uagb-image--layout-overlay__inner.top-left,.wp-block-uagb-image--layout-overlay__inner.top-center,.wp-block-uagb-image--layout-overlay__inner.top-right{justify-content:flex-start}.wp-block-uagb-image--layout-overlay__inner.bottom-left,.wp-block-uagb-image--layout-overlay__inner.bottom-center,.wp-block-uagb-image--layout-overlay__inner.bottom-right{justify-content:flex-end}.wp-block-uagb-image--layout-overlay__inner.top-left,.wp-block-uagb-image--layout-overlay__inner.center-left,.wp-block-uagb-image--layout-overlay__inner.bottom-left{align-items:flex-start}.wp-block-uagb-image--layout-overlay__inner.top-right,.wp-block-uagb-image--layout-overlay__inner.center-right,.wp-block-uagb-image--layout-overlay__inner.bottom-right{align-items:flex-end}.wp-block-uagb-image--layout-overlay__inner .uagb-image-heading{color:#fff;transition:transform .35s,opacity .35s ease-in-out;transform:translate3d(0, 24px, 0);margin:0;line-height:1em}.wp-block-uagb-image--layout-overlay__inner .uagb-image-separator{width:30%;border-top-width:2px;border-top-color:#fff;border-top-style:solid;margin-bottom:10px;opacity:0;transition:transform .4s,opacity .4s ease-in-out;transform:translate3d(0, 30px, 0)}.wp-block-uagb-image--layout-overlay__inner .uagb-image-caption{opacity:0;overflow:visible;color:#fff;transition:transform .45s,opacity .45s ease-in-out;transform:translate3d(0, 35px, 0)}.wp-block-uagb-image--layout-overlay__inner:hover .uagb-image-heading,.wp-block-uagb-image--layout-overlay__inner:hover .uagb-image-separator,.wp-block-uagb-image--layout-overlay__inner:hover .uagb-image-caption{opacity:1;transform:translate3d(0, 0, 0)}.wp-block-uagb-image--effect-zoomin .wp-block-uagb-image__figure img,.wp-block-uagb-image--effect-zoomin .wp-block-uagb-image__figure .wp-block-uagb-image--layout-overlay__color-wrapper{transform:scale(1);transition:transform .35s ease-in-out}.wp-block-uagb-image--effect-zoomin .wp-block-uagb-image__figure:hover img,.wp-block-uagb-image--effect-zoomin .wp-block-uagb-image__figure:hover .wp-block-uagb-image--layout-overlay__color-wrapper{transform:scale(1.05)}.wp-block-uagb-image--effect-slide .wp-block-uagb-image__figure img,.wp-block-uagb-image--effect-slide .wp-block-uagb-image__figure .wp-block-uagb-image--layout-overlay__color-wrapper{width:calc(100% + 40px) !important;max-width:none !important;transform:translate3d(-40px, 0, 0);transition:transform .35s ease-in-out}.wp-block-uagb-image--effect-slide .wp-block-uagb-image__figure:hover img,.wp-block-uagb-image--effect-slide .wp-block-uagb-image__figure:hover .wp-block-uagb-image--layout-overlay__color-wrapper{transform:translate3d(0, 0, 0)}.wp-block-uagb-image--effect-grayscale img{filter:grayscale(0%);transition:.35s ease-in-out}.wp-block-uagb-image--effect-grayscale:hover img{filter:grayscale(100%)}.wp-block-uagb-image--effect-blur img{filter:blur(0);transition:.35s ease-in-out}.wp-block-uagb-image--effect-blur:hover img{filter:blur(3px)}.uagb-block-e6f939b3.wp-block-uagb-image--layout-default figure img{box-shadow: 0px 0px 0 #00000070;}.uagb-block-e6f939b3.wp-block-uagb-image .wp-block-uagb-image__figure figcaption{font-style: normal;align-self: center;}.uagb-block-e6f939b3.wp-block-uagb-image--layout-overlay figure img{box-shadow: 0px 0px 0 #00000070;}.uagb-block-e6f939b3.wp-block-uagb-image--layout-overlay .wp-block-uagb-image--layout-overlay__color-wrapper{opacity: 0.2;}.uagb-block-e6f939b3.wp-block-uagb-image--layout-overlay .wp-block-uagb-image--layout-overlay__inner{left: 15px;right: 15px;top: 15px;bottom: 15px;}.uagb-block-e6f939b3.wp-block-uagb-image--layout-overlay .wp-block-uagb-image--layout-overlay__inner .uagb-image-heading{font-style: normal;color: #fff;opacity: 1;}.uagb-block-e6f939b3.wp-block-uagb-image--layout-overlay .wp-block-uagb-image--layout-overlay__inner .uagb-image-heading a{color: #fff;}.uagb-block-e6f939b3.wp-block-uagb-image--layout-overlay .wp-block-uagb-image--layout-overlay__inner .uagb-image-caption{opacity: 0;}.uagb-block-e6f939b3.wp-block-uagb-image--layout-overlay .wp-block-uagb-image__figure:hover .wp-block-uagb-image--layout-overlay__color-wrapper{opacity: 1;}.uagb-block-e6f939b3.wp-block-uagb-image .wp-block-uagb-image--layout-overlay__inner .uagb-image-separator{width: 30%;border-top-width: 2px;border-top-color: #fff;opacity: 0;}.uagb-block-e6f939b3.wp-block-uagb-image .wp-block-uagb-image__figure img{width: px;height: auto;}.uagb-block-e6f939b3.wp-block-uagb-image .wp-block-uagb-image__figure:hover .wp-block-uagb-image--layout-overlay__inner .uagb-image-caption{opacity: 1;}.uagb-block-e6f939b3.wp-block-uagb-image .wp-block-uagb-image__figure:hover .wp-block-uagb-image--layout-overlay__inner .uagb-image-separator{opacity: 1;}.uagb-block-e6f939b3.wp-block-uagb-image--layout-default figure:hover img{box-shadow: 0px 0px 0 #00000070;}.uagb-block-e6f939b3.wp-block-uagb-image--layout-overlay figure:hover img{box-shadow: 0px 0px 0 #00000070;}@media only screen and (max-width: 976px) {.uagb-block-e6f939b3.wp-block-uagb-image .wp-block-uagb-image__figure img{width: px;height: auto;}}@media only screen and (max-width: 767px) {.uagb-block-e6f939b3.wp-block-uagb-image .wp-block-uagb-image__figure img{width: px;height: auto;}}\";s:2:\"js\";s:0:\"\";s:18:\"current_block_list\";a:13:{i:0;s:11:\"core\/search\";i:1;s:10:\"core\/group\";i:2;s:12:\"core\/heading\";i:3;s:17:\"core\/latest-posts\";i:4;s:20:\"core\/latest-comments\";i:5;s:13:\"core\/archives\";i:6;s:15:\"core\/categories\";i:7;s:14:\"core\/paragraph\";i:8;s:10:\"uagb\/image\";i:9;s:11:\"core\/spacer\";i:10;s:30:\"woocommerce\/product-categories\";i:11;s:10:\"core\/image\";i:12;s:14:\"core\/shortcode\";}s:8:\"uag_flag\";b:1;s:11:\"uag_version\";s:10:\"1777210080\";s:6:\"gfonts\";a:0:{}s:10:\"gfonts_url\";s:0:\"\";s:12:\"gfonts_files\";a:0:{}s:14:\"uag_faq_layout\";b:0;}"]},"uagb_featured_image_src":{"full":["https:\/\/www.ferberpainting.com\/wp-content\/uploads\/2025\/05\/DappledWillowFertilizer.png",2560,2560,false],"thumbnail":["https:\/\/www.ferberpainting.com\/wp-content\/uploads\/2025\/05\/DappledWillowFertilizer-150x150.png",150,150,true],"medium":["https:\/\/www.ferberpainting.com\/wp-content\/uploads\/2025\/05\/DappledWillowFertilizer-300x300.png",300,300,true],"medium_large":["https:\/\/www.ferberpainting.com\/wp-content\/uploads\/2025\/05\/DappledWillowFertilizer-768x768.png",768,768,true],"large":["https:\/\/www.ferberpainting.com\/wp-content\/uploads\/2025\/05\/DappledWillowFertilizer-1024x1024.png",1024,1024,true],"1536x1536":["https:\/\/www.ferberpainting.com\/wp-content\/uploads\/2025\/05\/DappledWillowFertilizer-1536x1536.png",1536,1536,true],"2048x2048":["https:\/\/www.ferberpainting.com\/wp-content\/uploads\/2025\/05\/DappledWillowFertilizer-2048x2048.png",2048,2048,true],"trp-custom-language-flag":["https:\/\/www.ferberpainting.com\/wp-content\/uploads\/2025\/05\/DappledWillowFertilizer-12x12.png",12,12,true],"woocommerce_thumbnail":["https:\/\/www.ferberpainting.com\/wp-content\/uploads\/2025\/05\/DappledWillowFertilizer-300x300.png",300,300,true],"woocommerce_single":["https:\/\/www.ferberpainting.com\/wp-content\/uploads\/2025\/05\/DappledWillowFertilizer-600x600.png",600,600,true],"woocommerce_gallery_thumbnail":["https:\/\/www.ferberpainting.com\/wp-content\/uploads\/2025\/05\/DappledWillowFertilizer-100x100.png",100,100,true]},"uagb_author_info":{"display_name":"admin","author_link":"https:\/\/www.ferberpainting.com\/pl\/author\/"},"uagb_comment_info":17,"uagb_excerpt":"A complete fertilizer for vibrant foliage and optimal growth.\u00a0This fertilizer, specially designed for flamingo willow (Salix integra \u2018Hakuro Nishiki\u2019), provides your tree with all the essential nutrients to promote dense, colorful foliage, healthy growth, and better resistance to external stress. Thanks to its balanced content of nitrogen, phosphorus and potassium (NPK 10-10-10), it stimulates young&hellip;","_links":{"self":[{"href":"https:\/\/www.ferberpainting.com\/pl\/wp-json\/wp\/v2\/product\/23194","targetHints":{"allow":["GET"]}}],"collection":[{"href":"https:\/\/www.ferberpainting.com\/pl\/wp-json\/wp\/v2\/product"}],"about":[{"href":"https:\/\/www.ferberpainting.com\/pl\/wp-json\/wp\/v2\/types\/product"}],"replies":[{"embeddable":true,"href":"https:\/\/www.ferberpainting.com\/pl\/wp-json\/wp\/v2\/comments?post=23194"}],"version-history":[{"count":5,"href":"https:\/\/www.ferberpainting.com\/pl\/wp-json\/wp\/v2\/product\/23194\/revisions"}],"predecessor-version":[{"id":166094,"href":"https:\/\/www.ferberpainting.com\/pl\/wp-json\/wp\/v2\/product\/23194\/revisions\/166094"}],"wp:featuredmedia":[{"embeddable":true,"href":"https:\/\/www.ferberpainting.com\/pl\/wp-json\/wp\/v2\/media\/25752"}],"wp:attachment":[{"href":"https:\/\/www.ferberpainting.com\/pl\/wp-json\/wp\/v2\/media?parent=23194"}],"wp:term":[{"taxonomy":"product_brand","embeddable":true,"href":"https:\/\/www.ferberpainting.com\/pl\/wp-json\/wp\/v2\/product_brand?post=23194"},{"taxonomy":"product_cat","embeddable":true,"href":"https:\/\/www.ferberpainting.com\/pl\/wp-json\/wp\/v2\/product_cat?post=23194"},{"taxonomy":"product_tag","embeddable":true,"href":"https:\/\/www.ferberpainting.com\/pl\/wp-json\/wp\/v2\/product_tag?post=23194"}],"curies":[{"name":"wp","href":"https:\/\/api.w.org\/{rel}","templated":true}]}}